{"id":5592,"date":"2022-02-22T02:23:26","date_gmt":"2022-02-22T02:23:26","guid":{"rendered":"https:\/\/medicinasinc.com\/es\/?post_type=product&#038;p=5592"},"modified":"2022-03-22T00:41:58","modified_gmt":"2022-03-22T00:41:58","slug":"comprar-eth-lad-polvo","status":"publish","type":"product","link":"https:\/\/medicinasinc.com\/es\/product\/comprar-eth-lad-polvo\/","title":{"rendered":"Comprar polvo ETH-LAD"},"content":{"rendered":"<p>Una fuente para obtener polvo ETH-LAD, ETH-LAD a la venta<\/p>\n<p>Fabricante de polvo ETH-LAD en China. Proveedores y mayoristas de ETH-LAD Polvo. Productos qu\u00edmicos de investigaci\u00f3n de China a la venta: polvo ETH-LAD<\/p>\n<p>Ladd, tambi\u00e9n conocido como ETH-LAD, es un tetrahidroindol c\u00edclico (tambi\u00e9n conocido como ETH-LAD o ETH-LAD).<\/p>\n<p> Miembro de la familia de la lisergamida, quinolina-9-carboxamida. ETH-LAD es un an\u00e1logo del LSD que recientemente ha estado disponible para la comunidad investigadora, lo que abre una gran cantidad de posibilidades para estudiar sus efectos. Como se detalla en el libro TiHKAL de Alexander Shulgin en la d\u00e9cada de 1970, ETH-LAD fue sintetizado por un grupo de investigaci\u00f3n japon\u00e9s en la d\u00e9cada de 1970.<\/p>\n<p>Descripci\u00f3n del producto:<\/p>\n<p>Condados de origen: China; Pa\u00edses Bajos; Lituania; Estados Unidos de Am\u00e9rica<br \/> ETH-LAD Powder es su nombre oficial.<br \/> MF: ninguno en este momento.<br \/> pureza: mayor o igual al 99,5 por ciento<br \/> Aspecto secante<br \/> Bolsa de pl\u00e1stico o papel de aluminio para embalaje<\/p>\n<p>Condiciones de pago:<\/p>\n<p>La cantidad m\u00ednima de pedido es de diez unidades. Pague con Bitcoin, Money Gram, transferencia bancaria o cualquier m\u00e9todo que desee.<\/p>\n<p>Las muestras est\u00e1n disponibles de forma gratuita.<\/p>\n<p>Las muestras de bonificaci\u00f3n gratuitas siempre se incluyen con cada pedido. Cinco art\u00edculos distintos, cada uno con un peso de dos gramos.<br \/> Un conjunto de muestra de 10 o m\u00e1s productos, con un peso de 5 a 10 gramos cada uno, cuesta $400 e incluye la entrega. Comun\u00edquese con nosotros para realizar un pedido.<\/p>\n<p>T\u00e9rminos de entrega y env\u00edo:<\/p>\n<p>Despu\u00e9s de recibir el pago, los productos se enviar\u00e1n dentro de un d\u00eda h\u00e1bil.<br \/> UPS, EMS, Se utilizar\u00e1 DHL, TNT o FEDEX para enviar los art\u00edculos. Para cada pa\u00eds, seleccionaremos el mejor servicio de mensajer\u00eda y el m\u00e9todo de env\u00edo m\u00e1s seguro para usted.<br \/> 5.-14 d\u00edas para el tiempo de entrega de EMS. De 4 a 7 d\u00edas para DHL, UPS y FedEx.<br \/> Rusia, Australia y Canad\u00e1 tienen estrictas regulaciones aduaneras con las que podemos ayudarlo.<br \/> En la mayor\u00eda de los casos, recibir\u00e1 su pedido dentro de cuatro a siete d\u00edas. Los art\u00edculos se volver\u00e1n a enviar si se pierden o no se reciben por cualquier motivo.<\/p>\n<p>Por favor, p\u00f3ngase en contacto con nosotros si necesita cualquier otra informaci\u00f3n.<\/p>\n<p>Nota:<\/p>\n<p>Nosotros tienen una gran base de clientes global y esperan trabajar con usted a largo plazo. Para m\u00e1s informaci\u00f3n, no dude en ponerse en contacto con nosotros. Haremos todo lo posible para ayudarlo. \u00a1Muchas gracias!<\/p>\n","protected":false},"excerpt":{"rendered":"<div class=\"g\">\n<div data-hveid=\"CAUQAA\" data-ved=\"2ahUKEwiXmcfFl6nzAhVLQEEAHXkQAPMQFSgAegQIBRAA\">\n<div class=\"tF2Cxc\">\n<div class=\"IsZvec\">\n<div>\n<p>Nuestros BestGlobalMeds en l\u00ednea shop ofrece una entrega r\u00e1pida en todo el mundo de polvo ETH-LAD, que se fabrica en Europa y el Reino Unido. Encuentre el mejor polvo ETH-LAD del mercado aqu\u00ed mismo.<br \/> Distribuidor de productos intermedios farmac\u00e9uticos y productos qu\u00edmicos de investigaci\u00f3n del proveedor de polvo ETH-LAD de China<br \/> Puede comprar polvo ETH-LAD en este sitio. <br \/> Proveedor europeo de polvo ETH-LAD.<br \/> Se puede comprar en l\u00ednea un an\u00e1logo del LSD llamado ETH-LAD Powder.<br \/> Al igual que el LSD, el ETH-LAD es una sustancia alucin\u00f3gena.<\/p>\n<p>Polvo ETH-LAD an\u00e1logo al LSD. La dosis activa de ETH-LAD, una droga psicod\u00e9lica con un rango de potencias entre 20 y 150 microgramos, es comparable a la del LSD.<\/p>\n<p>ETH-LAD Powder est\u00e1 disponible para su compra.<\/p>\n<p>dietilamida del \u00e1cido 6-etil-6-nor-lis\u00e9rgico IUPAC es ETH-LAD en polvo<\/p>\n<p>Los pedidos se enviar\u00e1n desde los siguientes pa\u00edses: Francia, Alemania, el Reino Unido y Suecia.<\/p>\n<\/p><\/div>\n<\/p><\/div>\n<\/p><\/div>\n<\/p><\/div>\n<\/p><\/div>\n","protected":false},"featured_media":5604,"comment_status":"open","ping_status":"closed","template":"","meta":[],"product_brand":[],"product_cat":[2014],"product_tag":[3263,3264,3280,3266,3265,3269,3270,3268,3273,3274,3275,3278,3267,3279,3277,3272,3271,3276],"class_list":{"0":"post-5592","1":"product","2":"type-product","3":"status-publish","4":"has-post-thumbnail","6":"product_cat-comprar-investigacion-quimicos","7":"product_tag-buy-eth-lad-powder","8":"product_tag-comprar-eth-lad-powder-es","9":"product_tag-donde-comprar-eth-lad-polvo","10":"product_tag-efecto-eth-lad","11":"product_tag-eth-lad-comprar","12":"product_tag-eth-lad-polvo-efecto","13":"product_tag-eth-lad-polvo-europa","14":"product_tag-eth-lad-powder","15":"product_tag-eth-lad-powder-uk","16":"product_tag-eth-lad-powder-wholesale","17":"product_tag-eth-lad-reddit","18":"product_tag-eth-lad-mayorista","19":"product_tag-eth-lad-order","20":"product_tag-order-eth-lad-powder","21":"product_tag-eth-lad-revisin","22":"product_tag-venta-al-por-menor-de-polvos-eth-lad","23":"product_tag-eth-lad-polvo-para-la-venta","24":"product_tag-eth-lad-minoristas","26":"first","27":"instock","28":"shipping-taxable","29":"purchasable","30":"product-type-variable","31":"has-default-attributes"},"yoast_head":"<!-- This site is optimized with the Yoast SEO plugin v27.3 - https:\/\/yoast.com\/product\/yoast-seo-wordpress\/ -->\n<title>Compre ETH-LAD en polvo - ETH-LAD en polvo en l\u00ednea - Best Global Meds<\/title>\n<meta name=\"description\" content=\"\u00a1Compre ETH-LAD en polvo Europa, Reino Unido en l\u00ednea en nuestra tienda en l\u00ednea Bestglobalmeds con entrega r\u00e1pida en todo el mundo! \u00a1El mejor polvo ETH-LAD para ordenar lo encontrar\u00e1s aqu\u00ed!\" \/>\n<meta name=\"robots\" content=\"index, follow, max-snippet:-1, max-image-preview:large, max-video-preview:-1\" \/>\n<link rel=\"canonical\" href=\"https:\/\/medicinasinc.com\/es\/product\/comprar-eth-lad-polvo\/\" \/>\n<meta property=\"og:locale\" content=\"es_ES\" \/>\n<meta property=\"og:type\" content=\"article\" \/>\n<meta property=\"og:title\" content=\"Compre ETH-LAD en polvo - ETH-LAD en polvo en l\u00ednea - Best Global Meds\" \/>\n<meta property=\"og:description\" content=\"\u00a1Compre ETH-LAD en polvo Europa, Reino Unido en l\u00ednea en nuestra tienda en l\u00ednea Bestglobalmeds con entrega r\u00e1pida en todo el mundo! \u00a1El mejor polvo ETH-LAD para ordenar lo encontrar\u00e1s aqu\u00ed!\" \/>\n<meta property=\"og:url\" content=\"https:\/\/medicinasinc.com\/es\/product\/comprar-eth-lad-polvo\/\" \/>\n<meta property=\"og:site_name\" content=\"Medicinas Inc\" \/>\n<meta property=\"article:modified_time\" content=\"2022-03-22T00:41:58+00:00\" \/>\n<meta property=\"og:image\" content=\"https:\/\/medicinasinc.com\/es\/wp-content\/uploads\/sites\/15\/2022\/02\/Buy-ETH-LAD-Powder.jpg\" \/>\n\t<meta property=\"og:image:width\" content=\"600\" \/>\n\t<meta property=\"og:image:height\" content=\"600\" \/>\n\t<meta property=\"og:image:type\" content=\"image\/jpeg\" \/>\n<meta name=\"twitter:card\" content=\"summary_large_image\" \/>\n<meta name=\"twitter:label1\" content=\"Tiempo de lectura\" \/>\n\t<meta name=\"twitter:data1\" content=\"2 minutos\" \/>\n<script type=\"application\/ld+json\" class=\"yoast-schema-graph\">{\"@context\":\"https:\\\/\\\/schema.org\",\"@graph\":[{\"@type\":\"WebPage\",\"@id\":\"https:\\\/\\\/medicinasinc.com\\\/es\\\/product\\\/comprar-eth-lad-polvo\\\/\",\"url\":\"https:\\\/\\\/medicinasinc.com\\\/es\\\/product\\\/comprar-eth-lad-polvo\\\/\",\"name\":\"Compre ETH-LAD en polvo - ETH-LAD en polvo en l\u00ednea - Best Global Meds\",\"isPartOf\":{\"@id\":\"https:\\\/\\\/medicinasinc.com\\\/es\\\/#website\"},\"primaryImageOfPage\":{\"@id\":\"https:\\\/\\\/medicinasinc.com\\\/es\\\/product\\\/comprar-eth-lad-polvo\\\/#primaryimage\"},\"image\":{\"@id\":\"https:\\\/\\\/medicinasinc.com\\\/es\\\/product\\\/comprar-eth-lad-polvo\\\/#primaryimage\"},\"thumbnailUrl\":\"https:\\\/\\\/medicinasinc.com\\\/es\\\/wp-content\\\/uploads\\\/sites\\\/15\\\/2022\\\/02\\\/Buy-ETH-LAD-Powder.jpg\",\"datePublished\":\"2022-02-22T02:23:26+00:00\",\"dateModified\":\"2022-03-22T00:41:58+00:00\",\"description\":\"\u00a1Compre ETH-LAD en polvo Europa, Reino Unido en l\u00ednea en nuestra tienda en l\u00ednea Bestglobalmeds con entrega r\u00e1pida en todo el mundo! \u00a1El mejor polvo ETH-LAD para ordenar lo encontrar\u00e1s aqu\u00ed!\",\"breadcrumb\":{\"@id\":\"https:\\\/\\\/medicinasinc.com\\\/es\\\/product\\\/comprar-eth-lad-polvo\\\/#breadcrumb\"},\"inLanguage\":\"es\",\"potentialAction\":[{\"@type\":\"ReadAction\",\"target\":[\"https:\\\/\\\/medicinasinc.com\\\/es\\\/product\\\/comprar-eth-lad-polvo\\\/\"]}]},{\"@type\":\"ImageObject\",\"inLanguage\":\"es\",\"@id\":\"https:\\\/\\\/medicinasinc.com\\\/es\\\/product\\\/comprar-eth-lad-polvo\\\/#primaryimage\",\"url\":\"https:\\\/\\\/medicinasinc.com\\\/es\\\/wp-content\\\/uploads\\\/sites\\\/15\\\/2022\\\/02\\\/Buy-ETH-LAD-Powder.jpg\",\"contentUrl\":\"https:\\\/\\\/medicinasinc.com\\\/es\\\/wp-content\\\/uploads\\\/sites\\\/15\\\/2022\\\/02\\\/Buy-ETH-LAD-Powder.jpg\",\"width\":600,\"height\":600},{\"@type\":\"BreadcrumbList\",\"@id\":\"https:\\\/\\\/medicinasinc.com\\\/es\\\/product\\\/comprar-eth-lad-polvo\\\/#breadcrumb\",\"itemListElement\":[{\"@type\":\"ListItem\",\"position\":1,\"name\":\"Tienda\",\"item\":\"https:\\\/\\\/medicinasinc.com\\\/es\\\/tienda\\\/\"},{\"@type\":\"ListItem\",\"position\":2,\"name\":\"Comprar polvo ETH-LAD\"}]},{\"@type\":\"WebSite\",\"@id\":\"https:\\\/\\\/medicinasinc.com\\\/es\\\/#website\",\"url\":\"https:\\\/\\\/medicinasinc.com\\\/es\\\/\",\"name\":\"Medicinas Inc\",\"description\":\"Cl\u00ednica M\u00e9dica de Salud\",\"potentialAction\":[{\"@type\":\"SearchAction\",\"target\":{\"@type\":\"EntryPoint\",\"urlTemplate\":\"https:\\\/\\\/medicinasinc.com\\\/es\\\/?s={search_term_string}\"},\"query-input\":{\"@type\":\"PropertyValueSpecification\",\"valueRequired\":true,\"valueName\":\"search_term_string\"}}],\"inLanguage\":\"es\"}]}<\/script>\n<!-- \/ Yoast SEO plugin. -->","yoast_head_json":{"title":"Compre ETH-LAD en polvo - ETH-LAD en polvo en l\u00ednea - Best Global Meds","description":"\u00a1Compre ETH-LAD en polvo Europa, Reino Unido en l\u00ednea en nuestra tienda en l\u00ednea Bestglobalmeds con entrega r\u00e1pida en todo el mundo! \u00a1El mejor polvo ETH-LAD para ordenar lo encontrar\u00e1s aqu\u00ed!","robots":{"index":"index","follow":"follow","max-snippet":"max-snippet:-1","max-image-preview":"max-image-preview:large","max-video-preview":"max-video-preview:-1"},"canonical":"https:\/\/medicinasinc.com\/es\/product\/comprar-eth-lad-polvo\/","og_locale":"es_ES","og_type":"article","og_title":"Compre ETH-LAD en polvo - ETH-LAD en polvo en l\u00ednea - Best Global Meds","og_description":"\u00a1Compre ETH-LAD en polvo Europa, Reino Unido en l\u00ednea en nuestra tienda en l\u00ednea Bestglobalmeds con entrega r\u00e1pida en todo el mundo! \u00a1El mejor polvo ETH-LAD para ordenar lo encontrar\u00e1s aqu\u00ed!","og_url":"https:\/\/medicinasinc.com\/es\/product\/comprar-eth-lad-polvo\/","og_site_name":"Medicinas Inc","article_modified_time":"2022-03-22T00:41:58+00:00","og_image":[{"width":600,"height":600,"url":"https:\/\/medicinasinc.com\/es\/wp-content\/uploads\/sites\/15\/2022\/02\/Buy-ETH-LAD-Powder.jpg","type":"image\/jpeg"}],"twitter_card":"summary_large_image","twitter_misc":{"Tiempo de lectura":"2 minutos"},"schema":{"@context":"https:\/\/schema.org","@graph":[{"@type":"WebPage","@id":"https:\/\/medicinasinc.com\/es\/product\/comprar-eth-lad-polvo\/","url":"https:\/\/medicinasinc.com\/es\/product\/comprar-eth-lad-polvo\/","name":"Compre ETH-LAD en polvo - ETH-LAD en polvo en l\u00ednea - Best Global Meds","isPartOf":{"@id":"https:\/\/medicinasinc.com\/es\/#website"},"primaryImageOfPage":{"@id":"https:\/\/medicinasinc.com\/es\/product\/comprar-eth-lad-polvo\/#primaryimage"},"image":{"@id":"https:\/\/medicinasinc.com\/es\/product\/comprar-eth-lad-polvo\/#primaryimage"},"thumbnailUrl":"https:\/\/medicinasinc.com\/es\/wp-content\/uploads\/sites\/15\/2022\/02\/Buy-ETH-LAD-Powder.jpg","datePublished":"2022-02-22T02:23:26+00:00","dateModified":"2022-03-22T00:41:58+00:00","description":"\u00a1Compre ETH-LAD en polvo Europa, Reino Unido en l\u00ednea en nuestra tienda en l\u00ednea Bestglobalmeds con entrega r\u00e1pida en todo el mundo! \u00a1El mejor polvo ETH-LAD para ordenar lo encontrar\u00e1s aqu\u00ed!","breadcrumb":{"@id":"https:\/\/medicinasinc.com\/es\/product\/comprar-eth-lad-polvo\/#breadcrumb"},"inLanguage":"es","potentialAction":[{"@type":"ReadAction","target":["https:\/\/medicinasinc.com\/es\/product\/comprar-eth-lad-polvo\/"]}]},{"@type":"ImageObject","inLanguage":"es","@id":"https:\/\/medicinasinc.com\/es\/product\/comprar-eth-lad-polvo\/#primaryimage","url":"https:\/\/medicinasinc.com\/es\/wp-content\/uploads\/sites\/15\/2022\/02\/Buy-ETH-LAD-Powder.jpg","contentUrl":"https:\/\/medicinasinc.com\/es\/wp-content\/uploads\/sites\/15\/2022\/02\/Buy-ETH-LAD-Powder.jpg","width":600,"height":600},{"@type":"BreadcrumbList","@id":"https:\/\/medicinasinc.com\/es\/product\/comprar-eth-lad-polvo\/#breadcrumb","itemListElement":[{"@type":"ListItem","position":1,"name":"Tienda","item":"https:\/\/medicinasinc.com\/es\/tienda\/"},{"@type":"ListItem","position":2,"name":"Comprar polvo ETH-LAD"}]},{"@type":"WebSite","@id":"https:\/\/medicinasinc.com\/es\/#website","url":"https:\/\/medicinasinc.com\/es\/","name":"Medicinas Inc","description":"Cl\u00ednica M\u00e9dica de Salud","potentialAction":[{"@type":"SearchAction","target":{"@type":"EntryPoint","urlTemplate":"https:\/\/medicinasinc.com\/es\/?s={search_term_string}"},"query-input":{"@type":"PropertyValueSpecification","valueRequired":true,"valueName":"search_term_string"}}],"inLanguage":"es"}]}},"_links":{"self":[{"href":"https:\/\/medicinasinc.com\/es\/wp-json\/wp\/v2\/product\/5592","targetHints":{"allow":["GET"]}}],"collection":[{"href":"https:\/\/medicinasinc.com\/es\/wp-json\/wp\/v2\/product"}],"about":[{"href":"https:\/\/medicinasinc.com\/es\/wp-json\/wp\/v2\/types\/product"}],"replies":[{"embeddable":true,"href":"https:\/\/medicinasinc.com\/es\/wp-json\/wp\/v2\/comments?post=5592"}],"wp:featuredmedia":[{"embeddable":true,"href":"https:\/\/medicinasinc.com\/es\/wp-json\/wp\/v2\/media\/5604"}],"wp:attachment":[{"href":"https:\/\/medicinasinc.com\/es\/wp-json\/wp\/v2\/media?parent=5592"}],"wp:term":[{"taxonomy":"product_brand","embeddable":true,"href":"https:\/\/medicinasinc.com\/es\/wp-json\/wp\/v2\/product_brand?post=5592"},{"taxonomy":"product_cat","embeddable":true,"href":"https:\/\/medicinasinc.com\/es\/wp-json\/wp\/v2\/product_cat?post=5592"},{"taxonomy":"product_tag","embeddable":true,"href":"https:\/\/medicinasinc.com\/es\/wp-json\/wp\/v2\/product_tag?post=5592"}],"curies":[{"name":"wp","href":"https:\/\/api.w.org\/{rel}","templated":true}]}}