{"id":5591,"date":"2022-02-22T02:21:39","date_gmt":"2022-02-22T02:21:39","guid":{"rendered":"https:\/\/medicinasinc.com\/es\/?post_type=product&#038;p=5591"},"modified":"2022-03-22T00:42:11","modified_gmt":"2022-03-22T00:42:11","slug":"comprar-mexedrone-crystal","status":"publish","type":"product","link":"https:\/\/medicinasinc.com\/es\/product\/comprar-mexedrone-crystal\/","title":{"rendered":"Comprar cristal de mexedrona"},"content":{"rendered":"<p>Compre Mexedrone MXE Crystal en Internet.<\/p>\n<p>Hay una sustancia qu\u00edmica llamada Mexedrone que se cree que es un estimulante y un posible euforizante. Se llama 3-metoxi-2-(metilamino)-1-(p-tolil)propan-1-ona. Mexedrone es un nuevo tipo de mmc.<\/p>\n<p>Cas No: La f\u00f3rmula es C12H17NO2. IUPAC es: 3-metoxi -2-(metilamino)-1-(p-tolil) propan-1-ona<\/p>\n<div class=\"ProductDescriptionContainer\">\n<p>&nbsp;<\/p>\n<\/p><\/div>\n","protected":false},"excerpt":{"rendered":"<p>Puede comprar Mexedrone Crystal en l\u00ednea en el Reino Unido y Europa. Mexedrone MXE Power, a veces conocido como MEX o 4-MMC-Ome, es un acr\u00f3nimo de Mexedrone MXE. \u00a1Haga su pedido en Best Global Meds de inmediato!<\/p>\n<p>Compre Mexedrone Crystal en l\u00ednea con Bitcoin &#8211; es seguro y protegido.<\/p>\n<p>Puede comprar productos farmac\u00e9uticos legales en l\u00ednea, as\u00ed como compuestos de investigaci\u00f3n, cristales farmac\u00e9uticos en bruto y m\u00e1s.<\/p>\n<p>\u00bfD\u00f3nde comprar Mexedrone MXE Crystal? Cristal MXE para el Mexedrone. Tambi\u00e9n conocido como MEX, 4-MMC-Ome y Mexedrone.<\/p>\n","protected":false},"featured_media":5602,"comment_status":"open","ping_status":"closed","template":"","meta":[],"product_brand":[],"product_cat":[2014],"product_tag":[3249,3250,3253,3258,3254,3259,3261,3252,3251,3256,3260,3262,3255,3257],"class_list":{"0":"post-5591","1":"product","2":"type-product","3":"status-publish","4":"has-post-thumbnail","6":"product_cat-comprar-investigacion-quimicos","7":"product_tag-comprar-mexedrone-crystal","8":"product_tag-comprar-mxe-cristal","9":"product_tag-cristal-de-mexedrona-a-la-venta","10":"product_tag-mexedrona-cristal-al-por-mayor","11":"product_tag-mexedrone-crystal-online","12":"product_tag-mxe-cristal","13":"product_tag-mxe-cristal-en-venta","14":"product_tag-mexedrone-crystal-effect","15":"product_tag-mexedrone-crystal-buy","16":"product_tag-mexedrone-crystal-reddit","17":"product_tag-mxe-crystal-comprar","18":"product_tag-mxe-crystal-order","19":"product_tag-mexedrone-crystal-order","20":"product_tag-mexedrone-crystal-minoristas","22":"first","23":"instock","24":"shipping-taxable","25":"purchasable","26":"product-type-variable","27":"has-default-attributes"},"yoast_head":"<!-- This site is optimized with the Yoast SEO plugin v27.2 - https:\/\/yoast.com\/product\/yoast-seo-wordpress\/ -->\n<title>Comprar Mexedrone MXE Crystal - Best Global Meds<\/title>\n<meta name=\"description\" content=\"Compre Mexedrone Crystal para la venta en el Reino Unido, Europa en l\u00ednea. Mexedrone MXE Power, Mexedrone, tambi\u00e9n conocido como MEX o 4-MMC-Ome. Ordene ahora en Best Global Meds\" \/>\n<meta name=\"robots\" content=\"index, follow, max-snippet:-1, max-image-preview:large, max-video-preview:-1\" \/>\n<link rel=\"canonical\" href=\"https:\/\/medicinasinc.com\/es\/product\/comprar-mexedrone-crystal\/\" \/>\n<meta property=\"og:locale\" content=\"es_ES\" \/>\n<meta property=\"og:type\" content=\"article\" \/>\n<meta property=\"og:title\" content=\"Comprar Mexedrone MXE Crystal - Best Global Meds\" \/>\n<meta property=\"og:description\" content=\"Compre Mexedrone Crystal para la venta en el Reino Unido, Europa en l\u00ednea. Mexedrone MXE Power, Mexedrone, tambi\u00e9n conocido como MEX o 4-MMC-Ome. Ordene ahora en Best Global Meds\" \/>\n<meta property=\"og:url\" content=\"https:\/\/medicinasinc.com\/es\/product\/comprar-mexedrone-crystal\/\" \/>\n<meta property=\"og:site_name\" content=\"Medicinas Inc\" \/>\n<meta property=\"article:modified_time\" content=\"2022-03-22T00:42:11+00:00\" \/>\n<meta property=\"og:image\" content=\"https:\/\/medicinasinc.com\/es\/wp-content\/uploads\/sites\/15\/2022\/02\/Buy-Mexedrone-Crystal.jpg\" \/>\n\t<meta property=\"og:image:width\" content=\"600\" \/>\n\t<meta property=\"og:image:height\" content=\"600\" \/>\n\t<meta property=\"og:image:type\" content=\"image\/jpeg\" \/>\n<meta name=\"twitter:card\" content=\"summary_large_image\" \/>\n<meta name=\"twitter:label1\" content=\"Tiempo de lectura\" \/>\n\t<meta name=\"twitter:data1\" content=\"1 minuto\" \/>\n<script type=\"application\/ld+json\" class=\"yoast-schema-graph\">{\"@context\":\"https:\/\/schema.org\",\"@graph\":[{\"@type\":\"WebPage\",\"@id\":\"https:\/\/medicinasinc.com\/es\/product\/comprar-mexedrone-crystal\/\",\"url\":\"https:\/\/medicinasinc.com\/es\/product\/comprar-mexedrone-crystal\/\",\"name\":\"Comprar Mexedrone MXE Crystal - Best Global Meds\",\"isPartOf\":{\"@id\":\"https:\/\/medicinasinc.com\/es\/#website\"},\"primaryImageOfPage\":{\"@id\":\"https:\/\/medicinasinc.com\/es\/product\/comprar-mexedrone-crystal\/#primaryimage\"},\"image\":{\"@id\":\"https:\/\/medicinasinc.com\/es\/product\/comprar-mexedrone-crystal\/#primaryimage\"},\"thumbnailUrl\":\"https:\/\/medicinasinc.com\/es\/wp-content\/uploads\/sites\/15\/2022\/02\/Buy-Mexedrone-Crystal.jpg\",\"datePublished\":\"2022-02-22T02:21:39+00:00\",\"dateModified\":\"2022-03-22T00:42:11+00:00\",\"description\":\"Compre Mexedrone Crystal para la venta en el Reino Unido, Europa en l\u00ednea. Mexedrone MXE Power, Mexedrone, tambi\u00e9n conocido como MEX o 4-MMC-Ome. Ordene ahora en Best Global Meds\",\"breadcrumb\":{\"@id\":\"https:\/\/medicinasinc.com\/es\/product\/comprar-mexedrone-crystal\/#breadcrumb\"},\"inLanguage\":\"es\",\"potentialAction\":[{\"@type\":\"ReadAction\",\"target\":[\"https:\/\/medicinasinc.com\/es\/product\/comprar-mexedrone-crystal\/\"]}]},{\"@type\":\"ImageObject\",\"inLanguage\":\"es\",\"@id\":\"https:\/\/medicinasinc.com\/es\/product\/comprar-mexedrone-crystal\/#primaryimage\",\"url\":\"https:\/\/medicinasinc.com\/es\/wp-content\/uploads\/sites\/15\/2022\/02\/Buy-Mexedrone-Crystal.jpg\",\"contentUrl\":\"https:\/\/medicinasinc.com\/es\/wp-content\/uploads\/sites\/15\/2022\/02\/Buy-Mexedrone-Crystal.jpg\",\"width\":600,\"height\":600},{\"@type\":\"BreadcrumbList\",\"@id\":\"https:\/\/medicinasinc.com\/es\/product\/comprar-mexedrone-crystal\/#breadcrumb\",\"itemListElement\":[{\"@type\":\"ListItem\",\"position\":1,\"name\":\"Tienda\",\"item\":\"https:\/\/medicinasinc.com\/es\/tienda\/\"},{\"@type\":\"ListItem\",\"position\":2,\"name\":\"Comprar cristal de mexedrona\"}]},{\"@type\":\"WebSite\",\"@id\":\"https:\/\/medicinasinc.com\/es\/#website\",\"url\":\"https:\/\/medicinasinc.com\/es\/\",\"name\":\"Medicinas Inc\",\"description\":\"Cl\u00ednica M\u00e9dica de Salud\",\"potentialAction\":[{\"@type\":\"SearchAction\",\"target\":{\"@type\":\"EntryPoint\",\"urlTemplate\":\"https:\/\/medicinasinc.com\/es\/?s={search_term_string}\"},\"query-input\":{\"@type\":\"PropertyValueSpecification\",\"valueRequired\":true,\"valueName\":\"search_term_string\"}}],\"inLanguage\":\"es\"}]}<\/script>\n<!-- \/ Yoast SEO plugin. -->","yoast_head_json":{"title":"Comprar Mexedrone MXE Crystal - Best Global Meds","description":"Compre Mexedrone Crystal para la venta en el Reino Unido, Europa en l\u00ednea. Mexedrone MXE Power, Mexedrone, tambi\u00e9n conocido como MEX o 4-MMC-Ome. Ordene ahora en Best Global Meds","robots":{"index":"index","follow":"follow","max-snippet":"max-snippet:-1","max-image-preview":"max-image-preview:large","max-video-preview":"max-video-preview:-1"},"canonical":"https:\/\/medicinasinc.com\/es\/product\/comprar-mexedrone-crystal\/","og_locale":"es_ES","og_type":"article","og_title":"Comprar Mexedrone MXE Crystal - Best Global Meds","og_description":"Compre Mexedrone Crystal para la venta en el Reino Unido, Europa en l\u00ednea. Mexedrone MXE Power, Mexedrone, tambi\u00e9n conocido como MEX o 4-MMC-Ome. Ordene ahora en Best Global Meds","og_url":"https:\/\/medicinasinc.com\/es\/product\/comprar-mexedrone-crystal\/","og_site_name":"Medicinas Inc","article_modified_time":"2022-03-22T00:42:11+00:00","og_image":[{"width":600,"height":600,"url":"https:\/\/medicinasinc.com\/es\/wp-content\/uploads\/sites\/15\/2022\/02\/Buy-Mexedrone-Crystal.jpg","type":"image\/jpeg"}],"twitter_card":"summary_large_image","twitter_misc":{"Tiempo de lectura":"1 minuto"},"schema":{"@context":"https:\/\/schema.org","@graph":[{"@type":"WebPage","@id":"https:\/\/medicinasinc.com\/es\/product\/comprar-mexedrone-crystal\/","url":"https:\/\/medicinasinc.com\/es\/product\/comprar-mexedrone-crystal\/","name":"Comprar Mexedrone MXE Crystal - Best Global Meds","isPartOf":{"@id":"https:\/\/medicinasinc.com\/es\/#website"},"primaryImageOfPage":{"@id":"https:\/\/medicinasinc.com\/es\/product\/comprar-mexedrone-crystal\/#primaryimage"},"image":{"@id":"https:\/\/medicinasinc.com\/es\/product\/comprar-mexedrone-crystal\/#primaryimage"},"thumbnailUrl":"https:\/\/medicinasinc.com\/es\/wp-content\/uploads\/sites\/15\/2022\/02\/Buy-Mexedrone-Crystal.jpg","datePublished":"2022-02-22T02:21:39+00:00","dateModified":"2022-03-22T00:42:11+00:00","description":"Compre Mexedrone Crystal para la venta en el Reino Unido, Europa en l\u00ednea. Mexedrone MXE Power, Mexedrone, tambi\u00e9n conocido como MEX o 4-MMC-Ome. Ordene ahora en Best Global Meds","breadcrumb":{"@id":"https:\/\/medicinasinc.com\/es\/product\/comprar-mexedrone-crystal\/#breadcrumb"},"inLanguage":"es","potentialAction":[{"@type":"ReadAction","target":["https:\/\/medicinasinc.com\/es\/product\/comprar-mexedrone-crystal\/"]}]},{"@type":"ImageObject","inLanguage":"es","@id":"https:\/\/medicinasinc.com\/es\/product\/comprar-mexedrone-crystal\/#primaryimage","url":"https:\/\/medicinasinc.com\/es\/wp-content\/uploads\/sites\/15\/2022\/02\/Buy-Mexedrone-Crystal.jpg","contentUrl":"https:\/\/medicinasinc.com\/es\/wp-content\/uploads\/sites\/15\/2022\/02\/Buy-Mexedrone-Crystal.jpg","width":600,"height":600},{"@type":"BreadcrumbList","@id":"https:\/\/medicinasinc.com\/es\/product\/comprar-mexedrone-crystal\/#breadcrumb","itemListElement":[{"@type":"ListItem","position":1,"name":"Tienda","item":"https:\/\/medicinasinc.com\/es\/tienda\/"},{"@type":"ListItem","position":2,"name":"Comprar cristal de mexedrona"}]},{"@type":"WebSite","@id":"https:\/\/medicinasinc.com\/es\/#website","url":"https:\/\/medicinasinc.com\/es\/","name":"Medicinas Inc","description":"Cl\u00ednica M\u00e9dica de Salud","potentialAction":[{"@type":"SearchAction","target":{"@type":"EntryPoint","urlTemplate":"https:\/\/medicinasinc.com\/es\/?s={search_term_string}"},"query-input":{"@type":"PropertyValueSpecification","valueRequired":true,"valueName":"search_term_string"}}],"inLanguage":"es"}]}},"_links":{"self":[{"href":"https:\/\/medicinasinc.com\/es\/wp-json\/wp\/v2\/product\/5591","targetHints":{"allow":["GET"]}}],"collection":[{"href":"https:\/\/medicinasinc.com\/es\/wp-json\/wp\/v2\/product"}],"about":[{"href":"https:\/\/medicinasinc.com\/es\/wp-json\/wp\/v2\/types\/product"}],"replies":[{"embeddable":true,"href":"https:\/\/medicinasinc.com\/es\/wp-json\/wp\/v2\/comments?post=5591"}],"wp:featuredmedia":[{"embeddable":true,"href":"https:\/\/medicinasinc.com\/es\/wp-json\/wp\/v2\/media\/5602"}],"wp:attachment":[{"href":"https:\/\/medicinasinc.com\/es\/wp-json\/wp\/v2\/media?parent=5591"}],"wp:term":[{"taxonomy":"product_brand","embeddable":true,"href":"https:\/\/medicinasinc.com\/es\/wp-json\/wp\/v2\/product_brand?post=5591"},{"taxonomy":"product_cat","embeddable":true,"href":"https:\/\/medicinasinc.com\/es\/wp-json\/wp\/v2\/product_cat?post=5591"},{"taxonomy":"product_tag","embeddable":true,"href":"https:\/\/medicinasinc.com\/es\/wp-json\/wp\/v2\/product_tag?post=5591"}],"curies":[{"name":"wp","href":"https:\/\/api.w.org\/{rel}","templated":true}]}}