{"id":5590,"date":"2022-02-22T02:20:06","date_gmt":"2022-02-22T02:20:06","guid":{"rendered":"https:\/\/medicinasinc.com\/es\/?post_type=product&#038;p=5590"},"modified":"2022-03-22T00:42:20","modified_gmt":"2022-03-22T00:42:20","slug":"comprar-metiopropamina-en-polvo","status":"publish","type":"product","link":"https:\/\/medicinasinc.com\/es\/product\/comprar-metiopropamina-en-polvo\/","title":{"rendered":"Comprar polvo de metiopropamina"},"content":{"rendered":"<p><strong>Compre polvo de metiopropamina MPA en Internet.<\/strong><\/p>\n<p>La metiopropamina, tambi\u00e9n conocida como MPA, Methedrene y Syndrax, es un an\u00e1logo estructural de la metanfetamina. Tiene un anillo de tiofeno como la metanfetamina. Se dice que la metiopropamina causa una leve euforia y un aumento de la conciencia, entre otras cosas. Es aproximadamente un tercio de la potencia de la dextroanfetamina.<\/p>\n<p>N\u00famero CAS: 801156-47-8<br \/> As\u00ed es como funciona la f\u00f3rmula: C8H13NS<br \/> IUPAC: 1-(Thiophen-2- yl) 2-metilaminopropano es el nombre.<br \/> Apariencia:<br \/> Pureza:<\/p>\n<div class=\"product-next-previous\">\n<div class=\"product-prev\"><\/div><\/div>\n","protected":false},"excerpt":{"rendered":"<p>En nuestra tienda en l\u00ednea Bestglobalmeds.com, puede comprar MPA Methiopropamine en polvo a la venta en el Reino Unido, Europa y en todo el mundo. Tenemos la mejor MPA Methiopropamine a la venta, \u00a1y puede compr\u00e1rnosla!<\/p>\n<p>Compre MPA Methiopropamine Powder en la web. La metiopropamina es el nombre de la droga. Lo mismo que la metanfetamina<br \/> 100 a 200 mg es la dosis recomendada.<\/p>\n<p>Compre polvo de metiopropamina puro y de alta calidad en l\u00ednea con Bitcoin: puede hacerlo.<\/p>\n<p>Compre productos legales drogas en l\u00ednea, compre productos qu\u00edmicos de investigaci\u00f3n, polvos farmac\u00e9uticos crudos y m\u00e1s en una tienda.<\/p>\n<p>La metiopropamina (MPA) es una droga sint\u00e9tica que se parece mucho a la anfetamina y sol\u00eda venderse como &#8220;legal alternativa&#8221; a la coca\u00edna El Consejo Asesor sobre el Uso Indebido de Drogas ha recomendado que el MPA se clasifique como un f\u00e1rmaco de Clase B (ACMD).<\/p>\n","protected":false},"featured_media":5600,"comment_status":"open","ping_status":"closed","template":"","meta":[],"product_brand":[],"product_cat":[2014],"product_tag":[3233,3245,3232,3248,3247,3234,3235,3243,3236,3239,3238,3244,3242,3241,3246,3240,3237],"class_list":{"0":"post-5590","1":"product","2":"type-product","3":"status-publish","4":"has-post-thumbnail","6":"product_cat-comprar-investigacion-quimicos","7":"product_tag-como-comprar-metiopropamina-online","8":"product_tag-compra-metiopropamina-online","9":"product_tag-comprar-metiopropamina-online","10":"product_tag-donde-comprar-metiopropamina-online","11":"product_tag-el-mejor-lugar-para-comprar-metiopropamina-online","12":"product_tag-methiopropamine-buy","13":"product_tag-methiopropamine-effect","14":"product_tag-metiopropamina-al-por-mayor","15":"product_tag-metiopropamina-europa-al-por-mayor","16":"product_tag-metiopropamina-reddit","17":"product_tag-orden-de-la-metiopropamina","18":"product_tag-orden-metiopropamina-online","19":"product_tag-proveedor-de-metiopropamina","20":"product_tag-metiopropamina-revisiones","21":"product_tag-supplier-of-methiopropamine","22":"product_tag-venta-al-por-menor-de-metiopropamina","23":"product_tag-venta-de-metiopropamina","25":"first","26":"instock","27":"shipping-taxable","28":"purchasable","29":"product-type-variable","30":"has-default-attributes"},"yoast_head":"<!-- This site is optimized with the Yoast SEO plugin v27.3 - https:\/\/yoast.com\/product\/yoast-seo-wordpress\/ -->\n<title>Compre polvo de metiopropamina - Compre MPA - Best Global Meds<\/title>\n<meta name=\"description\" content=\"\u00a1Compre polvo de metiopropamina MPA en el Reino Unido, Europa en nuestra tienda en l\u00ednea Bestglobalmeds.com con entrega r\u00e1pida en todo el mundo! \u00a1La mejor MPA Methiopropamine a la venta la encontrar\u00e1s aqu\u00ed!\" \/>\n<meta name=\"robots\" content=\"index, follow, max-snippet:-1, max-image-preview:large, max-video-preview:-1\" \/>\n<link rel=\"canonical\" href=\"https:\/\/medicinasinc.com\/es\/product\/comprar-metiopropamina-en-polvo\/\" \/>\n<meta property=\"og:locale\" content=\"es_ES\" \/>\n<meta property=\"og:type\" content=\"article\" \/>\n<meta property=\"og:title\" content=\"Compre polvo de metiopropamina - Compre MPA - Best Global Meds\" \/>\n<meta property=\"og:description\" content=\"\u00a1Compre polvo de metiopropamina MPA en el Reino Unido, Europa en nuestra tienda en l\u00ednea Bestglobalmeds.com con entrega r\u00e1pida en todo el mundo! \u00a1La mejor MPA Methiopropamine a la venta la encontrar\u00e1s aqu\u00ed!\" \/>\n<meta property=\"og:url\" content=\"https:\/\/medicinasinc.com\/es\/product\/comprar-metiopropamina-en-polvo\/\" \/>\n<meta property=\"og:site_name\" content=\"Medicinas Inc\" \/>\n<meta property=\"article:modified_time\" content=\"2022-03-22T00:42:20+00:00\" \/>\n<meta property=\"og:image\" content=\"https:\/\/medicinasinc.com\/es\/wp-content\/uploads\/sites\/15\/2022\/02\/Buy-Methiopropamine-powder.png\" \/>\n\t<meta property=\"og:image:width\" content=\"457\" \/>\n\t<meta property=\"og:image:height\" content=\"323\" \/>\n\t<meta property=\"og:image:type\" content=\"image\/png\" \/>\n<meta name=\"twitter:card\" content=\"summary_large_image\" \/>\n<meta name=\"twitter:label1\" content=\"Tiempo de lectura\" \/>\n\t<meta name=\"twitter:data1\" content=\"1 minuto\" \/>\n<script type=\"application\/ld+json\" class=\"yoast-schema-graph\">{\"@context\":\"https:\\\/\\\/schema.org\",\"@graph\":[{\"@type\":\"WebPage\",\"@id\":\"https:\\\/\\\/medicinasinc.com\\\/es\\\/product\\\/comprar-metiopropamina-en-polvo\\\/\",\"url\":\"https:\\\/\\\/medicinasinc.com\\\/es\\\/product\\\/comprar-metiopropamina-en-polvo\\\/\",\"name\":\"Compre polvo de metiopropamina - Compre MPA - Best Global Meds\",\"isPartOf\":{\"@id\":\"https:\\\/\\\/medicinasinc.com\\\/es\\\/#website\"},\"primaryImageOfPage\":{\"@id\":\"https:\\\/\\\/medicinasinc.com\\\/es\\\/product\\\/comprar-metiopropamina-en-polvo\\\/#primaryimage\"},\"image\":{\"@id\":\"https:\\\/\\\/medicinasinc.com\\\/es\\\/product\\\/comprar-metiopropamina-en-polvo\\\/#primaryimage\"},\"thumbnailUrl\":\"https:\\\/\\\/medicinasinc.com\\\/es\\\/wp-content\\\/uploads\\\/sites\\\/15\\\/2022\\\/02\\\/Buy-Methiopropamine-powder.png\",\"datePublished\":\"2022-02-22T02:20:06+00:00\",\"dateModified\":\"2022-03-22T00:42:20+00:00\",\"description\":\"\u00a1Compre polvo de metiopropamina MPA en el Reino Unido, Europa en nuestra tienda en l\u00ednea Bestglobalmeds.com con entrega r\u00e1pida en todo el mundo! \u00a1La mejor MPA Methiopropamine a la venta la encontrar\u00e1s aqu\u00ed!\",\"breadcrumb\":{\"@id\":\"https:\\\/\\\/medicinasinc.com\\\/es\\\/product\\\/comprar-metiopropamina-en-polvo\\\/#breadcrumb\"},\"inLanguage\":\"es\",\"potentialAction\":[{\"@type\":\"ReadAction\",\"target\":[\"https:\\\/\\\/medicinasinc.com\\\/es\\\/product\\\/comprar-metiopropamina-en-polvo\\\/\"]}]},{\"@type\":\"ImageObject\",\"inLanguage\":\"es\",\"@id\":\"https:\\\/\\\/medicinasinc.com\\\/es\\\/product\\\/comprar-metiopropamina-en-polvo\\\/#primaryimage\",\"url\":\"https:\\\/\\\/medicinasinc.com\\\/es\\\/wp-content\\\/uploads\\\/sites\\\/15\\\/2022\\\/02\\\/Buy-Methiopropamine-powder.png\",\"contentUrl\":\"https:\\\/\\\/medicinasinc.com\\\/es\\\/wp-content\\\/uploads\\\/sites\\\/15\\\/2022\\\/02\\\/Buy-Methiopropamine-powder.png\",\"width\":457,\"height\":323},{\"@type\":\"BreadcrumbList\",\"@id\":\"https:\\\/\\\/medicinasinc.com\\\/es\\\/product\\\/comprar-metiopropamina-en-polvo\\\/#breadcrumb\",\"itemListElement\":[{\"@type\":\"ListItem\",\"position\":1,\"name\":\"Tienda\",\"item\":\"https:\\\/\\\/medicinasinc.com\\\/es\\\/tienda\\\/\"},{\"@type\":\"ListItem\",\"position\":2,\"name\":\"Comprar polvo de metiopropamina\"}]},{\"@type\":\"WebSite\",\"@id\":\"https:\\\/\\\/medicinasinc.com\\\/es\\\/#website\",\"url\":\"https:\\\/\\\/medicinasinc.com\\\/es\\\/\",\"name\":\"Medicinas Inc\",\"description\":\"Cl\u00ednica M\u00e9dica de Salud\",\"potentialAction\":[{\"@type\":\"SearchAction\",\"target\":{\"@type\":\"EntryPoint\",\"urlTemplate\":\"https:\\\/\\\/medicinasinc.com\\\/es\\\/?s={search_term_string}\"},\"query-input\":{\"@type\":\"PropertyValueSpecification\",\"valueRequired\":true,\"valueName\":\"search_term_string\"}}],\"inLanguage\":\"es\"}]}<\/script>\n<!-- \/ Yoast SEO plugin. -->","yoast_head_json":{"title":"Compre polvo de metiopropamina - Compre MPA - Best Global Meds","description":"\u00a1Compre polvo de metiopropamina MPA en el Reino Unido, Europa en nuestra tienda en l\u00ednea Bestglobalmeds.com con entrega r\u00e1pida en todo el mundo! \u00a1La mejor MPA Methiopropamine a la venta la encontrar\u00e1s aqu\u00ed!","robots":{"index":"index","follow":"follow","max-snippet":"max-snippet:-1","max-image-preview":"max-image-preview:large","max-video-preview":"max-video-preview:-1"},"canonical":"https:\/\/medicinasinc.com\/es\/product\/comprar-metiopropamina-en-polvo\/","og_locale":"es_ES","og_type":"article","og_title":"Compre polvo de metiopropamina - Compre MPA - Best Global Meds","og_description":"\u00a1Compre polvo de metiopropamina MPA en el Reino Unido, Europa en nuestra tienda en l\u00ednea Bestglobalmeds.com con entrega r\u00e1pida en todo el mundo! \u00a1La mejor MPA Methiopropamine a la venta la encontrar\u00e1s aqu\u00ed!","og_url":"https:\/\/medicinasinc.com\/es\/product\/comprar-metiopropamina-en-polvo\/","og_site_name":"Medicinas Inc","article_modified_time":"2022-03-22T00:42:20+00:00","og_image":[{"width":457,"height":323,"url":"https:\/\/medicinasinc.com\/es\/wp-content\/uploads\/sites\/15\/2022\/02\/Buy-Methiopropamine-powder.png","type":"image\/png"}],"twitter_card":"summary_large_image","twitter_misc":{"Tiempo de lectura":"1 minuto"},"schema":{"@context":"https:\/\/schema.org","@graph":[{"@type":"WebPage","@id":"https:\/\/medicinasinc.com\/es\/product\/comprar-metiopropamina-en-polvo\/","url":"https:\/\/medicinasinc.com\/es\/product\/comprar-metiopropamina-en-polvo\/","name":"Compre polvo de metiopropamina - Compre MPA - Best Global Meds","isPartOf":{"@id":"https:\/\/medicinasinc.com\/es\/#website"},"primaryImageOfPage":{"@id":"https:\/\/medicinasinc.com\/es\/product\/comprar-metiopropamina-en-polvo\/#primaryimage"},"image":{"@id":"https:\/\/medicinasinc.com\/es\/product\/comprar-metiopropamina-en-polvo\/#primaryimage"},"thumbnailUrl":"https:\/\/medicinasinc.com\/es\/wp-content\/uploads\/sites\/15\/2022\/02\/Buy-Methiopropamine-powder.png","datePublished":"2022-02-22T02:20:06+00:00","dateModified":"2022-03-22T00:42:20+00:00","description":"\u00a1Compre polvo de metiopropamina MPA en el Reino Unido, Europa en nuestra tienda en l\u00ednea Bestglobalmeds.com con entrega r\u00e1pida en todo el mundo! \u00a1La mejor MPA Methiopropamine a la venta la encontrar\u00e1s aqu\u00ed!","breadcrumb":{"@id":"https:\/\/medicinasinc.com\/es\/product\/comprar-metiopropamina-en-polvo\/#breadcrumb"},"inLanguage":"es","potentialAction":[{"@type":"ReadAction","target":["https:\/\/medicinasinc.com\/es\/product\/comprar-metiopropamina-en-polvo\/"]}]},{"@type":"ImageObject","inLanguage":"es","@id":"https:\/\/medicinasinc.com\/es\/product\/comprar-metiopropamina-en-polvo\/#primaryimage","url":"https:\/\/medicinasinc.com\/es\/wp-content\/uploads\/sites\/15\/2022\/02\/Buy-Methiopropamine-powder.png","contentUrl":"https:\/\/medicinasinc.com\/es\/wp-content\/uploads\/sites\/15\/2022\/02\/Buy-Methiopropamine-powder.png","width":457,"height":323},{"@type":"BreadcrumbList","@id":"https:\/\/medicinasinc.com\/es\/product\/comprar-metiopropamina-en-polvo\/#breadcrumb","itemListElement":[{"@type":"ListItem","position":1,"name":"Tienda","item":"https:\/\/medicinasinc.com\/es\/tienda\/"},{"@type":"ListItem","position":2,"name":"Comprar polvo de metiopropamina"}]},{"@type":"WebSite","@id":"https:\/\/medicinasinc.com\/es\/#website","url":"https:\/\/medicinasinc.com\/es\/","name":"Medicinas Inc","description":"Cl\u00ednica M\u00e9dica de Salud","potentialAction":[{"@type":"SearchAction","target":{"@type":"EntryPoint","urlTemplate":"https:\/\/medicinasinc.com\/es\/?s={search_term_string}"},"query-input":{"@type":"PropertyValueSpecification","valueRequired":true,"valueName":"search_term_string"}}],"inLanguage":"es"}]}},"_links":{"self":[{"href":"https:\/\/medicinasinc.com\/es\/wp-json\/wp\/v2\/product\/5590","targetHints":{"allow":["GET"]}}],"collection":[{"href":"https:\/\/medicinasinc.com\/es\/wp-json\/wp\/v2\/product"}],"about":[{"href":"https:\/\/medicinasinc.com\/es\/wp-json\/wp\/v2\/types\/product"}],"replies":[{"embeddable":true,"href":"https:\/\/medicinasinc.com\/es\/wp-json\/wp\/v2\/comments?post=5590"}],"wp:featuredmedia":[{"embeddable":true,"href":"https:\/\/medicinasinc.com\/es\/wp-json\/wp\/v2\/media\/5600"}],"wp:attachment":[{"href":"https:\/\/medicinasinc.com\/es\/wp-json\/wp\/v2\/media?parent=5590"}],"wp:term":[{"taxonomy":"product_brand","embeddable":true,"href":"https:\/\/medicinasinc.com\/es\/wp-json\/wp\/v2\/product_brand?post=5590"},{"taxonomy":"product_cat","embeddable":true,"href":"https:\/\/medicinasinc.com\/es\/wp-json\/wp\/v2\/product_cat?post=5590"},{"taxonomy":"product_tag","embeddable":true,"href":"https:\/\/medicinasinc.com\/es\/wp-json\/wp\/v2\/product_tag?post=5590"}],"curies":[{"name":"wp","href":"https:\/\/api.w.org\/{rel}","templated":true}]}}