{"id":5589,"date":"2022-02-22T02:18:17","date_gmt":"2022-02-22T02:18:17","guid":{"rendered":"https:\/\/medicinasinc.com\/es\/?post_type=product&#038;p=5589"},"modified":"2022-03-22T00:42:29","modified_gmt":"2022-03-22T00:42:29","slug":"comprar-metizolam-2mg-pellets-online","status":"publish","type":"product","link":"https:\/\/medicinasinc.com\/es\/product\/comprar-metizolam-2mg-pellets-online\/","title":{"rendered":"Comprar metizolam 2 mg gr\u00e1nulos en l\u00ednea"},"content":{"rendered":"<p>El mejor lugar para comprar gr\u00e1nulos de metizolam de 2 mg es en l\u00ednea.<\/p>\n<p>Compre gr\u00e1nulos de metizolam de 2 mg. Abreviatura de 4-(2-clorofenil)-2-etil-6H-tieno. [3,2-f] [1,2,4] triazolo[4,3-a][1,4] Una diazepina, que tambi\u00e9n se llama etizolam, es su versi\u00f3n N-desmetilada. por lo tanto, compre gr\u00e1nulos de 2 mg de metizolam. Metizolam es un modulador alost\u00e9rico de los receptores Gaba en el laboratorio. El metizolam en polvo est\u00e1 a la venta en la web.<\/p>\n<p>Tambi\u00e9n tenemos productos qu\u00edmicos que no est\u00e1n aprobados para la investigaci\u00f3n in vivo. Compre Metizolam en gr\u00e1nulos de 2 mg, de modo que si alguien los ingiere accidentalmente, debe acudir al m\u00e9dico de inmediato. y obtener ayuda. Siga las reglas est\u00e1ndar de seguridad de laboratorio, como usar la protecci\u00f3n adecuada para la piel, los ojos y la ropa.<\/p>\n<p>Compre 2 mg de Metizolam. Los gr\u00e1nulos de metizolam se pueden comprar en una tienda.<br \/> Comprar\u00a0Metizolam\u00a02 mg Los gr\u00e1nulos de clonazolam est\u00e1n a la venta en l\u00ednea.<br \/> El polvo de pirazolam se puede comprar en l\u00ednea.<br \/> En l\u00ednea, puede comprar diclazepam para investigaci\u00f3n. <br \/> comprar etizolam en l\u00ednea<br \/> Se puede comprar fluclotizolam.<br \/> Metizolam en polvo est\u00e1 a la venta en la web.<br \/> El metizolam en polvo est\u00e1 a la venta en la web. Metizolam, tambi\u00e9n llamado Desmetiletizolam, es una tienodiazepina muy similar a Etizolam. Solo hay gr\u00e1nulos de 2 mg de Metizolam disponibles. Para los investigadores m\u00e1s avanzados que quieran hacer su propio polvo, tambi\u00e9n lo tenemos en forma de polvo puro. Metizolam, como todos nuestros otros productos, debe ser utilizado de manera segura por los investigadores. Este producto s\u00f3lo se vende a centros de investigaci\u00f3n ya instalados. El polvo de metizolam est\u00e1 a la venta en la web.<\/p>\n<p>Etizolam es el padre de Metizolam, que tambi\u00e9n se llama Desmetiletizolam.<\/p>\n<p>Se venden en forma de gr\u00e1nulos. \u00a1Solo para investigaci\u00f3n! Bestglobalmeds no quiere que las personas utilicen productos qu\u00edmicos de investigaci\u00f3n para otra cosa que no sea la investigaci\u00f3n. Solo venden Metizolam para uso en investigaci\u00f3n.<\/p>\n","protected":false},"excerpt":{"rendered":"<p>El mejor lugar para comprar Metizolam 2mg Pellets a la venta en el Reino Unido y Europa es Bestglobalmeds.com. Tenemos entrega r\u00e1pida en todo el mundo. Aqu\u00ed puede comprar los mejores gr\u00e1nulos de metizolam de 2 mg a la venta.<\/p>\n<p>Gr\u00e1nulos de 2 mg de polvo de metizolam a la venta en l\u00ednea. Los gr\u00e1nulos de clonazolam est\u00e1n en stock y se pueden enviar a cualquier parte del mundo. Hoy en d\u00eda, puede comprar gr\u00e1nulos de 0,5 mg de clonazolam en la tienda.<\/p>\n<p>Compre gr\u00e1nulos de 2 mg de metizolam en l\u00ednea ahora. Es muy barato con env\u00edo gratuito en pedidos al por mayor. La calidad de primera es un hecho.<\/p>\n<p>El metizolam, tambi\u00e9n conocido como desmetiletizolam, es un depresor sint\u00e9tico de la clase qu\u00edmica de las tienodiazepinas. Cuando se toma, se dice que tiene efectos similares a los del etizolam, como la supresi\u00f3n de la ansiedad, la desinhibici\u00f3n, la sedaci\u00f3n, la relajaci\u00f3n muscular y la supresi\u00f3n de la memoria.<\/p>\n","protected":false},"featured_media":5598,"comment_status":"open","ping_status":"closed","template":"","meta":[],"product_brand":[],"product_cat":[2014],"product_tag":[3210,3211,3214,3215,3216,3217,3219,3212,3218,3213,3220,3228,3227,3224,3221,3222,3223,3226,3229,3225,3230,3231],"class_list":{"0":"post-5589","1":"product","2":"type-product","3":"status-publish","4":"has-post-thumbnail","6":"product_cat-comprar-investigacion-quimicos","7":"product_tag-buy-diclazepam-online","8":"product_tag-buy-fluclotizolam","9":"product_tag-buy-metizolam-powder-online-australia","10":"product_tag-buy-metizolam-powder-online-canada","11":"product_tag-buy-metizolam-powder-online-uk","12":"product_tag-buy-metizolam-powder-online-usa","13":"product_tag-clonazolam-para-la-venta-online","14":"product_tag-comprar-metizolam-2mg-pellets","15":"product_tag-comprar-pirazolam-polvo-online","16":"product_tag-comprar-metizolam-polvo-online","17":"product_tag-etizolam-tienda-online","18":"product_tag-metizolam-2mg-pellets-mayorista","19":"product_tag-metizolam-2mg-pellets-minorista","20":"product_tag-metizolam-2mg-pellets-para-la-venta","21":"product_tag-metizolam-2mg-pellets-comprar","22":"product_tag-metizolam-2mg-pellets-efecto","23":"product_tag-metizolam-2mg-pellets-europa","24":"product_tag-metizolam-2mg-pellets-reddit","25":"product_tag-metizolam-comprar","26":"product_tag-pedir-grnulos-de-metizolam-2-mg","27":"product_tag-metizolam-polvo-para-la-venta-online","28":"product_tag-investigacin-qumicos-para-la-venta","30":"first","31":"instock","32":"shipping-taxable","33":"purchasable","34":"product-type-variable"},"yoast_head":"<!-- This site is optimized with the Yoast SEO plugin v27.3 - https:\/\/yoast.com\/product\/yoast-seo-wordpress\/ -->\n<title>Comprar Metizolam 2mg Pellets en l\u00ednea - Best Global Meds<\/title>\n<meta name=\"description\" content=\"\u00a1Buscando comprar Metizolam 2mg Pellets para la venta en el Reino Unido, Europa en nuestra tienda Bestglobalmeds con env\u00edo r\u00e1pido a todo el mundo! \u00a1Los mejores Metizolam 2mg Pellets para ordenar los encontrar\u00e1 aqu\u00ed!\" \/>\n<meta name=\"robots\" content=\"index, follow, max-snippet:-1, max-image-preview:large, max-video-preview:-1\" \/>\n<link rel=\"canonical\" href=\"https:\/\/medicinasinc.com\/es\/product\/comprar-metizolam-2mg-pellets-online\/\" \/>\n<meta property=\"og:locale\" content=\"es_ES\" \/>\n<meta property=\"og:type\" content=\"article\" \/>\n<meta property=\"og:title\" content=\"Comprar Metizolam 2mg Pellets en l\u00ednea - Best Global Meds\" \/>\n<meta property=\"og:description\" content=\"\u00a1Buscando comprar Metizolam 2mg Pellets para la venta en el Reino Unido, Europa en nuestra tienda Bestglobalmeds con env\u00edo r\u00e1pido a todo el mundo! \u00a1Los mejores Metizolam 2mg Pellets para ordenar los encontrar\u00e1 aqu\u00ed!\" \/>\n<meta property=\"og:url\" content=\"https:\/\/medicinasinc.com\/es\/product\/comprar-metizolam-2mg-pellets-online\/\" \/>\n<meta property=\"og:site_name\" content=\"Medicinas Inc\" \/>\n<meta property=\"article:modified_time\" content=\"2022-03-22T00:42:29+00:00\" \/>\n<meta property=\"og:image\" content=\"https:\/\/medicinasinc.com\/es\/wp-content\/uploads\/sites\/15\/2022\/02\/Buy-Metizolam-2mg-Pellets.jpg\" \/>\n\t<meta property=\"og:image:width\" content=\"600\" \/>\n\t<meta property=\"og:image:height\" content=\"600\" \/>\n\t<meta property=\"og:image:type\" content=\"image\/jpeg\" \/>\n<meta name=\"twitter:card\" content=\"summary_large_image\" \/>\n<meta name=\"twitter:label1\" content=\"Tiempo de lectura\" \/>\n\t<meta name=\"twitter:data1\" content=\"2 minutos\" \/>\n<script type=\"application\/ld+json\" class=\"yoast-schema-graph\">{\"@context\":\"https:\\\/\\\/schema.org\",\"@graph\":[{\"@type\":\"WebPage\",\"@id\":\"https:\\\/\\\/medicinasinc.com\\\/es\\\/product\\\/comprar-metizolam-2mg-pellets-online\\\/\",\"url\":\"https:\\\/\\\/medicinasinc.com\\\/es\\\/product\\\/comprar-metizolam-2mg-pellets-online\\\/\",\"name\":\"Comprar Metizolam 2mg Pellets en l\u00ednea - Best Global Meds\",\"isPartOf\":{\"@id\":\"https:\\\/\\\/medicinasinc.com\\\/es\\\/#website\"},\"primaryImageOfPage\":{\"@id\":\"https:\\\/\\\/medicinasinc.com\\\/es\\\/product\\\/comprar-metizolam-2mg-pellets-online\\\/#primaryimage\"},\"image\":{\"@id\":\"https:\\\/\\\/medicinasinc.com\\\/es\\\/product\\\/comprar-metizolam-2mg-pellets-online\\\/#primaryimage\"},\"thumbnailUrl\":\"https:\\\/\\\/medicinasinc.com\\\/es\\\/wp-content\\\/uploads\\\/sites\\\/15\\\/2022\\\/02\\\/Buy-Metizolam-2mg-Pellets.jpg\",\"datePublished\":\"2022-02-22T02:18:17+00:00\",\"dateModified\":\"2022-03-22T00:42:29+00:00\",\"description\":\"\u00a1Buscando comprar Metizolam 2mg Pellets para la venta en el Reino Unido, Europa en nuestra tienda Bestglobalmeds con env\u00edo r\u00e1pido a todo el mundo! \u00a1Los mejores Metizolam 2mg Pellets para ordenar los encontrar\u00e1 aqu\u00ed!\",\"breadcrumb\":{\"@id\":\"https:\\\/\\\/medicinasinc.com\\\/es\\\/product\\\/comprar-metizolam-2mg-pellets-online\\\/#breadcrumb\"},\"inLanguage\":\"es\",\"potentialAction\":[{\"@type\":\"ReadAction\",\"target\":[\"https:\\\/\\\/medicinasinc.com\\\/es\\\/product\\\/comprar-metizolam-2mg-pellets-online\\\/\"]}]},{\"@type\":\"ImageObject\",\"inLanguage\":\"es\",\"@id\":\"https:\\\/\\\/medicinasinc.com\\\/es\\\/product\\\/comprar-metizolam-2mg-pellets-online\\\/#primaryimage\",\"url\":\"https:\\\/\\\/medicinasinc.com\\\/es\\\/wp-content\\\/uploads\\\/sites\\\/15\\\/2022\\\/02\\\/Buy-Metizolam-2mg-Pellets.jpg\",\"contentUrl\":\"https:\\\/\\\/medicinasinc.com\\\/es\\\/wp-content\\\/uploads\\\/sites\\\/15\\\/2022\\\/02\\\/Buy-Metizolam-2mg-Pellets.jpg\",\"width\":600,\"height\":600},{\"@type\":\"BreadcrumbList\",\"@id\":\"https:\\\/\\\/medicinasinc.com\\\/es\\\/product\\\/comprar-metizolam-2mg-pellets-online\\\/#breadcrumb\",\"itemListElement\":[{\"@type\":\"ListItem\",\"position\":1,\"name\":\"Tienda\",\"item\":\"https:\\\/\\\/medicinasinc.com\\\/es\\\/tienda\\\/\"},{\"@type\":\"ListItem\",\"position\":2,\"name\":\"Comprar metizolam 2 mg gr\u00e1nulos en l\u00ednea\"}]},{\"@type\":\"WebSite\",\"@id\":\"https:\\\/\\\/medicinasinc.com\\\/es\\\/#website\",\"url\":\"https:\\\/\\\/medicinasinc.com\\\/es\\\/\",\"name\":\"Medicinas Inc\",\"description\":\"Cl\u00ednica M\u00e9dica de Salud\",\"potentialAction\":[{\"@type\":\"SearchAction\",\"target\":{\"@type\":\"EntryPoint\",\"urlTemplate\":\"https:\\\/\\\/medicinasinc.com\\\/es\\\/?s={search_term_string}\"},\"query-input\":{\"@type\":\"PropertyValueSpecification\",\"valueRequired\":true,\"valueName\":\"search_term_string\"}}],\"inLanguage\":\"es\"}]}<\/script>\n<!-- \/ Yoast SEO plugin. -->","yoast_head_json":{"title":"Comprar Metizolam 2mg Pellets en l\u00ednea - Best Global Meds","description":"\u00a1Buscando comprar Metizolam 2mg Pellets para la venta en el Reino Unido, Europa en nuestra tienda Bestglobalmeds con env\u00edo r\u00e1pido a todo el mundo! \u00a1Los mejores Metizolam 2mg Pellets para ordenar los encontrar\u00e1 aqu\u00ed!","robots":{"index":"index","follow":"follow","max-snippet":"max-snippet:-1","max-image-preview":"max-image-preview:large","max-video-preview":"max-video-preview:-1"},"canonical":"https:\/\/medicinasinc.com\/es\/product\/comprar-metizolam-2mg-pellets-online\/","og_locale":"es_ES","og_type":"article","og_title":"Comprar Metizolam 2mg Pellets en l\u00ednea - Best Global Meds","og_description":"\u00a1Buscando comprar Metizolam 2mg Pellets para la venta en el Reino Unido, Europa en nuestra tienda Bestglobalmeds con env\u00edo r\u00e1pido a todo el mundo! \u00a1Los mejores Metizolam 2mg Pellets para ordenar los encontrar\u00e1 aqu\u00ed!","og_url":"https:\/\/medicinasinc.com\/es\/product\/comprar-metizolam-2mg-pellets-online\/","og_site_name":"Medicinas Inc","article_modified_time":"2022-03-22T00:42:29+00:00","og_image":[{"width":600,"height":600,"url":"https:\/\/medicinasinc.com\/es\/wp-content\/uploads\/sites\/15\/2022\/02\/Buy-Metizolam-2mg-Pellets.jpg","type":"image\/jpeg"}],"twitter_card":"summary_large_image","twitter_misc":{"Tiempo de lectura":"2 minutos"},"schema":{"@context":"https:\/\/schema.org","@graph":[{"@type":"WebPage","@id":"https:\/\/medicinasinc.com\/es\/product\/comprar-metizolam-2mg-pellets-online\/","url":"https:\/\/medicinasinc.com\/es\/product\/comprar-metizolam-2mg-pellets-online\/","name":"Comprar Metizolam 2mg Pellets en l\u00ednea - Best Global Meds","isPartOf":{"@id":"https:\/\/medicinasinc.com\/es\/#website"},"primaryImageOfPage":{"@id":"https:\/\/medicinasinc.com\/es\/product\/comprar-metizolam-2mg-pellets-online\/#primaryimage"},"image":{"@id":"https:\/\/medicinasinc.com\/es\/product\/comprar-metizolam-2mg-pellets-online\/#primaryimage"},"thumbnailUrl":"https:\/\/medicinasinc.com\/es\/wp-content\/uploads\/sites\/15\/2022\/02\/Buy-Metizolam-2mg-Pellets.jpg","datePublished":"2022-02-22T02:18:17+00:00","dateModified":"2022-03-22T00:42:29+00:00","description":"\u00a1Buscando comprar Metizolam 2mg Pellets para la venta en el Reino Unido, Europa en nuestra tienda Bestglobalmeds con env\u00edo r\u00e1pido a todo el mundo! \u00a1Los mejores Metizolam 2mg Pellets para ordenar los encontrar\u00e1 aqu\u00ed!","breadcrumb":{"@id":"https:\/\/medicinasinc.com\/es\/product\/comprar-metizolam-2mg-pellets-online\/#breadcrumb"},"inLanguage":"es","potentialAction":[{"@type":"ReadAction","target":["https:\/\/medicinasinc.com\/es\/product\/comprar-metizolam-2mg-pellets-online\/"]}]},{"@type":"ImageObject","inLanguage":"es","@id":"https:\/\/medicinasinc.com\/es\/product\/comprar-metizolam-2mg-pellets-online\/#primaryimage","url":"https:\/\/medicinasinc.com\/es\/wp-content\/uploads\/sites\/15\/2022\/02\/Buy-Metizolam-2mg-Pellets.jpg","contentUrl":"https:\/\/medicinasinc.com\/es\/wp-content\/uploads\/sites\/15\/2022\/02\/Buy-Metizolam-2mg-Pellets.jpg","width":600,"height":600},{"@type":"BreadcrumbList","@id":"https:\/\/medicinasinc.com\/es\/product\/comprar-metizolam-2mg-pellets-online\/#breadcrumb","itemListElement":[{"@type":"ListItem","position":1,"name":"Tienda","item":"https:\/\/medicinasinc.com\/es\/tienda\/"},{"@type":"ListItem","position":2,"name":"Comprar metizolam 2 mg gr\u00e1nulos en l\u00ednea"}]},{"@type":"WebSite","@id":"https:\/\/medicinasinc.com\/es\/#website","url":"https:\/\/medicinasinc.com\/es\/","name":"Medicinas Inc","description":"Cl\u00ednica M\u00e9dica de Salud","potentialAction":[{"@type":"SearchAction","target":{"@type":"EntryPoint","urlTemplate":"https:\/\/medicinasinc.com\/es\/?s={search_term_string}"},"query-input":{"@type":"PropertyValueSpecification","valueRequired":true,"valueName":"search_term_string"}}],"inLanguage":"es"}]}},"_links":{"self":[{"href":"https:\/\/medicinasinc.com\/es\/wp-json\/wp\/v2\/product\/5589","targetHints":{"allow":["GET"]}}],"collection":[{"href":"https:\/\/medicinasinc.com\/es\/wp-json\/wp\/v2\/product"}],"about":[{"href":"https:\/\/medicinasinc.com\/es\/wp-json\/wp\/v2\/types\/product"}],"replies":[{"embeddable":true,"href":"https:\/\/medicinasinc.com\/es\/wp-json\/wp\/v2\/comments?post=5589"}],"wp:featuredmedia":[{"embeddable":true,"href":"https:\/\/medicinasinc.com\/es\/wp-json\/wp\/v2\/media\/5598"}],"wp:attachment":[{"href":"https:\/\/medicinasinc.com\/es\/wp-json\/wp\/v2\/media?parent=5589"}],"wp:term":[{"taxonomy":"product_brand","embeddable":true,"href":"https:\/\/medicinasinc.com\/es\/wp-json\/wp\/v2\/product_brand?post=5589"},{"taxonomy":"product_cat","embeddable":true,"href":"https:\/\/medicinasinc.com\/es\/wp-json\/wp\/v2\/product_cat?post=5589"},{"taxonomy":"product_tag","embeddable":true,"href":"https:\/\/medicinasinc.com\/es\/wp-json\/wp\/v2\/product_tag?post=5589"}],"curies":[{"name":"wp","href":"https:\/\/api.w.org\/{rel}","templated":true}]}}