{"id":5566,"date":"2022-02-22T01:53:35","date_gmt":"2022-02-22T01:53:35","guid":{"rendered":"https:\/\/medicinasinc.com\/es\/?post_type=product&#038;p=5566"},"modified":"2022-03-22T00:42:41","modified_gmt":"2022-03-22T00:42:41","slug":"metadona-clorhidrato-usp-polvo-para-uso-oral","status":"publish","type":"product","link":"https:\/\/medicinasinc.com\/es\/product\/metadona-clorhidrato-usp-polvo-para-uso-oral\/","title":{"rendered":"Metadona Clorhidrato USP POLVO PARA USO ORAL"},"content":{"rendered":"<p>Compra de polvo de clorhidrato de metadona meto<\/p>\n<p>La metadona es un f\u00e1rmaco opioide que se usa para tratar la dependencia de los opioides y el dolor intenso.<\/p>\n<p>La metadona se puede tomar en forma de p\u00edldora o soluci\u00f3n oral para aliviar el dolor intenso.<\/p>\n<p>Las bebidas con sabor a frutas son la forma m\u00e1s com\u00fan de metadona cuando se usa para tratar la adicci\u00f3n a los opi\u00e1ceos. Una vez al d\u00eda, el polvo se disuelve y se traga entero.<\/p>\n<p>La metadona es un f\u00e1rmaco que se usa para tratar la adicci\u00f3n.<\/p>\n<p>La hero\u00edna, la oxicodona, el fentanilo y la hidromorfona pueden sustituirse por metadona. en el tratamiento de la adicci\u00f3n a los opi\u00e1ceos. El t\u00e9rmino \u00abacci\u00f3n prolongada\u00bb se refiere a un medicamento que tiene un inicio de acci\u00f3n m\u00e1s lento y dura m\u00e1s tiempo en el cuerpo. Los efectos de la metadona pueden durar entre 24 y 36 horas, seg\u00fan la dosis. Los opi\u00e1ceos de acci\u00f3n corta, por otro lado, deben tomarse de tres a cuatro veces al d\u00eda por alguien que intenta evitar la abstinencia.<\/p>\n<p>Siempre que se use la dosis correcta de metadona, puede aliviar los antojos de drogas y prevenir los s\u00edntomas de abstinencia. Los riesgos de abuso de opi\u00e1ceos se reducen, y aquellos que son adictos a los opi\u00e1ceos tienen m\u00e1s posibilidades de volver a encarrilar sus vidas. El mantenimiento con metadona es un tipo de terapia con agonistas opioides que se usa para tratar la dependencia de los opioides. La buprenorfina, otro agonista opioide, se usa en el tratamiento de la adicci\u00f3n a los opioides, al igual que la metadona.<\/p>\n<p>La metadona y la buprenorfina son terapias efectivas para la adicci\u00f3n a los opioides cuando se usan junto con atenci\u00f3n m\u00e9dica y de apoyo, sin embargo, uno puede ser m\u00e1s exitoso que el otro para algunas personas.<\/p>\n<p>Se requiere un tratamiento a largo plazo con metadona. La duraci\u00f3n del tratamiento var\u00eda desde unos pocos meses hasta m\u00e1s de dos d\u00e9cadas. Cuando un usuario de metadona decide dejar de tomar el medicamento, su m\u00e9dico reduce progresivamente la cantidad de metadona que est\u00e1 tomando durante un per\u00edodo de semanas o meses.<\/p>\n<p>Reacciones adversas de la metadona<\/p>\n<p>Entre las posibles Efectos secundarios:<\/p>\n<p>El mareo es causado por estre\u00f1imiento, sudoraci\u00f3n intensa, sequedad de boca y cambios en el sexo.<\/p>\n<p>&nbsp;<\/p>\n","protected":false},"excerpt":{"rendered":"<p>Compre Metho Metadona HCL en polvo en l\u00ednea. Metho Metadona HCL en polvo al por mayor 99.8% Pure @ precios al por mayor. Metho (Methadone HCL) trata el dolor de moderado a intenso.<\/p>\n","protected":false},"featured_media":5578,"comment_status":"open","ping_status":"closed","template":"","meta":[],"product_brand":[],"product_cat":[2014],"product_tag":[3192,3193,3195,3190,3197,3191,3207,3208,3194,3198,3200,3201,3205,3206,3202,3196,3203,3209,3204,3199],"class_list":{"0":"post-5566","1":"product","2":"type-product","3":"status-publish","4":"has-post-thumbnail","6":"product_cat-comprar-investigacion-quimicos","7":"product_tag-buy-metho-hcl","8":"product_tag-buy-metho-powder","9":"product_tag-metadona-clorhidrato-al-por-mayor","10":"product_tag-comprar-metadona-clorhidrato","11":"product_tag-metadona-polvo-comprar","12":"product_tag-comprar-metadona-en-polvo","13":"product_tag-donde-comprar-metadona-en-polvo","14":"product_tag-donde-pedir-metadona-en-polvo","15":"product_tag-efecto-del-clorhidrato-de-metadona","16":"product_tag-metadona-polvo-efecto","17":"product_tag-methadone-powder-for-sale-online","18":"product_tag-methadone-powder-online","19":"product_tag-methadone-powder-sales","20":"product_tag-methadone-powder-sell","21":"product_tag-pedido-de-metadona-en-polvo","22":"product_tag-polvo-de-metadona","23":"product_tag-metadona-polvo-reddit","24":"product_tag-mayorista-metadona-en-polvo","25":"product_tag-metadona-en-polvo-al-por-menor","26":"product_tag-venta-de-polvo-de-metadona","28":"first","29":"instock","30":"shipping-taxable","31":"purchasable","32":"product-type-variable","33":"has-default-attributes"},"yoast_head":"<!-- This site is optimized with the Yoast SEO plugin v27.2 - https:\/\/yoast.com\/product\/yoast-seo-wordpress\/ -->\n<title>Metadona Clorhidrato USP POLVO PARA USO ORAL<\/title>\n<meta name=\"description\" content=\"Compre Metho Metadona HCL en polvo en l\u00ednea. Metho Metadona HCL en polvo al por mayor 99.8% Pure @ precios al por mayor. Metho (Methadone HCL) trata el dolor moderado a intenso.\" \/>\n<meta name=\"robots\" content=\"index, follow, max-snippet:-1, max-image-preview:large, max-video-preview:-1\" \/>\n<link rel=\"canonical\" href=\"https:\/\/medicinasinc.com\/es\/product\/metadona-clorhidrato-usp-polvo-para-uso-oral\/\" \/>\n<meta property=\"og:locale\" content=\"es_ES\" \/>\n<meta property=\"og:type\" content=\"article\" \/>\n<meta property=\"og:title\" content=\"Metadona Clorhidrato USP POLVO PARA USO ORAL\" \/>\n<meta property=\"og:description\" content=\"Compre Metho Metadona HCL en polvo en l\u00ednea. Metho Metadona HCL en polvo al por mayor 99.8% Pure @ precios al por mayor. Metho (Methadone HCL) trata el dolor moderado a intenso.\" \/>\n<meta property=\"og:url\" content=\"https:\/\/medicinasinc.com\/es\/product\/metadona-clorhidrato-usp-polvo-para-uso-oral\/\" \/>\n<meta property=\"og:site_name\" content=\"Medicinas Inc\" \/>\n<meta property=\"article:modified_time\" content=\"2022-03-22T00:42:41+00:00\" \/>\n<meta property=\"og:image\" content=\"https:\/\/medicinasinc.com\/es\/wp-content\/uploads\/sites\/15\/2022\/02\/Buy-Methadone.jpg\" \/>\n\t<meta property=\"og:image:width\" content=\"600\" \/>\n\t<meta property=\"og:image:height\" content=\"600\" \/>\n\t<meta property=\"og:image:type\" content=\"image\/jpeg\" \/>\n<meta name=\"twitter:card\" content=\"summary_large_image\" \/>\n<meta name=\"twitter:label1\" content=\"Tiempo de lectura\" \/>\n\t<meta name=\"twitter:data1\" content=\"2 minutos\" \/>\n<script type=\"application\/ld+json\" class=\"yoast-schema-graph\">{\"@context\":\"https:\/\/schema.org\",\"@graph\":[{\"@type\":\"WebPage\",\"@id\":\"https:\/\/medicinasinc.com\/es\/product\/metadona-clorhidrato-usp-polvo-para-uso-oral\/\",\"url\":\"https:\/\/medicinasinc.com\/es\/product\/metadona-clorhidrato-usp-polvo-para-uso-oral\/\",\"name\":\"Metadona Clorhidrato USP POLVO PARA USO ORAL\",\"isPartOf\":{\"@id\":\"https:\/\/medicinasinc.com\/es\/#website\"},\"primaryImageOfPage\":{\"@id\":\"https:\/\/medicinasinc.com\/es\/product\/metadona-clorhidrato-usp-polvo-para-uso-oral\/#primaryimage\"},\"image\":{\"@id\":\"https:\/\/medicinasinc.com\/es\/product\/metadona-clorhidrato-usp-polvo-para-uso-oral\/#primaryimage\"},\"thumbnailUrl\":\"https:\/\/medicinasinc.com\/es\/wp-content\/uploads\/sites\/15\/2022\/02\/Buy-Methadone.jpg\",\"datePublished\":\"2022-02-22T01:53:35+00:00\",\"dateModified\":\"2022-03-22T00:42:41+00:00\",\"description\":\"Compre Metho Metadona HCL en polvo en l\u00ednea. Metho Metadona HCL en polvo al por mayor 99.8% Pure @ precios al por mayor. Metho (Methadone HCL) trata el dolor moderado a intenso.\",\"breadcrumb\":{\"@id\":\"https:\/\/medicinasinc.com\/es\/product\/metadona-clorhidrato-usp-polvo-para-uso-oral\/#breadcrumb\"},\"inLanguage\":\"es\",\"potentialAction\":[{\"@type\":\"ReadAction\",\"target\":[\"https:\/\/medicinasinc.com\/es\/product\/metadona-clorhidrato-usp-polvo-para-uso-oral\/\"]}]},{\"@type\":\"ImageObject\",\"inLanguage\":\"es\",\"@id\":\"https:\/\/medicinasinc.com\/es\/product\/metadona-clorhidrato-usp-polvo-para-uso-oral\/#primaryimage\",\"url\":\"https:\/\/medicinasinc.com\/es\/wp-content\/uploads\/sites\/15\/2022\/02\/Buy-Methadone.jpg\",\"contentUrl\":\"https:\/\/medicinasinc.com\/es\/wp-content\/uploads\/sites\/15\/2022\/02\/Buy-Methadone.jpg\",\"width\":600,\"height\":600},{\"@type\":\"BreadcrumbList\",\"@id\":\"https:\/\/medicinasinc.com\/es\/product\/metadona-clorhidrato-usp-polvo-para-uso-oral\/#breadcrumb\",\"itemListElement\":[{\"@type\":\"ListItem\",\"position\":1,\"name\":\"Tienda\",\"item\":\"https:\/\/medicinasinc.com\/es\/tienda\/\"},{\"@type\":\"ListItem\",\"position\":2,\"name\":\"Metadona Clorhidrato USP POLVO PARA USO ORAL\"}]},{\"@type\":\"WebSite\",\"@id\":\"https:\/\/medicinasinc.com\/es\/#website\",\"url\":\"https:\/\/medicinasinc.com\/es\/\",\"name\":\"Medicinas Inc\",\"description\":\"Cl\u00ednica M\u00e9dica de Salud\",\"potentialAction\":[{\"@type\":\"SearchAction\",\"target\":{\"@type\":\"EntryPoint\",\"urlTemplate\":\"https:\/\/medicinasinc.com\/es\/?s={search_term_string}\"},\"query-input\":{\"@type\":\"PropertyValueSpecification\",\"valueRequired\":true,\"valueName\":\"search_term_string\"}}],\"inLanguage\":\"es\"}]}<\/script>\n<!-- \/ Yoast SEO plugin. -->","yoast_head_json":{"title":"Metadona Clorhidrato USP POLVO PARA USO ORAL","description":"Compre Metho Metadona HCL en polvo en l\u00ednea. Metho Metadona HCL en polvo al por mayor 99.8% Pure @ precios al por mayor. Metho (Methadone HCL) trata el dolor moderado a intenso.","robots":{"index":"index","follow":"follow","max-snippet":"max-snippet:-1","max-image-preview":"max-image-preview:large","max-video-preview":"max-video-preview:-1"},"canonical":"https:\/\/medicinasinc.com\/es\/product\/metadona-clorhidrato-usp-polvo-para-uso-oral\/","og_locale":"es_ES","og_type":"article","og_title":"Metadona Clorhidrato USP POLVO PARA USO ORAL","og_description":"Compre Metho Metadona HCL en polvo en l\u00ednea. Metho Metadona HCL en polvo al por mayor 99.8% Pure @ precios al por mayor. Metho (Methadone HCL) trata el dolor moderado a intenso.","og_url":"https:\/\/medicinasinc.com\/es\/product\/metadona-clorhidrato-usp-polvo-para-uso-oral\/","og_site_name":"Medicinas Inc","article_modified_time":"2022-03-22T00:42:41+00:00","og_image":[{"width":600,"height":600,"url":"https:\/\/medicinasinc.com\/es\/wp-content\/uploads\/sites\/15\/2022\/02\/Buy-Methadone.jpg","type":"image\/jpeg"}],"twitter_card":"summary_large_image","twitter_misc":{"Tiempo de lectura":"2 minutos"},"schema":{"@context":"https:\/\/schema.org","@graph":[{"@type":"WebPage","@id":"https:\/\/medicinasinc.com\/es\/product\/metadona-clorhidrato-usp-polvo-para-uso-oral\/","url":"https:\/\/medicinasinc.com\/es\/product\/metadona-clorhidrato-usp-polvo-para-uso-oral\/","name":"Metadona Clorhidrato USP POLVO PARA USO ORAL","isPartOf":{"@id":"https:\/\/medicinasinc.com\/es\/#website"},"primaryImageOfPage":{"@id":"https:\/\/medicinasinc.com\/es\/product\/metadona-clorhidrato-usp-polvo-para-uso-oral\/#primaryimage"},"image":{"@id":"https:\/\/medicinasinc.com\/es\/product\/metadona-clorhidrato-usp-polvo-para-uso-oral\/#primaryimage"},"thumbnailUrl":"https:\/\/medicinasinc.com\/es\/wp-content\/uploads\/sites\/15\/2022\/02\/Buy-Methadone.jpg","datePublished":"2022-02-22T01:53:35+00:00","dateModified":"2022-03-22T00:42:41+00:00","description":"Compre Metho Metadona HCL en polvo en l\u00ednea. Metho Metadona HCL en polvo al por mayor 99.8% Pure @ precios al por mayor. Metho (Methadone HCL) trata el dolor moderado a intenso.","breadcrumb":{"@id":"https:\/\/medicinasinc.com\/es\/product\/metadona-clorhidrato-usp-polvo-para-uso-oral\/#breadcrumb"},"inLanguage":"es","potentialAction":[{"@type":"ReadAction","target":["https:\/\/medicinasinc.com\/es\/product\/metadona-clorhidrato-usp-polvo-para-uso-oral\/"]}]},{"@type":"ImageObject","inLanguage":"es","@id":"https:\/\/medicinasinc.com\/es\/product\/metadona-clorhidrato-usp-polvo-para-uso-oral\/#primaryimage","url":"https:\/\/medicinasinc.com\/es\/wp-content\/uploads\/sites\/15\/2022\/02\/Buy-Methadone.jpg","contentUrl":"https:\/\/medicinasinc.com\/es\/wp-content\/uploads\/sites\/15\/2022\/02\/Buy-Methadone.jpg","width":600,"height":600},{"@type":"BreadcrumbList","@id":"https:\/\/medicinasinc.com\/es\/product\/metadona-clorhidrato-usp-polvo-para-uso-oral\/#breadcrumb","itemListElement":[{"@type":"ListItem","position":1,"name":"Tienda","item":"https:\/\/medicinasinc.com\/es\/tienda\/"},{"@type":"ListItem","position":2,"name":"Metadona Clorhidrato USP POLVO PARA USO ORAL"}]},{"@type":"WebSite","@id":"https:\/\/medicinasinc.com\/es\/#website","url":"https:\/\/medicinasinc.com\/es\/","name":"Medicinas Inc","description":"Cl\u00ednica M\u00e9dica de Salud","potentialAction":[{"@type":"SearchAction","target":{"@type":"EntryPoint","urlTemplate":"https:\/\/medicinasinc.com\/es\/?s={search_term_string}"},"query-input":{"@type":"PropertyValueSpecification","valueRequired":true,"valueName":"search_term_string"}}],"inLanguage":"es"}]}},"_links":{"self":[{"href":"https:\/\/medicinasinc.com\/es\/wp-json\/wp\/v2\/product\/5566","targetHints":{"allow":["GET"]}}],"collection":[{"href":"https:\/\/medicinasinc.com\/es\/wp-json\/wp\/v2\/product"}],"about":[{"href":"https:\/\/medicinasinc.com\/es\/wp-json\/wp\/v2\/types\/product"}],"replies":[{"embeddable":true,"href":"https:\/\/medicinasinc.com\/es\/wp-json\/wp\/v2\/comments?post=5566"}],"wp:featuredmedia":[{"embeddable":true,"href":"https:\/\/medicinasinc.com\/es\/wp-json\/wp\/v2\/media\/5578"}],"wp:attachment":[{"href":"https:\/\/medicinasinc.com\/es\/wp-json\/wp\/v2\/media?parent=5566"}],"wp:term":[{"taxonomy":"product_brand","embeddable":true,"href":"https:\/\/medicinasinc.com\/es\/wp-json\/wp\/v2\/product_brand?post=5566"},{"taxonomy":"product_cat","embeddable":true,"href":"https:\/\/medicinasinc.com\/es\/wp-json\/wp\/v2\/product_cat?post=5566"},{"taxonomy":"product_tag","embeddable":true,"href":"https:\/\/medicinasinc.com\/es\/wp-json\/wp\/v2\/product_tag?post=5566"}],"curies":[{"name":"wp","href":"https:\/\/api.w.org\/{rel}","templated":true}]}}