{"id":5565,"date":"2022-02-22T01:51:04","date_gmt":"2022-02-22T01:51:04","guid":{"rendered":"https:\/\/medicinasinc.com\/es\/?post_type=product&#038;p=5565"},"modified":"2022-03-22T00:42:54","modified_gmt":"2022-03-22T00:42:54","slug":"comprar-mdpv-metilendioxipirovalerona-polvo","status":"publish","type":"product","link":"https:\/\/medicinasinc.com\/es\/product\/comprar-mdpv-metilendioxipirovalerona-polvo\/","title":{"rendered":"Comprar MDPV (metilendioxipirovalerona) en polvo"},"content":{"rendered":"<p>MDPV est\u00e1 disponible para su compra aqu\u00ed.<\/p>\n<p>Compre MDPV en l\u00ednea para su propio uso o para revender. Podemos garantizar que nuestro polvo MDPV a la venta es de la m\u00e1s alta calidad actualmente disponible en el mercado. Western Union, MoneyGram y bitcoins se encuentran entre los m\u00e9todos de pago que aceptamos. Tambi\u00e9n tenemos a la venta una amplia variedad de diferentes productos qu\u00edmicos de investigaci\u00f3n, incluido JWH-018. Tenga en cuenta que no somos responsables de c\u00f3mo nuestros clientes utilizan nuestro MDPV a la venta en los Estados Unidos.<\/p>\n<p>Un estimulante de la clase de las catinonas, el MDPV (metilendioxipirovalerona) en polvo se puede comprar en l\u00ednea. Es un inhibidor de la recaptaci\u00f3n de norepinefrina-dopamina y un medicamento estimulante psicotr\u00f3pico. En la d\u00e9cada de 1960, un equipo de Boehringer Ingelheim lo cre\u00f3.<br \/> FORMA DE POLVO DE MDPV (METILENODIOXIPIROVALERONA):<br \/> Debido a su textura fina y su tendencia a adherirse cuando se expone a la humedad, la sal de clorhidrato a menudo se confunde con az\u00facar en polvo.<br \/> Las propiedades estimulantes de MDPV se han comparado con las de la coca\u00edna, el metilfenidato y las anfetaminas.<\/p>\n<div class=\"entry-content gbtr_product_description\">\n<h3 class=\"fusion-responsive-typography-calculated \" data-fontsize=\"16\" data-lineheight=\"24px\"><\/h3>\n<\/p><\/div>\n","protected":false},"excerpt":{"rendered":"<div class=\"woocommerce-product-details__short-description\">\n<p>Compre MDPV para la venta en l\u00ednea en el Reino Unido, Europa aqu\u00ed en Bestglobalmeds.com. Comprar productos qu\u00edmicos de investigaci\u00f3n Metilendioxipirovalerona en l\u00ednea es muy dif\u00edcil. Pero podemos ofrecer MDPV de alta calidad a la venta a precios muy bajos. Nada bueno llega f\u00e1cilmente y nos cuesta mucho trabajo tener a la venta MDPV de la mejor calidad.<\/p>\n<p><b>La metilendioxipirovalerona<\/b>\u00a0(MDPV) es un estimulante de la clase de las catinonas que act\u00faa como inhibidor de la recaptaci\u00f3n de norepinefrina-dopamina (NDRI). Fue desarrollado por primera vez en la d\u00e9cada de 1960 por un equipo de Boehringer Ingelheim.<\/p>\n<h3 class=\"fusion-responsive-typography-calculated\" data-fontsize=\"16\" data-lineheight=\"24px\">MDPV (Metilendioxipirovalerona) el polvo es un estimulante de la clase de las catinonas.<\/h3>\n<\/p><\/div>\n","protected":false},"featured_media":5576,"comment_status":"open","ping_status":"closed","template":"","meta":[],"product_brand":[],"product_cat":[2014],"product_tag":[3187,3136,3138,3139,3144,3145,3146,3147,3152,3153,3157,3158,3159,3160,3162,3137,3140,3142,3143,3150,3141,3149,3148,3154,3156,3155,3161,3151,3189,3168,3163,3164,3167,3166,3178,3169,3171,3173,3182,3172,3174,3179,3180,3181,3184,3185,3177,3175,3176,3186,3183,3188,3170,3165],"class_list":{"0":"post-5565","1":"product","2":"type-product","3":"status-publish","4":"has-post-thumbnail","6":"product_cat-comprar-investigacion-quimicos","7":"product_tag-metilendioxipirovalerona-base-en-polvo","8":"product_tag-bath-salt-for-sale","9":"product_tag-buy-mdpv","10":"product_tag-buy-mdpv-1g","11":"product_tag-buy-mdpv-plant-food","12":"product_tag-buy-mdpv-powder-online-2019","13":"product_tag-buy-mdpv-powder-online-free","14":"product_tag-buy-mdpv-powdera-online","15":"product_tag-buy-mdpv-uk","16":"product_tag-buy-mdpv-usa","17":"product_tag-buy-methylenedioxypyrovalerone-powdera-online","18":"product_tag-buy-methylenedioxypyrovalerone-powdera-online-ecouter","19":"product_tag-buy-methylenedioxypyrovalerone-powdera-online-com","20":"product_tag-buy-methylenedioxypyrovalerone-powdera-online-fr","21":"product_tag-como-comprar-mdpv","22":"product_tag-comprar-dextrometorfano-en-polvo-online","23":"product_tag-comprar-mdpv-barato","24":"product_tag-comprar-mdpv-online","25":"product_tag-comprar-mdpv-online-usa","26":"product_tag-comprar-mdpv-powdera-online-fr","27":"product_tag-comprar-mdpv-europa","28":"product_tag-comprar-mdpv-powdera-online-escuchar","29":"product_tag-comprar-mdpv-powdera-casino-online","30":"product_tag-comprar-metilendioxipirovalerona-polvo-online-indonesia","31":"product_tag-comprar-metilendioxipirovalerona-polvo-online-reseas","32":"product_tag-comprar-metilendioxipirovalerona-polvo-online-revisin","33":"product_tag-comprar-metilendioxipirovalerona-poder-online","34":"product_tag-comprar-mdpv-power-online","35":"product_tag-donde-comprar-mdpv","36":"product_tag-droga-mdpv","37":"product_tag-mdpv-bath-salts-buy","38":"product_tag-mdpv-bath-salts-buy-online","39":"product_tag-mdpv-compra-usa","40":"product_tag-mdpv-compra-es","41":"product_tag-mdpv-polvo-en-venta-es","42":"product_tag-mdpv-online-buy","43":"product_tag-mdpv-polvo-en-venta-2019","44":"product_tag-mdpv-polvo-en-venta-craigslist","45":"product_tag-mdpv-polvo-en-venta-sin","46":"product_tag-mdpv-polvo-para-la-venta-amazon","47":"product_tag-mdpv-powder-for-sale-ebay","48":"product_tag-mdpv-powder-for-sale-united-states","49":"product_tag-mdpv-powder-for-sale-usa","50":"product_tag-mdpv-powder-for-sale-walmart","51":"product_tag-methylenedioxypyrovalerone-buy","52":"product_tag-methylenedioxypyrovalerone-buy-online","53":"product_tag-mdpv-polvo-para-la-venta-cerca-de-mi","54":"product_tag-mdpv-polvo-para-la-venta-florida","55":"product_tag-mdpv-polvo-para-la-venta-michigan","56":"product_tag-polvo-de-metilendioxipirovalerona","57":"product_tag-mdpv-polvos","58":"product_tag-revisin-de-polvo-de-metilendioxipirovalerona","59":"product_tag-mdpv-polvo-para-la-venta","60":"product_tag-mdpv-sales-de-bano-en-venta","62":"first","63":"instock","64":"shipping-taxable","65":"purchasable","66":"product-type-variable","67":"has-default-attributes"},"yoast_head":"<!-- This site is optimized with the Yoast SEO plugin v27.2 - https:\/\/yoast.com\/product\/yoast-seo-wordpress\/ -->\n<title>Comprar MDPV (metilendioxipirovalerona) en polvo - Best Global Meds<\/title>\n<meta name=\"description\" content=\"Compre MDPV a la venta en l\u00ednea en el Reino Unido, Europa aqu\u00ed en Bestglobalmeds. Comprar productos qu\u00edmicos de investigaci\u00f3n Metilendioxipirovalerona en l\u00ednea es muy dif\u00edcil. Pero podemos ofrecer MDPV de alta calidad a la venta a precios muy bajos.\" \/>\n<meta name=\"robots\" content=\"index, follow, max-snippet:-1, max-image-preview:large, max-video-preview:-1\" \/>\n<link rel=\"canonical\" href=\"https:\/\/medicinasinc.com\/es\/product\/comprar-mdpv-metilendioxipirovalerona-polvo\/\" \/>\n<meta property=\"og:locale\" content=\"es_ES\" \/>\n<meta property=\"og:type\" content=\"article\" \/>\n<meta property=\"og:title\" content=\"Comprar MDPV (metilendioxipirovalerona) en polvo - Best Global Meds\" \/>\n<meta property=\"og:description\" content=\"Compre MDPV a la venta en l\u00ednea en el Reino Unido, Europa aqu\u00ed en Bestglobalmeds. Comprar productos qu\u00edmicos de investigaci\u00f3n Metilendioxipirovalerona en l\u00ednea es muy dif\u00edcil. Pero podemos ofrecer MDPV de alta calidad a la venta a precios muy bajos.\" \/>\n<meta property=\"og:url\" content=\"https:\/\/medicinasinc.com\/es\/product\/comprar-mdpv-metilendioxipirovalerona-polvo\/\" \/>\n<meta property=\"og:site_name\" content=\"Medicinas Inc\" \/>\n<meta property=\"article:modified_time\" content=\"2022-03-22T00:42:54+00:00\" \/>\n<meta property=\"og:image\" content=\"https:\/\/medicinasinc.com\/es\/wp-content\/uploads\/sites\/15\/2022\/02\/buy-methylenedioxypyrovalerone.jpg\" \/>\n\t<meta property=\"og:image:width\" content=\"1400\" \/>\n\t<meta property=\"og:image:height\" content=\"700\" \/>\n\t<meta property=\"og:image:type\" content=\"image\/jpeg\" \/>\n<meta name=\"twitter:card\" content=\"summary_large_image\" \/>\n<meta name=\"twitter:label1\" content=\"Tiempo de lectura\" \/>\n\t<meta name=\"twitter:data1\" content=\"1 minuto\" \/>\n<script type=\"application\/ld+json\" class=\"yoast-schema-graph\">{\"@context\":\"https:\/\/schema.org\",\"@graph\":[{\"@type\":\"WebPage\",\"@id\":\"https:\/\/medicinasinc.com\/es\/product\/comprar-mdpv-metilendioxipirovalerona-polvo\/\",\"url\":\"https:\/\/medicinasinc.com\/es\/product\/comprar-mdpv-metilendioxipirovalerona-polvo\/\",\"name\":\"Comprar MDPV (metilendioxipirovalerona) en polvo - Best Global Meds\",\"isPartOf\":{\"@id\":\"https:\/\/medicinasinc.com\/es\/#website\"},\"primaryImageOfPage\":{\"@id\":\"https:\/\/medicinasinc.com\/es\/product\/comprar-mdpv-metilendioxipirovalerona-polvo\/#primaryimage\"},\"image\":{\"@id\":\"https:\/\/medicinasinc.com\/es\/product\/comprar-mdpv-metilendioxipirovalerona-polvo\/#primaryimage\"},\"thumbnailUrl\":\"https:\/\/medicinasinc.com\/es\/wp-content\/uploads\/sites\/15\/2022\/02\/buy-methylenedioxypyrovalerone.jpg\",\"datePublished\":\"2022-02-22T01:51:04+00:00\",\"dateModified\":\"2022-03-22T00:42:54+00:00\",\"description\":\"Compre MDPV a la venta en l\u00ednea en el Reino Unido, Europa aqu\u00ed en Bestglobalmeds. Comprar productos qu\u00edmicos de investigaci\u00f3n Metilendioxipirovalerona en l\u00ednea es muy dif\u00edcil. Pero podemos ofrecer MDPV de alta calidad a la venta a precios muy bajos.\",\"breadcrumb\":{\"@id\":\"https:\/\/medicinasinc.com\/es\/product\/comprar-mdpv-metilendioxipirovalerona-polvo\/#breadcrumb\"},\"inLanguage\":\"es\",\"potentialAction\":[{\"@type\":\"ReadAction\",\"target\":[\"https:\/\/medicinasinc.com\/es\/product\/comprar-mdpv-metilendioxipirovalerona-polvo\/\"]}]},{\"@type\":\"ImageObject\",\"inLanguage\":\"es\",\"@id\":\"https:\/\/medicinasinc.com\/es\/product\/comprar-mdpv-metilendioxipirovalerona-polvo\/#primaryimage\",\"url\":\"https:\/\/medicinasinc.com\/es\/wp-content\/uploads\/sites\/15\/2022\/02\/buy-methylenedioxypyrovalerone.jpg\",\"contentUrl\":\"https:\/\/medicinasinc.com\/es\/wp-content\/uploads\/sites\/15\/2022\/02\/buy-methylenedioxypyrovalerone.jpg\",\"width\":1400,\"height\":700},{\"@type\":\"BreadcrumbList\",\"@id\":\"https:\/\/medicinasinc.com\/es\/product\/comprar-mdpv-metilendioxipirovalerona-polvo\/#breadcrumb\",\"itemListElement\":[{\"@type\":\"ListItem\",\"position\":1,\"name\":\"Tienda\",\"item\":\"https:\/\/medicinasinc.com\/es\/tienda\/\"},{\"@type\":\"ListItem\",\"position\":2,\"name\":\"Comprar MDPV (metilendioxipirovalerona) en polvo\"}]},{\"@type\":\"WebSite\",\"@id\":\"https:\/\/medicinasinc.com\/es\/#website\",\"url\":\"https:\/\/medicinasinc.com\/es\/\",\"name\":\"Medicinas Inc\",\"description\":\"Cl\u00ednica M\u00e9dica de Salud\",\"potentialAction\":[{\"@type\":\"SearchAction\",\"target\":{\"@type\":\"EntryPoint\",\"urlTemplate\":\"https:\/\/medicinasinc.com\/es\/?s={search_term_string}\"},\"query-input\":{\"@type\":\"PropertyValueSpecification\",\"valueRequired\":true,\"valueName\":\"search_term_string\"}}],\"inLanguage\":\"es\"}]}<\/script>\n<!-- \/ Yoast SEO plugin. -->","yoast_head_json":{"title":"Comprar MDPV (metilendioxipirovalerona) en polvo - Best Global Meds","description":"Compre MDPV a la venta en l\u00ednea en el Reino Unido, Europa aqu\u00ed en Bestglobalmeds. Comprar productos qu\u00edmicos de investigaci\u00f3n Metilendioxipirovalerona en l\u00ednea es muy dif\u00edcil. Pero podemos ofrecer MDPV de alta calidad a la venta a precios muy bajos.","robots":{"index":"index","follow":"follow","max-snippet":"max-snippet:-1","max-image-preview":"max-image-preview:large","max-video-preview":"max-video-preview:-1"},"canonical":"https:\/\/medicinasinc.com\/es\/product\/comprar-mdpv-metilendioxipirovalerona-polvo\/","og_locale":"es_ES","og_type":"article","og_title":"Comprar MDPV (metilendioxipirovalerona) en polvo - Best Global Meds","og_description":"Compre MDPV a la venta en l\u00ednea en el Reino Unido, Europa aqu\u00ed en Bestglobalmeds. Comprar productos qu\u00edmicos de investigaci\u00f3n Metilendioxipirovalerona en l\u00ednea es muy dif\u00edcil. Pero podemos ofrecer MDPV de alta calidad a la venta a precios muy bajos.","og_url":"https:\/\/medicinasinc.com\/es\/product\/comprar-mdpv-metilendioxipirovalerona-polvo\/","og_site_name":"Medicinas Inc","article_modified_time":"2022-03-22T00:42:54+00:00","og_image":[{"width":1400,"height":700,"url":"https:\/\/medicinasinc.com\/es\/wp-content\/uploads\/sites\/15\/2022\/02\/buy-methylenedioxypyrovalerone.jpg","type":"image\/jpeg"}],"twitter_card":"summary_large_image","twitter_misc":{"Tiempo de lectura":"1 minuto"},"schema":{"@context":"https:\/\/schema.org","@graph":[{"@type":"WebPage","@id":"https:\/\/medicinasinc.com\/es\/product\/comprar-mdpv-metilendioxipirovalerona-polvo\/","url":"https:\/\/medicinasinc.com\/es\/product\/comprar-mdpv-metilendioxipirovalerona-polvo\/","name":"Comprar MDPV (metilendioxipirovalerona) en polvo - Best Global Meds","isPartOf":{"@id":"https:\/\/medicinasinc.com\/es\/#website"},"primaryImageOfPage":{"@id":"https:\/\/medicinasinc.com\/es\/product\/comprar-mdpv-metilendioxipirovalerona-polvo\/#primaryimage"},"image":{"@id":"https:\/\/medicinasinc.com\/es\/product\/comprar-mdpv-metilendioxipirovalerona-polvo\/#primaryimage"},"thumbnailUrl":"https:\/\/medicinasinc.com\/es\/wp-content\/uploads\/sites\/15\/2022\/02\/buy-methylenedioxypyrovalerone.jpg","datePublished":"2022-02-22T01:51:04+00:00","dateModified":"2022-03-22T00:42:54+00:00","description":"Compre MDPV a la venta en l\u00ednea en el Reino Unido, Europa aqu\u00ed en Bestglobalmeds. Comprar productos qu\u00edmicos de investigaci\u00f3n Metilendioxipirovalerona en l\u00ednea es muy dif\u00edcil. Pero podemos ofrecer MDPV de alta calidad a la venta a precios muy bajos.","breadcrumb":{"@id":"https:\/\/medicinasinc.com\/es\/product\/comprar-mdpv-metilendioxipirovalerona-polvo\/#breadcrumb"},"inLanguage":"es","potentialAction":[{"@type":"ReadAction","target":["https:\/\/medicinasinc.com\/es\/product\/comprar-mdpv-metilendioxipirovalerona-polvo\/"]}]},{"@type":"ImageObject","inLanguage":"es","@id":"https:\/\/medicinasinc.com\/es\/product\/comprar-mdpv-metilendioxipirovalerona-polvo\/#primaryimage","url":"https:\/\/medicinasinc.com\/es\/wp-content\/uploads\/sites\/15\/2022\/02\/buy-methylenedioxypyrovalerone.jpg","contentUrl":"https:\/\/medicinasinc.com\/es\/wp-content\/uploads\/sites\/15\/2022\/02\/buy-methylenedioxypyrovalerone.jpg","width":1400,"height":700},{"@type":"BreadcrumbList","@id":"https:\/\/medicinasinc.com\/es\/product\/comprar-mdpv-metilendioxipirovalerona-polvo\/#breadcrumb","itemListElement":[{"@type":"ListItem","position":1,"name":"Tienda","item":"https:\/\/medicinasinc.com\/es\/tienda\/"},{"@type":"ListItem","position":2,"name":"Comprar MDPV (metilendioxipirovalerona) en polvo"}]},{"@type":"WebSite","@id":"https:\/\/medicinasinc.com\/es\/#website","url":"https:\/\/medicinasinc.com\/es\/","name":"Medicinas Inc","description":"Cl\u00ednica M\u00e9dica de Salud","potentialAction":[{"@type":"SearchAction","target":{"@type":"EntryPoint","urlTemplate":"https:\/\/medicinasinc.com\/es\/?s={search_term_string}"},"query-input":{"@type":"PropertyValueSpecification","valueRequired":true,"valueName":"search_term_string"}}],"inLanguage":"es"}]}},"_links":{"self":[{"href":"https:\/\/medicinasinc.com\/es\/wp-json\/wp\/v2\/product\/5565","targetHints":{"allow":["GET"]}}],"collection":[{"href":"https:\/\/medicinasinc.com\/es\/wp-json\/wp\/v2\/product"}],"about":[{"href":"https:\/\/medicinasinc.com\/es\/wp-json\/wp\/v2\/types\/product"}],"replies":[{"embeddable":true,"href":"https:\/\/medicinasinc.com\/es\/wp-json\/wp\/v2\/comments?post=5565"}],"wp:featuredmedia":[{"embeddable":true,"href":"https:\/\/medicinasinc.com\/es\/wp-json\/wp\/v2\/media\/5576"}],"wp:attachment":[{"href":"https:\/\/medicinasinc.com\/es\/wp-json\/wp\/v2\/media?parent=5565"}],"wp:term":[{"taxonomy":"product_brand","embeddable":true,"href":"https:\/\/medicinasinc.com\/es\/wp-json\/wp\/v2\/product_brand?post=5565"},{"taxonomy":"product_cat","embeddable":true,"href":"https:\/\/medicinasinc.com\/es\/wp-json\/wp\/v2\/product_cat?post=5565"},{"taxonomy":"product_tag","embeddable":true,"href":"https:\/\/medicinasinc.com\/es\/wp-json\/wp\/v2\/product_tag?post=5565"}],"curies":[{"name":"wp","href":"https:\/\/api.w.org\/{rel}","templated":true}]}}