{"id":5564,"date":"2022-02-22T01:48:50","date_gmt":"2022-02-22T01:48:50","guid":{"rendered":"https:\/\/medicinasinc.com\/es\/?post_type=product&#038;p=5564"},"modified":"2022-03-22T00:43:04","modified_gmt":"2022-03-22T00:43:04","slug":"comprar-mdai-crystal-powder","status":"publish","type":"product","link":"https:\/\/medicinasinc.com\/es\/product\/comprar-mdai-crystal-powder\/","title":{"rendered":"Comprar MDAI Crystal &amp; Polvo"},"content":{"rendered":"<p>Compre en l\u00ednea cristales y polvos de MDAI.<\/p>\n<p>Cristales y polvos de MDAI a la venta a precios de descuento.<\/p>\n<p>Compre MDAI con nosotros.<\/p>\n<p>Nuestro objetivo principal es proporcionar a los clientes informaci\u00f3n de vanguardia y servicios de primer nivel. Los grupos de exploraci\u00f3n y las instalaciones de fabricaci\u00f3n a gran escala pueden encontrar RC en las cantidades y la calidad que necesitan. Puede encontrar una descripci\u00f3n general de RC que se adapta a todos sus intereses y objetivos aqu\u00ed. Nuestra firma propone los productos qu\u00edmicos impulsores del mundo en base a los m\u00e1s recientes avances tecnol\u00f3gicos. Todos los elementos de esta lista no tienen ning\u00fan uso pr\u00e1ctico para los seres humanos.<\/p>\n<p>Se debe alentar el uso de medicamentos en el laboratorio, con fines cient\u00edficos y para el estudio. Las qu\u00edmicas registradas solo se pueden usar para exploraciones, ensayos y pruebas. Los paquetes producidos recientemente por las principales instalaciones de investigaci\u00f3n de China en el mercado RC ya est\u00e1n disponibles.<\/p>\n<p>Si hace un trato ahora, le enviaremos su paquete a cualquier parte de los Estados Unidos, Europa o el mundo. Para satisfacer sus necesidades, colaboramos con una serie de laboratorios globales l\u00edderes que planean construir RC, y su solicitud es de suma importancia para nuestra empresa.<\/p>\n<p>Nuestro proveedor tiene su sede en los Estados Unidos. y opera en todo el mundo. En el sitio, los consumidores pueden verificar f\u00e1cilmente la estimaci\u00f3n y accesibilidad de RC para sus propias necesidades. Clientes. Comun\u00edquese con nuestro amable servicio de atenci\u00f3n al cliente multiling\u00fce para obtener informaci\u00f3n sobre c\u00f3mo realizar una solicitud. Si est\u00e1 interesado en buscar sustancias mezcladas o con descuento, comun\u00edquese con nosotros para obtener m\u00e1s informaci\u00f3n. Si no puede encontrar lo que est\u00e1 buscando en nuestro sitio, no dude en contactarnos para obtener ayuda. La calidad es la consideraci\u00f3n m\u00e1s importante cuando se obtienen productos qu\u00edmicos para el estudio.<\/p>\n","protected":false},"excerpt":{"rendered":"<p>Compre MDAI Crystal &amp; Polvo a la venta en Reino Unido, Europa barato en l\u00ednea. MDAI o 5,6-Metilendioxi-2-aminoindanoCompre MDAI o 5,6-Metilendioxi-2-aminoindano .<\/p>\n","protected":false},"featured_media":5574,"comment_status":"open","ping_status":"closed","template":"","meta":[],"product_brand":[],"product_cat":[2014],"product_tag":[3093,3094,3095,2522,3097,3099,3100,3101,3106,2532,3096,3102,2525,2530,3098,3104,3103,3105,3107,3116,3110,3114,3135,3111,3109,3112,3119,3120,3117,3118,517,2549,3108,3124,3113,3121,3132,3129,3127,3128,3131,3125,3126,3130,3115,3133,3123,3134,3122],"class_list":{"0":"post-5564","1":"product","2":"type-product","3":"status-publish","4":"has-post-thumbnail","6":"product_cat-comprar-investigacion-quimicos","7":"product_tag-4mmc-en-venta","8":"product_tag-venta-de-anfetaminas","9":"product_tag-bath-salts-for-sale","10":"product_tag-buy-4mmc","11":"product_tag-buy-bath-salts","12":"product_tag-buy-lsd","13":"product_tag-buy-mdai","14":"product_tag-buy-mdai-crystal","15":"product_tag-buy-phenethylamine","16":"product_tag-comprar-mefedrona-comida-vegetal","17":"product_tag-comprar-anfetamina-speed","18":"product_tag-comprar-mdai-polvo","19":"product_tag-comprar-mefedrona","20":"product_tag-comprar-mefedrona-online","21":"product_tag-comprar-cristal-metanfetamina","22":"product_tag-comprar-metilona","23":"product_tag-comprar-miau-miau","24":"product_tag-comprar-mkat","25":"product_tag-comprar-triptamina","26":"product_tag-mdai-cristal-al-por-mayor","27":"product_tag-mdai-crystal-comprar","28":"product_tag-mdai-cristal-reddit","29":"product_tag-donde-comprar-mdai-polvo","30":"product_tag-mdai-cristal-efecto","31":"product_tag-lsd-for-sale","32":"product_tag-mdai-crystal-for-sale","33":"product_tag-mdai-polvo-para-la-venta","34":"product_tag-mdai-polvo-online","35":"product_tag-mdai-for-sale","36":"product_tag-mdai-powder-buy","37":"product_tag-mdma-for-sale","38":"product_tag-venta-de-mefedrona","39":"product_tag-crystal-meth-en-venta","40":"product_tag-mkat-en-venta","41":"product_tag-mdai-cristal-orden","42":"product_tag-mdai-polvo-orden","43":"product_tag-orden-mkat","44":"product_tag-orden-mefedrona-alimento-planta","45":"product_tag-order-meow-meow","46":"product_tag-order-mephedrone","47":"product_tag-order-methylone","48":"product_tag-orden-mdai-cristal","49":"product_tag-orden-mdma","50":"product_tag-pedir-metanfetamina-en-lnea","51":"product_tag-mdai-crystal-retail","52":"product_tag-fenetilamina-para-la-venta","53":"product_tag-metilona-para-la-venta","54":"product_tag-venta-de-triptamina","55":"product_tag-miau-miau-oferta","57":"first","58":"instock","59":"shipping-taxable","60":"purchasable","61":"product-type-variable","62":"has-default-attributes"},"yoast_head":"<!-- This site is optimized with the Yoast SEO plugin v27.3 - https:\/\/yoast.com\/product\/yoast-seo-wordpress\/ -->\n<title>Comprar MDAI Crystal &amp; Polvo barato en l\u00ednea - Best Global Meds<\/title>\n<meta name=\"description\" content=\"Comprar MDAI Crystal &amp; Polvo a la venta en Reino Unido, Europa barato en l\u00ednea. MDAI o 5,6-Metilendioxi-2-aminoindano Compre MDAI o 5,6-Metilendioxi-2-aminoindano.\" \/>\n<meta name=\"robots\" content=\"index, follow, max-snippet:-1, max-image-preview:large, max-video-preview:-1\" \/>\n<link rel=\"canonical\" href=\"https:\/\/medicinasinc.com\/es\/product\/comprar-mdai-crystal-powder\/\" \/>\n<meta property=\"og:locale\" content=\"es_ES\" \/>\n<meta property=\"og:type\" content=\"article\" \/>\n<meta property=\"og:title\" content=\"Comprar MDAI Crystal &amp; Polvo barato en l\u00ednea - Best Global Meds\" \/>\n<meta property=\"og:description\" content=\"Comprar MDAI Crystal &amp; Polvo a la venta en Reino Unido, Europa barato en l\u00ednea. MDAI o 5,6-Metilendioxi-2-aminoindano Compre MDAI o 5,6-Metilendioxi-2-aminoindano.\" \/>\n<meta property=\"og:url\" content=\"https:\/\/medicinasinc.com\/es\/product\/comprar-mdai-crystal-powder\/\" \/>\n<meta property=\"og:site_name\" content=\"Medicinas Inc\" \/>\n<meta property=\"article:modified_time\" content=\"2022-03-22T00:43:04+00:00\" \/>\n<meta property=\"og:image\" content=\"https:\/\/medicinasinc.com\/es\/wp-content\/uploads\/sites\/15\/2022\/02\/buy-mdai-crystal-powder-cheap-online.jpg\" \/>\n\t<meta property=\"og:image:width\" content=\"600\" \/>\n\t<meta property=\"og:image:height\" content=\"600\" \/>\n\t<meta property=\"og:image:type\" content=\"image\/jpeg\" \/>\n<meta name=\"twitter:card\" content=\"summary_large_image\" \/>\n<meta name=\"twitter:label1\" content=\"Tiempo de lectura\" \/>\n\t<meta name=\"twitter:data1\" content=\"2 minutos\" \/>\n<script type=\"application\/ld+json\" class=\"yoast-schema-graph\">{\"@context\":\"https:\\\/\\\/schema.org\",\"@graph\":[{\"@type\":\"WebPage\",\"@id\":\"https:\\\/\\\/medicinasinc.com\\\/es\\\/product\\\/comprar-mdai-crystal-powder\\\/\",\"url\":\"https:\\\/\\\/medicinasinc.com\\\/es\\\/product\\\/comprar-mdai-crystal-powder\\\/\",\"name\":\"Comprar MDAI Crystal &amp; Polvo barato en l\u00ednea - Best Global Meds\",\"isPartOf\":{\"@id\":\"https:\\\/\\\/medicinasinc.com\\\/es\\\/#website\"},\"primaryImageOfPage\":{\"@id\":\"https:\\\/\\\/medicinasinc.com\\\/es\\\/product\\\/comprar-mdai-crystal-powder\\\/#primaryimage\"},\"image\":{\"@id\":\"https:\\\/\\\/medicinasinc.com\\\/es\\\/product\\\/comprar-mdai-crystal-powder\\\/#primaryimage\"},\"thumbnailUrl\":\"https:\\\/\\\/medicinasinc.com\\\/es\\\/wp-content\\\/uploads\\\/sites\\\/15\\\/2022\\\/02\\\/buy-mdai-crystal-powder-cheap-online.jpg\",\"datePublished\":\"2022-02-22T01:48:50+00:00\",\"dateModified\":\"2022-03-22T00:43:04+00:00\",\"description\":\"Comprar MDAI Crystal &amp; Polvo a la venta en Reino Unido, Europa barato en l\u00ednea. MDAI o 5,6-Metilendioxi-2-aminoindano Compre MDAI o 5,6-Metilendioxi-2-aminoindano.\",\"breadcrumb\":{\"@id\":\"https:\\\/\\\/medicinasinc.com\\\/es\\\/product\\\/comprar-mdai-crystal-powder\\\/#breadcrumb\"},\"inLanguage\":\"es\",\"potentialAction\":[{\"@type\":\"ReadAction\",\"target\":[\"https:\\\/\\\/medicinasinc.com\\\/es\\\/product\\\/comprar-mdai-crystal-powder\\\/\"]}]},{\"@type\":\"ImageObject\",\"inLanguage\":\"es\",\"@id\":\"https:\\\/\\\/medicinasinc.com\\\/es\\\/product\\\/comprar-mdai-crystal-powder\\\/#primaryimage\",\"url\":\"https:\\\/\\\/medicinasinc.com\\\/es\\\/wp-content\\\/uploads\\\/sites\\\/15\\\/2022\\\/02\\\/buy-mdai-crystal-powder-cheap-online.jpg\",\"contentUrl\":\"https:\\\/\\\/medicinasinc.com\\\/es\\\/wp-content\\\/uploads\\\/sites\\\/15\\\/2022\\\/02\\\/buy-mdai-crystal-powder-cheap-online.jpg\",\"width\":600,\"height\":600},{\"@type\":\"BreadcrumbList\",\"@id\":\"https:\\\/\\\/medicinasinc.com\\\/es\\\/product\\\/comprar-mdai-crystal-powder\\\/#breadcrumb\",\"itemListElement\":[{\"@type\":\"ListItem\",\"position\":1,\"name\":\"Tienda\",\"item\":\"https:\\\/\\\/medicinasinc.com\\\/es\\\/tienda\\\/\"},{\"@type\":\"ListItem\",\"position\":2,\"name\":\"Comprar MDAI Crystal &amp; Polvo\"}]},{\"@type\":\"WebSite\",\"@id\":\"https:\\\/\\\/medicinasinc.com\\\/es\\\/#website\",\"url\":\"https:\\\/\\\/medicinasinc.com\\\/es\\\/\",\"name\":\"Medicinas Inc\",\"description\":\"Cl\u00ednica M\u00e9dica de Salud\",\"potentialAction\":[{\"@type\":\"SearchAction\",\"target\":{\"@type\":\"EntryPoint\",\"urlTemplate\":\"https:\\\/\\\/medicinasinc.com\\\/es\\\/?s={search_term_string}\"},\"query-input\":{\"@type\":\"PropertyValueSpecification\",\"valueRequired\":true,\"valueName\":\"search_term_string\"}}],\"inLanguage\":\"es\"}]}<\/script>\n<!-- \/ Yoast SEO plugin. -->","yoast_head_json":{"title":"Comprar MDAI Crystal &amp; Polvo barato en l\u00ednea - Best Global Meds","description":"Comprar MDAI Crystal &amp; Polvo a la venta en Reino Unido, Europa barato en l\u00ednea. MDAI o 5,6-Metilendioxi-2-aminoindano Compre MDAI o 5,6-Metilendioxi-2-aminoindano.","robots":{"index":"index","follow":"follow","max-snippet":"max-snippet:-1","max-image-preview":"max-image-preview:large","max-video-preview":"max-video-preview:-1"},"canonical":"https:\/\/medicinasinc.com\/es\/product\/comprar-mdai-crystal-powder\/","og_locale":"es_ES","og_type":"article","og_title":"Comprar MDAI Crystal &amp; Polvo barato en l\u00ednea - Best Global Meds","og_description":"Comprar MDAI Crystal &amp; Polvo a la venta en Reino Unido, Europa barato en l\u00ednea. MDAI o 5,6-Metilendioxi-2-aminoindano Compre MDAI o 5,6-Metilendioxi-2-aminoindano.","og_url":"https:\/\/medicinasinc.com\/es\/product\/comprar-mdai-crystal-powder\/","og_site_name":"Medicinas Inc","article_modified_time":"2022-03-22T00:43:04+00:00","og_image":[{"width":600,"height":600,"url":"https:\/\/medicinasinc.com\/es\/wp-content\/uploads\/sites\/15\/2022\/02\/buy-mdai-crystal-powder-cheap-online.jpg","type":"image\/jpeg"}],"twitter_card":"summary_large_image","twitter_misc":{"Tiempo de lectura":"2 minutos"},"schema":{"@context":"https:\/\/schema.org","@graph":[{"@type":"WebPage","@id":"https:\/\/medicinasinc.com\/es\/product\/comprar-mdai-crystal-powder\/","url":"https:\/\/medicinasinc.com\/es\/product\/comprar-mdai-crystal-powder\/","name":"Comprar MDAI Crystal &amp; Polvo barato en l\u00ednea - Best Global Meds","isPartOf":{"@id":"https:\/\/medicinasinc.com\/es\/#website"},"primaryImageOfPage":{"@id":"https:\/\/medicinasinc.com\/es\/product\/comprar-mdai-crystal-powder\/#primaryimage"},"image":{"@id":"https:\/\/medicinasinc.com\/es\/product\/comprar-mdai-crystal-powder\/#primaryimage"},"thumbnailUrl":"https:\/\/medicinasinc.com\/es\/wp-content\/uploads\/sites\/15\/2022\/02\/buy-mdai-crystal-powder-cheap-online.jpg","datePublished":"2022-02-22T01:48:50+00:00","dateModified":"2022-03-22T00:43:04+00:00","description":"Comprar MDAI Crystal &amp; Polvo a la venta en Reino Unido, Europa barato en l\u00ednea. MDAI o 5,6-Metilendioxi-2-aminoindano Compre MDAI o 5,6-Metilendioxi-2-aminoindano.","breadcrumb":{"@id":"https:\/\/medicinasinc.com\/es\/product\/comprar-mdai-crystal-powder\/#breadcrumb"},"inLanguage":"es","potentialAction":[{"@type":"ReadAction","target":["https:\/\/medicinasinc.com\/es\/product\/comprar-mdai-crystal-powder\/"]}]},{"@type":"ImageObject","inLanguage":"es","@id":"https:\/\/medicinasinc.com\/es\/product\/comprar-mdai-crystal-powder\/#primaryimage","url":"https:\/\/medicinasinc.com\/es\/wp-content\/uploads\/sites\/15\/2022\/02\/buy-mdai-crystal-powder-cheap-online.jpg","contentUrl":"https:\/\/medicinasinc.com\/es\/wp-content\/uploads\/sites\/15\/2022\/02\/buy-mdai-crystal-powder-cheap-online.jpg","width":600,"height":600},{"@type":"BreadcrumbList","@id":"https:\/\/medicinasinc.com\/es\/product\/comprar-mdai-crystal-powder\/#breadcrumb","itemListElement":[{"@type":"ListItem","position":1,"name":"Tienda","item":"https:\/\/medicinasinc.com\/es\/tienda\/"},{"@type":"ListItem","position":2,"name":"Comprar MDAI Crystal &amp; Polvo"}]},{"@type":"WebSite","@id":"https:\/\/medicinasinc.com\/es\/#website","url":"https:\/\/medicinasinc.com\/es\/","name":"Medicinas Inc","description":"Cl\u00ednica M\u00e9dica de Salud","potentialAction":[{"@type":"SearchAction","target":{"@type":"EntryPoint","urlTemplate":"https:\/\/medicinasinc.com\/es\/?s={search_term_string}"},"query-input":{"@type":"PropertyValueSpecification","valueRequired":true,"valueName":"search_term_string"}}],"inLanguage":"es"}]}},"_links":{"self":[{"href":"https:\/\/medicinasinc.com\/es\/wp-json\/wp\/v2\/product\/5564","targetHints":{"allow":["GET"]}}],"collection":[{"href":"https:\/\/medicinasinc.com\/es\/wp-json\/wp\/v2\/product"}],"about":[{"href":"https:\/\/medicinasinc.com\/es\/wp-json\/wp\/v2\/types\/product"}],"replies":[{"embeddable":true,"href":"https:\/\/medicinasinc.com\/es\/wp-json\/wp\/v2\/comments?post=5564"}],"wp:featuredmedia":[{"embeddable":true,"href":"https:\/\/medicinasinc.com\/es\/wp-json\/wp\/v2\/media\/5574"}],"wp:attachment":[{"href":"https:\/\/medicinasinc.com\/es\/wp-json\/wp\/v2\/media?parent=5564"}],"wp:term":[{"taxonomy":"product_brand","embeddable":true,"href":"https:\/\/medicinasinc.com\/es\/wp-json\/wp\/v2\/product_brand?post=5564"},{"taxonomy":"product_cat","embeddable":true,"href":"https:\/\/medicinasinc.com\/es\/wp-json\/wp\/v2\/product_cat?post=5564"},{"taxonomy":"product_tag","embeddable":true,"href":"https:\/\/medicinasinc.com\/es\/wp-json\/wp\/v2\/product_tag?post=5564"}],"curies":[{"name":"wp","href":"https:\/\/api.w.org\/{rel}","templated":true}]}}