{"id":5563,"date":"2022-02-22T01:47:13","date_gmt":"2022-02-22T01:47:13","guid":{"rendered":"https:\/\/medicinasinc.com\/es\/?post_type=product&#038;p=5563"},"modified":"2022-03-22T00:43:15","modified_gmt":"2022-03-22T00:43:15","slug":"comprar-marfil-ola-sal-de-bano","status":"publish","type":"product","link":"https:\/\/medicinasinc.com\/es\/product\/comprar-marfil-ola-sal-de-bano\/","title":{"rendered":"Comprar sal de ba\u00f1o marfil Wave"},"content":{"rendered":"<p>Las sales de ba\u00f1o de Best Global Meds son de la mejor calidad y te dejar\u00e1n sinti\u00e9ndote limpio y fresco despu\u00e9s de un ba\u00f1o relajante. Debido a que solo vendemos productos de la m\u00e1s alta calidad, puede estar seguro de que su compra de \u00abcomprar sales de ba\u00f1o de ondas de marfil en l\u00ednea\u00bb llegar\u00e1 en perfectas condiciones. Tambi\u00e9n est\u00e1n disponibles a precios razonables al por mayor y al por menor varios tipos de sales de ba\u00f1o concentradas.<\/p>\n<p>\u00a1El aroma de nuestras sales de ba\u00f1o llena la habitaci\u00f3n!<\/p>\n<p>Las sales de ba\u00f1o Ivory Wave se pueden comprar en l\u00ednea.<\/p>\n<p>\u00bfD\u00f3nde se pueden adquirir las sales de ba\u00f1o Ivory Wave a trav\u00e9s de Internet? Las sales de ba\u00f1o Ivory Wave se pueden comprar en l\u00ednea en Chemicals Lab sin ning\u00fan esfuerzo ni incomodidad. Cada vez que compra sales de ba\u00f1o ivory wave en nuestra farmacia en l\u00ednea, hacemos todo lo posible para asegurarnos de que obtenga el mejor precio posible. Nuestra misi\u00f3n en Best Global Meds es reducir los costos de nuestros clientes y aumentar el valor que reciben.<\/p>\n","protected":false},"excerpt":{"rendered":"<div class=\"woocommerce-product-details__short-description\">\n<p>\u00bfEst\u00e1 pagando de m\u00e1s por las sales de ba\u00f1o ivory wave en l\u00ednea? Compre sales de ba\u00f1o de ondas de marfil para la venta en el Reino Unido, Europa en l\u00ednea en Best Global Meds. Conozca las sales de ba\u00f1o ivory wave a la venta<\/p>\n<p>&nbsp;<\/p>\n<\/p><\/div>\n","protected":false},"featured_media":5572,"comment_status":"open","ping_status":"closed","template":"","meta":[],"product_brand":[],"product_cat":[2014],"product_tag":[3081,3082,3092,3086,3087,3089,3091,3090,3085,3088,3083,3084],"class_list":{"0":"post-5563","1":"product","2":"type-product","3":"status-publish","4":"has-post-thumbnail","6":"product_cat-comprar-investigacion-quimicos","7":"product_tag-buy-ivory-wave-bath-salts-online","8":"product_tag-comprar-marfil-ola-sal-de-bano","9":"product_tag-donde-comprar-sales-de-bano-ivory-wave","10":"product_tag-sal-de-bano-ola-marfil-efecto","11":"product_tag-lvory-wave-bath-salt-europe","12":"product_tag-lvory-wave-bao-sal-orden","13":"product_tag-ordenar-marfil-ola-sales-de-bano-online","14":"product_tag-lvory-wave-bath-sal-mayorista","15":"product_tag-sal-de-bano-marfil-onda-comprar","16":"product_tag-lvory-wave-bao-sal-online","17":"product_tag-sales-de-bano-marfil-onda","18":"product_tag-sales-de-bano-ivory-wave-en-venta","20":"first","21":"instock","22":"shipping-taxable","23":"purchasable","24":"product-type-variable"},"yoast_head":"<!-- This site is optimized with the Yoast SEO plugin v27.2 - https:\/\/yoast.com\/product\/yoast-seo-wordpress\/ -->\n<title>Comprar sal de ba\u00f1o Ivory Wave - Sal de ba\u00f1o Lvory Wave - Best Global Meds<\/title>\n<meta name=\"description\" content=\"\u00bfEst\u00e1 pagando de m\u00e1s por las sales de ba\u00f1o ivory wave en l\u00ednea? Compre sales de ba\u00f1o de ondas de marfil para la venta en el Reino Unido, Europa en l\u00ednea en Best Global Meds. Conozca las sales de ba\u00f1o ivory wave a la venta\" \/>\n<meta name=\"robots\" content=\"index, follow, max-snippet:-1, max-image-preview:large, max-video-preview:-1\" \/>\n<link rel=\"canonical\" href=\"https:\/\/medicinasinc.com\/es\/product\/comprar-marfil-ola-sal-de-bano\/\" \/>\n<meta property=\"og:locale\" content=\"es_ES\" \/>\n<meta property=\"og:type\" content=\"article\" \/>\n<meta property=\"og:title\" content=\"Comprar sal de ba\u00f1o Ivory Wave - Sal de ba\u00f1o Lvory Wave - Best Global Meds\" \/>\n<meta property=\"og:description\" content=\"\u00bfEst\u00e1 pagando de m\u00e1s por las sales de ba\u00f1o ivory wave en l\u00ednea? Compre sales de ba\u00f1o de ondas de marfil para la venta en el Reino Unido, Europa en l\u00ednea en Best Global Meds. Conozca las sales de ba\u00f1o ivory wave a la venta\" \/>\n<meta property=\"og:url\" content=\"https:\/\/medicinasinc.com\/es\/product\/comprar-marfil-ola-sal-de-bano\/\" \/>\n<meta property=\"og:site_name\" content=\"Medicinas Inc\" \/>\n<meta property=\"article:modified_time\" content=\"2022-03-22T00:43:15+00:00\" \/>\n<meta property=\"og:image\" content=\"https:\/\/medicinasinc.com\/es\/wp-content\/uploads\/sites\/15\/2022\/02\/Buy-Lvory-Wave-Bath-Salt.jpg\" \/>\n\t<meta property=\"og:image:width\" content=\"450\" \/>\n\t<meta property=\"og:image:height\" content=\"316\" \/>\n\t<meta property=\"og:image:type\" content=\"image\/jpeg\" \/>\n<meta name=\"twitter:card\" content=\"summary_large_image\" \/>\n<meta name=\"twitter:label1\" content=\"Tiempo de lectura\" \/>\n\t<meta name=\"twitter:data1\" content=\"1 minuto\" \/>\n<script type=\"application\/ld+json\" class=\"yoast-schema-graph\">{\"@context\":\"https:\/\/schema.org\",\"@graph\":[{\"@type\":\"WebPage\",\"@id\":\"https:\/\/medicinasinc.com\/es\/product\/comprar-marfil-ola-sal-de-bano\/\",\"url\":\"https:\/\/medicinasinc.com\/es\/product\/comprar-marfil-ola-sal-de-bano\/\",\"name\":\"Comprar sal de ba\u00f1o Ivory Wave - Sal de ba\u00f1o Lvory Wave - Best Global Meds\",\"isPartOf\":{\"@id\":\"https:\/\/medicinasinc.com\/es\/#website\"},\"primaryImageOfPage\":{\"@id\":\"https:\/\/medicinasinc.com\/es\/product\/comprar-marfil-ola-sal-de-bano\/#primaryimage\"},\"image\":{\"@id\":\"https:\/\/medicinasinc.com\/es\/product\/comprar-marfil-ola-sal-de-bano\/#primaryimage\"},\"thumbnailUrl\":\"https:\/\/medicinasinc.com\/es\/wp-content\/uploads\/sites\/15\/2022\/02\/Buy-Lvory-Wave-Bath-Salt.jpg\",\"datePublished\":\"2022-02-22T01:47:13+00:00\",\"dateModified\":\"2022-03-22T00:43:15+00:00\",\"description\":\"\u00bfEst\u00e1 pagando de m\u00e1s por las sales de ba\u00f1o ivory wave en l\u00ednea? Compre sales de ba\u00f1o de ondas de marfil para la venta en el Reino Unido, Europa en l\u00ednea en Best Global Meds. Conozca las sales de ba\u00f1o ivory wave a la venta\",\"breadcrumb\":{\"@id\":\"https:\/\/medicinasinc.com\/es\/product\/comprar-marfil-ola-sal-de-bano\/#breadcrumb\"},\"inLanguage\":\"es\",\"potentialAction\":[{\"@type\":\"ReadAction\",\"target\":[\"https:\/\/medicinasinc.com\/es\/product\/comprar-marfil-ola-sal-de-bano\/\"]}]},{\"@type\":\"ImageObject\",\"inLanguage\":\"es\",\"@id\":\"https:\/\/medicinasinc.com\/es\/product\/comprar-marfil-ola-sal-de-bano\/#primaryimage\",\"url\":\"https:\/\/medicinasinc.com\/es\/wp-content\/uploads\/sites\/15\/2022\/02\/Buy-Lvory-Wave-Bath-Salt.jpg\",\"contentUrl\":\"https:\/\/medicinasinc.com\/es\/wp-content\/uploads\/sites\/15\/2022\/02\/Buy-Lvory-Wave-Bath-Salt.jpg\",\"width\":450,\"height\":316},{\"@type\":\"BreadcrumbList\",\"@id\":\"https:\/\/medicinasinc.com\/es\/product\/comprar-marfil-ola-sal-de-bano\/#breadcrumb\",\"itemListElement\":[{\"@type\":\"ListItem\",\"position\":1,\"name\":\"Tienda\",\"item\":\"https:\/\/medicinasinc.com\/es\/tienda\/\"},{\"@type\":\"ListItem\",\"position\":2,\"name\":\"Comprar sal de ba\u00f1o marfil Wave\"}]},{\"@type\":\"WebSite\",\"@id\":\"https:\/\/medicinasinc.com\/es\/#website\",\"url\":\"https:\/\/medicinasinc.com\/es\/\",\"name\":\"Medicinas Inc\",\"description\":\"Cl\u00ednica M\u00e9dica de Salud\",\"potentialAction\":[{\"@type\":\"SearchAction\",\"target\":{\"@type\":\"EntryPoint\",\"urlTemplate\":\"https:\/\/medicinasinc.com\/es\/?s={search_term_string}\"},\"query-input\":{\"@type\":\"PropertyValueSpecification\",\"valueRequired\":true,\"valueName\":\"search_term_string\"}}],\"inLanguage\":\"es\"}]}<\/script>\n<!-- \/ Yoast SEO plugin. -->","yoast_head_json":{"title":"Comprar sal de ba\u00f1o Ivory Wave - Sal de ba\u00f1o Lvory Wave - Best Global Meds","description":"\u00bfEst\u00e1 pagando de m\u00e1s por las sales de ba\u00f1o ivory wave en l\u00ednea? Compre sales de ba\u00f1o de ondas de marfil para la venta en el Reino Unido, Europa en l\u00ednea en Best Global Meds. Conozca las sales de ba\u00f1o ivory wave a la venta","robots":{"index":"index","follow":"follow","max-snippet":"max-snippet:-1","max-image-preview":"max-image-preview:large","max-video-preview":"max-video-preview:-1"},"canonical":"https:\/\/medicinasinc.com\/es\/product\/comprar-marfil-ola-sal-de-bano\/","og_locale":"es_ES","og_type":"article","og_title":"Comprar sal de ba\u00f1o Ivory Wave - Sal de ba\u00f1o Lvory Wave - Best Global Meds","og_description":"\u00bfEst\u00e1 pagando de m\u00e1s por las sales de ba\u00f1o ivory wave en l\u00ednea? Compre sales de ba\u00f1o de ondas de marfil para la venta en el Reino Unido, Europa en l\u00ednea en Best Global Meds. Conozca las sales de ba\u00f1o ivory wave a la venta","og_url":"https:\/\/medicinasinc.com\/es\/product\/comprar-marfil-ola-sal-de-bano\/","og_site_name":"Medicinas Inc","article_modified_time":"2022-03-22T00:43:15+00:00","og_image":[{"width":450,"height":316,"url":"https:\/\/medicinasinc.com\/es\/wp-content\/uploads\/sites\/15\/2022\/02\/Buy-Lvory-Wave-Bath-Salt.jpg","type":"image\/jpeg"}],"twitter_card":"summary_large_image","twitter_misc":{"Tiempo de lectura":"1 minuto"},"schema":{"@context":"https:\/\/schema.org","@graph":[{"@type":"WebPage","@id":"https:\/\/medicinasinc.com\/es\/product\/comprar-marfil-ola-sal-de-bano\/","url":"https:\/\/medicinasinc.com\/es\/product\/comprar-marfil-ola-sal-de-bano\/","name":"Comprar sal de ba\u00f1o Ivory Wave - Sal de ba\u00f1o Lvory Wave - Best Global Meds","isPartOf":{"@id":"https:\/\/medicinasinc.com\/es\/#website"},"primaryImageOfPage":{"@id":"https:\/\/medicinasinc.com\/es\/product\/comprar-marfil-ola-sal-de-bano\/#primaryimage"},"image":{"@id":"https:\/\/medicinasinc.com\/es\/product\/comprar-marfil-ola-sal-de-bano\/#primaryimage"},"thumbnailUrl":"https:\/\/medicinasinc.com\/es\/wp-content\/uploads\/sites\/15\/2022\/02\/Buy-Lvory-Wave-Bath-Salt.jpg","datePublished":"2022-02-22T01:47:13+00:00","dateModified":"2022-03-22T00:43:15+00:00","description":"\u00bfEst\u00e1 pagando de m\u00e1s por las sales de ba\u00f1o ivory wave en l\u00ednea? Compre sales de ba\u00f1o de ondas de marfil para la venta en el Reino Unido, Europa en l\u00ednea en Best Global Meds. Conozca las sales de ba\u00f1o ivory wave a la venta","breadcrumb":{"@id":"https:\/\/medicinasinc.com\/es\/product\/comprar-marfil-ola-sal-de-bano\/#breadcrumb"},"inLanguage":"es","potentialAction":[{"@type":"ReadAction","target":["https:\/\/medicinasinc.com\/es\/product\/comprar-marfil-ola-sal-de-bano\/"]}]},{"@type":"ImageObject","inLanguage":"es","@id":"https:\/\/medicinasinc.com\/es\/product\/comprar-marfil-ola-sal-de-bano\/#primaryimage","url":"https:\/\/medicinasinc.com\/es\/wp-content\/uploads\/sites\/15\/2022\/02\/Buy-Lvory-Wave-Bath-Salt.jpg","contentUrl":"https:\/\/medicinasinc.com\/es\/wp-content\/uploads\/sites\/15\/2022\/02\/Buy-Lvory-Wave-Bath-Salt.jpg","width":450,"height":316},{"@type":"BreadcrumbList","@id":"https:\/\/medicinasinc.com\/es\/product\/comprar-marfil-ola-sal-de-bano\/#breadcrumb","itemListElement":[{"@type":"ListItem","position":1,"name":"Tienda","item":"https:\/\/medicinasinc.com\/es\/tienda\/"},{"@type":"ListItem","position":2,"name":"Comprar sal de ba\u00f1o marfil Wave"}]},{"@type":"WebSite","@id":"https:\/\/medicinasinc.com\/es\/#website","url":"https:\/\/medicinasinc.com\/es\/","name":"Medicinas Inc","description":"Cl\u00ednica M\u00e9dica de Salud","potentialAction":[{"@type":"SearchAction","target":{"@type":"EntryPoint","urlTemplate":"https:\/\/medicinasinc.com\/es\/?s={search_term_string}"},"query-input":{"@type":"PropertyValueSpecification","valueRequired":true,"valueName":"search_term_string"}}],"inLanguage":"es"}]}},"_links":{"self":[{"href":"https:\/\/medicinasinc.com\/es\/wp-json\/wp\/v2\/product\/5563","targetHints":{"allow":["GET"]}}],"collection":[{"href":"https:\/\/medicinasinc.com\/es\/wp-json\/wp\/v2\/product"}],"about":[{"href":"https:\/\/medicinasinc.com\/es\/wp-json\/wp\/v2\/types\/product"}],"replies":[{"embeddable":true,"href":"https:\/\/medicinasinc.com\/es\/wp-json\/wp\/v2\/comments?post=5563"}],"wp:featuredmedia":[{"embeddable":true,"href":"https:\/\/medicinasinc.com\/es\/wp-json\/wp\/v2\/media\/5572"}],"wp:attachment":[{"href":"https:\/\/medicinasinc.com\/es\/wp-json\/wp\/v2\/media?parent=5563"}],"wp:term":[{"taxonomy":"product_brand","embeddable":true,"href":"https:\/\/medicinasinc.com\/es\/wp-json\/wp\/v2\/product_brand?post=5563"},{"taxonomy":"product_cat","embeddable":true,"href":"https:\/\/medicinasinc.com\/es\/wp-json\/wp\/v2\/product_cat?post=5563"},{"taxonomy":"product_tag","embeddable":true,"href":"https:\/\/medicinasinc.com\/es\/wp-json\/wp\/v2\/product_tag?post=5563"}],"curies":[{"name":"wp","href":"https:\/\/api.w.org\/{rel}","templated":true}]}}