{"id":5549,"date":"2022-02-22T01:34:03","date_gmt":"2022-02-22T01:34:03","guid":{"rendered":"https:\/\/medicinasinc.com\/es\/?post_type=product&#038;p=5549"},"modified":"2022-03-22T00:43:25","modified_gmt":"2022-03-22T00:43:25","slug":"comprar-jwh-210-quimico-polvo","status":"publish","type":"product","link":"https:\/\/medicinasinc.com\/es\/product\/comprar-jwh-210-quimico-polvo\/","title":{"rendered":"Comprar polvo qu\u00edmico JWH-210"},"content":{"rendered":"<p>El polvo qu\u00edmico de JWH-210 se puede comprar en l\u00ednea.<\/p>\n<p>Compre el polvo qu\u00edmico JWH-210 en Internet. Uno de los antidepresivos m\u00e1s utilizados en los Estados Unidos es JWH-210. El cannabinoide tiene un efecto poderoso.<\/p>\n<p>Polvo WH-210 en l\u00ednea<\/p>\n<p>Para aliviar el dolor, el polvo JWH-210 de la familia de los naftoilindoles funciona como un agonista de cannabinoides en los receptores CB1 y CB2 , con un valor Ki de 0,46 nM para CB1 y 0,69 nM para CB2. Como derivado de naftoilo sustituido en 4, tiene una afinidad de uni\u00f3n m\u00e1s fuerte (es decir, menor Ki) en CB1 que sus hom\u00f3logos 4-metilo y 4-N-propilo, JWH-122 (CB1 Ki 0,69 nM) y JWH-182 (CB1 Ki 0,65 nM) y la mol\u00e9cula 4-metoxi JWH-081 (CB1 Ki 1,2 nM). John W. Huffman, quien hizo el descubrimiento, fue honrado con el honor de que su hallazgo llevara su nombre.<\/p>\n<p>Hay dos tipos de receptores de cannabinoides en el cuerpo: CB1 y CB2. JWH-210 es analg\u00e9sico y funciona como agonista de ambos. CB1 Ki est\u00e1 a 0,46 nM y CB2 Ki a 0,69 nM. Un fuerte derivado de naftoilo sustituido en 4 de la serie naftoilindol, tiene una mayor afinidad por la uni\u00f3n a CB1 que JWH-122, JWH-182 y JWH-081 de los cannabinoides sint\u00e9ticos de primera generaci\u00f3n (1).<\/p>\n<p> V\u00edas metab\u00f3licas: JWH-210 tiene varios metabolitos conocidos, incluido el metabolito del \u00e1cido N-pentanoico (detectable en orina), el metabolito N-(4-hidroxipentilo) (detectable en orina y suero), el metabolito N-(5-hidroxipentilo) (detectable en orina y suero) y el metabolito 5 hidroxiindol (detectable en orina y suero) (detectable en orina y suero). Tambi\u00e9n se ha dicho que el anillo de naftoilo ha sido hidroxilado (2).<\/p>\n<p>Cuando se roc\u00eda sobre plantas, JWH-210 tiene los mismos efectos y toxicidad que la marihuana, seg\u00fan los usuarios. A los 2-5 minutos de la inyecci\u00f3n, los efectos comienzan a sentirse. Se sabe poco sobre los efectos de JWH-210 solo, sin embargo, los cannabinoides sint\u00e9ticos com\u00fanmente causan cambios en el estado de \u00e1nimo y la percepci\u00f3n, ataques de p\u00e1nico y agitaci\u00f3n, un subid\u00f3n similar al del cannabis y efectos alucin\u00f3genos menores (visuales y auditivos).<\/p>\n","protected":false},"excerpt":{"rendered":"<p>Comprar polvo qu\u00edmico JWH-210 a la venta en l\u00ednea en Reino Unido, Europa, UE. El polvo qu\u00edmico JWH-210 es un qu\u00edmico analg\u00e9sico de la familia de los naftoilindoles.<\/p>\n<h3 class=\"product_title\"> El polvo JWH-210 en l\u00ednea compra el JWH-210 original con una pureza del 99 % <\/h3>\n","protected":false},"featured_media":5560,"comment_status":"open","ping_status":"closed","template":"","meta":[],"product_brand":[],"product_cat":[2014],"product_tag":[3070,3071,3073,3072,3075,3034,3074,3076,3078,3079,3047,3077,3080],"class_list":{"0":"post-5549","1":"product","2":"type-product","3":"status-publish","4":"has-post-thumbnail","6":"product_cat-comprar-investigacion-quimicos","7":"product_tag-buy-jwh-210","8":"product_tag-buy-jwh-210-europe","9":"product_tag-comprar-jwh-210-usa","10":"product_tag-comprar-jwh-210-es","11":"product_tag-jwh-210-dosis","12":"product_tag-jwh-018","13":"product_tag-jwh-210-comprar","14":"product_tag-jwh-210-estado-legal-usa","15":"product_tag-jwh-210-psiconauta","16":"product_tag-jwh-210-reddit","17":"product_tag-jwh-250","18":"product_tag-orden-jwh-210","19":"product_tag-jwh-210-revisi-c3-b3n","21":"first","22":"instock","23":"shipping-taxable","24":"purchasable","25":"product-type-variable","26":"has-default-attributes"},"yoast_head":"<!-- This site is optimized with the Yoast SEO plugin v27.2 - https:\/\/yoast.com\/product\/yoast-seo-wordpress\/ -->\n<title>Comprar polvo qu\u00edmico JWH-210 - Best Global Meds<\/title>\n<meta name=\"description\" content=\"Compre polvo qu\u00edmico JWH-210 a la venta en l\u00ednea en el Reino Unido, Europa. El polvo qu\u00edmico JWH-210 es un qu\u00edmico analg\u00e9sico de la familia de los naftoilindoles.\" \/>\n<meta name=\"robots\" content=\"index, follow, max-snippet:-1, max-image-preview:large, max-video-preview:-1\" \/>\n<link rel=\"canonical\" href=\"https:\/\/medicinasinc.com\/es\/product\/comprar-jwh-210-quimico-polvo\/\" \/>\n<meta property=\"og:locale\" content=\"es_ES\" \/>\n<meta property=\"og:type\" content=\"article\" \/>\n<meta property=\"og:title\" content=\"Comprar polvo qu\u00edmico JWH-210 - Best Global Meds\" \/>\n<meta property=\"og:description\" content=\"Compre polvo qu\u00edmico JWH-210 a la venta en l\u00ednea en el Reino Unido, Europa. El polvo qu\u00edmico JWH-210 es un qu\u00edmico analg\u00e9sico de la familia de los naftoilindoles.\" \/>\n<meta property=\"og:url\" content=\"https:\/\/medicinasinc.com\/es\/product\/comprar-jwh-210-quimico-polvo\/\" \/>\n<meta property=\"og:site_name\" content=\"Medicinas Inc\" \/>\n<meta property=\"article:modified_time\" content=\"2022-03-22T00:43:25+00:00\" \/>\n<meta property=\"og:image\" content=\"https:\/\/medicinasinc.com\/es\/wp-content\/uploads\/sites\/15\/2022\/02\/Buy-JWH-210-Chemical-Powder-Online.jpg\" \/>\n\t<meta property=\"og:image:width\" content=\"600\" \/>\n\t<meta property=\"og:image:height\" content=\"600\" \/>\n\t<meta property=\"og:image:type\" content=\"image\/jpeg\" \/>\n<meta name=\"twitter:card\" content=\"summary_large_image\" \/>\n<meta name=\"twitter:label1\" content=\"Tiempo de lectura\" \/>\n\t<meta name=\"twitter:data1\" content=\"2 minutos\" \/>\n<script type=\"application\/ld+json\" class=\"yoast-schema-graph\">{\"@context\":\"https:\/\/schema.org\",\"@graph\":[{\"@type\":\"WebPage\",\"@id\":\"https:\/\/medicinasinc.com\/es\/product\/comprar-jwh-210-quimico-polvo\/\",\"url\":\"https:\/\/medicinasinc.com\/es\/product\/comprar-jwh-210-quimico-polvo\/\",\"name\":\"Comprar polvo qu\u00edmico JWH-210 - Best Global Meds\",\"isPartOf\":{\"@id\":\"https:\/\/medicinasinc.com\/es\/#website\"},\"primaryImageOfPage\":{\"@id\":\"https:\/\/medicinasinc.com\/es\/product\/comprar-jwh-210-quimico-polvo\/#primaryimage\"},\"image\":{\"@id\":\"https:\/\/medicinasinc.com\/es\/product\/comprar-jwh-210-quimico-polvo\/#primaryimage\"},\"thumbnailUrl\":\"https:\/\/medicinasinc.com\/es\/wp-content\/uploads\/sites\/15\/2022\/02\/Buy-JWH-210-Chemical-Powder-Online.jpg\",\"datePublished\":\"2022-02-22T01:34:03+00:00\",\"dateModified\":\"2022-03-22T00:43:25+00:00\",\"description\":\"Compre polvo qu\u00edmico JWH-210 a la venta en l\u00ednea en el Reino Unido, Europa. El polvo qu\u00edmico JWH-210 es un qu\u00edmico analg\u00e9sico de la familia de los naftoilindoles.\",\"breadcrumb\":{\"@id\":\"https:\/\/medicinasinc.com\/es\/product\/comprar-jwh-210-quimico-polvo\/#breadcrumb\"},\"inLanguage\":\"es\",\"potentialAction\":[{\"@type\":\"ReadAction\",\"target\":[\"https:\/\/medicinasinc.com\/es\/product\/comprar-jwh-210-quimico-polvo\/\"]}]},{\"@type\":\"ImageObject\",\"inLanguage\":\"es\",\"@id\":\"https:\/\/medicinasinc.com\/es\/product\/comprar-jwh-210-quimico-polvo\/#primaryimage\",\"url\":\"https:\/\/medicinasinc.com\/es\/wp-content\/uploads\/sites\/15\/2022\/02\/Buy-JWH-210-Chemical-Powder-Online.jpg\",\"contentUrl\":\"https:\/\/medicinasinc.com\/es\/wp-content\/uploads\/sites\/15\/2022\/02\/Buy-JWH-210-Chemical-Powder-Online.jpg\",\"width\":600,\"height\":600},{\"@type\":\"BreadcrumbList\",\"@id\":\"https:\/\/medicinasinc.com\/es\/product\/comprar-jwh-210-quimico-polvo\/#breadcrumb\",\"itemListElement\":[{\"@type\":\"ListItem\",\"position\":1,\"name\":\"Tienda\",\"item\":\"https:\/\/medicinasinc.com\/es\/tienda\/\"},{\"@type\":\"ListItem\",\"position\":2,\"name\":\"Comprar polvo qu\u00edmico JWH-210\"}]},{\"@type\":\"WebSite\",\"@id\":\"https:\/\/medicinasinc.com\/es\/#website\",\"url\":\"https:\/\/medicinasinc.com\/es\/\",\"name\":\"Medicinas Inc\",\"description\":\"Cl\u00ednica M\u00e9dica de Salud\",\"potentialAction\":[{\"@type\":\"SearchAction\",\"target\":{\"@type\":\"EntryPoint\",\"urlTemplate\":\"https:\/\/medicinasinc.com\/es\/?s={search_term_string}\"},\"query-input\":{\"@type\":\"PropertyValueSpecification\",\"valueRequired\":true,\"valueName\":\"search_term_string\"}}],\"inLanguage\":\"es\"}]}<\/script>\n<!-- \/ Yoast SEO plugin. -->","yoast_head_json":{"title":"Comprar polvo qu\u00edmico JWH-210 - Best Global Meds","description":"Compre polvo qu\u00edmico JWH-210 a la venta en l\u00ednea en el Reino Unido, Europa. El polvo qu\u00edmico JWH-210 es un qu\u00edmico analg\u00e9sico de la familia de los naftoilindoles.","robots":{"index":"index","follow":"follow","max-snippet":"max-snippet:-1","max-image-preview":"max-image-preview:large","max-video-preview":"max-video-preview:-1"},"canonical":"https:\/\/medicinasinc.com\/es\/product\/comprar-jwh-210-quimico-polvo\/","og_locale":"es_ES","og_type":"article","og_title":"Comprar polvo qu\u00edmico JWH-210 - Best Global Meds","og_description":"Compre polvo qu\u00edmico JWH-210 a la venta en l\u00ednea en el Reino Unido, Europa. El polvo qu\u00edmico JWH-210 es un qu\u00edmico analg\u00e9sico de la familia de los naftoilindoles.","og_url":"https:\/\/medicinasinc.com\/es\/product\/comprar-jwh-210-quimico-polvo\/","og_site_name":"Medicinas Inc","article_modified_time":"2022-03-22T00:43:25+00:00","og_image":[{"width":600,"height":600,"url":"https:\/\/medicinasinc.com\/es\/wp-content\/uploads\/sites\/15\/2022\/02\/Buy-JWH-210-Chemical-Powder-Online.jpg","type":"image\/jpeg"}],"twitter_card":"summary_large_image","twitter_misc":{"Tiempo de lectura":"2 minutos"},"schema":{"@context":"https:\/\/schema.org","@graph":[{"@type":"WebPage","@id":"https:\/\/medicinasinc.com\/es\/product\/comprar-jwh-210-quimico-polvo\/","url":"https:\/\/medicinasinc.com\/es\/product\/comprar-jwh-210-quimico-polvo\/","name":"Comprar polvo qu\u00edmico JWH-210 - Best Global Meds","isPartOf":{"@id":"https:\/\/medicinasinc.com\/es\/#website"},"primaryImageOfPage":{"@id":"https:\/\/medicinasinc.com\/es\/product\/comprar-jwh-210-quimico-polvo\/#primaryimage"},"image":{"@id":"https:\/\/medicinasinc.com\/es\/product\/comprar-jwh-210-quimico-polvo\/#primaryimage"},"thumbnailUrl":"https:\/\/medicinasinc.com\/es\/wp-content\/uploads\/sites\/15\/2022\/02\/Buy-JWH-210-Chemical-Powder-Online.jpg","datePublished":"2022-02-22T01:34:03+00:00","dateModified":"2022-03-22T00:43:25+00:00","description":"Compre polvo qu\u00edmico JWH-210 a la venta en l\u00ednea en el Reino Unido, Europa. El polvo qu\u00edmico JWH-210 es un qu\u00edmico analg\u00e9sico de la familia de los naftoilindoles.","breadcrumb":{"@id":"https:\/\/medicinasinc.com\/es\/product\/comprar-jwh-210-quimico-polvo\/#breadcrumb"},"inLanguage":"es","potentialAction":[{"@type":"ReadAction","target":["https:\/\/medicinasinc.com\/es\/product\/comprar-jwh-210-quimico-polvo\/"]}]},{"@type":"ImageObject","inLanguage":"es","@id":"https:\/\/medicinasinc.com\/es\/product\/comprar-jwh-210-quimico-polvo\/#primaryimage","url":"https:\/\/medicinasinc.com\/es\/wp-content\/uploads\/sites\/15\/2022\/02\/Buy-JWH-210-Chemical-Powder-Online.jpg","contentUrl":"https:\/\/medicinasinc.com\/es\/wp-content\/uploads\/sites\/15\/2022\/02\/Buy-JWH-210-Chemical-Powder-Online.jpg","width":600,"height":600},{"@type":"BreadcrumbList","@id":"https:\/\/medicinasinc.com\/es\/product\/comprar-jwh-210-quimico-polvo\/#breadcrumb","itemListElement":[{"@type":"ListItem","position":1,"name":"Tienda","item":"https:\/\/medicinasinc.com\/es\/tienda\/"},{"@type":"ListItem","position":2,"name":"Comprar polvo qu\u00edmico JWH-210"}]},{"@type":"WebSite","@id":"https:\/\/medicinasinc.com\/es\/#website","url":"https:\/\/medicinasinc.com\/es\/","name":"Medicinas Inc","description":"Cl\u00ednica M\u00e9dica de Salud","potentialAction":[{"@type":"SearchAction","target":{"@type":"EntryPoint","urlTemplate":"https:\/\/medicinasinc.com\/es\/?s={search_term_string}"},"query-input":{"@type":"PropertyValueSpecification","valueRequired":true,"valueName":"search_term_string"}}],"inLanguage":"es"}]}},"_links":{"self":[{"href":"https:\/\/medicinasinc.com\/es\/wp-json\/wp\/v2\/product\/5549","targetHints":{"allow":["GET"]}}],"collection":[{"href":"https:\/\/medicinasinc.com\/es\/wp-json\/wp\/v2\/product"}],"about":[{"href":"https:\/\/medicinasinc.com\/es\/wp-json\/wp\/v2\/types\/product"}],"replies":[{"embeddable":true,"href":"https:\/\/medicinasinc.com\/es\/wp-json\/wp\/v2\/comments?post=5549"}],"wp:featuredmedia":[{"embeddable":true,"href":"https:\/\/medicinasinc.com\/es\/wp-json\/wp\/v2\/media\/5560"}],"wp:attachment":[{"href":"https:\/\/medicinasinc.com\/es\/wp-json\/wp\/v2\/media?parent=5549"}],"wp:term":[{"taxonomy":"product_brand","embeddable":true,"href":"https:\/\/medicinasinc.com\/es\/wp-json\/wp\/v2\/product_brand?post=5549"},{"taxonomy":"product_cat","embeddable":true,"href":"https:\/\/medicinasinc.com\/es\/wp-json\/wp\/v2\/product_cat?post=5549"},{"taxonomy":"product_tag","embeddable":true,"href":"https:\/\/medicinasinc.com\/es\/wp-json\/wp\/v2\/product_tag?post=5549"}],"curies":[{"name":"wp","href":"https:\/\/api.w.org\/{rel}","templated":true}]}}