{"id":5548,"date":"2022-02-22T01:32:32","date_gmt":"2022-02-22T01:32:32","guid":{"rendered":"https:\/\/medicinasinc.com\/es\/?post_type=product&#038;p=5548"},"modified":"2022-03-22T00:43:38","modified_gmt":"2022-03-22T00:43:38","slug":"comprar-jwh-018-quimico","status":"publish","type":"product","link":"https:\/\/medicinasinc.com\/es\/product\/comprar-jwh-018-quimico\/","title":{"rendered":"Comprar JWH-018 Qu\u00edmico"},"content":{"rendered":"<p>El polvo JWH-018 se puede comprar usando western union\/MoneyGram o bitcoins aqu\u00ed mismo en nuestro sitio. Se garantiza que es al menos 99,8 por ciento puro. Cualquier lote de nuestros productos qu\u00edmicos de investigaci\u00f3n se puede proporcionar con un Certificado de an\u00e1lisis (COA).<\/p>\n<p>Un gramo de JWH-018 de cada unidad de pedido contiene un m\u00ednimo de 99,8 % de JWH-018 puro.<\/p>\n<p>A la venta est\u00e1 el spray JWH-018.<\/p>\n<p>Antes de entrar en JWH-018, nos gustar\u00eda darle una breve introducci\u00f3n al CBD.<br \/> Seg\u00fan la Biblioteca P\u00fablica de Medicina de EE. UU., El CBD, abreviatura de cannabidiol, es una sustancia qu\u00edmica sint\u00e9tica derivada de la planta Cannabis sativa, a veces conocida como cannabis o ayuda.<br \/> En productos como aceites y comestibles, se utiliza para inducir una sensaci\u00f3n de calma y relajaci\u00f3n. Al igual que su primo, el THC (delta-9-tetrahidrocannabinoides), el CBD no tiene un efecto psicotr\u00f3pico en el cuerpo.<br \/> La mezcla de cosecha propia de Zest, \u00abZest\u00bb, contiene un cannabinoide dise\u00f1ado conocido como JWH-018. Debido a sus efectos intoxicantes similares a los del 9-THC, este cannabinoide Zest se usa ilegalmente. Si bien JWH-018 es notablemente m\u00e1s potente que las mediciones de cannabis equivalentes, tambi\u00e9n presenta enormes desaf\u00edos para la detecci\u00f3n mediante estudios de prueba est\u00e1ndar de 9-THC. JWH-018<br \/> JWH-018 se agreg\u00f3 a la lista de medicamentos y sint\u00e9ticos de inter\u00e9s de la DEA en julio de 2009. Algunas jurisdicciones han tomado medidas para prohibir la venta o propiedad de Flavor (JWH-018), incluidas Alabama, Arkansas , Georgia, Kansas, Kentucky, Dakota del Norte y Tennessee, a pesar de las capturas reportadas de Flavor en Ohio y Florida.<br \/> Cuando se trata de la fumigaci\u00f3n jwh-018, ha venido al sitio adecuado si quiere lo mejor. Enviamos productos de alta calidad en grandes cantidades a todo el mundo. El spray jwh-018 puede ser tuyo en los pr\u00f3ximos cinco d\u00edas h\u00e1biles si lo pides ahora. Compra en l\u00ednea de jwh-018.<\/p>\n","protected":false},"excerpt":{"rendered":"<div class=\"woocommerce-product-details__short-description\">\n<p>Tenemos JWH-018 a la venta en nuestro sitio web. Gastos nunca antes vistos. Una versi\u00f3n en aerosol y en polvo de Best JWH-018 Essence ya est\u00e1 disponible para su compra. Bestglobalmeds.com es el lugar para comprar JWH-018 en l\u00ednea.<\/p>\n<p>Compre JWH-018 de un minorista de confianza en l\u00ednea. Quiere comprar jwh-018 de alta calidad a un precio econ\u00f3mico. P\u00eddanos y \u00fanase a las filas de clientes satisfechos.<\/p>\n<p>JWH-018<\/p>\n<p>El producto es completamente nuevo.<\/p>\n<p>Compre JWH-018<\/p>\n<p>Principio activo:<br \/> Activo despu\u00e9s de:<br \/> Tiempo activo:<br \/> Unidad de pedido \u00fanico:<\/p>\n<p>JWH-018<br \/> 20-30 min. despu\u00e9s del uso<br \/> 4-5 horas<br \/> 1g de min 99<\/p>\n<\/p><\/div>\n","protected":false},"featured_media":5558,"comment_status":"open","ping_status":"closed","template":"","meta":[],"product_brand":[],"product_cat":[2014],"product_tag":[3068,3053,3050,3052,3051,3054,3055,3056,3058,3057,3061,3062,3065,3064,3066,3067,3059,3060,3069,3063],"class_list":{"0":"post-5548","1":"product","2":"type-product","3":"status-publish","4":"has-post-thumbnail","6":"product_cat-comprar-investigacion-quimicos","7":"product_tag-jwh-250-spray","8":"product_tag-como-hacer-jwh-018-spray","9":"product_tag-comprar-jwh-018","10":"product_tag-comprar-jwh-018-polvo","11":"product_tag-comprar-jwh-018-qu-c3-admico","12":"product_tag-jwh-polvo","13":"product_tag-jwh-018-alternativa","14":"product_tag-jwh-018-comprar","15":"product_tag-jwh-018-compra-online","16":"product_tag-jwh-018-en-venta","17":"product_tag-jwh-018-price","18":"product_tag-jwh-018-reddit","19":"product_tag-jwh-018-spray-en-venta-es","20":"product_tag-jwh-018-venta","21":"product_tag-jwh-018-walmart","22":"product_tag-jwh-018-wholesale","23":"product_tag-orden-jwh-018","24":"product_tag-jwh-018-polvo-precio","25":"product_tag-productos-que-contienen-jwh-018","26":"product_tag-jwh-018-revisi-c3-b3n","28":"first","29":"instock","30":"shipping-taxable","31":"purchasable","32":"product-type-variable","33":"has-default-attributes"},"yoast_head":"<!-- This site is optimized with the Yoast SEO plugin v27.3 - https:\/\/yoast.com\/product\/yoast-seo-wordpress\/ -->\n<title>Comprar JWH-018 qu\u00edmico - JWH-018 qu\u00edmico en l\u00ednea - Best Global Meds<\/title>\n<meta name=\"description\" content=\"Compre JWH-018 Chemical Powder Reino Unido, Emiratos \u00c1rabes Unidos, Europa, China en nuestra tienda en l\u00ednea Bestglobalmeds.com con entrega r\u00e1pida en todo el mundo. \u00a1El mejor JWH-018 para ordenar lo encontrar\u00e1 aqu\u00ed!\" \/>\n<meta name=\"robots\" content=\"index, follow, max-snippet:-1, max-image-preview:large, max-video-preview:-1\" \/>\n<link rel=\"canonical\" href=\"https:\/\/medicinasinc.com\/es\/product\/comprar-jwh-018-quimico\/\" \/>\n<meta property=\"og:locale\" content=\"es_ES\" \/>\n<meta property=\"og:type\" content=\"article\" \/>\n<meta property=\"og:title\" content=\"Comprar JWH-018 qu\u00edmico - JWH-018 qu\u00edmico en l\u00ednea - Best Global Meds\" \/>\n<meta property=\"og:description\" content=\"Compre JWH-018 Chemical Powder Reino Unido, Emiratos \u00c1rabes Unidos, Europa, China en nuestra tienda en l\u00ednea Bestglobalmeds.com con entrega r\u00e1pida en todo el mundo. \u00a1El mejor JWH-018 para ordenar lo encontrar\u00e1 aqu\u00ed!\" \/>\n<meta property=\"og:url\" content=\"https:\/\/medicinasinc.com\/es\/product\/comprar-jwh-018-quimico\/\" \/>\n<meta property=\"og:site_name\" content=\"Medicinas Inc\" \/>\n<meta property=\"article:modified_time\" content=\"2022-03-22T00:43:38+00:00\" \/>\n<meta property=\"og:image\" content=\"https:\/\/medicinasinc.com\/es\/wp-content\/uploads\/sites\/15\/2022\/02\/Buy-JWH-018-Chemical.jpg\" \/>\n\t<meta property=\"og:image:width\" content=\"593\" \/>\n\t<meta property=\"og:image:height\" content=\"400\" \/>\n\t<meta property=\"og:image:type\" content=\"image\/jpeg\" \/>\n<meta name=\"twitter:card\" content=\"summary_large_image\" \/>\n<meta name=\"twitter:label1\" content=\"Tiempo de lectura\" \/>\n\t<meta name=\"twitter:data1\" content=\"2 minutos\" \/>\n<script type=\"application\/ld+json\" class=\"yoast-schema-graph\">{\"@context\":\"https:\\\/\\\/schema.org\",\"@graph\":[{\"@type\":\"WebPage\",\"@id\":\"https:\\\/\\\/medicinasinc.com\\\/es\\\/product\\\/comprar-jwh-018-quimico\\\/\",\"url\":\"https:\\\/\\\/medicinasinc.com\\\/es\\\/product\\\/comprar-jwh-018-quimico\\\/\",\"name\":\"Comprar JWH-018 qu\u00edmico - JWH-018 qu\u00edmico en l\u00ednea - Best Global Meds\",\"isPartOf\":{\"@id\":\"https:\\\/\\\/medicinasinc.com\\\/es\\\/#website\"},\"primaryImageOfPage\":{\"@id\":\"https:\\\/\\\/medicinasinc.com\\\/es\\\/product\\\/comprar-jwh-018-quimico\\\/#primaryimage\"},\"image\":{\"@id\":\"https:\\\/\\\/medicinasinc.com\\\/es\\\/product\\\/comprar-jwh-018-quimico\\\/#primaryimage\"},\"thumbnailUrl\":\"https:\\\/\\\/medicinasinc.com\\\/es\\\/wp-content\\\/uploads\\\/sites\\\/15\\\/2022\\\/02\\\/Buy-JWH-018-Chemical.jpg\",\"datePublished\":\"2022-02-22T01:32:32+00:00\",\"dateModified\":\"2022-03-22T00:43:38+00:00\",\"description\":\"Compre JWH-018 Chemical Powder Reino Unido, Emiratos \u00c1rabes Unidos, Europa, China en nuestra tienda en l\u00ednea Bestglobalmeds.com con entrega r\u00e1pida en todo el mundo. \u00a1El mejor JWH-018 para ordenar lo encontrar\u00e1 aqu\u00ed!\",\"breadcrumb\":{\"@id\":\"https:\\\/\\\/medicinasinc.com\\\/es\\\/product\\\/comprar-jwh-018-quimico\\\/#breadcrumb\"},\"inLanguage\":\"es\",\"potentialAction\":[{\"@type\":\"ReadAction\",\"target\":[\"https:\\\/\\\/medicinasinc.com\\\/es\\\/product\\\/comprar-jwh-018-quimico\\\/\"]}]},{\"@type\":\"ImageObject\",\"inLanguage\":\"es\",\"@id\":\"https:\\\/\\\/medicinasinc.com\\\/es\\\/product\\\/comprar-jwh-018-quimico\\\/#primaryimage\",\"url\":\"https:\\\/\\\/medicinasinc.com\\\/es\\\/wp-content\\\/uploads\\\/sites\\\/15\\\/2022\\\/02\\\/Buy-JWH-018-Chemical.jpg\",\"contentUrl\":\"https:\\\/\\\/medicinasinc.com\\\/es\\\/wp-content\\\/uploads\\\/sites\\\/15\\\/2022\\\/02\\\/Buy-JWH-018-Chemical.jpg\",\"width\":593,\"height\":400},{\"@type\":\"BreadcrumbList\",\"@id\":\"https:\\\/\\\/medicinasinc.com\\\/es\\\/product\\\/comprar-jwh-018-quimico\\\/#breadcrumb\",\"itemListElement\":[{\"@type\":\"ListItem\",\"position\":1,\"name\":\"Tienda\",\"item\":\"https:\\\/\\\/medicinasinc.com\\\/es\\\/tienda\\\/\"},{\"@type\":\"ListItem\",\"position\":2,\"name\":\"Comprar JWH-018 Qu\u00edmico\"}]},{\"@type\":\"WebSite\",\"@id\":\"https:\\\/\\\/medicinasinc.com\\\/es\\\/#website\",\"url\":\"https:\\\/\\\/medicinasinc.com\\\/es\\\/\",\"name\":\"Medicinas Inc\",\"description\":\"Cl\u00ednica M\u00e9dica de Salud\",\"potentialAction\":[{\"@type\":\"SearchAction\",\"target\":{\"@type\":\"EntryPoint\",\"urlTemplate\":\"https:\\\/\\\/medicinasinc.com\\\/es\\\/?s={search_term_string}\"},\"query-input\":{\"@type\":\"PropertyValueSpecification\",\"valueRequired\":true,\"valueName\":\"search_term_string\"}}],\"inLanguage\":\"es\"}]}<\/script>\n<!-- \/ Yoast SEO plugin. -->","yoast_head_json":{"title":"Comprar JWH-018 qu\u00edmico - JWH-018 qu\u00edmico en l\u00ednea - Best Global Meds","description":"Compre JWH-018 Chemical Powder Reino Unido, Emiratos \u00c1rabes Unidos, Europa, China en nuestra tienda en l\u00ednea Bestglobalmeds.com con entrega r\u00e1pida en todo el mundo. \u00a1El mejor JWH-018 para ordenar lo encontrar\u00e1 aqu\u00ed!","robots":{"index":"index","follow":"follow","max-snippet":"max-snippet:-1","max-image-preview":"max-image-preview:large","max-video-preview":"max-video-preview:-1"},"canonical":"https:\/\/medicinasinc.com\/es\/product\/comprar-jwh-018-quimico\/","og_locale":"es_ES","og_type":"article","og_title":"Comprar JWH-018 qu\u00edmico - JWH-018 qu\u00edmico en l\u00ednea - Best Global Meds","og_description":"Compre JWH-018 Chemical Powder Reino Unido, Emiratos \u00c1rabes Unidos, Europa, China en nuestra tienda en l\u00ednea Bestglobalmeds.com con entrega r\u00e1pida en todo el mundo. \u00a1El mejor JWH-018 para ordenar lo encontrar\u00e1 aqu\u00ed!","og_url":"https:\/\/medicinasinc.com\/es\/product\/comprar-jwh-018-quimico\/","og_site_name":"Medicinas Inc","article_modified_time":"2022-03-22T00:43:38+00:00","og_image":[{"width":593,"height":400,"url":"https:\/\/medicinasinc.com\/es\/wp-content\/uploads\/sites\/15\/2022\/02\/Buy-JWH-018-Chemical.jpg","type":"image\/jpeg"}],"twitter_card":"summary_large_image","twitter_misc":{"Tiempo de lectura":"2 minutos"},"schema":{"@context":"https:\/\/schema.org","@graph":[{"@type":"WebPage","@id":"https:\/\/medicinasinc.com\/es\/product\/comprar-jwh-018-quimico\/","url":"https:\/\/medicinasinc.com\/es\/product\/comprar-jwh-018-quimico\/","name":"Comprar JWH-018 qu\u00edmico - JWH-018 qu\u00edmico en l\u00ednea - Best Global Meds","isPartOf":{"@id":"https:\/\/medicinasinc.com\/es\/#website"},"primaryImageOfPage":{"@id":"https:\/\/medicinasinc.com\/es\/product\/comprar-jwh-018-quimico\/#primaryimage"},"image":{"@id":"https:\/\/medicinasinc.com\/es\/product\/comprar-jwh-018-quimico\/#primaryimage"},"thumbnailUrl":"https:\/\/medicinasinc.com\/es\/wp-content\/uploads\/sites\/15\/2022\/02\/Buy-JWH-018-Chemical.jpg","datePublished":"2022-02-22T01:32:32+00:00","dateModified":"2022-03-22T00:43:38+00:00","description":"Compre JWH-018 Chemical Powder Reino Unido, Emiratos \u00c1rabes Unidos, Europa, China en nuestra tienda en l\u00ednea Bestglobalmeds.com con entrega r\u00e1pida en todo el mundo. \u00a1El mejor JWH-018 para ordenar lo encontrar\u00e1 aqu\u00ed!","breadcrumb":{"@id":"https:\/\/medicinasinc.com\/es\/product\/comprar-jwh-018-quimico\/#breadcrumb"},"inLanguage":"es","potentialAction":[{"@type":"ReadAction","target":["https:\/\/medicinasinc.com\/es\/product\/comprar-jwh-018-quimico\/"]}]},{"@type":"ImageObject","inLanguage":"es","@id":"https:\/\/medicinasinc.com\/es\/product\/comprar-jwh-018-quimico\/#primaryimage","url":"https:\/\/medicinasinc.com\/es\/wp-content\/uploads\/sites\/15\/2022\/02\/Buy-JWH-018-Chemical.jpg","contentUrl":"https:\/\/medicinasinc.com\/es\/wp-content\/uploads\/sites\/15\/2022\/02\/Buy-JWH-018-Chemical.jpg","width":593,"height":400},{"@type":"BreadcrumbList","@id":"https:\/\/medicinasinc.com\/es\/product\/comprar-jwh-018-quimico\/#breadcrumb","itemListElement":[{"@type":"ListItem","position":1,"name":"Tienda","item":"https:\/\/medicinasinc.com\/es\/tienda\/"},{"@type":"ListItem","position":2,"name":"Comprar JWH-018 Qu\u00edmico"}]},{"@type":"WebSite","@id":"https:\/\/medicinasinc.com\/es\/#website","url":"https:\/\/medicinasinc.com\/es\/","name":"Medicinas Inc","description":"Cl\u00ednica M\u00e9dica de Salud","potentialAction":[{"@type":"SearchAction","target":{"@type":"EntryPoint","urlTemplate":"https:\/\/medicinasinc.com\/es\/?s={search_term_string}"},"query-input":{"@type":"PropertyValueSpecification","valueRequired":true,"valueName":"search_term_string"}}],"inLanguage":"es"}]}},"_links":{"self":[{"href":"https:\/\/medicinasinc.com\/es\/wp-json\/wp\/v2\/product\/5548","targetHints":{"allow":["GET"]}}],"collection":[{"href":"https:\/\/medicinasinc.com\/es\/wp-json\/wp\/v2\/product"}],"about":[{"href":"https:\/\/medicinasinc.com\/es\/wp-json\/wp\/v2\/types\/product"}],"replies":[{"embeddable":true,"href":"https:\/\/medicinasinc.com\/es\/wp-json\/wp\/v2\/comments?post=5548"}],"wp:featuredmedia":[{"embeddable":true,"href":"https:\/\/medicinasinc.com\/es\/wp-json\/wp\/v2\/media\/5558"}],"wp:attachment":[{"href":"https:\/\/medicinasinc.com\/es\/wp-json\/wp\/v2\/media?parent=5548"}],"wp:term":[{"taxonomy":"product_brand","embeddable":true,"href":"https:\/\/medicinasinc.com\/es\/wp-json\/wp\/v2\/product_brand?post=5548"},{"taxonomy":"product_cat","embeddable":true,"href":"https:\/\/medicinasinc.com\/es\/wp-json\/wp\/v2\/product_cat?post=5548"},{"taxonomy":"product_tag","embeddable":true,"href":"https:\/\/medicinasinc.com\/es\/wp-json\/wp\/v2\/product_tag?post=5548"}],"curies":[{"name":"wp","href":"https:\/\/api.w.org\/{rel}","templated":true}]}}