{"id":5547,"date":"2022-02-22T01:30:48","date_gmt":"2022-02-22T01:30:48","guid":{"rendered":"https:\/\/medicinasinc.com\/es\/?post_type=product&#038;p=5547"},"modified":"2022-03-22T00:43:50","modified_gmt":"2022-03-22T00:43:50","slug":"comprar-jwh-200-quimico","status":"publish","type":"product","link":"https:\/\/medicinasinc.com\/es\/product\/comprar-jwh-200-quimico\/","title":{"rendered":"Comprar JWH-200 Qu\u00edmico"},"content":{"rendered":"<p>Pregunte sobre la compra del qu\u00edmico JWH-200<\/p>\n<p>De la familia de los naftoilindoles, AM-678 (1-pentil-3-(1-naftoil)indol) es un analg\u00e9sico que es un agonista completo en los receptores cannabinoides CB1 y CB2, con una ligera preferencia por el receptor CB2. Se utiliza en productos de cannabis sint\u00e9tico que se venden legalmente como \u00abmezclas de incienso\u00bb en algunos pa\u00edses porque tiene efectos en los animales comparables a los del tetrahidrocannabinol (THC), un cannabinoide que se encuentra naturalmente en el cannabis. Research Chemicals JWH-200<\/p>\n<p>Utilizando ratas Wistar a las que se les hab\u00eda administrado un extracto etan\u00f3lico que conten\u00eda JWH-200, se estudi\u00f3 la actividad metab\u00f3lica del f\u00e1rmaco. A esto le sigui\u00f3 la extracci\u00f3n de metabolitos de JWH-200 a partir de muestras de orina de 24 horas utilizando fases de separaci\u00f3n l\u00edquidas y s\u00f3lidas. Los productos qu\u00edmicos extra\u00eddos se separaron e identificaron mediante GC-MS. La se\u00f1al principal fueron los metabolitos N-desalquilados hidroxilados, no JWH-200 o su metabolito N-desalquilado. El cambio de masa observado sugiere que es probable que los grupos hidroxilo de indol y naftaleno de la mol\u00e9cula sufran hidroxilaci\u00f3n. Los metabolitos hidroxilados se conjugaron ampliamente con glucur\u00f3nido en humanos, aunque el anillo de indol y la cadena lateral de pentilo fueron los principales sitios de metabolismo.<\/p>\n<p>Research Chemical Use of JWH-200<\/p>\n<p>Los medios de comunicaci\u00f3n han informaron al menos un caso de dependencia de JWH-200. Durante ocho meses, el usuario bebi\u00f3 JWH-018 a diario. En comparaci\u00f3n con los efectos de la dependencia del cannabis, los s\u00edntomas de abstinencia aqu\u00ed fueron m\u00e1s graves. Despu\u00e9s del tratamiento, se ha demostrado que JWH-200 genera alteraciones significativas en la densidad del receptor CB1. Menos r\u00e1pido que los cannabinoides comparables, provoca tolerancia a sus efectos.<\/p>\n","protected":false},"excerpt":{"rendered":"<div class=\"woocommerce-product-details__short-description\">\n<p>Compre polvo qu\u00edmico JWH-200 a la venta en Reino Unido, Europa en l\u00ednea. (1-(2-morfolin-4-iletil)indol-3-il)-naftalen-1-ilmetanona es otro nombre. \u00a1Ven y compra ya!. Tenemos el mejor m\u00e9todo discreto de embalaje y env\u00edo.<\/p>\n<\/p><\/div>\n","protected":false},"featured_media":5556,"comment_status":"open","ping_status":"closed","template":"","meta":[],"product_brand":[],"product_cat":[2014],"product_tag":[3029,3031,3032,3033,3030,3048,3049,3037,3038,3034,3035,3042,3036,3039,3041,3043,3045,3044,3046,3047,3040],"class_list":{"0":"post-5547","1":"product","2":"type-product","3":"status-publish","4":"has-post-thumbnail","6":"product_cat-comprar-investigacion-quimicos","7":"product_tag-am-2233","8":"product_tag-buy-jwh-200-online","9":"product_tag-buy-jwh-200-research-chemicals","10":"product_tag-cmo-pedir-jwh-200-online","11":"product_tag-comprar-jwh-200-qu-c3-admico","12":"product_tag-compra-jwh-200-investigacin-qumicos","13":"product_tag-dnde-pedir-jwh-200-investigacin-qumicos","14":"product_tag-efecto-jwh-200","15":"product_tag-jwh-200-efectos","16":"product_tag-jwh-018","17":"product_tag-jwh-073","18":"product_tag-jwh-200-minorista","19":"product_tag-jwh-200-comprar","20":"product_tag-jwh-200-en-venta","21":"product_tag-jwh-200-reddit","22":"product_tag-jwh-200-review","23":"product_tag-jwh-200-vender","24":"product_tag-jwh-200-venta","25":"product_tag-jwh-200-al-por-mayor","26":"product_tag-jwh-250","27":"product_tag-orden-jwh-200","29":"first","30":"instock","31":"shipping-taxable","32":"purchasable","33":"product-type-variable","34":"has-default-attributes"},"yoast_head":"<!-- This site is optimized with the Yoast SEO plugin v27.3 - https:\/\/yoast.com\/product\/yoast-seo-wordpress\/ -->\n<title>Comprar JWH-200 Chemical - JWH-200 Chemical - Best Global Meds<\/title>\n<meta name=\"description\" content=\"Compre polvo qu\u00edmico JWH-200 a la venta en Reino Unido, Europa en l\u00ednea. (1-(2-morfolin-4-iletil)indol-3-il)-naftalen-1-ilmetanona es otro nombre. \u00a1Ven y compra ya!. Tenemos el mejor m\u00e9todo discreto de embalaje y env\u00edo.\" \/>\n<meta name=\"robots\" content=\"index, follow, max-snippet:-1, max-image-preview:large, max-video-preview:-1\" \/>\n<link rel=\"canonical\" href=\"https:\/\/medicinasinc.com\/es\/product\/comprar-jwh-200-quimico\/\" \/>\n<meta property=\"og:locale\" content=\"es_ES\" \/>\n<meta property=\"og:type\" content=\"article\" \/>\n<meta property=\"og:title\" content=\"Comprar JWH-200 Chemical - JWH-200 Chemical - Best Global Meds\" \/>\n<meta property=\"og:description\" content=\"Compre polvo qu\u00edmico JWH-200 a la venta en Reino Unido, Europa en l\u00ednea. (1-(2-morfolin-4-iletil)indol-3-il)-naftalen-1-ilmetanona es otro nombre. \u00a1Ven y compra ya!. Tenemos el mejor m\u00e9todo discreto de embalaje y env\u00edo.\" \/>\n<meta property=\"og:url\" content=\"https:\/\/medicinasinc.com\/es\/product\/comprar-jwh-200-quimico\/\" \/>\n<meta property=\"og:site_name\" content=\"Medicinas Inc\" \/>\n<meta property=\"article:modified_time\" content=\"2022-03-22T00:43:50+00:00\" \/>\n<meta property=\"og:image\" content=\"https:\/\/medicinasinc.com\/es\/wp-content\/uploads\/sites\/15\/2022\/02\/Buy-JWH-200-Chemical.jpg\" \/>\n\t<meta property=\"og:image:width\" content=\"458\" \/>\n\t<meta property=\"og:image:height\" content=\"458\" \/>\n\t<meta property=\"og:image:type\" content=\"image\/jpeg\" \/>\n<meta name=\"twitter:card\" content=\"summary_large_image\" \/>\n<meta name=\"twitter:label1\" content=\"Tiempo de lectura\" \/>\n\t<meta name=\"twitter:data1\" content=\"2 minutos\" \/>\n<script type=\"application\/ld+json\" class=\"yoast-schema-graph\">{\"@context\":\"https:\\\/\\\/schema.org\",\"@graph\":[{\"@type\":\"WebPage\",\"@id\":\"https:\\\/\\\/medicinasinc.com\\\/es\\\/product\\\/comprar-jwh-200-quimico\\\/\",\"url\":\"https:\\\/\\\/medicinasinc.com\\\/es\\\/product\\\/comprar-jwh-200-quimico\\\/\",\"name\":\"Comprar JWH-200 Chemical - JWH-200 Chemical - Best Global Meds\",\"isPartOf\":{\"@id\":\"https:\\\/\\\/medicinasinc.com\\\/es\\\/#website\"},\"primaryImageOfPage\":{\"@id\":\"https:\\\/\\\/medicinasinc.com\\\/es\\\/product\\\/comprar-jwh-200-quimico\\\/#primaryimage\"},\"image\":{\"@id\":\"https:\\\/\\\/medicinasinc.com\\\/es\\\/product\\\/comprar-jwh-200-quimico\\\/#primaryimage\"},\"thumbnailUrl\":\"https:\\\/\\\/medicinasinc.com\\\/es\\\/wp-content\\\/uploads\\\/sites\\\/15\\\/2022\\\/02\\\/Buy-JWH-200-Chemical.jpg\",\"datePublished\":\"2022-02-22T01:30:48+00:00\",\"dateModified\":\"2022-03-22T00:43:50+00:00\",\"description\":\"Compre polvo qu\u00edmico JWH-200 a la venta en Reino Unido, Europa en l\u00ednea. (1-(2-morfolin-4-iletil)indol-3-il)-naftalen-1-ilmetanona es otro nombre. \u00a1Ven y compra ya!. Tenemos el mejor m\u00e9todo discreto de embalaje y env\u00edo.\",\"breadcrumb\":{\"@id\":\"https:\\\/\\\/medicinasinc.com\\\/es\\\/product\\\/comprar-jwh-200-quimico\\\/#breadcrumb\"},\"inLanguage\":\"es\",\"potentialAction\":[{\"@type\":\"ReadAction\",\"target\":[\"https:\\\/\\\/medicinasinc.com\\\/es\\\/product\\\/comprar-jwh-200-quimico\\\/\"]}]},{\"@type\":\"ImageObject\",\"inLanguage\":\"es\",\"@id\":\"https:\\\/\\\/medicinasinc.com\\\/es\\\/product\\\/comprar-jwh-200-quimico\\\/#primaryimage\",\"url\":\"https:\\\/\\\/medicinasinc.com\\\/es\\\/wp-content\\\/uploads\\\/sites\\\/15\\\/2022\\\/02\\\/Buy-JWH-200-Chemical.jpg\",\"contentUrl\":\"https:\\\/\\\/medicinasinc.com\\\/es\\\/wp-content\\\/uploads\\\/sites\\\/15\\\/2022\\\/02\\\/Buy-JWH-200-Chemical.jpg\",\"width\":458,\"height\":458},{\"@type\":\"BreadcrumbList\",\"@id\":\"https:\\\/\\\/medicinasinc.com\\\/es\\\/product\\\/comprar-jwh-200-quimico\\\/#breadcrumb\",\"itemListElement\":[{\"@type\":\"ListItem\",\"position\":1,\"name\":\"Tienda\",\"item\":\"https:\\\/\\\/medicinasinc.com\\\/es\\\/tienda\\\/\"},{\"@type\":\"ListItem\",\"position\":2,\"name\":\"Comprar JWH-200 Qu\u00edmico\"}]},{\"@type\":\"WebSite\",\"@id\":\"https:\\\/\\\/medicinasinc.com\\\/es\\\/#website\",\"url\":\"https:\\\/\\\/medicinasinc.com\\\/es\\\/\",\"name\":\"Medicinas Inc\",\"description\":\"Cl\u00ednica M\u00e9dica de Salud\",\"potentialAction\":[{\"@type\":\"SearchAction\",\"target\":{\"@type\":\"EntryPoint\",\"urlTemplate\":\"https:\\\/\\\/medicinasinc.com\\\/es\\\/?s={search_term_string}\"},\"query-input\":{\"@type\":\"PropertyValueSpecification\",\"valueRequired\":true,\"valueName\":\"search_term_string\"}}],\"inLanguage\":\"es\"}]}<\/script>\n<!-- \/ Yoast SEO plugin. -->","yoast_head_json":{"title":"Comprar JWH-200 Chemical - JWH-200 Chemical - Best Global Meds","description":"Compre polvo qu\u00edmico JWH-200 a la venta en Reino Unido, Europa en l\u00ednea. (1-(2-morfolin-4-iletil)indol-3-il)-naftalen-1-ilmetanona es otro nombre. \u00a1Ven y compra ya!. Tenemos el mejor m\u00e9todo discreto de embalaje y env\u00edo.","robots":{"index":"index","follow":"follow","max-snippet":"max-snippet:-1","max-image-preview":"max-image-preview:large","max-video-preview":"max-video-preview:-1"},"canonical":"https:\/\/medicinasinc.com\/es\/product\/comprar-jwh-200-quimico\/","og_locale":"es_ES","og_type":"article","og_title":"Comprar JWH-200 Chemical - JWH-200 Chemical - Best Global Meds","og_description":"Compre polvo qu\u00edmico JWH-200 a la venta en Reino Unido, Europa en l\u00ednea. (1-(2-morfolin-4-iletil)indol-3-il)-naftalen-1-ilmetanona es otro nombre. \u00a1Ven y compra ya!. Tenemos el mejor m\u00e9todo discreto de embalaje y env\u00edo.","og_url":"https:\/\/medicinasinc.com\/es\/product\/comprar-jwh-200-quimico\/","og_site_name":"Medicinas Inc","article_modified_time":"2022-03-22T00:43:50+00:00","og_image":[{"width":458,"height":458,"url":"https:\/\/medicinasinc.com\/es\/wp-content\/uploads\/sites\/15\/2022\/02\/Buy-JWH-200-Chemical.jpg","type":"image\/jpeg"}],"twitter_card":"summary_large_image","twitter_misc":{"Tiempo de lectura":"2 minutos"},"schema":{"@context":"https:\/\/schema.org","@graph":[{"@type":"WebPage","@id":"https:\/\/medicinasinc.com\/es\/product\/comprar-jwh-200-quimico\/","url":"https:\/\/medicinasinc.com\/es\/product\/comprar-jwh-200-quimico\/","name":"Comprar JWH-200 Chemical - JWH-200 Chemical - Best Global Meds","isPartOf":{"@id":"https:\/\/medicinasinc.com\/es\/#website"},"primaryImageOfPage":{"@id":"https:\/\/medicinasinc.com\/es\/product\/comprar-jwh-200-quimico\/#primaryimage"},"image":{"@id":"https:\/\/medicinasinc.com\/es\/product\/comprar-jwh-200-quimico\/#primaryimage"},"thumbnailUrl":"https:\/\/medicinasinc.com\/es\/wp-content\/uploads\/sites\/15\/2022\/02\/Buy-JWH-200-Chemical.jpg","datePublished":"2022-02-22T01:30:48+00:00","dateModified":"2022-03-22T00:43:50+00:00","description":"Compre polvo qu\u00edmico JWH-200 a la venta en Reino Unido, Europa en l\u00ednea. (1-(2-morfolin-4-iletil)indol-3-il)-naftalen-1-ilmetanona es otro nombre. \u00a1Ven y compra ya!. Tenemos el mejor m\u00e9todo discreto de embalaje y env\u00edo.","breadcrumb":{"@id":"https:\/\/medicinasinc.com\/es\/product\/comprar-jwh-200-quimico\/#breadcrumb"},"inLanguage":"es","potentialAction":[{"@type":"ReadAction","target":["https:\/\/medicinasinc.com\/es\/product\/comprar-jwh-200-quimico\/"]}]},{"@type":"ImageObject","inLanguage":"es","@id":"https:\/\/medicinasinc.com\/es\/product\/comprar-jwh-200-quimico\/#primaryimage","url":"https:\/\/medicinasinc.com\/es\/wp-content\/uploads\/sites\/15\/2022\/02\/Buy-JWH-200-Chemical.jpg","contentUrl":"https:\/\/medicinasinc.com\/es\/wp-content\/uploads\/sites\/15\/2022\/02\/Buy-JWH-200-Chemical.jpg","width":458,"height":458},{"@type":"BreadcrumbList","@id":"https:\/\/medicinasinc.com\/es\/product\/comprar-jwh-200-quimico\/#breadcrumb","itemListElement":[{"@type":"ListItem","position":1,"name":"Tienda","item":"https:\/\/medicinasinc.com\/es\/tienda\/"},{"@type":"ListItem","position":2,"name":"Comprar JWH-200 Qu\u00edmico"}]},{"@type":"WebSite","@id":"https:\/\/medicinasinc.com\/es\/#website","url":"https:\/\/medicinasinc.com\/es\/","name":"Medicinas Inc","description":"Cl\u00ednica M\u00e9dica de Salud","potentialAction":[{"@type":"SearchAction","target":{"@type":"EntryPoint","urlTemplate":"https:\/\/medicinasinc.com\/es\/?s={search_term_string}"},"query-input":{"@type":"PropertyValueSpecification","valueRequired":true,"valueName":"search_term_string"}}],"inLanguage":"es"}]}},"_links":{"self":[{"href":"https:\/\/medicinasinc.com\/es\/wp-json\/wp\/v2\/product\/5547","targetHints":{"allow":["GET"]}}],"collection":[{"href":"https:\/\/medicinasinc.com\/es\/wp-json\/wp\/v2\/product"}],"about":[{"href":"https:\/\/medicinasinc.com\/es\/wp-json\/wp\/v2\/types\/product"}],"replies":[{"embeddable":true,"href":"https:\/\/medicinasinc.com\/es\/wp-json\/wp\/v2\/comments?post=5547"}],"wp:featuredmedia":[{"embeddable":true,"href":"https:\/\/medicinasinc.com\/es\/wp-json\/wp\/v2\/media\/5556"}],"wp:attachment":[{"href":"https:\/\/medicinasinc.com\/es\/wp-json\/wp\/v2\/media?parent=5547"}],"wp:term":[{"taxonomy":"product_brand","embeddable":true,"href":"https:\/\/medicinasinc.com\/es\/wp-json\/wp\/v2\/product_brand?post=5547"},{"taxonomy":"product_cat","embeddable":true,"href":"https:\/\/medicinasinc.com\/es\/wp-json\/wp\/v2\/product_cat?post=5547"},{"taxonomy":"product_tag","embeddable":true,"href":"https:\/\/medicinasinc.com\/es\/wp-json\/wp\/v2\/product_tag?post=5547"}],"curies":[{"name":"wp","href":"https:\/\/api.w.org\/{rel}","templated":true}]}}