{"id":5523,"date":"2022-02-22T01:06:52","date_gmt":"2022-02-22T01:06:52","guid":{"rendered":"https:\/\/medicinasinc.com\/es\/?post_type=product&#038;p=5523"},"modified":"2022-03-22T00:44:01","modified_gmt":"2022-03-22T00:44:01","slug":"comprar-hdep-28-novedoso-etilnaftidato","status":"publish","type":"product","link":"https:\/\/medicinasinc.com\/es\/product\/comprar-hdep-28-novedoso-etilnaftidato\/","title":{"rendered":"Comprar hdep-28 Novel Ethylnaphthidate"},"content":{"rendered":"<p>Ethylnaphthidate HDEP-28 para la venta<\/p>\n<p>La 3,4-metilendioxi-N-etilcatinona se cita con frecuencia como un energizante entact\u00f3geno. 1-(1,3-benzodioxol-5-il)- 2-(etilamino)- 1-propanona es el nombre que se le da a la etilona. La masa ordinaria de C12H15NO3 es 221,251999 Da, mientras que la masa monoisot\u00f3pica es 221,104996 Da. Esta es la f\u00f3rmula subnuclear. Comprar etileno chino. La etilona es una piedra preciosa de valor incalculable que se puede comprar. Se pueden comprar piedras preciosas de etileno. Proveedor de Etilona. Ethylone est\u00e1 a la venta. reembolso de Ethylone<\/p>\n<p>ACD\/Labs y ChemAxon colaboraron para realizar una evaluaci\u00f3n de Ethylone. En t\u00e9rminos de las propiedades que predijeron ACD\/Labs, encontraron cuatro aceptores de valores #H, cuatro valores de giro libre, un registro de refracci\u00f3n de 1,54 con un factor de presi\u00f3n superficial de 44,3470001220703 dinas\/cm, una motivaci\u00f3n de explosi\u00f3n de 172,845 \u00b0C y una restricci\u00f3n de 362,188 \u00b0C a 760 mmHg.<\/p>\n<p>Esto es algo com\u00fan en el software cient\u00edfico y l\u00f3gico.<\/p>\n<p>Este producto se desarroll\u00f3 en un esfuerzo por cumplir con los requisitos de ISO17025:2005 y Gu\u00eda 34:2009.<\/p>\n<p>Puede contar con nosotros para hacer el trabajo de manera r\u00e1pida y eficiente, ya que somos la mejor organizaci\u00f3n del mundo. \u00a1Los clientes solo pueden esperar productos de la mejor calidad de nosotros! De una manera que sea esencialmente consistente con lo que a menudo esperamos cuando compramos cualquier cosa<\/p>\n<p>Para que podamos comprar los productos de la m\u00e1s alta calidad a los precios m\u00e1s razonables, \u00a1y podemos pasarle los ahorros a usted!<\/p>\n<p> p&gt; <\/p>\n<p>Como resultado, exigimos a todos nuestros clientes que sometan sus art\u00edculos a GC\/MS para garantizar la precisi\u00f3n y la legalidad. Porque nos preocupamos por nuestros clientes y su satisfacci\u00f3n, realizamos nuestras propias pruebas en cada env\u00edo para verificar que la calidad de las piezas restantes sea del 100%.<\/p>\n<p>El futuro de nuestra empresa depende de que respondamos a su solicitud en una manera amistosa, no importa lo urgente que sea. Independientemente de la situaci\u00f3n, siempre puede contar con nosotros para brindarle los mejores medicamentos y delicados fuegos artificiales a los mejores precios, \u00a1todo entregado de la manera m\u00e1s discreta que se pueda imaginar! \u00a1Si no es mucha molestia, tenga fe y presente su solicitud con convicci\u00f3n!<\/p>\n<p>Debido a nuestra fortaleza demostrada, puede confiar en nosotros y continuar haciendo negocios con nosotros cuando lo desee, siempre y cuando estas alrededor Su ca\u00edda no ser\u00e1 tolerada.<\/p>\n<p>Seguir el viaje de su paquete es simple gracias a los n\u00fameros adjuntos que incluimos con su env\u00edo.<\/p>\n","protected":false},"excerpt":{"rendered":"<p>Compre Ethylnaphthidate HDEP-28 para la venta en el Reino Unido, Europa. Acetato de 2-(naftalen-2-il)-2-(piperidin-2-ilo) de etilo. Inf\u00f3rmese sobre hdep-28, el nuevo etilnaftidato.<\/p>\n<p>Compre hdep-28 Novel Ethylnaphthidate 1 oz en Amazon.com<\/p>\n<p>Ethylnapthidate, o HDEP-28, es un sustituto del prohibido Phenidate serie.<\/p>\n<p>Los clientes ahora pueden comprar etilnaftidato.<br \/> El HDEP-28, tambi\u00e9n conocido como etilnaftidato, est\u00e1 destinado a asumir el papel de la serie qu\u00edmica Phenidate recientemente prohibida.<br \/> En comparaci\u00f3n con &amp; #8216;Fenidatos,&#8217; los clientes que usan este producto en el laboratorio deben esperar un espectro similar de resultados.<br \/> IUPAC predice que los investigadores encontrar\u00e1n que HDEP 28 \/ Ethylnaphhidate es un excelente sustituto del etilfenidato. Acetato de 2-(naftalen-2-il)-2-(piperidin-2-il)<br \/> N\/A<br \/> F\u00f3rmula C19H23NO2<br \/> El peso molecular es 297,40<\/p>\n","protected":false},"featured_media":5535,"comment_status":"open","ping_status":"closed","template":"","meta":[],"product_brand":[],"product_cat":[2014],"product_tag":[],"class_list":{"0":"post-5523","1":"product","2":"type-product","3":"status-publish","4":"has-post-thumbnail","6":"product_cat-comprar-investigacion-quimicos","8":"first","9":"instock","10":"shipping-taxable","11":"purchasable","12":"product-type-variable","13":"has-default-attributes"},"yoast_head":"<!-- This site is optimized with the Yoast SEO plugin v27.3 - https:\/\/yoast.com\/product\/yoast-seo-wordpress\/ -->\n<title>Comprar hdep-28 Novel Ethylnaphthidate - Best Global Meds<\/title>\n<meta name=\"description\" content=\"Compre hdep-28 Novel Ethylnaphthidate para la venta en el Reino Unido, Europa en l\u00ednea. IUPAC: 2-(naftalen-2-il)-2-(piperidin-2-il)acetato de etilo. Solicite hdep-28 Novel Ethylnaphthidate\" \/>\n<meta name=\"robots\" content=\"index, follow, max-snippet:-1, max-image-preview:large, max-video-preview:-1\" \/>\n<link rel=\"canonical\" href=\"https:\/\/medicinasinc.com\/es\/product\/comprar-hdep-28-novedoso-etilnaftidato\/\" \/>\n<meta property=\"og:locale\" content=\"es_ES\" \/>\n<meta property=\"og:type\" content=\"article\" \/>\n<meta property=\"og:title\" content=\"Comprar hdep-28 Novel Ethylnaphthidate - Best Global Meds\" \/>\n<meta property=\"og:description\" content=\"Compre hdep-28 Novel Ethylnaphthidate para la venta en el Reino Unido, Europa en l\u00ednea. IUPAC: 2-(naftalen-2-il)-2-(piperidin-2-il)acetato de etilo. Solicite hdep-28 Novel Ethylnaphthidate\" \/>\n<meta property=\"og:url\" content=\"https:\/\/medicinasinc.com\/es\/product\/comprar-hdep-28-novedoso-etilnaftidato\/\" \/>\n<meta property=\"og:site_name\" content=\"Medicinas Inc\" \/>\n<meta property=\"article:modified_time\" content=\"2022-03-22T00:44:01+00:00\" \/>\n<meta property=\"og:image\" content=\"https:\/\/medicinasinc.com\/es\/wp-content\/uploads\/sites\/15\/2022\/02\/Buy-hdep-28-Novel-Ethylnaphthidate.jpg\" \/>\n\t<meta property=\"og:image:width\" content=\"600\" \/>\n\t<meta property=\"og:image:height\" content=\"600\" \/>\n\t<meta property=\"og:image:type\" content=\"image\/jpeg\" \/>\n<meta name=\"twitter:card\" content=\"summary_large_image\" \/>\n<meta name=\"twitter:label1\" content=\"Tiempo de lectura\" \/>\n\t<meta name=\"twitter:data1\" content=\"2 minutos\" \/>\n<script type=\"application\/ld+json\" class=\"yoast-schema-graph\">{\"@context\":\"https:\\\/\\\/schema.org\",\"@graph\":[{\"@type\":\"WebPage\",\"@id\":\"https:\\\/\\\/medicinasinc.com\\\/es\\\/product\\\/comprar-hdep-28-novedoso-etilnaftidato\\\/\",\"url\":\"https:\\\/\\\/medicinasinc.com\\\/es\\\/product\\\/comprar-hdep-28-novedoso-etilnaftidato\\\/\",\"name\":\"Comprar hdep-28 Novel Ethylnaphthidate - Best Global Meds\",\"isPartOf\":{\"@id\":\"https:\\\/\\\/medicinasinc.com\\\/es\\\/#website\"},\"primaryImageOfPage\":{\"@id\":\"https:\\\/\\\/medicinasinc.com\\\/es\\\/product\\\/comprar-hdep-28-novedoso-etilnaftidato\\\/#primaryimage\"},\"image\":{\"@id\":\"https:\\\/\\\/medicinasinc.com\\\/es\\\/product\\\/comprar-hdep-28-novedoso-etilnaftidato\\\/#primaryimage\"},\"thumbnailUrl\":\"https:\\\/\\\/medicinasinc.com\\\/es\\\/wp-content\\\/uploads\\\/sites\\\/15\\\/2022\\\/02\\\/Buy-hdep-28-Novel-Ethylnaphthidate.jpg\",\"datePublished\":\"2022-02-22T01:06:52+00:00\",\"dateModified\":\"2022-03-22T00:44:01+00:00\",\"description\":\"Compre hdep-28 Novel Ethylnaphthidate para la venta en el Reino Unido, Europa en l\u00ednea. IUPAC: 2-(naftalen-2-il)-2-(piperidin-2-il)acetato de etilo. Solicite hdep-28 Novel Ethylnaphthidate\",\"breadcrumb\":{\"@id\":\"https:\\\/\\\/medicinasinc.com\\\/es\\\/product\\\/comprar-hdep-28-novedoso-etilnaftidato\\\/#breadcrumb\"},\"inLanguage\":\"es\",\"potentialAction\":[{\"@type\":\"ReadAction\",\"target\":[\"https:\\\/\\\/medicinasinc.com\\\/es\\\/product\\\/comprar-hdep-28-novedoso-etilnaftidato\\\/\"]}]},{\"@type\":\"ImageObject\",\"inLanguage\":\"es\",\"@id\":\"https:\\\/\\\/medicinasinc.com\\\/es\\\/product\\\/comprar-hdep-28-novedoso-etilnaftidato\\\/#primaryimage\",\"url\":\"https:\\\/\\\/medicinasinc.com\\\/es\\\/wp-content\\\/uploads\\\/sites\\\/15\\\/2022\\\/02\\\/Buy-hdep-28-Novel-Ethylnaphthidate.jpg\",\"contentUrl\":\"https:\\\/\\\/medicinasinc.com\\\/es\\\/wp-content\\\/uploads\\\/sites\\\/15\\\/2022\\\/02\\\/Buy-hdep-28-Novel-Ethylnaphthidate.jpg\",\"width\":600,\"height\":600},{\"@type\":\"BreadcrumbList\",\"@id\":\"https:\\\/\\\/medicinasinc.com\\\/es\\\/product\\\/comprar-hdep-28-novedoso-etilnaftidato\\\/#breadcrumb\",\"itemListElement\":[{\"@type\":\"ListItem\",\"position\":1,\"name\":\"Tienda\",\"item\":\"https:\\\/\\\/medicinasinc.com\\\/es\\\/tienda\\\/\"},{\"@type\":\"ListItem\",\"position\":2,\"name\":\"Comprar hdep-28 Novel Ethylnaphthidate\"}]},{\"@type\":\"WebSite\",\"@id\":\"https:\\\/\\\/medicinasinc.com\\\/es\\\/#website\",\"url\":\"https:\\\/\\\/medicinasinc.com\\\/es\\\/\",\"name\":\"Medicinas Inc\",\"description\":\"Cl\u00ednica M\u00e9dica de Salud\",\"potentialAction\":[{\"@type\":\"SearchAction\",\"target\":{\"@type\":\"EntryPoint\",\"urlTemplate\":\"https:\\\/\\\/medicinasinc.com\\\/es\\\/?s={search_term_string}\"},\"query-input\":{\"@type\":\"PropertyValueSpecification\",\"valueRequired\":true,\"valueName\":\"search_term_string\"}}],\"inLanguage\":\"es\"}]}<\/script>\n<!-- \/ Yoast SEO plugin. -->","yoast_head_json":{"title":"Comprar hdep-28 Novel Ethylnaphthidate - Best Global Meds","description":"Compre hdep-28 Novel Ethylnaphthidate para la venta en el Reino Unido, Europa en l\u00ednea. IUPAC: 2-(naftalen-2-il)-2-(piperidin-2-il)acetato de etilo. Solicite hdep-28 Novel Ethylnaphthidate","robots":{"index":"index","follow":"follow","max-snippet":"max-snippet:-1","max-image-preview":"max-image-preview:large","max-video-preview":"max-video-preview:-1"},"canonical":"https:\/\/medicinasinc.com\/es\/product\/comprar-hdep-28-novedoso-etilnaftidato\/","og_locale":"es_ES","og_type":"article","og_title":"Comprar hdep-28 Novel Ethylnaphthidate - Best Global Meds","og_description":"Compre hdep-28 Novel Ethylnaphthidate para la venta en el Reino Unido, Europa en l\u00ednea. IUPAC: 2-(naftalen-2-il)-2-(piperidin-2-il)acetato de etilo. Solicite hdep-28 Novel Ethylnaphthidate","og_url":"https:\/\/medicinasinc.com\/es\/product\/comprar-hdep-28-novedoso-etilnaftidato\/","og_site_name":"Medicinas Inc","article_modified_time":"2022-03-22T00:44:01+00:00","og_image":[{"width":600,"height":600,"url":"https:\/\/medicinasinc.com\/es\/wp-content\/uploads\/sites\/15\/2022\/02\/Buy-hdep-28-Novel-Ethylnaphthidate.jpg","type":"image\/jpeg"}],"twitter_card":"summary_large_image","twitter_misc":{"Tiempo de lectura":"2 minutos"},"schema":{"@context":"https:\/\/schema.org","@graph":[{"@type":"WebPage","@id":"https:\/\/medicinasinc.com\/es\/product\/comprar-hdep-28-novedoso-etilnaftidato\/","url":"https:\/\/medicinasinc.com\/es\/product\/comprar-hdep-28-novedoso-etilnaftidato\/","name":"Comprar hdep-28 Novel Ethylnaphthidate - Best Global Meds","isPartOf":{"@id":"https:\/\/medicinasinc.com\/es\/#website"},"primaryImageOfPage":{"@id":"https:\/\/medicinasinc.com\/es\/product\/comprar-hdep-28-novedoso-etilnaftidato\/#primaryimage"},"image":{"@id":"https:\/\/medicinasinc.com\/es\/product\/comprar-hdep-28-novedoso-etilnaftidato\/#primaryimage"},"thumbnailUrl":"https:\/\/medicinasinc.com\/es\/wp-content\/uploads\/sites\/15\/2022\/02\/Buy-hdep-28-Novel-Ethylnaphthidate.jpg","datePublished":"2022-02-22T01:06:52+00:00","dateModified":"2022-03-22T00:44:01+00:00","description":"Compre hdep-28 Novel Ethylnaphthidate para la venta en el Reino Unido, Europa en l\u00ednea. IUPAC: 2-(naftalen-2-il)-2-(piperidin-2-il)acetato de etilo. Solicite hdep-28 Novel Ethylnaphthidate","breadcrumb":{"@id":"https:\/\/medicinasinc.com\/es\/product\/comprar-hdep-28-novedoso-etilnaftidato\/#breadcrumb"},"inLanguage":"es","potentialAction":[{"@type":"ReadAction","target":["https:\/\/medicinasinc.com\/es\/product\/comprar-hdep-28-novedoso-etilnaftidato\/"]}]},{"@type":"ImageObject","inLanguage":"es","@id":"https:\/\/medicinasinc.com\/es\/product\/comprar-hdep-28-novedoso-etilnaftidato\/#primaryimage","url":"https:\/\/medicinasinc.com\/es\/wp-content\/uploads\/sites\/15\/2022\/02\/Buy-hdep-28-Novel-Ethylnaphthidate.jpg","contentUrl":"https:\/\/medicinasinc.com\/es\/wp-content\/uploads\/sites\/15\/2022\/02\/Buy-hdep-28-Novel-Ethylnaphthidate.jpg","width":600,"height":600},{"@type":"BreadcrumbList","@id":"https:\/\/medicinasinc.com\/es\/product\/comprar-hdep-28-novedoso-etilnaftidato\/#breadcrumb","itemListElement":[{"@type":"ListItem","position":1,"name":"Tienda","item":"https:\/\/medicinasinc.com\/es\/tienda\/"},{"@type":"ListItem","position":2,"name":"Comprar hdep-28 Novel Ethylnaphthidate"}]},{"@type":"WebSite","@id":"https:\/\/medicinasinc.com\/es\/#website","url":"https:\/\/medicinasinc.com\/es\/","name":"Medicinas Inc","description":"Cl\u00ednica M\u00e9dica de Salud","potentialAction":[{"@type":"SearchAction","target":{"@type":"EntryPoint","urlTemplate":"https:\/\/medicinasinc.com\/es\/?s={search_term_string}"},"query-input":{"@type":"PropertyValueSpecification","valueRequired":true,"valueName":"search_term_string"}}],"inLanguage":"es"}]}},"_links":{"self":[{"href":"https:\/\/medicinasinc.com\/es\/wp-json\/wp\/v2\/product\/5523","targetHints":{"allow":["GET"]}}],"collection":[{"href":"https:\/\/medicinasinc.com\/es\/wp-json\/wp\/v2\/product"}],"about":[{"href":"https:\/\/medicinasinc.com\/es\/wp-json\/wp\/v2\/types\/product"}],"replies":[{"embeddable":true,"href":"https:\/\/medicinasinc.com\/es\/wp-json\/wp\/v2\/comments?post=5523"}],"wp:featuredmedia":[{"embeddable":true,"href":"https:\/\/medicinasinc.com\/es\/wp-json\/wp\/v2\/media\/5535"}],"wp:attachment":[{"href":"https:\/\/medicinasinc.com\/es\/wp-json\/wp\/v2\/media?parent=5523"}],"wp:term":[{"taxonomy":"product_brand","embeddable":true,"href":"https:\/\/medicinasinc.com\/es\/wp-json\/wp\/v2\/product_brand?post=5523"},{"taxonomy":"product_cat","embeddable":true,"href":"https:\/\/medicinasinc.com\/es\/wp-json\/wp\/v2\/product_cat?post=5523"},{"taxonomy":"product_tag","embeddable":true,"href":"https:\/\/medicinasinc.com\/es\/wp-json\/wp\/v2\/product_tag?post=5523"}],"curies":[{"name":"wp","href":"https:\/\/api.w.org\/{rel}","templated":true}]}}