{"id":5522,"date":"2022-02-22T01:05:36","date_gmt":"2022-02-22T01:05:36","guid":{"rendered":"https:\/\/medicinasinc.com\/es\/?post_type=product&#038;p=5522"},"modified":"2022-03-22T00:44:11","modified_gmt":"2022-03-22T00:44:11","slug":"comprar-fub-akb48-polvo","status":"publish","type":"product","link":"https:\/\/medicinasinc.com\/es\/product\/comprar-fub-akb48-polvo\/","title":{"rendered":"Comprar polvo Fub Akb48"},"content":{"rendered":"<p>Polvo puro Fub Akb48 para comprar<\/p>\n<p>Si desea saber m\u00e1s sobre los efectos de FUB-AKB48 (tambi\u00e9n conocido como AFUBINACA o FUB-APINACA) en el receptor CB1, este es el sint\u00e9tico cannabinoide para usted.<\/p>\n<p>Para la f\u00f3rmula qu\u00edmica, use lo siguiente: C25H26FN3O.<br \/> En la nomenclatura IUPAC: N-[(4-fluorophenyl)methyl]-1-adamantan-1-yl<br \/> -1H-indazol<br \/> -3-carboxamida<br \/> Aspecto:<br \/> Pureza:<\/p>\n","protected":false},"excerpt":{"rendered":"<p>Pague con Bitcoin por la entrega de polvo FUB-AKB48 a Europa. Compre el polvo FUB-AKB48 en Europa de un proveedor del Reino Unido a un precio bajo. Una tienda europea de polvo FUB-AKB48, donde puede obtener polvo FUB-AKB48 con una pureza del 99 %.<\/p>\n<p>Adquiera 1 oz. de Pure Fub Akb48 Powder de nosotros hoy! La hierba falsa es un indol que se ha empleado en la creaci\u00f3n de medicamentos y ahora est\u00e1 disponible para la venta con componentes activos combinados de marihuana sint\u00e9tica.<\/p>\n<p>Con Bitcoin, puede obtener FUB-AKB48 en polvo puro y de alta calidad en l\u00ednea, como as\u00ed como medicamentos legales, productos qu\u00edmicos de investigaci\u00f3n y polvos medicinales crudos.<\/p>\n","protected":false},"featured_media":5533,"comment_status":"open","ping_status":"closed","template":"","meta":[],"product_brand":[],"product_cat":[2596],"product_tag":[3013,3014,3016,3020,3027,3017,3019,3024,3022,3023,3015,3025,3026,3028,3018,3021],"class_list":{"0":"post-5522","1":"product","2":"type-product","3":"status-publish","4":"has-post-thumbnail","6":"product_cat-venta-de-cannabinoides","7":"product_tag-comprar-fub-akb48-eu","8":"product_tag-comprar-fub-akb48-polvo","9":"product_tag-fub-akb48-efecto","10":"product_tag-fub-akb48-polvo-efecto","11":"product_tag-fub-akb48-envo","12":"product_tag-fub-akb48-for-sale","13":"product_tag-fub-akb48-polvo-comprar","14":"product_tag-fub-akb48-polvo-renders","15":"product_tag-fub-akb48-powder-online","16":"product_tag-fub-akb48-powder-order","17":"product_tag-fub-akb48-china-proveedor","18":"product_tag-fub-akb48-renderizados","19":"product_tag-fub-akb48-revisin","20":"product_tag-fub-akb48-mayorista","21":"product_tag-fub-akb48-polvo","22":"product_tag-fub-akb48-polvo-en-venta","24":"first","25":"instock","26":"shipping-taxable","27":"purchasable","28":"product-type-variable","29":"has-default-attributes"},"yoast_head":"<!-- This site is optimized with the Yoast SEO plugin v27.3 - https:\/\/yoast.com\/product\/yoast-seo-wordpress\/ -->\n<title>Comprar Fub Akb48 en polvo - Fub Akb48 en l\u00ednea - Best Global Meds<\/title>\n<meta name=\"description\" content=\"Compre polvo FUB-AKB48 para la venta Env\u00edo en la UE, pago con Bitcoin. Proveedor de polvo FUB-AKB48 barato Reino Unido: compre productos qu\u00edmicos de investigaci\u00f3n en Europa. FUB-AKB48 Almac\u00e9n de polvo en Europa\" \/>\n<meta name=\"robots\" content=\"index, follow, max-snippet:-1, max-image-preview:large, max-video-preview:-1\" \/>\n<link rel=\"canonical\" href=\"https:\/\/medicinasinc.com\/es\/product\/comprar-fub-akb48-polvo\/\" \/>\n<meta property=\"og:locale\" content=\"es_ES\" \/>\n<meta property=\"og:type\" content=\"article\" \/>\n<meta property=\"og:title\" content=\"Comprar Fub Akb48 en polvo - Fub Akb48 en l\u00ednea - Best Global Meds\" \/>\n<meta property=\"og:description\" content=\"Compre polvo FUB-AKB48 para la venta Env\u00edo en la UE, pago con Bitcoin. Proveedor de polvo FUB-AKB48 barato Reino Unido: compre productos qu\u00edmicos de investigaci\u00f3n en Europa. FUB-AKB48 Almac\u00e9n de polvo en Europa\" \/>\n<meta property=\"og:url\" content=\"https:\/\/medicinasinc.com\/es\/product\/comprar-fub-akb48-polvo\/\" \/>\n<meta property=\"og:site_name\" content=\"Medicinas Inc\" \/>\n<meta property=\"article:modified_time\" content=\"2022-03-22T00:44:11+00:00\" \/>\n<meta property=\"og:image\" content=\"https:\/\/medicinasinc.com\/es\/wp-content\/uploads\/sites\/15\/2022\/02\/Buy-Fub-Akb48-Powder.jpeg\" \/>\n\t<meta property=\"og:image:width\" content=\"800\" \/>\n\t<meta property=\"og:image:height\" content=\"438\" \/>\n\t<meta property=\"og:image:type\" content=\"image\/jpeg\" \/>\n<meta name=\"twitter:card\" content=\"summary_large_image\" \/>\n<meta name=\"twitter:label1\" content=\"Tiempo de lectura\" \/>\n\t<meta name=\"twitter:data1\" content=\"1 minuto\" \/>\n<script type=\"application\/ld+json\" class=\"yoast-schema-graph\">{\"@context\":\"https:\\\/\\\/schema.org\",\"@graph\":[{\"@type\":\"WebPage\",\"@id\":\"https:\\\/\\\/medicinasinc.com\\\/es\\\/product\\\/comprar-fub-akb48-polvo\\\/\",\"url\":\"https:\\\/\\\/medicinasinc.com\\\/es\\\/product\\\/comprar-fub-akb48-polvo\\\/\",\"name\":\"Comprar Fub Akb48 en polvo - Fub Akb48 en l\u00ednea - Best Global Meds\",\"isPartOf\":{\"@id\":\"https:\\\/\\\/medicinasinc.com\\\/es\\\/#website\"},\"primaryImageOfPage\":{\"@id\":\"https:\\\/\\\/medicinasinc.com\\\/es\\\/product\\\/comprar-fub-akb48-polvo\\\/#primaryimage\"},\"image\":{\"@id\":\"https:\\\/\\\/medicinasinc.com\\\/es\\\/product\\\/comprar-fub-akb48-polvo\\\/#primaryimage\"},\"thumbnailUrl\":\"https:\\\/\\\/medicinasinc.com\\\/es\\\/wp-content\\\/uploads\\\/sites\\\/15\\\/2022\\\/02\\\/Buy-Fub-Akb48-Powder.jpeg\",\"datePublished\":\"2022-02-22T01:05:36+00:00\",\"dateModified\":\"2022-03-22T00:44:11+00:00\",\"description\":\"Compre polvo FUB-AKB48 para la venta Env\u00edo en la UE, pago con Bitcoin. Proveedor de polvo FUB-AKB48 barato Reino Unido: compre productos qu\u00edmicos de investigaci\u00f3n en Europa. FUB-AKB48 Almac\u00e9n de polvo en Europa\",\"breadcrumb\":{\"@id\":\"https:\\\/\\\/medicinasinc.com\\\/es\\\/product\\\/comprar-fub-akb48-polvo\\\/#breadcrumb\"},\"inLanguage\":\"es\",\"potentialAction\":[{\"@type\":\"ReadAction\",\"target\":[\"https:\\\/\\\/medicinasinc.com\\\/es\\\/product\\\/comprar-fub-akb48-polvo\\\/\"]}]},{\"@type\":\"ImageObject\",\"inLanguage\":\"es\",\"@id\":\"https:\\\/\\\/medicinasinc.com\\\/es\\\/product\\\/comprar-fub-akb48-polvo\\\/#primaryimage\",\"url\":\"https:\\\/\\\/medicinasinc.com\\\/es\\\/wp-content\\\/uploads\\\/sites\\\/15\\\/2022\\\/02\\\/Buy-Fub-Akb48-Powder.jpeg\",\"contentUrl\":\"https:\\\/\\\/medicinasinc.com\\\/es\\\/wp-content\\\/uploads\\\/sites\\\/15\\\/2022\\\/02\\\/Buy-Fub-Akb48-Powder.jpeg\",\"width\":800,\"height\":438},{\"@type\":\"BreadcrumbList\",\"@id\":\"https:\\\/\\\/medicinasinc.com\\\/es\\\/product\\\/comprar-fub-akb48-polvo\\\/#breadcrumb\",\"itemListElement\":[{\"@type\":\"ListItem\",\"position\":1,\"name\":\"Tienda\",\"item\":\"https:\\\/\\\/medicinasinc.com\\\/es\\\/tienda\\\/\"},{\"@type\":\"ListItem\",\"position\":2,\"name\":\"Comprar polvo Fub Akb48\"}]},{\"@type\":\"WebSite\",\"@id\":\"https:\\\/\\\/medicinasinc.com\\\/es\\\/#website\",\"url\":\"https:\\\/\\\/medicinasinc.com\\\/es\\\/\",\"name\":\"Medicinas Inc\",\"description\":\"Cl\u00ednica M\u00e9dica de Salud\",\"potentialAction\":[{\"@type\":\"SearchAction\",\"target\":{\"@type\":\"EntryPoint\",\"urlTemplate\":\"https:\\\/\\\/medicinasinc.com\\\/es\\\/?s={search_term_string}\"},\"query-input\":{\"@type\":\"PropertyValueSpecification\",\"valueRequired\":true,\"valueName\":\"search_term_string\"}}],\"inLanguage\":\"es\"}]}<\/script>\n<!-- \/ Yoast SEO plugin. -->","yoast_head_json":{"title":"Comprar Fub Akb48 en polvo - Fub Akb48 en l\u00ednea - Best Global Meds","description":"Compre polvo FUB-AKB48 para la venta Env\u00edo en la UE, pago con Bitcoin. Proveedor de polvo FUB-AKB48 barato Reino Unido: compre productos qu\u00edmicos de investigaci\u00f3n en Europa. FUB-AKB48 Almac\u00e9n de polvo en Europa","robots":{"index":"index","follow":"follow","max-snippet":"max-snippet:-1","max-image-preview":"max-image-preview:large","max-video-preview":"max-video-preview:-1"},"canonical":"https:\/\/medicinasinc.com\/es\/product\/comprar-fub-akb48-polvo\/","og_locale":"es_ES","og_type":"article","og_title":"Comprar Fub Akb48 en polvo - Fub Akb48 en l\u00ednea - Best Global Meds","og_description":"Compre polvo FUB-AKB48 para la venta Env\u00edo en la UE, pago con Bitcoin. Proveedor de polvo FUB-AKB48 barato Reino Unido: compre productos qu\u00edmicos de investigaci\u00f3n en Europa. FUB-AKB48 Almac\u00e9n de polvo en Europa","og_url":"https:\/\/medicinasinc.com\/es\/product\/comprar-fub-akb48-polvo\/","og_site_name":"Medicinas Inc","article_modified_time":"2022-03-22T00:44:11+00:00","og_image":[{"width":800,"height":438,"url":"https:\/\/medicinasinc.com\/es\/wp-content\/uploads\/sites\/15\/2022\/02\/Buy-Fub-Akb48-Powder.jpeg","type":"image\/jpeg"}],"twitter_card":"summary_large_image","twitter_misc":{"Tiempo de lectura":"1 minuto"},"schema":{"@context":"https:\/\/schema.org","@graph":[{"@type":"WebPage","@id":"https:\/\/medicinasinc.com\/es\/product\/comprar-fub-akb48-polvo\/","url":"https:\/\/medicinasinc.com\/es\/product\/comprar-fub-akb48-polvo\/","name":"Comprar Fub Akb48 en polvo - Fub Akb48 en l\u00ednea - Best Global Meds","isPartOf":{"@id":"https:\/\/medicinasinc.com\/es\/#website"},"primaryImageOfPage":{"@id":"https:\/\/medicinasinc.com\/es\/product\/comprar-fub-akb48-polvo\/#primaryimage"},"image":{"@id":"https:\/\/medicinasinc.com\/es\/product\/comprar-fub-akb48-polvo\/#primaryimage"},"thumbnailUrl":"https:\/\/medicinasinc.com\/es\/wp-content\/uploads\/sites\/15\/2022\/02\/Buy-Fub-Akb48-Powder.jpeg","datePublished":"2022-02-22T01:05:36+00:00","dateModified":"2022-03-22T00:44:11+00:00","description":"Compre polvo FUB-AKB48 para la venta Env\u00edo en la UE, pago con Bitcoin. Proveedor de polvo FUB-AKB48 barato Reino Unido: compre productos qu\u00edmicos de investigaci\u00f3n en Europa. FUB-AKB48 Almac\u00e9n de polvo en Europa","breadcrumb":{"@id":"https:\/\/medicinasinc.com\/es\/product\/comprar-fub-akb48-polvo\/#breadcrumb"},"inLanguage":"es","potentialAction":[{"@type":"ReadAction","target":["https:\/\/medicinasinc.com\/es\/product\/comprar-fub-akb48-polvo\/"]}]},{"@type":"ImageObject","inLanguage":"es","@id":"https:\/\/medicinasinc.com\/es\/product\/comprar-fub-akb48-polvo\/#primaryimage","url":"https:\/\/medicinasinc.com\/es\/wp-content\/uploads\/sites\/15\/2022\/02\/Buy-Fub-Akb48-Powder.jpeg","contentUrl":"https:\/\/medicinasinc.com\/es\/wp-content\/uploads\/sites\/15\/2022\/02\/Buy-Fub-Akb48-Powder.jpeg","width":800,"height":438},{"@type":"BreadcrumbList","@id":"https:\/\/medicinasinc.com\/es\/product\/comprar-fub-akb48-polvo\/#breadcrumb","itemListElement":[{"@type":"ListItem","position":1,"name":"Tienda","item":"https:\/\/medicinasinc.com\/es\/tienda\/"},{"@type":"ListItem","position":2,"name":"Comprar polvo Fub Akb48"}]},{"@type":"WebSite","@id":"https:\/\/medicinasinc.com\/es\/#website","url":"https:\/\/medicinasinc.com\/es\/","name":"Medicinas Inc","description":"Cl\u00ednica M\u00e9dica de Salud","potentialAction":[{"@type":"SearchAction","target":{"@type":"EntryPoint","urlTemplate":"https:\/\/medicinasinc.com\/es\/?s={search_term_string}"},"query-input":{"@type":"PropertyValueSpecification","valueRequired":true,"valueName":"search_term_string"}}],"inLanguage":"es"}]}},"_links":{"self":[{"href":"https:\/\/medicinasinc.com\/es\/wp-json\/wp\/v2\/product\/5522","targetHints":{"allow":["GET"]}}],"collection":[{"href":"https:\/\/medicinasinc.com\/es\/wp-json\/wp\/v2\/product"}],"about":[{"href":"https:\/\/medicinasinc.com\/es\/wp-json\/wp\/v2\/types\/product"}],"replies":[{"embeddable":true,"href":"https:\/\/medicinasinc.com\/es\/wp-json\/wp\/v2\/comments?post=5522"}],"wp:featuredmedia":[{"embeddable":true,"href":"https:\/\/medicinasinc.com\/es\/wp-json\/wp\/v2\/media\/5533"}],"wp:attachment":[{"href":"https:\/\/medicinasinc.com\/es\/wp-json\/wp\/v2\/media?parent=5522"}],"wp:term":[{"taxonomy":"product_brand","embeddable":true,"href":"https:\/\/medicinasinc.com\/es\/wp-json\/wp\/v2\/product_brand?post=5522"},{"taxonomy":"product_cat","embeddable":true,"href":"https:\/\/medicinasinc.com\/es\/wp-json\/wp\/v2\/product_cat?post=5522"},{"taxonomy":"product_tag","embeddable":true,"href":"https:\/\/medicinasinc.com\/es\/wp-json\/wp\/v2\/product_tag?post=5522"}],"curies":[{"name":"wp","href":"https:\/\/api.w.org\/{rel}","templated":true}]}}