{"id":5521,"date":"2022-02-22T01:04:16","date_gmt":"2022-02-22T01:04:16","guid":{"rendered":"https:\/\/medicinasinc.com\/es\/?post_type=product&#038;p=5521"},"modified":"2022-03-22T00:44:22","modified_gmt":"2022-03-22T00:44:22","slug":"comprar-flubromazepam-4mg-pellets","status":"publish","type":"product","link":"https:\/\/medicinasinc.com\/es\/product\/comprar-flubromazepam-4mg-pellets\/","title":{"rendered":"Comprar Flubromazepam 4mg Pellets"},"content":{"rendered":"<p>FLUBROMAZEPAM 4MG PELLETS ASEQUIBLES ENTREGADOS A LA UE<\/p>\n<p>Flubromazepam 4mg Pellets est\u00e1n disponibles para su compra en Europa en esta ubicaci\u00f3n.<\/p>\n<p>Puede usar Bitcoin para pagar Flubromazepam Pellets 4 mg. <\/p>\n<p>El derivado de benzodiazepina flubromazepam es el primero de su tipo. 7-bromo-5-(2-fluorofenil)-1,3-dihidro-1,4-benzodiazepin-2-ona es el nombre qu\u00edmico completo. Este f\u00e1rmaco es estructuralmente similar al bromazepam, un sedante, ansiol\u00edtico y ayuda para dormir que tambi\u00e9n se conoce como benzodiazepina.<\/p>\n<p>Una apariencia similar a una bolita naranja indica la presencia de 7-bromo-5-(2 -fluorofenil)-1,3-dihidro-1,4 benzodiazepina-2-ona.<\/p>\n<p>Flubromazepam 4mg Pellets se pueden comprar en l\u00ednea usando una direcci\u00f3n de Bitcoin.<\/p>\n<p>4mg Pellets de Flubromazepam para Venta<\/p>\n<p>&nbsp;<\/p>\n<p>Flubromazepam 4 mg Pellets se pueden comprar a trav\u00e9s de Internet.<br \/> \u00bfPara qu\u00e9 se utiliza el flubromazepam?<\/p>\n<p>Un derivado de la benzodiazepina, el flubromazepam tiene existe desde 1960, cuando se fabric\u00f3 por primera vez. Hasta 2012, cuando comenz\u00f3 a promocionarse como material de examen, nunca se hab\u00eda anunciado como medicamento y muchos lo hab\u00edan olvidado hasta 2012. La f\u00f3rmula del flubromazepam es pr\u00e1cticamente id\u00e9ntica a la del fenazepam, otra benzodiazepina que fue popularizada por las compa\u00f1\u00edas farmac\u00e9uticas. en varios pa\u00edses.<\/p>\n","protected":false},"excerpt":{"rendered":"<div class=\"woocommerce-product-details__short-description\">\n<p>Compre gr\u00e1nulos de flubromazepam de 4 mg para la venta UE, Reino Unido, env\u00edo a Europa, pago con Bitcoin. Flubromazepam barato 4mg Pellets proveedor &#8211; comprar productos qu\u00edmicos de investigaci\u00f3n en Europa.<\/p>\n<p><em>Comprar Flubromazepam<\/em>\u00a0(<em>4mg<\/em>)\u00a0<em>Pellets<\/em>\u00a0al mejor precio. Garantizamos env\u00edos seguros y protegidos a todo el mundo.<\/p>\n<p>Compre Flubromazepam 4mg Pellets en l\u00ednea. El flubromazepam est\u00e1 a la venta en forma de gr\u00e1nulos de 4 mg, de color amarillo brillante, un tono de amarillo ligeramente diferente al lote actual de Pyrazolam actualmente disponible en los EE. UU.<\/p>\n<\/p><\/div>\n","protected":false},"featured_media":5531,"comment_status":"open","ping_status":"closed","template":"","meta":[],"product_brand":[],"product_cat":[2014],"product_tag":[2998,2999,3012,3011,3000,3001,3002,3004,3005,3006,3008,3009,3007,3010,3003],"class_list":{"0":"post-5521","1":"product","2":"type-product","3":"status-publish","4":"has-post-thumbnail","6":"product_cat-comprar-investigacion-quimicos","7":"product_tag-buy-flubromazepam","8":"product_tag-buy-flubromazepam-pellets","9":"product_tag-donde-comprar-comprar-flubromazepam-pellets","10":"product_tag-envo-flubromazepam-4mg-palet","11":"product_tag-flubromazepam","12":"product_tag-flubromazepam-4-mg","13":"product_tag-flubromazepam-4mg","14":"product_tag-flubromazepam-effect","15":"product_tag-flubromazepam-europe-comprar","16":"product_tag-flubromazepam-google","17":"product_tag-flubromazepam-reddit","18":"product_tag-orden-flubromazepam","19":"product_tag-grnulos-de-flubromazepam","20":"product_tag-quality-flubromazepam-4mg","21":"product_tag-flubromazepam-4mg-para-la-venta","23":"first","24":"instock","25":"shipping-taxable","26":"purchasable","27":"product-type-variable","28":"has-default-attributes"},"yoast_head":"<!-- This site is optimized with the Yoast SEO plugin v27.3 - https:\/\/yoast.com\/product\/yoast-seo-wordpress\/ -->\n<title>Comprar flubromazepam 4mg Pellets - Best Best Global Meds<\/title>\n<meta name=\"description\" content=\"Compre Flubromazepam 4mg Pellets para la venta UE, Reino Unido, env\u00edo a Europa, pago con Bitcoin. Flubromazepam 4mg Pellets proveedor barato: compre productos qu\u00edmicos de investigaci\u00f3n en Europa.\" \/>\n<meta name=\"robots\" content=\"index, follow, max-snippet:-1, max-image-preview:large, max-video-preview:-1\" \/>\n<link rel=\"canonical\" href=\"https:\/\/medicinasinc.com\/es\/product\/comprar-flubromazepam-4mg-pellets\/\" \/>\n<meta property=\"og:locale\" content=\"es_ES\" \/>\n<meta property=\"og:type\" content=\"article\" \/>\n<meta property=\"og:title\" content=\"Comprar flubromazepam 4mg Pellets - Best Best Global Meds\" \/>\n<meta property=\"og:description\" content=\"Compre Flubromazepam 4mg Pellets para la venta UE, Reino Unido, env\u00edo a Europa, pago con Bitcoin. Flubromazepam 4mg Pellets proveedor barato: compre productos qu\u00edmicos de investigaci\u00f3n en Europa.\" \/>\n<meta property=\"og:url\" content=\"https:\/\/medicinasinc.com\/es\/product\/comprar-flubromazepam-4mg-pellets\/\" \/>\n<meta property=\"og:site_name\" content=\"Medicinas Inc\" \/>\n<meta property=\"article:modified_time\" content=\"2022-03-22T00:44:22+00:00\" \/>\n<meta property=\"og:image\" content=\"https:\/\/medicinasinc.com\/es\/wp-content\/uploads\/sites\/15\/2022\/02\/Buy-Flubromazepam-4mg-Pellets-1.jpg\" \/>\n\t<meta property=\"og:image:width\" content=\"350\" \/>\n\t<meta property=\"og:image:height\" content=\"350\" \/>\n\t<meta property=\"og:image:type\" content=\"image\/jpeg\" \/>\n<meta name=\"twitter:card\" content=\"summary_large_image\" \/>\n<meta name=\"twitter:label1\" content=\"Tiempo de lectura\" \/>\n\t<meta name=\"twitter:data1\" content=\"1 minuto\" \/>\n<script type=\"application\/ld+json\" class=\"yoast-schema-graph\">{\"@context\":\"https:\\\/\\\/schema.org\",\"@graph\":[{\"@type\":\"WebPage\",\"@id\":\"https:\\\/\\\/medicinasinc.com\\\/es\\\/product\\\/comprar-flubromazepam-4mg-pellets\\\/\",\"url\":\"https:\\\/\\\/medicinasinc.com\\\/es\\\/product\\\/comprar-flubromazepam-4mg-pellets\\\/\",\"name\":\"Comprar flubromazepam 4mg Pellets - Best Best Global Meds\",\"isPartOf\":{\"@id\":\"https:\\\/\\\/medicinasinc.com\\\/es\\\/#website\"},\"primaryImageOfPage\":{\"@id\":\"https:\\\/\\\/medicinasinc.com\\\/es\\\/product\\\/comprar-flubromazepam-4mg-pellets\\\/#primaryimage\"},\"image\":{\"@id\":\"https:\\\/\\\/medicinasinc.com\\\/es\\\/product\\\/comprar-flubromazepam-4mg-pellets\\\/#primaryimage\"},\"thumbnailUrl\":\"https:\\\/\\\/medicinasinc.com\\\/es\\\/wp-content\\\/uploads\\\/sites\\\/15\\\/2022\\\/02\\\/Buy-Flubromazepam-4mg-Pellets-1.jpg\",\"datePublished\":\"2022-02-22T01:04:16+00:00\",\"dateModified\":\"2022-03-22T00:44:22+00:00\",\"description\":\"Compre Flubromazepam 4mg Pellets para la venta UE, Reino Unido, env\u00edo a Europa, pago con Bitcoin. Flubromazepam 4mg Pellets proveedor barato: compre productos qu\u00edmicos de investigaci\u00f3n en Europa.\",\"breadcrumb\":{\"@id\":\"https:\\\/\\\/medicinasinc.com\\\/es\\\/product\\\/comprar-flubromazepam-4mg-pellets\\\/#breadcrumb\"},\"inLanguage\":\"es\",\"potentialAction\":[{\"@type\":\"ReadAction\",\"target\":[\"https:\\\/\\\/medicinasinc.com\\\/es\\\/product\\\/comprar-flubromazepam-4mg-pellets\\\/\"]}]},{\"@type\":\"ImageObject\",\"inLanguage\":\"es\",\"@id\":\"https:\\\/\\\/medicinasinc.com\\\/es\\\/product\\\/comprar-flubromazepam-4mg-pellets\\\/#primaryimage\",\"url\":\"https:\\\/\\\/medicinasinc.com\\\/es\\\/wp-content\\\/uploads\\\/sites\\\/15\\\/2022\\\/02\\\/Buy-Flubromazepam-4mg-Pellets-1.jpg\",\"contentUrl\":\"https:\\\/\\\/medicinasinc.com\\\/es\\\/wp-content\\\/uploads\\\/sites\\\/15\\\/2022\\\/02\\\/Buy-Flubromazepam-4mg-Pellets-1.jpg\",\"width\":350,\"height\":350},{\"@type\":\"BreadcrumbList\",\"@id\":\"https:\\\/\\\/medicinasinc.com\\\/es\\\/product\\\/comprar-flubromazepam-4mg-pellets\\\/#breadcrumb\",\"itemListElement\":[{\"@type\":\"ListItem\",\"position\":1,\"name\":\"Tienda\",\"item\":\"https:\\\/\\\/medicinasinc.com\\\/es\\\/tienda\\\/\"},{\"@type\":\"ListItem\",\"position\":2,\"name\":\"Comprar Flubromazepam 4mg Pellets\"}]},{\"@type\":\"WebSite\",\"@id\":\"https:\\\/\\\/medicinasinc.com\\\/es\\\/#website\",\"url\":\"https:\\\/\\\/medicinasinc.com\\\/es\\\/\",\"name\":\"Medicinas Inc\",\"description\":\"Cl\u00ednica M\u00e9dica de Salud\",\"potentialAction\":[{\"@type\":\"SearchAction\",\"target\":{\"@type\":\"EntryPoint\",\"urlTemplate\":\"https:\\\/\\\/medicinasinc.com\\\/es\\\/?s={search_term_string}\"},\"query-input\":{\"@type\":\"PropertyValueSpecification\",\"valueRequired\":true,\"valueName\":\"search_term_string\"}}],\"inLanguage\":\"es\"}]}<\/script>\n<!-- \/ Yoast SEO plugin. -->","yoast_head_json":{"title":"Comprar flubromazepam 4mg Pellets - Best Best Global Meds","description":"Compre Flubromazepam 4mg Pellets para la venta UE, Reino Unido, env\u00edo a Europa, pago con Bitcoin. Flubromazepam 4mg Pellets proveedor barato: compre productos qu\u00edmicos de investigaci\u00f3n en Europa.","robots":{"index":"index","follow":"follow","max-snippet":"max-snippet:-1","max-image-preview":"max-image-preview:large","max-video-preview":"max-video-preview:-1"},"canonical":"https:\/\/medicinasinc.com\/es\/product\/comprar-flubromazepam-4mg-pellets\/","og_locale":"es_ES","og_type":"article","og_title":"Comprar flubromazepam 4mg Pellets - Best Best Global Meds","og_description":"Compre Flubromazepam 4mg Pellets para la venta UE, Reino Unido, env\u00edo a Europa, pago con Bitcoin. Flubromazepam 4mg Pellets proveedor barato: compre productos qu\u00edmicos de investigaci\u00f3n en Europa.","og_url":"https:\/\/medicinasinc.com\/es\/product\/comprar-flubromazepam-4mg-pellets\/","og_site_name":"Medicinas Inc","article_modified_time":"2022-03-22T00:44:22+00:00","og_image":[{"width":350,"height":350,"url":"https:\/\/medicinasinc.com\/es\/wp-content\/uploads\/sites\/15\/2022\/02\/Buy-Flubromazepam-4mg-Pellets-1.jpg","type":"image\/jpeg"}],"twitter_card":"summary_large_image","twitter_misc":{"Tiempo de lectura":"1 minuto"},"schema":{"@context":"https:\/\/schema.org","@graph":[{"@type":"WebPage","@id":"https:\/\/medicinasinc.com\/es\/product\/comprar-flubromazepam-4mg-pellets\/","url":"https:\/\/medicinasinc.com\/es\/product\/comprar-flubromazepam-4mg-pellets\/","name":"Comprar flubromazepam 4mg Pellets - Best Best Global Meds","isPartOf":{"@id":"https:\/\/medicinasinc.com\/es\/#website"},"primaryImageOfPage":{"@id":"https:\/\/medicinasinc.com\/es\/product\/comprar-flubromazepam-4mg-pellets\/#primaryimage"},"image":{"@id":"https:\/\/medicinasinc.com\/es\/product\/comprar-flubromazepam-4mg-pellets\/#primaryimage"},"thumbnailUrl":"https:\/\/medicinasinc.com\/es\/wp-content\/uploads\/sites\/15\/2022\/02\/Buy-Flubromazepam-4mg-Pellets-1.jpg","datePublished":"2022-02-22T01:04:16+00:00","dateModified":"2022-03-22T00:44:22+00:00","description":"Compre Flubromazepam 4mg Pellets para la venta UE, Reino Unido, env\u00edo a Europa, pago con Bitcoin. Flubromazepam 4mg Pellets proveedor barato: compre productos qu\u00edmicos de investigaci\u00f3n en Europa.","breadcrumb":{"@id":"https:\/\/medicinasinc.com\/es\/product\/comprar-flubromazepam-4mg-pellets\/#breadcrumb"},"inLanguage":"es","potentialAction":[{"@type":"ReadAction","target":["https:\/\/medicinasinc.com\/es\/product\/comprar-flubromazepam-4mg-pellets\/"]}]},{"@type":"ImageObject","inLanguage":"es","@id":"https:\/\/medicinasinc.com\/es\/product\/comprar-flubromazepam-4mg-pellets\/#primaryimage","url":"https:\/\/medicinasinc.com\/es\/wp-content\/uploads\/sites\/15\/2022\/02\/Buy-Flubromazepam-4mg-Pellets-1.jpg","contentUrl":"https:\/\/medicinasinc.com\/es\/wp-content\/uploads\/sites\/15\/2022\/02\/Buy-Flubromazepam-4mg-Pellets-1.jpg","width":350,"height":350},{"@type":"BreadcrumbList","@id":"https:\/\/medicinasinc.com\/es\/product\/comprar-flubromazepam-4mg-pellets\/#breadcrumb","itemListElement":[{"@type":"ListItem","position":1,"name":"Tienda","item":"https:\/\/medicinasinc.com\/es\/tienda\/"},{"@type":"ListItem","position":2,"name":"Comprar Flubromazepam 4mg Pellets"}]},{"@type":"WebSite","@id":"https:\/\/medicinasinc.com\/es\/#website","url":"https:\/\/medicinasinc.com\/es\/","name":"Medicinas Inc","description":"Cl\u00ednica M\u00e9dica de Salud","potentialAction":[{"@type":"SearchAction","target":{"@type":"EntryPoint","urlTemplate":"https:\/\/medicinasinc.com\/es\/?s={search_term_string}"},"query-input":{"@type":"PropertyValueSpecification","valueRequired":true,"valueName":"search_term_string"}}],"inLanguage":"es"}]}},"_links":{"self":[{"href":"https:\/\/medicinasinc.com\/es\/wp-json\/wp\/v2\/product\/5521","targetHints":{"allow":["GET"]}}],"collection":[{"href":"https:\/\/medicinasinc.com\/es\/wp-json\/wp\/v2\/product"}],"about":[{"href":"https:\/\/medicinasinc.com\/es\/wp-json\/wp\/v2\/types\/product"}],"replies":[{"embeddable":true,"href":"https:\/\/medicinasinc.com\/es\/wp-json\/wp\/v2\/comments?post=5521"}],"wp:featuredmedia":[{"embeddable":true,"href":"https:\/\/medicinasinc.com\/es\/wp-json\/wp\/v2\/media\/5531"}],"wp:attachment":[{"href":"https:\/\/medicinasinc.com\/es\/wp-json\/wp\/v2\/media?parent=5521"}],"wp:term":[{"taxonomy":"product_brand","embeddable":true,"href":"https:\/\/medicinasinc.com\/es\/wp-json\/wp\/v2\/product_brand?post=5521"},{"taxonomy":"product_cat","embeddable":true,"href":"https:\/\/medicinasinc.com\/es\/wp-json\/wp\/v2\/product_cat?post=5521"},{"taxonomy":"product_tag","embeddable":true,"href":"https:\/\/medicinasinc.com\/es\/wp-json\/wp\/v2\/product_tag?post=5521"}],"curies":[{"name":"wp","href":"https:\/\/api.w.org\/{rel}","templated":true}]}}