{"id":5520,"date":"2022-02-22T01:02:44","date_gmt":"2022-02-22T01:02:44","guid":{"rendered":"https:\/\/medicinasinc.com\/es\/?post_type=product&#038;p=5520"},"modified":"2022-03-22T00:44:33","modified_gmt":"2022-03-22T00:44:33","slug":"comprar-fentanilo-tabletas","status":"publish","type":"product","link":"https:\/\/medicinasinc.com\/es\/product\/comprar-fentanilo-tabletas\/","title":{"rendered":"Comprar tabletas de fentanilo"},"content":{"rendered":"<p>Fentanyl Pills, tambi\u00e9n conocido como fentanil, es un analg\u00e9sico opioide sint\u00e9tico muy potente con una acci\u00f3n de corta duraci\u00f3n y un inicio r\u00e1pido. Los receptores opioides son fuertemente estimulados por este f\u00e1rmaco. Se dice que la potencia del fentanilo es entre 50 y 100 veces mayor que la de la morfina.<\/p>\n<p>Formadas en 1960, Fentanyl Pills de Paul Janssen fue un \u00e9xito inmediato, siguiendo los pasos de la petidina de Demerol. El fentanilo se cre\u00f3 probando an\u00e1logos de la sustancia activa opioide petidina, que est\u00e1 estructuralmente vinculada al fentanilo.<\/p>\n<p>Citrato fent\u00f3nico (citrato de fentanilo, que es la sal generada al mezclar fentanilo y \u00e1cido c\u00edtrico con una proporci\u00f3n de 1:1). ratio) lleg\u00f3 al mercado m\u00e9dico a principios de los a\u00f1os 60 bajo el nombre comercial Sublimaze debido a su amplio uso. Sufentanilo, alfentanilo, remifentanilo y lofentanilo son solo algunos de los muchos an\u00e1logos de fentanilo que desde entonces se han creado y puesto en uso cl\u00ednico.<\/p>\n<p>P\u00edldoras que contienen fentanilo El uso paliativo de fentanilo comenz\u00f3 a mediados de la d\u00e9cada de 1990 con la desarrollo del parche de fentanilo, al que siguieron r\u00e1pidamente las pastillas de fentanilo, las tabletas para disolver y el aerosol sublingual, que se absorben a trav\u00e9s de la superficie de la boca. El fentanilo fue el opioide sint\u00e9tico recetado con mayor frecuencia en los Estados Unidos en 2012. En todo el mundo, se estim\u00f3 que se consumieron 1700 kg de pl\u00e1stico en 2013.<\/p>\n<p>El uso recreativo de fentanilo ha resultado en miles de muertes por sobredosis por a\u00f1o. El uso m\u00e9dico inapropiado tambi\u00e9n ha provocado muertes. Por su alto \u00edndice terap\u00e9utico (270), el fentanilo es un anest\u00e9sico quir\u00fargico muy seguro cuando se administra bajo estrecha supervisi\u00f3n; pero, debido a su tremenda potencia, se requieren mediciones precisas de la soluci\u00f3n extremadamente diluida.<\/p>\n<p>Una dosis efectiva y una dosis letal de fentanilo en polvo ser\u00edan dif\u00edciles o imposibles de distinguir a simple vista si se colocaran junto a El uno al otro; esta es la raz\u00f3n por la que no es pr\u00e1ctico cuantificar con precisi\u00f3n una dosis de polvo de fentanilo puro sin un equipo cient\u00edfico moderno.<\/p>\n<p>\u00a1Ordene las p\u00edldoras, el polvo, los parches y el l\u00edquido de fentanilo en l\u00ednea ahora!<\/p>\n<div class=\"product -siguiente-anterior\">\n<div class=\"producto-anterior\"><\/div><\/div>\n","protected":false},"excerpt":{"rendered":"<p>\u00a1Nuestro negocio en l\u00ednea vende tabletas de fentanilo para la venta en el Reino Unido, la UE y Europa con env\u00edos r\u00e1pidos a todo el mundo! \u00a1Aqu\u00ed encontrar\u00e1 el mejor fentanilo para comprar en l\u00ednea!<\/p>\n<p>\u00a1Compre pastillas de fentanilo en l\u00ednea en el Reino Unido, Europa y el resto del mundo con entrega internacional r\u00e1pida desde nuestra farmacia en l\u00ednea hoy! \u00a1Aqu\u00ed encontrar\u00e1 el mejor fentanilo para comprar en l\u00ednea! Pregunte d\u00f3nde adquirir tabletas de fentanilo.<\/p>\n<p>P\u00edldoras que contienen fentanilo El parche de fentanilo se ofreci\u00f3 por primera vez para uso paliativo a mediados de la d\u00e9cada de 1990, y la piruleta de fentanilo, las p\u00edldoras para disolver y el aerosol sublingual se lanzaron en los siguientes d\u00e9cada a trav\u00e9s de la absorci\u00f3n a trav\u00e9s de la piel dentro de la boca.<\/p>\n","protected":false},"featured_media":5529,"comment_status":"open","ping_status":"closed","template":"","meta":[],"product_brand":[],"product_cat":[2014],"product_tag":[2975,2841,2976,2977,2978,2988,2973,2994,2843,2974,2997,2996,2980,2982,2983,2985,2986,2987,2991,2992,2990,2984,2850,2989,2993,2995,2979,2981],"class_list":{"0":"post-5520","1":"product","2":"type-product","3":"status-publish","4":"has-post-thumbnail","6":"product_cat-comprar-investigacion-quimicos","7":"product_tag-buy-fentanyl-no-prescription","8":"product_tag-buy-fentanyl-online","9":"product_tag-buy-fentanyl-online-uk","10":"product_tag-buy-fentanyl-powder","11":"product_tag-buying-fentanyl-online","12":"product_tag-como-comprar-fentanilo-liquido-online","13":"product_tag-comprar-fentanilo-citrato-online","14":"product_tag-compra-fentanilo-online","15":"product_tag-comprar-fentanilo-en-polvo-online","16":"product_tag-comprar-fentanilo-liquido-online","17":"product_tag-donde-comprar-fentanilo-liquido-online","18":"product_tag-el-mejor-lugar-para-comprar-fentanilo-liquido-online","19":"product_tag-fentanilo-comprar-online","20":"product_tag-fentanilo-para-la-venta-online","21":"product_tag-fentanyl-liquid-for-sale","22":"product_tag-fentanyl-patches-for-sale","23":"product_tag-fentanyl-pills-for-sale","24":"product_tag-fentanyl-powder-price","25":"product_tag-orden-fentanilo-online","26":"product_tag-pedir-fentanilo-parches-online","27":"product_tag-orden-fentanilo-liquido-online","28":"product_tag-farmacia-en-linea-parche-fentanilo","29":"product_tag-fentanilo-polvo-para-la-venta","30":"product_tag-opiceos-investigacin-qumicos-para-la-venta","31":"product_tag-purchase-fentanyl-liquid-online","32":"product_tag-pure-fentanyl","33":"product_tag-carfentanil-para-la-venta","34":"product_tag-venta-de-fentanilo","36":"first","37":"instock","38":"shipping-taxable","39":"purchasable","40":"product-type-variable","41":"has-default-attributes"},"yoast_head":"<!-- This site is optimized with the Yoast SEO plugin v27.3 - https:\/\/yoast.com\/product\/yoast-seo-wordpress\/ -->\n<title>Comprar tabletas de fentanilo - Pastillas de fentanilo - Best Global Meds<\/title>\n<meta name=\"description\" content=\"\u00a1Compre tabletas de fentanilo para la venta en el Reino Unido, la UE y Europa en nuestra tienda en l\u00ednea con entrega r\u00e1pida en todo el mundo! \u00a1El mejor Fentanilo por encargo lo encontrar\u00e1s aqu\u00ed!\" \/>\n<meta name=\"robots\" content=\"index, follow, max-snippet:-1, max-image-preview:large, max-video-preview:-1\" \/>\n<link rel=\"canonical\" href=\"https:\/\/medicinasinc.com\/es\/product\/comprar-fentanilo-tabletas\/\" \/>\n<meta property=\"og:locale\" content=\"es_ES\" \/>\n<meta property=\"og:type\" content=\"article\" \/>\n<meta property=\"og:title\" content=\"Comprar tabletas de fentanilo - Pastillas de fentanilo - Best Global Meds\" \/>\n<meta property=\"og:description\" content=\"\u00a1Compre tabletas de fentanilo para la venta en el Reino Unido, la UE y Europa en nuestra tienda en l\u00ednea con entrega r\u00e1pida en todo el mundo! \u00a1El mejor Fentanilo por encargo lo encontrar\u00e1s aqu\u00ed!\" \/>\n<meta property=\"og:url\" content=\"https:\/\/medicinasinc.com\/es\/product\/comprar-fentanilo-tabletas\/\" \/>\n<meta property=\"og:site_name\" content=\"Medicinas Inc\" \/>\n<meta property=\"article:modified_time\" content=\"2022-03-22T00:44:33+00:00\" \/>\n<meta property=\"og:image\" content=\"https:\/\/medicinasinc.com\/es\/wp-content\/uploads\/sites\/15\/2022\/02\/Buy-Fentanyl-Tablets.jpg\" \/>\n\t<meta property=\"og:image:width\" content=\"600\" \/>\n\t<meta property=\"og:image:height\" content=\"600\" \/>\n\t<meta property=\"og:image:type\" content=\"image\/jpeg\" \/>\n<meta name=\"twitter:card\" content=\"summary_large_image\" \/>\n<meta name=\"twitter:label1\" content=\"Tiempo de lectura\" \/>\n\t<meta name=\"twitter:data1\" content=\"2 minutos\" \/>\n<script type=\"application\/ld+json\" class=\"yoast-schema-graph\">{\"@context\":\"https:\\\/\\\/schema.org\",\"@graph\":[{\"@type\":\"WebPage\",\"@id\":\"https:\\\/\\\/medicinasinc.com\\\/es\\\/product\\\/comprar-fentanilo-tabletas\\\/\",\"url\":\"https:\\\/\\\/medicinasinc.com\\\/es\\\/product\\\/comprar-fentanilo-tabletas\\\/\",\"name\":\"Comprar tabletas de fentanilo - Pastillas de fentanilo - Best Global Meds\",\"isPartOf\":{\"@id\":\"https:\\\/\\\/medicinasinc.com\\\/es\\\/#website\"},\"primaryImageOfPage\":{\"@id\":\"https:\\\/\\\/medicinasinc.com\\\/es\\\/product\\\/comprar-fentanilo-tabletas\\\/#primaryimage\"},\"image\":{\"@id\":\"https:\\\/\\\/medicinasinc.com\\\/es\\\/product\\\/comprar-fentanilo-tabletas\\\/#primaryimage\"},\"thumbnailUrl\":\"https:\\\/\\\/medicinasinc.com\\\/es\\\/wp-content\\\/uploads\\\/sites\\\/15\\\/2022\\\/02\\\/Buy-Fentanyl-Tablets.jpg\",\"datePublished\":\"2022-02-22T01:02:44+00:00\",\"dateModified\":\"2022-03-22T00:44:33+00:00\",\"description\":\"\u00a1Compre tabletas de fentanilo para la venta en el Reino Unido, la UE y Europa en nuestra tienda en l\u00ednea con entrega r\u00e1pida en todo el mundo! \u00a1El mejor Fentanilo por encargo lo encontrar\u00e1s aqu\u00ed!\",\"breadcrumb\":{\"@id\":\"https:\\\/\\\/medicinasinc.com\\\/es\\\/product\\\/comprar-fentanilo-tabletas\\\/#breadcrumb\"},\"inLanguage\":\"es\",\"potentialAction\":[{\"@type\":\"ReadAction\",\"target\":[\"https:\\\/\\\/medicinasinc.com\\\/es\\\/product\\\/comprar-fentanilo-tabletas\\\/\"]}]},{\"@type\":\"ImageObject\",\"inLanguage\":\"es\",\"@id\":\"https:\\\/\\\/medicinasinc.com\\\/es\\\/product\\\/comprar-fentanilo-tabletas\\\/#primaryimage\",\"url\":\"https:\\\/\\\/medicinasinc.com\\\/es\\\/wp-content\\\/uploads\\\/sites\\\/15\\\/2022\\\/02\\\/Buy-Fentanyl-Tablets.jpg\",\"contentUrl\":\"https:\\\/\\\/medicinasinc.com\\\/es\\\/wp-content\\\/uploads\\\/sites\\\/15\\\/2022\\\/02\\\/Buy-Fentanyl-Tablets.jpg\",\"width\":600,\"height\":600},{\"@type\":\"BreadcrumbList\",\"@id\":\"https:\\\/\\\/medicinasinc.com\\\/es\\\/product\\\/comprar-fentanilo-tabletas\\\/#breadcrumb\",\"itemListElement\":[{\"@type\":\"ListItem\",\"position\":1,\"name\":\"Tienda\",\"item\":\"https:\\\/\\\/medicinasinc.com\\\/es\\\/tienda\\\/\"},{\"@type\":\"ListItem\",\"position\":2,\"name\":\"Comprar tabletas de fentanilo\"}]},{\"@type\":\"WebSite\",\"@id\":\"https:\\\/\\\/medicinasinc.com\\\/es\\\/#website\",\"url\":\"https:\\\/\\\/medicinasinc.com\\\/es\\\/\",\"name\":\"Medicinas Inc\",\"description\":\"Cl\u00ednica M\u00e9dica de Salud\",\"potentialAction\":[{\"@type\":\"SearchAction\",\"target\":{\"@type\":\"EntryPoint\",\"urlTemplate\":\"https:\\\/\\\/medicinasinc.com\\\/es\\\/?s={search_term_string}\"},\"query-input\":{\"@type\":\"PropertyValueSpecification\",\"valueRequired\":true,\"valueName\":\"search_term_string\"}}],\"inLanguage\":\"es\"}]}<\/script>\n<!-- \/ Yoast SEO plugin. -->","yoast_head_json":{"title":"Comprar tabletas de fentanilo - Pastillas de fentanilo - Best Global Meds","description":"\u00a1Compre tabletas de fentanilo para la venta en el Reino Unido, la UE y Europa en nuestra tienda en l\u00ednea con entrega r\u00e1pida en todo el mundo! \u00a1El mejor Fentanilo por encargo lo encontrar\u00e1s aqu\u00ed!","robots":{"index":"index","follow":"follow","max-snippet":"max-snippet:-1","max-image-preview":"max-image-preview:large","max-video-preview":"max-video-preview:-1"},"canonical":"https:\/\/medicinasinc.com\/es\/product\/comprar-fentanilo-tabletas\/","og_locale":"es_ES","og_type":"article","og_title":"Comprar tabletas de fentanilo - Pastillas de fentanilo - Best Global Meds","og_description":"\u00a1Compre tabletas de fentanilo para la venta en el Reino Unido, la UE y Europa en nuestra tienda en l\u00ednea con entrega r\u00e1pida en todo el mundo! \u00a1El mejor Fentanilo por encargo lo encontrar\u00e1s aqu\u00ed!","og_url":"https:\/\/medicinasinc.com\/es\/product\/comprar-fentanilo-tabletas\/","og_site_name":"Medicinas Inc","article_modified_time":"2022-03-22T00:44:33+00:00","og_image":[{"width":600,"height":600,"url":"https:\/\/medicinasinc.com\/es\/wp-content\/uploads\/sites\/15\/2022\/02\/Buy-Fentanyl-Tablets.jpg","type":"image\/jpeg"}],"twitter_card":"summary_large_image","twitter_misc":{"Tiempo de lectura":"2 minutos"},"schema":{"@context":"https:\/\/schema.org","@graph":[{"@type":"WebPage","@id":"https:\/\/medicinasinc.com\/es\/product\/comprar-fentanilo-tabletas\/","url":"https:\/\/medicinasinc.com\/es\/product\/comprar-fentanilo-tabletas\/","name":"Comprar tabletas de fentanilo - Pastillas de fentanilo - Best Global Meds","isPartOf":{"@id":"https:\/\/medicinasinc.com\/es\/#website"},"primaryImageOfPage":{"@id":"https:\/\/medicinasinc.com\/es\/product\/comprar-fentanilo-tabletas\/#primaryimage"},"image":{"@id":"https:\/\/medicinasinc.com\/es\/product\/comprar-fentanilo-tabletas\/#primaryimage"},"thumbnailUrl":"https:\/\/medicinasinc.com\/es\/wp-content\/uploads\/sites\/15\/2022\/02\/Buy-Fentanyl-Tablets.jpg","datePublished":"2022-02-22T01:02:44+00:00","dateModified":"2022-03-22T00:44:33+00:00","description":"\u00a1Compre tabletas de fentanilo para la venta en el Reino Unido, la UE y Europa en nuestra tienda en l\u00ednea con entrega r\u00e1pida en todo el mundo! \u00a1El mejor Fentanilo por encargo lo encontrar\u00e1s aqu\u00ed!","breadcrumb":{"@id":"https:\/\/medicinasinc.com\/es\/product\/comprar-fentanilo-tabletas\/#breadcrumb"},"inLanguage":"es","potentialAction":[{"@type":"ReadAction","target":["https:\/\/medicinasinc.com\/es\/product\/comprar-fentanilo-tabletas\/"]}]},{"@type":"ImageObject","inLanguage":"es","@id":"https:\/\/medicinasinc.com\/es\/product\/comprar-fentanilo-tabletas\/#primaryimage","url":"https:\/\/medicinasinc.com\/es\/wp-content\/uploads\/sites\/15\/2022\/02\/Buy-Fentanyl-Tablets.jpg","contentUrl":"https:\/\/medicinasinc.com\/es\/wp-content\/uploads\/sites\/15\/2022\/02\/Buy-Fentanyl-Tablets.jpg","width":600,"height":600},{"@type":"BreadcrumbList","@id":"https:\/\/medicinasinc.com\/es\/product\/comprar-fentanilo-tabletas\/#breadcrumb","itemListElement":[{"@type":"ListItem","position":1,"name":"Tienda","item":"https:\/\/medicinasinc.com\/es\/tienda\/"},{"@type":"ListItem","position":2,"name":"Comprar tabletas de fentanilo"}]},{"@type":"WebSite","@id":"https:\/\/medicinasinc.com\/es\/#website","url":"https:\/\/medicinasinc.com\/es\/","name":"Medicinas Inc","description":"Cl\u00ednica M\u00e9dica de Salud","potentialAction":[{"@type":"SearchAction","target":{"@type":"EntryPoint","urlTemplate":"https:\/\/medicinasinc.com\/es\/?s={search_term_string}"},"query-input":{"@type":"PropertyValueSpecification","valueRequired":true,"valueName":"search_term_string"}}],"inLanguage":"es"}]}},"_links":{"self":[{"href":"https:\/\/medicinasinc.com\/es\/wp-json\/wp\/v2\/product\/5520","targetHints":{"allow":["GET"]}}],"collection":[{"href":"https:\/\/medicinasinc.com\/es\/wp-json\/wp\/v2\/product"}],"about":[{"href":"https:\/\/medicinasinc.com\/es\/wp-json\/wp\/v2\/types\/product"}],"replies":[{"embeddable":true,"href":"https:\/\/medicinasinc.com\/es\/wp-json\/wp\/v2\/comments?post=5520"}],"wp:featuredmedia":[{"embeddable":true,"href":"https:\/\/medicinasinc.com\/es\/wp-json\/wp\/v2\/media\/5529"}],"wp:attachment":[{"href":"https:\/\/medicinasinc.com\/es\/wp-json\/wp\/v2\/media?parent=5520"}],"wp:term":[{"taxonomy":"product_brand","embeddable":true,"href":"https:\/\/medicinasinc.com\/es\/wp-json\/wp\/v2\/product_brand?post=5520"},{"taxonomy":"product_cat","embeddable":true,"href":"https:\/\/medicinasinc.com\/es\/wp-json\/wp\/v2\/product_cat?post=5520"},{"taxonomy":"product_tag","embeddable":true,"href":"https:\/\/medicinasinc.com\/es\/wp-json\/wp\/v2\/product_tag?post=5520"}],"curies":[{"name":"wp","href":"https:\/\/api.w.org\/{rel}","templated":true}]}}