{"id":5497,"date":"2022-02-22T00:36:43","date_gmt":"2022-02-22T00:36:43","guid":{"rendered":"https:\/\/medicinasinc.com\/es\/?post_type=product&#038;p=5497"},"modified":"2022-03-22T00:44:42","modified_gmt":"2022-03-22T00:44:42","slug":"comprar-etizolam-polvo","status":"publish","type":"product","link":"https:\/\/medicinasinc.com\/es\/product\/comprar-etizolam-polvo\/","title":{"rendered":"Comprar Etizolam en polvo"},"content":{"rendered":"<p>Qu\u00edmica de Etizolam<\/p>\n<p>El nombre qu\u00edmico de Etizolam es \u00ab4-(2-Clorofenil)-2-etil-9-metil-6H-tieno[3,2-f][1,2,4] triazolo[4,3-a][1,4]diazepina\u00bb. Se determin\u00f3 que el peso molecular de este f\u00e1rmaco era de 342,07 g\/mol, y se estim\u00f3 que su pureza era del 99,5 por ciento o m\u00e1s en sus formas m\u00e1s finas. La mol\u00e9cula de este f\u00e1rmaco ha demostrado ser estable durante al menos dos o tres a\u00f1os a temperatura ambiente o entre 20oC y 25oC, que es la temperatura de almacenamiento recomendada. A pesar de su estatus como qu\u00edmico de investigaci\u00f3n, los m\u00e9dicos han recetado Etizolam para tratar pacientes con ansiedad.<\/p>\n<p>Or\u00edgenes y desarrollo de Etizolam<\/p>\n<p>Etizolam, un qu\u00edmico de investigaci\u00f3n gris, hizo su debut en 2011 como un sedante de venta libre. Debido a su bajo costo, gran selecci\u00f3n de productos y numerosas aplicaciones, posteriormente se ha convertido en una opci\u00f3n popular para muchas personas. No se sabe de d\u00f3nde proviene la f\u00f3rmula, sin embargo, se ha relacionado con investigaciones de la d\u00e9cada de 1990.<\/p>\n<p>Para tratar sus dolencias, se puede recetar Etizolam.<\/p>\n<p>Antidepresivo Se sabe que cuando se administra Etizolam se producen efectos relajantes musculares y ansiol\u00edticos, y se ha prescrito para uso m\u00e9dico en tales casos. Aunque este efecto no se muestra en todos los usuarios, el medicamento tiene el potencial de aumentar el hambre. El alivio del estr\u00e9s y la reorganizaci\u00f3n de la memoria son otros dos usos bien documentados de este medicamento. Por razones recreativas, se sabe que la droga causa efectos tales como inflar el ego, represi\u00f3n emocional y una mayor sensaci\u00f3n de sobriedad, entre otras cosas. Las personas tambi\u00e9n lo han usado con fines recreativos.<\/p>\n<p>Qu\u00e9 le hace Etizolam a su cuerpo<\/p>\n<p>Una amplia variedad de personas, desde cient\u00edficos hasta el p\u00fablico en general, han utilizado este medicamento. Cuando se usa, el medicamento tiene una variedad de efectos en el cuerpo, la mente y las percepciones de uno mismo. La droga te hace sentir d\u00e9bil e incapaz de regular tu cuerpo. Hay un aumento en la capacidad de la persona para respirar libremente, as\u00ed como la felicidad f\u00edsica. La somnolencia y la falta de sue\u00f1o tambi\u00e9n pueden ocurrir como efecto secundario del medicamento. Adem\u00e1s, la sustancia tiene impactos cognitivos ya que afecta la capacidad del cuerpo para realizar operaciones regulares al interferir con el funcionamiento de los nervios motores. La regi\u00f3n del hipocampo del cerebro puede verse afectada, lo que puede conducir a la p\u00e9rdida de la memoria a corto plazo.<\/p>\n<p>El medicamento tambi\u00e9n reduce la motivaci\u00f3n y los niveles de energ\u00eda, y tambi\u00e9n tiene un efecto sobre la capacidad del cerebro para comprender los pensamientos. .<\/p>\n<p>La toxicidad tambi\u00e9n puede ser causada por la presencia de contaminantes en el medicamento.<\/p>\n<p>Etizolam: dosis recomendada y efectos adversos en la pr\u00e1ctica cl\u00ednica<\/p>\n<p>De 0,2 mg a 5 mg, las opciones de dosis del f\u00e1rmaco son muy variadas. Las dosis ligeras del medicamento oscilan entre 0,2 mg y 1 mg, mientras que la cantidad m\u00e1s recetada suele ser de 1 a 2 mg. Una dosis alta es aquella que excede o es igual a 5 miligramos.<\/p>\n<p>Como resultado, muchas personas terminan tomando una dosis m\u00e1s alta para experimentar todo el espectro de efectos favorables para los que se ha indicado el medicamento. . Una dosis m\u00e1s alta puede tener una gama m\u00e1s amplia de efectos, pero tambi\u00e9n tiene efectos secundarios m\u00e1s peligrosos, como da\u00f1os importantes o la muerte en las circunstancias m\u00e1s extremas.<\/p>\n<p>Es legal tomar Etizolam<\/p>\n<p>A pesar de su clasificaci\u00f3n como sustancia controlada y catalogada, la fabricaci\u00f3n, suministro y posesi\u00f3n de la droga no est\u00e1n prohibidas en la mayor\u00eda de los pa\u00edses.<\/p>\n<p>\u00bfSabes d\u00f3nde conseguir Etizolam en polvo?<\/p>\n<p>Para laboratorios, farmacias, instituciones de investigaci\u00f3n y personas, nuestra tienda de medicamentos en l\u00ednea ofrece FUB &#8211; AKB48 de alta calidad a un precio justo.<\/p>\n","protected":false},"excerpt":{"rendered":"<div class=\"woocommerce-product-details__short-description\">\n<p>Compre Etizolam en polvo para la venta en el Reino Unido, la UE y Europa\u00a0disponible al precio m\u00e1s bajo. El polvo de etizolam se usa como medicamento para tratar la ansiedad, el insomnio y los ataques de p\u00e1nico.<\/p>\n<p>El polvo de etizolam se puede comprar en l\u00ednea. \u00bfD\u00f3nde comprar Etizolam en polvo en l\u00ednea?<\/p>\n<p>Etizolam en polvo de la m\u00e1s alta calidad est\u00e1 disponible en BestGlobalMeds.com, la farmacia en Internet m\u00e1s confiable.<\/p>\n<p>Adem\u00e1s de Etizolam, existen otras marcas incluyen Etilaam y Etizest. Etizolam es un an\u00e1logo de dise\u00f1o sint\u00e9tico de Thienodiazepine que tiene propiedades depresivas comparables a las benzodiazepinas en t\u00e9rminos de reducir la ansiedad, el estr\u00e9s y promover la relajaci\u00f3n muscular. Adem\u00e1s de las tabletas, el polvo y la soluci\u00f3n, es un qu\u00edmico de investigaci\u00f3n popular.<\/p>\n<\/p><\/div>\n","protected":false},"featured_media":5509,"comment_status":"open","ping_status":"closed","template":"","meta":[],"product_brand":[],"product_cat":[2014],"product_tag":[2965,2967,2966,2968,2963,2972,2958,2964,2898,2903,2904,2905,2906,2911,2912,2913,2914,2957,2899,2902,2908,2900,2901,2907,2910,2909,2969,2970,2971,2917,2927,2959,2915,2916,2920,2948,2919,2934,2923,2924,2930,2933,2925,2921,2926,2928,2931,2936,2937,2942,2943,2944,2945,2949,2950,2951,2954,2955,2956,2935,2952,2922,2947,2929,2946,2932,2961,2939,2960,2953,2938,2940,2941,2962,2918],"class_list":{"0":"post-5497","1":"product","2":"type-product","3":"status-publish","4":"has-post-thumbnail","6":"product_cat-comprar-investigacion-quimicos","7":"product_tag-a-que-sabe-etizolam-en-polvo","8":"product_tag-cual-es-el-etizolam-alto-como","9":"product_tag-que-es-etizolam-como","10":"product_tag-cual-es-la-importancia-del-etizolam-liquido","11":"product_tag-cuales-son-los-disolventes-usados-para-convertir-etizolam","12":"product_tag-will-etizolam-polvo-disuelto-en-aceite-de-oliva","13":"product_tag-es-etizolam-adictivo-y-por-que-se-abusa-de-etizolam","14":"product_tag-para-que-las-personas-usualmente-usan-etizolam-para","15":"product_tag-etizolam-polvo-1g","16":"product_tag-buy-etizolam-powder","17":"product_tag-buy-etizolam-powder-by-the-gram-usa","18":"product_tag-buy-etizolam-powder-online","19":"product_tag-buy-etizolam-powder-uk","20":"product_tag-buy-etizolam-usa-domestic","21":"product_tag-buy-etizolam-usa-overnight-delivery","22":"product_tag-buy-etizolam-with-paypal","23":"product_tag-buy-liquid-etizolam-usa","24":"product_tag-como-ingerir-etizolam-polvo","25":"product_tag-comprar-aniracetam-pulpo","26":"product_tag-comprar-etizolam-online-usa","27":"product_tag-comprar-etizolam-polvo-usa-con-tarjeta-de-credito","28":"product_tag-comprar-etizolam-japon","29":"product_tag-comprar-etizolam-online-estados-unidos","30":"product_tag-comprar-etizolam-polvo-usa","31":"product_tag-comprar-etizolam-power","32":"product_tag-comprar-etizolam-polvos","33":"product_tag-donde-comprar-etizolam","34":"product_tag-donde-comprar-etizolam-online","35":"product_tag-donde-comprar-etizolam-polvo","36":"product_tag-dosificacin-de-etizolam","37":"product_tag-etizolam-dosis-en-polvo","38":"product_tag-es-etizolam-seguro","39":"product_tag-etizolam-1","40":"product_tag-etizolam-30ml","41":"product_tag-etizolam-polvo-australia","42":"product_tag-etizolam-polvo-usa-proveedor","43":"product_tag-etizolam-lquido","44":"product_tag-etizolam-polvo-alto","45":"product_tag-etizolam-polvo-china","46":"product_tag-etizolam-polvo-ciudad","47":"product_tag-etizolam-polvo-europa","48":"product_tag-etizolam-polvo-para-la-venta-reseas","49":"product_tag-etizolam-polvo-tarjeta-de-credito","50":"product_tag-etizolam-powder-buy","51":"product_tag-etizolam-powder-dosage","52":"product_tag-etizolam-powder-dosing","53":"product_tag-etizolam-powder-for-sale","54":"product_tag-etizolam-powder-online","55":"product_tag-etizolam-powder-price","56":"product_tag-etizolam-powder-solubility","57":"product_tag-etizolam-powder-taste","58":"product_tag-etizolam-powder-to-solution","59":"product_tag-etizolam-powder-uk","60":"product_tag-etizolam-powder-usa-vendor","61":"product_tag-etizolam-powder-uses","62":"product_tag-etizolam-powder-vendor","63":"product_tag-etizolam-solucion-comprar","64":"product_tag-etizolam-tablets","65":"product_tag-etizolam-xanax-powder","66":"product_tag-etizolam-polvo-medida","67":"product_tag-etizolam-polvo-al-por-mayor","68":"product_tag-etizolam-polvo-canada","69":"product_tag-etizolam-polvo-usa","70":"product_tag-etizolam-pulpo-i","71":"product_tag-etizolam-polvo-us","72":"product_tag-etizolam-polvo-para-la-venta-china","73":"product_tag-puro-etizolam-polvo","74":"product_tag-etizolam-polvo-reddit","75":"product_tag-polvo-en-una-solucin","76":"product_tag-etizolam-polvos","77":"product_tag-etizolam-polvo-precios","78":"product_tag-etizolam-polvo-revisin","79":"product_tag-etizolam-polvo-sitio","80":"product_tag-reddit-etizolam-vendedores","81":"product_tag-etizolam-para-la-venta-usa","83":"first","84":"instock","85":"shipping-taxable","86":"purchasable","87":"product-type-variable","88":"has-default-attributes"},"yoast_head":"<!-- This site is optimized with the Yoast SEO plugin v27.3 - https:\/\/yoast.com\/product\/yoast-seo-wordpress\/ -->\n<title>Comprar Etizolam en polvo - Etizolam en polvo Europa- Best Global Meds<\/title>\n<meta name=\"description\" content=\"Compre Etizolam en polvo a la venta en el Reino Unido, la UE y Europa\u00a0disponible al precio m\u00e1s bajo. El polvo de etizolam se usa como medicamento para tratar la ansiedad, el insomnio y los ataques de p\u00e1nico.\" \/>\n<meta name=\"robots\" content=\"index, follow, max-snippet:-1, max-image-preview:large, max-video-preview:-1\" \/>\n<link rel=\"canonical\" href=\"https:\/\/medicinasinc.com\/es\/product\/comprar-etizolam-polvo\/\" \/>\n<meta property=\"og:locale\" content=\"es_ES\" \/>\n<meta property=\"og:type\" content=\"article\" \/>\n<meta property=\"og:title\" content=\"Comprar Etizolam en polvo - Etizolam en polvo Europa- Best Global Meds\" \/>\n<meta property=\"og:description\" content=\"Compre Etizolam en polvo a la venta en el Reino Unido, la UE y Europa\u00a0disponible al precio m\u00e1s bajo. El polvo de etizolam se usa como medicamento para tratar la ansiedad, el insomnio y los ataques de p\u00e1nico.\" \/>\n<meta property=\"og:url\" content=\"https:\/\/medicinasinc.com\/es\/product\/comprar-etizolam-polvo\/\" \/>\n<meta property=\"og:site_name\" content=\"Medicinas Inc\" \/>\n<meta property=\"article:modified_time\" content=\"2022-03-22T00:44:42+00:00\" \/>\n<meta property=\"og:image\" content=\"https:\/\/medicinasinc.com\/es\/wp-content\/uploads\/sites\/15\/2022\/02\/Buy_Etizolam_powder.jpg\" \/>\n\t<meta property=\"og:image:width\" content=\"500\" \/>\n\t<meta property=\"og:image:height\" content=\"500\" \/>\n\t<meta property=\"og:image:type\" content=\"image\/jpeg\" \/>\n<meta name=\"twitter:card\" content=\"summary_large_image\" \/>\n<meta name=\"twitter:label1\" content=\"Tiempo de lectura\" \/>\n\t<meta name=\"twitter:data1\" content=\"3 minutos\" \/>\n<script type=\"application\/ld+json\" class=\"yoast-schema-graph\">{\"@context\":\"https:\\\/\\\/schema.org\",\"@graph\":[{\"@type\":\"WebPage\",\"@id\":\"https:\\\/\\\/medicinasinc.com\\\/es\\\/product\\\/comprar-etizolam-polvo\\\/\",\"url\":\"https:\\\/\\\/medicinasinc.com\\\/es\\\/product\\\/comprar-etizolam-polvo\\\/\",\"name\":\"Comprar Etizolam en polvo - Etizolam en polvo Europa- Best Global Meds\",\"isPartOf\":{\"@id\":\"https:\\\/\\\/medicinasinc.com\\\/es\\\/#website\"},\"primaryImageOfPage\":{\"@id\":\"https:\\\/\\\/medicinasinc.com\\\/es\\\/product\\\/comprar-etizolam-polvo\\\/#primaryimage\"},\"image\":{\"@id\":\"https:\\\/\\\/medicinasinc.com\\\/es\\\/product\\\/comprar-etizolam-polvo\\\/#primaryimage\"},\"thumbnailUrl\":\"https:\\\/\\\/medicinasinc.com\\\/es\\\/wp-content\\\/uploads\\\/sites\\\/15\\\/2022\\\/02\\\/Buy_Etizolam_powder.jpg\",\"datePublished\":\"2022-02-22T00:36:43+00:00\",\"dateModified\":\"2022-03-22T00:44:42+00:00\",\"description\":\"Compre Etizolam en polvo a la venta en el Reino Unido, la UE y Europa\u00a0disponible al precio m\u00e1s bajo. El polvo de etizolam se usa como medicamento para tratar la ansiedad, el insomnio y los ataques de p\u00e1nico.\",\"breadcrumb\":{\"@id\":\"https:\\\/\\\/medicinasinc.com\\\/es\\\/product\\\/comprar-etizolam-polvo\\\/#breadcrumb\"},\"inLanguage\":\"es\",\"potentialAction\":[{\"@type\":\"ReadAction\",\"target\":[\"https:\\\/\\\/medicinasinc.com\\\/es\\\/product\\\/comprar-etizolam-polvo\\\/\"]}]},{\"@type\":\"ImageObject\",\"inLanguage\":\"es\",\"@id\":\"https:\\\/\\\/medicinasinc.com\\\/es\\\/product\\\/comprar-etizolam-polvo\\\/#primaryimage\",\"url\":\"https:\\\/\\\/medicinasinc.com\\\/es\\\/wp-content\\\/uploads\\\/sites\\\/15\\\/2022\\\/02\\\/Buy_Etizolam_powder.jpg\",\"contentUrl\":\"https:\\\/\\\/medicinasinc.com\\\/es\\\/wp-content\\\/uploads\\\/sites\\\/15\\\/2022\\\/02\\\/Buy_Etizolam_powder.jpg\",\"width\":500,\"height\":500},{\"@type\":\"BreadcrumbList\",\"@id\":\"https:\\\/\\\/medicinasinc.com\\\/es\\\/product\\\/comprar-etizolam-polvo\\\/#breadcrumb\",\"itemListElement\":[{\"@type\":\"ListItem\",\"position\":1,\"name\":\"Tienda\",\"item\":\"https:\\\/\\\/medicinasinc.com\\\/es\\\/tienda\\\/\"},{\"@type\":\"ListItem\",\"position\":2,\"name\":\"Comprar Etizolam en polvo\"}]},{\"@type\":\"WebSite\",\"@id\":\"https:\\\/\\\/medicinasinc.com\\\/es\\\/#website\",\"url\":\"https:\\\/\\\/medicinasinc.com\\\/es\\\/\",\"name\":\"Medicinas Inc\",\"description\":\"Cl\u00ednica M\u00e9dica de Salud\",\"potentialAction\":[{\"@type\":\"SearchAction\",\"target\":{\"@type\":\"EntryPoint\",\"urlTemplate\":\"https:\\\/\\\/medicinasinc.com\\\/es\\\/?s={search_term_string}\"},\"query-input\":{\"@type\":\"PropertyValueSpecification\",\"valueRequired\":true,\"valueName\":\"search_term_string\"}}],\"inLanguage\":\"es\"}]}<\/script>\n<!-- \/ Yoast SEO plugin. -->","yoast_head_json":{"title":"Comprar Etizolam en polvo - Etizolam en polvo Europa- Best Global Meds","description":"Compre Etizolam en polvo a la venta en el Reino Unido, la UE y Europa\u00a0disponible al precio m\u00e1s bajo. El polvo de etizolam se usa como medicamento para tratar la ansiedad, el insomnio y los ataques de p\u00e1nico.","robots":{"index":"index","follow":"follow","max-snippet":"max-snippet:-1","max-image-preview":"max-image-preview:large","max-video-preview":"max-video-preview:-1"},"canonical":"https:\/\/medicinasinc.com\/es\/product\/comprar-etizolam-polvo\/","og_locale":"es_ES","og_type":"article","og_title":"Comprar Etizolam en polvo - Etizolam en polvo Europa- Best Global Meds","og_description":"Compre Etizolam en polvo a la venta en el Reino Unido, la UE y Europa\u00a0disponible al precio m\u00e1s bajo. El polvo de etizolam se usa como medicamento para tratar la ansiedad, el insomnio y los ataques de p\u00e1nico.","og_url":"https:\/\/medicinasinc.com\/es\/product\/comprar-etizolam-polvo\/","og_site_name":"Medicinas Inc","article_modified_time":"2022-03-22T00:44:42+00:00","og_image":[{"width":500,"height":500,"url":"https:\/\/medicinasinc.com\/es\/wp-content\/uploads\/sites\/15\/2022\/02\/Buy_Etizolam_powder.jpg","type":"image\/jpeg"}],"twitter_card":"summary_large_image","twitter_misc":{"Tiempo de lectura":"3 minutos"},"schema":{"@context":"https:\/\/schema.org","@graph":[{"@type":"WebPage","@id":"https:\/\/medicinasinc.com\/es\/product\/comprar-etizolam-polvo\/","url":"https:\/\/medicinasinc.com\/es\/product\/comprar-etizolam-polvo\/","name":"Comprar Etizolam en polvo - Etizolam en polvo Europa- Best Global Meds","isPartOf":{"@id":"https:\/\/medicinasinc.com\/es\/#website"},"primaryImageOfPage":{"@id":"https:\/\/medicinasinc.com\/es\/product\/comprar-etizolam-polvo\/#primaryimage"},"image":{"@id":"https:\/\/medicinasinc.com\/es\/product\/comprar-etizolam-polvo\/#primaryimage"},"thumbnailUrl":"https:\/\/medicinasinc.com\/es\/wp-content\/uploads\/sites\/15\/2022\/02\/Buy_Etizolam_powder.jpg","datePublished":"2022-02-22T00:36:43+00:00","dateModified":"2022-03-22T00:44:42+00:00","description":"Compre Etizolam en polvo a la venta en el Reino Unido, la UE y Europa\u00a0disponible al precio m\u00e1s bajo. El polvo de etizolam se usa como medicamento para tratar la ansiedad, el insomnio y los ataques de p\u00e1nico.","breadcrumb":{"@id":"https:\/\/medicinasinc.com\/es\/product\/comprar-etizolam-polvo\/#breadcrumb"},"inLanguage":"es","potentialAction":[{"@type":"ReadAction","target":["https:\/\/medicinasinc.com\/es\/product\/comprar-etizolam-polvo\/"]}]},{"@type":"ImageObject","inLanguage":"es","@id":"https:\/\/medicinasinc.com\/es\/product\/comprar-etizolam-polvo\/#primaryimage","url":"https:\/\/medicinasinc.com\/es\/wp-content\/uploads\/sites\/15\/2022\/02\/Buy_Etizolam_powder.jpg","contentUrl":"https:\/\/medicinasinc.com\/es\/wp-content\/uploads\/sites\/15\/2022\/02\/Buy_Etizolam_powder.jpg","width":500,"height":500},{"@type":"BreadcrumbList","@id":"https:\/\/medicinasinc.com\/es\/product\/comprar-etizolam-polvo\/#breadcrumb","itemListElement":[{"@type":"ListItem","position":1,"name":"Tienda","item":"https:\/\/medicinasinc.com\/es\/tienda\/"},{"@type":"ListItem","position":2,"name":"Comprar Etizolam en polvo"}]},{"@type":"WebSite","@id":"https:\/\/medicinasinc.com\/es\/#website","url":"https:\/\/medicinasinc.com\/es\/","name":"Medicinas Inc","description":"Cl\u00ednica M\u00e9dica de Salud","potentialAction":[{"@type":"SearchAction","target":{"@type":"EntryPoint","urlTemplate":"https:\/\/medicinasinc.com\/es\/?s={search_term_string}"},"query-input":{"@type":"PropertyValueSpecification","valueRequired":true,"valueName":"search_term_string"}}],"inLanguage":"es"}]}},"_links":{"self":[{"href":"https:\/\/medicinasinc.com\/es\/wp-json\/wp\/v2\/product\/5497","targetHints":{"allow":["GET"]}}],"collection":[{"href":"https:\/\/medicinasinc.com\/es\/wp-json\/wp\/v2\/product"}],"about":[{"href":"https:\/\/medicinasinc.com\/es\/wp-json\/wp\/v2\/types\/product"}],"replies":[{"embeddable":true,"href":"https:\/\/medicinasinc.com\/es\/wp-json\/wp\/v2\/comments?post=5497"}],"wp:featuredmedia":[{"embeddable":true,"href":"https:\/\/medicinasinc.com\/es\/wp-json\/wp\/v2\/media\/5509"}],"wp:attachment":[{"href":"https:\/\/medicinasinc.com\/es\/wp-json\/wp\/v2\/media?parent=5497"}],"wp:term":[{"taxonomy":"product_brand","embeddable":true,"href":"https:\/\/medicinasinc.com\/es\/wp-json\/wp\/v2\/product_brand?post=5497"},{"taxonomy":"product_cat","embeddable":true,"href":"https:\/\/medicinasinc.com\/es\/wp-json\/wp\/v2\/product_cat?post=5497"},{"taxonomy":"product_tag","embeddable":true,"href":"https:\/\/medicinasinc.com\/es\/wp-json\/wp\/v2\/product_tag?post=5497"}],"curies":[{"name":"wp","href":"https:\/\/api.w.org\/{rel}","templated":true}]}}