{"id":5496,"date":"2022-02-22T00:34:51","date_gmt":"2022-02-22T00:34:51","guid":{"rendered":"https:\/\/medicinasinc.com\/es\/?post_type=product&#038;p=5496"},"modified":"2022-03-22T00:44:56","modified_gmt":"2022-03-22T00:44:56","slug":"comprar-fentanilo-citrato-inyectable","status":"publish","type":"product","link":"https:\/\/medicinasinc.com\/es\/product\/comprar-fentanilo-citrato-inyectable\/","title":{"rendered":"Comprar inyecci\u00f3n de citrato de fentanilo"},"content":{"rendered":"<p>Contiene un citrato de fentanilo equivalente a una dosis de 50 microgramos por mililitro.<\/p>\n<p>Citrato de fentanilo, 100 microgramos por ampolla de 2 ml, es el principio activo de cada ampolla.<\/p>\n<p> Cada ampolla de 10 ml contiene aproximadamente 500 microgramos de citrato de fentanilo.<\/p>\n<p>Cada vial contiene 2500 microgramos de citrato de fentanilo.<\/p>\n<p>&nbsp;<\/p>\n<p> Este medicamento contiene lo siguiente:<\/p>\n<p>\u2022 Cada ampolla de 2 ml contiene 7,1 mg (o 0,31 mmol) de sodio, por lo que es esencialmente &#8216;exento de sodio&#8217;.<\/p>\n<p>Cada ampolla de 10 ml contiene 35,4 mg (o 1,54 mmol) de sodio, que es similar al 2 % de la ingesta diaria m\u00e1xima recomendada por la OMS para un adulto de 2 g de sodio.<\/p>\n<p>9 por ciento del consumo diario m\u00e1ximo recomendado por la Organizaci\u00f3n Mundial de la Salud de 2 gramos de sodio para un adulto se encuentra en un vial de 50 ml que contiene 177 mg de sodio.<\/p>\n<p>El fentanilo analg\u00e9sico opioide se usa:<\/p>\n<p>&#8211; en dosis modestas para procedimientos quir\u00fargicos cortos para proporcionar analg\u00e9sico<\/p>\n<p>durante la vida tratamiento salvador para pacientes dependientes de ventiladores<\/p>\n<p>utilizando neurol\u00e9pticos como parte del enfoque de neuroleptoanalgesia<\/p>\n<p>los s\u00edntomas dolorosos del infarto de miocardio pueden aliviarse con el uso de opioides<\/p>\n<p>Discutir con los pacientes la necesidad de una estrategia de finalizaci\u00f3n del tratamiento con fentanilo antes de iniciar el tratamiento con opioides, con el fin de minimizar el riesgo de adicci\u00f3n y s\u00edndrome de abstinencia (ver secci\u00f3n 4.4).<\/p>\n<p>Bolos o infusiones intravenosas administraci\u00f3n.<\/p>\n<p>Inyecci\u00f3n subcut\u00e1nea.<\/p>\n<p>Siempre que se puedan regular las v\u00edas respiratorias del paciente, el fentanilo debe administrarse \u00fanicamente en un entorno controlado (ver secci\u00f3n 4.4 Advertencias y precauciones especiales de empleo). <\/p>\n<p>Se sugiere administrar una dosis intravenosa corta de un anticolin\u00e9rgico justo antes de la inducci\u00f3n de la anestesia para evitar la bradicardia.<\/p>\n<p>Se sugiere usar guantes al abrir la ampolla.<\/p>\n","protected":false},"excerpt":{"rendered":"<p>Compre la inyecci\u00f3n de citrato de fentanilo de 50 microgramos\/ml para la venta en los mejores laboratorios de investigaci\u00f3n del Reino Unido, Europa, China y la UE. Env\u00edo discreto en todos los pedidos %100 de garant\u00eda, Ordene Fentanyl 50ml<\/p>\n<p>Compre 50 microgramos\/ml de citrato de fentanilo inyectable de los laboratorios de investigaci\u00f3n l\u00edderes en el Reino Unido, Europa, China y la UE. Pida Fentanyl 50mg con total confianza sabiendo que su paquete llegar\u00e1 discretamente.<\/p>\n<p>Inyecci\u00f3n de Fentanyl 50 microgramos\/ml.<br \/> Inyecci\u00f3n de Fentanyl, 100 microgramos en 2 mililitros de l\u00edquido<br \/> Inyecci\u00f3n de Fentanilo 250 microgramos\/ml.<br \/> Inyecci\u00f3n de Fentanilo 500 microgramos\/10ml<br \/> Inyecci\u00f3n de Fentanilo 1000 microgramos\/20ml<br \/> Inyecci\u00f3n de Fentanilo 2500 microgramos\/50 ml<\/p>\n<p>Contiene un citrato de fentanilo equivalente a una dosis de 50 microgramos por mililitro.<\/p>\n<p>Citrato de fentanilo, 100 microgramos por ampolla de 2 ml, es el principio activo de cada ampolla.<\/p>\n<p>Aproximadamente 500 microgramos de citrato de fentanilo est\u00e1n contenidos en cada ampolla de 10 ml.<\/p>\n<p>El citrato de fentanilo, 2500 microgramos por vial, est\u00e1 contenido en cada vial.<\/p>\n","protected":false},"featured_media":5507,"comment_status":"open","ping_status":"closed","template":"","meta":[],"product_brand":[],"product_cat":[2014],"product_tag":[2868,2869,2870,2871,2876,2877,2878,2879,2890,2891,2867,2872,2873,2874,2875,2895,2896,2897,2881,2882,2883,2884,2886,2887,2880,2885,2888,2892,2893,2889,2894],"class_list":{"0":"post-5496","1":"product","2":"type-product","3":"status-publish","4":"has-post-thumbnail","6":"product_cat-comprar-investigacion-quimicos","7":"product_tag-buy-fentanyl-100-microgram-2ml-injection-online","8":"product_tag-buy-fentanyl-1000-microgram-20ml-injection","9":"product_tag-buy-fentanyl-1000-microgram-20ml-injection-online","10":"product_tag-buy-fentanyl-250-microgram-5ml-injection","11":"product_tag-buy-fentanyl-500-microgram-10ml-injection","12":"product_tag-buy-fentanyl-500-microgram-10ml-injection-online","13":"product_tag-buy-fentanyl-citrate-injection","14":"product_tag-buy-fentanyl-citrate-injection-online","15":"product_tag-cmo-comprar-inyeccin-de-citrato-de-fentanilo-en-lnea","16":"product_tag-cmo-pedir-inyeccin-de-citrato-de-fentanilo-online","17":"product_tag-comprar-fentanilo-100-microgramos-2ml-inyectable","18":"product_tag-comprar-fentanilo-250-microgramos-5ml-inyectable-online","19":"product_tag-comprar-fentanilo-2500-microgramos-50ml-inyectable","20":"product_tag-comprar-fentanilo-2500-microgramos-50ml-inyectable-online","21":"product_tag-comprar-fentanilo-50-microgramos-ml-inyectable-online","22":"product_tag-donde-comprar-citrato-de-fentanilo-inyectable","23":"product_tag-dnde-comprar-fentanilo-citrato-inyectable-online","24":"product_tag-dnde-pedir-inyeccin-de-citrato-de-fentanilo-online","25":"product_tag-fentanilo-1000-microgram-20ml-inyectable","26":"product_tag-fentanilo-250-microgramos-5ml-inyectable","27":"product_tag-fentanilo-2500-microgramos-50ml-inyectable","28":"product_tag-fentanilo-50-microgramos-ml-inyectable","29":"product_tag-fentanilo-50-microgramos-ml-solucion-para-inyeccion","30":"product_tag-fentanilo-500-microgramos-10ml-inyectable","31":"product_tag-fentanyl-100-microgram-2ml-injection","32":"product_tag-fentanyl-50-micrograms-ml-injection","33":"product_tag-inyeccin-de-citrato-de-fentanilo","34":"product_tag-order-fentanyl-citrate-injection","35":"product_tag-order-fentanyl-citrate-injection-online","36":"product_tag-fentanilo-citrato-inyeccin-precios","37":"product_tag-precios-de-la-inyeccin-de-citrato-de-fentanilo","39":"first","40":"instock","41":"shipping-taxable","42":"purchasable","43":"product-type-variable"},"yoast_head":"<!-- This site is optimized with the Yoast SEO plugin v27.3 - https:\/\/yoast.com\/product\/yoast-seo-wordpress\/ -->\n<title>Comprar inyecci\u00f3n de citrato de fentanilo - Best Best Global Meds<\/title>\n<meta name=\"description\" content=\"Compre la inyecci\u00f3n de citrato de fentanilo de 50 microgramos\/ml para la venta en los mejores laboratorios de investigaci\u00f3n del Reino Unido, Europa, China y la UE. Env\u00edo discreto en todos los pedidos 0 garant\u00eda, Pedido Fentanyl 50ml\" \/>\n<meta name=\"robots\" content=\"index, follow, max-snippet:-1, max-image-preview:large, max-video-preview:-1\" \/>\n<link rel=\"canonical\" href=\"https:\/\/medicinasinc.com\/es\/product\/comprar-fentanilo-citrato-inyectable\/\" \/>\n<meta property=\"og:locale\" content=\"es_ES\" \/>\n<meta property=\"og:type\" content=\"article\" \/>\n<meta property=\"og:title\" content=\"Comprar inyecci\u00f3n de citrato de fentanilo - Best Best Global Meds\" \/>\n<meta property=\"og:description\" content=\"Compre la inyecci\u00f3n de citrato de fentanilo de 50 microgramos\/ml para la venta en los mejores laboratorios de investigaci\u00f3n del Reino Unido, Europa, China y la UE. Env\u00edo discreto en todos los pedidos 0 garant\u00eda, Pedido Fentanyl 50ml\" \/>\n<meta property=\"og:url\" content=\"https:\/\/medicinasinc.com\/es\/product\/comprar-fentanilo-citrato-inyectable\/\" \/>\n<meta property=\"og:site_name\" content=\"Medicinas Inc\" \/>\n<meta property=\"article:modified_time\" content=\"2022-03-22T00:44:56+00:00\" \/>\n<meta property=\"og:image\" content=\"https:\/\/medicinasinc.com\/es\/wp-content\/uploads\/sites\/15\/2022\/02\/Fentanyl-50-microgram.jpg\" \/>\n\t<meta property=\"og:image:width\" content=\"1996\" \/>\n\t<meta property=\"og:image:height\" content=\"1128\" \/>\n\t<meta property=\"og:image:type\" content=\"image\/jpeg\" \/>\n<meta name=\"twitter:card\" content=\"summary_large_image\" \/>\n<meta name=\"twitter:label1\" content=\"Tiempo de lectura\" \/>\n\t<meta name=\"twitter:data1\" content=\"2 minutos\" \/>\n<script type=\"application\/ld+json\" class=\"yoast-schema-graph\">{\"@context\":\"https:\\\/\\\/schema.org\",\"@graph\":[{\"@type\":\"WebPage\",\"@id\":\"https:\\\/\\\/medicinasinc.com\\\/es\\\/product\\\/comprar-fentanilo-citrato-inyectable\\\/\",\"url\":\"https:\\\/\\\/medicinasinc.com\\\/es\\\/product\\\/comprar-fentanilo-citrato-inyectable\\\/\",\"name\":\"Comprar inyecci\u00f3n de citrato de fentanilo - Best Best Global Meds\",\"isPartOf\":{\"@id\":\"https:\\\/\\\/medicinasinc.com\\\/es\\\/#website\"},\"primaryImageOfPage\":{\"@id\":\"https:\\\/\\\/medicinasinc.com\\\/es\\\/product\\\/comprar-fentanilo-citrato-inyectable\\\/#primaryimage\"},\"image\":{\"@id\":\"https:\\\/\\\/medicinasinc.com\\\/es\\\/product\\\/comprar-fentanilo-citrato-inyectable\\\/#primaryimage\"},\"thumbnailUrl\":\"https:\\\/\\\/medicinasinc.com\\\/es\\\/wp-content\\\/uploads\\\/sites\\\/15\\\/2022\\\/02\\\/Fentanyl-50-microgram.jpg\",\"datePublished\":\"2022-02-22T00:34:51+00:00\",\"dateModified\":\"2022-03-22T00:44:56+00:00\",\"description\":\"Compre la inyecci\u00f3n de citrato de fentanilo de 50 microgramos\\\/ml para la venta en los mejores laboratorios de investigaci\u00f3n del Reino Unido, Europa, China y la UE. Env\u00edo discreto en todos los pedidos 0 garant\u00eda, Pedido Fentanyl 50ml\",\"breadcrumb\":{\"@id\":\"https:\\\/\\\/medicinasinc.com\\\/es\\\/product\\\/comprar-fentanilo-citrato-inyectable\\\/#breadcrumb\"},\"inLanguage\":\"es\",\"potentialAction\":[{\"@type\":\"ReadAction\",\"target\":[\"https:\\\/\\\/medicinasinc.com\\\/es\\\/product\\\/comprar-fentanilo-citrato-inyectable\\\/\"]}]},{\"@type\":\"ImageObject\",\"inLanguage\":\"es\",\"@id\":\"https:\\\/\\\/medicinasinc.com\\\/es\\\/product\\\/comprar-fentanilo-citrato-inyectable\\\/#primaryimage\",\"url\":\"https:\\\/\\\/medicinasinc.com\\\/es\\\/wp-content\\\/uploads\\\/sites\\\/15\\\/2022\\\/02\\\/Fentanyl-50-microgram.jpg\",\"contentUrl\":\"https:\\\/\\\/medicinasinc.com\\\/es\\\/wp-content\\\/uploads\\\/sites\\\/15\\\/2022\\\/02\\\/Fentanyl-50-microgram.jpg\",\"width\":1996,\"height\":1128},{\"@type\":\"BreadcrumbList\",\"@id\":\"https:\\\/\\\/medicinasinc.com\\\/es\\\/product\\\/comprar-fentanilo-citrato-inyectable\\\/#breadcrumb\",\"itemListElement\":[{\"@type\":\"ListItem\",\"position\":1,\"name\":\"Tienda\",\"item\":\"https:\\\/\\\/medicinasinc.com\\\/es\\\/tienda\\\/\"},{\"@type\":\"ListItem\",\"position\":2,\"name\":\"Comprar inyecci\u00f3n de citrato de fentanilo\"}]},{\"@type\":\"WebSite\",\"@id\":\"https:\\\/\\\/medicinasinc.com\\\/es\\\/#website\",\"url\":\"https:\\\/\\\/medicinasinc.com\\\/es\\\/\",\"name\":\"Medicinas Inc\",\"description\":\"Cl\u00ednica M\u00e9dica de Salud\",\"potentialAction\":[{\"@type\":\"SearchAction\",\"target\":{\"@type\":\"EntryPoint\",\"urlTemplate\":\"https:\\\/\\\/medicinasinc.com\\\/es\\\/?s={search_term_string}\"},\"query-input\":{\"@type\":\"PropertyValueSpecification\",\"valueRequired\":true,\"valueName\":\"search_term_string\"}}],\"inLanguage\":\"es\"}]}<\/script>\n<!-- \/ Yoast SEO plugin. -->","yoast_head_json":{"title":"Comprar inyecci\u00f3n de citrato de fentanilo - Best Best Global Meds","description":"Compre la inyecci\u00f3n de citrato de fentanilo de 50 microgramos\/ml para la venta en los mejores laboratorios de investigaci\u00f3n del Reino Unido, Europa, China y la UE. Env\u00edo discreto en todos los pedidos 0 garant\u00eda, Pedido Fentanyl 50ml","robots":{"index":"index","follow":"follow","max-snippet":"max-snippet:-1","max-image-preview":"max-image-preview:large","max-video-preview":"max-video-preview:-1"},"canonical":"https:\/\/medicinasinc.com\/es\/product\/comprar-fentanilo-citrato-inyectable\/","og_locale":"es_ES","og_type":"article","og_title":"Comprar inyecci\u00f3n de citrato de fentanilo - Best Best Global Meds","og_description":"Compre la inyecci\u00f3n de citrato de fentanilo de 50 microgramos\/ml para la venta en los mejores laboratorios de investigaci\u00f3n del Reino Unido, Europa, China y la UE. Env\u00edo discreto en todos los pedidos 0 garant\u00eda, Pedido Fentanyl 50ml","og_url":"https:\/\/medicinasinc.com\/es\/product\/comprar-fentanilo-citrato-inyectable\/","og_site_name":"Medicinas Inc","article_modified_time":"2022-03-22T00:44:56+00:00","og_image":[{"width":1996,"height":1128,"url":"https:\/\/medicinasinc.com\/es\/wp-content\/uploads\/sites\/15\/2022\/02\/Fentanyl-50-microgram.jpg","type":"image\/jpeg"}],"twitter_card":"summary_large_image","twitter_misc":{"Tiempo de lectura":"2 minutos"},"schema":{"@context":"https:\/\/schema.org","@graph":[{"@type":"WebPage","@id":"https:\/\/medicinasinc.com\/es\/product\/comprar-fentanilo-citrato-inyectable\/","url":"https:\/\/medicinasinc.com\/es\/product\/comprar-fentanilo-citrato-inyectable\/","name":"Comprar inyecci\u00f3n de citrato de fentanilo - Best Best Global Meds","isPartOf":{"@id":"https:\/\/medicinasinc.com\/es\/#website"},"primaryImageOfPage":{"@id":"https:\/\/medicinasinc.com\/es\/product\/comprar-fentanilo-citrato-inyectable\/#primaryimage"},"image":{"@id":"https:\/\/medicinasinc.com\/es\/product\/comprar-fentanilo-citrato-inyectable\/#primaryimage"},"thumbnailUrl":"https:\/\/medicinasinc.com\/es\/wp-content\/uploads\/sites\/15\/2022\/02\/Fentanyl-50-microgram.jpg","datePublished":"2022-02-22T00:34:51+00:00","dateModified":"2022-03-22T00:44:56+00:00","description":"Compre la inyecci\u00f3n de citrato de fentanilo de 50 microgramos\/ml para la venta en los mejores laboratorios de investigaci\u00f3n del Reino Unido, Europa, China y la UE. Env\u00edo discreto en todos los pedidos 0 garant\u00eda, Pedido Fentanyl 50ml","breadcrumb":{"@id":"https:\/\/medicinasinc.com\/es\/product\/comprar-fentanilo-citrato-inyectable\/#breadcrumb"},"inLanguage":"es","potentialAction":[{"@type":"ReadAction","target":["https:\/\/medicinasinc.com\/es\/product\/comprar-fentanilo-citrato-inyectable\/"]}]},{"@type":"ImageObject","inLanguage":"es","@id":"https:\/\/medicinasinc.com\/es\/product\/comprar-fentanilo-citrato-inyectable\/#primaryimage","url":"https:\/\/medicinasinc.com\/es\/wp-content\/uploads\/sites\/15\/2022\/02\/Fentanyl-50-microgram.jpg","contentUrl":"https:\/\/medicinasinc.com\/es\/wp-content\/uploads\/sites\/15\/2022\/02\/Fentanyl-50-microgram.jpg","width":1996,"height":1128},{"@type":"BreadcrumbList","@id":"https:\/\/medicinasinc.com\/es\/product\/comprar-fentanilo-citrato-inyectable\/#breadcrumb","itemListElement":[{"@type":"ListItem","position":1,"name":"Tienda","item":"https:\/\/medicinasinc.com\/es\/tienda\/"},{"@type":"ListItem","position":2,"name":"Comprar inyecci\u00f3n de citrato de fentanilo"}]},{"@type":"WebSite","@id":"https:\/\/medicinasinc.com\/es\/#website","url":"https:\/\/medicinasinc.com\/es\/","name":"Medicinas Inc","description":"Cl\u00ednica M\u00e9dica de Salud","potentialAction":[{"@type":"SearchAction","target":{"@type":"EntryPoint","urlTemplate":"https:\/\/medicinasinc.com\/es\/?s={search_term_string}"},"query-input":{"@type":"PropertyValueSpecification","valueRequired":true,"valueName":"search_term_string"}}],"inLanguage":"es"}]}},"_links":{"self":[{"href":"https:\/\/medicinasinc.com\/es\/wp-json\/wp\/v2\/product\/5496","targetHints":{"allow":["GET"]}}],"collection":[{"href":"https:\/\/medicinasinc.com\/es\/wp-json\/wp\/v2\/product"}],"about":[{"href":"https:\/\/medicinasinc.com\/es\/wp-json\/wp\/v2\/types\/product"}],"replies":[{"embeddable":true,"href":"https:\/\/medicinasinc.com\/es\/wp-json\/wp\/v2\/comments?post=5496"}],"wp:featuredmedia":[{"embeddable":true,"href":"https:\/\/medicinasinc.com\/es\/wp-json\/wp\/v2\/media\/5507"}],"wp:attachment":[{"href":"https:\/\/medicinasinc.com\/es\/wp-json\/wp\/v2\/media?parent=5496"}],"wp:term":[{"taxonomy":"product_brand","embeddable":true,"href":"https:\/\/medicinasinc.com\/es\/wp-json\/wp\/v2\/product_brand?post=5496"},{"taxonomy":"product_cat","embeddable":true,"href":"https:\/\/medicinasinc.com\/es\/wp-json\/wp\/v2\/product_cat?post=5496"},{"taxonomy":"product_tag","embeddable":true,"href":"https:\/\/medicinasinc.com\/es\/wp-json\/wp\/v2\/product_tag?post=5496"}],"curies":[{"name":"wp","href":"https:\/\/api.w.org\/{rel}","templated":true}]}}