{"id":5495,"date":"2022-02-22T00:33:03","date_gmt":"2022-02-22T00:33:03","guid":{"rendered":"https:\/\/medicinasinc.com\/es\/?post_type=product&#038;p=5495"},"modified":"2022-03-22T00:45:10","modified_gmt":"2022-03-22T00:45:10","slug":"comprar-fentanilo-en-polvo","status":"publish","type":"product","link":"https:\/\/medicinasinc.com\/es\/product\/comprar-fentanilo-en-polvo\/","title":{"rendered":"Comprar polvo de fentanilo"},"content":{"rendered":"<p>Compra de polvo de fentanilo en l\u00ednea<\/p>\n<p>Puede obtener polvo de fentanilo a la venta con nosotros a un buen precio. El polvo de fentanilo est\u00e1 disponible en alta pureza. \u00a1Es una oferta fant\u00e1stica! Los medicamentos m\u00e1s efectivos del mundo<\/p>\n<p>\u00bfQu\u00e9 es el polvo de fentanilo?<\/p>\n<p>El fentanilo, tambi\u00e9n conocido como fentanilo, es un opioide que se usa como analg\u00e9sico y en combinaci\u00f3n con otros medicamentos para la anestesia. . En su mayor parte, los efectos duran menos de una hora o dos. El fentanilo est\u00e1 disponible en una variedad de formas, que incluyen inyecciones, parches para la piel y absorci\u00f3n oral. El fentanilo tambi\u00e9n est\u00e1 disponible ocasionalmente en forma de polvo. Los laboratorios suelen utilizar el P\u043ewd\u0435r.<\/p>\n<p>&nbsp;<\/p>\n<p>Compre polvo de fentanilo en l\u00ednea en Best global meds<\/p>\n<p>Es posible que en este punto se pregunte qu\u00e9 es un opioide. Los opioides son una clase de drogas. Los opioides son sustancias que interact\u00faan con los receptores opioides para producir efectos similares al opio. Vicodin, oxycontin, oxycodone y percocet entran en esta categor\u00eda. El fentanilo tambi\u00e9n se incluye en los sedantes. Un sedante es un tipo de medicamento o sustancia que se usa para calmar el sistema nervioso central. Se podr\u00eda decir que el fentanilo se usa para calmar el sistema nervioso central. El polvo u-47700 tambi\u00e9n es un buen depresor. El mejor lugar para obtener fentanilo es en l\u00ednea.<\/p>\n<p>N\u00e1useas, estre\u00f1imiento, cansancio y confusi\u00f3n se encuentran entre los efectos secundarios m\u00e1s comunes. La reducci\u00f3n del esfuerzo para respirar (depresi\u00f3n respiratoria), el s\u00edndrome de serotonina y la presi\u00f3n arterial baja son posibles efectos secundarios del medicamento. Al activar los receptores opi\u00e1ceos, el fentanilo funciona en parte. Para una cantidad dada, es 75 veces m\u00e1s fuerte que el morph. Algunos an\u00e1logos de fentanilo pueden ser 10 000 veces m\u00e1s potentes que la morfina. Polvo de fentanilo a la venta<\/p>\n","protected":false},"excerpt":{"rendered":"<p>Con la ayuda de nuestro sitio web Bestglobalmeds.com, puede comprar POLVO DE FENTANILO a la venta en el Reino Unido y la Uni\u00f3n Europea. \u00a1Aqu\u00ed descubrir\u00e1 el FENTANILO m\u00e1s asequible!<\/p>\n<p>El fentanilo en polvo, el papel secante y la fabricaci\u00f3n a granel en China son algunas de las formas en que se vende el fentanilo no farmac\u00e9utico.<\/p>\n<p>Fentanilo se utiliza para tratar el dolor que no se puede aliviar con otros medicamentos, como el dolor cr\u00f3nico o insoportable. Este f\u00e1rmaco es un analg\u00e9sico narc\u00f3tico recetado.<br \/> Realizamos env\u00edos discretos y ofrecemos una garant\u00eda de devoluci\u00f3n del dinero cuando nos solicita su fentanilo.<\/p>\n","protected":false},"featured_media":5505,"comment_status":"open","ping_status":"closed","template":"","meta":[],"product_brand":[],"product_cat":[2014],"product_tag":[2862,2841,2846,2847,2855,2844,2845,2843,2839,2840,2842,2864,2863,2865,2866,2861,2848,2853,2854,2856,2857,2859,2858,2852,2849,2850,2851,2860],"class_list":{"0":"post-5495","1":"product","2":"type-product","3":"status-publish","4":"has-post-thumbnail","6":"product_cat-comprar-investigacion-quimicos","7":"product_tag-donde-puedo-comprar-fentanilo-en-polvo-online","8":"product_tag-buy-fentanyl-online","9":"product_tag-buy-fentanyl-powder-with-paypal","10":"product_tag-buy-pure-fentanyl-powder-online","11":"product_tag-como-comprar-fentanilo-en-polvo-online","12":"product_tag-comprar-fentanilo-en-polvo-seguro","13":"product_tag-comprar-fentanilo-en-polvo-usa","14":"product_tag-comprar-fentanilo-en-polvo-online","15":"product_tag-comprar-fentanilo-hcl-online","16":"product_tag-comprar-fentanilo-hcl-polvo-online","17":"product_tag-comprar-fentanilo-en-polvo-en-dark-web","18":"product_tag-donde-comprar-fentanilo-en-polvo-online","19":"product_tag-donde-comprar-fentanyl-hcl-polvo-online","20":"product_tag-donde-comprar-fentanilo-hcl-puro-en-polvo-online","21":"product_tag-donde-comprar-fentanilo-puro-en-polvo-online","22":"product_tag-el-mejor-lugar-para-comprar-fentanilo-en-polvo-online","23":"product_tag-fentanyl-powder-effect","24":"product_tag-fentanyl-powder-reddit","25":"product_tag-fentanyl-powder-shipping","26":"product_tag-pedir-fentanilo-en-polvo-cerca-de-mi","27":"product_tag-pedir-fentanilo-en-polvo-online","28":"product_tag-order-pure-fentanyl-powder-online","29":"product_tag-ordenar-puro-fentanilo-hcl-polvo-online","30":"product_tag-polvo-de-fentanilo-durante-la-noche","31":"product_tag-fentanilo-polvo-europa","32":"product_tag-fentanilo-polvo-para-la-venta","33":"product_tag-fentanilo-en-polvo-para-la-venta-online","34":"product_tag-purchase-fentanyl-powder-online","36":"first","37":"instock","38":"shipping-taxable","39":"purchasable","40":"product-type-variable","41":"has-default-attributes"},"yoast_head":"<!-- This site is optimized with the Yoast SEO plugin v27.3 - https:\/\/yoast.com\/product\/yoast-seo-wordpress\/ -->\n<title>Comprar fentanilo en polvo en l\u00ednea - Best Best Global Meds<\/title>\n<meta name=\"description\" content=\"\u00a1Compre POLVO DE FENTANILO a la venta en el Reino Unido, la UE y Europa en nuestra tienda en l\u00ednea Bestglobalmeds.com con entrega r\u00e1pida en todo el mundo! \u00a1El mejor FENTANILO por encargo lo encontrar\u00e1s aqu\u00ed!\" \/>\n<meta name=\"robots\" content=\"index, follow, max-snippet:-1, max-image-preview:large, max-video-preview:-1\" \/>\n<link rel=\"canonical\" href=\"https:\/\/medicinasinc.com\/es\/product\/comprar-fentanilo-en-polvo\/\" \/>\n<meta property=\"og:locale\" content=\"es_ES\" \/>\n<meta property=\"og:type\" content=\"article\" \/>\n<meta property=\"og:title\" content=\"Comprar fentanilo en polvo en l\u00ednea - Best Best Global Meds\" \/>\n<meta property=\"og:description\" content=\"\u00a1Compre POLVO DE FENTANILO a la venta en el Reino Unido, la UE y Europa en nuestra tienda en l\u00ednea Bestglobalmeds.com con entrega r\u00e1pida en todo el mundo! \u00a1El mejor FENTANILO por encargo lo encontrar\u00e1s aqu\u00ed!\" \/>\n<meta property=\"og:url\" content=\"https:\/\/medicinasinc.com\/es\/product\/comprar-fentanilo-en-polvo\/\" \/>\n<meta property=\"og:site_name\" content=\"Medicinas Inc\" \/>\n<meta property=\"article:modified_time\" content=\"2022-03-22T00:45:10+00:00\" \/>\n<meta property=\"og:image\" content=\"https:\/\/medicinasinc.com\/es\/wp-content\/uploads\/sites\/15\/2022\/02\/Buy-Fentanyl-Powder-Online.jpg\" \/>\n\t<meta property=\"og:image:width\" content=\"768\" \/>\n\t<meta property=\"og:image:height\" content=\"768\" \/>\n\t<meta property=\"og:image:type\" content=\"image\/jpeg\" \/>\n<meta name=\"twitter:card\" content=\"summary_large_image\" \/>\n<meta name=\"twitter:label1\" content=\"Tiempo de lectura\" \/>\n\t<meta name=\"twitter:data1\" content=\"2 minutos\" \/>\n<script type=\"application\/ld+json\" class=\"yoast-schema-graph\">{\"@context\":\"https:\\\/\\\/schema.org\",\"@graph\":[{\"@type\":\"WebPage\",\"@id\":\"https:\\\/\\\/medicinasinc.com\\\/es\\\/product\\\/comprar-fentanilo-en-polvo\\\/\",\"url\":\"https:\\\/\\\/medicinasinc.com\\\/es\\\/product\\\/comprar-fentanilo-en-polvo\\\/\",\"name\":\"Comprar fentanilo en polvo en l\u00ednea - Best Best Global Meds\",\"isPartOf\":{\"@id\":\"https:\\\/\\\/medicinasinc.com\\\/es\\\/#website\"},\"primaryImageOfPage\":{\"@id\":\"https:\\\/\\\/medicinasinc.com\\\/es\\\/product\\\/comprar-fentanilo-en-polvo\\\/#primaryimage\"},\"image\":{\"@id\":\"https:\\\/\\\/medicinasinc.com\\\/es\\\/product\\\/comprar-fentanilo-en-polvo\\\/#primaryimage\"},\"thumbnailUrl\":\"https:\\\/\\\/medicinasinc.com\\\/es\\\/wp-content\\\/uploads\\\/sites\\\/15\\\/2022\\\/02\\\/Buy-Fentanyl-Powder-Online.jpg\",\"datePublished\":\"2022-02-22T00:33:03+00:00\",\"dateModified\":\"2022-03-22T00:45:10+00:00\",\"description\":\"\u00a1Compre POLVO DE FENTANILO a la venta en el Reino Unido, la UE y Europa en nuestra tienda en l\u00ednea Bestglobalmeds.com con entrega r\u00e1pida en todo el mundo! \u00a1El mejor FENTANILO por encargo lo encontrar\u00e1s aqu\u00ed!\",\"breadcrumb\":{\"@id\":\"https:\\\/\\\/medicinasinc.com\\\/es\\\/product\\\/comprar-fentanilo-en-polvo\\\/#breadcrumb\"},\"inLanguage\":\"es\",\"potentialAction\":[{\"@type\":\"ReadAction\",\"target\":[\"https:\\\/\\\/medicinasinc.com\\\/es\\\/product\\\/comprar-fentanilo-en-polvo\\\/\"]}]},{\"@type\":\"ImageObject\",\"inLanguage\":\"es\",\"@id\":\"https:\\\/\\\/medicinasinc.com\\\/es\\\/product\\\/comprar-fentanilo-en-polvo\\\/#primaryimage\",\"url\":\"https:\\\/\\\/medicinasinc.com\\\/es\\\/wp-content\\\/uploads\\\/sites\\\/15\\\/2022\\\/02\\\/Buy-Fentanyl-Powder-Online.jpg\",\"contentUrl\":\"https:\\\/\\\/medicinasinc.com\\\/es\\\/wp-content\\\/uploads\\\/sites\\\/15\\\/2022\\\/02\\\/Buy-Fentanyl-Powder-Online.jpg\",\"width\":768,\"height\":768},{\"@type\":\"BreadcrumbList\",\"@id\":\"https:\\\/\\\/medicinasinc.com\\\/es\\\/product\\\/comprar-fentanilo-en-polvo\\\/#breadcrumb\",\"itemListElement\":[{\"@type\":\"ListItem\",\"position\":1,\"name\":\"Tienda\",\"item\":\"https:\\\/\\\/medicinasinc.com\\\/es\\\/tienda\\\/\"},{\"@type\":\"ListItem\",\"position\":2,\"name\":\"Comprar polvo de fentanilo\"}]},{\"@type\":\"WebSite\",\"@id\":\"https:\\\/\\\/medicinasinc.com\\\/es\\\/#website\",\"url\":\"https:\\\/\\\/medicinasinc.com\\\/es\\\/\",\"name\":\"Medicinas Inc\",\"description\":\"Cl\u00ednica M\u00e9dica de Salud\",\"potentialAction\":[{\"@type\":\"SearchAction\",\"target\":{\"@type\":\"EntryPoint\",\"urlTemplate\":\"https:\\\/\\\/medicinasinc.com\\\/es\\\/?s={search_term_string}\"},\"query-input\":{\"@type\":\"PropertyValueSpecification\",\"valueRequired\":true,\"valueName\":\"search_term_string\"}}],\"inLanguage\":\"es\"}]}<\/script>\n<!-- \/ Yoast SEO plugin. -->","yoast_head_json":{"title":"Comprar fentanilo en polvo en l\u00ednea - Best Best Global Meds","description":"\u00a1Compre POLVO DE FENTANILO a la venta en el Reino Unido, la UE y Europa en nuestra tienda en l\u00ednea Bestglobalmeds.com con entrega r\u00e1pida en todo el mundo! \u00a1El mejor FENTANILO por encargo lo encontrar\u00e1s aqu\u00ed!","robots":{"index":"index","follow":"follow","max-snippet":"max-snippet:-1","max-image-preview":"max-image-preview:large","max-video-preview":"max-video-preview:-1"},"canonical":"https:\/\/medicinasinc.com\/es\/product\/comprar-fentanilo-en-polvo\/","og_locale":"es_ES","og_type":"article","og_title":"Comprar fentanilo en polvo en l\u00ednea - Best Best Global Meds","og_description":"\u00a1Compre POLVO DE FENTANILO a la venta en el Reino Unido, la UE y Europa en nuestra tienda en l\u00ednea Bestglobalmeds.com con entrega r\u00e1pida en todo el mundo! \u00a1El mejor FENTANILO por encargo lo encontrar\u00e1s aqu\u00ed!","og_url":"https:\/\/medicinasinc.com\/es\/product\/comprar-fentanilo-en-polvo\/","og_site_name":"Medicinas Inc","article_modified_time":"2022-03-22T00:45:10+00:00","og_image":[{"width":768,"height":768,"url":"https:\/\/medicinasinc.com\/es\/wp-content\/uploads\/sites\/15\/2022\/02\/Buy-Fentanyl-Powder-Online.jpg","type":"image\/jpeg"}],"twitter_card":"summary_large_image","twitter_misc":{"Tiempo de lectura":"2 minutos"},"schema":{"@context":"https:\/\/schema.org","@graph":[{"@type":"WebPage","@id":"https:\/\/medicinasinc.com\/es\/product\/comprar-fentanilo-en-polvo\/","url":"https:\/\/medicinasinc.com\/es\/product\/comprar-fentanilo-en-polvo\/","name":"Comprar fentanilo en polvo en l\u00ednea - Best Best Global Meds","isPartOf":{"@id":"https:\/\/medicinasinc.com\/es\/#website"},"primaryImageOfPage":{"@id":"https:\/\/medicinasinc.com\/es\/product\/comprar-fentanilo-en-polvo\/#primaryimage"},"image":{"@id":"https:\/\/medicinasinc.com\/es\/product\/comprar-fentanilo-en-polvo\/#primaryimage"},"thumbnailUrl":"https:\/\/medicinasinc.com\/es\/wp-content\/uploads\/sites\/15\/2022\/02\/Buy-Fentanyl-Powder-Online.jpg","datePublished":"2022-02-22T00:33:03+00:00","dateModified":"2022-03-22T00:45:10+00:00","description":"\u00a1Compre POLVO DE FENTANILO a la venta en el Reino Unido, la UE y Europa en nuestra tienda en l\u00ednea Bestglobalmeds.com con entrega r\u00e1pida en todo el mundo! \u00a1El mejor FENTANILO por encargo lo encontrar\u00e1s aqu\u00ed!","breadcrumb":{"@id":"https:\/\/medicinasinc.com\/es\/product\/comprar-fentanilo-en-polvo\/#breadcrumb"},"inLanguage":"es","potentialAction":[{"@type":"ReadAction","target":["https:\/\/medicinasinc.com\/es\/product\/comprar-fentanilo-en-polvo\/"]}]},{"@type":"ImageObject","inLanguage":"es","@id":"https:\/\/medicinasinc.com\/es\/product\/comprar-fentanilo-en-polvo\/#primaryimage","url":"https:\/\/medicinasinc.com\/es\/wp-content\/uploads\/sites\/15\/2022\/02\/Buy-Fentanyl-Powder-Online.jpg","contentUrl":"https:\/\/medicinasinc.com\/es\/wp-content\/uploads\/sites\/15\/2022\/02\/Buy-Fentanyl-Powder-Online.jpg","width":768,"height":768},{"@type":"BreadcrumbList","@id":"https:\/\/medicinasinc.com\/es\/product\/comprar-fentanilo-en-polvo\/#breadcrumb","itemListElement":[{"@type":"ListItem","position":1,"name":"Tienda","item":"https:\/\/medicinasinc.com\/es\/tienda\/"},{"@type":"ListItem","position":2,"name":"Comprar polvo de fentanilo"}]},{"@type":"WebSite","@id":"https:\/\/medicinasinc.com\/es\/#website","url":"https:\/\/medicinasinc.com\/es\/","name":"Medicinas Inc","description":"Cl\u00ednica M\u00e9dica de Salud","potentialAction":[{"@type":"SearchAction","target":{"@type":"EntryPoint","urlTemplate":"https:\/\/medicinasinc.com\/es\/?s={search_term_string}"},"query-input":{"@type":"PropertyValueSpecification","valueRequired":true,"valueName":"search_term_string"}}],"inLanguage":"es"}]}},"_links":{"self":[{"href":"https:\/\/medicinasinc.com\/es\/wp-json\/wp\/v2\/product\/5495","targetHints":{"allow":["GET"]}}],"collection":[{"href":"https:\/\/medicinasinc.com\/es\/wp-json\/wp\/v2\/product"}],"about":[{"href":"https:\/\/medicinasinc.com\/es\/wp-json\/wp\/v2\/types\/product"}],"replies":[{"embeddable":true,"href":"https:\/\/medicinasinc.com\/es\/wp-json\/wp\/v2\/comments?post=5495"}],"wp:featuredmedia":[{"embeddable":true,"href":"https:\/\/medicinasinc.com\/es\/wp-json\/wp\/v2\/media\/5505"}],"wp:attachment":[{"href":"https:\/\/medicinasinc.com\/es\/wp-json\/wp\/v2\/media?parent=5495"}],"wp:term":[{"taxonomy":"product_brand","embeddable":true,"href":"https:\/\/medicinasinc.com\/es\/wp-json\/wp\/v2\/product_brand?post=5495"},{"taxonomy":"product_cat","embeddable":true,"href":"https:\/\/medicinasinc.com\/es\/wp-json\/wp\/v2\/product_cat?post=5495"},{"taxonomy":"product_tag","embeddable":true,"href":"https:\/\/medicinasinc.com\/es\/wp-json\/wp\/v2\/product_tag?post=5495"}],"curies":[{"name":"wp","href":"https:\/\/api.w.org\/{rel}","templated":true}]}}