{"id":5494,"date":"2022-02-22T00:31:52","date_gmt":"2022-02-22T00:31:52","guid":{"rendered":"https:\/\/medicinasinc.com\/es\/?post_type=product&#038;p=5494"},"modified":"2022-03-22T00:45:21","modified_gmt":"2022-03-22T00:45:21","slug":"comprar-diclazepam-2-mg-pellets","status":"publish","type":"product","link":"https:\/\/medicinasinc.com\/es\/product\/comprar-diclazepam-2-mg-pellets\/","title":{"rendered":"Comprar Diclazepam 2 mg gr\u00e1nulos"},"content":{"rendered":"<p><strong>\u00bfD\u00d3NDE PUEDO CONSEGUIR DICLAZEPAM 2MG PELLETS EN LA UE?<\/strong><\/p>\n<p>2 mg de Diclazepam En Europa, puede encontrar una instalaci\u00f3n que almacene gr\u00e1nulos. Se puede usar Bitcoin para comprar gr\u00e1nulos de diclazepam de 2 mg en l\u00ednea.<\/p>\n<p>Una de las benzodiazepinas m\u00e1s recientes que se puso a disposici\u00f3n para la prueba es el diclazepam o clorodiazepam. Adem\u00e1s, esta sustancia es el hom\u00f3logo 1-metil del diazepam y el declorazepam. Su nombre qu\u00edmico completo es 7-cloro-5-(2-clorofenil)-1-metil-1,3-dihidro-2H-1,4-benzodiazepin-2-ona. Debido a que esta mol\u00e9cula es tan novedosa, existen numerosas v\u00edas de investigaci\u00f3n.<\/p>\n<p>La nomenclatura de la IUPAC para este compuesto dice lo siguiente: 7,5-cloro-5-(2-clorofenil)-1-metil-1 ,3-dihidro-2H-1,4-benzodiazepin-2-one<br \/> N\u00famero CAS: 2894-68-0 0<br \/> Sin\u00f3nimos: El clorodiazep\u00f3xido de benzodiazepina (2\u2032-cloro-diazep\u00f3xido)<br \/> Esta es la f\u00f3rmula qu\u00edmica de C16H12Cl2-N2O<br \/> 95,8 por ciento de su forma original.<br \/> Los gr\u00e1nulos blancos son el color m\u00e1s com\u00fan.<\/p>\n<p>Comprar gr\u00e1nulos de 2 mg de diclazepam en l\u00ednea con Bitcoin es f\u00e1cil.<\/p>\n<p>El costo de los gr\u00e1nulos de 2 mg de diclazepam<\/p>\n","protected":false},"excerpt":{"rendered":"<p>Compre gr\u00e1nulos de diclazepam, gr\u00e1nulos de 2 mg de diclazepam baratos a la venta en el Reino Unido, Europa, compre diclazepam de alta calidad en entrega al d\u00eda siguiente en el Reino Unido, precio de diclazepam.<\/p>\n<p>Compre gr\u00e1nulos de 2 mg de diclazepam con env\u00edo gratuito a la Uni\u00f3n Europea. El minorista m\u00e1s grande de Europa de Diclazepam 2mg Pellets. Los gr\u00e1nulos de diclazepam de 2 mg se pueden comprar en l\u00ednea con Bitcoin.<\/p>\n<p>Diclazepam generalmente se ofrece en l\u00ednea en &#8216;headshops&#8217; o&#8217;qu\u00edmica de investigaci\u00f3n&#8217; vendedores en forma de gr\u00e1nulos blancos de 1 mg y, con menor frecuencia, gr\u00e1nulos morados de 2 mg.<\/p>\n<p>Comprar Diclazepam 2 mg Pellets Online es un t\u00e9rmino coloquial para 7-cloro-5-1-metil-1 ,3-dihidro-2H-1,4-benzodiazepin-2-ona.<\/p>\n<p>Compra online de Diclazepam Pellets 2mg. El diclazepam (tambi\u00e9n conocido como clorodiazepam) es una benzodiazepina sint\u00e9tica depresora que, cuando se toma, exhibe efectos comparables a los del diazepam, que incluyen supresi\u00f3n de la ansiedad, desinhibici\u00f3n, anticonvulsivo, hipn\u00f3tico, relajante muscular y amnesia. [2<\/p>\n","protected":false},"featured_media":5503,"comment_status":"open","ping_status":"closed","template":"","meta":[],"product_brand":[],"product_cat":[1117],"product_tag":[2837,2834,2835,2838,2836],"class_list":{"0":"post-5494","1":"product","2":"type-product","3":"status-publish","4":"has-post-thumbnail","6":"product_cat-compre-pastillas-para-el-dolor-el-sueno-y-el-sexo","7":"product_tag-calidad-diclazepam-2-mg","8":"product_tag-comprar-diclazepam-2-mg-pellets","9":"product_tag-diclazepam-2-mg","10":"product_tag-donde-comprar-diclazepam-2-mg-pellets","11":"product_tag-ordenar-diclazepam-2-mg","13":"first","14":"instock","15":"shipping-taxable","16":"purchasable","17":"product-type-variable","18":"has-default-attributes"},"yoast_head":"<!-- This site is optimized with the Yoast SEO plugin v27.2 - https:\/\/yoast.com\/product\/yoast-seo-wordpress\/ -->\n<title>Comprar Diclazepam 2 mg en gr\u00e1nulos - Diclazepam a la venta - Best Global Meds<\/title>\n<meta name=\"description\" content=\"Compre Diclazepam Pellet, Cheap Diclazepam 2mg Pellet para la venta en el Reino Unido, Europa, compre Diclazepam de alta calidad en el Reino Unido Entrega al d\u00eda siguiente, Precio de Diclazepam.\" \/>\n<meta name=\"robots\" content=\"index, follow, max-snippet:-1, max-image-preview:large, max-video-preview:-1\" \/>\n<link rel=\"canonical\" href=\"https:\/\/medicinasinc.com\/es\/product\/comprar-diclazepam-2-mg-pellets\/\" \/>\n<meta property=\"og:locale\" content=\"es_ES\" \/>\n<meta property=\"og:type\" content=\"article\" \/>\n<meta property=\"og:title\" content=\"Comprar Diclazepam 2 mg en gr\u00e1nulos - Diclazepam a la venta - Best Global Meds\" \/>\n<meta property=\"og:description\" content=\"Compre Diclazepam Pellet, Cheap Diclazepam 2mg Pellet para la venta en el Reino Unido, Europa, compre Diclazepam de alta calidad en el Reino Unido Entrega al d\u00eda siguiente, Precio de Diclazepam.\" \/>\n<meta property=\"og:url\" content=\"https:\/\/medicinasinc.com\/es\/product\/comprar-diclazepam-2-mg-pellets\/\" \/>\n<meta property=\"og:site_name\" content=\"Medicinas Inc\" \/>\n<meta property=\"article:modified_time\" content=\"2022-03-22T00:45:21+00:00\" \/>\n<meta property=\"og:image\" content=\"https:\/\/medicinasinc.com\/es\/wp-content\/uploads\/sites\/15\/2022\/02\/Buy-Diclazepam-Pellets-2mg.jpg\" \/>\n\t<meta property=\"og:image:width\" content=\"566\" \/>\n\t<meta property=\"og:image:height\" content=\"462\" \/>\n\t<meta property=\"og:image:type\" content=\"image\/jpeg\" \/>\n<meta name=\"twitter:card\" content=\"summary_large_image\" \/>\n<meta name=\"twitter:label1\" content=\"Tiempo de lectura\" \/>\n\t<meta name=\"twitter:data1\" content=\"1 minuto\" \/>\n<script type=\"application\/ld+json\" class=\"yoast-schema-graph\">{\"@context\":\"https:\/\/schema.org\",\"@graph\":[{\"@type\":\"WebPage\",\"@id\":\"https:\/\/medicinasinc.com\/es\/product\/comprar-diclazepam-2-mg-pellets\/\",\"url\":\"https:\/\/medicinasinc.com\/es\/product\/comprar-diclazepam-2-mg-pellets\/\",\"name\":\"Comprar Diclazepam 2 mg en gr\u00e1nulos - Diclazepam a la venta - Best Global Meds\",\"isPartOf\":{\"@id\":\"https:\/\/medicinasinc.com\/es\/#website\"},\"primaryImageOfPage\":{\"@id\":\"https:\/\/medicinasinc.com\/es\/product\/comprar-diclazepam-2-mg-pellets\/#primaryimage\"},\"image\":{\"@id\":\"https:\/\/medicinasinc.com\/es\/product\/comprar-diclazepam-2-mg-pellets\/#primaryimage\"},\"thumbnailUrl\":\"https:\/\/medicinasinc.com\/es\/wp-content\/uploads\/sites\/15\/2022\/02\/Buy-Diclazepam-Pellets-2mg.jpg\",\"datePublished\":\"2022-02-22T00:31:52+00:00\",\"dateModified\":\"2022-03-22T00:45:21+00:00\",\"description\":\"Compre Diclazepam Pellet, Cheap Diclazepam 2mg Pellet para la venta en el Reino Unido, Europa, compre Diclazepam de alta calidad en el Reino Unido Entrega al d\u00eda siguiente, Precio de Diclazepam.\",\"breadcrumb\":{\"@id\":\"https:\/\/medicinasinc.com\/es\/product\/comprar-diclazepam-2-mg-pellets\/#breadcrumb\"},\"inLanguage\":\"es\",\"potentialAction\":[{\"@type\":\"ReadAction\",\"target\":[\"https:\/\/medicinasinc.com\/es\/product\/comprar-diclazepam-2-mg-pellets\/\"]}]},{\"@type\":\"ImageObject\",\"inLanguage\":\"es\",\"@id\":\"https:\/\/medicinasinc.com\/es\/product\/comprar-diclazepam-2-mg-pellets\/#primaryimage\",\"url\":\"https:\/\/medicinasinc.com\/es\/wp-content\/uploads\/sites\/15\/2022\/02\/Buy-Diclazepam-Pellets-2mg.jpg\",\"contentUrl\":\"https:\/\/medicinasinc.com\/es\/wp-content\/uploads\/sites\/15\/2022\/02\/Buy-Diclazepam-Pellets-2mg.jpg\",\"width\":566,\"height\":462},{\"@type\":\"BreadcrumbList\",\"@id\":\"https:\/\/medicinasinc.com\/es\/product\/comprar-diclazepam-2-mg-pellets\/#breadcrumb\",\"itemListElement\":[{\"@type\":\"ListItem\",\"position\":1,\"name\":\"Tienda\",\"item\":\"https:\/\/medicinasinc.com\/es\/tienda\/\"},{\"@type\":\"ListItem\",\"position\":2,\"name\":\"Comprar Diclazepam 2 mg gr\u00e1nulos\"}]},{\"@type\":\"WebSite\",\"@id\":\"https:\/\/medicinasinc.com\/es\/#website\",\"url\":\"https:\/\/medicinasinc.com\/es\/\",\"name\":\"Medicinas Inc\",\"description\":\"Cl\u00ednica M\u00e9dica de Salud\",\"potentialAction\":[{\"@type\":\"SearchAction\",\"target\":{\"@type\":\"EntryPoint\",\"urlTemplate\":\"https:\/\/medicinasinc.com\/es\/?s={search_term_string}\"},\"query-input\":{\"@type\":\"PropertyValueSpecification\",\"valueRequired\":true,\"valueName\":\"search_term_string\"}}],\"inLanguage\":\"es\"}]}<\/script>\n<!-- \/ Yoast SEO plugin. -->","yoast_head_json":{"title":"Comprar Diclazepam 2 mg en gr\u00e1nulos - Diclazepam a la venta - Best Global Meds","description":"Compre Diclazepam Pellet, Cheap Diclazepam 2mg Pellet para la venta en el Reino Unido, Europa, compre Diclazepam de alta calidad en el Reino Unido Entrega al d\u00eda siguiente, Precio de Diclazepam.","robots":{"index":"index","follow":"follow","max-snippet":"max-snippet:-1","max-image-preview":"max-image-preview:large","max-video-preview":"max-video-preview:-1"},"canonical":"https:\/\/medicinasinc.com\/es\/product\/comprar-diclazepam-2-mg-pellets\/","og_locale":"es_ES","og_type":"article","og_title":"Comprar Diclazepam 2 mg en gr\u00e1nulos - Diclazepam a la venta - Best Global Meds","og_description":"Compre Diclazepam Pellet, Cheap Diclazepam 2mg Pellet para la venta en el Reino Unido, Europa, compre Diclazepam de alta calidad en el Reino Unido Entrega al d\u00eda siguiente, Precio de Diclazepam.","og_url":"https:\/\/medicinasinc.com\/es\/product\/comprar-diclazepam-2-mg-pellets\/","og_site_name":"Medicinas Inc","article_modified_time":"2022-03-22T00:45:21+00:00","og_image":[{"width":566,"height":462,"url":"https:\/\/medicinasinc.com\/es\/wp-content\/uploads\/sites\/15\/2022\/02\/Buy-Diclazepam-Pellets-2mg.jpg","type":"image\/jpeg"}],"twitter_card":"summary_large_image","twitter_misc":{"Tiempo de lectura":"1 minuto"},"schema":{"@context":"https:\/\/schema.org","@graph":[{"@type":"WebPage","@id":"https:\/\/medicinasinc.com\/es\/product\/comprar-diclazepam-2-mg-pellets\/","url":"https:\/\/medicinasinc.com\/es\/product\/comprar-diclazepam-2-mg-pellets\/","name":"Comprar Diclazepam 2 mg en gr\u00e1nulos - Diclazepam a la venta - Best Global Meds","isPartOf":{"@id":"https:\/\/medicinasinc.com\/es\/#website"},"primaryImageOfPage":{"@id":"https:\/\/medicinasinc.com\/es\/product\/comprar-diclazepam-2-mg-pellets\/#primaryimage"},"image":{"@id":"https:\/\/medicinasinc.com\/es\/product\/comprar-diclazepam-2-mg-pellets\/#primaryimage"},"thumbnailUrl":"https:\/\/medicinasinc.com\/es\/wp-content\/uploads\/sites\/15\/2022\/02\/Buy-Diclazepam-Pellets-2mg.jpg","datePublished":"2022-02-22T00:31:52+00:00","dateModified":"2022-03-22T00:45:21+00:00","description":"Compre Diclazepam Pellet, Cheap Diclazepam 2mg Pellet para la venta en el Reino Unido, Europa, compre Diclazepam de alta calidad en el Reino Unido Entrega al d\u00eda siguiente, Precio de Diclazepam.","breadcrumb":{"@id":"https:\/\/medicinasinc.com\/es\/product\/comprar-diclazepam-2-mg-pellets\/#breadcrumb"},"inLanguage":"es","potentialAction":[{"@type":"ReadAction","target":["https:\/\/medicinasinc.com\/es\/product\/comprar-diclazepam-2-mg-pellets\/"]}]},{"@type":"ImageObject","inLanguage":"es","@id":"https:\/\/medicinasinc.com\/es\/product\/comprar-diclazepam-2-mg-pellets\/#primaryimage","url":"https:\/\/medicinasinc.com\/es\/wp-content\/uploads\/sites\/15\/2022\/02\/Buy-Diclazepam-Pellets-2mg.jpg","contentUrl":"https:\/\/medicinasinc.com\/es\/wp-content\/uploads\/sites\/15\/2022\/02\/Buy-Diclazepam-Pellets-2mg.jpg","width":566,"height":462},{"@type":"BreadcrumbList","@id":"https:\/\/medicinasinc.com\/es\/product\/comprar-diclazepam-2-mg-pellets\/#breadcrumb","itemListElement":[{"@type":"ListItem","position":1,"name":"Tienda","item":"https:\/\/medicinasinc.com\/es\/tienda\/"},{"@type":"ListItem","position":2,"name":"Comprar Diclazepam 2 mg gr\u00e1nulos"}]},{"@type":"WebSite","@id":"https:\/\/medicinasinc.com\/es\/#website","url":"https:\/\/medicinasinc.com\/es\/","name":"Medicinas Inc","description":"Cl\u00ednica M\u00e9dica de Salud","potentialAction":[{"@type":"SearchAction","target":{"@type":"EntryPoint","urlTemplate":"https:\/\/medicinasinc.com\/es\/?s={search_term_string}"},"query-input":{"@type":"PropertyValueSpecification","valueRequired":true,"valueName":"search_term_string"}}],"inLanguage":"es"}]}},"_links":{"self":[{"href":"https:\/\/medicinasinc.com\/es\/wp-json\/wp\/v2\/product\/5494","targetHints":{"allow":["GET"]}}],"collection":[{"href":"https:\/\/medicinasinc.com\/es\/wp-json\/wp\/v2\/product"}],"about":[{"href":"https:\/\/medicinasinc.com\/es\/wp-json\/wp\/v2\/types\/product"}],"replies":[{"embeddable":true,"href":"https:\/\/medicinasinc.com\/es\/wp-json\/wp\/v2\/comments?post=5494"}],"wp:featuredmedia":[{"embeddable":true,"href":"https:\/\/medicinasinc.com\/es\/wp-json\/wp\/v2\/media\/5503"}],"wp:attachment":[{"href":"https:\/\/medicinasinc.com\/es\/wp-json\/wp\/v2\/media?parent=5494"}],"wp:term":[{"taxonomy":"product_brand","embeddable":true,"href":"https:\/\/medicinasinc.com\/es\/wp-json\/wp\/v2\/product_brand?post=5494"},{"taxonomy":"product_cat","embeddable":true,"href":"https:\/\/medicinasinc.com\/es\/wp-json\/wp\/v2\/product_cat?post=5494"},{"taxonomy":"product_tag","embeddable":true,"href":"https:\/\/medicinasinc.com\/es\/wp-json\/wp\/v2\/product_tag?post=5494"}],"curies":[{"name":"wp","href":"https:\/\/api.w.org\/{rel}","templated":true}]}}