{"id":5471,"date":"2022-02-22T00:08:30","date_gmt":"2022-02-22T00:08:30","guid":{"rendered":"https:\/\/medicinasinc.com\/es\/?post_type=product&#038;p=5471"},"modified":"2022-03-22T00:45:34","modified_gmt":"2022-03-22T00:45:34","slug":"comprar-crystal-meth-metanfetamina","status":"publish","type":"product","link":"https:\/\/medicinasinc.com\/es\/product\/comprar-crystal-meth-metanfetamina\/","title":{"rendered":"Comprar Crystal Meth (metanfetamina)"},"content":{"rendered":"<p><strong>D\u00f3nde comprar Crystal Meth &#8211; Metanfetamina<\/strong><\/p>\n<p>Dispuesto a comprar Crystal Meth, a menudo conocida como metanfetamina de piedra preciosa, es un medicamento estimulante del Sistema Nervioso Central (SNC) que tiene importantes similitudes con las anfetaminas, la segunda clase de medicamentos ilegales m\u00e1s popular del mundo, detr\u00e1s de maryjane.<br \/> Al igual que con las anfetaminas, promueve una mayor actividad, disminuci\u00f3n del apetito y una sensaci\u00f3n general de bienestar.<\/p>\n<p>Hay Hay algunos usos farmac\u00e9uticos reconocidos para Crystal Meth \u2013 metanfetamina, incluido el tratamiento de la narcolepsia, la falta de capacidad para concentrarse regularmente y para uso transitorio, como la obesidad; sin embargo, estos usos medicinales son limitados.<\/p>\n<p>Crystal Meth, como la coca\u00edna, se puede fumar. Chemical Inc. vende Crystal Meth &#8211; Metanfetamina.<\/p>\n<p>\u00bfQu\u00e9 caracter\u00edsticas posee Crystal Meth &#8211; Metanfetaminas?<\/p>\n<p>Las metanfetaminas se usan para tratar las siguientes afecciones:<\/p>\n<p>TDAHNarcolepsia<\/p>\n<p>Las aplicaciones m\u00e9dicas son limitadas.<\/p>\n<p>Crystal Meth: la metanfetamina, como la coca\u00edna, se puede fumar.<\/p>\n<figure class=\"wp-caption alignleft\"><img loading=\"lazy\" decoding=\"async\" class=\" n3VNCb\" src=\"https:\/\/www.detoxplusuk.com\/wp-content\/uploads\/sites\/15\/2019\/01\/Crystal-meth-e1546508093797.png\" alt=\"Crystal Meth - Metanfetamina | Chemical Inc\" width=\"600\" height=\"351\" data-iml=\"71374\" \/><figcaption class=\"wp-caption-text\">Comprar Crystal Meth con Bitcoins<\/figcaption><\/figure>\n<h2><strong>\u00bfCu\u00e1les son \u00bfCu\u00e1les son las caracter\u00edsticas de las metanfetaminas?<\/strong><\/h2>\n<p><span class=\"tagify__tag-text\">Crystal Meth \u2013 metanfetamina<\/span>\u00a0son para el tratamiento de:<\/p>\n<ul>\n<li> TDAH Narcolepsia<\/li>\n<li>Obesidad Por lo tanto, provoca acci\u00f3n ampliada, disminuci\u00f3n del hambre y sensaci\u00f3n general de prosperidad. Cuando se utiliza en exceso, tiene efectos progresivamente destructivos en el sistema sensorial central.<\/li>\n<\/ul>\n<h2><\/h2>\n<h2><\/h2>\n<h2><strong>\u00bfCu\u00e1les son los precauciones de\u00a0<\/strong>Crystal Meth<strong>?<\/strong><\/h2>\n<ul>\n<li>Si cree que ha quedado embarazada mientras usa el medicamento, informe a su m\u00e9dico de inmediato para mantener un distancia estrat\u00e9gica de las dificultades.<\/li>\n<li>Si tiene enfermedades del coraz\u00f3n,<\/li>\n<\/ul>\n<h2><strong>\u00bfCu\u00e1les son los efectos secundarios de\u00a0<\/strong>Crystal Meth<strong>? <\/strong><\/h2>\n<p>Los impactos hostiles de las metanfetaminas incluyen:<\/p>\n<ul>\n<li>Un aumento en el pulso<\/li>\n<li>Aumento de la temperatura corporal<\/li>\n<li>Un aumento en tasa de relajaci\u00f3n<\/li>\n<li>Estudiantes dilatados<\/li>\n<li>Temblores Sentimientos de \u00e9xtasis<\/li>\n<li>Aumento de la ansiedad<\/li>\n<li>Irritabilidad<\/li>\n<li>Paranoia<\/li>\n<li>Conducta violenta y voluble<\/li>\n<li>Hiperactividad temporal Buscar especialista para consideraci\u00f3n terap\u00e9utica.<\/li>\n<\/ul>\n<h2><strong>Qu\u00e9 sucede n si omite o toma una sobredosis de\u00a0<\/strong>Crystal Meth<strong>?<\/strong><\/h2>\n<p>Eludir una porci\u00f3n de metanfetaminas es cualquier cosa menos una terrible experiencia, sin embargo, puede tomarse el tiempo que recuerde al respecto, pero debe abstenerse de tomar medidas dobles.<\/p>\n<p>&nbsp;<\/p>\n<p><span class=\"tagify__tag-text\">Metanfetamina<\/span>\u00a0se recomiendan para mantener el centro, siempre que haya una sobredosis, f\u00e1cilmente podr\u00eda provocar condiciones m\u00e9dicas reales, por lo que buscar ayuda en caso de crisis de expertos especialistas en salud es la mejor opci\u00f3n. <span class=\"tagify__tag-text\"><a href=\"https:\/\/www.bestglobalmeds.com\/product\/research-chemicals\/buy-crystal-meth\/\">Ordene Crystal Meth<\/a>\u00a0\u2013 metanfetamina en l\u00ednea<\/span>\u00a0en Chemical Inc<\/p>\n<h2><strong>\u00bfC\u00f3mo almacenar metanfetaminas?<\/strong><\/h2>\n<p>Adem\u00e1s, donde no hay luz ni calor, mantenga las metanfetaminas a temperatura ambiente. Del mismo modo, no deseche este medicamento. Sus hijos y mascotas no deben conectar este medicamento de ninguna manera.<\/p>\n<h2><strong>\u00bfD\u00f3nde comprar\u00a0<\/strong>Crystal Meth\u00a0<strong>en l\u00ednea?<\/strong><\/h2>\n<p>Sin embargo, Puede comprar Crystal Meth: metanfetamina en l\u00ednea en la tienda en l\u00ednea m\u00e1s confiable: Chemical Inc.<\/p>\n<p>Compre metanfetaminas sin remedio, metanfetaminas disponibles para comprar en l\u00ednea, en el mejor de los casos, al costo.<br \/> Compre lo mejor medicamentos aqu\u00ed en este punto! <span class=\"tagify__tag-text\">Comprar metanfetamina en l\u00ednea<\/span><\/p>\n<h3><b>Los usuarios de metanfetamina no deben esperar para buscar tratamiento<\/b><\/h3>\n<p>Si bien muchos los s\u00edntomas se pueden revertir con el tratamiento adecuado, los efectos del envejecimiento avanzado y la caries dental son dif\u00edciles de revertir, y el da\u00f1o a menudo es permanente.<\/p>\n<p>Adem\u00e1s, el uso de metanfetamina puede causar psicosis o comportamiento psic\u00f3tico, en el que los usuarios pierden el contacto con la realidad y experimentan fuertes delirios, paranoia, alucinaciones y comportamientos obsesivos que les impiden darse cuenta verdaderamente del da\u00f1o que se est\u00e1n haciendo a s\u00ed mismos.<\/p>\n<p>Es imperativo que el adicto se acerque y encuentre ayuda de inmediato, o sufrir\u00e1 estos efectos f\u00edsicos y psicol\u00f3gicos, y otros s\u00edntomas comunes, como relaciones destruidas, indigencia financiera y cargos penales.<\/p>\n<p>La adicci\u00f3n afecta a casi todas las familias, devastando la salud f\u00edsica y mental, las relaciones y las finanzas personales. Madres, padres, hermanos, hermanas, hijas e hijos.<\/p>\n<p>Nadie es inmune al aterrador impacto a largo plazo del abuso de drogas duras.<br \/> Lo que sigue es una descripci\u00f3n aleccionadora de individuos REALES.<\/p>\n<p>Ha sido v\u00edctima de la tentaci\u00f3n del consumo de drogas, en este caso, la metanfetamina, cuyos efectos devastadores son demasiado evidentes.<br \/> Si usted o un ser querido sufre adicci\u00f3n a la metanfetamina, o si desea obtener m\u00e1s informaci\u00f3n, consulte los siguientes sitios web para obtener ayuda para obtener asistencia de recuperaci\u00f3n.<\/p>\n","protected":false},"excerpt":{"rendered":"<div class=\"woocommerce-product-details__short-description\">\n<p>Compre Crystal Meth para la venta en Reino Unido, UE, Europa, EE. UU., China para tratar el c\u00e1ncer con la ayuda de bestglobalmeds.com. El mejor lugar donde puede comprar metanfetamina en l\u00ednea a bajo precio.<\/p>\n<p>Compre Crystal Meth a bajo costo en l\u00ednea Sin receta, vendemos Crystal Meth en l\u00ednea y enviamos a todo el mundo dentro de las 24\/48 horas. Ordene ahora.<\/p>\n<p>El t\u00e9rmino &#8220;metanfetamina de cristal&#8221; se refiere a la metanfetamina cristalina, un estimulante poderoso y altamente adictivo que afecta el sistema nervioso central.<\/p>\n<p>Ahora puede comprar metanfetamina cristalina en l\u00ednea y recibirla al d\u00eda siguiente. La forma m\u00e1s actual o m\u00e1s pura de metanfetamina cristalina es casi pura. Es inodoro y no t\u00f3xico.<\/p>\n<p>La metanfetamina es un potente estimulante del sistema nervioso central que la mayor\u00eda de las veces usaba como droga recreativa y com\u00fanmente como un tratamiento de segunda l\u00ednea<\/p>\n<\/p><\/div>\n","protected":false},"featured_media":5483,"comment_status":"open","ping_status":"closed","template":"","meta":[],"product_brand":[],"product_cat":[2014],"product_tag":[2826,2800,2801,2825,2799,2804,2805,2802,2807,2808,2809,2812,2816,2819,2814,2820,2818,2821,2828,2822,2806,2813,2810,2832,2811,2829,2830,2824,2817,2815,2823,2831,2803,2827,2833],"class_list":{"0":"post-5471","1":"product","2":"type-product","3":"status-publish","4":"has-post-thumbnail","6":"product_cat-comprar-investigacion-quimicos","7":"product_tag-sb-aperitivos","8":"product_tag-bu-crystal-mth-nln","9":"product_tag-bu-rtl-meth-on-deepweb","10":"product_tag-combustible-para-cohetes","11":"product_tag-comprar-crystal-med-en-australiaale-cerca-de-usted","12":"product_tag-cotton-candy","13":"product_tag-crank","14":"product_tag-coche-d1-96-d1-95t-d1-96n-d0-b0","15":"product_tag-crystal-mth-effect","16":"product_tag-crystal-mth-europe","17":"product_tag-crystal-mth-for-sale","18":"product_tag-crystal-mth-envo","19":"product_tag-fr","20":"product_tag-gk","21":"product_tag-ck","22":"product_tag-hielo","23":"product_tag-go-go-ju","24":"product_tag-l-a-gl","25":"product_tag-en-d0-b0-d1-95h","26":"product_tag-metanfetamina","27":"product_tag-crystal-mth-australia","28":"product_tag-crystal-mth-uk","29":"product_tag-crystal-mth-alemania","30":"product_tag-rtl-mth-para-l-en-lnea","31":"product_tag-cristal-mth-reddit","32":"product_tag-rdr-cristal-mth-n-tr","33":"product_tag-rdr-rtl-mth-n-drknt","34":"product_tag-pk","35":"product_tag-ve-rpido","36":"product_tag-remojar","37":"product_tag-n-dz","38":"product_tag-rtl-meth-h","39":"product_tag-chlk","40":"product_tag-tweek","41":"product_tag-rtl-mth-vndr-n-estados-unidos","43":"first","44":"instock","45":"shipping-taxable","46":"purchasable","47":"product-type-variable","48":"has-default-attributes"},"yoast_head":"<!-- This site is optimized with the Yoast SEO plugin v27.3 - https:\/\/yoast.com\/product\/yoast-seo-wordpress\/ -->\n<title>Comprar Crystal Meth (metanfetamina) - Best Best Global Meds<\/title>\n<meta name=\"description\" content=\"Compre Crystal Meth para la venta en el Reino Unido, la UE, Europa, EE. UU., China para tratar el c\u00e1ncer con la ayuda de bestglobalmeds.com. El mejor lugar donde puedes comprar metanfetamina online barata.\" \/>\n<meta name=\"robots\" content=\"index, follow, max-snippet:-1, max-image-preview:large, max-video-preview:-1\" \/>\n<link rel=\"canonical\" href=\"https:\/\/medicinasinc.com\/es\/product\/comprar-crystal-meth-metanfetamina\/\" \/>\n<meta property=\"og:locale\" content=\"es_ES\" \/>\n<meta property=\"og:type\" content=\"article\" \/>\n<meta property=\"og:title\" content=\"Comprar Crystal Meth (metanfetamina) - Best Best Global Meds\" \/>\n<meta property=\"og:description\" content=\"Compre Crystal Meth para la venta en el Reino Unido, la UE, Europa, EE. UU., China para tratar el c\u00e1ncer con la ayuda de bestglobalmeds.com. El mejor lugar donde puedes comprar metanfetamina online barata.\" \/>\n<meta property=\"og:url\" content=\"https:\/\/medicinasinc.com\/es\/product\/comprar-crystal-meth-metanfetamina\/\" \/>\n<meta property=\"og:site_name\" content=\"Medicinas Inc\" \/>\n<meta property=\"article:modified_time\" content=\"2022-03-22T00:45:34+00:00\" \/>\n<meta property=\"og:image\" content=\"https:\/\/medicinasinc.com\/es\/wp-content\/uploads\/sites\/15\/2022\/02\/Buy-Crystal-Meth.jpg\" \/>\n\t<meta property=\"og:image:width\" content=\"1024\" \/>\n\t<meta property=\"og:image:height\" content=\"768\" \/>\n\t<meta property=\"og:image:type\" content=\"image\/jpeg\" \/>\n<meta name=\"twitter:card\" content=\"summary_large_image\" \/>\n<meta name=\"twitter:label1\" content=\"Tiempo de lectura\" \/>\n\t<meta name=\"twitter:data1\" content=\"3 minutos\" \/>\n<script type=\"application\/ld+json\" class=\"yoast-schema-graph\">{\"@context\":\"https:\\\/\\\/schema.org\",\"@graph\":[{\"@type\":\"WebPage\",\"@id\":\"https:\\\/\\\/medicinasinc.com\\\/es\\\/product\\\/comprar-crystal-meth-metanfetamina\\\/\",\"url\":\"https:\\\/\\\/medicinasinc.com\\\/es\\\/product\\\/comprar-crystal-meth-metanfetamina\\\/\",\"name\":\"Comprar Crystal Meth (metanfetamina) - Best Best Global Meds\",\"isPartOf\":{\"@id\":\"https:\\\/\\\/medicinasinc.com\\\/es\\\/#website\"},\"primaryImageOfPage\":{\"@id\":\"https:\\\/\\\/medicinasinc.com\\\/es\\\/product\\\/comprar-crystal-meth-metanfetamina\\\/#primaryimage\"},\"image\":{\"@id\":\"https:\\\/\\\/medicinasinc.com\\\/es\\\/product\\\/comprar-crystal-meth-metanfetamina\\\/#primaryimage\"},\"thumbnailUrl\":\"https:\\\/\\\/medicinasinc.com\\\/es\\\/wp-content\\\/uploads\\\/sites\\\/15\\\/2022\\\/02\\\/Buy-Crystal-Meth.jpg\",\"datePublished\":\"2022-02-22T00:08:30+00:00\",\"dateModified\":\"2022-03-22T00:45:34+00:00\",\"description\":\"Compre Crystal Meth para la venta en el Reino Unido, la UE, Europa, EE. UU., China para tratar el c\u00e1ncer con la ayuda de bestglobalmeds.com. El mejor lugar donde puedes comprar metanfetamina online barata.\",\"breadcrumb\":{\"@id\":\"https:\\\/\\\/medicinasinc.com\\\/es\\\/product\\\/comprar-crystal-meth-metanfetamina\\\/#breadcrumb\"},\"inLanguage\":\"es\",\"potentialAction\":[{\"@type\":\"ReadAction\",\"target\":[\"https:\\\/\\\/medicinasinc.com\\\/es\\\/product\\\/comprar-crystal-meth-metanfetamina\\\/\"]}]},{\"@type\":\"ImageObject\",\"inLanguage\":\"es\",\"@id\":\"https:\\\/\\\/medicinasinc.com\\\/es\\\/product\\\/comprar-crystal-meth-metanfetamina\\\/#primaryimage\",\"url\":\"https:\\\/\\\/medicinasinc.com\\\/es\\\/wp-content\\\/uploads\\\/sites\\\/15\\\/2022\\\/02\\\/Buy-Crystal-Meth.jpg\",\"contentUrl\":\"https:\\\/\\\/medicinasinc.com\\\/es\\\/wp-content\\\/uploads\\\/sites\\\/15\\\/2022\\\/02\\\/Buy-Crystal-Meth.jpg\",\"width\":1024,\"height\":768},{\"@type\":\"BreadcrumbList\",\"@id\":\"https:\\\/\\\/medicinasinc.com\\\/es\\\/product\\\/comprar-crystal-meth-metanfetamina\\\/#breadcrumb\",\"itemListElement\":[{\"@type\":\"ListItem\",\"position\":1,\"name\":\"Tienda\",\"item\":\"https:\\\/\\\/medicinasinc.com\\\/es\\\/tienda\\\/\"},{\"@type\":\"ListItem\",\"position\":2,\"name\":\"Comprar Crystal Meth (metanfetamina)\"}]},{\"@type\":\"WebSite\",\"@id\":\"https:\\\/\\\/medicinasinc.com\\\/es\\\/#website\",\"url\":\"https:\\\/\\\/medicinasinc.com\\\/es\\\/\",\"name\":\"Medicinas Inc\",\"description\":\"Cl\u00ednica M\u00e9dica de Salud\",\"potentialAction\":[{\"@type\":\"SearchAction\",\"target\":{\"@type\":\"EntryPoint\",\"urlTemplate\":\"https:\\\/\\\/medicinasinc.com\\\/es\\\/?s={search_term_string}\"},\"query-input\":{\"@type\":\"PropertyValueSpecification\",\"valueRequired\":true,\"valueName\":\"search_term_string\"}}],\"inLanguage\":\"es\"}]}<\/script>\n<!-- \/ Yoast SEO plugin. -->","yoast_head_json":{"title":"Comprar Crystal Meth (metanfetamina) - Best Best Global Meds","description":"Compre Crystal Meth para la venta en el Reino Unido, la UE, Europa, EE. UU., China para tratar el c\u00e1ncer con la ayuda de bestglobalmeds.com. El mejor lugar donde puedes comprar metanfetamina online barata.","robots":{"index":"index","follow":"follow","max-snippet":"max-snippet:-1","max-image-preview":"max-image-preview:large","max-video-preview":"max-video-preview:-1"},"canonical":"https:\/\/medicinasinc.com\/es\/product\/comprar-crystal-meth-metanfetamina\/","og_locale":"es_ES","og_type":"article","og_title":"Comprar Crystal Meth (metanfetamina) - Best Best Global Meds","og_description":"Compre Crystal Meth para la venta en el Reino Unido, la UE, Europa, EE. UU., China para tratar el c\u00e1ncer con la ayuda de bestglobalmeds.com. El mejor lugar donde puedes comprar metanfetamina online barata.","og_url":"https:\/\/medicinasinc.com\/es\/product\/comprar-crystal-meth-metanfetamina\/","og_site_name":"Medicinas Inc","article_modified_time":"2022-03-22T00:45:34+00:00","og_image":[{"width":1024,"height":768,"url":"https:\/\/medicinasinc.com\/es\/wp-content\/uploads\/sites\/15\/2022\/02\/Buy-Crystal-Meth.jpg","type":"image\/jpeg"}],"twitter_card":"summary_large_image","twitter_misc":{"Tiempo de lectura":"3 minutos"},"schema":{"@context":"https:\/\/schema.org","@graph":[{"@type":"WebPage","@id":"https:\/\/medicinasinc.com\/es\/product\/comprar-crystal-meth-metanfetamina\/","url":"https:\/\/medicinasinc.com\/es\/product\/comprar-crystal-meth-metanfetamina\/","name":"Comprar Crystal Meth (metanfetamina) - Best Best Global Meds","isPartOf":{"@id":"https:\/\/medicinasinc.com\/es\/#website"},"primaryImageOfPage":{"@id":"https:\/\/medicinasinc.com\/es\/product\/comprar-crystal-meth-metanfetamina\/#primaryimage"},"image":{"@id":"https:\/\/medicinasinc.com\/es\/product\/comprar-crystal-meth-metanfetamina\/#primaryimage"},"thumbnailUrl":"https:\/\/medicinasinc.com\/es\/wp-content\/uploads\/sites\/15\/2022\/02\/Buy-Crystal-Meth.jpg","datePublished":"2022-02-22T00:08:30+00:00","dateModified":"2022-03-22T00:45:34+00:00","description":"Compre Crystal Meth para la venta en el Reino Unido, la UE, Europa, EE. UU., China para tratar el c\u00e1ncer con la ayuda de bestglobalmeds.com. El mejor lugar donde puedes comprar metanfetamina online barata.","breadcrumb":{"@id":"https:\/\/medicinasinc.com\/es\/product\/comprar-crystal-meth-metanfetamina\/#breadcrumb"},"inLanguage":"es","potentialAction":[{"@type":"ReadAction","target":["https:\/\/medicinasinc.com\/es\/product\/comprar-crystal-meth-metanfetamina\/"]}]},{"@type":"ImageObject","inLanguage":"es","@id":"https:\/\/medicinasinc.com\/es\/product\/comprar-crystal-meth-metanfetamina\/#primaryimage","url":"https:\/\/medicinasinc.com\/es\/wp-content\/uploads\/sites\/15\/2022\/02\/Buy-Crystal-Meth.jpg","contentUrl":"https:\/\/medicinasinc.com\/es\/wp-content\/uploads\/sites\/15\/2022\/02\/Buy-Crystal-Meth.jpg","width":1024,"height":768},{"@type":"BreadcrumbList","@id":"https:\/\/medicinasinc.com\/es\/product\/comprar-crystal-meth-metanfetamina\/#breadcrumb","itemListElement":[{"@type":"ListItem","position":1,"name":"Tienda","item":"https:\/\/medicinasinc.com\/es\/tienda\/"},{"@type":"ListItem","position":2,"name":"Comprar Crystal Meth (metanfetamina)"}]},{"@type":"WebSite","@id":"https:\/\/medicinasinc.com\/es\/#website","url":"https:\/\/medicinasinc.com\/es\/","name":"Medicinas Inc","description":"Cl\u00ednica M\u00e9dica de Salud","potentialAction":[{"@type":"SearchAction","target":{"@type":"EntryPoint","urlTemplate":"https:\/\/medicinasinc.com\/es\/?s={search_term_string}"},"query-input":{"@type":"PropertyValueSpecification","valueRequired":true,"valueName":"search_term_string"}}],"inLanguage":"es"}]}},"_links":{"self":[{"href":"https:\/\/medicinasinc.com\/es\/wp-json\/wp\/v2\/product\/5471","targetHints":{"allow":["GET"]}}],"collection":[{"href":"https:\/\/medicinasinc.com\/es\/wp-json\/wp\/v2\/product"}],"about":[{"href":"https:\/\/medicinasinc.com\/es\/wp-json\/wp\/v2\/types\/product"}],"replies":[{"embeddable":true,"href":"https:\/\/medicinasinc.com\/es\/wp-json\/wp\/v2\/comments?post=5471"}],"wp:featuredmedia":[{"embeddable":true,"href":"https:\/\/medicinasinc.com\/es\/wp-json\/wp\/v2\/media\/5483"}],"wp:attachment":[{"href":"https:\/\/medicinasinc.com\/es\/wp-json\/wp\/v2\/media?parent=5471"}],"wp:term":[{"taxonomy":"product_brand","embeddable":true,"href":"https:\/\/medicinasinc.com\/es\/wp-json\/wp\/v2\/product_brand?post=5471"},{"taxonomy":"product_cat","embeddable":true,"href":"https:\/\/medicinasinc.com\/es\/wp-json\/wp\/v2\/product_cat?post=5471"},{"taxonomy":"product_tag","embeddable":true,"href":"https:\/\/medicinasinc.com\/es\/wp-json\/wp\/v2\/product_tag?post=5471"}],"curies":[{"name":"wp","href":"https:\/\/api.w.org\/{rel}","templated":true}]}}