{"id":5470,"date":"2022-02-22T00:06:57","date_gmt":"2022-02-22T00:06:57","guid":{"rendered":"https:\/\/medicinasinc.com\/es\/?post_type=product&#038;p=5470"},"modified":"2022-03-22T00:45:45","modified_gmt":"2022-03-22T00:45:45","slug":"comprar-th-pvp-cristal","status":"publish","type":"product","link":"https:\/\/medicinasinc.com\/es\/product\/comprar-th-pvp-cristal\/","title":{"rendered":"Comprar Cristal TH-PVP"},"content":{"rendered":"<p>Compre TH-PVP crystal con descuento en l\u00ednea.<\/p>\n<p>Compre TH-PVP Crystal con descuento en l\u00ednea.<\/p>\n<p>Compre TH-PVP en l\u00ednea de la empresa de transporte de oficinas con mayor reputaci\u00f3n del mundo .<\/p>\n<p>TH-PVP, como PVP, es un energizante. Se sabe poco sobre este producto qu\u00edmico en este sentido, lo que crea una enorme oportunidad para la investigaci\u00f3n.<\/p>\n<p>Somos el mejor proveedor de TH-PVP en China y somos ampliamente considerados como el mejor distribuidor de TH-PVP en Reddit. Si est\u00e1 buscando un vendedor de gangas TH-PVP leg\u00edtimo, no vaya m\u00e1s all\u00e1 de nosotros.<\/p>\n<p>COMPRE TH-PVP EN L\u00cdNEA DESDE NUESTRA TIENDA<\/p>\n<p>Si est\u00e1 buscando un TH -Tienda PVP en la web que le permite comprar de forma segura una gema TH-PVP, Classicarabians es su mejor opci\u00f3n. Tenemos a mano una variedad de diversos sint\u00e9ticos para fines de investigaci\u00f3n, junto con TH-PVP y otros equivalentes de TH-PVP. Nuestra t\u00e9cnica es bastante clara y sencilla para usar la entrada avanzada para obtener gemas TH-PVP en l\u00ednea de forma econ\u00f3mica de fabricantes y proveedores en China.<\/p>\n<p>Si vive en los Estados Unidos de Am\u00e9rica, Canad\u00e1, el Reino Unido, Australia o Europa y necesita un art\u00edculo con urgencia, ofrecemos env\u00edos a todo el mundo. Independientemente, le instamos a que se familiarice con los usos y s\u00edntomas de TH-PVP antes de solicitarlo. Adem\u00e1s, debe tener en cuenta ciertas consecuencias reales asociadas con la compra de gemas TH-PVP en l\u00ednea sin una cura en su estado. Classicarabians es el mayor vendedor de TH-PVP en l\u00ednea, lo que le permite complementar su investigaci\u00f3n l\u00f3gica con los materiales de sustancias m\u00e1s accesibles. Independientemente, le instamos a que se familiarice con los usos y s\u00edntomas de TH-PVP antes de solicitarlo. Adem\u00e1s, debe tener en cuenta ciertas consecuencias reales asociadas con la compra de gemas TH-PVP en l\u00ednea sin una cura en su estado.<\/p>\n<p>Ofrecemos la mayor cantidad y calidad de cosas. Haz un esfuerzo por no desperdiciar tu tiempo. Env\u00ede su solicitud ahora y el art\u00edculo ser\u00e1 entregado en su hogar. Adem\u00e1s, tenemos cera de estrella de la muerte.<\/p>\n","protected":false},"excerpt":{"rendered":"<div class=\"woocommerce-product-details__short-description\">\n<div class=\"char\">ESPECIFICACI\u00d3N<\/div>\n<div class=\"especificaci\u00f3n\">\n<div class=\"sprow\"><span class=\"spname\">Nombre del producto:<\/span><span class=\"sptext\">TH-PVP<\/span><\/div>\n<div class=\"sprow\"><span class=\"spname\">Nombre IUPAC:<\/span> <span class=\"sptext\">2-(pirrolidin-1-il)-1-(5,6,7,8-tetrahidronaftalen-2-il)pentan-1-ona<\/span><\/div>\n<div class=\"sprow\"><span class=\"spname\">Otros nombres:<\/span><span class=\"sptext\">TH-\u03b1-PVP<\/span><\/div>\n<div class=\"sprow\"> <span class=\"spname\">N\u00famero de Cas:<\/span><span class=\"sptext\">583123-2-1<\/span><\/div>\n<div class=\"sprow\"><span class=\"spname \">F\u00f3rmula molecular:<\/span><span class=\"sptext\">C19H27NO<\/span><\/div>\n<div class=\"sprow\"><span class=\"spname\">Efecto:<\/span><span class=\"sptext\">estimulante, psicod\u00e9lico<\/span><\/div>\n<div class=\"sprow\"><span class=\"spname\">Pureza de la sustancia:<\/span><span class=\"sptext\"> 99,9 %<\/span><\/div>\n<div class=\"sprow\"><\/div>\n<\/p><\/div>\n<p><em>Comprar<\/em>\u00a0alta calidad\u00a0<em>TH pvp en line<\/em>\u00a0a precio mayorista China\u00a0<em>TH pvp<\/em>\u00a0proveedor. &#8230; donde puedes\u00a0<em>comprar<\/em>\u00a0th-pvp\u00a0<em>cristal online barato<\/em>\u00a0a\u00a0<em>precios<\/em><\/p>\n<p> de mayorista <\/p>\n<p><em>Comprar TH<\/em> &#8211;<em>PVP<\/em>\u00a0Rock\u00a0<em>Crystal<\/em> de Approved Drug Supplies al mejor precio en Bestglobalmeds.com<\/p>\n<p>Compre TH-PVP Crystal al precio m\u00e1s bajo en l\u00ednea. El env\u00edo mundial est\u00e1 garantizado para ser seguro con nosotros. Rese\u00f1a de th-pvp<\/p>\n<p>\u00bfD\u00f3nde comprar cristal TH-PVP econ\u00f3mico?<\/p>\n<p>Cristales a la venta | Comprar Cristal TH-PVP online | Comprar TH-PVP Polvo de cristal en venta | Comprar polvo de cristal TH-PVP barato | D\u00f3nde comprar polvo de cristal TH-PVP online | Cristal TH-PVP real en l\u00ednea.<\/p>\n<\/p><\/div>\n","protected":false},"featured_media":5481,"comment_status":"open","ping_status":"closed","template":"","meta":[],"product_brand":[],"product_cat":[2014],"product_tag":[2778,2779,2780,2781,2786,2791,2787,2789,2798,2794,2795,2782,2785,2783,2784,2796,2793,2790,2788,2792,2797],"class_list":{"0":"post-5470","1":"product","2":"type-product","3":"status-publish","4":"has-post-thumbnail","6":"product_cat-comprar-investigacion-quimicos","7":"product_tag-buy-th-pvp-rock-crystal","8":"product_tag-buy-th-pvp-rock-crystal-online","9":"product_tag-buy-th-pvp-rock-crystal-stimulants","10":"product_tag-buy-th-pvp-rock-crystal-usa","11":"product_tag-comprado-th-pvp-rock-crystal","12":"product_tag-th-pvp-rock-crystal-online","13":"product_tag-th-pvp-rock-crystal","14":"product_tag-th-pvp-rock-crystal-en-venta","15":"product_tag-donde-comprar-th-pvp-rock-crystal","16":"product_tag-th-pvp-rock-crystal-estimulantes","17":"product_tag-th-pvp-rock-crystal-estimulantes-en-venta","18":"product_tag-mail-th-pvp-rock-crystal","19":"product_tag-orden-th-pvp-rock-crystal-online","20":"product_tag-order-th-pvp-rock-crystal","21":"product_tag-orden-th-pvp-rock-crystal-eu","22":"product_tag-th-pvp-rock-crystal-proveedor","23":"product_tag-th-pvp-rock-crystal-resea","24":"product_tag-th-pvp-rock-crystal-en-venta-es","25":"product_tag-th-pvp-rock-crystal-australia","26":"product_tag-th-pvp-rock-crystal-reddit","27":"product_tag-th-pvp-vendedor-de-cristal-de-roca","29":"first","30":"instock","31":"shipping-taxable","32":"purchasable","33":"product-type-variable","34":"has-default-attributes"},"yoast_head":"<!-- This site is optimized with the Yoast SEO plugin v27.3 - https:\/\/yoast.com\/product\/yoast-seo-wordpress\/ -->\n<title>Comprar cristal de TH-PVP barato en l\u00ednea - Best Global Medicina<\/title>\n<meta name=\"description\" content=\"Comprar cristal TH-PVP barato online. Cristal TH-PVP real en l\u00ednea \u2013 Cristal TH-PVP en venta | Comprar Cristal TH-PVP online | Comprar TH-PVP Polvo de cristal en venta| Comprar polvo de cristal TH-PVP barato | D\u00f3nde comprar polvo de cristal TH-PVP en l\u00ednea.\" \/>\n<meta name=\"robots\" content=\"index, follow, max-snippet:-1, max-image-preview:large, max-video-preview:-1\" \/>\n<link rel=\"canonical\" href=\"https:\/\/medicinasinc.com\/es\/product\/comprar-th-pvp-cristal\/\" \/>\n<meta property=\"og:locale\" content=\"es_ES\" \/>\n<meta property=\"og:type\" content=\"article\" \/>\n<meta property=\"og:title\" content=\"Comprar cristal de TH-PVP barato en l\u00ednea - Best Global Medicina\" \/>\n<meta property=\"og:description\" content=\"Comprar cristal TH-PVP barato online. Cristal TH-PVP real en l\u00ednea \u2013 Cristal TH-PVP en venta | Comprar Cristal TH-PVP online | Comprar TH-PVP Polvo de cristal en venta| Comprar polvo de cristal TH-PVP barato | D\u00f3nde comprar polvo de cristal TH-PVP en l\u00ednea.\" \/>\n<meta property=\"og:url\" content=\"https:\/\/medicinasinc.com\/es\/product\/comprar-th-pvp-cristal\/\" \/>\n<meta property=\"og:site_name\" content=\"Medicinas Inc\" \/>\n<meta property=\"article:modified_time\" content=\"2022-03-22T00:45:45+00:00\" \/>\n<meta property=\"og:image\" content=\"https:\/\/medicinasinc.com\/es\/wp-content\/uploads\/sites\/15\/2022\/02\/buy-cheap-th-pvp-crystal-online.jpg\" \/>\n\t<meta property=\"og:image:width\" content=\"600\" \/>\n\t<meta property=\"og:image:height\" content=\"600\" \/>\n\t<meta property=\"og:image:type\" content=\"image\/jpeg\" \/>\n<meta name=\"twitter:card\" content=\"summary_large_image\" \/>\n<meta name=\"twitter:label1\" content=\"Tiempo de lectura\" \/>\n\t<meta name=\"twitter:data1\" content=\"2 minutos\" \/>\n<script type=\"application\/ld+json\" class=\"yoast-schema-graph\">{\"@context\":\"https:\\\/\\\/schema.org\",\"@graph\":[{\"@type\":\"WebPage\",\"@id\":\"https:\\\/\\\/medicinasinc.com\\\/es\\\/product\\\/comprar-th-pvp-cristal\\\/\",\"url\":\"https:\\\/\\\/medicinasinc.com\\\/es\\\/product\\\/comprar-th-pvp-cristal\\\/\",\"name\":\"Comprar cristal de TH-PVP barato en l\u00ednea - Best Global Medicina\",\"isPartOf\":{\"@id\":\"https:\\\/\\\/medicinasinc.com\\\/es\\\/#website\"},\"primaryImageOfPage\":{\"@id\":\"https:\\\/\\\/medicinasinc.com\\\/es\\\/product\\\/comprar-th-pvp-cristal\\\/#primaryimage\"},\"image\":{\"@id\":\"https:\\\/\\\/medicinasinc.com\\\/es\\\/product\\\/comprar-th-pvp-cristal\\\/#primaryimage\"},\"thumbnailUrl\":\"https:\\\/\\\/medicinasinc.com\\\/es\\\/wp-content\\\/uploads\\\/sites\\\/15\\\/2022\\\/02\\\/buy-cheap-th-pvp-crystal-online.jpg\",\"datePublished\":\"2022-02-22T00:06:57+00:00\",\"dateModified\":\"2022-03-22T00:45:45+00:00\",\"description\":\"Comprar cristal TH-PVP barato online. Cristal TH-PVP real en l\u00ednea \u2013 Cristal TH-PVP en venta | Comprar Cristal TH-PVP online | Comprar TH-PVP Polvo de cristal en venta| Comprar polvo de cristal TH-PVP barato | D\u00f3nde comprar polvo de cristal TH-PVP en l\u00ednea.\",\"breadcrumb\":{\"@id\":\"https:\\\/\\\/medicinasinc.com\\\/es\\\/product\\\/comprar-th-pvp-cristal\\\/#breadcrumb\"},\"inLanguage\":\"es\",\"potentialAction\":[{\"@type\":\"ReadAction\",\"target\":[\"https:\\\/\\\/medicinasinc.com\\\/es\\\/product\\\/comprar-th-pvp-cristal\\\/\"]}]},{\"@type\":\"ImageObject\",\"inLanguage\":\"es\",\"@id\":\"https:\\\/\\\/medicinasinc.com\\\/es\\\/product\\\/comprar-th-pvp-cristal\\\/#primaryimage\",\"url\":\"https:\\\/\\\/medicinasinc.com\\\/es\\\/wp-content\\\/uploads\\\/sites\\\/15\\\/2022\\\/02\\\/buy-cheap-th-pvp-crystal-online.jpg\",\"contentUrl\":\"https:\\\/\\\/medicinasinc.com\\\/es\\\/wp-content\\\/uploads\\\/sites\\\/15\\\/2022\\\/02\\\/buy-cheap-th-pvp-crystal-online.jpg\",\"width\":600,\"height\":600},{\"@type\":\"BreadcrumbList\",\"@id\":\"https:\\\/\\\/medicinasinc.com\\\/es\\\/product\\\/comprar-th-pvp-cristal\\\/#breadcrumb\",\"itemListElement\":[{\"@type\":\"ListItem\",\"position\":1,\"name\":\"Tienda\",\"item\":\"https:\\\/\\\/medicinasinc.com\\\/es\\\/tienda\\\/\"},{\"@type\":\"ListItem\",\"position\":2,\"name\":\"Comprar Cristal TH-PVP\"}]},{\"@type\":\"WebSite\",\"@id\":\"https:\\\/\\\/medicinasinc.com\\\/es\\\/#website\",\"url\":\"https:\\\/\\\/medicinasinc.com\\\/es\\\/\",\"name\":\"Medicinas Inc\",\"description\":\"Cl\u00ednica M\u00e9dica de Salud\",\"potentialAction\":[{\"@type\":\"SearchAction\",\"target\":{\"@type\":\"EntryPoint\",\"urlTemplate\":\"https:\\\/\\\/medicinasinc.com\\\/es\\\/?s={search_term_string}\"},\"query-input\":{\"@type\":\"PropertyValueSpecification\",\"valueRequired\":true,\"valueName\":\"search_term_string\"}}],\"inLanguage\":\"es\"}]}<\/script>\n<!-- \/ Yoast SEO plugin. -->","yoast_head_json":{"title":"Comprar cristal de TH-PVP barato en l\u00ednea - Best Global Medicina","description":"Comprar cristal TH-PVP barato online. Cristal TH-PVP real en l\u00ednea \u2013 Cristal TH-PVP en venta | Comprar Cristal TH-PVP online | Comprar TH-PVP Polvo de cristal en venta| Comprar polvo de cristal TH-PVP barato | D\u00f3nde comprar polvo de cristal TH-PVP en l\u00ednea.","robots":{"index":"index","follow":"follow","max-snippet":"max-snippet:-1","max-image-preview":"max-image-preview:large","max-video-preview":"max-video-preview:-1"},"canonical":"https:\/\/medicinasinc.com\/es\/product\/comprar-th-pvp-cristal\/","og_locale":"es_ES","og_type":"article","og_title":"Comprar cristal de TH-PVP barato en l\u00ednea - Best Global Medicina","og_description":"Comprar cristal TH-PVP barato online. Cristal TH-PVP real en l\u00ednea \u2013 Cristal TH-PVP en venta | Comprar Cristal TH-PVP online | Comprar TH-PVP Polvo de cristal en venta| Comprar polvo de cristal TH-PVP barato | D\u00f3nde comprar polvo de cristal TH-PVP en l\u00ednea.","og_url":"https:\/\/medicinasinc.com\/es\/product\/comprar-th-pvp-cristal\/","og_site_name":"Medicinas Inc","article_modified_time":"2022-03-22T00:45:45+00:00","og_image":[{"width":600,"height":600,"url":"https:\/\/medicinasinc.com\/es\/wp-content\/uploads\/sites\/15\/2022\/02\/buy-cheap-th-pvp-crystal-online.jpg","type":"image\/jpeg"}],"twitter_card":"summary_large_image","twitter_misc":{"Tiempo de lectura":"2 minutos"},"schema":{"@context":"https:\/\/schema.org","@graph":[{"@type":"WebPage","@id":"https:\/\/medicinasinc.com\/es\/product\/comprar-th-pvp-cristal\/","url":"https:\/\/medicinasinc.com\/es\/product\/comprar-th-pvp-cristal\/","name":"Comprar cristal de TH-PVP barato en l\u00ednea - Best Global Medicina","isPartOf":{"@id":"https:\/\/medicinasinc.com\/es\/#website"},"primaryImageOfPage":{"@id":"https:\/\/medicinasinc.com\/es\/product\/comprar-th-pvp-cristal\/#primaryimage"},"image":{"@id":"https:\/\/medicinasinc.com\/es\/product\/comprar-th-pvp-cristal\/#primaryimage"},"thumbnailUrl":"https:\/\/medicinasinc.com\/es\/wp-content\/uploads\/sites\/15\/2022\/02\/buy-cheap-th-pvp-crystal-online.jpg","datePublished":"2022-02-22T00:06:57+00:00","dateModified":"2022-03-22T00:45:45+00:00","description":"Comprar cristal TH-PVP barato online. Cristal TH-PVP real en l\u00ednea \u2013 Cristal TH-PVP en venta | Comprar Cristal TH-PVP online | Comprar TH-PVP Polvo de cristal en venta| Comprar polvo de cristal TH-PVP barato | D\u00f3nde comprar polvo de cristal TH-PVP en l\u00ednea.","breadcrumb":{"@id":"https:\/\/medicinasinc.com\/es\/product\/comprar-th-pvp-cristal\/#breadcrumb"},"inLanguage":"es","potentialAction":[{"@type":"ReadAction","target":["https:\/\/medicinasinc.com\/es\/product\/comprar-th-pvp-cristal\/"]}]},{"@type":"ImageObject","inLanguage":"es","@id":"https:\/\/medicinasinc.com\/es\/product\/comprar-th-pvp-cristal\/#primaryimage","url":"https:\/\/medicinasinc.com\/es\/wp-content\/uploads\/sites\/15\/2022\/02\/buy-cheap-th-pvp-crystal-online.jpg","contentUrl":"https:\/\/medicinasinc.com\/es\/wp-content\/uploads\/sites\/15\/2022\/02\/buy-cheap-th-pvp-crystal-online.jpg","width":600,"height":600},{"@type":"BreadcrumbList","@id":"https:\/\/medicinasinc.com\/es\/product\/comprar-th-pvp-cristal\/#breadcrumb","itemListElement":[{"@type":"ListItem","position":1,"name":"Tienda","item":"https:\/\/medicinasinc.com\/es\/tienda\/"},{"@type":"ListItem","position":2,"name":"Comprar Cristal TH-PVP"}]},{"@type":"WebSite","@id":"https:\/\/medicinasinc.com\/es\/#website","url":"https:\/\/medicinasinc.com\/es\/","name":"Medicinas Inc","description":"Cl\u00ednica M\u00e9dica de Salud","potentialAction":[{"@type":"SearchAction","target":{"@type":"EntryPoint","urlTemplate":"https:\/\/medicinasinc.com\/es\/?s={search_term_string}"},"query-input":{"@type":"PropertyValueSpecification","valueRequired":true,"valueName":"search_term_string"}}],"inLanguage":"es"}]}},"_links":{"self":[{"href":"https:\/\/medicinasinc.com\/es\/wp-json\/wp\/v2\/product\/5470","targetHints":{"allow":["GET"]}}],"collection":[{"href":"https:\/\/medicinasinc.com\/es\/wp-json\/wp\/v2\/product"}],"about":[{"href":"https:\/\/medicinasinc.com\/es\/wp-json\/wp\/v2\/types\/product"}],"replies":[{"embeddable":true,"href":"https:\/\/medicinasinc.com\/es\/wp-json\/wp\/v2\/comments?post=5470"}],"wp:featuredmedia":[{"embeddable":true,"href":"https:\/\/medicinasinc.com\/es\/wp-json\/wp\/v2\/media\/5481"}],"wp:attachment":[{"href":"https:\/\/medicinasinc.com\/es\/wp-json\/wp\/v2\/media?parent=5470"}],"wp:term":[{"taxonomy":"product_brand","embeddable":true,"href":"https:\/\/medicinasinc.com\/es\/wp-json\/wp\/v2\/product_brand?post=5470"},{"taxonomy":"product_cat","embeddable":true,"href":"https:\/\/medicinasinc.com\/es\/wp-json\/wp\/v2\/product_cat?post=5470"},{"taxonomy":"product_tag","embeddable":true,"href":"https:\/\/medicinasinc.com\/es\/wp-json\/wp\/v2\/product_tag?post=5470"}],"curies":[{"name":"wp","href":"https:\/\/api.w.org\/{rel}","templated":true}]}}