{"id":5469,"date":"2022-02-22T00:05:12","date_gmt":"2022-02-22T00:05:12","guid":{"rendered":"https:\/\/medicinasinc.com\/es\/?post_type=product&#038;p=5469"},"modified":"2022-03-22T00:45:58","modified_gmt":"2022-03-22T00:45:58","slug":"comprar-clonazolam-polvo","status":"publish","type":"product","link":"https:\/\/medicinasinc.com\/es\/product\/comprar-clonazolam-polvo\/","title":{"rendered":"Comprar polvo de clonazolam"},"content":{"rendered":"<h1 style=\"font-weight: 600\"><b><strong>Comprar polvo de clonazolam\u00a0<\/strong><\/b><\/h1>\n<p style=\"font-weight: 400\">High Store Clonazolam l\u00edder en Europa Proveedor mayorista de productos qu\u00edmicos<\/p>\n<h2 style=\"font-weight: 600\">Proveedor de la UE en polvo de CLONAZOLAM, Reino Unido<\/h2>\n<ul style=\"font-weight: 400\">\n<li>Rastreado &#8211; Rastreado Asegurado o normal entrega<\/li>\n<li>Transferencia bancaria o detalles de pago de bitcoin al finalizar la compra.<\/li>\n<li>Env\u00edo de lunes a viernes<\/li>\n<li><b><strong>Tenga en cuenta que solo est\u00e1 cubierto por p\u00e9rdida despu\u00e9s de 30 d\u00edas, 1 reenv\u00edo gratuito en un servicio asegurado rastreado. \u00a1Lo sentimos, no hay excepciones!<\/strong><\/b><\/li>\n<\/ul>\n<h3 style=\"font-weight: 600\"><\/h3>\n<h3 style=\"font-weight: 600\"><b><strong>Polvo de clonazolam\u00a0<\/strong><\/b><\/h3>\n<ul style=\"font-weight: 400\">\n<li><b><a href=\"https:\/\/psychonautwiki.org\/wiki\/Sedation\">Sedation<\/a><\/b>\u00a0: el clonazolam tiene el potencial de ser extremadamente sedante y, a menudo, provoca un estado let\u00e1rgico abrumador. En niveles m\u00e1s altos, esto hace que los usuarios se sientan repentinamente como si estuvieran extremadamente privados de sue\u00f1o y no hubieran dormido durante d\u00edas, oblig\u00e1ndolos a sentarse y, en general, sentir que est\u00e1n constantemente a punto de desmayarse en lugar de realizar actividades f\u00edsicas. Esta sensaci\u00f3n de privaci\u00f3n del sue\u00f1o aumenta proporcionalmente a la dosis y eventualmente se vuelve lo suficientemente poderosa como para llevar a una persona a la inconsciencia total.<\/li>\n<li><b><a href=\"https:\/\/psychonautwiki.org\/wiki\/Muscle_relaxation\"> Relajaci\u00f3n muscular<\/a><\/b>\u00a0: este efecto es particularmente fuerte en comparaci\u00f3n con otras benzodiazepinas como\u00a0<a href=\"https:\/\/psychonautwiki.org\/wiki\/Alprazolam\">alprazolam<\/a>.<\/li>\n<li><b><a href=\"https:\/\/psychonautwiki.org\/wiki\/Motor_control_loss\">P\u00e9rdida de control del motor<\/a><\/b><\/li>\n<li><b><a href=\"https:\/\/psychonautwiki.org\/wiki\/Mareos\">Mareos<\/a><\/b><\/li>\n<li><b><a href=\"https:\/\/psychonautwiki.org\/wiki\/Aumento_de_la_libido\">Aumento de la libido<\/a><\/b><\/li>\n<li><b><a href=\"https:\/\/psychonautwiki.org\/wiki\/Respiratory_depression\">Depresi\u00f3n respiratoria<\/a><\/b><\/li>\n<\/ul>\n<p style=\"font-weight: 400\"><b><strong>El clonazolam\u00a0<\/strong><\/b>pertenece a la clase de las benzodiazepinas. Las benzodiazepinas contienen un anillo de benceno fusionado con un anillo de diazepina, que es un anillo de siete miembros que tiene los dos constituyentes de nitr\u00f3geno ubicados en R1 y R4. El anillo bencilo del clonazolam est\u00e1 sustituido en R8 con un grupo nitro NO2-. El anillo de diazepina tambi\u00e9n est\u00e1 unido en R6 a un anillo de fenilo 2-clorado.<\/p>\n<p style=\"font-weight: 400\"><a href=\"https:\/\/www.bestglobalmeds.com\/product\/ research-chemicals\/buy-clonazolam-powder\/\">Clonazolam<\/a> contiene un anillo de triazol 1-metilado fusionado e incorporando R1 y R2 de su anillo de diazepina. El clonazolam pertenece a una clase de benzodiazepinas que contienen este anillo de triazol fusionado, llamadas triazolobenzodiazepinas, que se distinguen por el sufijo -zolam. Otras nitrobenzodiazepinas incluyen clonazepam y flunitrazepam.<\/p>\n<p style=\"font-weight: 400\">6-(2-clorofenil)-1-metil-8-nitro-4H-s-triazolo-(4,3- a)-(1,4)-benzodiazepina<\/p>\n<p>Este producto se vende \u00fanicamente con fines de investigaci\u00f3n y no debe utilizarse para ning\u00fan otro fin, incluidos, entre otros, fines de diagn\u00f3stico in vivo, en alimentos, en medicamentos, dispositivos m\u00e9dicos y\/o cosm\u00e9ticos para humanos y\/o animales.<\/p>\n<p style=\"font-weight: 400\">Antes de realizar el pedido, aseg\u00farese de estar debidamente equipado para la investigaci\u00f3n de productos qu\u00edmicos y que su \u00e1rea de trabajo est\u00e9 bien ventilada.<\/p>\n<p style=\"font-weight: 400\">Debe tener 18 a\u00f1os o m\u00e1s para pedir este producto.<\/p>\n","protected":false},"excerpt":{"rendered":"<div class=\"woocommerce-product-details__short-description\">\n<p>Compre polvo de clonazolam puro de alta calidad en Europa, Reino Unido y UE en l\u00ednea con Bitcoin &#8211; Compre drogas legales en l\u00ednea, compre productos qu\u00edmicos de clonazolam, compre polvos farmac\u00e9uticos sin procesar.<\/p>\n<p>Con Bitcoin, puede comprar en l\u00ednea polvo de clonazolam puro y de alta calidad. Puede comprar medicamentos legales, productos qu\u00edmicos de investigaci\u00f3n y polvos farmac\u00e9uticos crudos en Internet.<\/p>\n<p>Compre Clonazolam para disminuir su ansiedad y sus ataques de p\u00e1nico. Tiene un efecto positivo en su bienestar mental.<\/p>\n<p>\u00bfD\u00f3nde puedo obtener clonazolam en los EE. UU.? Proveedor de clonazolam, entrega r\u00e1pida, gran calidad y capacidad para evitar aduanas f\u00e1cilmente<\/p>\n<p>Compre clonazolam en polvo en Internet. El clonazolam es estructuralmente id\u00e9ntico al clonazepam, con la excepci\u00f3n del anillo de 1,2,4-triazol fusionado con el anillo de benceno. \u00bfPara qu\u00e9 se usa el clonazolam y c\u00f3mo ayuda a las personas? Mientras tanto, Clonazolam est\u00e1 disponible \u00fanicamente con fines de investigaci\u00f3n y no para el consumo humano.<\/p>\n<\/p><\/div>\n","protected":false},"featured_media":5479,"comment_status":"open","ping_status":"closed","template":"","meta":[],"product_brand":[],"product_cat":[2014],"product_tag":[2748,2750,2751,2752,2753,2755,2758,2759,2764,2765,2766,2769,2770,2771,2749,2756,2754,2767,2775,2776,2777,2772,2762,2774,2761,2760,2773,2763,2757,2768],"class_list":{"0":"post-5469","1":"product","2":"type-product","3":"status-publish","4":"has-post-thumbnail","6":"product_cat-comprar-investigacion-quimicos","7":"product_tag-buy-cheap-clonazolam-powder-online","8":"product_tag-buy-clonazolam","9":"product_tag-buy-clonazolam-online","10":"product_tag-buy-clonazolam-powder","11":"product_tag-buy-clonazolam-powder-online","12":"product_tag-clonazolam","13":"product_tag-clonazolam-powder","14":"product_tag-clonazolam-powder-education","15":"product_tag-clonazolam-price","16":"product_tag-clonazolam-research","17":"product_tag-clonitrazolam-powder-best-price-online","18":"product_tag-como-consumir-clonazolam-polvo","19":"product_tag-cmo-conseguir-clonazolam-puro-en-polvo-online","20":"product_tag-cmo-pedir-clonazolam-polvo-online","21":"product_tag-comprar-clon-almeja-en-polvo","22":"product_tag-clonazolam-comprar","23":"product_tag-comprar-clonazolam-puro-en-polvo-online","24":"product_tag-crystalline-clonazolam-powder","25":"product_tag-donde-comprar-clonazolam-polvo","26":"product_tag-donde-comprar-clonazolam-polvo-online","27":"product_tag-donde-comprar-clonitrazolam-polvo-online","28":"product_tag-solicitud-c-lam-trott-2019-pulpo","29":"product_tag-clonazolam-polvo-online","30":"product_tag-calidad-clonazolam-polvo","31":"product_tag-clonazolam-polvo-en-canada","32":"product_tag-clonazolam-pulpo-i","33":"product_tag-puro-clonazolam-polvo","34":"product_tag-clonazolam-polvo-precio","35":"product_tag-clonazolam-para-la-venta","36":"product_tag-eclonazolam-polvo-para-la-venta","38":"first","39":"instock","40":"shipping-taxable","41":"purchasable","42":"product-type-variable","43":"has-default-attributes"},"yoast_head":"<!-- This site is optimized with the Yoast SEO plugin v27.3 - https:\/\/yoast.com\/product\/yoast-seo-wordpress\/ -->\n<title>Comprar Clonazolam en polvo - Clonazolam en polvo - Best Best Global Meds<\/title>\n<meta name=\"description\" content=\"Compre polvo de clonazolam puro de alta calidad en Europa, Reino Unido, UE en l\u00ednea con Bitcoin: compre medicamentos legales en l\u00ednea, compre productos qu\u00edmicos de clonazolam, compre polvos farmac\u00e9uticos sin procesar.\" \/>\n<meta name=\"robots\" content=\"index, follow, max-snippet:-1, max-image-preview:large, max-video-preview:-1\" \/>\n<link rel=\"canonical\" href=\"https:\/\/medicinasinc.com\/es\/product\/comprar-clonazolam-polvo\/\" \/>\n<meta property=\"og:locale\" content=\"es_ES\" \/>\n<meta property=\"og:type\" content=\"article\" \/>\n<meta property=\"og:title\" content=\"Comprar Clonazolam en polvo - Clonazolam en polvo - Best Best Global Meds\" \/>\n<meta property=\"og:description\" content=\"Compre polvo de clonazolam puro de alta calidad en Europa, Reino Unido, UE en l\u00ednea con Bitcoin: compre medicamentos legales en l\u00ednea, compre productos qu\u00edmicos de clonazolam, compre polvos farmac\u00e9uticos sin procesar.\" \/>\n<meta property=\"og:url\" content=\"https:\/\/medicinasinc.com\/es\/product\/comprar-clonazolam-polvo\/\" \/>\n<meta property=\"og:site_name\" content=\"Medicinas Inc\" \/>\n<meta property=\"article:modified_time\" content=\"2022-03-22T00:45:58+00:00\" \/>\n<meta property=\"og:image\" content=\"https:\/\/medicinasinc.com\/es\/wp-content\/uploads\/sites\/15\/2022\/02\/Buy-Clonazolam-Powder.jpeg\" \/>\n\t<meta property=\"og:image:width\" content=\"566\" \/>\n\t<meta property=\"og:image:height\" content=\"600\" \/>\n\t<meta property=\"og:image:type\" content=\"image\/jpeg\" \/>\n<meta name=\"twitter:card\" content=\"summary_large_image\" \/>\n<meta name=\"twitter:label1\" content=\"Tiempo de lectura\" \/>\n\t<meta name=\"twitter:data1\" content=\"2 minutos\" \/>\n<script type=\"application\/ld+json\" class=\"yoast-schema-graph\">{\"@context\":\"https:\\\/\\\/schema.org\",\"@graph\":[{\"@type\":\"WebPage\",\"@id\":\"https:\\\/\\\/medicinasinc.com\\\/es\\\/product\\\/comprar-clonazolam-polvo\\\/\",\"url\":\"https:\\\/\\\/medicinasinc.com\\\/es\\\/product\\\/comprar-clonazolam-polvo\\\/\",\"name\":\"Comprar Clonazolam en polvo - Clonazolam en polvo - Best Best Global Meds\",\"isPartOf\":{\"@id\":\"https:\\\/\\\/medicinasinc.com\\\/es\\\/#website\"},\"primaryImageOfPage\":{\"@id\":\"https:\\\/\\\/medicinasinc.com\\\/es\\\/product\\\/comprar-clonazolam-polvo\\\/#primaryimage\"},\"image\":{\"@id\":\"https:\\\/\\\/medicinasinc.com\\\/es\\\/product\\\/comprar-clonazolam-polvo\\\/#primaryimage\"},\"thumbnailUrl\":\"https:\\\/\\\/medicinasinc.com\\\/es\\\/wp-content\\\/uploads\\\/sites\\\/15\\\/2022\\\/02\\\/Buy-Clonazolam-Powder.jpeg\",\"datePublished\":\"2022-02-22T00:05:12+00:00\",\"dateModified\":\"2022-03-22T00:45:58+00:00\",\"description\":\"Compre polvo de clonazolam puro de alta calidad en Europa, Reino Unido, UE en l\u00ednea con Bitcoin: compre medicamentos legales en l\u00ednea, compre productos qu\u00edmicos de clonazolam, compre polvos farmac\u00e9uticos sin procesar.\",\"breadcrumb\":{\"@id\":\"https:\\\/\\\/medicinasinc.com\\\/es\\\/product\\\/comprar-clonazolam-polvo\\\/#breadcrumb\"},\"inLanguage\":\"es\",\"potentialAction\":[{\"@type\":\"ReadAction\",\"target\":[\"https:\\\/\\\/medicinasinc.com\\\/es\\\/product\\\/comprar-clonazolam-polvo\\\/\"]}]},{\"@type\":\"ImageObject\",\"inLanguage\":\"es\",\"@id\":\"https:\\\/\\\/medicinasinc.com\\\/es\\\/product\\\/comprar-clonazolam-polvo\\\/#primaryimage\",\"url\":\"https:\\\/\\\/medicinasinc.com\\\/es\\\/wp-content\\\/uploads\\\/sites\\\/15\\\/2022\\\/02\\\/Buy-Clonazolam-Powder.jpeg\",\"contentUrl\":\"https:\\\/\\\/medicinasinc.com\\\/es\\\/wp-content\\\/uploads\\\/sites\\\/15\\\/2022\\\/02\\\/Buy-Clonazolam-Powder.jpeg\",\"width\":566,\"height\":600},{\"@type\":\"BreadcrumbList\",\"@id\":\"https:\\\/\\\/medicinasinc.com\\\/es\\\/product\\\/comprar-clonazolam-polvo\\\/#breadcrumb\",\"itemListElement\":[{\"@type\":\"ListItem\",\"position\":1,\"name\":\"Tienda\",\"item\":\"https:\\\/\\\/medicinasinc.com\\\/es\\\/tienda\\\/\"},{\"@type\":\"ListItem\",\"position\":2,\"name\":\"Comprar polvo de clonazolam\"}]},{\"@type\":\"WebSite\",\"@id\":\"https:\\\/\\\/medicinasinc.com\\\/es\\\/#website\",\"url\":\"https:\\\/\\\/medicinasinc.com\\\/es\\\/\",\"name\":\"Medicinas Inc\",\"description\":\"Cl\u00ednica M\u00e9dica de Salud\",\"potentialAction\":[{\"@type\":\"SearchAction\",\"target\":{\"@type\":\"EntryPoint\",\"urlTemplate\":\"https:\\\/\\\/medicinasinc.com\\\/es\\\/?s={search_term_string}\"},\"query-input\":{\"@type\":\"PropertyValueSpecification\",\"valueRequired\":true,\"valueName\":\"search_term_string\"}}],\"inLanguage\":\"es\"}]}<\/script>\n<!-- \/ Yoast SEO plugin. -->","yoast_head_json":{"title":"Comprar Clonazolam en polvo - Clonazolam en polvo - Best Best Global Meds","description":"Compre polvo de clonazolam puro de alta calidad en Europa, Reino Unido, UE en l\u00ednea con Bitcoin: compre medicamentos legales en l\u00ednea, compre productos qu\u00edmicos de clonazolam, compre polvos farmac\u00e9uticos sin procesar.","robots":{"index":"index","follow":"follow","max-snippet":"max-snippet:-1","max-image-preview":"max-image-preview:large","max-video-preview":"max-video-preview:-1"},"canonical":"https:\/\/medicinasinc.com\/es\/product\/comprar-clonazolam-polvo\/","og_locale":"es_ES","og_type":"article","og_title":"Comprar Clonazolam en polvo - Clonazolam en polvo - Best Best Global Meds","og_description":"Compre polvo de clonazolam puro de alta calidad en Europa, Reino Unido, UE en l\u00ednea con Bitcoin: compre medicamentos legales en l\u00ednea, compre productos qu\u00edmicos de clonazolam, compre polvos farmac\u00e9uticos sin procesar.","og_url":"https:\/\/medicinasinc.com\/es\/product\/comprar-clonazolam-polvo\/","og_site_name":"Medicinas Inc","article_modified_time":"2022-03-22T00:45:58+00:00","og_image":[{"width":566,"height":600,"url":"https:\/\/medicinasinc.com\/es\/wp-content\/uploads\/sites\/15\/2022\/02\/Buy-Clonazolam-Powder.jpeg","type":"image\/jpeg"}],"twitter_card":"summary_large_image","twitter_misc":{"Tiempo de lectura":"2 minutos"},"schema":{"@context":"https:\/\/schema.org","@graph":[{"@type":"WebPage","@id":"https:\/\/medicinasinc.com\/es\/product\/comprar-clonazolam-polvo\/","url":"https:\/\/medicinasinc.com\/es\/product\/comprar-clonazolam-polvo\/","name":"Comprar Clonazolam en polvo - Clonazolam en polvo - Best Best Global Meds","isPartOf":{"@id":"https:\/\/medicinasinc.com\/es\/#website"},"primaryImageOfPage":{"@id":"https:\/\/medicinasinc.com\/es\/product\/comprar-clonazolam-polvo\/#primaryimage"},"image":{"@id":"https:\/\/medicinasinc.com\/es\/product\/comprar-clonazolam-polvo\/#primaryimage"},"thumbnailUrl":"https:\/\/medicinasinc.com\/es\/wp-content\/uploads\/sites\/15\/2022\/02\/Buy-Clonazolam-Powder.jpeg","datePublished":"2022-02-22T00:05:12+00:00","dateModified":"2022-03-22T00:45:58+00:00","description":"Compre polvo de clonazolam puro de alta calidad en Europa, Reino Unido, UE en l\u00ednea con Bitcoin: compre medicamentos legales en l\u00ednea, compre productos qu\u00edmicos de clonazolam, compre polvos farmac\u00e9uticos sin procesar.","breadcrumb":{"@id":"https:\/\/medicinasinc.com\/es\/product\/comprar-clonazolam-polvo\/#breadcrumb"},"inLanguage":"es","potentialAction":[{"@type":"ReadAction","target":["https:\/\/medicinasinc.com\/es\/product\/comprar-clonazolam-polvo\/"]}]},{"@type":"ImageObject","inLanguage":"es","@id":"https:\/\/medicinasinc.com\/es\/product\/comprar-clonazolam-polvo\/#primaryimage","url":"https:\/\/medicinasinc.com\/es\/wp-content\/uploads\/sites\/15\/2022\/02\/Buy-Clonazolam-Powder.jpeg","contentUrl":"https:\/\/medicinasinc.com\/es\/wp-content\/uploads\/sites\/15\/2022\/02\/Buy-Clonazolam-Powder.jpeg","width":566,"height":600},{"@type":"BreadcrumbList","@id":"https:\/\/medicinasinc.com\/es\/product\/comprar-clonazolam-polvo\/#breadcrumb","itemListElement":[{"@type":"ListItem","position":1,"name":"Tienda","item":"https:\/\/medicinasinc.com\/es\/tienda\/"},{"@type":"ListItem","position":2,"name":"Comprar polvo de clonazolam"}]},{"@type":"WebSite","@id":"https:\/\/medicinasinc.com\/es\/#website","url":"https:\/\/medicinasinc.com\/es\/","name":"Medicinas Inc","description":"Cl\u00ednica M\u00e9dica de Salud","potentialAction":[{"@type":"SearchAction","target":{"@type":"EntryPoint","urlTemplate":"https:\/\/medicinasinc.com\/es\/?s={search_term_string}"},"query-input":{"@type":"PropertyValueSpecification","valueRequired":true,"valueName":"search_term_string"}}],"inLanguage":"es"}]}},"_links":{"self":[{"href":"https:\/\/medicinasinc.com\/es\/wp-json\/wp\/v2\/product\/5469","targetHints":{"allow":["GET"]}}],"collection":[{"href":"https:\/\/medicinasinc.com\/es\/wp-json\/wp\/v2\/product"}],"about":[{"href":"https:\/\/medicinasinc.com\/es\/wp-json\/wp\/v2\/types\/product"}],"replies":[{"embeddable":true,"href":"https:\/\/medicinasinc.com\/es\/wp-json\/wp\/v2\/comments?post=5469"}],"wp:featuredmedia":[{"embeddable":true,"href":"https:\/\/medicinasinc.com\/es\/wp-json\/wp\/v2\/media\/5479"}],"wp:attachment":[{"href":"https:\/\/medicinasinc.com\/es\/wp-json\/wp\/v2\/media?parent=5469"}],"wp:term":[{"taxonomy":"product_brand","embeddable":true,"href":"https:\/\/medicinasinc.com\/es\/wp-json\/wp\/v2\/product_brand?post=5469"},{"taxonomy":"product_cat","embeddable":true,"href":"https:\/\/medicinasinc.com\/es\/wp-json\/wp\/v2\/product_cat?post=5469"},{"taxonomy":"product_tag","embeddable":true,"href":"https:\/\/medicinasinc.com\/es\/wp-json\/wp\/v2\/product_tag?post=5469"}],"curies":[{"name":"wp","href":"https:\/\/api.w.org\/{rel}","templated":true}]}}