{"id":5468,"date":"2022-02-22T00:04:03","date_gmt":"2022-02-22T00:04:03","guid":{"rendered":"https:\/\/medicinasinc.com\/es\/?post_type=product&#038;p=5468"},"modified":"2022-03-22T00:46:08","modified_gmt":"2022-03-22T00:46:08","slug":"comprar-4-cl-pvp-cristales","status":"publish","type":"product","link":"https:\/\/medicinasinc.com\/es\/product\/comprar-4-cl-pvp-cristales\/","title":{"rendered":"Comprar Cristales 4-CL-PVP"},"content":{"rendered":"<p>\u00bfQu\u00e9 es exactamente 4-CL-PVP?<\/p>\n<p>El equivalente cristalino de a-PVP es 4-CL-PVP. Es un estimulante cl\u00e1sico. Las investigaciones de investigaci\u00f3n de 4-CL-PVP frecuentemente producen resultados de locuacidad, mayor estado de alerta, mayor energ\u00eda y otros efectos estimulantes. Los PVP de los efectos 4-CL a menudo duran menos de tres horas. Adem\u00e1s, se ha informado que la sustancia genera efectos euf\u00f3ricos leves a severos. Los investigadores que buscan un sustituto para a-PVP encontrar\u00e1n que 4-CL-PVP es un sustituto aceptable. 4-CL-PVP es un inhibidor de la recaptaci\u00f3n de norepinefrina y dopamina. Este hecho contribuye significativamente a las propiedades estimulantes de este qu\u00edmico.<\/p>\n<p>\u00bfD\u00f3nde puedo comprar 4-CL-PVP?<\/p>\n<p>Chemical Planet vende 4-CL-PVP de muy alta calidad. Por lo general, nuestro 4-CL-PVP se suministra en forma de cristal. Si no ve el formulario que est\u00e1 buscando, cont\u00e1ctenos para saber cu\u00e1ndo estar\u00e1 disponible nuevamente.<\/p>\n<p>Si desea comprar 4-Cl-PVP de Chemical Planet, debe estar en menos de 18 a\u00f1os y que cumpla con todas las leyes locales sobre productos qu\u00edmicos de investigaci\u00f3n. Nuestros compuestos est\u00e1n destinados \u00fanicamente para uso en investigaci\u00f3n y no para consumo humano o animal.<\/p>\n<p>&nbsp;<\/p>\n<p>Legalidad de 4-CL-PVP<\/p>\n<p>La mayor\u00eda de pa\u00edses de todo el mundo se han abstenido de declarar el 4-CL-PVP como una sustancia qu\u00edmica prohibida. Esto significa que no est\u00e1 planificado en la mayor\u00eda de los lugares. Si necesita informaci\u00f3n adicional sobre el estado legal de 4-CL-PVP, comun\u00edquese con las autoridades federales.<\/p>\n<p>Almacene siempre en un lugar fresco y seco para garantizar la mayor vida \u00fatil posible. Este producto est\u00e1 destinado \u00fanicamente para fines forenses y de investigaci\u00f3n. Como tal, NO est\u00e1 destinado al consumo humano ni a ning\u00fan tipo de experimentaci\u00f3n in vivo en animales ni en ning\u00fan otro ser vivo.<\/p>\n","protected":false},"excerpt":{"rendered":"<p>Cristales de 4-CL-PVP a la venta en el Reino Unido, Europa y la Uni\u00f3n Europea. Compra cristales 4-CL-PVP online al mejor precio, con env\u00edo gratis disponible a todo el mundo.<\/p>\n<p>A la venta cristales 4-CL-PVP.<\/p>\n<p>Compra cristales 4-CL-PVP en l\u00ednea al mejor precio, con env\u00edo gratuito disponible en todo el mundo.<\/p>\n<p>Compre 4-CL-PVP Crystals con descuento en l\u00ednea.<\/p>\n<p>4-CL-PVP Crystal es un nuevo estimulante y contraparte del ampliamente popular a-PVP.<\/p>\n","protected":false},"featured_media":5477,"comment_status":"open","ping_status":"closed","template":"","meta":[],"product_brand":[],"product_cat":[2014],"product_tag":[2738,2740,2741,2743,2746,2744,2745,2747,2739,2742],"class_list":{"0":"post-5468","1":"product","2":"type-product","3":"status-publish","4":"has-post-thumbnail","6":"product_cat-comprar-investigacion-quimicos","7":"product_tag-4-cl-pvp-cristales-en-venta","8":"product_tag-4-cl-pvp-europe","9":"product_tag-4-cl-pvp-for-sale","10":"product_tag-4-cl-pvp-reddit","11":"product_tag-buy-4-cl-pvp-crystals-online","12":"product_tag-comprar-4-cl-pvp","13":"product_tag-comprar-4-cl-pvp-crystal-online","14":"product_tag-donde-comprar-4-cl-pvp-cristales-online","15":"product_tag-4-cl-pvp-efecto","16":"product_tag-4-cl-pvp-orden","18":"first","19":"instock","20":"shipping-taxable","21":"purchasable","22":"product-type-variable","23":"has-default-attributes"},"yoast_head":"<!-- This site is optimized with the Yoast SEO plugin v27.3 - https:\/\/yoast.com\/product\/yoast-seo-wordpress\/ -->\n<title>Comprar cristales 4-CL-PVP - Cristales 4-CL-PVP - Best Global Meds<\/title>\n<meta name=\"description\" content=\"Compre cristales 4-CL-PVP para la venta Reino Unido, Europa, UE. Compre cristales 4-CL-PVP\u00a0en l\u00ednea, env\u00edo gratuito de alta calidad disponible en todo el mundo, m\u00e1s barato que nunca, el mejor precio para ordenar.\" \/>\n<meta name=\"robots\" content=\"index, follow, max-snippet:-1, max-image-preview:large, max-video-preview:-1\" \/>\n<link rel=\"canonical\" href=\"https:\/\/medicinasinc.com\/es\/product\/comprar-4-cl-pvp-cristales\/\" \/>\n<meta property=\"og:locale\" content=\"es_ES\" \/>\n<meta property=\"og:type\" content=\"article\" \/>\n<meta property=\"og:title\" content=\"Comprar cristales 4-CL-PVP - Cristales 4-CL-PVP - Best Global Meds\" \/>\n<meta property=\"og:description\" content=\"Compre cristales 4-CL-PVP para la venta Reino Unido, Europa, UE. Compre cristales 4-CL-PVP\u00a0en l\u00ednea, env\u00edo gratuito de alta calidad disponible en todo el mundo, m\u00e1s barato que nunca, el mejor precio para ordenar.\" \/>\n<meta property=\"og:url\" content=\"https:\/\/medicinasinc.com\/es\/product\/comprar-4-cl-pvp-cristales\/\" \/>\n<meta property=\"og:site_name\" content=\"Medicinas Inc\" \/>\n<meta property=\"article:modified_time\" content=\"2022-03-22T00:46:08+00:00\" \/>\n<meta property=\"og:image\" content=\"https:\/\/medicinasinc.com\/es\/wp-content\/uploads\/sites\/15\/2022\/02\/Buy-4-CL-PVP-Crystals.jpg\" \/>\n\t<meta property=\"og:image:width\" content=\"275\" \/>\n\t<meta property=\"og:image:height\" content=\"183\" \/>\n\t<meta property=\"og:image:type\" content=\"image\/jpeg\" \/>\n<meta name=\"twitter:card\" content=\"summary_large_image\" \/>\n<meta name=\"twitter:label1\" content=\"Tiempo de lectura\" \/>\n\t<meta name=\"twitter:data1\" content=\"2 minutos\" \/>\n<script type=\"application\/ld+json\" class=\"yoast-schema-graph\">{\"@context\":\"https:\\\/\\\/schema.org\",\"@graph\":[{\"@type\":\"WebPage\",\"@id\":\"https:\\\/\\\/medicinasinc.com\\\/es\\\/product\\\/comprar-4-cl-pvp-cristales\\\/\",\"url\":\"https:\\\/\\\/medicinasinc.com\\\/es\\\/product\\\/comprar-4-cl-pvp-cristales\\\/\",\"name\":\"Comprar cristales 4-CL-PVP - Cristales 4-CL-PVP - Best Global Meds\",\"isPartOf\":{\"@id\":\"https:\\\/\\\/medicinasinc.com\\\/es\\\/#website\"},\"primaryImageOfPage\":{\"@id\":\"https:\\\/\\\/medicinasinc.com\\\/es\\\/product\\\/comprar-4-cl-pvp-cristales\\\/#primaryimage\"},\"image\":{\"@id\":\"https:\\\/\\\/medicinasinc.com\\\/es\\\/product\\\/comprar-4-cl-pvp-cristales\\\/#primaryimage\"},\"thumbnailUrl\":\"https:\\\/\\\/medicinasinc.com\\\/es\\\/wp-content\\\/uploads\\\/sites\\\/15\\\/2022\\\/02\\\/Buy-4-CL-PVP-Crystals.jpg\",\"datePublished\":\"2022-02-22T00:04:03+00:00\",\"dateModified\":\"2022-03-22T00:46:08+00:00\",\"description\":\"Compre cristales 4-CL-PVP para la venta Reino Unido, Europa, UE. Compre cristales 4-CL-PVP\u00a0en l\u00ednea, env\u00edo gratuito de alta calidad disponible en todo el mundo, m\u00e1s barato que nunca, el mejor precio para ordenar.\",\"breadcrumb\":{\"@id\":\"https:\\\/\\\/medicinasinc.com\\\/es\\\/product\\\/comprar-4-cl-pvp-cristales\\\/#breadcrumb\"},\"inLanguage\":\"es\",\"potentialAction\":[{\"@type\":\"ReadAction\",\"target\":[\"https:\\\/\\\/medicinasinc.com\\\/es\\\/product\\\/comprar-4-cl-pvp-cristales\\\/\"]}]},{\"@type\":\"ImageObject\",\"inLanguage\":\"es\",\"@id\":\"https:\\\/\\\/medicinasinc.com\\\/es\\\/product\\\/comprar-4-cl-pvp-cristales\\\/#primaryimage\",\"url\":\"https:\\\/\\\/medicinasinc.com\\\/es\\\/wp-content\\\/uploads\\\/sites\\\/15\\\/2022\\\/02\\\/Buy-4-CL-PVP-Crystals.jpg\",\"contentUrl\":\"https:\\\/\\\/medicinasinc.com\\\/es\\\/wp-content\\\/uploads\\\/sites\\\/15\\\/2022\\\/02\\\/Buy-4-CL-PVP-Crystals.jpg\",\"width\":275,\"height\":183},{\"@type\":\"BreadcrumbList\",\"@id\":\"https:\\\/\\\/medicinasinc.com\\\/es\\\/product\\\/comprar-4-cl-pvp-cristales\\\/#breadcrumb\",\"itemListElement\":[{\"@type\":\"ListItem\",\"position\":1,\"name\":\"Tienda\",\"item\":\"https:\\\/\\\/medicinasinc.com\\\/es\\\/tienda\\\/\"},{\"@type\":\"ListItem\",\"position\":2,\"name\":\"Comprar Cristales 4-CL-PVP\"}]},{\"@type\":\"WebSite\",\"@id\":\"https:\\\/\\\/medicinasinc.com\\\/es\\\/#website\",\"url\":\"https:\\\/\\\/medicinasinc.com\\\/es\\\/\",\"name\":\"Medicinas Inc\",\"description\":\"Cl\u00ednica M\u00e9dica de Salud\",\"potentialAction\":[{\"@type\":\"SearchAction\",\"target\":{\"@type\":\"EntryPoint\",\"urlTemplate\":\"https:\\\/\\\/medicinasinc.com\\\/es\\\/?s={search_term_string}\"},\"query-input\":{\"@type\":\"PropertyValueSpecification\",\"valueRequired\":true,\"valueName\":\"search_term_string\"}}],\"inLanguage\":\"es\"}]}<\/script>\n<!-- \/ Yoast SEO plugin. -->","yoast_head_json":{"title":"Comprar cristales 4-CL-PVP - Cristales 4-CL-PVP - Best Global Meds","description":"Compre cristales 4-CL-PVP para la venta Reino Unido, Europa, UE. Compre cristales 4-CL-PVP\u00a0en l\u00ednea, env\u00edo gratuito de alta calidad disponible en todo el mundo, m\u00e1s barato que nunca, el mejor precio para ordenar.","robots":{"index":"index","follow":"follow","max-snippet":"max-snippet:-1","max-image-preview":"max-image-preview:large","max-video-preview":"max-video-preview:-1"},"canonical":"https:\/\/medicinasinc.com\/es\/product\/comprar-4-cl-pvp-cristales\/","og_locale":"es_ES","og_type":"article","og_title":"Comprar cristales 4-CL-PVP - Cristales 4-CL-PVP - Best Global Meds","og_description":"Compre cristales 4-CL-PVP para la venta Reino Unido, Europa, UE. Compre cristales 4-CL-PVP\u00a0en l\u00ednea, env\u00edo gratuito de alta calidad disponible en todo el mundo, m\u00e1s barato que nunca, el mejor precio para ordenar.","og_url":"https:\/\/medicinasinc.com\/es\/product\/comprar-4-cl-pvp-cristales\/","og_site_name":"Medicinas Inc","article_modified_time":"2022-03-22T00:46:08+00:00","og_image":[{"width":275,"height":183,"url":"https:\/\/medicinasinc.com\/es\/wp-content\/uploads\/sites\/15\/2022\/02\/Buy-4-CL-PVP-Crystals.jpg","type":"image\/jpeg"}],"twitter_card":"summary_large_image","twitter_misc":{"Tiempo de lectura":"2 minutos"},"schema":{"@context":"https:\/\/schema.org","@graph":[{"@type":"WebPage","@id":"https:\/\/medicinasinc.com\/es\/product\/comprar-4-cl-pvp-cristales\/","url":"https:\/\/medicinasinc.com\/es\/product\/comprar-4-cl-pvp-cristales\/","name":"Comprar cristales 4-CL-PVP - Cristales 4-CL-PVP - Best Global Meds","isPartOf":{"@id":"https:\/\/medicinasinc.com\/es\/#website"},"primaryImageOfPage":{"@id":"https:\/\/medicinasinc.com\/es\/product\/comprar-4-cl-pvp-cristales\/#primaryimage"},"image":{"@id":"https:\/\/medicinasinc.com\/es\/product\/comprar-4-cl-pvp-cristales\/#primaryimage"},"thumbnailUrl":"https:\/\/medicinasinc.com\/es\/wp-content\/uploads\/sites\/15\/2022\/02\/Buy-4-CL-PVP-Crystals.jpg","datePublished":"2022-02-22T00:04:03+00:00","dateModified":"2022-03-22T00:46:08+00:00","description":"Compre cristales 4-CL-PVP para la venta Reino Unido, Europa, UE. Compre cristales 4-CL-PVP\u00a0en l\u00ednea, env\u00edo gratuito de alta calidad disponible en todo el mundo, m\u00e1s barato que nunca, el mejor precio para ordenar.","breadcrumb":{"@id":"https:\/\/medicinasinc.com\/es\/product\/comprar-4-cl-pvp-cristales\/#breadcrumb"},"inLanguage":"es","potentialAction":[{"@type":"ReadAction","target":["https:\/\/medicinasinc.com\/es\/product\/comprar-4-cl-pvp-cristales\/"]}]},{"@type":"ImageObject","inLanguage":"es","@id":"https:\/\/medicinasinc.com\/es\/product\/comprar-4-cl-pvp-cristales\/#primaryimage","url":"https:\/\/medicinasinc.com\/es\/wp-content\/uploads\/sites\/15\/2022\/02\/Buy-4-CL-PVP-Crystals.jpg","contentUrl":"https:\/\/medicinasinc.com\/es\/wp-content\/uploads\/sites\/15\/2022\/02\/Buy-4-CL-PVP-Crystals.jpg","width":275,"height":183},{"@type":"BreadcrumbList","@id":"https:\/\/medicinasinc.com\/es\/product\/comprar-4-cl-pvp-cristales\/#breadcrumb","itemListElement":[{"@type":"ListItem","position":1,"name":"Tienda","item":"https:\/\/medicinasinc.com\/es\/tienda\/"},{"@type":"ListItem","position":2,"name":"Comprar Cristales 4-CL-PVP"}]},{"@type":"WebSite","@id":"https:\/\/medicinasinc.com\/es\/#website","url":"https:\/\/medicinasinc.com\/es\/","name":"Medicinas Inc","description":"Cl\u00ednica M\u00e9dica de Salud","potentialAction":[{"@type":"SearchAction","target":{"@type":"EntryPoint","urlTemplate":"https:\/\/medicinasinc.com\/es\/?s={search_term_string}"},"query-input":{"@type":"PropertyValueSpecification","valueRequired":true,"valueName":"search_term_string"}}],"inLanguage":"es"}]}},"_links":{"self":[{"href":"https:\/\/medicinasinc.com\/es\/wp-json\/wp\/v2\/product\/5468","targetHints":{"allow":["GET"]}}],"collection":[{"href":"https:\/\/medicinasinc.com\/es\/wp-json\/wp\/v2\/product"}],"about":[{"href":"https:\/\/medicinasinc.com\/es\/wp-json\/wp\/v2\/types\/product"}],"replies":[{"embeddable":true,"href":"https:\/\/medicinasinc.com\/es\/wp-json\/wp\/v2\/comments?post=5468"}],"wp:featuredmedia":[{"embeddable":true,"href":"https:\/\/medicinasinc.com\/es\/wp-json\/wp\/v2\/media\/5477"}],"wp:attachment":[{"href":"https:\/\/medicinasinc.com\/es\/wp-json\/wp\/v2\/media?parent=5468"}],"wp:term":[{"taxonomy":"product_brand","embeddable":true,"href":"https:\/\/medicinasinc.com\/es\/wp-json\/wp\/v2\/product_brand?post=5468"},{"taxonomy":"product_cat","embeddable":true,"href":"https:\/\/medicinasinc.com\/es\/wp-json\/wp\/v2\/product_cat?post=5468"},{"taxonomy":"product_tag","embeddable":true,"href":"https:\/\/medicinasinc.com\/es\/wp-json\/wp\/v2\/product_tag?post=5468"}],"curies":[{"name":"wp","href":"https:\/\/api.w.org\/{rel}","templated":true}]}}