{"id":5443,"date":"2022-02-21T23:37:16","date_gmt":"2022-02-21T23:37:16","guid":{"rendered":"https:\/\/medicinasinc.com\/es\/?post_type=product&#038;p=5443"},"modified":"2022-03-22T00:46:19","modified_gmt":"2022-03-22T00:46:19","slug":"comprar-bufedrona-en-polvo","status":"publish","type":"product","link":"https:\/\/medicinasinc.com\/es\/product\/comprar-bufedrona-en-polvo\/","title":{"rendered":"Comprar Bufedrona en polvo"},"content":{"rendered":"<p>Comprar bufedrona en polvo<\/p>\n<p>Explore nuestro cat\u00e1logo en l\u00ednea Comprar bufedrona en polvo o cristal. Ofrecemos productos de alta calidad a precios razonables. Los pedidos con un \u00absubtotal\u00bb de al menos 10 g recibir\u00e1n un 25 % de descuento.<\/p>\n<p>\u00bfQu\u00e9 es exactamente la bufedrona?<br \/> Esta conocida sustancia qu\u00edmica de investigaci\u00f3n es un estimulante de las clases qu\u00edmicas de fenetilamina y catinona. La bufedrona es una beta-cetona que est\u00e1 relacionada con los compuestos naturales catinona y catina. Tambi\u00e9n se conoce como -metilamino-butirofenona o fenilacetoetilmetilamina.<\/p>\n<p>Bufedrona en polvo\/Comprar bufedrona en polvo<\/p>\n<p>Bufedrona en polvo<\/p>\n<p>Tambi\u00e9n est\u00e1 relacionado con la metanfetamina, con el sustituyente -cetona (en el carbono beta) y un grupo etilo reemplazando al grupo metilo en el carbono alfa de la amina. Sus efectos en los sujetos de prueba se han comparado con los de la metanfetamina, observ\u00e1ndose m\u00e1s euforia y menos estimulaci\u00f3n f\u00edsica en los estudios. Aumenta la liberaci\u00f3n de dopamina de las terminales nerviosas dopamin\u00e9rgicas en el cerebro.<\/p>\n<p>Buphedron en polvo<\/p>\n<p>Los sustitutos de la catinona, como la etcatinona, son compuestos psicoactivos que se usan com\u00fanmente como drogas recreativas.<\/p>\n<p>Algunos de ellos tienen efectos similares a los de las anfetaminas.<\/p>\n<p>3 La bufedrona (clorhidrato) es una catinona sustituida con un grupo etilo en la posici\u00f3n alfa y un grupo metilo en el extremo N-terminal. Este compuesto se ha encontrado en productos relacionados con estimulantes. 2 A\u00fan no se han determinado sus propiedades biol\u00f3gicas y toxicol\u00f3gicas. Este producto est\u00e1 dise\u00f1ado para uso forense.<\/p>\n","protected":false},"excerpt":{"rendered":"<div class=\"woocommerce-product-details__short-description\">\n<p><em>Compre<\/em>\u00a0<em>Polvo de bufedrona pura<\/em>\u00a0de alta calidad en l\u00ednea con Bitcoin &#8211; <em>Comprar<\/em>\u00a0drogas legales en l\u00ednea,\u00a0<em>comprar<\/em>\u00a0productos qu\u00edmicos de investigaci\u00f3n,\u00a0<em>comprar<\/em>\u00a0<em>polvos<\/em> farmac\u00e9uticos en bruto.<\/p>\n<p>Comprar Polvo de bufedrona en los EE. UU. Compre a granel La bufedrona, tambi\u00e9n conocida como MABP, es un estimulante de clase qu\u00edmica de fenetilamina y catinona.<\/p>\n<p>Compre polvo de bufedrona en l\u00ednea.<\/p>\n<p>Bufedrona, tambi\u00e9n conocida como -metilamino -butirofenona (MABP), es un estimulante de fenetilamina y catinona que se sintetiz\u00f3 por primera vez en 1928.<\/p>\n<\/p><\/div>\n","protected":false},"featured_media":5455,"comment_status":"open","ping_status":"closed","template":"","meta":[],"product_brand":[],"product_cat":[2014],"product_tag":[2727,2728,2733,2734,2737,2735,2726,2730,2736,2731,2732,2729],"class_list":{"0":"post-5443","1":"product","2":"type-product","3":"status-publish","4":"has-post-thumbnail","6":"product_cat-comprar-investigacion-quimicos","7":"product_tag-buphedrone-powder-effect","8":"product_tag-buphedrone-powder-europe","9":"product_tag-buphedrone-powder-uk","10":"product_tag-comprar-bufedrona-en-polvo","11":"product_tag-donde-comprar-bufedrona-en-polvo","12":"product_tag-orden-bufedrona-polvo","13":"product_tag-polvo-de-bufedrona","14":"product_tag-bufedrona-polvo-alemania","15":"product_tag-polvo-de-bufedrona-de-calidad","16":"product_tag-bufedrona-polvo-italia","17":"product_tag-bufedrona-polvo-reddit","18":"product_tag-bufedrona-en-polvo-para-la-venta","20":"first","21":"instock","22":"shipping-taxable","23":"purchasable","24":"product-type-variable"},"yoast_head":"<!-- This site is optimized with the Yoast SEO plugin v27.3 - https:\/\/yoast.com\/product\/yoast-seo-wordpress\/ -->\n<title>Comprar bufedrona en polvo - Bufedrona en polvo - Best Global Meds<\/title>\n<meta name=\"description\" content=\"Compre polvo de bufedrona a la venta en el Reino Unido, la UE, Europa (\u03b1-metilamino-butirofenona o MABP) Cristal y polvo con una pureza del 99,9 % en l\u00ednea con garant\u00eda.\" \/>\n<meta name=\"robots\" content=\"index, follow, max-snippet:-1, max-image-preview:large, max-video-preview:-1\" \/>\n<link rel=\"canonical\" href=\"https:\/\/medicinasinc.com\/es\/product\/comprar-bufedrona-en-polvo\/\" \/>\n<meta property=\"og:locale\" content=\"es_ES\" \/>\n<meta property=\"og:type\" content=\"article\" \/>\n<meta property=\"og:title\" content=\"Comprar bufedrona en polvo - Bufedrona en polvo - Best Global Meds\" \/>\n<meta property=\"og:description\" content=\"Compre polvo de bufedrona a la venta en el Reino Unido, la UE, Europa (\u03b1-metilamino-butirofenona o MABP) Cristal y polvo con una pureza del 99,9 % en l\u00ednea con garant\u00eda.\" \/>\n<meta property=\"og:url\" content=\"https:\/\/medicinasinc.com\/es\/product\/comprar-bufedrona-en-polvo\/\" \/>\n<meta property=\"og:site_name\" content=\"Medicinas Inc\" \/>\n<meta property=\"article:modified_time\" content=\"2022-03-22T00:46:19+00:00\" \/>\n<meta property=\"og:image\" content=\"https:\/\/medicinasinc.com\/es\/wp-content\/uploads\/sites\/15\/2022\/02\/Buy-Buphedrone-powder.png\" \/>\n\t<meta property=\"og:image:width\" content=\"600\" \/>\n\t<meta property=\"og:image:height\" content=\"400\" \/>\n\t<meta property=\"og:image:type\" content=\"image\/png\" \/>\n<meta name=\"twitter:card\" content=\"summary_large_image\" \/>\n<meta name=\"twitter:label1\" content=\"Tiempo de lectura\" \/>\n\t<meta name=\"twitter:data1\" content=\"1 minuto\" \/>\n<script type=\"application\/ld+json\" class=\"yoast-schema-graph\">{\"@context\":\"https:\\\/\\\/schema.org\",\"@graph\":[{\"@type\":\"WebPage\",\"@id\":\"https:\\\/\\\/medicinasinc.com\\\/es\\\/product\\\/comprar-bufedrona-en-polvo\\\/\",\"url\":\"https:\\\/\\\/medicinasinc.com\\\/es\\\/product\\\/comprar-bufedrona-en-polvo\\\/\",\"name\":\"Comprar bufedrona en polvo - Bufedrona en polvo - Best Global Meds\",\"isPartOf\":{\"@id\":\"https:\\\/\\\/medicinasinc.com\\\/es\\\/#website\"},\"primaryImageOfPage\":{\"@id\":\"https:\\\/\\\/medicinasinc.com\\\/es\\\/product\\\/comprar-bufedrona-en-polvo\\\/#primaryimage\"},\"image\":{\"@id\":\"https:\\\/\\\/medicinasinc.com\\\/es\\\/product\\\/comprar-bufedrona-en-polvo\\\/#primaryimage\"},\"thumbnailUrl\":\"https:\\\/\\\/medicinasinc.com\\\/es\\\/wp-content\\\/uploads\\\/sites\\\/15\\\/2022\\\/02\\\/Buy-Buphedrone-powder.png\",\"datePublished\":\"2022-02-21T23:37:16+00:00\",\"dateModified\":\"2022-03-22T00:46:19+00:00\",\"description\":\"Compre polvo de bufedrona a la venta en el Reino Unido, la UE, Europa (\u03b1-metilamino-butirofenona o MABP) Cristal y polvo con una pureza del 99,9 % en l\u00ednea con garant\u00eda.\",\"breadcrumb\":{\"@id\":\"https:\\\/\\\/medicinasinc.com\\\/es\\\/product\\\/comprar-bufedrona-en-polvo\\\/#breadcrumb\"},\"inLanguage\":\"es\",\"potentialAction\":[{\"@type\":\"ReadAction\",\"target\":[\"https:\\\/\\\/medicinasinc.com\\\/es\\\/product\\\/comprar-bufedrona-en-polvo\\\/\"]}]},{\"@type\":\"ImageObject\",\"inLanguage\":\"es\",\"@id\":\"https:\\\/\\\/medicinasinc.com\\\/es\\\/product\\\/comprar-bufedrona-en-polvo\\\/#primaryimage\",\"url\":\"https:\\\/\\\/medicinasinc.com\\\/es\\\/wp-content\\\/uploads\\\/sites\\\/15\\\/2022\\\/02\\\/Buy-Buphedrone-powder.png\",\"contentUrl\":\"https:\\\/\\\/medicinasinc.com\\\/es\\\/wp-content\\\/uploads\\\/sites\\\/15\\\/2022\\\/02\\\/Buy-Buphedrone-powder.png\",\"width\":600,\"height\":400},{\"@type\":\"BreadcrumbList\",\"@id\":\"https:\\\/\\\/medicinasinc.com\\\/es\\\/product\\\/comprar-bufedrona-en-polvo\\\/#breadcrumb\",\"itemListElement\":[{\"@type\":\"ListItem\",\"position\":1,\"name\":\"Tienda\",\"item\":\"https:\\\/\\\/medicinasinc.com\\\/es\\\/tienda\\\/\"},{\"@type\":\"ListItem\",\"position\":2,\"name\":\"Comprar Bufedrona en polvo\"}]},{\"@type\":\"WebSite\",\"@id\":\"https:\\\/\\\/medicinasinc.com\\\/es\\\/#website\",\"url\":\"https:\\\/\\\/medicinasinc.com\\\/es\\\/\",\"name\":\"Medicinas Inc\",\"description\":\"Cl\u00ednica M\u00e9dica de Salud\",\"potentialAction\":[{\"@type\":\"SearchAction\",\"target\":{\"@type\":\"EntryPoint\",\"urlTemplate\":\"https:\\\/\\\/medicinasinc.com\\\/es\\\/?s={search_term_string}\"},\"query-input\":{\"@type\":\"PropertyValueSpecification\",\"valueRequired\":true,\"valueName\":\"search_term_string\"}}],\"inLanguage\":\"es\"}]}<\/script>\n<!-- \/ Yoast SEO plugin. -->","yoast_head_json":{"title":"Comprar bufedrona en polvo - Bufedrona en polvo - Best Global Meds","description":"Compre polvo de bufedrona a la venta en el Reino Unido, la UE, Europa (\u03b1-metilamino-butirofenona o MABP) Cristal y polvo con una pureza del 99,9 % en l\u00ednea con garant\u00eda.","robots":{"index":"index","follow":"follow","max-snippet":"max-snippet:-1","max-image-preview":"max-image-preview:large","max-video-preview":"max-video-preview:-1"},"canonical":"https:\/\/medicinasinc.com\/es\/product\/comprar-bufedrona-en-polvo\/","og_locale":"es_ES","og_type":"article","og_title":"Comprar bufedrona en polvo - Bufedrona en polvo - Best Global Meds","og_description":"Compre polvo de bufedrona a la venta en el Reino Unido, la UE, Europa (\u03b1-metilamino-butirofenona o MABP) Cristal y polvo con una pureza del 99,9 % en l\u00ednea con garant\u00eda.","og_url":"https:\/\/medicinasinc.com\/es\/product\/comprar-bufedrona-en-polvo\/","og_site_name":"Medicinas Inc","article_modified_time":"2022-03-22T00:46:19+00:00","og_image":[{"width":600,"height":400,"url":"https:\/\/medicinasinc.com\/es\/wp-content\/uploads\/sites\/15\/2022\/02\/Buy-Buphedrone-powder.png","type":"image\/png"}],"twitter_card":"summary_large_image","twitter_misc":{"Tiempo de lectura":"1 minuto"},"schema":{"@context":"https:\/\/schema.org","@graph":[{"@type":"WebPage","@id":"https:\/\/medicinasinc.com\/es\/product\/comprar-bufedrona-en-polvo\/","url":"https:\/\/medicinasinc.com\/es\/product\/comprar-bufedrona-en-polvo\/","name":"Comprar bufedrona en polvo - Bufedrona en polvo - Best Global Meds","isPartOf":{"@id":"https:\/\/medicinasinc.com\/es\/#website"},"primaryImageOfPage":{"@id":"https:\/\/medicinasinc.com\/es\/product\/comprar-bufedrona-en-polvo\/#primaryimage"},"image":{"@id":"https:\/\/medicinasinc.com\/es\/product\/comprar-bufedrona-en-polvo\/#primaryimage"},"thumbnailUrl":"https:\/\/medicinasinc.com\/es\/wp-content\/uploads\/sites\/15\/2022\/02\/Buy-Buphedrone-powder.png","datePublished":"2022-02-21T23:37:16+00:00","dateModified":"2022-03-22T00:46:19+00:00","description":"Compre polvo de bufedrona a la venta en el Reino Unido, la UE, Europa (\u03b1-metilamino-butirofenona o MABP) Cristal y polvo con una pureza del 99,9 % en l\u00ednea con garant\u00eda.","breadcrumb":{"@id":"https:\/\/medicinasinc.com\/es\/product\/comprar-bufedrona-en-polvo\/#breadcrumb"},"inLanguage":"es","potentialAction":[{"@type":"ReadAction","target":["https:\/\/medicinasinc.com\/es\/product\/comprar-bufedrona-en-polvo\/"]}]},{"@type":"ImageObject","inLanguage":"es","@id":"https:\/\/medicinasinc.com\/es\/product\/comprar-bufedrona-en-polvo\/#primaryimage","url":"https:\/\/medicinasinc.com\/es\/wp-content\/uploads\/sites\/15\/2022\/02\/Buy-Buphedrone-powder.png","contentUrl":"https:\/\/medicinasinc.com\/es\/wp-content\/uploads\/sites\/15\/2022\/02\/Buy-Buphedrone-powder.png","width":600,"height":400},{"@type":"BreadcrumbList","@id":"https:\/\/medicinasinc.com\/es\/product\/comprar-bufedrona-en-polvo\/#breadcrumb","itemListElement":[{"@type":"ListItem","position":1,"name":"Tienda","item":"https:\/\/medicinasinc.com\/es\/tienda\/"},{"@type":"ListItem","position":2,"name":"Comprar Bufedrona en polvo"}]},{"@type":"WebSite","@id":"https:\/\/medicinasinc.com\/es\/#website","url":"https:\/\/medicinasinc.com\/es\/","name":"Medicinas Inc","description":"Cl\u00ednica M\u00e9dica de Salud","potentialAction":[{"@type":"SearchAction","target":{"@type":"EntryPoint","urlTemplate":"https:\/\/medicinasinc.com\/es\/?s={search_term_string}"},"query-input":{"@type":"PropertyValueSpecification","valueRequired":true,"valueName":"search_term_string"}}],"inLanguage":"es"}]}},"_links":{"self":[{"href":"https:\/\/medicinasinc.com\/es\/wp-json\/wp\/v2\/product\/5443","targetHints":{"allow":["GET"]}}],"collection":[{"href":"https:\/\/medicinasinc.com\/es\/wp-json\/wp\/v2\/product"}],"about":[{"href":"https:\/\/medicinasinc.com\/es\/wp-json\/wp\/v2\/types\/product"}],"replies":[{"embeddable":true,"href":"https:\/\/medicinasinc.com\/es\/wp-json\/wp\/v2\/comments?post=5443"}],"wp:featuredmedia":[{"embeddable":true,"href":"https:\/\/medicinasinc.com\/es\/wp-json\/wp\/v2\/media\/5455"}],"wp:attachment":[{"href":"https:\/\/medicinasinc.com\/es\/wp-json\/wp\/v2\/media?parent=5443"}],"wp:term":[{"taxonomy":"product_brand","embeddable":true,"href":"https:\/\/medicinasinc.com\/es\/wp-json\/wp\/v2\/product_brand?post=5443"},{"taxonomy":"product_cat","embeddable":true,"href":"https:\/\/medicinasinc.com\/es\/wp-json\/wp\/v2\/product_cat?post=5443"},{"taxonomy":"product_tag","embeddable":true,"href":"https:\/\/medicinasinc.com\/es\/wp-json\/wp\/v2\/product_tag?post=5443"}],"curies":[{"name":"wp","href":"https:\/\/api.w.org\/{rel}","templated":true}]}}