{"id":5442,"date":"2022-02-21T23:35:16","date_gmt":"2022-02-21T23:35:16","guid":{"rendered":"https:\/\/medicinasinc.com\/es\/?post_type=product&#038;p=5442"},"modified":"2022-03-22T00:46:29","modified_gmt":"2022-03-22T00:46:29","slug":"comprar-alprazolam-en-polvo","status":"publish","type":"product","link":"https:\/\/medicinasinc.com\/es\/product\/comprar-alprazolam-en-polvo\/","title":{"rendered":"Comprar Alprazolam en polvo"},"content":{"rendered":"<p>Venta de Alprazolam<\/p>\n<p>El Alprazolam es una potente benzodiazepina de vida media corta que relaja el sistema nervioso central. Este medicamento se usa principalmente para tratar la ansiedad y los trastornos de p\u00e1nico. El aumento de la poblaci\u00f3n geri\u00e1trica vulnerable a la depresi\u00f3n, as\u00ed como la prevalencia de trastornos de ansiedad como la fobia y las ansiedades generalizadas, est\u00e1n impulsando la demanda de polvo de alprazolam. Adem\u00e1s, el crecimiento de la industria se ve impulsado por el estilo de vida acelerado y estresante que conduce a la depresi\u00f3n. Adem\u00e1s, durante el per\u00edodo de pron\u00f3stico, se planea el trabajo de investigaci\u00f3n y desarrollo de Alprazolam para explorar nuevas oportunidades. Las estrictas regulaciones gubernamentales y los efectos desfavorables de las drogas, como la drogodependencia, por otro lado, obstaculizan el crecimiento. ALPRAZOLAM se puede comprar en l\u00ednea, as\u00ed como ALPRAZOLAM a la venta.<\/p>\n<p>Uso<\/p>\n<p>Alprazolam se usa para tratar la ansiedad y los trastornos de p\u00e1nico (episodios repentinos e impredecibles de miedo intenso y preocupaci\u00f3n por estos episodios ). El alprazolam pertenece a la clase de f\u00e1rmacos de las benzodiazepinas. Esto reduce la excitaci\u00f3n excesiva en el cerebro. El alprazolam tambi\u00e9n se usa para tratar la depresi\u00f3n, la ansiedad en p\u00fablico y el s\u00edndrome premenstrual. Se puede utilizar en situaciones dolorosas. Hable con su m\u00e9dico sobre los posibles riesgos para su afecci\u00f3n si usa este medicamento.<\/p>\n<p>Dosificaci\u00f3n<\/p>\n<p>El alprazolam viene en tabletas, tabletas de liberaci\u00f3n prolongada y tabletas que se descomponen por v\u00eda oral (una tableta que se disuelve en la boca). La tableta, la tableta de desintegraci\u00f3n oral y las soluciones concentradas generalmente se toman de dos a cuatro veces al d\u00eda. La tableta remota generalmente se toma una vez al d\u00eda, por la ma\u00f1ana. Preste mucha atenci\u00f3n a las notas en su cuadro de recetas y p\u00eddale a su farmac\u00e9utico o m\u00e9dico que le explique cualquier cosa que no entienda. Tome alprazolam exactamente como se indica. Para tomar el l\u00edquido concentrado, solo use el gotero que viene con la receta. Llene el gotero con la dosis requerida. Exprima el gotero en alimentos l\u00edquidos o semis\u00f3lidos como t\u00e9, leche, refrescos, sopa de manzana o pud\u00edn. Mezcle l\u00edquidos o alimentos suavemente durante unos segundos. El l\u00edquido es completamente absorbido por la comida. Beba o coma toda la mezcla de inmediato. Por v\u00eda oral, tome la tableta del frasco justo antes de la fecha de vencimiento de su dosis. Con las palmas secas, abra la botella, retire la tableta y col\u00f3quela en su lengua de inmediato. El comprimido puede disolverse y tragarse con saliva.<\/p>\n","protected":false},"excerpt":{"rendered":"<div class=\"woocommerce-product-details__short-description\">\n<p><em>Comprar<\/em> Alprazolam en l\u00ednea &#8211; bestglobalmeds.com es el mejor proveedor y vendedor de <em>polvo de alprazolam<\/em>\u00a0donde puede\u00a0<em>comprar<\/em>\u00a0polvo de Xanax al por mayor. <em>Ordene<\/em>\u00a0\u00a1Ahora!<\/p>\n<p>El polvo de alprazolam se puede comprar en l\u00ednea. Alprazolam real en polvo a la venta online \u2013 Alprazolam en polvo a la venta online | Comprar Alprazolam en polvo online | Comprar Alprazolam polvo en venta online | Comprar polvo de Alprazolam barato online | D\u00f3nde comprar polvo de Alprazolam en l\u00ednea<\/p>\n<\/p><\/div>\n","protected":false},"featured_media":5453,"comment_status":"open","ping_status":"closed","template":"","meta":[],"product_brand":[],"product_cat":[2014],"product_tag":[2721,1153,2722,2723,2725,2724,2719,2720,1152],"class_list":{"0":"post-5442","1":"product","2":"type-product","3":"status-publish","4":"has-post-thumbnail","6":"product_cat-comprar-investigacion-quimicos","7":"product_tag-alprazolam-polvo-europa","8":"product_tag-alprazolam-powder-for-sale","9":"product_tag-alprazolam-powder-reddit","10":"product_tag-alprazolam-powder-uk","11":"product_tag-buy-alprazolam-powder-europe","12":"product_tag-comprar-alprazolam-en-polvo","13":"product_tag-alprazolam-polvo-comprar","14":"product_tag-alprazolam-polvo-efecto","15":"product_tag-polvo-de-alprazolam","17":"first","18":"instock","19":"shipping-taxable","20":"purchasable","21":"product-type-variable","22":"has-default-attributes"},"yoast_head":"<!-- This site is optimized with the Yoast SEO plugin v27.3 - https:\/\/yoast.com\/product\/yoast-seo-wordpress\/ -->\n<title>Comprar Alprazolam en polvo - Alprazolam en polvo - Best Global Meds<\/title>\n<meta name=\"description\" content=\"Compre Alprazolam en polvo en l\u00ednea. Polvo de Alprazolam real en l\u00ednea \u2013 Venta de polvo de Alprazolam | Comprar Alprazolam en polvo online | Comprar Alprazolam en polvo para la venta| Comprar polvo de Alprazolam barato | D\u00f3nde comprar Alprazolam en polvo online\" \/>\n<meta name=\"robots\" content=\"index, follow, max-snippet:-1, max-image-preview:large, max-video-preview:-1\" \/>\n<link rel=\"canonical\" href=\"https:\/\/medicinasinc.com\/es\/product\/comprar-alprazolam-en-polvo\/\" \/>\n<meta property=\"og:locale\" content=\"es_ES\" \/>\n<meta property=\"og:type\" content=\"article\" \/>\n<meta property=\"og:title\" content=\"Comprar Alprazolam en polvo - Alprazolam en polvo - Best Global Meds\" \/>\n<meta property=\"og:description\" content=\"Compre Alprazolam en polvo en l\u00ednea. Polvo de Alprazolam real en l\u00ednea \u2013 Venta de polvo de Alprazolam | Comprar Alprazolam en polvo online | Comprar Alprazolam en polvo para la venta| Comprar polvo de Alprazolam barato | D\u00f3nde comprar Alprazolam en polvo online\" \/>\n<meta property=\"og:url\" content=\"https:\/\/medicinasinc.com\/es\/product\/comprar-alprazolam-en-polvo\/\" \/>\n<meta property=\"og:site_name\" content=\"Medicinas Inc\" \/>\n<meta property=\"article:modified_time\" content=\"2022-03-22T00:46:29+00:00\" \/>\n<meta property=\"og:image\" content=\"https:\/\/medicinasinc.com\/es\/wp-content\/uploads\/sites\/15\/2022\/02\/Buy-Alprazolam-powder.jpg\" \/>\n\t<meta property=\"og:image:width\" content=\"259\" \/>\n\t<meta property=\"og:image:height\" content=\"194\" \/>\n\t<meta property=\"og:image:type\" content=\"image\/jpeg\" \/>\n<meta name=\"twitter:card\" content=\"summary_large_image\" \/>\n<meta name=\"twitter:label1\" content=\"Tiempo de lectura\" \/>\n\t<meta name=\"twitter:data1\" content=\"2 minutos\" \/>\n<script type=\"application\/ld+json\" class=\"yoast-schema-graph\">{\"@context\":\"https:\\\/\\\/schema.org\",\"@graph\":[{\"@type\":\"WebPage\",\"@id\":\"https:\\\/\\\/medicinasinc.com\\\/es\\\/product\\\/comprar-alprazolam-en-polvo\\\/\",\"url\":\"https:\\\/\\\/medicinasinc.com\\\/es\\\/product\\\/comprar-alprazolam-en-polvo\\\/\",\"name\":\"Comprar Alprazolam en polvo - Alprazolam en polvo - Best Global Meds\",\"isPartOf\":{\"@id\":\"https:\\\/\\\/medicinasinc.com\\\/es\\\/#website\"},\"primaryImageOfPage\":{\"@id\":\"https:\\\/\\\/medicinasinc.com\\\/es\\\/product\\\/comprar-alprazolam-en-polvo\\\/#primaryimage\"},\"image\":{\"@id\":\"https:\\\/\\\/medicinasinc.com\\\/es\\\/product\\\/comprar-alprazolam-en-polvo\\\/#primaryimage\"},\"thumbnailUrl\":\"https:\\\/\\\/medicinasinc.com\\\/es\\\/wp-content\\\/uploads\\\/sites\\\/15\\\/2022\\\/02\\\/Buy-Alprazolam-powder.jpg\",\"datePublished\":\"2022-02-21T23:35:16+00:00\",\"dateModified\":\"2022-03-22T00:46:29+00:00\",\"description\":\"Compre Alprazolam en polvo en l\u00ednea. Polvo de Alprazolam real en l\u00ednea \u2013 Venta de polvo de Alprazolam | Comprar Alprazolam en polvo online | Comprar Alprazolam en polvo para la venta| Comprar polvo de Alprazolam barato | D\u00f3nde comprar Alprazolam en polvo online\",\"breadcrumb\":{\"@id\":\"https:\\\/\\\/medicinasinc.com\\\/es\\\/product\\\/comprar-alprazolam-en-polvo\\\/#breadcrumb\"},\"inLanguage\":\"es\",\"potentialAction\":[{\"@type\":\"ReadAction\",\"target\":[\"https:\\\/\\\/medicinasinc.com\\\/es\\\/product\\\/comprar-alprazolam-en-polvo\\\/\"]}]},{\"@type\":\"ImageObject\",\"inLanguage\":\"es\",\"@id\":\"https:\\\/\\\/medicinasinc.com\\\/es\\\/product\\\/comprar-alprazolam-en-polvo\\\/#primaryimage\",\"url\":\"https:\\\/\\\/medicinasinc.com\\\/es\\\/wp-content\\\/uploads\\\/sites\\\/15\\\/2022\\\/02\\\/Buy-Alprazolam-powder.jpg\",\"contentUrl\":\"https:\\\/\\\/medicinasinc.com\\\/es\\\/wp-content\\\/uploads\\\/sites\\\/15\\\/2022\\\/02\\\/Buy-Alprazolam-powder.jpg\",\"width\":259,\"height\":194},{\"@type\":\"BreadcrumbList\",\"@id\":\"https:\\\/\\\/medicinasinc.com\\\/es\\\/product\\\/comprar-alprazolam-en-polvo\\\/#breadcrumb\",\"itemListElement\":[{\"@type\":\"ListItem\",\"position\":1,\"name\":\"Tienda\",\"item\":\"https:\\\/\\\/medicinasinc.com\\\/es\\\/tienda\\\/\"},{\"@type\":\"ListItem\",\"position\":2,\"name\":\"Comprar Alprazolam en polvo\"}]},{\"@type\":\"WebSite\",\"@id\":\"https:\\\/\\\/medicinasinc.com\\\/es\\\/#website\",\"url\":\"https:\\\/\\\/medicinasinc.com\\\/es\\\/\",\"name\":\"Medicinas Inc\",\"description\":\"Cl\u00ednica M\u00e9dica de Salud\",\"potentialAction\":[{\"@type\":\"SearchAction\",\"target\":{\"@type\":\"EntryPoint\",\"urlTemplate\":\"https:\\\/\\\/medicinasinc.com\\\/es\\\/?s={search_term_string}\"},\"query-input\":{\"@type\":\"PropertyValueSpecification\",\"valueRequired\":true,\"valueName\":\"search_term_string\"}}],\"inLanguage\":\"es\"}]}<\/script>\n<!-- \/ Yoast SEO plugin. -->","yoast_head_json":{"title":"Comprar Alprazolam en polvo - Alprazolam en polvo - Best Global Meds","description":"Compre Alprazolam en polvo en l\u00ednea. Polvo de Alprazolam real en l\u00ednea \u2013 Venta de polvo de Alprazolam | Comprar Alprazolam en polvo online | Comprar Alprazolam en polvo para la venta| Comprar polvo de Alprazolam barato | D\u00f3nde comprar Alprazolam en polvo online","robots":{"index":"index","follow":"follow","max-snippet":"max-snippet:-1","max-image-preview":"max-image-preview:large","max-video-preview":"max-video-preview:-1"},"canonical":"https:\/\/medicinasinc.com\/es\/product\/comprar-alprazolam-en-polvo\/","og_locale":"es_ES","og_type":"article","og_title":"Comprar Alprazolam en polvo - Alprazolam en polvo - Best Global Meds","og_description":"Compre Alprazolam en polvo en l\u00ednea. Polvo de Alprazolam real en l\u00ednea \u2013 Venta de polvo de Alprazolam | Comprar Alprazolam en polvo online | Comprar Alprazolam en polvo para la venta| Comprar polvo de Alprazolam barato | D\u00f3nde comprar Alprazolam en polvo online","og_url":"https:\/\/medicinasinc.com\/es\/product\/comprar-alprazolam-en-polvo\/","og_site_name":"Medicinas Inc","article_modified_time":"2022-03-22T00:46:29+00:00","og_image":[{"width":259,"height":194,"url":"https:\/\/medicinasinc.com\/es\/wp-content\/uploads\/sites\/15\/2022\/02\/Buy-Alprazolam-powder.jpg","type":"image\/jpeg"}],"twitter_card":"summary_large_image","twitter_misc":{"Tiempo de lectura":"2 minutos"},"schema":{"@context":"https:\/\/schema.org","@graph":[{"@type":"WebPage","@id":"https:\/\/medicinasinc.com\/es\/product\/comprar-alprazolam-en-polvo\/","url":"https:\/\/medicinasinc.com\/es\/product\/comprar-alprazolam-en-polvo\/","name":"Comprar Alprazolam en polvo - Alprazolam en polvo - Best Global Meds","isPartOf":{"@id":"https:\/\/medicinasinc.com\/es\/#website"},"primaryImageOfPage":{"@id":"https:\/\/medicinasinc.com\/es\/product\/comprar-alprazolam-en-polvo\/#primaryimage"},"image":{"@id":"https:\/\/medicinasinc.com\/es\/product\/comprar-alprazolam-en-polvo\/#primaryimage"},"thumbnailUrl":"https:\/\/medicinasinc.com\/es\/wp-content\/uploads\/sites\/15\/2022\/02\/Buy-Alprazolam-powder.jpg","datePublished":"2022-02-21T23:35:16+00:00","dateModified":"2022-03-22T00:46:29+00:00","description":"Compre Alprazolam en polvo en l\u00ednea. Polvo de Alprazolam real en l\u00ednea \u2013 Venta de polvo de Alprazolam | Comprar Alprazolam en polvo online | Comprar Alprazolam en polvo para la venta| Comprar polvo de Alprazolam barato | D\u00f3nde comprar Alprazolam en polvo online","breadcrumb":{"@id":"https:\/\/medicinasinc.com\/es\/product\/comprar-alprazolam-en-polvo\/#breadcrumb"},"inLanguage":"es","potentialAction":[{"@type":"ReadAction","target":["https:\/\/medicinasinc.com\/es\/product\/comprar-alprazolam-en-polvo\/"]}]},{"@type":"ImageObject","inLanguage":"es","@id":"https:\/\/medicinasinc.com\/es\/product\/comprar-alprazolam-en-polvo\/#primaryimage","url":"https:\/\/medicinasinc.com\/es\/wp-content\/uploads\/sites\/15\/2022\/02\/Buy-Alprazolam-powder.jpg","contentUrl":"https:\/\/medicinasinc.com\/es\/wp-content\/uploads\/sites\/15\/2022\/02\/Buy-Alprazolam-powder.jpg","width":259,"height":194},{"@type":"BreadcrumbList","@id":"https:\/\/medicinasinc.com\/es\/product\/comprar-alprazolam-en-polvo\/#breadcrumb","itemListElement":[{"@type":"ListItem","position":1,"name":"Tienda","item":"https:\/\/medicinasinc.com\/es\/tienda\/"},{"@type":"ListItem","position":2,"name":"Comprar Alprazolam en polvo"}]},{"@type":"WebSite","@id":"https:\/\/medicinasinc.com\/es\/#website","url":"https:\/\/medicinasinc.com\/es\/","name":"Medicinas Inc","description":"Cl\u00ednica M\u00e9dica de Salud","potentialAction":[{"@type":"SearchAction","target":{"@type":"EntryPoint","urlTemplate":"https:\/\/medicinasinc.com\/es\/?s={search_term_string}"},"query-input":{"@type":"PropertyValueSpecification","valueRequired":true,"valueName":"search_term_string"}}],"inLanguage":"es"}]}},"_links":{"self":[{"href":"https:\/\/medicinasinc.com\/es\/wp-json\/wp\/v2\/product\/5442","targetHints":{"allow":["GET"]}}],"collection":[{"href":"https:\/\/medicinasinc.com\/es\/wp-json\/wp\/v2\/product"}],"about":[{"href":"https:\/\/medicinasinc.com\/es\/wp-json\/wp\/v2\/types\/product"}],"replies":[{"embeddable":true,"href":"https:\/\/medicinasinc.com\/es\/wp-json\/wp\/v2\/comments?post=5442"}],"wp:featuredmedia":[{"embeddable":true,"href":"https:\/\/medicinasinc.com\/es\/wp-json\/wp\/v2\/media\/5453"}],"wp:attachment":[{"href":"https:\/\/medicinasinc.com\/es\/wp-json\/wp\/v2\/media?parent=5442"}],"wp:term":[{"taxonomy":"product_brand","embeddable":true,"href":"https:\/\/medicinasinc.com\/es\/wp-json\/wp\/v2\/product_brand?post=5442"},{"taxonomy":"product_cat","embeddable":true,"href":"https:\/\/medicinasinc.com\/es\/wp-json\/wp\/v2\/product_cat?post=5442"},{"taxonomy":"product_tag","embeddable":true,"href":"https:\/\/medicinasinc.com\/es\/wp-json\/wp\/v2\/product_tag?post=5442"}],"curies":[{"name":"wp","href":"https:\/\/api.w.org\/{rel}","templated":true}]}}