{"id":5441,"date":"2022-02-21T23:32:20","date_gmt":"2022-02-21T23:32:20","guid":{"rendered":"https:\/\/medicinasinc.com\/es\/?post_type=product&#038;p=5441"},"modified":"2022-03-22T00:46:43","modified_gmt":"2022-03-22T00:46:43","slug":"comprar-alfa-pvp","status":"publish","type":"product","link":"https:\/\/medicinasinc.com\/es\/product\/comprar-alfa-pvp\/","title":{"rendered":"Comprar Alpha-PVP"},"content":{"rendered":"<p>Compra en l\u00ednea de Alpha-PVP<\/p>\n<p>Alpha-PVP es un estimulante sint\u00e9tico utilizado en el campo m\u00e9dico para tratar una variedad de enfermedades. Alpha se clasifica como un prof\u00e1rmaco en la clase de catinona. Alpha PVP se cre\u00f3 al principio como una droga de dise\u00f1o. Ahora es muy popular entre las personas para otros fines, como el alivio del dolor. Este estimulante sint\u00e9tico se utiliza para satisfacer las necesidades de los usuarios de drogas. Gan\u00f3 popularidad 40 a\u00f1os despu\u00e9s del lanzamiento de su primer producto, en el a\u00f1o 2000. Lo m\u00e1s importante para recordar es que no fue utilizado ni siquiera por una peque\u00f1a comunidad de personas entre estos a\u00f1os. Sin embargo, desde el a\u00f1o 2000 y hasta ahora, ha crecido en popularidad hasta el punto en que casi el 70 % de la poblaci\u00f3n mundial la usa.<\/p>\n<p>La raz\u00f3n de la popularidad de las drogas psicod\u00e9licas alfa-PVP<\/p>\n<p>\u00bfD\u00f3nde puedo obtener PVP? Alpha-PVP<\/p>\n<p>Alpha-PVP es un miembro de la clase m\u00e1s com\u00fan de prof\u00e1rmacos y se usa ampliamente. La raz\u00f3n principal de su popularidad es su alta potencia y acci\u00f3n r\u00e1pida. Funciona de manera similar a otros estimulantes en que act\u00faa directamente sobre el Sistema Nervioso Central.<\/p>\n<p>Sin embargo, funciona r\u00e1pidamente y libera hormonas para realizar las acciones deseadas. Debido a su modo de acci\u00f3n, Alpha PVP tambi\u00e9n se conoce como un estimulante del sistema nervioso central.<\/p>\n<p>F\u00e1rmacos psicod\u00e9licos Alpha-PVP para fines m\u00e9dicos<\/p>\n<p>Alpha-PVP tambi\u00e9n ayuda a la mente humana a controlar emociones fugaces como la felicidad, la tristeza o el dolor. Esta droga ayuda a la mente a imaginar un marco normal en el que funcionar normalmente y sin dificultad. De esta manera, Alpha-PVP se usa para aliviar cualquier tipo de shock.<\/p>\n<p>Esta prodroga se est\u00e1 usando en discotecas y bares. Sin embargo, esto solo se usa en ciertos tratamientos seg\u00fan las indicaciones del m\u00e9dico.<\/p>\n<p>Los m\u00e9dicos est\u00e1n tratando a los pacientes con medicamentos basados \u200b\u200ben Alpha-PVP. La aplicaci\u00f3n principal es para tratar la depresi\u00f3n y la ansiedad.<\/p>\n<p>Estas son algunas de las caracter\u00edsticas clave que est\u00e1n impulsando el aumento en el uso de Alpha-PVP. Est\u00e1 ganando popularidad en ambos campos de actividad.<\/p>\n<p>C\u00f3mo comprar a-PVP de forma segura: descripci\u00f3n<\/p>\n<p>Nombre IUPAC sistem\u00e1tico: 1-Phenyl-2-(1-pyrrolidinyl)-1 -pentanona Nombre qu\u00edmico completo: alfa-pirrolidinopentiofenona<br \/> N\u00ba CAS 14530-33-7<br \/> F\u00f3rmula molecular C15H21NO Masa molecular 231,333 g\/mol N\u00famero ChemSpider9324063<\/p>\n<p>Pirrolidinopentiofenona (alfa-pirrolidinovalerofenona, &#8211; PVP, alfa-PVP, O-2387, -cetona-prolintano) es un compuesto estimulante descubierto en la d\u00e9cada de 1960 que est\u00e1 relacionado con la pirovalerona y es el an\u00e1logo cet\u00f3nico del prolintano.<\/p>\n<p>A gran escala, nuestra tienda de ofertas con Alpha-PVP. Puede obtener los productos que desea a precios muy bajos. Adem\u00e1s recibir\u00e1s el producto en un breve periodo de tiempo gracias a nuestros servicios de entrega online.<\/p>\n","protected":false},"excerpt":{"rendered":"<div class=\"woocommerce-product-details__short-description\">\n<p>buscando comprar A-pvp barato, comprar alfa-pirrolidinopentiofenona a la venta en el Reino Unido, Europa en nuestra tienda bestglobalemeds.com con env\u00edo r\u00e1pido a todo el mundo. \u00a1El mejor A-pvp para ordenar lo encontrar\u00e1s aqu\u00ed! <em>\u03b1<\/em>&#8211;<em>PVP<\/em>(el nombre completo es:<em>\u03b1<\/em>&#8211;<em>Pyrrolidinopentiophenone<\/em>) tambi\u00e9n conocido como\u00a0<em>alfa<\/em>-pirrolidinovalerofenona, A-<em>PVP<\/em>,\u00a0<em>alfa<\/em>&#8211;<em>PVP<\/em>,<\/p>\n<p>\u00bfQu\u00e9 \u00bfQu\u00e9 es exactamente a-PVP?<br \/> A-PVP (alfa-pirrolidinovalerofenona, -PVP, alfa-PVP, O-2387, -cetona-prolintano) es un compuesto estimulante desarrollado en la d\u00e9cada de 1960 que est\u00e1 relacionado con la pirovalerona y es el an\u00e1logo cet\u00f3nico del prolintano.<\/p>\n<\/p><\/div>\n","protected":false},"featured_media":5451,"comment_status":"open","ping_status":"closed","template":"","meta":[],"product_brand":[],"product_cat":[2014],"product_tag":[2664,2665,2666,2667,2668,2677,2672,2673,2674,2670,2671,2676,2679,2680,2682,2683,2686,2687,2689,2690,2691,2696,2697,2698,2699,2704,2705,2706,2695,2714,2701,2692,2693,2708,2700,2694,2702,2703,2707,2709,2710,2715,2717,2718,2688,2716,2684,2713,2711,2712,2681,2675,2669,2663,2678,2685],"class_list":{"0":"post-5441","1":"product","2":"type-product","3":"status-publish","4":"has-post-thumbnail","6":"product_cat-comprar-investigacion-quimicos","7":"product_tag-a-pvp-powder-for-sell","8":"product_tag-a-pvp-powder-or-crystals","9":"product_tag-a-pvp","10":"product_tag-a-pvp-polvo","11":"product_tag-a-pvp-compra-usa","12":"product_tag-a-pvp-crystal-usa","13":"product_tag-a-pvp-crystal-dosage","14":"product_tag-a-pvp-crystal-for-sale","15":"product_tag-a-pvp-crystal-review","16":"product_tag-a-pvp-crystal-australia","17":"product_tag-a-pvp-crystal-canada","18":"product_tag-a-pvp-crystal-uk","19":"product_tag-a-pvp-en-venta","20":"product_tag-a-pvp-en-venta-online","21":"product_tag-a-pvp-reddit","22":"product_tag-a-pvp-review","23":"product_tag-alpha-pvp-for-sale","24":"product_tag-alpha-pvp-wiki","25":"product_tag-apvp-powder","26":"product_tag-buy-a-pvp","27":"product_tag-buy-a-pvp-powder-for-sale","28":"product_tag-buy-a-pvp-big-crystals-free","29":"product_tag-buy-a-pvp-big-crystals-made","30":"product_tag-buy-a-pvp-big-crystals-online","31":"product_tag-buy-a-pvp-big-crystalxp-net","32":"product_tag-buy-a-pvp-powder-reviews","33":"product_tag-buy-a-pvp-powders","34":"product_tag-buy-a-pvp-stimulants","35":"product_tag-comprar-un-pvp-grandes-cristales-en-venta","36":"product_tag-compra-un-pvp-online","37":"product_tag-comprar-un-pvp-online","38":"product_tag-comprar-un-pvp-gran-cristal","39":"product_tag-comprar-un-pvp-big-crystal-informes","40":"product_tag-comprar-apvp-envio-al-noche","41":"product_tag-comprar-un-crystal-pvp-online","42":"product_tag-comprar-un-pvp-grandes-cristales","43":"product_tag-comprar-un-pvp-polvo","44":"product_tag-comprar-un-pvp-productos-en-polvo","45":"product_tag-comprar-alfa-pvp","46":"product_tag-comprar-apvp-usa-tarjeta-de-credito","47":"product_tag-correo-a-pvp","48":"product_tag-pure-a-pvp-crystal","49":"product_tag-donde-comprar-un-pvp","50":"product_tag-donde-comprar-un-pvp-online","51":"product_tag-efecto-alfa-pvp","52":"product_tag-el-mejor-lugar-para-comprar-un-pvp-online","53":"product_tag-a-pvp-estimulantes","54":"product_tag-pedir-un-pvp-online","55":"product_tag-order-a-pvp","56":"product_tag-pedir-un-crystal-pvp","57":"product_tag-a-pvp-polvos","58":"product_tag-un-pvp-proveedor-de-cristal","59":"product_tag-a-pvp-cristal","60":"product_tag-a-pvp-comprar","61":"product_tag-un-vendedor-de-cristales-pvp","62":"product_tag-a-pvp-estimulantes-en-venta","64":"first","65":"instock","66":"shipping-taxable","67":"purchasable","68":"product-type-variable"},"yoast_head":"<!-- This site is optimized with the Yoast SEO plugin v27.3 - https:\/\/yoast.com\/product\/yoast-seo-wordpress\/ -->\n<title>Comprar Alpha-PVP - Alpha-PVP en venta - Best Best Global Meds<\/title>\n<meta name=\"description\" content=\"\u00a1Compre A-pvp, compre alfa-pirrolidinopentiofenona para la venta en el Reino Unido, Europa en nuestra tienda bestglobalemeds.com con env\u00edo r\u00e1pido a todo el mundo! \u00a1El mejor A-pvp para ordenar lo encontrar\u00e1s aqu\u00ed!\" \/>\n<meta name=\"robots\" content=\"index, follow, max-snippet:-1, max-image-preview:large, max-video-preview:-1\" \/>\n<link rel=\"canonical\" href=\"https:\/\/medicinasinc.com\/es\/product\/comprar-alfa-pvp\/\" \/>\n<meta property=\"og:locale\" content=\"es_ES\" \/>\n<meta property=\"og:type\" content=\"article\" \/>\n<meta property=\"og:title\" content=\"Comprar Alpha-PVP - Alpha-PVP en venta - Best Best Global Meds\" \/>\n<meta property=\"og:description\" content=\"\u00a1Compre A-pvp, compre alfa-pirrolidinopentiofenona para la venta en el Reino Unido, Europa en nuestra tienda bestglobalemeds.com con env\u00edo r\u00e1pido a todo el mundo! \u00a1El mejor A-pvp para ordenar lo encontrar\u00e1s aqu\u00ed!\" \/>\n<meta property=\"og:url\" content=\"https:\/\/medicinasinc.com\/es\/product\/comprar-alfa-pvp\/\" \/>\n<meta property=\"og:site_name\" content=\"Medicinas Inc\" \/>\n<meta property=\"article:modified_time\" content=\"2022-03-22T00:46:43+00:00\" \/>\n<meta property=\"og:image\" content=\"https:\/\/medicinasinc.com\/es\/wp-content\/uploads\/sites\/15\/2022\/02\/Buy-alpha-pvp.jpg\" \/>\n\t<meta property=\"og:image:width\" content=\"458\" \/>\n\t<meta property=\"og:image:height\" content=\"458\" \/>\n\t<meta property=\"og:image:type\" content=\"image\/jpeg\" \/>\n<meta name=\"twitter:card\" content=\"summary_large_image\" \/>\n<meta name=\"twitter:label1\" content=\"Tiempo de lectura\" \/>\n\t<meta name=\"twitter:data1\" content=\"2 minutos\" \/>\n<script type=\"application\/ld+json\" class=\"yoast-schema-graph\">{\"@context\":\"https:\\\/\\\/schema.org\",\"@graph\":[{\"@type\":\"WebPage\",\"@id\":\"https:\\\/\\\/medicinasinc.com\\\/es\\\/product\\\/comprar-alfa-pvp\\\/\",\"url\":\"https:\\\/\\\/medicinasinc.com\\\/es\\\/product\\\/comprar-alfa-pvp\\\/\",\"name\":\"Comprar Alpha-PVP - Alpha-PVP en venta - Best Best Global Meds\",\"isPartOf\":{\"@id\":\"https:\\\/\\\/medicinasinc.com\\\/es\\\/#website\"},\"primaryImageOfPage\":{\"@id\":\"https:\\\/\\\/medicinasinc.com\\\/es\\\/product\\\/comprar-alfa-pvp\\\/#primaryimage\"},\"image\":{\"@id\":\"https:\\\/\\\/medicinasinc.com\\\/es\\\/product\\\/comprar-alfa-pvp\\\/#primaryimage\"},\"thumbnailUrl\":\"https:\\\/\\\/medicinasinc.com\\\/es\\\/wp-content\\\/uploads\\\/sites\\\/15\\\/2022\\\/02\\\/Buy-alpha-pvp.jpg\",\"datePublished\":\"2022-02-21T23:32:20+00:00\",\"dateModified\":\"2022-03-22T00:46:43+00:00\",\"description\":\"\u00a1Compre A-pvp, compre alfa-pirrolidinopentiofenona para la venta en el Reino Unido, Europa en nuestra tienda bestglobalemeds.com con env\u00edo r\u00e1pido a todo el mundo! \u00a1El mejor A-pvp para ordenar lo encontrar\u00e1s aqu\u00ed!\",\"breadcrumb\":{\"@id\":\"https:\\\/\\\/medicinasinc.com\\\/es\\\/product\\\/comprar-alfa-pvp\\\/#breadcrumb\"},\"inLanguage\":\"es\",\"potentialAction\":[{\"@type\":\"ReadAction\",\"target\":[\"https:\\\/\\\/medicinasinc.com\\\/es\\\/product\\\/comprar-alfa-pvp\\\/\"]}]},{\"@type\":\"ImageObject\",\"inLanguage\":\"es\",\"@id\":\"https:\\\/\\\/medicinasinc.com\\\/es\\\/product\\\/comprar-alfa-pvp\\\/#primaryimage\",\"url\":\"https:\\\/\\\/medicinasinc.com\\\/es\\\/wp-content\\\/uploads\\\/sites\\\/15\\\/2022\\\/02\\\/Buy-alpha-pvp.jpg\",\"contentUrl\":\"https:\\\/\\\/medicinasinc.com\\\/es\\\/wp-content\\\/uploads\\\/sites\\\/15\\\/2022\\\/02\\\/Buy-alpha-pvp.jpg\",\"width\":458,\"height\":458},{\"@type\":\"BreadcrumbList\",\"@id\":\"https:\\\/\\\/medicinasinc.com\\\/es\\\/product\\\/comprar-alfa-pvp\\\/#breadcrumb\",\"itemListElement\":[{\"@type\":\"ListItem\",\"position\":1,\"name\":\"Tienda\",\"item\":\"https:\\\/\\\/medicinasinc.com\\\/es\\\/tienda\\\/\"},{\"@type\":\"ListItem\",\"position\":2,\"name\":\"Comprar Alpha-PVP\"}]},{\"@type\":\"WebSite\",\"@id\":\"https:\\\/\\\/medicinasinc.com\\\/es\\\/#website\",\"url\":\"https:\\\/\\\/medicinasinc.com\\\/es\\\/\",\"name\":\"Medicinas Inc\",\"description\":\"Cl\u00ednica M\u00e9dica de Salud\",\"potentialAction\":[{\"@type\":\"SearchAction\",\"target\":{\"@type\":\"EntryPoint\",\"urlTemplate\":\"https:\\\/\\\/medicinasinc.com\\\/es\\\/?s={search_term_string}\"},\"query-input\":{\"@type\":\"PropertyValueSpecification\",\"valueRequired\":true,\"valueName\":\"search_term_string\"}}],\"inLanguage\":\"es\"}]}<\/script>\n<!-- \/ Yoast SEO plugin. -->","yoast_head_json":{"title":"Comprar Alpha-PVP - Alpha-PVP en venta - Best Best Global Meds","description":"\u00a1Compre A-pvp, compre alfa-pirrolidinopentiofenona para la venta en el Reino Unido, Europa en nuestra tienda bestglobalemeds.com con env\u00edo r\u00e1pido a todo el mundo! \u00a1El mejor A-pvp para ordenar lo encontrar\u00e1s aqu\u00ed!","robots":{"index":"index","follow":"follow","max-snippet":"max-snippet:-1","max-image-preview":"max-image-preview:large","max-video-preview":"max-video-preview:-1"},"canonical":"https:\/\/medicinasinc.com\/es\/product\/comprar-alfa-pvp\/","og_locale":"es_ES","og_type":"article","og_title":"Comprar Alpha-PVP - Alpha-PVP en venta - Best Best Global Meds","og_description":"\u00a1Compre A-pvp, compre alfa-pirrolidinopentiofenona para la venta en el Reino Unido, Europa en nuestra tienda bestglobalemeds.com con env\u00edo r\u00e1pido a todo el mundo! \u00a1El mejor A-pvp para ordenar lo encontrar\u00e1s aqu\u00ed!","og_url":"https:\/\/medicinasinc.com\/es\/product\/comprar-alfa-pvp\/","og_site_name":"Medicinas Inc","article_modified_time":"2022-03-22T00:46:43+00:00","og_image":[{"width":458,"height":458,"url":"https:\/\/medicinasinc.com\/es\/wp-content\/uploads\/sites\/15\/2022\/02\/Buy-alpha-pvp.jpg","type":"image\/jpeg"}],"twitter_card":"summary_large_image","twitter_misc":{"Tiempo de lectura":"2 minutos"},"schema":{"@context":"https:\/\/schema.org","@graph":[{"@type":"WebPage","@id":"https:\/\/medicinasinc.com\/es\/product\/comprar-alfa-pvp\/","url":"https:\/\/medicinasinc.com\/es\/product\/comprar-alfa-pvp\/","name":"Comprar Alpha-PVP - Alpha-PVP en venta - Best Best Global Meds","isPartOf":{"@id":"https:\/\/medicinasinc.com\/es\/#website"},"primaryImageOfPage":{"@id":"https:\/\/medicinasinc.com\/es\/product\/comprar-alfa-pvp\/#primaryimage"},"image":{"@id":"https:\/\/medicinasinc.com\/es\/product\/comprar-alfa-pvp\/#primaryimage"},"thumbnailUrl":"https:\/\/medicinasinc.com\/es\/wp-content\/uploads\/sites\/15\/2022\/02\/Buy-alpha-pvp.jpg","datePublished":"2022-02-21T23:32:20+00:00","dateModified":"2022-03-22T00:46:43+00:00","description":"\u00a1Compre A-pvp, compre alfa-pirrolidinopentiofenona para la venta en el Reino Unido, Europa en nuestra tienda bestglobalemeds.com con env\u00edo r\u00e1pido a todo el mundo! \u00a1El mejor A-pvp para ordenar lo encontrar\u00e1s aqu\u00ed!","breadcrumb":{"@id":"https:\/\/medicinasinc.com\/es\/product\/comprar-alfa-pvp\/#breadcrumb"},"inLanguage":"es","potentialAction":[{"@type":"ReadAction","target":["https:\/\/medicinasinc.com\/es\/product\/comprar-alfa-pvp\/"]}]},{"@type":"ImageObject","inLanguage":"es","@id":"https:\/\/medicinasinc.com\/es\/product\/comprar-alfa-pvp\/#primaryimage","url":"https:\/\/medicinasinc.com\/es\/wp-content\/uploads\/sites\/15\/2022\/02\/Buy-alpha-pvp.jpg","contentUrl":"https:\/\/medicinasinc.com\/es\/wp-content\/uploads\/sites\/15\/2022\/02\/Buy-alpha-pvp.jpg","width":458,"height":458},{"@type":"BreadcrumbList","@id":"https:\/\/medicinasinc.com\/es\/product\/comprar-alfa-pvp\/#breadcrumb","itemListElement":[{"@type":"ListItem","position":1,"name":"Tienda","item":"https:\/\/medicinasinc.com\/es\/tienda\/"},{"@type":"ListItem","position":2,"name":"Comprar Alpha-PVP"}]},{"@type":"WebSite","@id":"https:\/\/medicinasinc.com\/es\/#website","url":"https:\/\/medicinasinc.com\/es\/","name":"Medicinas Inc","description":"Cl\u00ednica M\u00e9dica de Salud","potentialAction":[{"@type":"SearchAction","target":{"@type":"EntryPoint","urlTemplate":"https:\/\/medicinasinc.com\/es\/?s={search_term_string}"},"query-input":{"@type":"PropertyValueSpecification","valueRequired":true,"valueName":"search_term_string"}}],"inLanguage":"es"}]}},"_links":{"self":[{"href":"https:\/\/medicinasinc.com\/es\/wp-json\/wp\/v2\/product\/5441","targetHints":{"allow":["GET"]}}],"collection":[{"href":"https:\/\/medicinasinc.com\/es\/wp-json\/wp\/v2\/product"}],"about":[{"href":"https:\/\/medicinasinc.com\/es\/wp-json\/wp\/v2\/types\/product"}],"replies":[{"embeddable":true,"href":"https:\/\/medicinasinc.com\/es\/wp-json\/wp\/v2\/comments?post=5441"}],"wp:featuredmedia":[{"embeddable":true,"href":"https:\/\/medicinasinc.com\/es\/wp-json\/wp\/v2\/media\/5451"}],"wp:attachment":[{"href":"https:\/\/medicinasinc.com\/es\/wp-json\/wp\/v2\/media?parent=5441"}],"wp:term":[{"taxonomy":"product_brand","embeddable":true,"href":"https:\/\/medicinasinc.com\/es\/wp-json\/wp\/v2\/product_brand?post=5441"},{"taxonomy":"product_cat","embeddable":true,"href":"https:\/\/medicinasinc.com\/es\/wp-json\/wp\/v2\/product_cat?post=5441"},{"taxonomy":"product_tag","embeddable":true,"href":"https:\/\/medicinasinc.com\/es\/wp-json\/wp\/v2\/product_tag?post=5441"}],"curies":[{"name":"wp","href":"https:\/\/api.w.org\/{rel}","templated":true}]}}