{"id":5440,"date":"2022-02-21T23:30:16","date_gmt":"2022-02-21T23:30:16","guid":{"rendered":"https:\/\/medicinasinc.com\/es\/?post_type=product&#038;p=5440"},"modified":"2022-03-22T00:46:55","modified_gmt":"2022-03-22T00:46:55","slug":"comprar-ald-52-blotters","status":"publish","type":"product","link":"https:\/\/medicinasinc.com\/es\/product\/comprar-ald-52-blotters\/","title":{"rendered":"Comprar secantes ALD-52"},"content":{"rendered":"<p>Los secantes ALD-52 se pueden comprar en l\u00ednea. Los secantes que contienen 100 mcg de ALD-52<\/p>\n<p>Los secantes ALD-52 se pueden comprar en l\u00ednea.<\/p>\n<p>Los secantes que contienen 100 mcg de ALD-52<\/p>\n<p>El secante ALD 52, compre el secante ALD 52 <\/p>\n<p>ALD-52 es un f\u00e1rmaco de moda que ha sido consolidado por varios res chems debido a un historial retrasado de ALD-52 y varios otros nombres de ALD-52. Los investigadores compran ALD-52 en l\u00ednea para su uso en los dominios de medicamentos, recreativos y de investigaci\u00f3n. Los atributos psicotr\u00f3picos de ALD-52 lo hicieron incuestionable entre los trabajadores de laboratorio y los expertos en la materia. Una amplia gama de clientes t\u00edpicos eligen comprar disponible para comprar para tener emoci\u00f3n, satisfacci\u00f3n, mantener la energ\u00eda y aumentar la actividad sexual.<\/p>\n<p>Es importante seleccionar ALD-52 fabricado con los mejores tipos de avance por m\u00e9todos para medida de recolecci\u00f3n completamente controlada. Amplios tramos de contribuci\u00f3n en la investigaci\u00f3n de mezclas fabricadas disponibles para la compra son posibles en el mercado para controlar el estado de la mano de obra creando medidas en los laboratorios chinos donde se fabrican todas las sales de ducha.<\/p>\n<p>Como proveedor inigualable, nuestra organizaci\u00f3n trabaja directamente con organizaciones chinas leg\u00edtimas. Le permite intercambiar sales de ducha de la m\u00e1s alta impecabilidad y calidad. ALD-52 se mezcla bajo estricta supervisi\u00f3n y de acuerdo con todos los principios. Usando los datos consistentes m\u00e1s recientes disponibles para proporcionar el precio m\u00e1s deslumbrante en el mejor sitio para comprar materiales de ingenier\u00eda de investigaci\u00f3n. Los gr\u00e1nulos de ALD-52, las superficies de manchas de ALD-52 y los polvos de ALD-52 se transportan en laboratorios chinos. El remitente de ALD-52 env\u00eda ALD-52 a cualquier pa\u00eds. Trabajar en estrecha colaboraci\u00f3n con proveedores leg\u00edtimos de ALD-52 garantiza que los resultados de sus pruebas e investigaciones se realicen de manera oportuna.<\/p>\n<p>Durante mucho tiempo, el proveedor ha sido un productor confiable de productos qu\u00edmicos de evaluaci\u00f3n. Los clientes le han dado al sitio una reputaci\u00f3n abrumadora en toda la red de res chems. ald 52 en venta, ald 52 en compra, ald 52 en compra, ald-52 en compra Como proveedores confiables de RC, brindan asistencia a la organizaci\u00f3n durante todo el d\u00eda con ejecutivos experimentados a trav\u00e9s de chat en vivo, que tienen datos importantes para ayudarlo con cualquier condici\u00f3n problem\u00e1tica.<\/p>\n<p>En investigaciones pendientes dise\u00f1adas agrava las conversaciones en l\u00ednea disponibles para comprar, puede encontrar reacciones positivas de nuestros compradores, que actualmente est\u00e1n satisfechos con los tipos de ayuda ofrecidos y las mejores cosas compradas en l\u00ednea.<\/p>\n","protected":false},"excerpt":{"rendered":"<div class=\"char\">ESPECIFICACI\u00d3N<\/div>\n<div class=\"especificaci\u00f3n\">\n<div class=\"sprow\"><span class=\"spname\">Nombre del producto:<\/span><span class=\"sptext \">ALD-52<\/span><\/div>\n<div class=\"sprow\"><span class=\"spname\">Nombre IUPAC:<\/span><span class=\"sptext\">1-Acetyl-N, N-dietillisergamida, ALD<\/span><\/div>\n<div class=\"sprow\"><span class=\"spname\">Otros nombres:<\/span><span class=\"sptext\">N-acetil-LSD, Dietilamida del \u00e1cido acetillis\u00e9rgico, dietilamida del \u00e1cido d-acetillis\u00e9rgico, d-acetildietillisergamida<\/span><\/div>\n<div class=\"sprow\"><span class=\"spname\">N\u00famero CAS:<\/span><span class=\"sptext\">3270-02-8<\/span><\/div>\n<div class=\"sprow\"><span class=\"spname\">F\u00f3rmula molecular:<\/span><span class=\"sptext\">C22H27N3O2<\/span><\/div>\n<div class=\"sprow\"><span class=\"spname\">Masa molar:<\/span><span class=\"sptext\">365,477 g\u2022mol-1<\/span><\/div>\n<div class=\"sprow\"><span class=\"spname\">Efecto:<\/span><span class=\"sptext\">psicod\u00e9lico, alucin\u00f3geno<\/span><\/div>\n<div class=\"sprow\"><\/div>\n<\/p><\/div>\n<p>Compre papel secante ALD-52 en l\u00ednea. <em>ALD<\/em>\u2013<em>52<\/em>\u00a0es el derivado N-acetilo del LSD. <strong>100 mcg<\/strong>\u00a0ALD-52 Blotters.<\/p>\n<p>ALD-52 a la venta en Europa, compre con Bitcoin y reciba env\u00edo discreto desde la UE. Papel secante ALD-52 a la venta, polvo crudo ALD-52 a la venta, proveedor de productos qu\u00edmicos de investigaci\u00f3n<\/p>\n<p>Pida una muestra para probar o compre ALD-52 a la venta con env\u00edo gratuito en el Reino Unido, EE. UU. o Europa.<\/p>\n","protected":false},"featured_media":5449,"comment_status":"open","ping_status":"closed","template":"","meta":[],"product_brand":[],"product_cat":[2014],"product_tag":[2652,2653,2654,2657,2655,2656,2660,2661,2662,2659,2658,2650,2651],"class_list":{"0":"post-5440","1":"product","2":"type-product","3":"status-publish","4":"has-post-thumbnail","6":"product_cat-comprar-investigacion-quimicos","7":"product_tag-best-ald-52-blotters-online","8":"product_tag-buy-ald-52-blotters-for-resale","9":"product_tag-buy-ald-52-blotters-online","10":"product_tag-comprar-pedir-secantes-ald-52-en-linea","11":"product_tag-comprar-legit-ald-52-blotters-online","12":"product_tag-comprar-pure-ald-52-blotters-online","13":"product_tag-donde-comprar-ald-52-blotters-online","14":"product_tag-donde-comprar-pure-ald-52-blotters-online","15":"product_tag-dnde-pedir-fiar-ald-52-blotters-online","16":"product_tag-order-ald-52-blotters-online","17":"product_tag-vendedor-discreto-ald-52","18":"product_tag-ald-52-secadores-en-venta","19":"product_tag-ald-52-blotters-venta-online","21":"first","22":"instock","23":"shipping-taxable","24":"purchasable","25":"product-type-variable","26":"has-default-attributes"},"yoast_head":"<!-- This site is optimized with the Yoast SEO plugin v27.3 - https:\/\/yoast.com\/product\/yoast-seo-wordpress\/ -->\n<title>Comprar papel secante ALD-52 - Papel secante ALD-52 de calidad - Best Global Meds<\/title>\n<meta name=\"description\" content=\"Compre papel secante ALD-52 en l\u00ednea. compre ALD-52 a la venta y obtenga env\u00edo gratuito en el Reino Unido, EE. UU. o Europa ALD\u201352 es el derivado N-acetilo del LSD. Papel secante ALD-52 de 100 mcg.\" \/>\n<meta name=\"robots\" content=\"index, follow, max-snippet:-1, max-image-preview:large, max-video-preview:-1\" \/>\n<link rel=\"canonical\" href=\"https:\/\/medicinasinc.com\/es\/product\/comprar-ald-52-blotters\/\" \/>\n<meta property=\"og:locale\" content=\"es_ES\" \/>\n<meta property=\"og:type\" content=\"article\" \/>\n<meta property=\"og:title\" content=\"Comprar papel secante ALD-52 - Papel secante ALD-52 de calidad - Best Global Meds\" \/>\n<meta property=\"og:description\" content=\"Compre papel secante ALD-52 en l\u00ednea. compre ALD-52 a la venta y obtenga env\u00edo gratuito en el Reino Unido, EE. UU. o Europa ALD\u201352 es el derivado N-acetilo del LSD. Papel secante ALD-52 de 100 mcg.\" \/>\n<meta property=\"og:url\" content=\"https:\/\/medicinasinc.com\/es\/product\/comprar-ald-52-blotters\/\" \/>\n<meta property=\"og:site_name\" content=\"Medicinas Inc\" \/>\n<meta property=\"article:modified_time\" content=\"2022-03-22T00:46:55+00:00\" \/>\n<meta property=\"og:image\" content=\"https:\/\/medicinasinc.com\/es\/wp-content\/uploads\/sites\/15\/2022\/02\/Buy-ALD-52-Blotters.jpg\" \/>\n\t<meta property=\"og:image:width\" content=\"350\" \/>\n\t<meta property=\"og:image:height\" content=\"350\" \/>\n\t<meta property=\"og:image:type\" content=\"image\/jpeg\" \/>\n<meta name=\"twitter:card\" content=\"summary_large_image\" \/>\n<meta name=\"twitter:label1\" content=\"Tiempo de lectura\" \/>\n\t<meta name=\"twitter:data1\" content=\"2 minutos\" \/>\n<script type=\"application\/ld+json\" class=\"yoast-schema-graph\">{\"@context\":\"https:\\\/\\\/schema.org\",\"@graph\":[{\"@type\":\"WebPage\",\"@id\":\"https:\\\/\\\/medicinasinc.com\\\/es\\\/product\\\/comprar-ald-52-blotters\\\/\",\"url\":\"https:\\\/\\\/medicinasinc.com\\\/es\\\/product\\\/comprar-ald-52-blotters\\\/\",\"name\":\"Comprar papel secante ALD-52 - Papel secante ALD-52 de calidad - Best Global Meds\",\"isPartOf\":{\"@id\":\"https:\\\/\\\/medicinasinc.com\\\/es\\\/#website\"},\"primaryImageOfPage\":{\"@id\":\"https:\\\/\\\/medicinasinc.com\\\/es\\\/product\\\/comprar-ald-52-blotters\\\/#primaryimage\"},\"image\":{\"@id\":\"https:\\\/\\\/medicinasinc.com\\\/es\\\/product\\\/comprar-ald-52-blotters\\\/#primaryimage\"},\"thumbnailUrl\":\"https:\\\/\\\/medicinasinc.com\\\/es\\\/wp-content\\\/uploads\\\/sites\\\/15\\\/2022\\\/02\\\/Buy-ALD-52-Blotters.jpg\",\"datePublished\":\"2022-02-21T23:30:16+00:00\",\"dateModified\":\"2022-03-22T00:46:55+00:00\",\"description\":\"Compre papel secante ALD-52 en l\u00ednea. compre ALD-52 a la venta y obtenga env\u00edo gratuito en el Reino Unido, EE. UU. o Europa ALD\u201352 es el derivado N-acetilo del LSD. Papel secante ALD-52 de 100 mcg.\",\"breadcrumb\":{\"@id\":\"https:\\\/\\\/medicinasinc.com\\\/es\\\/product\\\/comprar-ald-52-blotters\\\/#breadcrumb\"},\"inLanguage\":\"es\",\"potentialAction\":[{\"@type\":\"ReadAction\",\"target\":[\"https:\\\/\\\/medicinasinc.com\\\/es\\\/product\\\/comprar-ald-52-blotters\\\/\"]}]},{\"@type\":\"ImageObject\",\"inLanguage\":\"es\",\"@id\":\"https:\\\/\\\/medicinasinc.com\\\/es\\\/product\\\/comprar-ald-52-blotters\\\/#primaryimage\",\"url\":\"https:\\\/\\\/medicinasinc.com\\\/es\\\/wp-content\\\/uploads\\\/sites\\\/15\\\/2022\\\/02\\\/Buy-ALD-52-Blotters.jpg\",\"contentUrl\":\"https:\\\/\\\/medicinasinc.com\\\/es\\\/wp-content\\\/uploads\\\/sites\\\/15\\\/2022\\\/02\\\/Buy-ALD-52-Blotters.jpg\",\"width\":350,\"height\":350},{\"@type\":\"BreadcrumbList\",\"@id\":\"https:\\\/\\\/medicinasinc.com\\\/es\\\/product\\\/comprar-ald-52-blotters\\\/#breadcrumb\",\"itemListElement\":[{\"@type\":\"ListItem\",\"position\":1,\"name\":\"Tienda\",\"item\":\"https:\\\/\\\/medicinasinc.com\\\/es\\\/tienda\\\/\"},{\"@type\":\"ListItem\",\"position\":2,\"name\":\"Comprar secantes ALD-52\"}]},{\"@type\":\"WebSite\",\"@id\":\"https:\\\/\\\/medicinasinc.com\\\/es\\\/#website\",\"url\":\"https:\\\/\\\/medicinasinc.com\\\/es\\\/\",\"name\":\"Medicinas Inc\",\"description\":\"Cl\u00ednica M\u00e9dica de Salud\",\"potentialAction\":[{\"@type\":\"SearchAction\",\"target\":{\"@type\":\"EntryPoint\",\"urlTemplate\":\"https:\\\/\\\/medicinasinc.com\\\/es\\\/?s={search_term_string}\"},\"query-input\":{\"@type\":\"PropertyValueSpecification\",\"valueRequired\":true,\"valueName\":\"search_term_string\"}}],\"inLanguage\":\"es\"}]}<\/script>\n<!-- \/ Yoast SEO plugin. -->","yoast_head_json":{"title":"Comprar papel secante ALD-52 - Papel secante ALD-52 de calidad - Best Global Meds","description":"Compre papel secante ALD-52 en l\u00ednea. compre ALD-52 a la venta y obtenga env\u00edo gratuito en el Reino Unido, EE. UU. o Europa ALD\u201352 es el derivado N-acetilo del LSD. Papel secante ALD-52 de 100 mcg.","robots":{"index":"index","follow":"follow","max-snippet":"max-snippet:-1","max-image-preview":"max-image-preview:large","max-video-preview":"max-video-preview:-1"},"canonical":"https:\/\/medicinasinc.com\/es\/product\/comprar-ald-52-blotters\/","og_locale":"es_ES","og_type":"article","og_title":"Comprar papel secante ALD-52 - Papel secante ALD-52 de calidad - Best Global Meds","og_description":"Compre papel secante ALD-52 en l\u00ednea. compre ALD-52 a la venta y obtenga env\u00edo gratuito en el Reino Unido, EE. UU. o Europa ALD\u201352 es el derivado N-acetilo del LSD. Papel secante ALD-52 de 100 mcg.","og_url":"https:\/\/medicinasinc.com\/es\/product\/comprar-ald-52-blotters\/","og_site_name":"Medicinas Inc","article_modified_time":"2022-03-22T00:46:55+00:00","og_image":[{"width":350,"height":350,"url":"https:\/\/medicinasinc.com\/es\/wp-content\/uploads\/sites\/15\/2022\/02\/Buy-ALD-52-Blotters.jpg","type":"image\/jpeg"}],"twitter_card":"summary_large_image","twitter_misc":{"Tiempo de lectura":"2 minutos"},"schema":{"@context":"https:\/\/schema.org","@graph":[{"@type":"WebPage","@id":"https:\/\/medicinasinc.com\/es\/product\/comprar-ald-52-blotters\/","url":"https:\/\/medicinasinc.com\/es\/product\/comprar-ald-52-blotters\/","name":"Comprar papel secante ALD-52 - Papel secante ALD-52 de calidad - Best Global Meds","isPartOf":{"@id":"https:\/\/medicinasinc.com\/es\/#website"},"primaryImageOfPage":{"@id":"https:\/\/medicinasinc.com\/es\/product\/comprar-ald-52-blotters\/#primaryimage"},"image":{"@id":"https:\/\/medicinasinc.com\/es\/product\/comprar-ald-52-blotters\/#primaryimage"},"thumbnailUrl":"https:\/\/medicinasinc.com\/es\/wp-content\/uploads\/sites\/15\/2022\/02\/Buy-ALD-52-Blotters.jpg","datePublished":"2022-02-21T23:30:16+00:00","dateModified":"2022-03-22T00:46:55+00:00","description":"Compre papel secante ALD-52 en l\u00ednea. compre ALD-52 a la venta y obtenga env\u00edo gratuito en el Reino Unido, EE. UU. o Europa ALD\u201352 es el derivado N-acetilo del LSD. Papel secante ALD-52 de 100 mcg.","breadcrumb":{"@id":"https:\/\/medicinasinc.com\/es\/product\/comprar-ald-52-blotters\/#breadcrumb"},"inLanguage":"es","potentialAction":[{"@type":"ReadAction","target":["https:\/\/medicinasinc.com\/es\/product\/comprar-ald-52-blotters\/"]}]},{"@type":"ImageObject","inLanguage":"es","@id":"https:\/\/medicinasinc.com\/es\/product\/comprar-ald-52-blotters\/#primaryimage","url":"https:\/\/medicinasinc.com\/es\/wp-content\/uploads\/sites\/15\/2022\/02\/Buy-ALD-52-Blotters.jpg","contentUrl":"https:\/\/medicinasinc.com\/es\/wp-content\/uploads\/sites\/15\/2022\/02\/Buy-ALD-52-Blotters.jpg","width":350,"height":350},{"@type":"BreadcrumbList","@id":"https:\/\/medicinasinc.com\/es\/product\/comprar-ald-52-blotters\/#breadcrumb","itemListElement":[{"@type":"ListItem","position":1,"name":"Tienda","item":"https:\/\/medicinasinc.com\/es\/tienda\/"},{"@type":"ListItem","position":2,"name":"Comprar secantes ALD-52"}]},{"@type":"WebSite","@id":"https:\/\/medicinasinc.com\/es\/#website","url":"https:\/\/medicinasinc.com\/es\/","name":"Medicinas Inc","description":"Cl\u00ednica M\u00e9dica de Salud","potentialAction":[{"@type":"SearchAction","target":{"@type":"EntryPoint","urlTemplate":"https:\/\/medicinasinc.com\/es\/?s={search_term_string}"},"query-input":{"@type":"PropertyValueSpecification","valueRequired":true,"valueName":"search_term_string"}}],"inLanguage":"es"}]}},"_links":{"self":[{"href":"https:\/\/medicinasinc.com\/es\/wp-json\/wp\/v2\/product\/5440","targetHints":{"allow":["GET"]}}],"collection":[{"href":"https:\/\/medicinasinc.com\/es\/wp-json\/wp\/v2\/product"}],"about":[{"href":"https:\/\/medicinasinc.com\/es\/wp-json\/wp\/v2\/types\/product"}],"replies":[{"embeddable":true,"href":"https:\/\/medicinasinc.com\/es\/wp-json\/wp\/v2\/comments?post=5440"}],"wp:featuredmedia":[{"embeddable":true,"href":"https:\/\/medicinasinc.com\/es\/wp-json\/wp\/v2\/media\/5449"}],"wp:attachment":[{"href":"https:\/\/medicinasinc.com\/es\/wp-json\/wp\/v2\/media?parent=5440"}],"wp:term":[{"taxonomy":"product_brand","embeddable":true,"href":"https:\/\/medicinasinc.com\/es\/wp-json\/wp\/v2\/product_brand?post=5440"},{"taxonomy":"product_cat","embeddable":true,"href":"https:\/\/medicinasinc.com\/es\/wp-json\/wp\/v2\/product_cat?post=5440"},{"taxonomy":"product_tag","embeddable":true,"href":"https:\/\/medicinasinc.com\/es\/wp-json\/wp\/v2\/product_tag?post=5440"}],"curies":[{"name":"wp","href":"https:\/\/api.w.org\/{rel}","templated":true}]}}