{"id":5419,"date":"2022-02-21T23:00:46","date_gmt":"2022-02-21T23:00:46","guid":{"rendered":"https:\/\/medicinasinc.com\/es\/?post_type=product&#038;p=5419"},"modified":"2022-03-22T00:47:04","modified_gmt":"2022-03-22T00:47:04","slug":"comprar-adb-pinaca-polvo","status":"publish","type":"product","link":"https:\/\/medicinasinc.com\/es\/product\/comprar-adb-pinaca-polvo\/","title":{"rendered":"Comprar Polvo ADB-PINACA"},"content":{"rendered":"<p><strong>El polvo ADB-Pinaca de alta pureza est\u00e1 disponible<\/strong><\/p>\n<p>El polvo y el cristal de metiopropamina\/MPA se pueden comprar en ADB-Pinaca Powder Purety 98% Chemical Stock<\/p>\n<p>Pureza del polvo ADB-Pinaca<\/p>\n<p>ProName: 5F-MDMB-PINACA 5F-ADB 5FADB ADB en polvo<br \/> CasNo: 68585-34-2<br \/> F\u00f3rmula molecular: ADB<br \/> Aspecto: polvo cristalino blanco<br \/> Aplicaci\u00f3n: intermedio farmac\u00e9utico<br \/> Tiempo de entrega: 4-7 d\u00edas para productos listos<br \/> Paquete: 1 kg\/bolsa de papel de aluminio<br \/> Puerto: Tianjin<br \/> Capacidad de producci\u00f3n : 10000 kilogramos\/mes<br \/> Pureza: &gt;99,5 %<br \/> Almacenamiento: permanecer en lugar fresco, seco y bien sellado<br \/> Transporte: por EMS, DHL, FEDEX<br \/> Contenido de humedad: \u2264 0.01<\/p>\n<p>Comprar <a href=\"https:\/\/en.wikipedia.org\/wiki\/ADB-PINACA\">ADB-Pinaca<\/a> Pureza en polvo 98 % para la venta, investigar proveedores de productos qu\u00edmicos, comprar China de productos qu\u00edmicos de investigaci\u00f3n, el mejor sitio para comprar productos qu\u00edmicos de investigaci\u00f3n, productos qu\u00edmicos de investigaci\u00f3n reddit, productos qu\u00edmicos de investigaci\u00f3n de culturismo, productos qu\u00edmicos de investigaci\u00f3n baratos EE. UU., comprar investigaci\u00f3n c hemicals online europe<\/p>\n<p>&nbsp;<\/p>\n<div class=\"product-next-previous\">\n<div class=\"product-prev\"><\/div><\/div>\n","protected":false},"excerpt":{"rendered":"<p>Comprar ADB-Pinaca Polvo Alta Pureza. Compre ADB-Pinaca Powder Pureza 98% de stock qu\u00edmico disponible en polvo y amp; Crystal<\/p>\n<p>Compre ADB-Pinaca Powder\u00a0para la venta en Europa, Reino Unido, UE, China Pureza 98% Stock qu\u00edmico disponible en\u00a0Polvo\u00a0&amp; CrystalMethiopropamine \/ MPA\u00a0ADB-Pinaca Powder\u00a0Pureza.<\/p>\n","protected":false},"featured_media":5431,"comment_status":"open","ping_status":"closed","template":"","meta":[],"product_brand":[],"product_cat":[2014],"product_tag":[2632,2644,2637,2642,2636,2641,2638,2640,2639,2643,2646,2647,2648,2633,2635,2649,2634,2645],"class_list":{"0":"post-5419","1":"product","2":"type-product","3":"status-publish","4":"has-post-thumbnail","6":"product_cat-comprar-investigacion-quimicos","7":"product_tag-adb-fubinaca-per-gram","8":"product_tag-precio-bajo-adb-fubinaca","9":"product_tag-buy-online-adb-fubinaca","10":"product_tag-cmo-comprar-adb-fubinaca","11":"product_tag-comprar-adb-fubinaca","12":"product_tag-cuanto-cuesta-la-velocidad-adb-fubinaca","13":"product_tag-descripcin-adb-fubinaca","14":"product_tag-efectos-fubinaca","15":"product_tag-en-venta-adb-fubinaca","16":"product_tag-how-to-purchase-adb-fubinaca","17":"product_tag-mdmb-fubinaca","18":"product_tag-online-buy-adb-fubinaca","19":"product_tag-orden-adb-fubinaca","20":"product_tag-adb-fubinaca-precio","21":"product_tag-adb-fubinaca-proveedores","22":"product_tag-review-adb-fubinaca","23":"product_tag-revisinn-adb-fubinaca","24":"product_tag-low-rate-adb-fubinaca","26":"first","27":"instock","28":"shipping-taxable","29":"purchasable","30":"product-type-variable","31":"has-default-attributes"},"yoast_head":"<!-- This site is optimized with the Yoast SEO plugin v27.3 - https:\/\/yoast.com\/product\/yoast-seo-wordpress\/ -->\n<title>Comprar polvo ADB-PINACA - ADB-PINACA - Best Best Global Meds<\/title>\n<meta name=\"description\" content=\"Compre ADB-Pinaca Powder\u00a0para la venta en Europa, Reino Unido, UE, China Pureza 98% Stock qu\u00edmico en\u00a0polvo\u00a0&amp; CrystalMethiopropamine \/ MPA\u00a0ADB-Pinaca Powder.\" \/>\n<meta name=\"robots\" content=\"index, follow, max-snippet:-1, max-image-preview:large, max-video-preview:-1\" \/>\n<link rel=\"canonical\" href=\"https:\/\/medicinasinc.com\/es\/product\/comprar-adb-pinaca-polvo\/\" \/>\n<meta property=\"og:locale\" content=\"es_ES\" \/>\n<meta property=\"og:type\" content=\"article\" \/>\n<meta property=\"og:title\" content=\"Comprar polvo ADB-PINACA - ADB-PINACA - Best Best Global Meds\" \/>\n<meta property=\"og:description\" content=\"Compre ADB-Pinaca Powder\u00a0para la venta en Europa, Reino Unido, UE, China Pureza 98% Stock qu\u00edmico en\u00a0polvo\u00a0&amp; CrystalMethiopropamine \/ MPA\u00a0ADB-Pinaca Powder.\" \/>\n<meta property=\"og:url\" content=\"https:\/\/medicinasinc.com\/es\/product\/comprar-adb-pinaca-polvo\/\" \/>\n<meta property=\"og:site_name\" content=\"Medicinas Inc\" \/>\n<meta property=\"article:modified_time\" content=\"2022-03-22T00:47:04+00:00\" \/>\n<meta property=\"og:image\" content=\"https:\/\/medicinasinc.com\/es\/wp-content\/uploads\/sites\/15\/2022\/02\/Buy-ADB-Pinaca-Powder.png\" \/>\n\t<meta property=\"og:image:width\" content=\"600\" \/>\n\t<meta property=\"og:image:height\" content=\"400\" \/>\n\t<meta property=\"og:image:type\" content=\"image\/png\" \/>\n<meta name=\"twitter:card\" content=\"summary_large_image\" \/>\n<meta name=\"twitter:label1\" content=\"Tiempo de lectura\" \/>\n\t<meta name=\"twitter:data1\" content=\"1 minuto\" \/>\n<script type=\"application\/ld+json\" class=\"yoast-schema-graph\">{\"@context\":\"https:\\\/\\\/schema.org\",\"@graph\":[{\"@type\":\"WebPage\",\"@id\":\"https:\\\/\\\/medicinasinc.com\\\/es\\\/product\\\/comprar-adb-pinaca-polvo\\\/\",\"url\":\"https:\\\/\\\/medicinasinc.com\\\/es\\\/product\\\/comprar-adb-pinaca-polvo\\\/\",\"name\":\"Comprar polvo ADB-PINACA - ADB-PINACA - Best Best Global Meds\",\"isPartOf\":{\"@id\":\"https:\\\/\\\/medicinasinc.com\\\/es\\\/#website\"},\"primaryImageOfPage\":{\"@id\":\"https:\\\/\\\/medicinasinc.com\\\/es\\\/product\\\/comprar-adb-pinaca-polvo\\\/#primaryimage\"},\"image\":{\"@id\":\"https:\\\/\\\/medicinasinc.com\\\/es\\\/product\\\/comprar-adb-pinaca-polvo\\\/#primaryimage\"},\"thumbnailUrl\":\"https:\\\/\\\/medicinasinc.com\\\/es\\\/wp-content\\\/uploads\\\/sites\\\/15\\\/2022\\\/02\\\/Buy-ADB-Pinaca-Powder.png\",\"datePublished\":\"2022-02-21T23:00:46+00:00\",\"dateModified\":\"2022-03-22T00:47:04+00:00\",\"description\":\"Compre ADB-Pinaca Powder\u00a0para la venta en Europa, Reino Unido, UE, China Pureza 98% Stock qu\u00edmico en\u00a0polvo\u00a0&amp; CrystalMethiopropamine \\\/ MPA\u00a0ADB-Pinaca Powder.\",\"breadcrumb\":{\"@id\":\"https:\\\/\\\/medicinasinc.com\\\/es\\\/product\\\/comprar-adb-pinaca-polvo\\\/#breadcrumb\"},\"inLanguage\":\"es\",\"potentialAction\":[{\"@type\":\"ReadAction\",\"target\":[\"https:\\\/\\\/medicinasinc.com\\\/es\\\/product\\\/comprar-adb-pinaca-polvo\\\/\"]}]},{\"@type\":\"ImageObject\",\"inLanguage\":\"es\",\"@id\":\"https:\\\/\\\/medicinasinc.com\\\/es\\\/product\\\/comprar-adb-pinaca-polvo\\\/#primaryimage\",\"url\":\"https:\\\/\\\/medicinasinc.com\\\/es\\\/wp-content\\\/uploads\\\/sites\\\/15\\\/2022\\\/02\\\/Buy-ADB-Pinaca-Powder.png\",\"contentUrl\":\"https:\\\/\\\/medicinasinc.com\\\/es\\\/wp-content\\\/uploads\\\/sites\\\/15\\\/2022\\\/02\\\/Buy-ADB-Pinaca-Powder.png\",\"width\":600,\"height\":400},{\"@type\":\"BreadcrumbList\",\"@id\":\"https:\\\/\\\/medicinasinc.com\\\/es\\\/product\\\/comprar-adb-pinaca-polvo\\\/#breadcrumb\",\"itemListElement\":[{\"@type\":\"ListItem\",\"position\":1,\"name\":\"Tienda\",\"item\":\"https:\\\/\\\/medicinasinc.com\\\/es\\\/tienda\\\/\"},{\"@type\":\"ListItem\",\"position\":2,\"name\":\"Comprar Polvo ADB-PINACA\"}]},{\"@type\":\"WebSite\",\"@id\":\"https:\\\/\\\/medicinasinc.com\\\/es\\\/#website\",\"url\":\"https:\\\/\\\/medicinasinc.com\\\/es\\\/\",\"name\":\"Medicinas Inc\",\"description\":\"Cl\u00ednica M\u00e9dica de Salud\",\"potentialAction\":[{\"@type\":\"SearchAction\",\"target\":{\"@type\":\"EntryPoint\",\"urlTemplate\":\"https:\\\/\\\/medicinasinc.com\\\/es\\\/?s={search_term_string}\"},\"query-input\":{\"@type\":\"PropertyValueSpecification\",\"valueRequired\":true,\"valueName\":\"search_term_string\"}}],\"inLanguage\":\"es\"}]}<\/script>\n<!-- \/ Yoast SEO plugin. -->","yoast_head_json":{"title":"Comprar polvo ADB-PINACA - ADB-PINACA - Best Best Global Meds","description":"Compre ADB-Pinaca Powder\u00a0para la venta en Europa, Reino Unido, UE, China Pureza 98% Stock qu\u00edmico en\u00a0polvo\u00a0&amp; CrystalMethiopropamine \/ MPA\u00a0ADB-Pinaca Powder.","robots":{"index":"index","follow":"follow","max-snippet":"max-snippet:-1","max-image-preview":"max-image-preview:large","max-video-preview":"max-video-preview:-1"},"canonical":"https:\/\/medicinasinc.com\/es\/product\/comprar-adb-pinaca-polvo\/","og_locale":"es_ES","og_type":"article","og_title":"Comprar polvo ADB-PINACA - ADB-PINACA - Best Best Global Meds","og_description":"Compre ADB-Pinaca Powder\u00a0para la venta en Europa, Reino Unido, UE, China Pureza 98% Stock qu\u00edmico en\u00a0polvo\u00a0&amp; CrystalMethiopropamine \/ MPA\u00a0ADB-Pinaca Powder.","og_url":"https:\/\/medicinasinc.com\/es\/product\/comprar-adb-pinaca-polvo\/","og_site_name":"Medicinas Inc","article_modified_time":"2022-03-22T00:47:04+00:00","og_image":[{"width":600,"height":400,"url":"https:\/\/medicinasinc.com\/es\/wp-content\/uploads\/sites\/15\/2022\/02\/Buy-ADB-Pinaca-Powder.png","type":"image\/png"}],"twitter_card":"summary_large_image","twitter_misc":{"Tiempo de lectura":"1 minuto"},"schema":{"@context":"https:\/\/schema.org","@graph":[{"@type":"WebPage","@id":"https:\/\/medicinasinc.com\/es\/product\/comprar-adb-pinaca-polvo\/","url":"https:\/\/medicinasinc.com\/es\/product\/comprar-adb-pinaca-polvo\/","name":"Comprar polvo ADB-PINACA - ADB-PINACA - Best Best Global Meds","isPartOf":{"@id":"https:\/\/medicinasinc.com\/es\/#website"},"primaryImageOfPage":{"@id":"https:\/\/medicinasinc.com\/es\/product\/comprar-adb-pinaca-polvo\/#primaryimage"},"image":{"@id":"https:\/\/medicinasinc.com\/es\/product\/comprar-adb-pinaca-polvo\/#primaryimage"},"thumbnailUrl":"https:\/\/medicinasinc.com\/es\/wp-content\/uploads\/sites\/15\/2022\/02\/Buy-ADB-Pinaca-Powder.png","datePublished":"2022-02-21T23:00:46+00:00","dateModified":"2022-03-22T00:47:04+00:00","description":"Compre ADB-Pinaca Powder\u00a0para la venta en Europa, Reino Unido, UE, China Pureza 98% Stock qu\u00edmico en\u00a0polvo\u00a0&amp; CrystalMethiopropamine \/ MPA\u00a0ADB-Pinaca Powder.","breadcrumb":{"@id":"https:\/\/medicinasinc.com\/es\/product\/comprar-adb-pinaca-polvo\/#breadcrumb"},"inLanguage":"es","potentialAction":[{"@type":"ReadAction","target":["https:\/\/medicinasinc.com\/es\/product\/comprar-adb-pinaca-polvo\/"]}]},{"@type":"ImageObject","inLanguage":"es","@id":"https:\/\/medicinasinc.com\/es\/product\/comprar-adb-pinaca-polvo\/#primaryimage","url":"https:\/\/medicinasinc.com\/es\/wp-content\/uploads\/sites\/15\/2022\/02\/Buy-ADB-Pinaca-Powder.png","contentUrl":"https:\/\/medicinasinc.com\/es\/wp-content\/uploads\/sites\/15\/2022\/02\/Buy-ADB-Pinaca-Powder.png","width":600,"height":400},{"@type":"BreadcrumbList","@id":"https:\/\/medicinasinc.com\/es\/product\/comprar-adb-pinaca-polvo\/#breadcrumb","itemListElement":[{"@type":"ListItem","position":1,"name":"Tienda","item":"https:\/\/medicinasinc.com\/es\/tienda\/"},{"@type":"ListItem","position":2,"name":"Comprar Polvo ADB-PINACA"}]},{"@type":"WebSite","@id":"https:\/\/medicinasinc.com\/es\/#website","url":"https:\/\/medicinasinc.com\/es\/","name":"Medicinas Inc","description":"Cl\u00ednica M\u00e9dica de Salud","potentialAction":[{"@type":"SearchAction","target":{"@type":"EntryPoint","urlTemplate":"https:\/\/medicinasinc.com\/es\/?s={search_term_string}"},"query-input":{"@type":"PropertyValueSpecification","valueRequired":true,"valueName":"search_term_string"}}],"inLanguage":"es"}]}},"_links":{"self":[{"href":"https:\/\/medicinasinc.com\/es\/wp-json\/wp\/v2\/product\/5419","targetHints":{"allow":["GET"]}}],"collection":[{"href":"https:\/\/medicinasinc.com\/es\/wp-json\/wp\/v2\/product"}],"about":[{"href":"https:\/\/medicinasinc.com\/es\/wp-json\/wp\/v2\/types\/product"}],"replies":[{"embeddable":true,"href":"https:\/\/medicinasinc.com\/es\/wp-json\/wp\/v2\/comments?post=5419"}],"wp:featuredmedia":[{"embeddable":true,"href":"https:\/\/medicinasinc.com\/es\/wp-json\/wp\/v2\/media\/5431"}],"wp:attachment":[{"href":"https:\/\/medicinasinc.com\/es\/wp-json\/wp\/v2\/media?parent=5419"}],"wp:term":[{"taxonomy":"product_brand","embeddable":true,"href":"https:\/\/medicinasinc.com\/es\/wp-json\/wp\/v2\/product_brand?post=5419"},{"taxonomy":"product_cat","embeddable":true,"href":"https:\/\/medicinasinc.com\/es\/wp-json\/wp\/v2\/product_cat?post=5419"},{"taxonomy":"product_tag","embeddable":true,"href":"https:\/\/medicinasinc.com\/es\/wp-json\/wp\/v2\/product_tag?post=5419"}],"curies":[{"name":"wp","href":"https:\/\/api.w.org\/{rel}","templated":true}]}}