{"id":5417,"date":"2022-02-21T22:57:54","date_gmt":"2022-02-21T22:57:54","guid":{"rendered":"https:\/\/medicinasinc.com\/es\/?post_type=product&#038;p=5417"},"modified":"2022-03-22T00:47:30","modified_gmt":"2022-03-22T00:47:30","slug":"buy-5f-mdmb-2201-5f-mmb-pica-5f-con-pica","status":"publish","type":"product","link":"https:\/\/medicinasinc.com\/es\/product\/buy-5f-mdmb-2201-5f-mmb-pica-5f-con-pica\/","title":{"rendered":"Buy 5F MDMB 2201 &#8211; 5F-MMB-PICA, 5F-AM-PICA"},"content":{"rendered":"<h1>Comprar 5f MDMB 2201 Crystals Online.<\/h1>\n<p>Comprar 5f MDMB 2201 Crystals Online.<\/p>\n<p>Es una carboxamida de indazol 3 que se empieza a ver en productos de cannabis sint\u00e9tico en todo el mundo. .<\/p>\n<p>Farmacolog\u00eda:<br \/> Se entiende que 5F-MDMB-2201 es un agonista de CB1 muy potente, pero no se sabe si tiene una fuerte selectividad por CB1 o, de hecho, si es selectivo en todos. Se requerir\u00e1n m\u00e1s pruebas en esta \u00e1rea.<\/p>\n<p>Compuestos similares:<br \/> 5F-AB-PINACA<br \/> PX-3<br \/> MDMB-FUBINACA<br \/> MDMB-CHMICA<br \/> APINACA<br \/> APICA<br \/> ADB-PINACA<br \/> ADBICA<br \/> ADB-FUBINACA<br \/> ADB-CHMINACA<br \/> AB-PINACA<br \/> AB-FUBINACA<br \/> AB-CHMINACA<br \/> AB-CHFUPYCA<br \/> 5F-APINACA<br \/> 5F-AMB<\/p>\n<p>Legalidad:<br \/> 5F-MDMB-2201 no se sabe que sea considerada una sustancia controlada en cualquier pa\u00eds o jurisdicci\u00f3n importante en este momento, pero puede considerarse un an\u00e1logo del 5F-ADB o compuestos relacionados. Eso podr\u00eda hacer que su venta o posesi\u00f3n sea ilegal en ciertas jurisdicciones, por lo que se debe tener cuidado al importar este qu\u00edmico.<br \/> 5F-MDMB-2201 se vende \u00fanicamente como qu\u00edmico de investigaci\u00f3n y, por lo tanto, no es apto para el consumo humano o animal. Solo debe ser utilizado por personal capacitado en un laboratorio o entorno forense.<\/p>\n","protected":false},"excerpt":{"rendered":"<p>Comprar MMB-2201, 5F MDMB 2201 para la venta en Reino Unido, Europa (tambi\u00e9n conocido como 5F-MMB-PICA, 5F-AMB-PICA e I-AMB) es un potente cannabinoide sint\u00e9tico a base de indol-3-carboxamida, que se ha vendido como droga de dise\u00f1o y como ingrediente activo en mezclas de cannabis sint\u00e9tico<\/p>\n<p>Compra en l\u00ednea de 5f MDMB 2201 Crystals. 5F-MDMB-2201 es un cannabinoide sint\u00e9tico de la familia de los indazoles que es muy similar al m\u00e1s conocido 5F-MDMB-PINACA.<\/p>\n<p>Compre 5F-MDMB-2201 en polvo puro de alta calidad en l\u00ednea con Bitcoin &amp; #8211; Compre drogas legales, productos qu\u00edmicos de investigaci\u00f3n y polvos farmac\u00e9uticos sin procesar en l\u00ednea.<\/p>\n<p>5F-MDMB-2201<\/p>\n<p>Solicite una muestra para probarla o compre 5f-mdmb-2201 para la venta con env\u00edo gratis a Reino Unido, EE. UU. o Europa.<\/p>\n","protected":false},"featured_media":5427,"comment_status":"open","ping_status":"closed","template":"","meta":[],"product_brand":[],"product_cat":[2596],"product_tag":[2598,2600,2601,2602,2603,2604,2605,2610,2611,2612,2613,2615,2616,2617,2618,2623,2624,2619,2621,2620,2622,2625,2631,2608,2627,2628,2626,2599,2606,2607,2629,2614,2597,2630,2609],"class_list":{"0":"post-5417","1":"product","2":"type-product","3":"status-publish","4":"has-post-thumbnail","6":"product_cat-venta-de-cannabinoides","7":"product_tag-4f-mdmb-binaca-es","8":"product_tag-5f-mdmb-2201","9":"product_tag-5f-mdmb-2201-cannabinoides","10":"product_tag-5f-mdmb-2201-cannabinoides-en-venta","11":"product_tag-5f-mdmb-2201-en-venta","12":"product_tag-5f-mdmb-2201-en-venta-online","13":"product_tag-5f-mdmb-2201-powder","14":"product_tag-5f-mdmb-2201-powder-review","15":"product_tag-5f-mdmb-2201-powder-supplier","16":"product_tag-5f-mdmb-2201-powder-uk","17":"product_tag-5f-mdmb-2201-powder-usa","18":"product_tag-5f-mdmb-2201-reddit","19":"product_tag-5f-mdmb-2201-revisin","20":"product_tag-5f-mdmb-pinaca-comprar","21":"product_tag-5f-sargento-151","22":"product_tag-buy-diclazepam-uk","23":"product_tag-c-liquid-chemical-suspension","24":"product_tag-comprar-5f-mdmb-2201","25":"product_tag-comprar-5f-mdmb-2201-online","26":"product_tag-comprar-5f-mdmb-2201-cannabinoides","27":"product_tag-comprar-5f-mdmb-2201-pulpo-online","28":"product_tag-correo-5f-mdmb-2201","29":"product_tag-donde-comprar-5f-mdmb-2201","30":"product_tag-5f-mdmb-2201-dosis-polvo","31":"product_tag-pedido-5f-mdmb-2201-online","32":"product_tag-order-5f-mdmb-2201-powder","33":"product_tag-orden-5f-mdmb-2201","34":"product_tag-5f-polvo","35":"product_tag-5f-mdmb-2201-polvo-australia","36":"product_tag-5f-mdmb-2201-polvo-canad","37":"product_tag-puro-5f-mdmb-2201-polvo","38":"product_tag-5f-mdmb-2201-vendedor-de-polvo","39":"product_tag-4f-adb-revisinn","40":"product_tag-sargento-151-legal","41":"product_tag-5f-mdmb-2201-polvo-en-venta","43":"first","44":"instock","45":"shipping-taxable","46":"purchasable","47":"product-type-variable","48":"has-default-attributes"},"yoast_head":"<!-- This site is optimized with the Yoast SEO plugin v27.3 - https:\/\/yoast.com\/product\/yoast-seo-wordpress\/ -->\n<title>Buy 5F MDMB 2201 - 5F-MMB-PICA, 5F-AMB-PICA, y I-AMB<\/title>\n<meta name=\"description\" content=\"Comprar MMB-2201, 5F MDMB 2201 para la venta Reino Unido, Europa (tambi\u00e9n conocido como 5F-MMB-PICA, 5F-AMB-PICA e I-AMB) es un potente cannabinoide sint\u00e9tico a base de indol-3-carboxamida, que se ha vendido como droga de dise\u00f1o y como ingrediente activo en mezclas de cannabis sint\u00e9tico\" \/>\n<meta name=\"robots\" content=\"index, follow, max-snippet:-1, max-image-preview:large, max-video-preview:-1\" \/>\n<link rel=\"canonical\" href=\"https:\/\/medicinasinc.com\/es\/product\/buy-5f-mdmb-2201-5f-mmb-pica-5f-con-pica\/\" \/>\n<meta property=\"og:locale\" content=\"es_ES\" \/>\n<meta property=\"og:type\" content=\"article\" \/>\n<meta property=\"og:title\" content=\"Buy 5F MDMB 2201 - 5F-MMB-PICA, 5F-AMB-PICA, y I-AMB\" \/>\n<meta property=\"og:description\" content=\"Comprar MMB-2201, 5F MDMB 2201 para la venta Reino Unido, Europa (tambi\u00e9n conocido como 5F-MMB-PICA, 5F-AMB-PICA e I-AMB) es un potente cannabinoide sint\u00e9tico a base de indol-3-carboxamida, que se ha vendido como droga de dise\u00f1o y como ingrediente activo en mezclas de cannabis sint\u00e9tico\" \/>\n<meta property=\"og:url\" content=\"https:\/\/medicinasinc.com\/es\/product\/buy-5f-mdmb-2201-5f-mmb-pica-5f-con-pica\/\" \/>\n<meta property=\"og:site_name\" content=\"Medicinas Inc\" \/>\n<meta property=\"article:modified_time\" content=\"2022-03-22T00:47:30+00:00\" \/>\n<meta property=\"og:image\" content=\"https:\/\/medicinasinc.com\/es\/wp-content\/uploads\/sites\/15\/2022\/02\/Buy-5f-MDMB-2201.jpg\" \/>\n\t<meta property=\"og:image:width\" content=\"232\" \/>\n\t<meta property=\"og:image:height\" content=\"217\" \/>\n\t<meta property=\"og:image:type\" content=\"image\/jpeg\" \/>\n<meta name=\"twitter:card\" content=\"summary_large_image\" \/>\n<meta name=\"twitter:label1\" content=\"Tiempo de lectura\" \/>\n\t<meta name=\"twitter:data1\" content=\"1 minuto\" \/>\n<script type=\"application\/ld+json\" class=\"yoast-schema-graph\">{\"@context\":\"https:\\\/\\\/schema.org\",\"@graph\":[{\"@type\":\"WebPage\",\"@id\":\"https:\\\/\\\/medicinasinc.com\\\/es\\\/product\\\/buy-5f-mdmb-2201-5f-mmb-pica-5f-con-pica\\\/\",\"url\":\"https:\\\/\\\/medicinasinc.com\\\/es\\\/product\\\/buy-5f-mdmb-2201-5f-mmb-pica-5f-con-pica\\\/\",\"name\":\"Buy 5F MDMB 2201 - 5F-MMB-PICA, 5F-AMB-PICA, y I-AMB\",\"isPartOf\":{\"@id\":\"https:\\\/\\\/medicinasinc.com\\\/es\\\/#website\"},\"primaryImageOfPage\":{\"@id\":\"https:\\\/\\\/medicinasinc.com\\\/es\\\/product\\\/buy-5f-mdmb-2201-5f-mmb-pica-5f-con-pica\\\/#primaryimage\"},\"image\":{\"@id\":\"https:\\\/\\\/medicinasinc.com\\\/es\\\/product\\\/buy-5f-mdmb-2201-5f-mmb-pica-5f-con-pica\\\/#primaryimage\"},\"thumbnailUrl\":\"https:\\\/\\\/medicinasinc.com\\\/es\\\/wp-content\\\/uploads\\\/sites\\\/15\\\/2022\\\/02\\\/Buy-5f-MDMB-2201.jpg\",\"datePublished\":\"2022-02-21T22:57:54+00:00\",\"dateModified\":\"2022-03-22T00:47:30+00:00\",\"description\":\"Comprar MMB-2201, 5F MDMB 2201 para la venta Reino Unido, Europa (tambi\u00e9n conocido como 5F-MMB-PICA, 5F-AMB-PICA e I-AMB) es un potente cannabinoide sint\u00e9tico a base de indol-3-carboxamida, que se ha vendido como droga de dise\u00f1o y como ingrediente activo en mezclas de cannabis sint\u00e9tico\",\"breadcrumb\":{\"@id\":\"https:\\\/\\\/medicinasinc.com\\\/es\\\/product\\\/buy-5f-mdmb-2201-5f-mmb-pica-5f-con-pica\\\/#breadcrumb\"},\"inLanguage\":\"es\",\"potentialAction\":[{\"@type\":\"ReadAction\",\"target\":[\"https:\\\/\\\/medicinasinc.com\\\/es\\\/product\\\/buy-5f-mdmb-2201-5f-mmb-pica-5f-con-pica\\\/\"]}]},{\"@type\":\"ImageObject\",\"inLanguage\":\"es\",\"@id\":\"https:\\\/\\\/medicinasinc.com\\\/es\\\/product\\\/buy-5f-mdmb-2201-5f-mmb-pica-5f-con-pica\\\/#primaryimage\",\"url\":\"https:\\\/\\\/medicinasinc.com\\\/es\\\/wp-content\\\/uploads\\\/sites\\\/15\\\/2022\\\/02\\\/Buy-5f-MDMB-2201.jpg\",\"contentUrl\":\"https:\\\/\\\/medicinasinc.com\\\/es\\\/wp-content\\\/uploads\\\/sites\\\/15\\\/2022\\\/02\\\/Buy-5f-MDMB-2201.jpg\",\"width\":232,\"height\":217},{\"@type\":\"BreadcrumbList\",\"@id\":\"https:\\\/\\\/medicinasinc.com\\\/es\\\/product\\\/buy-5f-mdmb-2201-5f-mmb-pica-5f-con-pica\\\/#breadcrumb\",\"itemListElement\":[{\"@type\":\"ListItem\",\"position\":1,\"name\":\"Tienda\",\"item\":\"https:\\\/\\\/medicinasinc.com\\\/es\\\/tienda\\\/\"},{\"@type\":\"ListItem\",\"position\":2,\"name\":\"Buy 5F MDMB 2201 &#8211; 5F-MMB-PICA, 5F-AM-PICA\"}]},{\"@type\":\"WebSite\",\"@id\":\"https:\\\/\\\/medicinasinc.com\\\/es\\\/#website\",\"url\":\"https:\\\/\\\/medicinasinc.com\\\/es\\\/\",\"name\":\"Medicinas Inc\",\"description\":\"Cl\u00ednica M\u00e9dica de Salud\",\"potentialAction\":[{\"@type\":\"SearchAction\",\"target\":{\"@type\":\"EntryPoint\",\"urlTemplate\":\"https:\\\/\\\/medicinasinc.com\\\/es\\\/?s={search_term_string}\"},\"query-input\":{\"@type\":\"PropertyValueSpecification\",\"valueRequired\":true,\"valueName\":\"search_term_string\"}}],\"inLanguage\":\"es\"}]}<\/script>\n<!-- \/ Yoast SEO plugin. -->","yoast_head_json":{"title":"Buy 5F MDMB 2201 - 5F-MMB-PICA, 5F-AMB-PICA, y I-AMB","description":"Comprar MMB-2201, 5F MDMB 2201 para la venta Reino Unido, Europa (tambi\u00e9n conocido como 5F-MMB-PICA, 5F-AMB-PICA e I-AMB) es un potente cannabinoide sint\u00e9tico a base de indol-3-carboxamida, que se ha vendido como droga de dise\u00f1o y como ingrediente activo en mezclas de cannabis sint\u00e9tico","robots":{"index":"index","follow":"follow","max-snippet":"max-snippet:-1","max-image-preview":"max-image-preview:large","max-video-preview":"max-video-preview:-1"},"canonical":"https:\/\/medicinasinc.com\/es\/product\/buy-5f-mdmb-2201-5f-mmb-pica-5f-con-pica\/","og_locale":"es_ES","og_type":"article","og_title":"Buy 5F MDMB 2201 - 5F-MMB-PICA, 5F-AMB-PICA, y I-AMB","og_description":"Comprar MMB-2201, 5F MDMB 2201 para la venta Reino Unido, Europa (tambi\u00e9n conocido como 5F-MMB-PICA, 5F-AMB-PICA e I-AMB) es un potente cannabinoide sint\u00e9tico a base de indol-3-carboxamida, que se ha vendido como droga de dise\u00f1o y como ingrediente activo en mezclas de cannabis sint\u00e9tico","og_url":"https:\/\/medicinasinc.com\/es\/product\/buy-5f-mdmb-2201-5f-mmb-pica-5f-con-pica\/","og_site_name":"Medicinas Inc","article_modified_time":"2022-03-22T00:47:30+00:00","og_image":[{"width":232,"height":217,"url":"https:\/\/medicinasinc.com\/es\/wp-content\/uploads\/sites\/15\/2022\/02\/Buy-5f-MDMB-2201.jpg","type":"image\/jpeg"}],"twitter_card":"summary_large_image","twitter_misc":{"Tiempo de lectura":"1 minuto"},"schema":{"@context":"https:\/\/schema.org","@graph":[{"@type":"WebPage","@id":"https:\/\/medicinasinc.com\/es\/product\/buy-5f-mdmb-2201-5f-mmb-pica-5f-con-pica\/","url":"https:\/\/medicinasinc.com\/es\/product\/buy-5f-mdmb-2201-5f-mmb-pica-5f-con-pica\/","name":"Buy 5F MDMB 2201 - 5F-MMB-PICA, 5F-AMB-PICA, y I-AMB","isPartOf":{"@id":"https:\/\/medicinasinc.com\/es\/#website"},"primaryImageOfPage":{"@id":"https:\/\/medicinasinc.com\/es\/product\/buy-5f-mdmb-2201-5f-mmb-pica-5f-con-pica\/#primaryimage"},"image":{"@id":"https:\/\/medicinasinc.com\/es\/product\/buy-5f-mdmb-2201-5f-mmb-pica-5f-con-pica\/#primaryimage"},"thumbnailUrl":"https:\/\/medicinasinc.com\/es\/wp-content\/uploads\/sites\/15\/2022\/02\/Buy-5f-MDMB-2201.jpg","datePublished":"2022-02-21T22:57:54+00:00","dateModified":"2022-03-22T00:47:30+00:00","description":"Comprar MMB-2201, 5F MDMB 2201 para la venta Reino Unido, Europa (tambi\u00e9n conocido como 5F-MMB-PICA, 5F-AMB-PICA e I-AMB) es un potente cannabinoide sint\u00e9tico a base de indol-3-carboxamida, que se ha vendido como droga de dise\u00f1o y como ingrediente activo en mezclas de cannabis sint\u00e9tico","breadcrumb":{"@id":"https:\/\/medicinasinc.com\/es\/product\/buy-5f-mdmb-2201-5f-mmb-pica-5f-con-pica\/#breadcrumb"},"inLanguage":"es","potentialAction":[{"@type":"ReadAction","target":["https:\/\/medicinasinc.com\/es\/product\/buy-5f-mdmb-2201-5f-mmb-pica-5f-con-pica\/"]}]},{"@type":"ImageObject","inLanguage":"es","@id":"https:\/\/medicinasinc.com\/es\/product\/buy-5f-mdmb-2201-5f-mmb-pica-5f-con-pica\/#primaryimage","url":"https:\/\/medicinasinc.com\/es\/wp-content\/uploads\/sites\/15\/2022\/02\/Buy-5f-MDMB-2201.jpg","contentUrl":"https:\/\/medicinasinc.com\/es\/wp-content\/uploads\/sites\/15\/2022\/02\/Buy-5f-MDMB-2201.jpg","width":232,"height":217},{"@type":"BreadcrumbList","@id":"https:\/\/medicinasinc.com\/es\/product\/buy-5f-mdmb-2201-5f-mmb-pica-5f-con-pica\/#breadcrumb","itemListElement":[{"@type":"ListItem","position":1,"name":"Tienda","item":"https:\/\/medicinasinc.com\/es\/tienda\/"},{"@type":"ListItem","position":2,"name":"Buy 5F MDMB 2201 &#8211; 5F-MMB-PICA, 5F-AM-PICA"}]},{"@type":"WebSite","@id":"https:\/\/medicinasinc.com\/es\/#website","url":"https:\/\/medicinasinc.com\/es\/","name":"Medicinas Inc","description":"Cl\u00ednica M\u00e9dica de Salud","potentialAction":[{"@type":"SearchAction","target":{"@type":"EntryPoint","urlTemplate":"https:\/\/medicinasinc.com\/es\/?s={search_term_string}"},"query-input":{"@type":"PropertyValueSpecification","valueRequired":true,"valueName":"search_term_string"}}],"inLanguage":"es"}]}},"_links":{"self":[{"href":"https:\/\/medicinasinc.com\/es\/wp-json\/wp\/v2\/product\/5417","targetHints":{"allow":["GET"]}}],"collection":[{"href":"https:\/\/medicinasinc.com\/es\/wp-json\/wp\/v2\/product"}],"about":[{"href":"https:\/\/medicinasinc.com\/es\/wp-json\/wp\/v2\/types\/product"}],"replies":[{"embeddable":true,"href":"https:\/\/medicinasinc.com\/es\/wp-json\/wp\/v2\/comments?post=5417"}],"wp:featuredmedia":[{"embeddable":true,"href":"https:\/\/medicinasinc.com\/es\/wp-json\/wp\/v2\/media\/5427"}],"wp:attachment":[{"href":"https:\/\/medicinasinc.com\/es\/wp-json\/wp\/v2\/media?parent=5417"}],"wp:term":[{"taxonomy":"product_brand","embeddable":true,"href":"https:\/\/medicinasinc.com\/es\/wp-json\/wp\/v2\/product_brand?post=5417"},{"taxonomy":"product_cat","embeddable":true,"href":"https:\/\/medicinasinc.com\/es\/wp-json\/wp\/v2\/product_cat?post=5417"},{"taxonomy":"product_tag","embeddable":true,"href":"https:\/\/medicinasinc.com\/es\/wp-json\/wp\/v2\/product_tag?post=5417"}],"curies":[{"name":"wp","href":"https:\/\/api.w.org\/{rel}","templated":true}]}}