{"id":5416,"date":"2022-02-21T22:57:03","date_gmt":"2022-02-21T22:57:03","guid":{"rendered":"https:\/\/medicinasinc.com\/es\/?post_type=product&#038;p=5416"},"modified":"2022-03-22T00:47:39","modified_gmt":"2022-03-22T00:47:39","slug":"comprar-50mcg-lsd-tabletas-online","status":"publish","type":"product","link":"https:\/\/medicinasinc.com\/es\/product\/comprar-50mcg-lsd-tabletas-online\/","title":{"rendered":"Compre tabletas de LSD de 50 mcg en l\u00ednea"},"content":{"rendered":"<p><strong>Compre pastillas de LSD de 50 mcg en l\u00ednea.<\/strong><\/p>\n<p>Las tabletas de LSD de 50 mcg se pueden comprar en l\u00ednea.<\/p>\n<p>Para comprar o pedir tabletas de LSD, puede hacerlo en nuestra tienda de tabletas LSD: Si est\u00e1 buscando tabletas LSD de alta calidad, no vaya m\u00e1s all\u00e1. Lo has encontrado. Las mejores tabletas de LSD en el mercado en este momento son las que fabricamos.<br \/> Dietilamida del \u00e1cido lis\u00e9rgico es su nombre gen\u00e9rico.<br \/> Se usan m\u00e1s de 80 nombres comunes o callejeros para describir el LSD. Estos incluyen \u00e1cido, papel secante (tambi\u00e9n conocido como \u00abel cid\u00bb), dosis (tambi\u00e9n conocido como \u00ablos puntos\u00bb) y viajes (tambi\u00e9n conocido como los viajes).<\/p>\n","protected":false},"excerpt":{"rendered":"<div class=\"woocommerce-product-details__short-description\">\n<p>Tabletas reales de LSD de 50 mcg en l\u00ednea: tabletas de 50 mcg de LSD a la venta | Comprar tabletas de LSD en l\u00ednea | Comprar tabletas de LSD de 50 mcg para la venta | Comprar tabletas de LSD de 50 mcg baratas | D\u00f3nde comprar tabletas de LSD de 50 mcg en l\u00ednea.<\/p>\n<\/p><\/div>\n","protected":false},"featured_media":5425,"comment_status":"open","ping_status":"closed","template":"","meta":[],"product_brand":[],"product_cat":[703],"product_tag":[],"class_list":{"0":"post-5416","1":"product","2":"type-product","3":"status-publish","4":"has-post-thumbnail","6":"product_cat-comprar-drogas-psicodelicas","8":"first","9":"instock","10":"shipping-taxable","11":"purchasable","12":"product-type-variable","13":"has-default-attributes"},"yoast_head":"<!-- This site is optimized with the Yoast SEO plugin v27.3 - https:\/\/yoast.com\/product\/yoast-seo-wordpress\/ -->\n<title>Compre tabletas de LSD de 50 mcg en l\u00ednea - Best Best Global Meds<\/title>\n<meta name=\"description\" content=\"Tabletas reales de LSD de 50 mcg en l\u00ednea \u2013 Tabletas de 50 mcg de LSD a la venta | Comprar tabletas de LSD en l\u00ednea | Comprar tabletas de LSD de 50 mcg para la venta | Comprar tabletas de LSD de 50 mcg baratas | D\u00f3nde comprar tabletas de LSD de 50 mcg en l\u00ednea.\" \/>\n<meta name=\"robots\" content=\"index, follow, max-snippet:-1, max-image-preview:large, max-video-preview:-1\" \/>\n<link rel=\"canonical\" href=\"https:\/\/medicinasinc.com\/es\/product\/comprar-50mcg-lsd-tabletas-online\/\" \/>\n<meta property=\"og:locale\" content=\"es_ES\" \/>\n<meta property=\"og:type\" content=\"article\" \/>\n<meta property=\"og:title\" content=\"Compre tabletas de LSD de 50 mcg en l\u00ednea - Best Best Global Meds\" \/>\n<meta property=\"og:description\" content=\"Tabletas reales de LSD de 50 mcg en l\u00ednea \u2013 Tabletas de 50 mcg de LSD a la venta | Comprar tabletas de LSD en l\u00ednea | Comprar tabletas de LSD de 50 mcg para la venta | Comprar tabletas de LSD de 50 mcg baratas | D\u00f3nde comprar tabletas de LSD de 50 mcg en l\u00ednea.\" \/>\n<meta property=\"og:url\" content=\"https:\/\/medicinasinc.com\/es\/product\/comprar-50mcg-lsd-tabletas-online\/\" \/>\n<meta property=\"og:site_name\" content=\"Medicinas Inc\" \/>\n<meta property=\"article:modified_time\" content=\"2022-03-22T00:47:39+00:00\" \/>\n<meta property=\"og:image\" content=\"https:\/\/medicinasinc.com\/es\/wp-content\/uploads\/sites\/15\/2022\/02\/buy-50mcg-lsd-tablets-online.jpg\" \/>\n\t<meta property=\"og:image:width\" content=\"600\" \/>\n\t<meta property=\"og:image:height\" content=\"600\" \/>\n\t<meta property=\"og:image:type\" content=\"image\/jpeg\" \/>\n<meta name=\"twitter:card\" content=\"summary_large_image\" \/>\n<meta name=\"twitter:label1\" content=\"Tiempo de lectura\" \/>\n\t<meta name=\"twitter:data1\" content=\"1 minuto\" \/>\n<script type=\"application\/ld+json\" class=\"yoast-schema-graph\">{\"@context\":\"https:\\\/\\\/schema.org\",\"@graph\":[{\"@type\":\"WebPage\",\"@id\":\"https:\\\/\\\/medicinasinc.com\\\/es\\\/product\\\/comprar-50mcg-lsd-tabletas-online\\\/\",\"url\":\"https:\\\/\\\/medicinasinc.com\\\/es\\\/product\\\/comprar-50mcg-lsd-tabletas-online\\\/\",\"name\":\"Compre tabletas de LSD de 50 mcg en l\u00ednea - Best Best Global Meds\",\"isPartOf\":{\"@id\":\"https:\\\/\\\/medicinasinc.com\\\/es\\\/#website\"},\"primaryImageOfPage\":{\"@id\":\"https:\\\/\\\/medicinasinc.com\\\/es\\\/product\\\/comprar-50mcg-lsd-tabletas-online\\\/#primaryimage\"},\"image\":{\"@id\":\"https:\\\/\\\/medicinasinc.com\\\/es\\\/product\\\/comprar-50mcg-lsd-tabletas-online\\\/#primaryimage\"},\"thumbnailUrl\":\"https:\\\/\\\/medicinasinc.com\\\/es\\\/wp-content\\\/uploads\\\/sites\\\/15\\\/2022\\\/02\\\/buy-50mcg-lsd-tablets-online.jpg\",\"datePublished\":\"2022-02-21T22:57:03+00:00\",\"dateModified\":\"2022-03-22T00:47:39+00:00\",\"description\":\"Tabletas reales de LSD de 50 mcg en l\u00ednea \u2013 Tabletas de 50 mcg de LSD a la venta | Comprar tabletas de LSD en l\u00ednea | Comprar tabletas de LSD de 50 mcg para la venta | Comprar tabletas de LSD de 50 mcg baratas | D\u00f3nde comprar tabletas de LSD de 50 mcg en l\u00ednea.\",\"breadcrumb\":{\"@id\":\"https:\\\/\\\/medicinasinc.com\\\/es\\\/product\\\/comprar-50mcg-lsd-tabletas-online\\\/#breadcrumb\"},\"inLanguage\":\"es\",\"potentialAction\":[{\"@type\":\"ReadAction\",\"target\":[\"https:\\\/\\\/medicinasinc.com\\\/es\\\/product\\\/comprar-50mcg-lsd-tabletas-online\\\/\"]}]},{\"@type\":\"ImageObject\",\"inLanguage\":\"es\",\"@id\":\"https:\\\/\\\/medicinasinc.com\\\/es\\\/product\\\/comprar-50mcg-lsd-tabletas-online\\\/#primaryimage\",\"url\":\"https:\\\/\\\/medicinasinc.com\\\/es\\\/wp-content\\\/uploads\\\/sites\\\/15\\\/2022\\\/02\\\/buy-50mcg-lsd-tablets-online.jpg\",\"contentUrl\":\"https:\\\/\\\/medicinasinc.com\\\/es\\\/wp-content\\\/uploads\\\/sites\\\/15\\\/2022\\\/02\\\/buy-50mcg-lsd-tablets-online.jpg\",\"width\":600,\"height\":600},{\"@type\":\"BreadcrumbList\",\"@id\":\"https:\\\/\\\/medicinasinc.com\\\/es\\\/product\\\/comprar-50mcg-lsd-tabletas-online\\\/#breadcrumb\",\"itemListElement\":[{\"@type\":\"ListItem\",\"position\":1,\"name\":\"Tienda\",\"item\":\"https:\\\/\\\/medicinasinc.com\\\/es\\\/tienda\\\/\"},{\"@type\":\"ListItem\",\"position\":2,\"name\":\"Compre tabletas de LSD de 50 mcg en l\u00ednea\"}]},{\"@type\":\"WebSite\",\"@id\":\"https:\\\/\\\/medicinasinc.com\\\/es\\\/#website\",\"url\":\"https:\\\/\\\/medicinasinc.com\\\/es\\\/\",\"name\":\"Medicinas Inc\",\"description\":\"Cl\u00ednica M\u00e9dica de Salud\",\"potentialAction\":[{\"@type\":\"SearchAction\",\"target\":{\"@type\":\"EntryPoint\",\"urlTemplate\":\"https:\\\/\\\/medicinasinc.com\\\/es\\\/?s={search_term_string}\"},\"query-input\":{\"@type\":\"PropertyValueSpecification\",\"valueRequired\":true,\"valueName\":\"search_term_string\"}}],\"inLanguage\":\"es\"}]}<\/script>\n<!-- \/ Yoast SEO plugin. -->","yoast_head_json":{"title":"Compre tabletas de LSD de 50 mcg en l\u00ednea - Best Best Global Meds","description":"Tabletas reales de LSD de 50 mcg en l\u00ednea \u2013 Tabletas de 50 mcg de LSD a la venta | Comprar tabletas de LSD en l\u00ednea | Comprar tabletas de LSD de 50 mcg para la venta | Comprar tabletas de LSD de 50 mcg baratas | D\u00f3nde comprar tabletas de LSD de 50 mcg en l\u00ednea.","robots":{"index":"index","follow":"follow","max-snippet":"max-snippet:-1","max-image-preview":"max-image-preview:large","max-video-preview":"max-video-preview:-1"},"canonical":"https:\/\/medicinasinc.com\/es\/product\/comprar-50mcg-lsd-tabletas-online\/","og_locale":"es_ES","og_type":"article","og_title":"Compre tabletas de LSD de 50 mcg en l\u00ednea - Best Best Global Meds","og_description":"Tabletas reales de LSD de 50 mcg en l\u00ednea \u2013 Tabletas de 50 mcg de LSD a la venta | Comprar tabletas de LSD en l\u00ednea | Comprar tabletas de LSD de 50 mcg para la venta | Comprar tabletas de LSD de 50 mcg baratas | D\u00f3nde comprar tabletas de LSD de 50 mcg en l\u00ednea.","og_url":"https:\/\/medicinasinc.com\/es\/product\/comprar-50mcg-lsd-tabletas-online\/","og_site_name":"Medicinas Inc","article_modified_time":"2022-03-22T00:47:39+00:00","og_image":[{"width":600,"height":600,"url":"https:\/\/medicinasinc.com\/es\/wp-content\/uploads\/sites\/15\/2022\/02\/buy-50mcg-lsd-tablets-online.jpg","type":"image\/jpeg"}],"twitter_card":"summary_large_image","twitter_misc":{"Tiempo de lectura":"1 minuto"},"schema":{"@context":"https:\/\/schema.org","@graph":[{"@type":"WebPage","@id":"https:\/\/medicinasinc.com\/es\/product\/comprar-50mcg-lsd-tabletas-online\/","url":"https:\/\/medicinasinc.com\/es\/product\/comprar-50mcg-lsd-tabletas-online\/","name":"Compre tabletas de LSD de 50 mcg en l\u00ednea - Best Best Global Meds","isPartOf":{"@id":"https:\/\/medicinasinc.com\/es\/#website"},"primaryImageOfPage":{"@id":"https:\/\/medicinasinc.com\/es\/product\/comprar-50mcg-lsd-tabletas-online\/#primaryimage"},"image":{"@id":"https:\/\/medicinasinc.com\/es\/product\/comprar-50mcg-lsd-tabletas-online\/#primaryimage"},"thumbnailUrl":"https:\/\/medicinasinc.com\/es\/wp-content\/uploads\/sites\/15\/2022\/02\/buy-50mcg-lsd-tablets-online.jpg","datePublished":"2022-02-21T22:57:03+00:00","dateModified":"2022-03-22T00:47:39+00:00","description":"Tabletas reales de LSD de 50 mcg en l\u00ednea \u2013 Tabletas de 50 mcg de LSD a la venta | Comprar tabletas de LSD en l\u00ednea | Comprar tabletas de LSD de 50 mcg para la venta | Comprar tabletas de LSD de 50 mcg baratas | D\u00f3nde comprar tabletas de LSD de 50 mcg en l\u00ednea.","breadcrumb":{"@id":"https:\/\/medicinasinc.com\/es\/product\/comprar-50mcg-lsd-tabletas-online\/#breadcrumb"},"inLanguage":"es","potentialAction":[{"@type":"ReadAction","target":["https:\/\/medicinasinc.com\/es\/product\/comprar-50mcg-lsd-tabletas-online\/"]}]},{"@type":"ImageObject","inLanguage":"es","@id":"https:\/\/medicinasinc.com\/es\/product\/comprar-50mcg-lsd-tabletas-online\/#primaryimage","url":"https:\/\/medicinasinc.com\/es\/wp-content\/uploads\/sites\/15\/2022\/02\/buy-50mcg-lsd-tablets-online.jpg","contentUrl":"https:\/\/medicinasinc.com\/es\/wp-content\/uploads\/sites\/15\/2022\/02\/buy-50mcg-lsd-tablets-online.jpg","width":600,"height":600},{"@type":"BreadcrumbList","@id":"https:\/\/medicinasinc.com\/es\/product\/comprar-50mcg-lsd-tabletas-online\/#breadcrumb","itemListElement":[{"@type":"ListItem","position":1,"name":"Tienda","item":"https:\/\/medicinasinc.com\/es\/tienda\/"},{"@type":"ListItem","position":2,"name":"Compre tabletas de LSD de 50 mcg en l\u00ednea"}]},{"@type":"WebSite","@id":"https:\/\/medicinasinc.com\/es\/#website","url":"https:\/\/medicinasinc.com\/es\/","name":"Medicinas Inc","description":"Cl\u00ednica M\u00e9dica de Salud","potentialAction":[{"@type":"SearchAction","target":{"@type":"EntryPoint","urlTemplate":"https:\/\/medicinasinc.com\/es\/?s={search_term_string}"},"query-input":{"@type":"PropertyValueSpecification","valueRequired":true,"valueName":"search_term_string"}}],"inLanguage":"es"}]}},"_links":{"self":[{"href":"https:\/\/medicinasinc.com\/es\/wp-json\/wp\/v2\/product\/5416","targetHints":{"allow":["GET"]}}],"collection":[{"href":"https:\/\/medicinasinc.com\/es\/wp-json\/wp\/v2\/product"}],"about":[{"href":"https:\/\/medicinasinc.com\/es\/wp-json\/wp\/v2\/types\/product"}],"replies":[{"embeddable":true,"href":"https:\/\/medicinasinc.com\/es\/wp-json\/wp\/v2\/comments?post=5416"}],"wp:featuredmedia":[{"embeddable":true,"href":"https:\/\/medicinasinc.com\/es\/wp-json\/wp\/v2\/media\/5425"}],"wp:attachment":[{"href":"https:\/\/medicinasinc.com\/es\/wp-json\/wp\/v2\/media?parent=5416"}],"wp:term":[{"taxonomy":"product_brand","embeddable":true,"href":"https:\/\/medicinasinc.com\/es\/wp-json\/wp\/v2\/product_brand?post=5416"},{"taxonomy":"product_cat","embeddable":true,"href":"https:\/\/medicinasinc.com\/es\/wp-json\/wp\/v2\/product_cat?post=5416"},{"taxonomy":"product_tag","embeddable":true,"href":"https:\/\/medicinasinc.com\/es\/wp-json\/wp\/v2\/product_tag?post=5416"}],"curies":[{"name":"wp","href":"https:\/\/api.w.org\/{rel}","templated":true}]}}