{"id":5389,"date":"2022-02-21T22:26:02","date_gmt":"2022-02-21T22:26:02","guid":{"rendered":"https:\/\/medicinasinc.com\/es\/?post_type=product&#038;p=5389"},"modified":"2022-03-22T00:47:59","modified_gmt":"2022-03-22T00:47:59","slug":"comprar-5-mapb-polvo-cristal","status":"publish","type":"product","link":"https:\/\/medicinasinc.com\/es\/product\/comprar-5-mapb-polvo-cristal\/","title":{"rendered":"Compre 5-MAPB en polvo y amp; Cristal"},"content":{"rendered":"<p>\u00bfNecesita 5-mapb-crystal y quiere comprarlo a un precio razonable? A continuaci\u00f3n, puede visitar nuestra tienda de suministros qu\u00edmicos en l\u00ednea ahora mismo. Con la ayuda de Bestglobalmed.com, puede comprar 5-mapb-crystal en l\u00ednea a precios asequibles. En nuestra tienda de productos qu\u00edmicos en l\u00ednea, somos un conocido vendedor y proveedor que siempre est\u00e1 a su servicio. \u00a1Ordene 5-mapb-crystal\u00a0hoy!<\/p>\n<p>5-mapb-crystal es un tipo de cristal.<\/p>\n<p>En estructura y efectos, 5-MAPB (1-(benzofuran-5-yl )-N-metil propano-2-amina) es similar a la MDMA, un entact\u00f3geno sint\u00e9tico. El 5&#8242;-(2-metilaminopropil)benzofurano es un entact\u00f3geno sint\u00e9tico de la familia qu\u00edmica de los benzosustituidos (abreviado como 5-MAPB para abreviar).<\/p>\n<p>\u00bfC\u00f3mo afecta el cristal de 5-mapb al cuerpo?<\/p>\n<p>5-mapb-crystal tiene un impacto euf\u00f3rico, entact\u00f3geno, estimulante y moderadamente psicod\u00e9lico en el cuerpo humano cuando se toma por v\u00eda oral.<\/p>\n<p>\u00bf5 MAPB Crystal se conoce como qu\u00e9 m\u00e1s?<\/p>\n<p>5 MAPB Crystal tambi\u00e9n se conoce como 5-MAPB.<\/p>\n<p>\u00bfC\u00f3mo describir\u00eda 5 MAPB Crystal?<\/p>\n<p>Qu\u00edmicamente, 5 MAPB Crystal es una mol\u00e9cula de benzofurano (anfetamina). <\/p>\n<p>\u00bfC\u00f3mo puedo obtener algunos cristales de 5 mapb?<\/p>\n<p>Puedes obtener cristales de 5 mapb de nuestro sitio web oficial y recibirlos en la direcci\u00f3n especificada dentro de un Pocos di\u00e1s. Solo en los Estados Unidos, el Reino Unido, Canad\u00e1, Alemania y Australia tratamos con 5-mapb-crystal. \u00a1Con\u00e9ctese ahora mismo!<\/p>\n<p>Somos el principal proveedor y distribuidor de productos qu\u00edmicos de alta calidad a un precio razonable. Es f\u00e1cil para los clientes sentirse c\u00f3modos cuando trabajan con nuestro equipo de expertos. Como resultado, pueden mantener un suministro suficiente y recibir una entrega oportuna para satisfacer sus necesidades. Los clientes nos aman y nos respetan porque ofrecemos productos de alta calidad a precios razonables y un excelente servicio al cliente. No es solo nuestro deber, sino nuestra responsabilidad, cumplir o superar sus expectativas. Antes de comprar el mdpt, no necesita ver a un m\u00e9dico.<\/p>\n<p>Hacemos todo lo posible para asegurarnos de que el cliente est\u00e9 completamente satisfecho. Apuntar a la reputaci\u00f3n global de sus productos y servicios significa establecer precios en l\u00ednea con las normas de la industria.<\/p>\n<p>Adem\u00e1s, ofrecemos la misma atenci\u00f3n a todos sus pedidos, independientemente de cu\u00e1n grandes o peque\u00f1os sean, y nos esforzamos para que su pedido sea enviado lo m\u00e1s r\u00e1pido posible.<\/p>\n<p>Despu\u00e9s de completar sus compras, estamos seguros de que no se sentir\u00e1 decepcionado. Con el fin de proporcionarle el mayor nivel de calidad posible, solo utilizamos materiales que han sido adquiridos de las mejores fuentes posibles. Recibir\u00e1 el empaque del producto en un paquete discreto.<\/p>\n<p>Hemos podido establecer un punto de apoyo s\u00f3lido en el mercado de productos qu\u00edmicos de investigaci\u00f3n gracias a nuestra riqueza de conocimientos. Como proveedor l\u00edder de productos qu\u00edmicos de investigaci\u00f3n, creemos en construir relaciones a largo plazo con nuestros clientes basadas en la confianza.<\/p>\n","protected":false},"excerpt":{"rendered":"<p>Puede comprar 5-MAPB Powder Crystal en Bestglobalmedics.com a un precio razonable, as\u00ed como 5-MAPB Research Chemicals a la venta. Conocido qu\u00edmicamente como 1-(benzofuran-5-yl), el 5-MAPB es un entact\u00f3geno sint\u00e9tico con efectos y propiedades muy similares a la MDMA.<\/p>\n<p>5-MAPB Powder &amp; Cristal 1 onza. est\u00e1 disponible para la compra. Se recomienda una dosis de 100-200 miligramos de 5-MAPB, un polvo similar a la MDMA.<\/p>\n<p>Compra Crystal 5-MAPB si buscas 5-mapb-crystal a buen precio , no busque m\u00e1s. Entonces p\u00f3ngase en contacto con nuestra tienda de productos qu\u00edmicos de inmediato a trav\u00e9s de Internet.<\/p>\n","protected":false},"featured_media":5400,"comment_status":"open","ping_status":"closed","template":"","meta":[],"product_brand":[],"product_cat":[2014],"product_tag":[2570,2569,2571,2576,2577,2578,2579,2582,2584,2585,2589,2586,2587,2588,2590,2595,2575,2591,2592,2593,2572,2573,2574,2580,2594,2583,2581],"class_list":{"0":"post-5389","1":"product","2":"type-product","3":"status-publish","4":"has-post-thumbnail","6":"product_cat-comprar-investigacion-quimicos","7":"product_tag-5-mapb-en-venta","8":"product_tag-5-mapab","9":"product_tag-5-mapb-en-venta-online","10":"product_tag-5-mapb-powder-for-sale","11":"product_tag-5-mapb-powder-review","12":"product_tag-5-mapb-powder-supplier","13":"product_tag-5-mapb-powder-uk","14":"product_tag-5-mapb-reddit","15":"product_tag-5-mapb-research-chemicals-for-sale","16":"product_tag-5-mapb-review","17":"product_tag-buy-5-mapb-research-chemicals","18":"product_tag-comprar-5-mapb","19":"product_tag-comprar-5-mapb-online","20":"product_tag-comprar-5-mapb-polvo-online","21":"product_tag-correo-5-mapb","22":"product_tag-donde-comprar-5-mapab","23":"product_tag-5-mapb-dosis-en-polvo","24":"product_tag-orden-5-mapab","25":"product_tag-order-5-mapb-online","26":"product_tag-order-5-mapb-polvo","27":"product_tag-5-mapb-polvo","28":"product_tag-5-mapb-polvo-australia","29":"product_tag-5-mapb-polvo-canad","30":"product_tag-5-mapb-polvo-usa","31":"product_tag-puro-5-mapb-polvo","32":"product_tag-5-mapb-investigacin-qumica","33":"product_tag-5-mapb-vendedor-de-polvo","35":"first","36":"instock","37":"shipping-taxable","38":"purchasable","39":"product-type-variable","40":"has-default-attributes"},"yoast_head":"<!-- This site is optimized with the Yoast SEO plugin v27.3 - https:\/\/yoast.com\/product\/yoast-seo-wordpress\/ -->\n<title>Compre 5-MAPB en polvo y amp; Crystal - Los mejores mejores medicamentos globales<\/title>\n<meta name=\"description\" content=\"Compre 5-MAPB Powder Crystal en l\u00ednea, 5-MAPB Research Chemicals para la venta, solicite 5-MAPB Crystal en EE. UU., Reino Unido a un precio asequible de Bestglobalmeds.com. 5-MAPB (1-(benzofuran-5-yl)-N-methylpropan-2-amine) es una droga de dise\u00f1o entactogenic similar a la MDMA en su estructura y efectos\" \/>\n<meta name=\"robots\" content=\"index, follow, max-snippet:-1, max-image-preview:large, max-video-preview:-1\" \/>\n<link rel=\"canonical\" href=\"https:\/\/medicinasinc.com\/es\/product\/comprar-5-mapb-polvo-cristal\/\" \/>\n<meta property=\"og:locale\" content=\"es_ES\" \/>\n<meta property=\"og:type\" content=\"article\" \/>\n<meta property=\"og:title\" content=\"Compre 5-MAPB en polvo y amp; Crystal - Los mejores mejores medicamentos globales\" \/>\n<meta property=\"og:description\" content=\"Compre 5-MAPB Powder Crystal en l\u00ednea, 5-MAPB Research Chemicals para la venta, solicite 5-MAPB Crystal en EE. UU., Reino Unido a un precio asequible de Bestglobalmeds.com. 5-MAPB (1-(benzofuran-5-yl)-N-methylpropan-2-amine) es una droga de dise\u00f1o entactogenic similar a la MDMA en su estructura y efectos\" \/>\n<meta property=\"og:url\" content=\"https:\/\/medicinasinc.com\/es\/product\/comprar-5-mapb-polvo-cristal\/\" \/>\n<meta property=\"og:site_name\" content=\"Medicinas Inc\" \/>\n<meta property=\"article:modified_time\" content=\"2022-03-22T00:47:59+00:00\" \/>\n<meta property=\"og:image\" content=\"https:\/\/medicinasinc.com\/es\/wp-content\/uploads\/sites\/15\/2022\/02\/Buy-5-MAPB-Powder-Crystal.jpg\" \/>\n\t<meta property=\"og:image:width\" content=\"600\" \/>\n\t<meta property=\"og:image:height\" content=\"488\" \/>\n\t<meta property=\"og:image:type\" content=\"image\/jpeg\" \/>\n<meta name=\"twitter:card\" content=\"summary_large_image\" \/>\n<meta name=\"twitter:label1\" content=\"Tiempo de lectura\" \/>\n\t<meta name=\"twitter:data1\" content=\"2 minutos\" \/>\n<script type=\"application\/ld+json\" class=\"yoast-schema-graph\">{\"@context\":\"https:\\\/\\\/schema.org\",\"@graph\":[{\"@type\":\"WebPage\",\"@id\":\"https:\\\/\\\/medicinasinc.com\\\/es\\\/product\\\/comprar-5-mapb-polvo-cristal\\\/\",\"url\":\"https:\\\/\\\/medicinasinc.com\\\/es\\\/product\\\/comprar-5-mapb-polvo-cristal\\\/\",\"name\":\"Compre 5-MAPB en polvo y amp; Crystal - Los mejores mejores medicamentos globales\",\"isPartOf\":{\"@id\":\"https:\\\/\\\/medicinasinc.com\\\/es\\\/#website\"},\"primaryImageOfPage\":{\"@id\":\"https:\\\/\\\/medicinasinc.com\\\/es\\\/product\\\/comprar-5-mapb-polvo-cristal\\\/#primaryimage\"},\"image\":{\"@id\":\"https:\\\/\\\/medicinasinc.com\\\/es\\\/product\\\/comprar-5-mapb-polvo-cristal\\\/#primaryimage\"},\"thumbnailUrl\":\"https:\\\/\\\/medicinasinc.com\\\/es\\\/wp-content\\\/uploads\\\/sites\\\/15\\\/2022\\\/02\\\/Buy-5-MAPB-Powder-Crystal.jpg\",\"datePublished\":\"2022-02-21T22:26:02+00:00\",\"dateModified\":\"2022-03-22T00:47:59+00:00\",\"description\":\"Compre 5-MAPB Powder Crystal en l\u00ednea, 5-MAPB Research Chemicals para la venta, solicite 5-MAPB Crystal en EE. UU., Reino Unido a un precio asequible de Bestglobalmeds.com. 5-MAPB (1-(benzofuran-5-yl)-N-methylpropan-2-amine) es una droga de dise\u00f1o entactogenic similar a la MDMA en su estructura y efectos\",\"breadcrumb\":{\"@id\":\"https:\\\/\\\/medicinasinc.com\\\/es\\\/product\\\/comprar-5-mapb-polvo-cristal\\\/#breadcrumb\"},\"inLanguage\":\"es\",\"potentialAction\":[{\"@type\":\"ReadAction\",\"target\":[\"https:\\\/\\\/medicinasinc.com\\\/es\\\/product\\\/comprar-5-mapb-polvo-cristal\\\/\"]}]},{\"@type\":\"ImageObject\",\"inLanguage\":\"es\",\"@id\":\"https:\\\/\\\/medicinasinc.com\\\/es\\\/product\\\/comprar-5-mapb-polvo-cristal\\\/#primaryimage\",\"url\":\"https:\\\/\\\/medicinasinc.com\\\/es\\\/wp-content\\\/uploads\\\/sites\\\/15\\\/2022\\\/02\\\/Buy-5-MAPB-Powder-Crystal.jpg\",\"contentUrl\":\"https:\\\/\\\/medicinasinc.com\\\/es\\\/wp-content\\\/uploads\\\/sites\\\/15\\\/2022\\\/02\\\/Buy-5-MAPB-Powder-Crystal.jpg\",\"width\":600,\"height\":488},{\"@type\":\"BreadcrumbList\",\"@id\":\"https:\\\/\\\/medicinasinc.com\\\/es\\\/product\\\/comprar-5-mapb-polvo-cristal\\\/#breadcrumb\",\"itemListElement\":[{\"@type\":\"ListItem\",\"position\":1,\"name\":\"Tienda\",\"item\":\"https:\\\/\\\/medicinasinc.com\\\/es\\\/tienda\\\/\"},{\"@type\":\"ListItem\",\"position\":2,\"name\":\"Compre 5-MAPB en polvo y amp; Cristal\"}]},{\"@type\":\"WebSite\",\"@id\":\"https:\\\/\\\/medicinasinc.com\\\/es\\\/#website\",\"url\":\"https:\\\/\\\/medicinasinc.com\\\/es\\\/\",\"name\":\"Medicinas Inc\",\"description\":\"Cl\u00ednica M\u00e9dica de Salud\",\"potentialAction\":[{\"@type\":\"SearchAction\",\"target\":{\"@type\":\"EntryPoint\",\"urlTemplate\":\"https:\\\/\\\/medicinasinc.com\\\/es\\\/?s={search_term_string}\"},\"query-input\":{\"@type\":\"PropertyValueSpecification\",\"valueRequired\":true,\"valueName\":\"search_term_string\"}}],\"inLanguage\":\"es\"}]}<\/script>\n<!-- \/ Yoast SEO plugin. -->","yoast_head_json":{"title":"Compre 5-MAPB en polvo y amp; Crystal - Los mejores mejores medicamentos globales","description":"Compre 5-MAPB Powder Crystal en l\u00ednea, 5-MAPB Research Chemicals para la venta, solicite 5-MAPB Crystal en EE. UU., Reino Unido a un precio asequible de Bestglobalmeds.com. 5-MAPB (1-(benzofuran-5-yl)-N-methylpropan-2-amine) es una droga de dise\u00f1o entactogenic similar a la MDMA en su estructura y efectos","robots":{"index":"index","follow":"follow","max-snippet":"max-snippet:-1","max-image-preview":"max-image-preview:large","max-video-preview":"max-video-preview:-1"},"canonical":"https:\/\/medicinasinc.com\/es\/product\/comprar-5-mapb-polvo-cristal\/","og_locale":"es_ES","og_type":"article","og_title":"Compre 5-MAPB en polvo y amp; Crystal - Los mejores mejores medicamentos globales","og_description":"Compre 5-MAPB Powder Crystal en l\u00ednea, 5-MAPB Research Chemicals para la venta, solicite 5-MAPB Crystal en EE. UU., Reino Unido a un precio asequible de Bestglobalmeds.com. 5-MAPB (1-(benzofuran-5-yl)-N-methylpropan-2-amine) es una droga de dise\u00f1o entactogenic similar a la MDMA en su estructura y efectos","og_url":"https:\/\/medicinasinc.com\/es\/product\/comprar-5-mapb-polvo-cristal\/","og_site_name":"Medicinas Inc","article_modified_time":"2022-03-22T00:47:59+00:00","og_image":[{"width":600,"height":488,"url":"https:\/\/medicinasinc.com\/es\/wp-content\/uploads\/sites\/15\/2022\/02\/Buy-5-MAPB-Powder-Crystal.jpg","type":"image\/jpeg"}],"twitter_card":"summary_large_image","twitter_misc":{"Tiempo de lectura":"2 minutos"},"schema":{"@context":"https:\/\/schema.org","@graph":[{"@type":"WebPage","@id":"https:\/\/medicinasinc.com\/es\/product\/comprar-5-mapb-polvo-cristal\/","url":"https:\/\/medicinasinc.com\/es\/product\/comprar-5-mapb-polvo-cristal\/","name":"Compre 5-MAPB en polvo y amp; Crystal - Los mejores mejores medicamentos globales","isPartOf":{"@id":"https:\/\/medicinasinc.com\/es\/#website"},"primaryImageOfPage":{"@id":"https:\/\/medicinasinc.com\/es\/product\/comprar-5-mapb-polvo-cristal\/#primaryimage"},"image":{"@id":"https:\/\/medicinasinc.com\/es\/product\/comprar-5-mapb-polvo-cristal\/#primaryimage"},"thumbnailUrl":"https:\/\/medicinasinc.com\/es\/wp-content\/uploads\/sites\/15\/2022\/02\/Buy-5-MAPB-Powder-Crystal.jpg","datePublished":"2022-02-21T22:26:02+00:00","dateModified":"2022-03-22T00:47:59+00:00","description":"Compre 5-MAPB Powder Crystal en l\u00ednea, 5-MAPB Research Chemicals para la venta, solicite 5-MAPB Crystal en EE. UU., Reino Unido a un precio asequible de Bestglobalmeds.com. 5-MAPB (1-(benzofuran-5-yl)-N-methylpropan-2-amine) es una droga de dise\u00f1o entactogenic similar a la MDMA en su estructura y efectos","breadcrumb":{"@id":"https:\/\/medicinasinc.com\/es\/product\/comprar-5-mapb-polvo-cristal\/#breadcrumb"},"inLanguage":"es","potentialAction":[{"@type":"ReadAction","target":["https:\/\/medicinasinc.com\/es\/product\/comprar-5-mapb-polvo-cristal\/"]}]},{"@type":"ImageObject","inLanguage":"es","@id":"https:\/\/medicinasinc.com\/es\/product\/comprar-5-mapb-polvo-cristal\/#primaryimage","url":"https:\/\/medicinasinc.com\/es\/wp-content\/uploads\/sites\/15\/2022\/02\/Buy-5-MAPB-Powder-Crystal.jpg","contentUrl":"https:\/\/medicinasinc.com\/es\/wp-content\/uploads\/sites\/15\/2022\/02\/Buy-5-MAPB-Powder-Crystal.jpg","width":600,"height":488},{"@type":"BreadcrumbList","@id":"https:\/\/medicinasinc.com\/es\/product\/comprar-5-mapb-polvo-cristal\/#breadcrumb","itemListElement":[{"@type":"ListItem","position":1,"name":"Tienda","item":"https:\/\/medicinasinc.com\/es\/tienda\/"},{"@type":"ListItem","position":2,"name":"Compre 5-MAPB en polvo y amp; Cristal"}]},{"@type":"WebSite","@id":"https:\/\/medicinasinc.com\/es\/#website","url":"https:\/\/medicinasinc.com\/es\/","name":"Medicinas Inc","description":"Cl\u00ednica M\u00e9dica de Salud","potentialAction":[{"@type":"SearchAction","target":{"@type":"EntryPoint","urlTemplate":"https:\/\/medicinasinc.com\/es\/?s={search_term_string}"},"query-input":{"@type":"PropertyValueSpecification","valueRequired":true,"valueName":"search_term_string"}}],"inLanguage":"es"}]}},"_links":{"self":[{"href":"https:\/\/medicinasinc.com\/es\/wp-json\/wp\/v2\/product\/5389","targetHints":{"allow":["GET"]}}],"collection":[{"href":"https:\/\/medicinasinc.com\/es\/wp-json\/wp\/v2\/product"}],"about":[{"href":"https:\/\/medicinasinc.com\/es\/wp-json\/wp\/v2\/types\/product"}],"replies":[{"embeddable":true,"href":"https:\/\/medicinasinc.com\/es\/wp-json\/wp\/v2\/comments?post=5389"}],"wp:featuredmedia":[{"embeddable":true,"href":"https:\/\/medicinasinc.com\/es\/wp-json\/wp\/v2\/media\/5400"}],"wp:attachment":[{"href":"https:\/\/medicinasinc.com\/es\/wp-json\/wp\/v2\/media?parent=5389"}],"wp:term":[{"taxonomy":"product_brand","embeddable":true,"href":"https:\/\/medicinasinc.com\/es\/wp-json\/wp\/v2\/product_brand?post=5389"},{"taxonomy":"product_cat","embeddable":true,"href":"https:\/\/medicinasinc.com\/es\/wp-json\/wp\/v2\/product_cat?post=5389"},{"taxonomy":"product_tag","embeddable":true,"href":"https:\/\/medicinasinc.com\/es\/wp-json\/wp\/v2\/product_tag?post=5389"}],"curies":[{"name":"wp","href":"https:\/\/api.w.org\/{rel}","templated":true}]}}