{"id":5387,"date":"2022-02-21T22:22:34","date_gmt":"2022-02-21T22:22:34","guid":{"rendered":"https:\/\/medicinasinc.com\/es\/?post_type=product&#038;p=5387"},"modified":"2022-03-22T00:48:25","modified_gmt":"2022-03-22T00:48:25","slug":"comprar-4-fa-polvo","status":"publish","type":"product","link":"https:\/\/medicinasinc.com\/es\/product\/comprar-4-fa-polvo\/","title":{"rendered":"Comprar 4-FA en polvo"},"content":{"rendered":"<p>Compre 4-FA en polvo.<\/p>\n<p>Compre barato 4-FA en polvo de 1 oz puro en l\u00ednea.<\/p>\n<p>4-FA (4-fluoranfetamina) es un medicamento similar a la anfetamina que tiene apareci\u00f3 recientemente en el mercado holand\u00e9s. De 2007 a 2009, se comercializ\u00f3 principalmente como speed o MDMA. Esto se debi\u00f3 a que hab\u00eda escasez de materias primas para estos especialistas en ese momento, por lo que se utiliz\u00f3 4-FA como especialista en corte. En cualquier caso, desde 2010, los vendedores han vendido cada vez m\u00e1s 4-FA como 4-FA, lo que implica que los compradores lo consideran un \u00abmedicamento para la toma de decisiones\u00bb.<\/p>\n<p>4-FA tambi\u00e9n se conoce como 4-FMP , 4-Fluor, 4-Flava, 4-F y Flux. Es una sustancia clasificada como nueva sustancia psicoactiva (NSP). Estas son sustancias que han estado disponibles recientemente y se han desarrollado como una alternativa a las sustancias il\u00edcitas tradicionales. NPS tambi\u00e9n se conoce como investigaci\u00f3n sint\u00e9tica o drogas originales. Al realizar cambios menores en la estructura de un compuesto actual, el nombre de la sustancia cambia y, como resultado, ya no est\u00e1 cubierta por la Ley del Opio y, por lo tanto, es ilegal. Esto hace que sea m\u00e1s dif\u00edcil evitar la creaci\u00f3n, las transacciones y la propiedad.<\/p>\n<p>4-FA se encuentra m\u00e1s com\u00fanmente en forma de polvo o p\u00edldora. 4-FA se toma por v\u00eda oral en forma de p\u00edldora. Los clientes colocan el polvo en una caja o en un papel m\u00f3vil (bomba) o, en algunos casos, lo disuelven en una bebida. No existe una diferencia fundamental entre las pastillas de 4-FA, los polvos de 4-FA y los estuches de 4-FA.<\/p>\n<p>Los recipientes est\u00e1n hechos de una sustancia dulce o sin brillo y pueden ser simples o tener una variedad de tonos. Una caja se puede llenar con una amplia variedad de sustancias. 4-FA, as\u00ed como varias otras sustancias, por ejemplo, anfetamina (speed), MDMA, cafe\u00edna o nada en absoluto. Algunos art\u00edculos de la tienda inteligente tambi\u00e9n est\u00e1n en estuches. Los estuches suelen estar en un saco, y el paquete indica lo que hay dentro. Si los clientes llenan sus propios contenedores, pueden usar una escala de mg para determinar una porci\u00f3n exacta. 4-fa en venta, donde comprar 4fa, comprar 4-fa, 4 fas en venta, 4fa en venta, 4 fas comprar, comprar 4fa, 4-fa comprar, 4-fa en venta, 4-fa en venta, 4 -fa en venta, 4-fa en venta, 4-fa en venta, 4-fa en venta, 4-fa en venta, 4-fa en venta, 4-fa en venta, 4-fa en venta<\/p>\n<p>Lo que alguien siente despu\u00e9s de tomar 4-FA al principio est\u00e1 determinado por las medidas. Para obtener m\u00e1s informaci\u00f3n, 4-FA se puede probar en una administraci\u00f3n de prueba (ver men\u00fa). Los efectos de ingerir 4-FA tardan entre 20 y una hora en manifestarse. El 4-FA se completa en 4 a 8 horas, aunque algunos clientes informan que los resultados finales pueden durar hasta 12 horas.<\/p>\n<p>feroz, claro, en forma y cauteloso<\/p>\n<p>A fuerte sentido de pertenencia<\/p>\n<p>El tacto y la m\u00fasica proporcionan una experiencia sensorial extrema.<\/p>\n<p>El contacto, la conversaci\u00f3n y la cercan\u00eda son esenciales.<\/p>\n","protected":false},"excerpt":{"rendered":"<p>Compre 4-FA en polvo 1 oz puro en l\u00ednea barato. Polvo 4-FA similar a MDMA &amp; Metanfetamina Oral<br \/> Dosis Recomendada: 200mg.<\/p>\n<p>En nuestra tienda puedes comprar 4-FMA pura. De la misma manera que se fabrica el polvo, el 4-FMA, tambi\u00e9n conocido como 4-Fluororometanfetamina, tambi\u00e9n es una sustancia psicoactiva.<\/p>\n<p>El polvo de 4-FA tambi\u00e9n se conoce como parafluoroanfetamina o 4-Fluoroanfetamina, pero Estos no son la misma cosa. Las personas que estudian medicinas dicen que esta es muy buena.<\/p>\n","protected":false},"featured_media":5396,"comment_status":"open","ping_status":"closed","template":"","meta":[],"product_brand":[],"product_cat":[2014],"product_tag":[2502,2503,2504,2507,2508,2505,2506],"class_list":{"0":"post-5387","1":"product","2":"type-product","3":"status-publish","4":"has-post-thumbnail","6":"product_cat-comprar-investigacion-quimicos","7":"product_tag-2-fluoroanfetamina","8":"product_tag-4-fa-efectos","9":"product_tag-4-fa-investigacin-qumica","10":"product_tag-is-4-fa-legal-in-the-us-2020","11":"product_tag-es-4-fma-legal","12":"product_tag-4-fluoroanfetamina-estado-legal","13":"product_tag-sntesis-de-4-fluoroanfetamina","15":"first","16":"instock","17":"shipping-taxable","18":"purchasable","19":"product-type-variable","20":"has-default-attributes"},"yoast_head":"<!-- This site is optimized with the Yoast SEO plugin v27.3 - https:\/\/yoast.com\/product\/yoast-seo-wordpress\/ -->\n<title>Compre 4-FA en polvo - 4-fluoroanfetamina - Best Best Global Meds<\/title>\n<meta name=\"description\" content=\"Compre 4-FA en polvo 4-fluoroanfetamina a la venta Pure Online Cheap. Polvo 4-FA similar a MDMA &amp; metanfetamina oral\" \/>\n<meta name=\"robots\" content=\"index, follow, max-snippet:-1, max-image-preview:large, max-video-preview:-1\" \/>\n<link rel=\"canonical\" href=\"https:\/\/medicinasinc.com\/es\/product\/comprar-4-fa-polvo\/\" \/>\n<meta property=\"og:locale\" content=\"es_ES\" \/>\n<meta property=\"og:type\" content=\"article\" \/>\n<meta property=\"og:title\" content=\"Compre 4-FA en polvo - 4-fluoroanfetamina - Best Best Global Meds\" \/>\n<meta property=\"og:description\" content=\"Compre 4-FA en polvo 4-fluoroanfetamina a la venta Pure Online Cheap. Polvo 4-FA similar a MDMA &amp; metanfetamina oral\" \/>\n<meta property=\"og:url\" content=\"https:\/\/medicinasinc.com\/es\/product\/comprar-4-fa-polvo\/\" \/>\n<meta property=\"og:site_name\" content=\"Medicinas Inc\" \/>\n<meta property=\"article:modified_time\" content=\"2022-03-22T00:48:25+00:00\" \/>\n<meta property=\"og:image\" content=\"https:\/\/medicinasinc.com\/es\/wp-content\/uploads\/sites\/15\/2022\/02\/Buy-4-FA-Powder.jpeg\" \/>\n\t<meta property=\"og:image:width\" content=\"510\" \/>\n\t<meta property=\"og:image:height\" content=\"365\" \/>\n\t<meta property=\"og:image:type\" content=\"image\/jpeg\" \/>\n<meta name=\"twitter:card\" content=\"summary_large_image\" \/>\n<meta name=\"twitter:label1\" content=\"Tiempo de lectura\" \/>\n\t<meta name=\"twitter:data1\" content=\"2 minutos\" \/>\n<script type=\"application\/ld+json\" class=\"yoast-schema-graph\">{\"@context\":\"https:\\\/\\\/schema.org\",\"@graph\":[{\"@type\":\"WebPage\",\"@id\":\"https:\\\/\\\/medicinasinc.com\\\/es\\\/product\\\/comprar-4-fa-polvo\\\/\",\"url\":\"https:\\\/\\\/medicinasinc.com\\\/es\\\/product\\\/comprar-4-fa-polvo\\\/\",\"name\":\"Compre 4-FA en polvo - 4-fluoroanfetamina - Best Best Global Meds\",\"isPartOf\":{\"@id\":\"https:\\\/\\\/medicinasinc.com\\\/es\\\/#website\"},\"primaryImageOfPage\":{\"@id\":\"https:\\\/\\\/medicinasinc.com\\\/es\\\/product\\\/comprar-4-fa-polvo\\\/#primaryimage\"},\"image\":{\"@id\":\"https:\\\/\\\/medicinasinc.com\\\/es\\\/product\\\/comprar-4-fa-polvo\\\/#primaryimage\"},\"thumbnailUrl\":\"https:\\\/\\\/medicinasinc.com\\\/es\\\/wp-content\\\/uploads\\\/sites\\\/15\\\/2022\\\/02\\\/Buy-4-FA-Powder.jpeg\",\"datePublished\":\"2022-02-21T22:22:34+00:00\",\"dateModified\":\"2022-03-22T00:48:25+00:00\",\"description\":\"Compre 4-FA en polvo 4-fluoroanfetamina a la venta Pure Online Cheap. Polvo 4-FA similar a MDMA &amp; metanfetamina oral\",\"breadcrumb\":{\"@id\":\"https:\\\/\\\/medicinasinc.com\\\/es\\\/product\\\/comprar-4-fa-polvo\\\/#breadcrumb\"},\"inLanguage\":\"es\",\"potentialAction\":[{\"@type\":\"ReadAction\",\"target\":[\"https:\\\/\\\/medicinasinc.com\\\/es\\\/product\\\/comprar-4-fa-polvo\\\/\"]}]},{\"@type\":\"ImageObject\",\"inLanguage\":\"es\",\"@id\":\"https:\\\/\\\/medicinasinc.com\\\/es\\\/product\\\/comprar-4-fa-polvo\\\/#primaryimage\",\"url\":\"https:\\\/\\\/medicinasinc.com\\\/es\\\/wp-content\\\/uploads\\\/sites\\\/15\\\/2022\\\/02\\\/Buy-4-FA-Powder.jpeg\",\"contentUrl\":\"https:\\\/\\\/medicinasinc.com\\\/es\\\/wp-content\\\/uploads\\\/sites\\\/15\\\/2022\\\/02\\\/Buy-4-FA-Powder.jpeg\",\"width\":510,\"height\":365},{\"@type\":\"BreadcrumbList\",\"@id\":\"https:\\\/\\\/medicinasinc.com\\\/es\\\/product\\\/comprar-4-fa-polvo\\\/#breadcrumb\",\"itemListElement\":[{\"@type\":\"ListItem\",\"position\":1,\"name\":\"Tienda\",\"item\":\"https:\\\/\\\/medicinasinc.com\\\/es\\\/tienda\\\/\"},{\"@type\":\"ListItem\",\"position\":2,\"name\":\"Comprar 4-FA en polvo\"}]},{\"@type\":\"WebSite\",\"@id\":\"https:\\\/\\\/medicinasinc.com\\\/es\\\/#website\",\"url\":\"https:\\\/\\\/medicinasinc.com\\\/es\\\/\",\"name\":\"Medicinas Inc\",\"description\":\"Cl\u00ednica M\u00e9dica de Salud\",\"potentialAction\":[{\"@type\":\"SearchAction\",\"target\":{\"@type\":\"EntryPoint\",\"urlTemplate\":\"https:\\\/\\\/medicinasinc.com\\\/es\\\/?s={search_term_string}\"},\"query-input\":{\"@type\":\"PropertyValueSpecification\",\"valueRequired\":true,\"valueName\":\"search_term_string\"}}],\"inLanguage\":\"es\"}]}<\/script>\n<!-- \/ Yoast SEO plugin. -->","yoast_head_json":{"title":"Compre 4-FA en polvo - 4-fluoroanfetamina - Best Best Global Meds","description":"Compre 4-FA en polvo 4-fluoroanfetamina a la venta Pure Online Cheap. Polvo 4-FA similar a MDMA &amp; metanfetamina oral","robots":{"index":"index","follow":"follow","max-snippet":"max-snippet:-1","max-image-preview":"max-image-preview:large","max-video-preview":"max-video-preview:-1"},"canonical":"https:\/\/medicinasinc.com\/es\/product\/comprar-4-fa-polvo\/","og_locale":"es_ES","og_type":"article","og_title":"Compre 4-FA en polvo - 4-fluoroanfetamina - Best Best Global Meds","og_description":"Compre 4-FA en polvo 4-fluoroanfetamina a la venta Pure Online Cheap. Polvo 4-FA similar a MDMA &amp; metanfetamina oral","og_url":"https:\/\/medicinasinc.com\/es\/product\/comprar-4-fa-polvo\/","og_site_name":"Medicinas Inc","article_modified_time":"2022-03-22T00:48:25+00:00","og_image":[{"width":510,"height":365,"url":"https:\/\/medicinasinc.com\/es\/wp-content\/uploads\/sites\/15\/2022\/02\/Buy-4-FA-Powder.jpeg","type":"image\/jpeg"}],"twitter_card":"summary_large_image","twitter_misc":{"Tiempo de lectura":"2 minutos"},"schema":{"@context":"https:\/\/schema.org","@graph":[{"@type":"WebPage","@id":"https:\/\/medicinasinc.com\/es\/product\/comprar-4-fa-polvo\/","url":"https:\/\/medicinasinc.com\/es\/product\/comprar-4-fa-polvo\/","name":"Compre 4-FA en polvo - 4-fluoroanfetamina - Best Best Global Meds","isPartOf":{"@id":"https:\/\/medicinasinc.com\/es\/#website"},"primaryImageOfPage":{"@id":"https:\/\/medicinasinc.com\/es\/product\/comprar-4-fa-polvo\/#primaryimage"},"image":{"@id":"https:\/\/medicinasinc.com\/es\/product\/comprar-4-fa-polvo\/#primaryimage"},"thumbnailUrl":"https:\/\/medicinasinc.com\/es\/wp-content\/uploads\/sites\/15\/2022\/02\/Buy-4-FA-Powder.jpeg","datePublished":"2022-02-21T22:22:34+00:00","dateModified":"2022-03-22T00:48:25+00:00","description":"Compre 4-FA en polvo 4-fluoroanfetamina a la venta Pure Online Cheap. Polvo 4-FA similar a MDMA &amp; metanfetamina oral","breadcrumb":{"@id":"https:\/\/medicinasinc.com\/es\/product\/comprar-4-fa-polvo\/#breadcrumb"},"inLanguage":"es","potentialAction":[{"@type":"ReadAction","target":["https:\/\/medicinasinc.com\/es\/product\/comprar-4-fa-polvo\/"]}]},{"@type":"ImageObject","inLanguage":"es","@id":"https:\/\/medicinasinc.com\/es\/product\/comprar-4-fa-polvo\/#primaryimage","url":"https:\/\/medicinasinc.com\/es\/wp-content\/uploads\/sites\/15\/2022\/02\/Buy-4-FA-Powder.jpeg","contentUrl":"https:\/\/medicinasinc.com\/es\/wp-content\/uploads\/sites\/15\/2022\/02\/Buy-4-FA-Powder.jpeg","width":510,"height":365},{"@type":"BreadcrumbList","@id":"https:\/\/medicinasinc.com\/es\/product\/comprar-4-fa-polvo\/#breadcrumb","itemListElement":[{"@type":"ListItem","position":1,"name":"Tienda","item":"https:\/\/medicinasinc.com\/es\/tienda\/"},{"@type":"ListItem","position":2,"name":"Comprar 4-FA en polvo"}]},{"@type":"WebSite","@id":"https:\/\/medicinasinc.com\/es\/#website","url":"https:\/\/medicinasinc.com\/es\/","name":"Medicinas Inc","description":"Cl\u00ednica M\u00e9dica de Salud","potentialAction":[{"@type":"SearchAction","target":{"@type":"EntryPoint","urlTemplate":"https:\/\/medicinasinc.com\/es\/?s={search_term_string}"},"query-input":{"@type":"PropertyValueSpecification","valueRequired":true,"valueName":"search_term_string"}}],"inLanguage":"es"}]}},"_links":{"self":[{"href":"https:\/\/medicinasinc.com\/es\/wp-json\/wp\/v2\/product\/5387","targetHints":{"allow":["GET"]}}],"collection":[{"href":"https:\/\/medicinasinc.com\/es\/wp-json\/wp\/v2\/product"}],"about":[{"href":"https:\/\/medicinasinc.com\/es\/wp-json\/wp\/v2\/types\/product"}],"replies":[{"embeddable":true,"href":"https:\/\/medicinasinc.com\/es\/wp-json\/wp\/v2\/comments?post=5387"}],"wp:featuredmedia":[{"embeddable":true,"href":"https:\/\/medicinasinc.com\/es\/wp-json\/wp\/v2\/media\/5396"}],"wp:attachment":[{"href":"https:\/\/medicinasinc.com\/es\/wp-json\/wp\/v2\/media?parent=5387"}],"wp:term":[{"taxonomy":"product_brand","embeddable":true,"href":"https:\/\/medicinasinc.com\/es\/wp-json\/wp\/v2\/product_brand?post=5387"},{"taxonomy":"product_cat","embeddable":true,"href":"https:\/\/medicinasinc.com\/es\/wp-json\/wp\/v2\/product_cat?post=5387"},{"taxonomy":"product_tag","embeddable":true,"href":"https:\/\/medicinasinc.com\/es\/wp-json\/wp\/v2\/product_tag?post=5387"}],"curies":[{"name":"wp","href":"https:\/\/api.w.org\/{rel}","templated":true}]}}