{"id":5368,"date":"2022-02-21T21:54:21","date_gmt":"2022-02-21T21:54:21","guid":{"rendered":"https:\/\/medicinasinc.com\/es\/?post_type=product&#038;p=5368"},"modified":"2022-03-22T00:48:35","modified_gmt":"2022-03-22T00:48:35","slug":"comprar-4-emc-4-etilmetcatinona","status":"publish","type":"product","link":"https:\/\/medicinasinc.com\/es\/product\/comprar-4-emc-4-etilmetcatinona\/","title":{"rendered":"Comprar 4-EMC 4-Etilmetcatinona"},"content":{"rendered":"<h1 class=\"product_title entry-title\">Compre 4-EMC 4-Ethylmethcathinone Powder en l\u00ednea<\/h1>\n<p><strong>4-EMC est\u00e1 disponible para comprar en l\u00ednea.<\/strong><\/p>\n<p> El monoclorhidrato de 2-metilaminopropan-1-ona es el nombre completo de la IUPAC para 4-EMC, que pertenece a la clase de compuestos de investigaci\u00f3n conocidos como estimulantes del sistema nervioso central. La 4-EMC tambi\u00e9n se conoce como 4-etilfenol.<\/p>\n<p>Un entact\u00f3geno y estimulante, la 4-etilmetcatinona (4-EMC) es una droga recreativa de dise\u00f1o. es un is\u00f3mero estructural 4-MEC<\/p>\n<p>C12H17NO es la f\u00f3rmula molecular de 4-EMC, que pertenece a las familias qu\u00edmicas de la fenetilamina y la anfetamina. Hay 191,270 g\/mes en la receta. D\u00f3nde comprar 4-EMC<\/p>\n<p>Estamos introduciendo un nuevo producto de catinona que se puede utilizar para estudios cient\u00edficos sofisticados debido a la gran demanda del mercado. La 4-etilmetcatinona es una versi\u00f3n isom\u00e9rica de la mefedrona, que actualmente est\u00e1 prohibida, y todos los compuestos mencionados tienen efectos estimulantes y entact\u00f3genos.<\/p>\n<p>La dopamina y la serotonina son los principales objetivos m\u00e1s probables de la 4-EMC, que es t\u00edpico de esta clase qu\u00edmica y se considera que impide la recaptaci\u00f3n en la hendidura sin\u00e1ptica de importantes neurotransmisores.<\/p>\n<p>La sustancia, que es un polvo cristalino, se puede fabricar f\u00e1cilmente para realizar pruebas sin el riesgo de introducir impurezas en condiciones normales. El 4-EMC soluble en agua debe almacenarse en un ambiente seco y herm\u00e9tico.<\/p>\n<p>Los investigadores tienen una oportunidad \u00fanica para mapear el perfil de la sustancia desde cero porque no se ha examinado a fondo en el pasado y la mayor parte de lo que sabemos que viene a trav\u00e9s de paralelismos con sustancias similares. Al realizar experimentos, es importante tener en cuenta la novedad de la sustancia qu\u00edmica y dejar margen para el error. Afiliaci\u00f3n con 4-EMC<\/p>\n","protected":false},"excerpt":{"rendered":"<p>\u00bfD\u00f3nde comprar 4-EMC 4-etilmetcatinona en polvo? Un estimulante y un entact\u00f3geno, cae en la \u00faltima categor\u00eda. Los is\u00f3meros estructurales de 4-MEC se pueden encontrar aqu\u00ed.<\/p>\n<p>4-EMC 4-Ethylmethcathinone Crystal Powder a la venta en Europa, la UE y el Reino Unido. Un estimulante y un entact\u00f3geno, cae en la \u00faltima categor\u00eda. 4-MEC es un is\u00f3mero estructural de este compuesto.<\/p>\n<p>La familia de las catinonas incluye 4-EMC (tambi\u00e9n conocida como 4-etilmetcatinona), una nueva mol\u00e9cula de investigaci\u00f3n. Entre los investigadores qu\u00edmicos, 4-EMC es la opci\u00f3n preferida debido a sus propiedades estimulantes y entact\u00f3genas.<\/p>\n<h1>Compre 4-EMC en l\u00ednea<\/h1>\n<p>cuando compra 4-EMC en l\u00ednea, desea una calidad Drug Online es productos qu\u00edmicos de investigaci\u00f3n de alta calidad. Puede comprar 4-EMC a la venta en l\u00ednea a precio mayorista del proveedor de confianza Top mark chemical.com Env\u00edo seguro de 4-EMC a EE. UU., Pa\u00edses Bajos, Irlanda, UE, Reino Unido y otros pa\u00edses. <a href=\"https:\/\/www.bestglobalmeds.com\/product\/research-chemicals\/4-emc\/\">Compre 4-EMC en l\u00ednea<\/a><\/p>\n<p>N\u00fam. CAS: 1225622-14- 9<br \/> F\u00f3rmula: C12H17NO<br \/> IUPAC: 1-(4-etilfenil)-2-(metilamino)propan-1-ona<br \/> Aspecto: Cristales blancos\/amarillentos<br \/> Pureza:<\/p>\n","protected":false},"featured_media":5380,"comment_status":"open","ping_status":"closed","template":"","meta":[],"product_brand":[],"product_cat":[2014],"product_tag":[2496,2485,2487,2488,2493,2494,2491,2489,2495,2492,2490,2500,2501,2497,2498,2486,2499],"class_list":{"0":"post-5368","1":"product","2":"type-product","3":"status-publish","4":"has-post-thumbnail","6":"product_cat-comprar-investigacion-quimicos","7":"product_tag-cmo-puedo-obtener-4-mec-investigacin-qumica","8":"product_tag-4-mec-for-sale","9":"product_tag-4-mecsupplier-online","10":"product_tag-buy-4-mec","11":"product_tag-buy-4-mec-research-chemicals-online","12":"product_tag-buy-4-meconline-usa","13":"product_tag-comprar-4-mec-online","14":"product_tag-comprar-4-mec-crystal-online","15":"product_tag-comprar-investigacion-quimicos-para-la-venta-online","16":"product_tag-comprar-4-mec-en-linea-a-la-venta","17":"product_tag-comprar-4-mec-cristales-con-envio-mundial","18":"product_tag-donde-comprar-4-mec-online","19":"product_tag-donde-conseguir-4-mec-crystals-online","20":"product_tag-orden-4-mec-online","21":"product_tag-order-cheap-4-mec-online","22":"product_tag-4-mec-proveedor","23":"product_tag-proveedor-de-confianza-para-4-mec-online","25":"first","26":"instock","27":"shipping-taxable","28":"purchasable","29":"product-type-variable","30":"has-default-attributes"},"yoast_head":"<!-- This site is optimized with the Yoast SEO plugin v27.3 - https:\/\/yoast.com\/product\/yoast-seo-wordpress\/ -->\n<title>Compre 4-etilmetcatinona - Compre 4-EMC - Best Best Global Meds<\/title>\n<meta name=\"description\" content=\"Compre 4-EMC 4-Ethylmethcathinone Crystal Powder para la venta en l\u00ednea en Europa, UE, Reino Unido. Pertenece a la clase de estimulantes y entact\u00f3genos. Es un is\u00f3mero estructural de 4-MEC.\" \/>\n<meta name=\"robots\" content=\"index, follow, max-snippet:-1, max-image-preview:large, max-video-preview:-1\" \/>\n<link rel=\"canonical\" href=\"https:\/\/medicinasinc.com\/es\/product\/comprar-4-emc-4-etilmetcatinona\/\" \/>\n<meta property=\"og:locale\" content=\"es_ES\" \/>\n<meta property=\"og:type\" content=\"article\" \/>\n<meta property=\"og:title\" content=\"Compre 4-etilmetcatinona - Compre 4-EMC - Best Best Global Meds\" \/>\n<meta property=\"og:description\" content=\"Compre 4-EMC 4-Ethylmethcathinone Crystal Powder para la venta en l\u00ednea en Europa, UE, Reino Unido. Pertenece a la clase de estimulantes y entact\u00f3genos. Es un is\u00f3mero estructural de 4-MEC.\" \/>\n<meta property=\"og:url\" content=\"https:\/\/medicinasinc.com\/es\/product\/comprar-4-emc-4-etilmetcatinona\/\" \/>\n<meta property=\"og:site_name\" content=\"Medicinas Inc\" \/>\n<meta property=\"article:modified_time\" content=\"2022-03-22T00:48:35+00:00\" \/>\n<meta property=\"og:image\" content=\"https:\/\/medicinasinc.com\/es\/wp-content\/uploads\/sites\/15\/2022\/02\/Buy-4-EMC.jpg\" \/>\n\t<meta property=\"og:image:width\" content=\"230\" \/>\n\t<meta property=\"og:image:height\" content=\"230\" \/>\n\t<meta property=\"og:image:type\" content=\"image\/jpeg\" \/>\n<meta name=\"twitter:card\" content=\"summary_large_image\" \/>\n<meta name=\"twitter:label1\" content=\"Tiempo de lectura\" \/>\n\t<meta name=\"twitter:data1\" content=\"2 minutos\" \/>\n<script type=\"application\/ld+json\" class=\"yoast-schema-graph\">{\"@context\":\"https:\\\/\\\/schema.org\",\"@graph\":[{\"@type\":\"WebPage\",\"@id\":\"https:\\\/\\\/medicinasinc.com\\\/es\\\/product\\\/comprar-4-emc-4-etilmetcatinona\\\/\",\"url\":\"https:\\\/\\\/medicinasinc.com\\\/es\\\/product\\\/comprar-4-emc-4-etilmetcatinona\\\/\",\"name\":\"Compre 4-etilmetcatinona - Compre 4-EMC - Best Best Global Meds\",\"isPartOf\":{\"@id\":\"https:\\\/\\\/medicinasinc.com\\\/es\\\/#website\"},\"primaryImageOfPage\":{\"@id\":\"https:\\\/\\\/medicinasinc.com\\\/es\\\/product\\\/comprar-4-emc-4-etilmetcatinona\\\/#primaryimage\"},\"image\":{\"@id\":\"https:\\\/\\\/medicinasinc.com\\\/es\\\/product\\\/comprar-4-emc-4-etilmetcatinona\\\/#primaryimage\"},\"thumbnailUrl\":\"https:\\\/\\\/medicinasinc.com\\\/es\\\/wp-content\\\/uploads\\\/sites\\\/15\\\/2022\\\/02\\\/Buy-4-EMC.jpg\",\"datePublished\":\"2022-02-21T21:54:21+00:00\",\"dateModified\":\"2022-03-22T00:48:35+00:00\",\"description\":\"Compre 4-EMC 4-Ethylmethcathinone Crystal Powder para la venta en l\u00ednea en Europa, UE, Reino Unido. Pertenece a la clase de estimulantes y entact\u00f3genos. Es un is\u00f3mero estructural de 4-MEC.\",\"breadcrumb\":{\"@id\":\"https:\\\/\\\/medicinasinc.com\\\/es\\\/product\\\/comprar-4-emc-4-etilmetcatinona\\\/#breadcrumb\"},\"inLanguage\":\"es\",\"potentialAction\":[{\"@type\":\"ReadAction\",\"target\":[\"https:\\\/\\\/medicinasinc.com\\\/es\\\/product\\\/comprar-4-emc-4-etilmetcatinona\\\/\"]}]},{\"@type\":\"ImageObject\",\"inLanguage\":\"es\",\"@id\":\"https:\\\/\\\/medicinasinc.com\\\/es\\\/product\\\/comprar-4-emc-4-etilmetcatinona\\\/#primaryimage\",\"url\":\"https:\\\/\\\/medicinasinc.com\\\/es\\\/wp-content\\\/uploads\\\/sites\\\/15\\\/2022\\\/02\\\/Buy-4-EMC.jpg\",\"contentUrl\":\"https:\\\/\\\/medicinasinc.com\\\/es\\\/wp-content\\\/uploads\\\/sites\\\/15\\\/2022\\\/02\\\/Buy-4-EMC.jpg\",\"width\":230,\"height\":230},{\"@type\":\"BreadcrumbList\",\"@id\":\"https:\\\/\\\/medicinasinc.com\\\/es\\\/product\\\/comprar-4-emc-4-etilmetcatinona\\\/#breadcrumb\",\"itemListElement\":[{\"@type\":\"ListItem\",\"position\":1,\"name\":\"Tienda\",\"item\":\"https:\\\/\\\/medicinasinc.com\\\/es\\\/tienda\\\/\"},{\"@type\":\"ListItem\",\"position\":2,\"name\":\"Comprar 4-EMC 4-Etilmetcatinona\"}]},{\"@type\":\"WebSite\",\"@id\":\"https:\\\/\\\/medicinasinc.com\\\/es\\\/#website\",\"url\":\"https:\\\/\\\/medicinasinc.com\\\/es\\\/\",\"name\":\"Medicinas Inc\",\"description\":\"Cl\u00ednica M\u00e9dica de Salud\",\"potentialAction\":[{\"@type\":\"SearchAction\",\"target\":{\"@type\":\"EntryPoint\",\"urlTemplate\":\"https:\\\/\\\/medicinasinc.com\\\/es\\\/?s={search_term_string}\"},\"query-input\":{\"@type\":\"PropertyValueSpecification\",\"valueRequired\":true,\"valueName\":\"search_term_string\"}}],\"inLanguage\":\"es\"}]}<\/script>\n<!-- \/ Yoast SEO plugin. -->","yoast_head_json":{"title":"Compre 4-etilmetcatinona - Compre 4-EMC - Best Best Global Meds","description":"Compre 4-EMC 4-Ethylmethcathinone Crystal Powder para la venta en l\u00ednea en Europa, UE, Reino Unido. Pertenece a la clase de estimulantes y entact\u00f3genos. Es un is\u00f3mero estructural de 4-MEC.","robots":{"index":"index","follow":"follow","max-snippet":"max-snippet:-1","max-image-preview":"max-image-preview:large","max-video-preview":"max-video-preview:-1"},"canonical":"https:\/\/medicinasinc.com\/es\/product\/comprar-4-emc-4-etilmetcatinona\/","og_locale":"es_ES","og_type":"article","og_title":"Compre 4-etilmetcatinona - Compre 4-EMC - Best Best Global Meds","og_description":"Compre 4-EMC 4-Ethylmethcathinone Crystal Powder para la venta en l\u00ednea en Europa, UE, Reino Unido. Pertenece a la clase de estimulantes y entact\u00f3genos. Es un is\u00f3mero estructural de 4-MEC.","og_url":"https:\/\/medicinasinc.com\/es\/product\/comprar-4-emc-4-etilmetcatinona\/","og_site_name":"Medicinas Inc","article_modified_time":"2022-03-22T00:48:35+00:00","og_image":[{"width":230,"height":230,"url":"https:\/\/medicinasinc.com\/es\/wp-content\/uploads\/sites\/15\/2022\/02\/Buy-4-EMC.jpg","type":"image\/jpeg"}],"twitter_card":"summary_large_image","twitter_misc":{"Tiempo de lectura":"2 minutos"},"schema":{"@context":"https:\/\/schema.org","@graph":[{"@type":"WebPage","@id":"https:\/\/medicinasinc.com\/es\/product\/comprar-4-emc-4-etilmetcatinona\/","url":"https:\/\/medicinasinc.com\/es\/product\/comprar-4-emc-4-etilmetcatinona\/","name":"Compre 4-etilmetcatinona - Compre 4-EMC - Best Best Global Meds","isPartOf":{"@id":"https:\/\/medicinasinc.com\/es\/#website"},"primaryImageOfPage":{"@id":"https:\/\/medicinasinc.com\/es\/product\/comprar-4-emc-4-etilmetcatinona\/#primaryimage"},"image":{"@id":"https:\/\/medicinasinc.com\/es\/product\/comprar-4-emc-4-etilmetcatinona\/#primaryimage"},"thumbnailUrl":"https:\/\/medicinasinc.com\/es\/wp-content\/uploads\/sites\/15\/2022\/02\/Buy-4-EMC.jpg","datePublished":"2022-02-21T21:54:21+00:00","dateModified":"2022-03-22T00:48:35+00:00","description":"Compre 4-EMC 4-Ethylmethcathinone Crystal Powder para la venta en l\u00ednea en Europa, UE, Reino Unido. Pertenece a la clase de estimulantes y entact\u00f3genos. Es un is\u00f3mero estructural de 4-MEC.","breadcrumb":{"@id":"https:\/\/medicinasinc.com\/es\/product\/comprar-4-emc-4-etilmetcatinona\/#breadcrumb"},"inLanguage":"es","potentialAction":[{"@type":"ReadAction","target":["https:\/\/medicinasinc.com\/es\/product\/comprar-4-emc-4-etilmetcatinona\/"]}]},{"@type":"ImageObject","inLanguage":"es","@id":"https:\/\/medicinasinc.com\/es\/product\/comprar-4-emc-4-etilmetcatinona\/#primaryimage","url":"https:\/\/medicinasinc.com\/es\/wp-content\/uploads\/sites\/15\/2022\/02\/Buy-4-EMC.jpg","contentUrl":"https:\/\/medicinasinc.com\/es\/wp-content\/uploads\/sites\/15\/2022\/02\/Buy-4-EMC.jpg","width":230,"height":230},{"@type":"BreadcrumbList","@id":"https:\/\/medicinasinc.com\/es\/product\/comprar-4-emc-4-etilmetcatinona\/#breadcrumb","itemListElement":[{"@type":"ListItem","position":1,"name":"Tienda","item":"https:\/\/medicinasinc.com\/es\/tienda\/"},{"@type":"ListItem","position":2,"name":"Comprar 4-EMC 4-Etilmetcatinona"}]},{"@type":"WebSite","@id":"https:\/\/medicinasinc.com\/es\/#website","url":"https:\/\/medicinasinc.com\/es\/","name":"Medicinas Inc","description":"Cl\u00ednica M\u00e9dica de Salud","potentialAction":[{"@type":"SearchAction","target":{"@type":"EntryPoint","urlTemplate":"https:\/\/medicinasinc.com\/es\/?s={search_term_string}"},"query-input":{"@type":"PropertyValueSpecification","valueRequired":true,"valueName":"search_term_string"}}],"inLanguage":"es"}]}},"_links":{"self":[{"href":"https:\/\/medicinasinc.com\/es\/wp-json\/wp\/v2\/product\/5368","targetHints":{"allow":["GET"]}}],"collection":[{"href":"https:\/\/medicinasinc.com\/es\/wp-json\/wp\/v2\/product"}],"about":[{"href":"https:\/\/medicinasinc.com\/es\/wp-json\/wp\/v2\/types\/product"}],"replies":[{"embeddable":true,"href":"https:\/\/medicinasinc.com\/es\/wp-json\/wp\/v2\/comments?post=5368"}],"wp:featuredmedia":[{"embeddable":true,"href":"https:\/\/medicinasinc.com\/es\/wp-json\/wp\/v2\/media\/5380"}],"wp:attachment":[{"href":"https:\/\/medicinasinc.com\/es\/wp-json\/wp\/v2\/media?parent=5368"}],"wp:term":[{"taxonomy":"product_brand","embeddable":true,"href":"https:\/\/medicinasinc.com\/es\/wp-json\/wp\/v2\/product_brand?post=5368"},{"taxonomy":"product_cat","embeddable":true,"href":"https:\/\/medicinasinc.com\/es\/wp-json\/wp\/v2\/product_cat?post=5368"},{"taxonomy":"product_tag","embeddable":true,"href":"https:\/\/medicinasinc.com\/es\/wp-json\/wp\/v2\/product_tag?post=5368"}],"curies":[{"name":"wp","href":"https:\/\/api.w.org\/{rel}","templated":true}]}}