{"id":5367,"date":"2022-02-21T21:52:55","date_gmt":"2022-02-21T21:52:55","guid":{"rendered":"https:\/\/medicinasinc.com\/es\/?post_type=product&#038;p=5367"},"modified":"2022-03-22T00:48:44","modified_gmt":"2022-03-22T00:48:44","slug":"4-clorometactinona-4-cmc-hcl-cristal","status":"publish","type":"product","link":"https:\/\/medicinasinc.com\/es\/product\/4-clorometactinona-4-cmc-hcl-cristal\/","title":{"rendered":"Cristal de 4-clorometcatinona (4-CMC HCl)"},"content":{"rendered":"<p>En l\u00ednea, puede comprar cristales y polvo de 4-CMC a un precio muy bajo.<br \/> Compre un cristal de 4-CMC en la tienda.<\/p>\n<p>4-CMC es la abreviatura de 4-clorometcatinona , y significa que 4-Chloromethcathinone 4-CMC es parte de una clase de qu\u00edmicos llamados catinonas. es una droga En el pasado, este qu\u00edmico de investigaci\u00f3n no ha estado en el mercado por mucho tiempo. Esto significa que muchas personas a\u00fan no lo han probado.<\/p>\n<p>Compre cristales de 4-CMC, que es 4-cloromethcatinona. Estos cristales est\u00e1n hechos de los mejores productos qu\u00edmicos de investigaci\u00f3n y vienen con entrega r\u00e1pida y excelentes precios. Cuando ingresa a globalhomemed.com, solo puede obtener medicamentos all\u00ed.<\/p>\n<p>Sin embargo, aunque la 4-CMC es nueva, se dijo que las pruebas preliminares con esta sustancia mostraron un aumento de las emociones, procesos de pensamiento m\u00e1s r\u00e1pidos y un alto niveles de energ\u00eda. Esto es muy parecido a 4-MMC, bk-MDMA y 3-MMC. 4-CMC es lo mismo. Por lo tanto, si ha realizado investigaciones con cualquiera de esos productos qu\u00edmicos, tambi\u00e9n sabe qu\u00e9 esperar de los experimentos de investigaci\u00f3n de 4-CMC.<\/p>\n<p>&nbsp;<\/p>\n<p>D\u00f3nde puedo comprar 4-CMC?<\/p>\n<p>Aqu\u00ed en Chemical Planet, tenemos una gran cantidad de 4-CMC de alta calidad a la venta. En la mayor\u00eda de los casos, nuestro 4-CMC viene en forma de cristal. P\u00f3ngase en contacto con nosotros si no ve el formulario que desea. Es posible que lo recuperemos pronto.<\/p>\n<p>Compre 4-CMC de Chemical Planet y debe tener al menos 18 a\u00f1os y cumplir plenamente con las leyes de investigaci\u00f3n qu\u00edmica de su pa\u00eds si desea hacerlo. Las personas y los animales no pueden utilizar nuestros productos qu\u00edmicos. Son solo para investigaci\u00f3n y no para uso de humanos o animales.<\/p>\n<p>La legalidad de 4-CMC<\/p>\n<p>A la gente en China y Suecia no les gusta mucho la 4-CMC. Si toma este medicamento en Alemania, se llama \u00abAnlage I\u00bb. Muchos otros pa\u00edses a\u00fan no han fijado una fecha para este producto qu\u00edmico. Esto se debe principalmente a que es muy nuevo.<\/p>\n<p>Un lugar fresco y seco siempre es mejor para una mejor vida \u00fatil. Este producto es solo para uso forense y de investigaci\u00f3n. No est\u00e1 destinado a ser consumido por humanos ni probado en animales ni en ning\u00fan otro ser vivo.<\/p>\n","protected":false},"excerpt":{"rendered":"<p>Compre cristales y polvo de 4-CMC en l\u00ednea a un precio econ\u00f3mico en una tienda en l\u00ednea. Compre cristales y polvo de 4-CMC a granel que tengan una pureza del 99 por ciento. Ordene 4-Chloromethcathinone para la venta en el Reino Unido, Europa y el resto del mundo<\/p>\n<p>Compre cristal de clorhidrato de 4-Chloromethcathinone (4-CMC HCl) a los mejores precios y rec\u00edbalo en cualquier parte del mundo. Haga un pedido de 4-CMC en el Reino Unido y Europa<\/p>\n<p>Compre cristales y polvo de 4-CMC en l\u00ednea a un precio econ\u00f3mico en una tienda en l\u00ednea.<\/p>\n<p>Compre cristales de 4-CMC y polvo a granel con una pureza del 99 %.<\/p>\n","protected":false},"featured_media":5378,"comment_status":"open","ping_status":"closed","template":"","meta":[],"product_brand":[],"product_cat":[2014],"product_tag":[2101,2205,2102,2103,2105,2104,2208,2155,2478,2156,2213,2209,2157,2214,2158,2215,2159,2160,2161,2162,2163,2164,2166,2167,2169,2170,2165,2172,2173,2174,2175,2176,2177,2179,2180,2183,2184,2185,2186,2187,2188,2189,2190,2191,2192,2193,2194,2195,2196,2197,2198,2441,2354,2125,2302,2315,2468,2201,2202,2203,2204,2295,2476,2206,2211,2212,2216,2219,2220,2221,2222,2223,2225,2226,2233,2479,2234,2235,2236,2238,2240,2340,2330,2329,2480,2243,2421,2409,2244,2422,2423,2410,2245,2424,2411,2246,2247,2425,2412,2248,2249,2428,2415,2250,2251,2416,2253,2417,2431,2171,2392,2482,2252,2432,2265,2418,2254,2419,2433,2239,2255,2256,2267,2434,2323,2178,2263,2430,2181,2168,2264,2182,2413,2314,2469,2414,2477,2257,2258,2259,2260,2261,2262,2266,2484,2483,2309,2271,2272,2273,2278,2279,2207,2210,2280,2281,2282,2283,2286,2287,2289,2290,2292,2293,2218,2294,2217,2298,2301,2297,2299,2300,2305,2306,2307,2308,2310,2311,2312,2313,2316,2317,2318,2319,2320,2321,2322,2324,2326,2327,2328,2331,2332,2334,2335,2337,2338,2341,2342,2343,2344,2199,2200,2348,2350,2351,2352,2355,2356,2357,2358,2359,2361,2362,2363,2364,2365,2366,2367,2368,2369,2370,2371,2372,2373,2374,2126,2303,2481,2325,2339,2336,2347,2379,2380,2381,2382,2383,2384,2385,2386,2387,2388,2389,2390,2391,2394,2408,2395,2396,2397,2398,2399,2400,2401,2402,2403,2404,2346,2345,2405,2420,2406,2407,2333,2426,2427,2429,2268,2349,2269,2284,2270,2304,2288,2275,2285,2353,2276,2291,2360,2277,2274,2447,2435,2436,2437,2438,2439,2440,2442,2443,2444,2445,2446,2449,2450,2451,2452,2453,2454,2455,2456,2457,2458,2459,2460,2461,2462,2463,2464,2465,2466,2467,2470,2471,2472,2473,2474,2475],"class_list":{"0":"post-5367","1":"product","2":"type-product","3":"status-publish","4":"has-post-thumbnail","6":"product_cat-comprar-investigacion-quimicos","7":"product_tag-2-fdck","8":"product_tag-a-granel-2-fdck","9":"product_tag-2-mmc","10":"product_tag-3-cmc","11":"product_tag-3-mmc","12":"product_tag-3-mm","13":"product_tag-a-granel-3-mma","14":"product_tag-4-cmc","15":"product_tag-4-cmc-crystals-for-sale","16":"product_tag-5-mmpa","17":"product_tag-a-granel-5-mmpa","18":"product_tag-a-granel-3-mmc","19":"product_tag-a-php","20":"product_tag-a-granel-a-php","21":"product_tag-a-pihp","22":"product_tag-a-granel-a-pihp","23":"product_tag-acheter-2-fdck","24":"product_tag-acheter-2-mmc","25":"product_tag-acheter-3-cmc","26":"product_tag-acheter-3-mma","27":"product_tag-acheter-3-mmc","28":"product_tag-acheter-3-mmc-pellets","29":"product_tag-acheter-4-cmc","30":"product_tag-acheter-5-mmpa","31":"product_tag-acheter-a-pihp","32":"product_tag-acheter-eutylone","33":"product_tag-acheter-3-mmc-pastillas","34":"product_tag-acquista-2-fdck","35":"product_tag-acquista-2-mmc","36":"product_tag-acquista-3-cmc","37":"product_tag-acquista-3-mma","38":"product_tag-acquista-3-mmc","39":"product_tag-acquista-3-mmc-pellets","40":"product_tag-acquista-4-cmc","41":"product_tag-acquista-5-mmpa","42":"product_tag-acquista-eutylone","43":"product_tag-acquista-hexen","44":"product_tag-al-por-mayor-2-fdck","45":"product_tag-al-por-mayor-2-mmc","46":"product_tag-al-por-mayor-3-cmc","47":"product_tag-al-por-mayor-3-mma","48":"product_tag-al-por-mayor-3-mmc","49":"product_tag-al-por-mayor-3-mmc-pellets","50":"product_tag-al-por-mayor-3-mmc-pills","51":"product_tag-al-por-mayor-4-cmc","52":"product_tag-al-por-mayor-5-mmpa","53":"product_tag-al-por-mayor-a-php","54":"product_tag-al-por-mayor-a-pihp","55":"product_tag-al-por-mayor-eutylone","56":"product_tag-al-por-mayor-hexedrone","57":"product_tag-al-por-mayor-hexen","58":"product_tag-venta-al-por-mayor-3-mmc-pastillas","59":"product_tag-al-por-mayor-pastillas-de-3-mmc","60":"product_tag-3-mmc-pellets","61":"product_tag-ingrosso-3-mmc-pellets","62":"product_tag-koop-3-mmc-pellets","63":"product_tag-winkel-3-mmc-pellets","64":"product_tag-best-4-cmc","65":"product_tag-best-a-pihp","66":"product_tag-best-hexedrone","67":"product_tag-best-hexen","68":"product_tag-brujas","69":"product_tag-brujas-de-ngulo","70":"product_tag-bulk-2-mmc","71":"product_tag-bulk-3-mmc-pills","72":"product_tag-bulk-4-cmc","73":"product_tag-bulk-eutylone","74":"product_tag-buy-2-fdck","75":"product_tag-buy-2-mmc","76":"product_tag-buy-3-cmc","77":"product_tag-buy-3-mma","78":"product_tag-buy-3-mmc","79":"product_tag-buy-3-mmc-pellets","80":"product_tag-buy-3-mmc-pills","81":"product_tag-buy-4-cmc","82":"product_tag-buy-4-cmc-crystals-online","83":"product_tag-buy-5-mmpa","84":"product_tag-buy-a-php","85":"product_tag-buy-a-pihp","86":"product_tag-buy-eutylone","87":"product_tag-buy-hexen","88":"product_tag-3-mmc-revista","89":"product_tag-revista-3-mmc-pastillas","90":"product_tag-store-3-mmc-pellets","91":"product_tag-como-comprar-4-cmc-cristales-online","92":"product_tag-comprar-2-fdck","93":"product_tag-vasarold-meg-2-fdck","94":"product_tag-despegue-2-mmc","95":"product_tag-comprar-2-mmc","96":"product_tag-vasarold-meg-2-mmc","97":"product_tag-vasarold-meg-3-cmc","98":"product_tag-despegue-3-cmc","99":"product_tag-comprar-3-cmc","100":"product_tag-vasarold-meg-3-mma","101":"product_tag-despegue-3-mm","102":"product_tag-comprar-3-mma","103":"product_tag-comprar-3-mmc","104":"product_tag-vasarold-meg-3-mmc","105":"product_tag-despegue-3-mmc","106":"product_tag-comprar-3-mmc-pellets","107":"product_tag-comprar-3-mmc-piles","108":"product_tag-vasarold-meg-4-cmc","109":"product_tag-despegue-4-cmc","110":"product_tag-comprar-4-cmc","111":"product_tag-comprar-5-mmpa","112":"product_tag-uzlet-a-php","113":"product_tag-comprar-a-pihp","114":"product_tag-uzlet-a-pihp","115":"product_tag-vasarold-meg-pihp","116":"product_tag-acheter-hexen","117":"product_tag-comprar-brujas","118":"product_tag-comprar-4-cmc-cristales-online","119":"product_tag-comprar-a-php","120":"product_tag-vasarold-meg-eutylone","121":"product_tag-comprar-eutilona","122":"product_tag-eutilona-de-despegue","123":"product_tag-comprar-eutylone","124":"product_tag-hexedron-de-despegue","125":"product_tag-vasarold-meg-hexedrone","126":"product_tag-comprar-hexedrona","127":"product_tag-comprar-hexedrone","128":"product_tag-comprar-hexen","129":"product_tag-comprar-hexeno","130":"product_tag-vasarold-meg-hexen","131":"product_tag-comprar-maleficios","132":"product_tag-comprar-3-mmc-pastillas","133":"product_tag-cumpara-a-php","134":"product_tag-vasarold-meg-a-php","135":"product_tag-comprar-en-php","136":"product_tag-comprar-un-php","137":"product_tag-compra-un-pihp","138":"product_tag-comprar-en-pihp","139":"product_tag-uzlet-3-mmc-pellets","140":"product_tag-koop-3-mmc","141":"product_tag-tienda-3-mmc-pastillas","142":"product_tag-despegue-3-mmc-pastillas","143":"product_tag-4-cmc-cristales","144":"product_tag-cumpara-2-fdck","145":"product_tag-cumpara-3-cmc","146":"product_tag-cumpara-3-mma","147":"product_tag-cumpara-3-mmc","148":"product_tag-cumpara-4-cmc","149":"product_tag-cumpara-5-mmpa","150":"product_tag-cumpara-hexedrone","151":"product_tag-donde-comprar-4-cmc-cristales-online","152":"product_tag-el-mejor-lugar-para-comprar-4-cmc-crystals-online","153":"product_tag-ingrosso-brujas","154":"product_tag-en-gros-3-mmc","155":"product_tag-en-gros-4-cmc","156":"product_tag-en-gros-5-mmpa","157":"product_tag-en-gros-hexen","158":"product_tag-eutilona","159":"product_tag-a-granel-3-cmc","160":"product_tag-granel-3-mmc-pellets","161":"product_tag-groothandel-2-fdck","162":"product_tag-groothandel-2-mmc","163":"product_tag-groothandel-3-cmc","164":"product_tag-groothandel-3-mma","165":"product_tag-groothandel-3-mmc-pills","166":"product_tag-groothandel-4-cmc","167":"product_tag-groothandel-a-php","168":"product_tag-groothandel-a-pihp","169":"product_tag-groothandel-hexedrone","170":"product_tag-groothandel-hexen","171":"product_tag-hexeno-a-granel","172":"product_tag-hexedrona","173":"product_tag-hexedrona-a-granel","174":"product_tag-ingrosso-2-mmc","175":"product_tag-ingrosso-3-mmc","176":"product_tag-ingrosso-2-fdck","177":"product_tag-ingrosso-3-cmc","178":"product_tag-ingrosso-3-mma","179":"product_tag-ingrosso-5-mmpa","180":"product_tag-ingrosso-a-php","181":"product_tag-ingrosso-a-pihp","182":"product_tag-ingrosso-eutylone","183":"product_tag-koop-2-fdck","184":"product_tag-koop-2-mmc","185":"product_tag-koop-3-cmc","186":"product_tag-koop-3-mma","187":"product_tag-koop-3-mmc-pills","188":"product_tag-koop-4-cmc","189":"product_tag-koop-5-mmpa","190":"product_tag-koop-a-php","191":"product_tag-koop-a-pihp","192":"product_tag-koop-eutylone","193":"product_tag-koop-hexedrone","194":"product_tag-magasin-2-fdck","195":"product_tag-magasin-3-cmc","196":"product_tag-magasin-3-mma","197":"product_tag-magasin-3-mmc","198":"product_tag-magasin-4-cmc","199":"product_tag-magasin-5-mmpa","200":"product_tag-magasin-a-pihp","201":"product_tag-magasin-eutylone","202":"product_tag-magazin-2-fdck","203":"product_tag-magazin-3-cmc","204":"product_tag-magazin-4-cmc","205":"product_tag-magazin-5-mmpa","206":"product_tag-magazin-a-php","207":"product_tag-magazin-a-pihp","208":"product_tag-mejor-3-cmc","209":"product_tag-mejor-3-mmc","210":"product_tag-nagykereskedelem-2-fdck","211":"product_tag-nagykereskedelem-3-cmc","212":"product_tag-nagykereskedelem-3-mma","213":"product_tag-nagykereskedelem-3-mmc","214":"product_tag-nagykereskedelem-4-cmc","215":"product_tag-nagykereskedelem-5-mmpa","216":"product_tag-nagykereskedelem-a-php","217":"product_tag-nagykereskedelem-a-pihp","218":"product_tag-nagykereskedelem-eutylone","219":"product_tag-nagykereskedelem-hexen","220":"product_tag-negozio-2-fdck","221":"product_tag-negozio-2-mmc","222":"product_tag-negozio-3-cmc","223":"product_tag-negozio-3-mma","224":"product_tag-negozio-3-mmc","225":"product_tag-negozio-3-mmc-pellets","226":"product_tag-negozio-3-mmc-pills","227":"product_tag-negozio-4-cmc","228":"product_tag-negozio-5-mmpa","229":"product_tag-negozio-a-php","230":"product_tag-negozio-a-pihp","231":"product_tag-negozio-eutylone","232":"product_tag-negozio-hexen","233":"product_tag-pastillas-de-3-mmc","234":"product_tag-mayorista-3-mmc-pastillas","235":"product_tag-pedir-4-cmc-cristales-online","236":"product_tag-revista-2-mmc","237":"product_tag-3-mmma-revista","238":"product_tag-magasin-brujas","239":"product_tag-revista-brujas","240":"product_tag-shop-2-fdck","241":"product_tag-shop-2-mmc","242":"product_tag-shop-3-cmc","243":"product_tag-shop-3-mma","244":"product_tag-shop-3-mmc","245":"product_tag-shop-3-mmc-pellets","246":"product_tag-shop-3-mmc-pills","247":"product_tag-shop-4-cmc","248":"product_tag-shop-5-mmpa","249":"product_tag-shop-a-php","250":"product_tag-shop-a-pihp","251":"product_tag-shop-eutylone","252":"product_tag-shop-hexedrone","253":"product_tag-tienda-2-fdck","254":"product_tag-despegue-2-fdck","255":"product_tag-tienda-2-mmc","256":"product_tag-tienda-3-cmc","257":"product_tag-tienda-3-mma","258":"product_tag-tienda-3-mmc","259":"product_tag-tienda-3-mmc-pellets","260":"product_tag-tienda-3-mmc-pills","261":"product_tag-tienda-4-cmc","262":"product_tag-tienda-5-mmpa","263":"product_tag-tienda-a-php","264":"product_tag-tienda-a-pihp","265":"product_tag-tienda-de-hexedron","266":"product_tag-tienda-de-eutilona","267":"product_tag-tienda-eutylone","268":"product_tag-uzlet-hexen","269":"product_tag-tienda-hexedrone","270":"product_tag-tienda-hexen","271":"product_tag-almacenar-a-php","272":"product_tag-vasarold-meg-3-mmc-pellets","273":"product_tag-vasarold-meg-3-mmc-pills","274":"product_tag-vasarold-meg-5-mmpa","275":"product_tag-mayorista-2-fdck","276":"product_tag-venta-al-por-mayor-2-mmc","277":"product_tag-mayorista-3-cmc","278":"product_tag-mayorista-3-mmc","279":"product_tag-mayorista-3-mma","280":"product_tag-venta-al-por-mayor-4-cmc","281":"product_tag-venta-al-por-mayor-5-mmpa","282":"product_tag-venta-al-por-mayor-a-pihp","283":"product_tag-mayorista-3-mmc-pellets","284":"product_tag-venta-al-por-major-3-mmc-pellets","285":"product_tag-venta-al-por-mayor-eutylone","286":"product_tag-venta-al-por-major-eutilona","287":"product_tag-venta-al-por-major-hexedrona","288":"product_tag-mayorista-hexedrona","289":"product_tag-mayorista-a-php","290":"product_tag-mayorista-hexen","291":"product_tag-vente-en-gros-2-fdck","292":"product_tag-vente-en-gros-2-mmc","293":"product_tag-vente-en-gros-3-cmc","294":"product_tag-vente-en-gros-3-mma","295":"product_tag-vente-en-gros-3-mmc","296":"product_tag-vente-en-gros-3-mmc-pellets","297":"product_tag-vente-en-gros-4-cmc","298":"product_tag-vente-en-gros-5-mmpa","299":"product_tag-vente-en-gros-a-php","300":"product_tag-vente-en-gros-a-pihp","301":"product_tag-vente-en-gros-eutylone","302":"product_tag-wholesale-2-fdck","303":"product_tag-wholesale-2-mmc","304":"product_tag-wholesale-3-cmc","305":"product_tag-wholesale-3-mma","306":"product_tag-wholesale-3-mmc","307":"product_tag-wholesale-3-mmc-pellets","308":"product_tag-wholesale-3-mmc-pills","309":"product_tag-wholesale-4-cmc","310":"product_tag-wholesale-5-mmpa","311":"product_tag-wholesale-a-php","312":"product_tag-wholesale-a-pihp","313":"product_tag-wholesale-eutylone","314":"product_tag-wholesale-hexedrone","315":"product_tag-wholesale-hexen","316":"product_tag-winkel-2-fdck","317":"product_tag-winkel-2-mmc","318":"product_tag-winkel-3-cmc","319":"product_tag-winkel-3-mma","320":"product_tag-winkel-3-mmc","321":"product_tag-winkel-4-cmc","322":"product_tag-winkel-5-mmpa","323":"product_tag-winkel-a-php","324":"product_tag-winkel-a-pihp","325":"product_tag-winkel-eutylone","326":"product_tag-winkel-hexedrone","328":"first","329":"instock","330":"shipping-taxable","331":"purchasable","332":"product-type-variable","333":"has-default-attributes"},"yoast_head":"<!-- This site is optimized with the Yoast SEO plugin v27.3 - https:\/\/yoast.com\/product\/yoast-seo-wordpress\/ -->\n<title>Comprar cristal de 4-cloromethcatinona (4-CMC HCl) - Best Best Global Meds<\/title>\n<meta name=\"description\" content=\"Comprar 4-CMC Crystal &amp; Polvo Online Barato. Comprar 4-CMC Crystal &amp; Polvo a granel 99% de pureza. Ordene 4-Clorometcatinona para la venta Reino Unido, Europa\" \/>\n<meta name=\"robots\" content=\"index, follow, max-snippet:-1, max-image-preview:large, max-video-preview:-1\" \/>\n<link rel=\"canonical\" href=\"https:\/\/medicinasinc.com\/es\/product\/4-clorometactinona-4-cmc-hcl-cristal\/\" \/>\n<meta property=\"og:locale\" content=\"es_ES\" \/>\n<meta property=\"og:type\" content=\"article\" \/>\n<meta property=\"og:title\" content=\"Comprar cristal de 4-cloromethcatinona (4-CMC HCl) - Best Best Global Meds\" \/>\n<meta property=\"og:description\" content=\"Comprar 4-CMC Crystal &amp; Polvo Online Barato. Comprar 4-CMC Crystal &amp; Polvo a granel 99% de pureza. Ordene 4-Clorometcatinona para la venta Reino Unido, Europa\" \/>\n<meta property=\"og:url\" content=\"https:\/\/medicinasinc.com\/es\/product\/4-clorometactinona-4-cmc-hcl-cristal\/\" \/>\n<meta property=\"og:site_name\" content=\"Medicinas Inc\" \/>\n<meta property=\"article:modified_time\" content=\"2022-03-22T00:48:44+00:00\" \/>\n<meta property=\"og:image\" content=\"https:\/\/medicinasinc.com\/es\/wp-content\/uploads\/sites\/15\/2022\/02\/buy-4-Chloromethcathinone.jpg\" \/>\n\t<meta property=\"og:image:width\" content=\"2560\" \/>\n\t<meta property=\"og:image:height\" content=\"1887\" \/>\n\t<meta property=\"og:image:type\" content=\"image\/jpeg\" \/>\n<meta name=\"twitter:card\" content=\"summary_large_image\" \/>\n<meta name=\"twitter:label1\" content=\"Tiempo de lectura\" \/>\n\t<meta name=\"twitter:data1\" content=\"2 minutos\" \/>\n<script type=\"application\/ld+json\" class=\"yoast-schema-graph\">{\"@context\":\"https:\\\/\\\/schema.org\",\"@graph\":[{\"@type\":\"WebPage\",\"@id\":\"https:\\\/\\\/medicinasinc.com\\\/es\\\/product\\\/4-clorometactinona-4-cmc-hcl-cristal\\\/\",\"url\":\"https:\\\/\\\/medicinasinc.com\\\/es\\\/product\\\/4-clorometactinona-4-cmc-hcl-cristal\\\/\",\"name\":\"Comprar cristal de 4-cloromethcatinona (4-CMC HCl) - Best Best Global Meds\",\"isPartOf\":{\"@id\":\"https:\\\/\\\/medicinasinc.com\\\/es\\\/#website\"},\"primaryImageOfPage\":{\"@id\":\"https:\\\/\\\/medicinasinc.com\\\/es\\\/product\\\/4-clorometactinona-4-cmc-hcl-cristal\\\/#primaryimage\"},\"image\":{\"@id\":\"https:\\\/\\\/medicinasinc.com\\\/es\\\/product\\\/4-clorometactinona-4-cmc-hcl-cristal\\\/#primaryimage\"},\"thumbnailUrl\":\"https:\\\/\\\/medicinasinc.com\\\/es\\\/wp-content\\\/uploads\\\/sites\\\/15\\\/2022\\\/02\\\/buy-4-Chloromethcathinone.jpg\",\"datePublished\":\"2022-02-21T21:52:55+00:00\",\"dateModified\":\"2022-03-22T00:48:44+00:00\",\"description\":\"Comprar 4-CMC Crystal &amp; Polvo Online Barato. Comprar 4-CMC Crystal &amp; Polvo a granel 99% de pureza. Ordene 4-Clorometcatinona para la venta Reino Unido, Europa\",\"breadcrumb\":{\"@id\":\"https:\\\/\\\/medicinasinc.com\\\/es\\\/product\\\/4-clorometactinona-4-cmc-hcl-cristal\\\/#breadcrumb\"},\"inLanguage\":\"es\",\"potentialAction\":[{\"@type\":\"ReadAction\",\"target\":[\"https:\\\/\\\/medicinasinc.com\\\/es\\\/product\\\/4-clorometactinona-4-cmc-hcl-cristal\\\/\"]}]},{\"@type\":\"ImageObject\",\"inLanguage\":\"es\",\"@id\":\"https:\\\/\\\/medicinasinc.com\\\/es\\\/product\\\/4-clorometactinona-4-cmc-hcl-cristal\\\/#primaryimage\",\"url\":\"https:\\\/\\\/medicinasinc.com\\\/es\\\/wp-content\\\/uploads\\\/sites\\\/15\\\/2022\\\/02\\\/buy-4-Chloromethcathinone.jpg\",\"contentUrl\":\"https:\\\/\\\/medicinasinc.com\\\/es\\\/wp-content\\\/uploads\\\/sites\\\/15\\\/2022\\\/02\\\/buy-4-Chloromethcathinone.jpg\",\"width\":2560,\"height\":1887},{\"@type\":\"BreadcrumbList\",\"@id\":\"https:\\\/\\\/medicinasinc.com\\\/es\\\/product\\\/4-clorometactinona-4-cmc-hcl-cristal\\\/#breadcrumb\",\"itemListElement\":[{\"@type\":\"ListItem\",\"position\":1,\"name\":\"Tienda\",\"item\":\"https:\\\/\\\/medicinasinc.com\\\/es\\\/tienda\\\/\"},{\"@type\":\"ListItem\",\"position\":2,\"name\":\"Cristal de 4-clorometcatinona (4-CMC HCl)\"}]},{\"@type\":\"WebSite\",\"@id\":\"https:\\\/\\\/medicinasinc.com\\\/es\\\/#website\",\"url\":\"https:\\\/\\\/medicinasinc.com\\\/es\\\/\",\"name\":\"Medicinas Inc\",\"description\":\"Cl\u00ednica M\u00e9dica de Salud\",\"potentialAction\":[{\"@type\":\"SearchAction\",\"target\":{\"@type\":\"EntryPoint\",\"urlTemplate\":\"https:\\\/\\\/medicinasinc.com\\\/es\\\/?s={search_term_string}\"},\"query-input\":{\"@type\":\"PropertyValueSpecification\",\"valueRequired\":true,\"valueName\":\"search_term_string\"}}],\"inLanguage\":\"es\"}]}<\/script>\n<!-- \/ Yoast SEO plugin. -->","yoast_head_json":{"title":"Comprar cristal de 4-cloromethcatinona (4-CMC HCl) - Best Best Global Meds","description":"Comprar 4-CMC Crystal &amp; Polvo Online Barato. Comprar 4-CMC Crystal &amp; Polvo a granel 99% de pureza. Ordene 4-Clorometcatinona para la venta Reino Unido, Europa","robots":{"index":"index","follow":"follow","max-snippet":"max-snippet:-1","max-image-preview":"max-image-preview:large","max-video-preview":"max-video-preview:-1"},"canonical":"https:\/\/medicinasinc.com\/es\/product\/4-clorometactinona-4-cmc-hcl-cristal\/","og_locale":"es_ES","og_type":"article","og_title":"Comprar cristal de 4-cloromethcatinona (4-CMC HCl) - Best Best Global Meds","og_description":"Comprar 4-CMC Crystal &amp; Polvo Online Barato. Comprar 4-CMC Crystal &amp; Polvo a granel 99% de pureza. Ordene 4-Clorometcatinona para la venta Reino Unido, Europa","og_url":"https:\/\/medicinasinc.com\/es\/product\/4-clorometactinona-4-cmc-hcl-cristal\/","og_site_name":"Medicinas Inc","article_modified_time":"2022-03-22T00:48:44+00:00","og_image":[{"width":2560,"height":1887,"url":"https:\/\/medicinasinc.com\/es\/wp-content\/uploads\/sites\/15\/2022\/02\/buy-4-Chloromethcathinone.jpg","type":"image\/jpeg"}],"twitter_card":"summary_large_image","twitter_misc":{"Tiempo de lectura":"2 minutos"},"schema":{"@context":"https:\/\/schema.org","@graph":[{"@type":"WebPage","@id":"https:\/\/medicinasinc.com\/es\/product\/4-clorometactinona-4-cmc-hcl-cristal\/","url":"https:\/\/medicinasinc.com\/es\/product\/4-clorometactinona-4-cmc-hcl-cristal\/","name":"Comprar cristal de 4-cloromethcatinona (4-CMC HCl) - Best Best Global Meds","isPartOf":{"@id":"https:\/\/medicinasinc.com\/es\/#website"},"primaryImageOfPage":{"@id":"https:\/\/medicinasinc.com\/es\/product\/4-clorometactinona-4-cmc-hcl-cristal\/#primaryimage"},"image":{"@id":"https:\/\/medicinasinc.com\/es\/product\/4-clorometactinona-4-cmc-hcl-cristal\/#primaryimage"},"thumbnailUrl":"https:\/\/medicinasinc.com\/es\/wp-content\/uploads\/sites\/15\/2022\/02\/buy-4-Chloromethcathinone.jpg","datePublished":"2022-02-21T21:52:55+00:00","dateModified":"2022-03-22T00:48:44+00:00","description":"Comprar 4-CMC Crystal &amp; Polvo Online Barato. Comprar 4-CMC Crystal &amp; Polvo a granel 99% de pureza. Ordene 4-Clorometcatinona para la venta Reino Unido, Europa","breadcrumb":{"@id":"https:\/\/medicinasinc.com\/es\/product\/4-clorometactinona-4-cmc-hcl-cristal\/#breadcrumb"},"inLanguage":"es","potentialAction":[{"@type":"ReadAction","target":["https:\/\/medicinasinc.com\/es\/product\/4-clorometactinona-4-cmc-hcl-cristal\/"]}]},{"@type":"ImageObject","inLanguage":"es","@id":"https:\/\/medicinasinc.com\/es\/product\/4-clorometactinona-4-cmc-hcl-cristal\/#primaryimage","url":"https:\/\/medicinasinc.com\/es\/wp-content\/uploads\/sites\/15\/2022\/02\/buy-4-Chloromethcathinone.jpg","contentUrl":"https:\/\/medicinasinc.com\/es\/wp-content\/uploads\/sites\/15\/2022\/02\/buy-4-Chloromethcathinone.jpg","width":2560,"height":1887},{"@type":"BreadcrumbList","@id":"https:\/\/medicinasinc.com\/es\/product\/4-clorometactinona-4-cmc-hcl-cristal\/#breadcrumb","itemListElement":[{"@type":"ListItem","position":1,"name":"Tienda","item":"https:\/\/medicinasinc.com\/es\/tienda\/"},{"@type":"ListItem","position":2,"name":"Cristal de 4-clorometcatinona (4-CMC HCl)"}]},{"@type":"WebSite","@id":"https:\/\/medicinasinc.com\/es\/#website","url":"https:\/\/medicinasinc.com\/es\/","name":"Medicinas Inc","description":"Cl\u00ednica M\u00e9dica de Salud","potentialAction":[{"@type":"SearchAction","target":{"@type":"EntryPoint","urlTemplate":"https:\/\/medicinasinc.com\/es\/?s={search_term_string}"},"query-input":{"@type":"PropertyValueSpecification","valueRequired":true,"valueName":"search_term_string"}}],"inLanguage":"es"}]}},"_links":{"self":[{"href":"https:\/\/medicinasinc.com\/es\/wp-json\/wp\/v2\/product\/5367","targetHints":{"allow":["GET"]}}],"collection":[{"href":"https:\/\/medicinasinc.com\/es\/wp-json\/wp\/v2\/product"}],"about":[{"href":"https:\/\/medicinasinc.com\/es\/wp-json\/wp\/v2\/types\/product"}],"replies":[{"embeddable":true,"href":"https:\/\/medicinasinc.com\/es\/wp-json\/wp\/v2\/comments?post=5367"}],"wp:featuredmedia":[{"embeddable":true,"href":"https:\/\/medicinasinc.com\/es\/wp-json\/wp\/v2\/media\/5378"}],"wp:attachment":[{"href":"https:\/\/medicinasinc.com\/es\/wp-json\/wp\/v2\/media?parent=5367"}],"wp:term":[{"taxonomy":"product_brand","embeddable":true,"href":"https:\/\/medicinasinc.com\/es\/wp-json\/wp\/v2\/product_brand?post=5367"},{"taxonomy":"product_cat","embeddable":true,"href":"https:\/\/medicinasinc.com\/es\/wp-json\/wp\/v2\/product_cat?post=5367"},{"taxonomy":"product_tag","embeddable":true,"href":"https:\/\/medicinasinc.com\/es\/wp-json\/wp\/v2\/product_tag?post=5367"}],"curies":[{"name":"wp","href":"https:\/\/api.w.org\/{rel}","templated":true}]}}