{"id":5366,"date":"2022-02-21T21:52:02","date_gmt":"2022-02-21T21:52:02","guid":{"rendered":"https:\/\/medicinasinc.com\/es\/?post_type=product&#038;p=5366"},"modified":"2022-03-22T00:48:59","modified_gmt":"2022-03-22T00:48:59","slug":"comprar-3f-fenmetrazina","status":"publish","type":"product","link":"https:\/\/medicinasinc.com\/es\/product\/comprar-3f-fenmetrazina\/","title":{"rendered":"Comprar 3F-Fenmetrazina"},"content":{"rendered":"<p>\u00bfQu\u00e9 significa 3-FPM?<\/p>\n<p>3-FPM es la abreviatura de 3-Fluorofenmetrazina, y significa 3-Fluorofenmetrazina. El 3-FPM es una sustancia qu\u00edmica utilizada en la investigaci\u00f3n que tiene mucho poder para hacer que la gente se ponga en marcha. El 3-FPM es parte de una clase de sustancias qu\u00edmicas llamadas fenol morfolina y puede da\u00f1ar su cuerpo. Generalmente se piensa que los resultados de los experimentos con 3-FPM son muy similares o casi iguales a los resultados de los experimentos con anfetaminas. Los experimentos con 3-FPM generalmente muestran que las personas est\u00e1n m\u00e1s enfocadas y motivadas, sus pensamientos se mueven m\u00e1s r\u00e1pido y se sienten felices. Sin embargo, a menudo se dice que estos resultados son menos intensos que los de las anfetaminas u otras drogas que lo hacen estar m\u00e1s alerta. Mucha gente no se pone nerviosa ni se adormece cuando usa 3-FPM.<\/p>\n<p>\u00bfD\u00f3nde puedo comprar 3-FPM?<\/p>\n<p>En Best Globel Med, tenemos muchos muy buena 3-FPM a la venta. Nuestro 3-FPM viene en forma de polvo y gr\u00e1nulos, por lo que puede obtenerlo. No importa cu\u00e1l de estos dos estados qu\u00edmicos prefiera. Lo tenemos cubierto.<\/p>\n<p>Tenemos un 3-FPM a la venta que es solo para investigaci\u00f3n, no para la venta. No es para usar en casa. Las personas que nos compran 3-FPM deben tener al menos 18 a\u00f1os y cumplir plenamente con las leyes de su pa\u00eds.<\/p>\n<p>3-FPM es legal.<\/p>\n<p>3-FPM es no es legal comprar, vender o poseer en Israel, Suiza o los Estados Unidos, por lo que no puede hacerlo. En el Reino Unido, se cree que es similar a la fenmetrazina, que es un medicamento que no es seguro para las personas.<\/p>\n<p>Un lugar fresco y seco siempre es mejor para una mejor vida \u00fatil. Este producto es solo para uso forense y de investigaci\u00f3n. No est\u00e1 destinado a ser consumido por humanos ni probado en animales ni en ning\u00fan otro ser vivo.<\/p>\n","protected":false},"excerpt":{"rendered":"<div class=\"woocommerce-product-details__short-description\">\n<p>COMPRA 3-FPM3-FPM (tambi\u00e9n conocido como 3-Fluorofenmetrazina, 3F-Fenmetrazina y PAL-593) es un nuevo estimulante a base de fenilmorfolina.<\/p>\n<p>3-Fluorofenmetrazina, tambi\u00e9n conocida como 3F-Fenmetrazina, PAL-593 y 3-FPM, es un nuevo estimulante de la clase de fenilmorfolina.<\/p>\n<p>Comprar 3-FPM en l\u00ednea<\/p>\n<p>3F-Fenmetrazina se puede comprar en l\u00ednea.<\/p>\n<p>3F-Fenmetrazina est\u00e1 disponible como una sustancia blanca cristalina o en polvo. La 3F-fenmetrazina es soluble en disolventes org\u00e1nicos como metanol, etanol, dimetilformamida (DMF) y diclorometano (DCM), que deben purgarse con un gas inerte.<\/p>\n<\/p><\/div>\n","protected":false},"featured_media":5376,"comment_status":"open","ping_status":"closed","template":"","meta":[],"product_brand":[],"product_cat":[2014],"product_tag":[],"class_list":{"0":"post-5366","1":"product","2":"type-product","3":"status-publish","4":"has-post-thumbnail","6":"product_cat-comprar-investigacion-quimicos","8":"first","9":"instock","10":"shipping-taxable","11":"purchasable","12":"product-type-variable","13":"has-default-attributes"},"yoast_head":"<!-- This site is optimized with the Yoast SEO plugin v27.3 - https:\/\/yoast.com\/product\/yoast-seo-wordpress\/ -->\n<title>Comprar 3F-Fenmetrazina - Best Best Global Meds<\/title>\n<meta name=\"description\" content=\"COMPRAR 3-FPM3-FPM para la venta (tambi\u00e9n conocido como 3-Fluorophenmetrazine, 3F-Phenmetrazine y PAL-593) es una nueva sustancia estimulante de la clase de fenilmorfolina.\" \/>\n<meta name=\"robots\" content=\"index, follow, max-snippet:-1, max-image-preview:large, max-video-preview:-1\" \/>\n<link rel=\"canonical\" href=\"https:\/\/medicinasinc.com\/es\/product\/comprar-3f-fenmetrazina\/\" \/>\n<meta property=\"og:locale\" content=\"es_ES\" \/>\n<meta property=\"og:type\" content=\"article\" \/>\n<meta property=\"og:title\" content=\"Comprar 3F-Fenmetrazina - Best Best Global Meds\" \/>\n<meta property=\"og:description\" content=\"COMPRAR 3-FPM3-FPM para la venta (tambi\u00e9n conocido como 3-Fluorophenmetrazine, 3F-Phenmetrazine y PAL-593) es una nueva sustancia estimulante de la clase de fenilmorfolina.\" \/>\n<meta property=\"og:url\" content=\"https:\/\/medicinasinc.com\/es\/product\/comprar-3f-fenmetrazina\/\" \/>\n<meta property=\"og:site_name\" content=\"Medicinas Inc\" \/>\n<meta property=\"article:modified_time\" content=\"2022-03-22T00:48:59+00:00\" \/>\n<meta property=\"og:image\" content=\"https:\/\/medicinasinc.com\/es\/wp-content\/uploads\/sites\/15\/2022\/02\/3fpm.jpg\" \/>\n\t<meta property=\"og:image:width\" content=\"600\" \/>\n\t<meta property=\"og:image:height\" content=\"600\" \/>\n\t<meta property=\"og:image:type\" content=\"image\/jpeg\" \/>\n<meta name=\"twitter:card\" content=\"summary_large_image\" \/>\n<meta name=\"twitter:label1\" content=\"Tiempo de lectura\" \/>\n\t<meta name=\"twitter:data1\" content=\"2 minutos\" \/>\n<script type=\"application\/ld+json\" class=\"yoast-schema-graph\">{\"@context\":\"https:\\\/\\\/schema.org\",\"@graph\":[{\"@type\":\"WebPage\",\"@id\":\"https:\\\/\\\/medicinasinc.com\\\/es\\\/product\\\/comprar-3f-fenmetrazina\\\/\",\"url\":\"https:\\\/\\\/medicinasinc.com\\\/es\\\/product\\\/comprar-3f-fenmetrazina\\\/\",\"name\":\"Comprar 3F-Fenmetrazina - Best Best Global Meds\",\"isPartOf\":{\"@id\":\"https:\\\/\\\/medicinasinc.com\\\/es\\\/#website\"},\"primaryImageOfPage\":{\"@id\":\"https:\\\/\\\/medicinasinc.com\\\/es\\\/product\\\/comprar-3f-fenmetrazina\\\/#primaryimage\"},\"image\":{\"@id\":\"https:\\\/\\\/medicinasinc.com\\\/es\\\/product\\\/comprar-3f-fenmetrazina\\\/#primaryimage\"},\"thumbnailUrl\":\"https:\\\/\\\/medicinasinc.com\\\/es\\\/wp-content\\\/uploads\\\/sites\\\/15\\\/2022\\\/02\\\/3fpm.jpg\",\"datePublished\":\"2022-02-21T21:52:02+00:00\",\"dateModified\":\"2022-03-22T00:48:59+00:00\",\"description\":\"COMPRAR 3-FPM3-FPM para la venta (tambi\u00e9n conocido como 3-Fluorophenmetrazine, 3F-Phenmetrazine y PAL-593) es una nueva sustancia estimulante de la clase de fenilmorfolina.\",\"breadcrumb\":{\"@id\":\"https:\\\/\\\/medicinasinc.com\\\/es\\\/product\\\/comprar-3f-fenmetrazina\\\/#breadcrumb\"},\"inLanguage\":\"es\",\"potentialAction\":[{\"@type\":\"ReadAction\",\"target\":[\"https:\\\/\\\/medicinasinc.com\\\/es\\\/product\\\/comprar-3f-fenmetrazina\\\/\"]}]},{\"@type\":\"ImageObject\",\"inLanguage\":\"es\",\"@id\":\"https:\\\/\\\/medicinasinc.com\\\/es\\\/product\\\/comprar-3f-fenmetrazina\\\/#primaryimage\",\"url\":\"https:\\\/\\\/medicinasinc.com\\\/es\\\/wp-content\\\/uploads\\\/sites\\\/15\\\/2022\\\/02\\\/3fpm.jpg\",\"contentUrl\":\"https:\\\/\\\/medicinasinc.com\\\/es\\\/wp-content\\\/uploads\\\/sites\\\/15\\\/2022\\\/02\\\/3fpm.jpg\",\"width\":600,\"height\":600},{\"@type\":\"BreadcrumbList\",\"@id\":\"https:\\\/\\\/medicinasinc.com\\\/es\\\/product\\\/comprar-3f-fenmetrazina\\\/#breadcrumb\",\"itemListElement\":[{\"@type\":\"ListItem\",\"position\":1,\"name\":\"Tienda\",\"item\":\"https:\\\/\\\/medicinasinc.com\\\/es\\\/tienda\\\/\"},{\"@type\":\"ListItem\",\"position\":2,\"name\":\"Comprar 3F-Fenmetrazina\"}]},{\"@type\":\"WebSite\",\"@id\":\"https:\\\/\\\/medicinasinc.com\\\/es\\\/#website\",\"url\":\"https:\\\/\\\/medicinasinc.com\\\/es\\\/\",\"name\":\"Medicinas Inc\",\"description\":\"Cl\u00ednica M\u00e9dica de Salud\",\"potentialAction\":[{\"@type\":\"SearchAction\",\"target\":{\"@type\":\"EntryPoint\",\"urlTemplate\":\"https:\\\/\\\/medicinasinc.com\\\/es\\\/?s={search_term_string}\"},\"query-input\":{\"@type\":\"PropertyValueSpecification\",\"valueRequired\":true,\"valueName\":\"search_term_string\"}}],\"inLanguage\":\"es\"}]}<\/script>\n<!-- \/ Yoast SEO plugin. -->","yoast_head_json":{"title":"Comprar 3F-Fenmetrazina - Best Best Global Meds","description":"COMPRAR 3-FPM3-FPM para la venta (tambi\u00e9n conocido como 3-Fluorophenmetrazine, 3F-Phenmetrazine y PAL-593) es una nueva sustancia estimulante de la clase de fenilmorfolina.","robots":{"index":"index","follow":"follow","max-snippet":"max-snippet:-1","max-image-preview":"max-image-preview:large","max-video-preview":"max-video-preview:-1"},"canonical":"https:\/\/medicinasinc.com\/es\/product\/comprar-3f-fenmetrazina\/","og_locale":"es_ES","og_type":"article","og_title":"Comprar 3F-Fenmetrazina - Best Best Global Meds","og_description":"COMPRAR 3-FPM3-FPM para la venta (tambi\u00e9n conocido como 3-Fluorophenmetrazine, 3F-Phenmetrazine y PAL-593) es una nueva sustancia estimulante de la clase de fenilmorfolina.","og_url":"https:\/\/medicinasinc.com\/es\/product\/comprar-3f-fenmetrazina\/","og_site_name":"Medicinas Inc","article_modified_time":"2022-03-22T00:48:59+00:00","og_image":[{"width":600,"height":600,"url":"https:\/\/medicinasinc.com\/es\/wp-content\/uploads\/sites\/15\/2022\/02\/3fpm.jpg","type":"image\/jpeg"}],"twitter_card":"summary_large_image","twitter_misc":{"Tiempo de lectura":"2 minutos"},"schema":{"@context":"https:\/\/schema.org","@graph":[{"@type":"WebPage","@id":"https:\/\/medicinasinc.com\/es\/product\/comprar-3f-fenmetrazina\/","url":"https:\/\/medicinasinc.com\/es\/product\/comprar-3f-fenmetrazina\/","name":"Comprar 3F-Fenmetrazina - Best Best Global Meds","isPartOf":{"@id":"https:\/\/medicinasinc.com\/es\/#website"},"primaryImageOfPage":{"@id":"https:\/\/medicinasinc.com\/es\/product\/comprar-3f-fenmetrazina\/#primaryimage"},"image":{"@id":"https:\/\/medicinasinc.com\/es\/product\/comprar-3f-fenmetrazina\/#primaryimage"},"thumbnailUrl":"https:\/\/medicinasinc.com\/es\/wp-content\/uploads\/sites\/15\/2022\/02\/3fpm.jpg","datePublished":"2022-02-21T21:52:02+00:00","dateModified":"2022-03-22T00:48:59+00:00","description":"COMPRAR 3-FPM3-FPM para la venta (tambi\u00e9n conocido como 3-Fluorophenmetrazine, 3F-Phenmetrazine y PAL-593) es una nueva sustancia estimulante de la clase de fenilmorfolina.","breadcrumb":{"@id":"https:\/\/medicinasinc.com\/es\/product\/comprar-3f-fenmetrazina\/#breadcrumb"},"inLanguage":"es","potentialAction":[{"@type":"ReadAction","target":["https:\/\/medicinasinc.com\/es\/product\/comprar-3f-fenmetrazina\/"]}]},{"@type":"ImageObject","inLanguage":"es","@id":"https:\/\/medicinasinc.com\/es\/product\/comprar-3f-fenmetrazina\/#primaryimage","url":"https:\/\/medicinasinc.com\/es\/wp-content\/uploads\/sites\/15\/2022\/02\/3fpm.jpg","contentUrl":"https:\/\/medicinasinc.com\/es\/wp-content\/uploads\/sites\/15\/2022\/02\/3fpm.jpg","width":600,"height":600},{"@type":"BreadcrumbList","@id":"https:\/\/medicinasinc.com\/es\/product\/comprar-3f-fenmetrazina\/#breadcrumb","itemListElement":[{"@type":"ListItem","position":1,"name":"Tienda","item":"https:\/\/medicinasinc.com\/es\/tienda\/"},{"@type":"ListItem","position":2,"name":"Comprar 3F-Fenmetrazina"}]},{"@type":"WebSite","@id":"https:\/\/medicinasinc.com\/es\/#website","url":"https:\/\/medicinasinc.com\/es\/","name":"Medicinas Inc","description":"Cl\u00ednica M\u00e9dica de Salud","potentialAction":[{"@type":"SearchAction","target":{"@type":"EntryPoint","urlTemplate":"https:\/\/medicinasinc.com\/es\/?s={search_term_string}"},"query-input":{"@type":"PropertyValueSpecification","valueRequired":true,"valueName":"search_term_string"}}],"inLanguage":"es"}]}},"_links":{"self":[{"href":"https:\/\/medicinasinc.com\/es\/wp-json\/wp\/v2\/product\/5366","targetHints":{"allow":["GET"]}}],"collection":[{"href":"https:\/\/medicinasinc.com\/es\/wp-json\/wp\/v2\/product"}],"about":[{"href":"https:\/\/medicinasinc.com\/es\/wp-json\/wp\/v2\/types\/product"}],"replies":[{"embeddable":true,"href":"https:\/\/medicinasinc.com\/es\/wp-json\/wp\/v2\/comments?post=5366"}],"wp:featuredmedia":[{"embeddable":true,"href":"https:\/\/medicinasinc.com\/es\/wp-json\/wp\/v2\/media\/5376"}],"wp:attachment":[{"href":"https:\/\/medicinasinc.com\/es\/wp-json\/wp\/v2\/media?parent=5366"}],"wp:term":[{"taxonomy":"product_brand","embeddable":true,"href":"https:\/\/medicinasinc.com\/es\/wp-json\/wp\/v2\/product_brand?post=5366"},{"taxonomy":"product_cat","embeddable":true,"href":"https:\/\/medicinasinc.com\/es\/wp-json\/wp\/v2\/product_cat?post=5366"},{"taxonomy":"product_tag","embeddable":true,"href":"https:\/\/medicinasinc.com\/es\/wp-json\/wp\/v2\/product_tag?post=5366"}],"curies":[{"name":"wp","href":"https:\/\/api.w.org\/{rel}","templated":true}]}}