{"id":5341,"date":"2022-02-21T21:16:40","date_gmt":"2022-02-21T21:16:40","guid":{"rendered":"https:\/\/medicinasinc.com\/es\/?post_type=product&#038;p=5341"},"modified":"2022-03-22T00:49:28","modified_gmt":"2022-03-22T00:49:28","slug":"comprar-2c-e-investigacion-quimica","status":"publish","type":"product","link":"https:\/\/medicinasinc.com\/es\/product\/comprar-2c-e-investigacion-quimica\/","title":{"rendered":"Comprar producto qu\u00edmico de investigaci\u00f3n 2C-E"},"content":{"rendered":"<p>El qu\u00edmico de investigaci\u00f3n 2C-E se puede comprar en l\u00ednea.<\/p>\n<p>El qu\u00edmico de investigaci\u00f3n 2C-E se puede comprar en l\u00ednea.<\/p>\n<p>Proveedor de 2c e, qu\u00edmico de investigaci\u00f3n 2ce, comprador de 2c e, 2c e a la venta<\/p>\n<p>Compra en l\u00ednea de productos qu\u00edmicos de investigaci\u00f3n 2C-E<\/p>\n<p>Alexander Shulgin descubre el f\u00e1rmaco 2C-E y obtiene muchos seguidores.<\/p>\n<p>Compra en l\u00ednea de Productos qu\u00edmicos de investigaci\u00f3n 2C-E<\/p>\n<p>El agente qu\u00edmico 2C-E (trip) es miembro de la familia 2C, que tambi\u00e9n incluye 2C-I y 2C-H. 2C-E es un compuesto alucin\u00f3geno derivado de la feniletilamina. Luego de una serie de pruebas de investigaci\u00f3n, ahora sabemos que la dosis t\u00edpica de polvo 2C-E para administraci\u00f3n intranasal no debe exceder los 5 miligramos. No obstante, la dosis no debe exceder aproximadamente los 10-20 miligramos cuando se usa por v\u00eda oral. Se informa que despu\u00e9s de aproximadamente 10 minutos de inhalar por la nariz, se produce un ardor significativo. Shulgin se refiere a la 2C-E, junto con la mescalina, la 2C-T-2, la 2C-B y la 2C-T-7, como la \u00abmedia docena m\u00e1gica\u00bb en su libro PiHKAL. La compra en l\u00ednea de productos qu\u00edmicos de investigaci\u00f3n 2C-E<\/p>\n<p>2C-E tiene los siguientes efectos: un estallido de energ\u00eda, un aumento de la inventiva, efectos visuales y un aumento de la sensibilidad. Adem\u00e1s, hay cambios en la conciencia, dificultades para concentrarse, el pulso se acelera y la temperatura corporal puede aumentar un poco. Adem\u00e1s, el 2C-E provoca mareos, n\u00e1useas, hipersensibilidad al ruido y p\u00e1nico. 2C-E a la venta en Internet<\/p>\n<p>La duraci\u00f3n de la acci\u00f3n de 2C-E suele ser de 4 a 9 horas. Cuando comparamos 2C-E con 2C-I durante las pruebas, descubrimos que 2C-E produce impactos visuales y auditivos m\u00e1s notables.<\/p>\n<p>Puede comprar 2C-E (viaje) en nuestro sitio web solo para investigaciones qu\u00edmicas y pruebas de laboratorio; sin embargo, primero debe determinar si esta preparaci\u00f3n es legal en su ubicaci\u00f3n. Proporcionamos materiales de alta calidad.<\/p>\n","protected":false},"excerpt":{"rendered":"<p>&nbsp;<\/p>\n<p>Compre productos qu\u00edmicos de investigaci\u00f3n 2C-E para la venta en l\u00ednea en Europa, Reino Unido, UE. Comprar qu\u00edmico de investigaci\u00f3n 2C-E. Sal\/polvo de 2C-E (4-etil-2,5-dimetoxi): una anfetamina psicod\u00e9lica.<\/p>\n<p><em>Comprar 2C<\/em>&#8211;<em>E<\/em> Proveedor aprobado de Research Chemical. Pureza de grado superior, precios justos, entrega r\u00e1pida garantizada, pol\u00edtica de reembolso\/devoluciones, excelente servicio al cliente.<\/p>\n","protected":false},"featured_media":5352,"comment_status":"open","ping_status":"closed","template":"","meta":[],"product_brand":[],"product_cat":[2014],"product_tag":[2094,2093,2092,2095,2078,2027,2048,2028,2029,2041,2038,2039,2040,2034,2035,2042,2036,2037,2044,2046,2047,2049,2051,2052,2053,2055,2032,2056,2057,2058,2059,2060,2062,2063,2068,2069,2070,2071,2073,2074,2030,2080,2081,2082,2083,2084,2090,2043,2061,2066,2067,2045,2072,2064,2075,2065,2076,2077,2096,2033,2031,2086,2079,2088,2087,2089,2054,2085,2050,2091],"class_list":{"0":"post-5341","1":"product","2":"type-product","3":"status-publish","4":"has-post-thumbnail","6":"product_cat-comprar-investigacion-quimicos","7":"product_tag-cual-es-el-valor-de-la-calle-de-un-frasco-de-2c-e","8":"product_tag-cual-es-la-diferencia-entre-2c-i-y-2c-e","9":"product_tag-cules-son-exactamente-los-efectos-2c-es-y-por-qu-es-popular-entre-las-personas-que-usan-drogas","10":"product_tag-donde-puedo-comprar-2c-e-online","11":"product_tag-hacer-ssris-interferir-con-hongos","12":"product_tag-2c-e-comprar-en-lnea","13":"product_tag-2c-e-reddit","14":"product_tag-2c-e","15":"product_tag-2c-e-buy","16":"product_tag-2c-e-dosis-heroica","17":"product_tag-2c-e-en-venta","18":"product_tag-2c-e-en-venta-elemento-quimico","19":"product_tag-2c-e-en-venta-online","20":"product_tag-2c-e-erfahrung","21":"product_tag-2c-e-erowid","22":"product_tag-2c-e-es-una-fenetilamina-psicodlica-de-la-familia-2c-fue-sintetizado-primero-por-alexander-shulgin","23":"product_tag-2c-e-europa","24":"product_tag-2c-e-experience","25":"product_tag-2c-e-kopen","26":"product_tag-2c-e-online","27":"product_tag-2c-e-psychonaut","28":"product_tag-2c-e-venta","29":"product_tag-2c-e-wiki","30":"product_tag-2c-e-wikipedia","31":"product_tag-2c-e-nbome","32":"product_tag-2c-yo","33":"product_tag-2c-e-prueba-de-drogas","34":"product_tag-2ce-kaufen","35":"product_tag-4-ethyl-2","36":"product_tag-4-metil-2-5-dimetoxianfetamina","37":"product_tag-5-dimetoxi","38":"product_tag-and-other-psychedelics","39":"product_tag-buy-2c-e-4-ethyl-2","40":"product_tag-buy-2c-e-dosage-online","41":"product_tag-buy-2c-e-research-chemical","42":"product_tag-buy-2c-e-research-chemicals-online","43":"product_tag-buy-2c-e-with-next-day-eu-delivery","44":"product_tag-buy-2c-e2c-online-usa","45":"product_tag-buy-hallucinogenic-drug-2c-e-online","46":"product_tag-buy-online-2c-e-research-chemicals","47":"product_tag-2c-va-electrnica","48":"product_tag-cmo-comprar-2c-e-online","49":"product_tag-como-comprar-2c-i","50":"product_tag-cmo-comprar-productos-qumicos-de-investigacin-online","51":"product_tag-cmo-conseguir-qumicos-de-investigacin","52":"product_tag-cmo-tomar-2c-e-investigacin-qumicos","53":"product_tag-compra-2c-i","54":"product_tag-2c-compra-electrnica","55":"product_tag-comprar-2c-e","56":"product_tag-comprar-2c-e-online","57":"product_tag-comprar-2c-e-online-usa","58":"product_tag-2c-e-pases-bajos-comprar-rc","59":"product_tag-comprar-2c-i","60":"product_tag-comprar-2c-y-drogas","61":"product_tag-buy-research-chemicals-nederland-doc-2c-e-online","62":"product_tag-comprar-2c-e-tension-muscular-online","63":"product_tag-dmt","64":"product_tag-dmt-nexus-2c-e","65":"product_tag-donde-comprar-2c-i","66":"product_tag-2c-e-efectos","67":"product_tag-2c-e-drogas-en-venta","68":"product_tag-mescalina","69":"product_tag-get-2c-e-research-chemical-online","70":"product_tag-orden-2c-i","71":"product_tag-pedido-2c-e-online","72":"product_tag-precio-por-gramo-de-2c-e","73":"product_tag-2c-ef-proveedor","74":"product_tag-life-boostr-2c-e-rc-proveedor","75":"product_tag-2c-e-sntesis","76":"product_tag-the-best-place-to-buy-2c-i","78":"first","79":"instock","80":"shipping-taxable","81":"purchasable","82":"product-type-variable","83":"has-default-attributes"},"yoast_head":"<!-- This site is optimized with the Yoast SEO plugin v27.3 - https:\/\/yoast.com\/product\/yoast-seo-wordpress\/ -->\n<title>Compre 2C-E Research Chemical - Best Best Global Meds<\/title>\n<meta name=\"description\" content=\"Compre productos qu\u00edmicos de investigaci\u00f3n 2C-E a la venta en l\u00ednea en Europa, Reino Unido, UE. Comprar qu\u00edmico de investigaci\u00f3n 2C-E. Sal\/polvo de 2C-E (4-etil-2,5-dimetoxi): una anfetamina psicod\u00e9lica.\" \/>\n<meta name=\"robots\" content=\"index, follow, max-snippet:-1, max-image-preview:large, max-video-preview:-1\" \/>\n<link rel=\"canonical\" href=\"https:\/\/medicinasinc.com\/es\/product\/comprar-2c-e-investigacion-quimica\/\" \/>\n<meta property=\"og:locale\" content=\"es_ES\" \/>\n<meta property=\"og:type\" content=\"article\" \/>\n<meta property=\"og:title\" content=\"Compre 2C-E Research Chemical - Best Best Global Meds\" \/>\n<meta property=\"og:description\" content=\"Compre productos qu\u00edmicos de investigaci\u00f3n 2C-E a la venta en l\u00ednea en Europa, Reino Unido, UE. Comprar qu\u00edmico de investigaci\u00f3n 2C-E. Sal\/polvo de 2C-E (4-etil-2,5-dimetoxi): una anfetamina psicod\u00e9lica.\" \/>\n<meta property=\"og:url\" content=\"https:\/\/medicinasinc.com\/es\/product\/comprar-2c-e-investigacion-quimica\/\" \/>\n<meta property=\"og:site_name\" content=\"Medicinas Inc\" \/>\n<meta property=\"article:modified_time\" content=\"2022-03-22T00:49:28+00:00\" \/>\n<meta property=\"og:image\" content=\"https:\/\/medicinasinc.com\/es\/wp-content\/uploads\/sites\/15\/2022\/02\/Buy-2C-E.jpg\" \/>\n\t<meta property=\"og:image:width\" content=\"234\" \/>\n\t<meta property=\"og:image:height\" content=\"215\" \/>\n\t<meta property=\"og:image:type\" content=\"image\/jpeg\" \/>\n<meta name=\"twitter:card\" content=\"summary_large_image\" \/>\n<meta name=\"twitter:label1\" content=\"Tiempo de lectura\" \/>\n\t<meta name=\"twitter:data1\" content=\"2 minutos\" \/>\n<script type=\"application\/ld+json\" class=\"yoast-schema-graph\">{\"@context\":\"https:\\\/\\\/schema.org\",\"@graph\":[{\"@type\":\"WebPage\",\"@id\":\"https:\\\/\\\/medicinasinc.com\\\/es\\\/product\\\/comprar-2c-e-investigacion-quimica\\\/\",\"url\":\"https:\\\/\\\/medicinasinc.com\\\/es\\\/product\\\/comprar-2c-e-investigacion-quimica\\\/\",\"name\":\"Compre 2C-E Research Chemical - Best Best Global Meds\",\"isPartOf\":{\"@id\":\"https:\\\/\\\/medicinasinc.com\\\/es\\\/#website\"},\"primaryImageOfPage\":{\"@id\":\"https:\\\/\\\/medicinasinc.com\\\/es\\\/product\\\/comprar-2c-e-investigacion-quimica\\\/#primaryimage\"},\"image\":{\"@id\":\"https:\\\/\\\/medicinasinc.com\\\/es\\\/product\\\/comprar-2c-e-investigacion-quimica\\\/#primaryimage\"},\"thumbnailUrl\":\"https:\\\/\\\/medicinasinc.com\\\/es\\\/wp-content\\\/uploads\\\/sites\\\/15\\\/2022\\\/02\\\/Buy-2C-E.jpg\",\"datePublished\":\"2022-02-21T21:16:40+00:00\",\"dateModified\":\"2022-03-22T00:49:28+00:00\",\"description\":\"Compre productos qu\u00edmicos de investigaci\u00f3n 2C-E a la venta en l\u00ednea en Europa, Reino Unido, UE. Comprar qu\u00edmico de investigaci\u00f3n 2C-E. Sal\\\/polvo de 2C-E (4-etil-2,5-dimetoxi): una anfetamina psicod\u00e9lica.\",\"breadcrumb\":{\"@id\":\"https:\\\/\\\/medicinasinc.com\\\/es\\\/product\\\/comprar-2c-e-investigacion-quimica\\\/#breadcrumb\"},\"inLanguage\":\"es\",\"potentialAction\":[{\"@type\":\"ReadAction\",\"target\":[\"https:\\\/\\\/medicinasinc.com\\\/es\\\/product\\\/comprar-2c-e-investigacion-quimica\\\/\"]}]},{\"@type\":\"ImageObject\",\"inLanguage\":\"es\",\"@id\":\"https:\\\/\\\/medicinasinc.com\\\/es\\\/product\\\/comprar-2c-e-investigacion-quimica\\\/#primaryimage\",\"url\":\"https:\\\/\\\/medicinasinc.com\\\/es\\\/wp-content\\\/uploads\\\/sites\\\/15\\\/2022\\\/02\\\/Buy-2C-E.jpg\",\"contentUrl\":\"https:\\\/\\\/medicinasinc.com\\\/es\\\/wp-content\\\/uploads\\\/sites\\\/15\\\/2022\\\/02\\\/Buy-2C-E.jpg\",\"width\":234,\"height\":215},{\"@type\":\"BreadcrumbList\",\"@id\":\"https:\\\/\\\/medicinasinc.com\\\/es\\\/product\\\/comprar-2c-e-investigacion-quimica\\\/#breadcrumb\",\"itemListElement\":[{\"@type\":\"ListItem\",\"position\":1,\"name\":\"Tienda\",\"item\":\"https:\\\/\\\/medicinasinc.com\\\/es\\\/tienda\\\/\"},{\"@type\":\"ListItem\",\"position\":2,\"name\":\"Comprar producto qu\u00edmico de investigaci\u00f3n 2C-E\"}]},{\"@type\":\"WebSite\",\"@id\":\"https:\\\/\\\/medicinasinc.com\\\/es\\\/#website\",\"url\":\"https:\\\/\\\/medicinasinc.com\\\/es\\\/\",\"name\":\"Medicinas Inc\",\"description\":\"Cl\u00ednica M\u00e9dica de Salud\",\"potentialAction\":[{\"@type\":\"SearchAction\",\"target\":{\"@type\":\"EntryPoint\",\"urlTemplate\":\"https:\\\/\\\/medicinasinc.com\\\/es\\\/?s={search_term_string}\"},\"query-input\":{\"@type\":\"PropertyValueSpecification\",\"valueRequired\":true,\"valueName\":\"search_term_string\"}}],\"inLanguage\":\"es\"}]}<\/script>\n<!-- \/ Yoast SEO plugin. -->","yoast_head_json":{"title":"Compre 2C-E Research Chemical - Best Best Global Meds","description":"Compre productos qu\u00edmicos de investigaci\u00f3n 2C-E a la venta en l\u00ednea en Europa, Reino Unido, UE. Comprar qu\u00edmico de investigaci\u00f3n 2C-E. Sal\/polvo de 2C-E (4-etil-2,5-dimetoxi): una anfetamina psicod\u00e9lica.","robots":{"index":"index","follow":"follow","max-snippet":"max-snippet:-1","max-image-preview":"max-image-preview:large","max-video-preview":"max-video-preview:-1"},"canonical":"https:\/\/medicinasinc.com\/es\/product\/comprar-2c-e-investigacion-quimica\/","og_locale":"es_ES","og_type":"article","og_title":"Compre 2C-E Research Chemical - Best Best Global Meds","og_description":"Compre productos qu\u00edmicos de investigaci\u00f3n 2C-E a la venta en l\u00ednea en Europa, Reino Unido, UE. Comprar qu\u00edmico de investigaci\u00f3n 2C-E. Sal\/polvo de 2C-E (4-etil-2,5-dimetoxi): una anfetamina psicod\u00e9lica.","og_url":"https:\/\/medicinasinc.com\/es\/product\/comprar-2c-e-investigacion-quimica\/","og_site_name":"Medicinas Inc","article_modified_time":"2022-03-22T00:49:28+00:00","og_image":[{"width":234,"height":215,"url":"https:\/\/medicinasinc.com\/es\/wp-content\/uploads\/sites\/15\/2022\/02\/Buy-2C-E.jpg","type":"image\/jpeg"}],"twitter_card":"summary_large_image","twitter_misc":{"Tiempo de lectura":"2 minutos"},"schema":{"@context":"https:\/\/schema.org","@graph":[{"@type":"WebPage","@id":"https:\/\/medicinasinc.com\/es\/product\/comprar-2c-e-investigacion-quimica\/","url":"https:\/\/medicinasinc.com\/es\/product\/comprar-2c-e-investigacion-quimica\/","name":"Compre 2C-E Research Chemical - Best Best Global Meds","isPartOf":{"@id":"https:\/\/medicinasinc.com\/es\/#website"},"primaryImageOfPage":{"@id":"https:\/\/medicinasinc.com\/es\/product\/comprar-2c-e-investigacion-quimica\/#primaryimage"},"image":{"@id":"https:\/\/medicinasinc.com\/es\/product\/comprar-2c-e-investigacion-quimica\/#primaryimage"},"thumbnailUrl":"https:\/\/medicinasinc.com\/es\/wp-content\/uploads\/sites\/15\/2022\/02\/Buy-2C-E.jpg","datePublished":"2022-02-21T21:16:40+00:00","dateModified":"2022-03-22T00:49:28+00:00","description":"Compre productos qu\u00edmicos de investigaci\u00f3n 2C-E a la venta en l\u00ednea en Europa, Reino Unido, UE. Comprar qu\u00edmico de investigaci\u00f3n 2C-E. Sal\/polvo de 2C-E (4-etil-2,5-dimetoxi): una anfetamina psicod\u00e9lica.","breadcrumb":{"@id":"https:\/\/medicinasinc.com\/es\/product\/comprar-2c-e-investigacion-quimica\/#breadcrumb"},"inLanguage":"es","potentialAction":[{"@type":"ReadAction","target":["https:\/\/medicinasinc.com\/es\/product\/comprar-2c-e-investigacion-quimica\/"]}]},{"@type":"ImageObject","inLanguage":"es","@id":"https:\/\/medicinasinc.com\/es\/product\/comprar-2c-e-investigacion-quimica\/#primaryimage","url":"https:\/\/medicinasinc.com\/es\/wp-content\/uploads\/sites\/15\/2022\/02\/Buy-2C-E.jpg","contentUrl":"https:\/\/medicinasinc.com\/es\/wp-content\/uploads\/sites\/15\/2022\/02\/Buy-2C-E.jpg","width":234,"height":215},{"@type":"BreadcrumbList","@id":"https:\/\/medicinasinc.com\/es\/product\/comprar-2c-e-investigacion-quimica\/#breadcrumb","itemListElement":[{"@type":"ListItem","position":1,"name":"Tienda","item":"https:\/\/medicinasinc.com\/es\/tienda\/"},{"@type":"ListItem","position":2,"name":"Comprar producto qu\u00edmico de investigaci\u00f3n 2C-E"}]},{"@type":"WebSite","@id":"https:\/\/medicinasinc.com\/es\/#website","url":"https:\/\/medicinasinc.com\/es\/","name":"Medicinas Inc","description":"Cl\u00ednica M\u00e9dica de Salud","potentialAction":[{"@type":"SearchAction","target":{"@type":"EntryPoint","urlTemplate":"https:\/\/medicinasinc.com\/es\/?s={search_term_string}"},"query-input":{"@type":"PropertyValueSpecification","valueRequired":true,"valueName":"search_term_string"}}],"inLanguage":"es"}]}},"_links":{"self":[{"href":"https:\/\/medicinasinc.com\/es\/wp-json\/wp\/v2\/product\/5341","targetHints":{"allow":["GET"]}}],"collection":[{"href":"https:\/\/medicinasinc.com\/es\/wp-json\/wp\/v2\/product"}],"about":[{"href":"https:\/\/medicinasinc.com\/es\/wp-json\/wp\/v2\/types\/product"}],"replies":[{"embeddable":true,"href":"https:\/\/medicinasinc.com\/es\/wp-json\/wp\/v2\/comments?post=5341"}],"wp:featuredmedia":[{"embeddable":true,"href":"https:\/\/medicinasinc.com\/es\/wp-json\/wp\/v2\/media\/5352"}],"wp:attachment":[{"href":"https:\/\/medicinasinc.com\/es\/wp-json\/wp\/v2\/media?parent=5341"}],"wp:term":[{"taxonomy":"product_brand","embeddable":true,"href":"https:\/\/medicinasinc.com\/es\/wp-json\/wp\/v2\/product_brand?post=5341"},{"taxonomy":"product_cat","embeddable":true,"href":"https:\/\/medicinasinc.com\/es\/wp-json\/wp\/v2\/product_cat?post=5341"},{"taxonomy":"product_tag","embeddable":true,"href":"https:\/\/medicinasinc.com\/es\/wp-json\/wp\/v2\/product_tag?post=5341"}],"curies":[{"name":"wp","href":"https:\/\/api.w.org\/{rel}","templated":true}]}}