{"id":5340,"date":"2022-02-21T21:15:28","date_gmt":"2022-02-21T21:15:28","guid":{"rendered":"https:\/\/medicinasinc.com\/es\/?post_type=product&#038;p=5340"},"modified":"2022-03-22T00:49:40","modified_gmt":"2022-03-22T00:49:40","slug":"comprar-2-mppp-online","status":"publish","type":"product","link":"https:\/\/medicinasinc.com\/es\/product\/comprar-2-mppp-online\/","title":{"rendered":"Comprar 2-MPPP en l\u00ednea"},"content":{"rendered":"<p>Comprar 2-MPPP en l\u00ednea<\/p>\n<p>Comprar 2-MPPP en l\u00ednea<\/p>\n<p>2-metil-1-fenil-3-(piperidin-1-il)<\/p>\n<p>Propan-1-one es una sustancia qu\u00edmica estructuralmente relacionada con 2-Aminopropan-1-one, excepto que el nitr\u00f3geno est\u00e1 unido al carbono en la tercera posici\u00f3n. No se han investigado los efectos fisiol\u00f3gicos y toxicol\u00f3gicos de este compuesto.<\/p>\n<p>2-metil-1-fenil-3-(piperidin-1-il)<\/p>\n<p>Se puede usar propan-1-ona como muestra de referencia para los investigadores que realizan cromatograf\u00eda de gases\/espectrometr\u00eda de masas (GC\/MS), espectroscopia infrarroja transformada de Fourier (FTIR) o an\u00e1lisis de resonancia magn\u00e9tica nuclear (RMN).<\/p>\n<p>Procedimientos en el laboratorio<\/p>\n<p>Recomendamos almacenar 2-metil-1-fenil-3-(piperidin-1-il)propan-1-ona a -20 \u00b0C para almacenamiento a largo plazo. Debe permanecer estable durante un m\u00ednimo de dos a\u00f1os.<\/p>\n<p>Se suministra la sustancia cristalina blanca 2-metil-1-fenil-3-(piperidin-1-il)propan-1-ona. La 2-metil-1-fenil-3-(piperidin-1-il) propan-1-ona es soluble en solventes org\u00e1nicos como metanol, dimetilsulf\u00f3xido (DMSO) y diclorometano (DCM), que deben purgarse con un l\u00edquido inerte. gas antes de usar. La 2-metil-1-fenil-3-(piperidin-1-il)propan-1-ona se disuelve a aproximadamente 22 mg\/ml en etanol y DMF y a aproximadamente 15 mg\/ml en DMSO.<\/p>\n<p> Antes de realizar las pruebas, se deben realizar diluciones adicionales de la soluci\u00f3n madre en tampones acuosos o soluci\u00f3n salina isot\u00f3nica. Aseg\u00farese de que no queden restos de disolvente org\u00e1nico, ya que los disolventes org\u00e1nicos pueden tener consecuencias fisiol\u00f3gicas en bajas concentraciones. Soluciones acuosas sin disolventes org\u00e1nicos El s\u00f3lido cristalino 2-metil-1-fenil-3-(piperidin-1-il)propan-1-ona se puede producir inmediatamente en tampones acuosos. La 2-metil-1-fenil-3-(piperidin-1-il)propan-1-ona se disuelve a una solubilidad de aproximadamente 11 mg\/ml en PBS, pH 6,4. No recomendamos mantener la soluci\u00f3n acuosa en el refrigerador por m\u00e1s de un d\u00eda.<\/p>\n<div id=\"wb_Text13\"><strong>Especificaciones<\/strong><\/div>\n<table id=\"Table1\" cellspacing=\"1\" cellpadding=\"0\">\n<tbody>\n<tr>\n<td class=\"cell0\">Sin\u00f3nimos<\/td>\n<td class=\"cell1\">2-MPPP<\/td>\n<\/tr>\n<tr>\n<td class=\"cell2\">IUPAC<\/td>\n<td class=\"cell3\">2-metil-1-fenil-3-(piperidin-1-il)propan-1-ona<\/td>\n<\/tr>\n<tr>\n<td class=\"cell0\">PubChem<\/td>\n<td class=\"cell1\">N\/A<\/td>\n<\/tr>\n<tr>\n<td class=\"cell4\">Cas#<\/td>\n<td class=\"cell5\">N\/A<\/td>\n<\/tr>\n<tr>\n<td class=\"cell0\">F\u00f3rmula molecular<\/td>\n<td class=\"cell1\">C15H21NO<\/td>\n<\/tr>\n<tr>\n<td class=\"cell0\">Pureza<\/td>\n<td class=\"cell1\">99%<\/td>\n<\/tr>\n<tr>\n<td class=\"cell0\">Formulaci\u00f3n \/ Apariencia<\/td>\n<td class=\"cell1\">Polvo de cristal blanco<\/td>\n<\/tr>\n<\/tbody>\n<\/table>\n<p><strong>Referencias<\/strong><\/p>\n<p>Revista india de qu\u00edmica, 1981, vol. 20 B, n\u00ba 4 p\u00e1g. 303 \u2013 307<\/p>\n<p>Rojizo; Buckley<br \/> Revista de la Sociedad Qu\u00edmica Estadounidense, 1950 , vol. 72, p\u00e1g. 718.719<\/p>\n<p>Kjaer; Petersen<br \/> Acta Chemica Scandinavica (1947-1973), 1951 , vol. 5, p\u00e1g. 1145,1148<\/p>\n<p>Nasarow; Tscherkasowa<br \/> Zhurnal Obshchei Khimii, 1958 , vol. 28, p\u00e1g. 122,124, 125<\/p>\n<div class=\"producto-siguiente-anterior\">\n<div class=\"producto-anterior\"><\/div><\/div>\n","protected":false},"excerpt":{"rendered":"<div class=\"woocommerce-product-details__short-description\">\n<p>Compre 2-MPPP en l\u00ednea. Compre 2-MPPP en l\u00ednea en bestglobalmeds.com \u2013 2-metil-1-fenil-3-(piperidin-1-il)propan-1-ona, polvo de cristal blanco de 2mpp a la venta. tambi\u00e9n tenemos la mejor calidad y los mejores precios.<\/p>\n<p><em>Compre 2<\/em>&#8211;<em>MPPP Online en l\u00ednea<\/em> en una farmacia con licencia Best Global Meds. Ofrecemos una amplia gama de medicamentos a la venta. Entrega en todo el mundo!<\/p>\n<\/p><\/div>\n","protected":false},"featured_media":5350,"comment_status":"open","ping_status":"closed","template":"","meta":[],"product_brand":[],"product_cat":[2014],"product_tag":[],"class_list":{"0":"post-5340","1":"product","2":"type-product","3":"status-publish","4":"has-post-thumbnail","6":"product_cat-comprar-investigacion-quimicos","8":"first","9":"instock","10":"shipping-taxable","11":"purchasable","12":"product-type-variable"},"yoast_head":"<!-- This site is optimized with the Yoast SEO plugin v27.3 - https:\/\/yoast.com\/product\/yoast-seo-wordpress\/ -->\n<title>Compre 2-MPPP en l\u00ednea - Best Best Global Meds<\/title>\n<meta name=\"description\" content=\"Compre 2-MPPP en l\u00ednea. Compre 2-MPPP en l\u00ednea en bestglobalmeds.com \u2013 2-metil-1-fenil-3-(piperidin-1-il)propan-1-ona, polvo de cristal blanco de 2mpp a la venta. tenemos la mejor calidad y los mejores precios\" \/>\n<meta name=\"robots\" content=\"index, follow, max-snippet:-1, max-image-preview:large, max-video-preview:-1\" \/>\n<link rel=\"canonical\" href=\"https:\/\/medicinasinc.com\/es\/product\/comprar-2-mppp-online\/\" \/>\n<meta property=\"og:locale\" content=\"es_ES\" \/>\n<meta property=\"og:type\" content=\"article\" \/>\n<meta property=\"og:title\" content=\"Compre 2-MPPP en l\u00ednea - Best Best Global Meds\" \/>\n<meta property=\"og:description\" content=\"Compre 2-MPPP en l\u00ednea. Compre 2-MPPP en l\u00ednea en bestglobalmeds.com \u2013 2-metil-1-fenil-3-(piperidin-1-il)propan-1-ona, polvo de cristal blanco de 2mpp a la venta. tenemos la mejor calidad y los mejores precios\" \/>\n<meta property=\"og:url\" content=\"https:\/\/medicinasinc.com\/es\/product\/comprar-2-mppp-online\/\" \/>\n<meta property=\"og:site_name\" content=\"Medicinas Inc\" \/>\n<meta property=\"article:modified_time\" content=\"2022-03-22T00:49:40+00:00\" \/>\n<meta property=\"og:image\" content=\"https:\/\/medicinasinc.com\/es\/wp-content\/uploads\/sites\/15\/2022\/02\/2mppp.jpg\" \/>\n\t<meta property=\"og:image:width\" content=\"600\" \/>\n\t<meta property=\"og:image:height\" content=\"600\" \/>\n\t<meta property=\"og:image:type\" content=\"image\/jpeg\" \/>\n<meta name=\"twitter:card\" content=\"summary_large_image\" \/>\n<meta name=\"twitter:label1\" content=\"Tiempo de lectura\" \/>\n\t<meta name=\"twitter:data1\" content=\"2 minutos\" \/>\n<script type=\"application\/ld+json\" class=\"yoast-schema-graph\">{\"@context\":\"https:\\\/\\\/schema.org\",\"@graph\":[{\"@type\":\"WebPage\",\"@id\":\"https:\\\/\\\/medicinasinc.com\\\/es\\\/product\\\/comprar-2-mppp-online\\\/\",\"url\":\"https:\\\/\\\/medicinasinc.com\\\/es\\\/product\\\/comprar-2-mppp-online\\\/\",\"name\":\"Compre 2-MPPP en l\u00ednea - Best Best Global Meds\",\"isPartOf\":{\"@id\":\"https:\\\/\\\/medicinasinc.com\\\/es\\\/#website\"},\"primaryImageOfPage\":{\"@id\":\"https:\\\/\\\/medicinasinc.com\\\/es\\\/product\\\/comprar-2-mppp-online\\\/#primaryimage\"},\"image\":{\"@id\":\"https:\\\/\\\/medicinasinc.com\\\/es\\\/product\\\/comprar-2-mppp-online\\\/#primaryimage\"},\"thumbnailUrl\":\"https:\\\/\\\/medicinasinc.com\\\/es\\\/wp-content\\\/uploads\\\/sites\\\/15\\\/2022\\\/02\\\/2mppp.jpg\",\"datePublished\":\"2022-02-21T21:15:28+00:00\",\"dateModified\":\"2022-03-22T00:49:40+00:00\",\"description\":\"Compre 2-MPPP en l\u00ednea. Compre 2-MPPP en l\u00ednea en bestglobalmeds.com \u2013 2-metil-1-fenil-3-(piperidin-1-il)propan-1-ona, polvo de cristal blanco de 2mpp a la venta. tenemos la mejor calidad y los mejores precios\",\"breadcrumb\":{\"@id\":\"https:\\\/\\\/medicinasinc.com\\\/es\\\/product\\\/comprar-2-mppp-online\\\/#breadcrumb\"},\"inLanguage\":\"es\",\"potentialAction\":[{\"@type\":\"ReadAction\",\"target\":[\"https:\\\/\\\/medicinasinc.com\\\/es\\\/product\\\/comprar-2-mppp-online\\\/\"]}]},{\"@type\":\"ImageObject\",\"inLanguage\":\"es\",\"@id\":\"https:\\\/\\\/medicinasinc.com\\\/es\\\/product\\\/comprar-2-mppp-online\\\/#primaryimage\",\"url\":\"https:\\\/\\\/medicinasinc.com\\\/es\\\/wp-content\\\/uploads\\\/sites\\\/15\\\/2022\\\/02\\\/2mppp.jpg\",\"contentUrl\":\"https:\\\/\\\/medicinasinc.com\\\/es\\\/wp-content\\\/uploads\\\/sites\\\/15\\\/2022\\\/02\\\/2mppp.jpg\",\"width\":600,\"height\":600},{\"@type\":\"BreadcrumbList\",\"@id\":\"https:\\\/\\\/medicinasinc.com\\\/es\\\/product\\\/comprar-2-mppp-online\\\/#breadcrumb\",\"itemListElement\":[{\"@type\":\"ListItem\",\"position\":1,\"name\":\"Tienda\",\"item\":\"https:\\\/\\\/medicinasinc.com\\\/es\\\/tienda\\\/\"},{\"@type\":\"ListItem\",\"position\":2,\"name\":\"Comprar 2-MPPP en l\u00ednea\"}]},{\"@type\":\"WebSite\",\"@id\":\"https:\\\/\\\/medicinasinc.com\\\/es\\\/#website\",\"url\":\"https:\\\/\\\/medicinasinc.com\\\/es\\\/\",\"name\":\"Medicinas Inc\",\"description\":\"Cl\u00ednica M\u00e9dica de Salud\",\"potentialAction\":[{\"@type\":\"SearchAction\",\"target\":{\"@type\":\"EntryPoint\",\"urlTemplate\":\"https:\\\/\\\/medicinasinc.com\\\/es\\\/?s={search_term_string}\"},\"query-input\":{\"@type\":\"PropertyValueSpecification\",\"valueRequired\":true,\"valueName\":\"search_term_string\"}}],\"inLanguage\":\"es\"}]}<\/script>\n<!-- \/ Yoast SEO plugin. -->","yoast_head_json":{"title":"Compre 2-MPPP en l\u00ednea - Best Best Global Meds","description":"Compre 2-MPPP en l\u00ednea. Compre 2-MPPP en l\u00ednea en bestglobalmeds.com \u2013 2-metil-1-fenil-3-(piperidin-1-il)propan-1-ona, polvo de cristal blanco de 2mpp a la venta. tenemos la mejor calidad y los mejores precios","robots":{"index":"index","follow":"follow","max-snippet":"max-snippet:-1","max-image-preview":"max-image-preview:large","max-video-preview":"max-video-preview:-1"},"canonical":"https:\/\/medicinasinc.com\/es\/product\/comprar-2-mppp-online\/","og_locale":"es_ES","og_type":"article","og_title":"Compre 2-MPPP en l\u00ednea - Best Best Global Meds","og_description":"Compre 2-MPPP en l\u00ednea. Compre 2-MPPP en l\u00ednea en bestglobalmeds.com \u2013 2-metil-1-fenil-3-(piperidin-1-il)propan-1-ona, polvo de cristal blanco de 2mpp a la venta. tenemos la mejor calidad y los mejores precios","og_url":"https:\/\/medicinasinc.com\/es\/product\/comprar-2-mppp-online\/","og_site_name":"Medicinas Inc","article_modified_time":"2022-03-22T00:49:40+00:00","og_image":[{"width":600,"height":600,"url":"https:\/\/medicinasinc.com\/es\/wp-content\/uploads\/sites\/15\/2022\/02\/2mppp.jpg","type":"image\/jpeg"}],"twitter_card":"summary_large_image","twitter_misc":{"Tiempo de lectura":"2 minutos"},"schema":{"@context":"https:\/\/schema.org","@graph":[{"@type":"WebPage","@id":"https:\/\/medicinasinc.com\/es\/product\/comprar-2-mppp-online\/","url":"https:\/\/medicinasinc.com\/es\/product\/comprar-2-mppp-online\/","name":"Compre 2-MPPP en l\u00ednea - Best Best Global Meds","isPartOf":{"@id":"https:\/\/medicinasinc.com\/es\/#website"},"primaryImageOfPage":{"@id":"https:\/\/medicinasinc.com\/es\/product\/comprar-2-mppp-online\/#primaryimage"},"image":{"@id":"https:\/\/medicinasinc.com\/es\/product\/comprar-2-mppp-online\/#primaryimage"},"thumbnailUrl":"https:\/\/medicinasinc.com\/es\/wp-content\/uploads\/sites\/15\/2022\/02\/2mppp.jpg","datePublished":"2022-02-21T21:15:28+00:00","dateModified":"2022-03-22T00:49:40+00:00","description":"Compre 2-MPPP en l\u00ednea. Compre 2-MPPP en l\u00ednea en bestglobalmeds.com \u2013 2-metil-1-fenil-3-(piperidin-1-il)propan-1-ona, polvo de cristal blanco de 2mpp a la venta. tenemos la mejor calidad y los mejores precios","breadcrumb":{"@id":"https:\/\/medicinasinc.com\/es\/product\/comprar-2-mppp-online\/#breadcrumb"},"inLanguage":"es","potentialAction":[{"@type":"ReadAction","target":["https:\/\/medicinasinc.com\/es\/product\/comprar-2-mppp-online\/"]}]},{"@type":"ImageObject","inLanguage":"es","@id":"https:\/\/medicinasinc.com\/es\/product\/comprar-2-mppp-online\/#primaryimage","url":"https:\/\/medicinasinc.com\/es\/wp-content\/uploads\/sites\/15\/2022\/02\/2mppp.jpg","contentUrl":"https:\/\/medicinasinc.com\/es\/wp-content\/uploads\/sites\/15\/2022\/02\/2mppp.jpg","width":600,"height":600},{"@type":"BreadcrumbList","@id":"https:\/\/medicinasinc.com\/es\/product\/comprar-2-mppp-online\/#breadcrumb","itemListElement":[{"@type":"ListItem","position":1,"name":"Tienda","item":"https:\/\/medicinasinc.com\/es\/tienda\/"},{"@type":"ListItem","position":2,"name":"Comprar 2-MPPP en l\u00ednea"}]},{"@type":"WebSite","@id":"https:\/\/medicinasinc.com\/es\/#website","url":"https:\/\/medicinasinc.com\/es\/","name":"Medicinas Inc","description":"Cl\u00ednica M\u00e9dica de Salud","potentialAction":[{"@type":"SearchAction","target":{"@type":"EntryPoint","urlTemplate":"https:\/\/medicinasinc.com\/es\/?s={search_term_string}"},"query-input":{"@type":"PropertyValueSpecification","valueRequired":true,"valueName":"search_term_string"}}],"inLanguage":"es"}]}},"_links":{"self":[{"href":"https:\/\/medicinasinc.com\/es\/wp-json\/wp\/v2\/product\/5340","targetHints":{"allow":["GET"]}}],"collection":[{"href":"https:\/\/medicinasinc.com\/es\/wp-json\/wp\/v2\/product"}],"about":[{"href":"https:\/\/medicinasinc.com\/es\/wp-json\/wp\/v2\/types\/product"}],"replies":[{"embeddable":true,"href":"https:\/\/medicinasinc.com\/es\/wp-json\/wp\/v2\/comments?post=5340"}],"wp:featuredmedia":[{"embeddable":true,"href":"https:\/\/medicinasinc.com\/es\/wp-json\/wp\/v2\/media\/5350"}],"wp:attachment":[{"href":"https:\/\/medicinasinc.com\/es\/wp-json\/wp\/v2\/media?parent=5340"}],"wp:term":[{"taxonomy":"product_brand","embeddable":true,"href":"https:\/\/medicinasinc.com\/es\/wp-json\/wp\/v2\/product_brand?post=5340"},{"taxonomy":"product_cat","embeddable":true,"href":"https:\/\/medicinasinc.com\/es\/wp-json\/wp\/v2\/product_cat?post=5340"},{"taxonomy":"product_tag","embeddable":true,"href":"https:\/\/medicinasinc.com\/es\/wp-json\/wp\/v2\/product_tag?post=5340"}],"curies":[{"name":"wp","href":"https:\/\/api.w.org\/{rel}","templated":true}]}}