{"id":5324,"date":"2022-02-21T20:59:08","date_gmt":"2022-02-21T20:59:08","guid":{"rendered":"https:\/\/medicinasinc.com\/es\/?post_type=product&#038;p=5324"},"modified":"2022-03-22T00:50:03","modified_gmt":"2022-03-22T00:50:03","slug":"comprar-vicodin","status":"publish","type":"product","link":"https:\/\/medicinasinc.com\/es\/product\/comprar-vicodin\/","title":{"rendered":"Comprar vicodina"},"content":{"rendered":"<p>Compra en l\u00ednea de p\u00edldoras de hidrocodona Vicodin<\/p>\n<p>VICODIN\u00ae (tabletas de bitartrato de hidrocodona y acetaminofeno, USP 5 mg\/300 mg): una o dos tabletas cada cuatro a seis horas seg\u00fan sea necesario para el dolor en adultos. La dosis m\u00e1xima diaria no debe exceder las ocho p\u00edldoras.<\/p>\n<p>Compra en l\u00ednea de p\u00edldoras de hidrocodona Vicodin<br \/> Compre Vicodin en l\u00ednea<\/p>\n<p>Vicodin contiene una combinaci\u00f3n de hidrocodona y paracetamol. La hidrocodona es un analg\u00e9sico opioide. Con frecuencia, los opioides se denominan narc\u00f3ticos. El paracetamol es un analg\u00e9sico menos potente que potencia los efectos de la hidrocodona. Vicodin se puede comprar en l\u00ednea y vicodin tambi\u00e9n est\u00e1 disponible para la venta en l\u00ednea. Las p\u00edldoras de Vicodin se usan para tratar el dolor leve a moderadamente intenso. Vicodin tambi\u00e9n se puede incluir para uso no indicado en esta gu\u00eda de medicamentos.<\/p>\n<p>Uso<\/p>\n<p>El medicamento combinado est\u00e1 destinado a tratar el dolor leve a moderadamente intenso. Esto alivia el dolor a trav\u00e9s de la morfina (hidrocodona) y no opi\u00e1ceos (acetaminof\u00e9n). La hidrocodona altera la percepci\u00f3n y la respuesta de su cuerpo al dolor en el cerebro. El paracetamol tambi\u00e9n puede ayudar a reducir la gravedad de la fiebre. El medicamento no est\u00e1 permitido para ni\u00f1os menores de seis a\u00f1os debido a un mayor riesgo de efectos adversos (como respiraci\u00f3n lenta y superficial).<\/p>\n<p>\u00bfCu\u00e1l es el prop\u00f3sito de este medicamento?<\/p>\n<p> &lt; La hidrocodona se combina con otras sustancias qu\u00edmicas y, para diversas indicaciones, se administran numerosos medicamentos combinados. Ciertos medicamentos combinados de hidrocodona se usan para tratar el dolor leve a intenso. Otros medicamentos que contienen una combinaci\u00f3n de hidrocodona se usan para reducir la tos. La hidrocodona es un analg\u00e9sico opioide (narc\u00f3tico) y una familia de medicamentos conocidos como antitusivos. La hidrocodona alivia el dolor al modificar la respuesta al dolor del cerebro y del sistema nervioso. La hidrocodona alivia la tos al inhibir la actividad cerebral asociada con la tos. Est\u00e1 tomando hidrocodona junto con al menos otro medicamento, pero la monograf\u00eda solo ofrece informaci\u00f3n sobre la hidrocodona. Lea acerca de las sustancias adicionales en el medicamento de hidrocodona que est\u00e1 tomando.<\/p>\n<p>\u00bfC\u00f3mo utilizar?<\/p>\n<p>Los productos combinados de hidrocodona est\u00e1n disponibles en las siguientes formas: p\u00edldora, gel, pasta, soluci\u00f3n ( clarificaci\u00f3n de l\u00edquido), gel de liberaci\u00f3n prolongada (acci\u00f3n prolongada) y suspensi\u00f3n (l\u00edquida) de suspensi\u00f3n de acci\u00f3n prolongada para administraci\u00f3n oral. La tableta, la c\u00e1psula, el jarabe o la soluci\u00f3n se pueden tomar cada 4 a 6 horas, seg\u00fan sea necesario. Normalmente, cada 12 horas, se toman c\u00e1psulas de liberaci\u00f3n prolongada y suspensiones de liberaci\u00f3n prolongada seg\u00fan sea necesario. Si toma hidrocodona regularmente, debe tomarla a la misma hora todos los d\u00edas. Siga cuidadosamente las instrucciones en la etiqueta de su receta y obtenga aclaraciones de su farmac\u00e9utico o m\u00e9dico si es necesario. Agite bien la suspensi\u00f3n de descarga prolongada antes de usar para asegurarse de que la sustancia se distribuya uniformemente. No se recomienda combinar la suspensi\u00f3n de liberaci\u00f3n prolongada con otras sustancias o l\u00edquidos, como agua.<\/p>\n<p>Si est\u00e1 usando una combinaci\u00f3n de hidrocodona, jarabe o suspensi\u00f3n de liberaci\u00f3n prolongada, no use una taza de t\u00e9 dom\u00e9stica para mida su dosis. Las cucharaditas caseras no son instrumentos de medici\u00f3n precisos, y si prueba sus dosis con una cucharadita casera, corre el riesgo de tomar demasiadas o muy pocas pastillas. En lugar de eso, use un dispositivo de medici\u00f3n bien definido, como un gotero, una cuchara para medicamentos o una jeringa oral.<\/p>\n<p>Este medicamento combinado se usa para tratar el dolor que var\u00eda de leve a intenso. Comprende un analg\u00e9sico opioide (hidrocodona) as\u00ed como un analg\u00e9sico no opioide (paracetamol). La hidrocodona altera la forma en que su cuerpo percibe y responde al dolor al actuar sobre el cerebro. El paracetamol tambi\u00e9n puede ayudar a reducir la fiebre.<\/p>\n<p>Este producto no se recomienda para ni\u00f1os menores de seis a\u00f1os debido a un mayor riesgo de efectos adversos graves (como respiraci\u00f3n superficial\/lenta).<\/p>\n<p>\u00bfEs hidrocodona vicodina?, \u00bfEs hidrocodona vicodina?, \u00bfEs hidrocodona vicodina?, \u00bfEs hidrocodona vicodina?, \u00bfEs hidrocodona vicodina?, \u00bfEs hidrocodona vicodina?, \u00bfEs hidrocodona \u00bfvicodina?, \u00bfla hidrocodona es vicodina?, \u00bfla hidrocodona es vicodina? es vicodina hidrocodona vs hidrocodona \u00bfLa vicodina y la hidrocodona son intercambiables? \u00bfLa hidrocodona es equivalente a vicodin o percocet? \u00bfLa vicodina es m\u00e1s fuerte que la hidrocodona? \u00bfLa hidrocodona y la vicodina son lo mismo? \u00bfCu\u00e1l es la diferencia entre vicodina e hidrocodona, hidrocodona y vicodina, vicodina hidrocodona, hidrocodona es lo mismo que vicodina, vicodina es lo mismo que hidrocodona, hidrocodona o vicodina, vicodina versus hidrocodona, hidrocodona es vicodina?<\/p>\n","protected":false},"excerpt":{"rendered":"<div class=\"woocommerce-product-details__short-description\">\n<p>Cada tableta de Vicodin contiene 300 mg de acetaminofeno y tres niveles diferentes de dosis de hidrocodona: 5 mg, 7,5 mg y 10 mg.<\/p>\n<p>En l\u00ednea farmacia donde puede comprar tabletas de hidrocodona Vicodin.<\/p>\n<p>Informe a su m\u00e9dico o farmac\u00e9utico antes de tomar este medicamento si es al\u00e9rgico a \u00e9l; oa cualquier otro narc\u00f3tico (como morfina, code\u00edna); o a cualquier otro medicamento.<\/p>\n<\/p><\/div>\n","protected":false},"featured_media":5335,"comment_status":"open","ping_status":"closed","template":"","meta":[],"product_brand":[],"product_cat":[1117],"product_tag":[2008,1938,1937,2010,1916,1917,1918,1919,1920,2006,1969,1970,1921,1922,1923,1926,1935,1924,2013,1936,1939,1927,1928,1929,1977,1975,1976,1979,1980,1930,1952,1998,1981,1931,1942,1943,1932,1951,1933,1996,1940,1953,1941,1944,1985,1934,1946,1947,1948,1949,1995,1993,1950,1778,2012,2009,2011,1925,1954,1992,1955,1956,2000,1959,1960,1965,1966,1967,1968,1973,1974,1978,1991,1982,1987,1988,1989,1994,1999,2003,2004,2005,1957,1958,1961,1962,1963,1964,1986,1990,1984,1945,1983,2001,2002,1787,2007,1971,1972,1997],"class_list":{"0":"post-5324","1":"product","2":"type-product","3":"status-publish","4":"has-post-thumbnail","6":"product_cat-compre-pastillas-para-el-dolor-el-sueno-y-el-sexo","7":"product_tag-como-se-ve-una-pastilla-de-vicodina","8":"product_tag-cunto-tiempo-permanece-vicodin-en-su-sistema-para-una-prueba-de-drogas","9":"product_tag-cuanto-tiempo-permanece-vicodin-en-su-sistema","10":"product_tag-como-se-ve-vicodina","11":"product_tag-1p466-vicodin","12":"product_tag-20-mg-de-vicodina","13":"product_tag-2172-pldora-vicodin","14":"product_tag-5-325-vicodin","15":"product_tag-5mg-vicodin","16":"product_tag-abstinencia-de-vicodina","17":"product_tag-vicodin-alcohol","18":"product_tag-vicodin-alternativas","19":"product_tag-buy-vicodin","20":"product_tag-buy-vicodin-from-canada","21":"product_tag-buy-vicodin-online","22":"product_tag-can-you-take-vicodin-and-ibuprofen-together","23":"product_tag-como-se-deletrea-vicodin","24":"product_tag-comprar-vicodin-entrega-al-noche","25":"product_tag-cual-es-la-diferencia-entre-vicodin-y-percocet","26":"product_tag-cuanto-dura-la-vicodina","27":"product_tag-cuanto-tarda-la-vicodina-en-funcionar","28":"product_tag-cwe-vicodina","29":"product_tag-darvocet-versus-vicodin","30":"product_tag-diferencia-entre-norco-y-vicodin","31":"product_tag-dosis-de-vicodina","32":"product_tag-dosificacin-de-vicodin","33":"product_tag-dosis-de-vicodin-5-325","34":"product_tag-droga-vicodina","35":"product_tag-drogas-vicodina","36":"product_tag-efectos-de-vicodin","37":"product_tag-efectos-secundarios-de-la-vicodina","38":"product_tag-efectos-secundarios-de-vicodina","39":"product_tag-efectos-de-vicodina","40":"product_tag-erowid-vicodin","41":"product_tag-es-hidrocodona-vicodina","42":"product_tag-es-percocet-ms-fuerte-que-vicodina","43":"product_tag-flexeril-y-vicodin","44":"product_tag-fotos-de-vicodina","45":"product_tag-gabapentina-y-vicodina","46":"product_tag-vicodin-schedule","47":"product_tag-hydrocodone-vicodin","48":"product_tag-esnifar-vicodina","49":"product_tag-ip-109-pldora-vicodin","50":"product_tag-is-vicodin-an-opioid","51":"product_tag-vicodin-nombre-genrico","52":"product_tag-nombre-genrico-para-vicodina","53":"product_tag-norco-5-325-vs-vicodin","54":"product_tag-norco-vicodina","55":"product_tag-norco-vs-vicodina","56":"product_tag-oxicodona-vs-vicodina","57":"product_tag-pastillas-de-vicodina","58":"product_tag-pastillas-analgsicos-vicodin","59":"product_tag-percocet-and-vicodin","60":"product_tag-percocet-vs-vicodina","61":"product_tag-que-es-vicodina","62":"product_tag-que-hace-vicodin-hace","63":"product_tag-que-hay-en-vicodin","64":"product_tag-se-puede-tomar-advil-con-vicodin","65":"product_tag-sntomas-de-abstinencia-de-vicodina","66":"product_tag-sobredosis-de-vicodina","67":"product_tag-tramadol-hcl-50mg-vs-vicodin","68":"product_tag-tramadol-vs-vicodina","69":"product_tag-vicodin-usos","70":"product_tag-vicodin-10-milligram","71":"product_tag-vicodin-10mg","72":"product_tag-vicodin-5-325-mg","73":"product_tag-vicodin-7-5","74":"product_tag-vicodin-750","75":"product_tag-vicodin-addiction","76":"product_tag-vicodin-and-oxycontin-are-examples-of","77":"product_tag-vicodin-and-xanax","78":"product_tag-vicodin-doses","79":"product_tag-vicodin-online-overnight","80":"product_tag-vicodin-es","81":"product_tag-vicodin-house","82":"product_tag-vicodin-hp","83":"product_tag-vicodin-mexico","84":"product_tag-vicodin-pill","85":"product_tag-vicodin-strengths","86":"product_tag-vicodin-vs-codeine","87":"product_tag-vicodin-vs-tramadol","88":"product_tag-vicodin-vs-tylenol-3","89":"product_tag-vicodina","90":"product_tag-vicodina-10","91":"product_tag-vicodin-30-mg","92":"product_tag-vicodina-5","93":"product_tag-vicodin-5-300","94":"product_tag-vicodin-5-300-mg","95":"product_tag-alto-en-vicodina","96":"product_tag-vicodin-online","97":"product_tag-vicodin-genrico","98":"product_tag-vicodina-natural","99":"product_tag-vicodina-para-las-migraas","100":"product_tag-vicodin-vs-norco","101":"product_tag-vicodin-vs-oxycodone","102":"product_tag-vicodin-vs-percocet","103":"product_tag-vicodin-xanax","104":"product_tag-vicodina-y-advil","105":"product_tag-vicodin-y-alcohol","106":"product_tag-vida-til-de-vicodin","108":"first","109":"instock","110":"shipping-taxable","111":"purchasable","112":"product-type-variable","113":"has-default-attributes"},"yoast_head":"<!-- This site is optimized with the Yoast SEO plugin v27.3 - https:\/\/yoast.com\/product\/yoast-seo-wordpress\/ -->\n<title>Compre pastillas de hidrocodona Vicodin en l\u00ednea - Best Global Meds<\/title>\n<meta name=\"description\" content=\"Compre pastillas de hidrocodona Vicodin en l\u00ednea. Cada tableta de Vicodin tiene 300 mg de acetaminofeno y viene en tres niveles de dosificaci\u00f3n diferentes de hidrocodona: 5 mg, 7,5 mg y 10 mg.\" \/>\n<meta name=\"robots\" content=\"index, follow, max-snippet:-1, max-image-preview:large, max-video-preview:-1\" \/>\n<link rel=\"canonical\" href=\"https:\/\/medicinasinc.com\/es\/product\/comprar-vicodin\/\" \/>\n<meta property=\"og:locale\" content=\"es_ES\" \/>\n<meta property=\"og:type\" content=\"article\" \/>\n<meta property=\"og:title\" content=\"Compre pastillas de hidrocodona Vicodin en l\u00ednea - Best Global Meds\" \/>\n<meta property=\"og:description\" content=\"Compre pastillas de hidrocodona Vicodin en l\u00ednea. Cada tableta de Vicodin tiene 300 mg de acetaminofeno y viene en tres niveles de dosificaci\u00f3n diferentes de hidrocodona: 5 mg, 7,5 mg y 10 mg.\" \/>\n<meta property=\"og:url\" content=\"https:\/\/medicinasinc.com\/es\/product\/comprar-vicodin\/\" \/>\n<meta property=\"og:site_name\" content=\"Medicinas Inc\" \/>\n<meta property=\"article:modified_time\" content=\"2022-03-22T00:50:03+00:00\" \/>\n<meta property=\"og:image\" content=\"https:\/\/medicinasinc.com\/es\/wp-content\/uploads\/sites\/15\/2022\/02\/Buy-Vicodin.jpg\" \/>\n\t<meta property=\"og:image:width\" content=\"428\" \/>\n\t<meta property=\"og:image:height\" content=\"293\" \/>\n\t<meta property=\"og:image:type\" content=\"image\/jpeg\" \/>\n<meta name=\"twitter:card\" content=\"summary_large_image\" \/>\n<meta name=\"twitter:label1\" content=\"Tiempo de lectura\" \/>\n\t<meta name=\"twitter:data1\" content=\"4 minutos\" \/>\n<script type=\"application\/ld+json\" class=\"yoast-schema-graph\">{\"@context\":\"https:\\\/\\\/schema.org\",\"@graph\":[{\"@type\":\"WebPage\",\"@id\":\"https:\\\/\\\/medicinasinc.com\\\/es\\\/product\\\/comprar-vicodin\\\/\",\"url\":\"https:\\\/\\\/medicinasinc.com\\\/es\\\/product\\\/comprar-vicodin\\\/\",\"name\":\"Compre pastillas de hidrocodona Vicodin en l\u00ednea - Best Global Meds\",\"isPartOf\":{\"@id\":\"https:\\\/\\\/medicinasinc.com\\\/es\\\/#website\"},\"primaryImageOfPage\":{\"@id\":\"https:\\\/\\\/medicinasinc.com\\\/es\\\/product\\\/comprar-vicodin\\\/#primaryimage\"},\"image\":{\"@id\":\"https:\\\/\\\/medicinasinc.com\\\/es\\\/product\\\/comprar-vicodin\\\/#primaryimage\"},\"thumbnailUrl\":\"https:\\\/\\\/medicinasinc.com\\\/es\\\/wp-content\\\/uploads\\\/sites\\\/15\\\/2022\\\/02\\\/Buy-Vicodin.jpg\",\"datePublished\":\"2022-02-21T20:59:08+00:00\",\"dateModified\":\"2022-03-22T00:50:03+00:00\",\"description\":\"Compre pastillas de hidrocodona Vicodin en l\u00ednea. Cada tableta de Vicodin tiene 300 mg de acetaminofeno y viene en tres niveles de dosificaci\u00f3n diferentes de hidrocodona: 5 mg, 7,5 mg y 10 mg.\",\"breadcrumb\":{\"@id\":\"https:\\\/\\\/medicinasinc.com\\\/es\\\/product\\\/comprar-vicodin\\\/#breadcrumb\"},\"inLanguage\":\"es\",\"potentialAction\":[{\"@type\":\"ReadAction\",\"target\":[\"https:\\\/\\\/medicinasinc.com\\\/es\\\/product\\\/comprar-vicodin\\\/\"]}]},{\"@type\":\"ImageObject\",\"inLanguage\":\"es\",\"@id\":\"https:\\\/\\\/medicinasinc.com\\\/es\\\/product\\\/comprar-vicodin\\\/#primaryimage\",\"url\":\"https:\\\/\\\/medicinasinc.com\\\/es\\\/wp-content\\\/uploads\\\/sites\\\/15\\\/2022\\\/02\\\/Buy-Vicodin.jpg\",\"contentUrl\":\"https:\\\/\\\/medicinasinc.com\\\/es\\\/wp-content\\\/uploads\\\/sites\\\/15\\\/2022\\\/02\\\/Buy-Vicodin.jpg\",\"width\":428,\"height\":293},{\"@type\":\"BreadcrumbList\",\"@id\":\"https:\\\/\\\/medicinasinc.com\\\/es\\\/product\\\/comprar-vicodin\\\/#breadcrumb\",\"itemListElement\":[{\"@type\":\"ListItem\",\"position\":1,\"name\":\"Tienda\",\"item\":\"https:\\\/\\\/medicinasinc.com\\\/es\\\/tienda\\\/\"},{\"@type\":\"ListItem\",\"position\":2,\"name\":\"Comprar vicodina\"}]},{\"@type\":\"WebSite\",\"@id\":\"https:\\\/\\\/medicinasinc.com\\\/es\\\/#website\",\"url\":\"https:\\\/\\\/medicinasinc.com\\\/es\\\/\",\"name\":\"Medicinas Inc\",\"description\":\"Cl\u00ednica M\u00e9dica de Salud\",\"potentialAction\":[{\"@type\":\"SearchAction\",\"target\":{\"@type\":\"EntryPoint\",\"urlTemplate\":\"https:\\\/\\\/medicinasinc.com\\\/es\\\/?s={search_term_string}\"},\"query-input\":{\"@type\":\"PropertyValueSpecification\",\"valueRequired\":true,\"valueName\":\"search_term_string\"}}],\"inLanguage\":\"es\"}]}<\/script>\n<!-- \/ Yoast SEO plugin. -->","yoast_head_json":{"title":"Compre pastillas de hidrocodona Vicodin en l\u00ednea - Best Global Meds","description":"Compre pastillas de hidrocodona Vicodin en l\u00ednea. Cada tableta de Vicodin tiene 300 mg de acetaminofeno y viene en tres niveles de dosificaci\u00f3n diferentes de hidrocodona: 5 mg, 7,5 mg y 10 mg.","robots":{"index":"index","follow":"follow","max-snippet":"max-snippet:-1","max-image-preview":"max-image-preview:large","max-video-preview":"max-video-preview:-1"},"canonical":"https:\/\/medicinasinc.com\/es\/product\/comprar-vicodin\/","og_locale":"es_ES","og_type":"article","og_title":"Compre pastillas de hidrocodona Vicodin en l\u00ednea - Best Global Meds","og_description":"Compre pastillas de hidrocodona Vicodin en l\u00ednea. Cada tableta de Vicodin tiene 300 mg de acetaminofeno y viene en tres niveles de dosificaci\u00f3n diferentes de hidrocodona: 5 mg, 7,5 mg y 10 mg.","og_url":"https:\/\/medicinasinc.com\/es\/product\/comprar-vicodin\/","og_site_name":"Medicinas Inc","article_modified_time":"2022-03-22T00:50:03+00:00","og_image":[{"width":428,"height":293,"url":"https:\/\/medicinasinc.com\/es\/wp-content\/uploads\/sites\/15\/2022\/02\/Buy-Vicodin.jpg","type":"image\/jpeg"}],"twitter_card":"summary_large_image","twitter_misc":{"Tiempo de lectura":"4 minutos"},"schema":{"@context":"https:\/\/schema.org","@graph":[{"@type":"WebPage","@id":"https:\/\/medicinasinc.com\/es\/product\/comprar-vicodin\/","url":"https:\/\/medicinasinc.com\/es\/product\/comprar-vicodin\/","name":"Compre pastillas de hidrocodona Vicodin en l\u00ednea - Best Global Meds","isPartOf":{"@id":"https:\/\/medicinasinc.com\/es\/#website"},"primaryImageOfPage":{"@id":"https:\/\/medicinasinc.com\/es\/product\/comprar-vicodin\/#primaryimage"},"image":{"@id":"https:\/\/medicinasinc.com\/es\/product\/comprar-vicodin\/#primaryimage"},"thumbnailUrl":"https:\/\/medicinasinc.com\/es\/wp-content\/uploads\/sites\/15\/2022\/02\/Buy-Vicodin.jpg","datePublished":"2022-02-21T20:59:08+00:00","dateModified":"2022-03-22T00:50:03+00:00","description":"Compre pastillas de hidrocodona Vicodin en l\u00ednea. Cada tableta de Vicodin tiene 300 mg de acetaminofeno y viene en tres niveles de dosificaci\u00f3n diferentes de hidrocodona: 5 mg, 7,5 mg y 10 mg.","breadcrumb":{"@id":"https:\/\/medicinasinc.com\/es\/product\/comprar-vicodin\/#breadcrumb"},"inLanguage":"es","potentialAction":[{"@type":"ReadAction","target":["https:\/\/medicinasinc.com\/es\/product\/comprar-vicodin\/"]}]},{"@type":"ImageObject","inLanguage":"es","@id":"https:\/\/medicinasinc.com\/es\/product\/comprar-vicodin\/#primaryimage","url":"https:\/\/medicinasinc.com\/es\/wp-content\/uploads\/sites\/15\/2022\/02\/Buy-Vicodin.jpg","contentUrl":"https:\/\/medicinasinc.com\/es\/wp-content\/uploads\/sites\/15\/2022\/02\/Buy-Vicodin.jpg","width":428,"height":293},{"@type":"BreadcrumbList","@id":"https:\/\/medicinasinc.com\/es\/product\/comprar-vicodin\/#breadcrumb","itemListElement":[{"@type":"ListItem","position":1,"name":"Tienda","item":"https:\/\/medicinasinc.com\/es\/tienda\/"},{"@type":"ListItem","position":2,"name":"Comprar vicodina"}]},{"@type":"WebSite","@id":"https:\/\/medicinasinc.com\/es\/#website","url":"https:\/\/medicinasinc.com\/es\/","name":"Medicinas Inc","description":"Cl\u00ednica M\u00e9dica de Salud","potentialAction":[{"@type":"SearchAction","target":{"@type":"EntryPoint","urlTemplate":"https:\/\/medicinasinc.com\/es\/?s={search_term_string}"},"query-input":{"@type":"PropertyValueSpecification","valueRequired":true,"valueName":"search_term_string"}}],"inLanguage":"es"}]}},"_links":{"self":[{"href":"https:\/\/medicinasinc.com\/es\/wp-json\/wp\/v2\/product\/5324","targetHints":{"allow":["GET"]}}],"collection":[{"href":"https:\/\/medicinasinc.com\/es\/wp-json\/wp\/v2\/product"}],"about":[{"href":"https:\/\/medicinasinc.com\/es\/wp-json\/wp\/v2\/types\/product"}],"replies":[{"embeddable":true,"href":"https:\/\/medicinasinc.com\/es\/wp-json\/wp\/v2\/comments?post=5324"}],"wp:featuredmedia":[{"embeddable":true,"href":"https:\/\/medicinasinc.com\/es\/wp-json\/wp\/v2\/media\/5335"}],"wp:attachment":[{"href":"https:\/\/medicinasinc.com\/es\/wp-json\/wp\/v2\/media?parent=5324"}],"wp:term":[{"taxonomy":"product_brand","embeddable":true,"href":"https:\/\/medicinasinc.com\/es\/wp-json\/wp\/v2\/product_brand?post=5324"},{"taxonomy":"product_cat","embeddable":true,"href":"https:\/\/medicinasinc.com\/es\/wp-json\/wp\/v2\/product_cat?post=5324"},{"taxonomy":"product_tag","embeddable":true,"href":"https:\/\/medicinasinc.com\/es\/wp-json\/wp\/v2\/product_tag?post=5324"}],"curies":[{"name":"wp","href":"https:\/\/api.w.org\/{rel}","templated":true}]}}