{"id":5323,"date":"2022-02-21T20:57:56","date_gmt":"2022-02-21T20:57:56","guid":{"rendered":"https:\/\/medicinasinc.com\/es\/?post_type=product&#038;p=5323"},"modified":"2022-03-22T00:50:12","modified_gmt":"2022-03-22T00:50:12","slug":"comprar-ultram-tramadol-200-mg","status":"publish","type":"product","link":"https:\/\/medicinasinc.com\/es\/product\/comprar-ultram-tramadol-200-mg\/","title":{"rendered":"Comprar Ultram Tramadol 200 mg"},"content":{"rendered":"<p>200 mg de tramadol<\/p>\n<p>Tramadol es un relajante muscular verdaderamente \u00fanico con un efecto opioide mu leve (en comparaci\u00f3n con otros opioides) y un efecto monoamin\u00e9rgico leve (en comparaci\u00f3n con los antidepresivos tric\u00edclicos). Tramadol tiene un perfil de efectos secundarios tolerable en comparaci\u00f3n con los antidepresivos tric\u00edclicos y los medicamentos antiepil\u00e9pticos.<\/p>\n<p>La tolerancia y la dependencia son consecuencias m\u00e9dicas poco comunes, aunque existen. La actividad de Tramadol no se limita a la neuropat\u00eda; tambi\u00e9n disminuye las sensaciones desagradables (nociceptivas), convirti\u00e9ndolo en uno de los cuatro tipos de dolor.<\/p>\n<p>Descripci\u00f3n:<\/p>\n<p>Tramadol no es para los d\u00e9biles de coraz\u00f3n, ya que es un potente psicoactivo sustancia. El efecto analg\u00e9sico tarda entre 15 y 30 minutos en hacer efecto y tiene una duraci\u00f3n de 6 horas. Tambi\u00e9n se puede utilizar con paracetamol. Tramadol es un sedante.<\/p>\n<p>Tramadol, como un medicamento extremadamente potente, debe tomarse exactamente seg\u00fan lo recetado. El m\u00e9dico es el responsable \u00faltimo de determinar la duraci\u00f3n del tratamiento. El consumo de drogas ilegales puede tener repercusiones graves, incluso letales. Mientras est\u00e9 en tratamiento con Tramadol, debe evitar conducir un autom\u00f3vil u otras tareas que requieran un alto nivel de concentraci\u00f3n.<\/p>\n<p>Debido al hecho de que el tramadol es un agonista opioide, tiene el potencial de crear trastornos mentales y f\u00edsicos. dependencia. La Convenci\u00f3n Internacional clasifica este producto qu\u00edmico como estupefaciente. Como resultado, solo est\u00e1 disponible con receta m\u00e9dica. Los analg\u00e9sicos no opi\u00e1ceos se prescriben solo cuando los medicamentos no opi\u00e1ceos son ineficaces.<\/p>\n<p>Medicaci\u00f3n:<\/p>\n<p>Tome tramadol por v\u00eda oral seg\u00fan lo recete su m\u00e9dico, a menudo cada 4 a 6 horas seg\u00fan sea necesario. Tramadol es seguro para tomar con o sin alimentos. Si experimenta n\u00e1useas, el tramadol tomado con alimentos puede ayudar. Se pueden abordar medidas adicionales para aliviar las n\u00e1useas con su m\u00e9dico o farmac\u00e9utico (como acostarse durante 1 a 2 horas con el menor movimiento de cabeza posible). Nuestro sitio web le permite comprar tramadol de 200 mg en l\u00ednea.<\/p>\n<p>La dosis se basa en su afecci\u00f3n m\u00e9dica y reacci\u00f3n al tratamiento. Para minimizar el riesgo de efectos no deseados, su m\u00e9dico puede sugerirle que comience con una dosis baja de tramadol y la aumente gradualmente. Cumpla de acuerdo con las recomendaciones de su m\u00e9dico. La dosis diaria m\u00e1s alta recomendada es de 400 mg. La dosis m\u00e1xima recomendada para personas mayores de 75 a\u00f1os es de 300 mg por d\u00eda. No aumente su dosis de tramadol, no lo use con m\u00e1s frecuencia o por un per\u00edodo de tiempo m\u00e1s prolongado de lo recetado. Cuando se prescribe tramadol, debe suspenderse inmediatamente.<\/p>\n<p>Se recomienda usar tramadol con extrema precauci\u00f3n en<\/p>\n<p>Individuos que son dependientes de opioides; aquellos que han sufrido una lesi\u00f3n cerebral, un shock o una disminuci\u00f3n del nivel de conciencia por una raz\u00f3n desconocida; y<\/p>\n<p>Adem\u00e1s de los trastornos del centro respiratorio o de la funci\u00f3n respiratoria,<\/p>\n<p>un aumento correspondiente de la presi\u00f3n intracraneal (PIC).<br \/> mal funcionamiento de los sistemas renal y hep\u00e1tico<\/p>\n<p>El clorhidrato de tramadol debe tomarse con precauci\u00f3n en personas sensibles a los opi\u00e1ceos.<\/p>\n","protected":false},"excerpt":{"rendered":"<p>Farmacia en l\u00ednea para comprar tabletas de 200 mg de Tramadol Ultram<\/p>\n<p>Compra de Tramadol Ultram en l\u00ednea.<\/p>\n<p>Ordene Tramadol Cod Overnight. Entrega barata de Tramadol al d\u00eda siguiente<\/p>\n<p>Aprenda d\u00f3nde\u00a0pedir Tramadol\u00a0en l\u00ednea sin receta al costo m\u00e1s barato. &#8230; Tabletas disponibles en las siguientes concentraciones: 50 mg, 100 mg, 150 mg y 200 mg.<\/p>\n<div class=\"product-next-previous\">\n<div class=\"product-prev\"><\/div>\n<\/p><\/div>\n","protected":false},"featured_media":5333,"comment_status":"open","ping_status":"closed","template":"","meta":[],"product_brand":[],"product_cat":[1117],"product_tag":[1905,1906,1908,1911,1912,1904,1913,1909,1914,1907,1910,1915],"class_list":{"0":"post-5323","1":"product","2":"type-product","3":"status-publish","4":"has-post-thumbnail","6":"product_cat-compre-pastillas-para-el-dolor-el-sueno-y-el-sexo","7":"product_tag-buy-tramadol-online-cheap","8":"product_tag-buy-tramadol-online-overnight","9":"product_tag-cheap-ultram-no-prescription","10":"product_tag-tramadol-hcl-50mg-usado","11":"product_tag-tramadol-clorhidrato-paracetamol","12":"product_tag-comprar-tramadol-en-florida","13":"product_tag-tramadol-efectos-secundarios-perros","14":"product_tag-generic-ultram-er","15":"product_tag-ultram-drogas-interacciones","16":"product_tag-tramadol-barato-sin-receta-medica","17":"product_tag-tramadol-nocturno","18":"product_tag-ultram-er-200","20":"first","21":"instock","22":"shipping-taxable","23":"purchasable","24":"product-type-variable","25":"has-default-attributes"},"yoast_head":"<!-- This site is optimized with the Yoast SEO plugin v27.2 - https:\/\/yoast.com\/product\/yoast-seo-wordpress\/ -->\n<title>Comprar Ultram Tramadol 200 mg pastillas en l\u00ednea - Best Global Meds<\/title>\n<meta name=\"description\" content=\"Compre Tramadol Ultram 200 mg en l\u00ednea. Orden Tramadol Overnight C\u00f3d. Detalles: Tramadol barato en l\u00ednea Entrega al d\u00eda siguiente\" \/>\n<meta name=\"robots\" content=\"index, follow, max-snippet:-1, max-image-preview:large, max-video-preview:-1\" \/>\n<link rel=\"canonical\" href=\"https:\/\/medicinasinc.com\/es\/product\/comprar-ultram-tramadol-200-mg\/\" \/>\n<meta property=\"og:locale\" content=\"es_ES\" \/>\n<meta property=\"og:type\" content=\"article\" \/>\n<meta property=\"og:title\" content=\"Comprar Ultram Tramadol 200 mg pastillas en l\u00ednea - Best Global Meds\" \/>\n<meta property=\"og:description\" content=\"Compre Tramadol Ultram 200 mg en l\u00ednea. Orden Tramadol Overnight C\u00f3d. Detalles: Tramadol barato en l\u00ednea Entrega al d\u00eda siguiente\" \/>\n<meta property=\"og:url\" content=\"https:\/\/medicinasinc.com\/es\/product\/comprar-ultram-tramadol-200-mg\/\" \/>\n<meta property=\"og:site_name\" content=\"Medicinas Inc\" \/>\n<meta property=\"article:modified_time\" content=\"2022-03-22T00:50:12+00:00\" \/>\n<meta property=\"og:image\" content=\"https:\/\/medicinasinc.com\/es\/wp-content\/uploads\/sites\/15\/2022\/02\/Buy-Ultram-Tramadol-200mg.jpg\" \/>\n\t<meta property=\"og:image:width\" content=\"300\" \/>\n\t<meta property=\"og:image:height\" content=\"225\" \/>\n\t<meta property=\"og:image:type\" content=\"image\/jpeg\" \/>\n<meta name=\"twitter:card\" content=\"summary_large_image\" \/>\n<meta name=\"twitter:label1\" content=\"Tiempo de lectura\" \/>\n\t<meta name=\"twitter:data1\" content=\"2 minutos\" \/>\n<script type=\"application\/ld+json\" class=\"yoast-schema-graph\">{\"@context\":\"https:\/\/schema.org\",\"@graph\":[{\"@type\":\"WebPage\",\"@id\":\"https:\/\/medicinasinc.com\/es\/product\/comprar-ultram-tramadol-200-mg\/\",\"url\":\"https:\/\/medicinasinc.com\/es\/product\/comprar-ultram-tramadol-200-mg\/\",\"name\":\"Comprar Ultram Tramadol 200 mg pastillas en l\u00ednea - Best Global Meds\",\"isPartOf\":{\"@id\":\"https:\/\/medicinasinc.com\/es\/#website\"},\"primaryImageOfPage\":{\"@id\":\"https:\/\/medicinasinc.com\/es\/product\/comprar-ultram-tramadol-200-mg\/#primaryimage\"},\"image\":{\"@id\":\"https:\/\/medicinasinc.com\/es\/product\/comprar-ultram-tramadol-200-mg\/#primaryimage\"},\"thumbnailUrl\":\"https:\/\/medicinasinc.com\/es\/wp-content\/uploads\/sites\/15\/2022\/02\/Buy-Ultram-Tramadol-200mg.jpg\",\"datePublished\":\"2022-02-21T20:57:56+00:00\",\"dateModified\":\"2022-03-22T00:50:12+00:00\",\"description\":\"Compre Tramadol Ultram 200 mg en l\u00ednea. Orden Tramadol Overnight C\u00f3d. Detalles: Tramadol barato en l\u00ednea Entrega al d\u00eda siguiente\",\"breadcrumb\":{\"@id\":\"https:\/\/medicinasinc.com\/es\/product\/comprar-ultram-tramadol-200-mg\/#breadcrumb\"},\"inLanguage\":\"es\",\"potentialAction\":[{\"@type\":\"ReadAction\",\"target\":[\"https:\/\/medicinasinc.com\/es\/product\/comprar-ultram-tramadol-200-mg\/\"]}]},{\"@type\":\"ImageObject\",\"inLanguage\":\"es\",\"@id\":\"https:\/\/medicinasinc.com\/es\/product\/comprar-ultram-tramadol-200-mg\/#primaryimage\",\"url\":\"https:\/\/medicinasinc.com\/es\/wp-content\/uploads\/sites\/15\/2022\/02\/Buy-Ultram-Tramadol-200mg.jpg\",\"contentUrl\":\"https:\/\/medicinasinc.com\/es\/wp-content\/uploads\/sites\/15\/2022\/02\/Buy-Ultram-Tramadol-200mg.jpg\",\"width\":300,\"height\":225},{\"@type\":\"BreadcrumbList\",\"@id\":\"https:\/\/medicinasinc.com\/es\/product\/comprar-ultram-tramadol-200-mg\/#breadcrumb\",\"itemListElement\":[{\"@type\":\"ListItem\",\"position\":1,\"name\":\"Tienda\",\"item\":\"https:\/\/medicinasinc.com\/es\/tienda\/\"},{\"@type\":\"ListItem\",\"position\":2,\"name\":\"Comprar Ultram Tramadol 200 mg\"}]},{\"@type\":\"WebSite\",\"@id\":\"https:\/\/medicinasinc.com\/es\/#website\",\"url\":\"https:\/\/medicinasinc.com\/es\/\",\"name\":\"Medicinas Inc\",\"description\":\"Cl\u00ednica M\u00e9dica de Salud\",\"potentialAction\":[{\"@type\":\"SearchAction\",\"target\":{\"@type\":\"EntryPoint\",\"urlTemplate\":\"https:\/\/medicinasinc.com\/es\/?s={search_term_string}\"},\"query-input\":{\"@type\":\"PropertyValueSpecification\",\"valueRequired\":true,\"valueName\":\"search_term_string\"}}],\"inLanguage\":\"es\"}]}<\/script>\n<!-- \/ Yoast SEO plugin. -->","yoast_head_json":{"title":"Comprar Ultram Tramadol 200 mg pastillas en l\u00ednea - Best Global Meds","description":"Compre Tramadol Ultram 200 mg en l\u00ednea. Orden Tramadol Overnight C\u00f3d. Detalles: Tramadol barato en l\u00ednea Entrega al d\u00eda siguiente","robots":{"index":"index","follow":"follow","max-snippet":"max-snippet:-1","max-image-preview":"max-image-preview:large","max-video-preview":"max-video-preview:-1"},"canonical":"https:\/\/medicinasinc.com\/es\/product\/comprar-ultram-tramadol-200-mg\/","og_locale":"es_ES","og_type":"article","og_title":"Comprar Ultram Tramadol 200 mg pastillas en l\u00ednea - Best Global Meds","og_description":"Compre Tramadol Ultram 200 mg en l\u00ednea. Orden Tramadol Overnight C\u00f3d. Detalles: Tramadol barato en l\u00ednea Entrega al d\u00eda siguiente","og_url":"https:\/\/medicinasinc.com\/es\/product\/comprar-ultram-tramadol-200-mg\/","og_site_name":"Medicinas Inc","article_modified_time":"2022-03-22T00:50:12+00:00","og_image":[{"width":300,"height":225,"url":"https:\/\/medicinasinc.com\/es\/wp-content\/uploads\/sites\/15\/2022\/02\/Buy-Ultram-Tramadol-200mg.jpg","type":"image\/jpeg"}],"twitter_card":"summary_large_image","twitter_misc":{"Tiempo de lectura":"2 minutos"},"schema":{"@context":"https:\/\/schema.org","@graph":[{"@type":"WebPage","@id":"https:\/\/medicinasinc.com\/es\/product\/comprar-ultram-tramadol-200-mg\/","url":"https:\/\/medicinasinc.com\/es\/product\/comprar-ultram-tramadol-200-mg\/","name":"Comprar Ultram Tramadol 200 mg pastillas en l\u00ednea - Best Global Meds","isPartOf":{"@id":"https:\/\/medicinasinc.com\/es\/#website"},"primaryImageOfPage":{"@id":"https:\/\/medicinasinc.com\/es\/product\/comprar-ultram-tramadol-200-mg\/#primaryimage"},"image":{"@id":"https:\/\/medicinasinc.com\/es\/product\/comprar-ultram-tramadol-200-mg\/#primaryimage"},"thumbnailUrl":"https:\/\/medicinasinc.com\/es\/wp-content\/uploads\/sites\/15\/2022\/02\/Buy-Ultram-Tramadol-200mg.jpg","datePublished":"2022-02-21T20:57:56+00:00","dateModified":"2022-03-22T00:50:12+00:00","description":"Compre Tramadol Ultram 200 mg en l\u00ednea. Orden Tramadol Overnight C\u00f3d. Detalles: Tramadol barato en l\u00ednea Entrega al d\u00eda siguiente","breadcrumb":{"@id":"https:\/\/medicinasinc.com\/es\/product\/comprar-ultram-tramadol-200-mg\/#breadcrumb"},"inLanguage":"es","potentialAction":[{"@type":"ReadAction","target":["https:\/\/medicinasinc.com\/es\/product\/comprar-ultram-tramadol-200-mg\/"]}]},{"@type":"ImageObject","inLanguage":"es","@id":"https:\/\/medicinasinc.com\/es\/product\/comprar-ultram-tramadol-200-mg\/#primaryimage","url":"https:\/\/medicinasinc.com\/es\/wp-content\/uploads\/sites\/15\/2022\/02\/Buy-Ultram-Tramadol-200mg.jpg","contentUrl":"https:\/\/medicinasinc.com\/es\/wp-content\/uploads\/sites\/15\/2022\/02\/Buy-Ultram-Tramadol-200mg.jpg","width":300,"height":225},{"@type":"BreadcrumbList","@id":"https:\/\/medicinasinc.com\/es\/product\/comprar-ultram-tramadol-200-mg\/#breadcrumb","itemListElement":[{"@type":"ListItem","position":1,"name":"Tienda","item":"https:\/\/medicinasinc.com\/es\/tienda\/"},{"@type":"ListItem","position":2,"name":"Comprar Ultram Tramadol 200 mg"}]},{"@type":"WebSite","@id":"https:\/\/medicinasinc.com\/es\/#website","url":"https:\/\/medicinasinc.com\/es\/","name":"Medicinas Inc","description":"Cl\u00ednica M\u00e9dica de Salud","potentialAction":[{"@type":"SearchAction","target":{"@type":"EntryPoint","urlTemplate":"https:\/\/medicinasinc.com\/es\/?s={search_term_string}"},"query-input":{"@type":"PropertyValueSpecification","valueRequired":true,"valueName":"search_term_string"}}],"inLanguage":"es"}]}},"_links":{"self":[{"href":"https:\/\/medicinasinc.com\/es\/wp-json\/wp\/v2\/product\/5323","targetHints":{"allow":["GET"]}}],"collection":[{"href":"https:\/\/medicinasinc.com\/es\/wp-json\/wp\/v2\/product"}],"about":[{"href":"https:\/\/medicinasinc.com\/es\/wp-json\/wp\/v2\/types\/product"}],"replies":[{"embeddable":true,"href":"https:\/\/medicinasinc.com\/es\/wp-json\/wp\/v2\/comments?post=5323"}],"wp:featuredmedia":[{"embeddable":true,"href":"https:\/\/medicinasinc.com\/es\/wp-json\/wp\/v2\/media\/5333"}],"wp:attachment":[{"href":"https:\/\/medicinasinc.com\/es\/wp-json\/wp\/v2\/media?parent=5323"}],"wp:term":[{"taxonomy":"product_brand","embeddable":true,"href":"https:\/\/medicinasinc.com\/es\/wp-json\/wp\/v2\/product_brand?post=5323"},{"taxonomy":"product_cat","embeddable":true,"href":"https:\/\/medicinasinc.com\/es\/wp-json\/wp\/v2\/product_cat?post=5323"},{"taxonomy":"product_tag","embeddable":true,"href":"https:\/\/medicinasinc.com\/es\/wp-json\/wp\/v2\/product_tag?post=5323"}],"curies":[{"name":"wp","href":"https:\/\/api.w.org\/{rel}","templated":true}]}}