{"id":5322,"date":"2022-02-21T20:57:13","date_gmt":"2022-02-21T20:57:13","guid":{"rendered":"https:\/\/medicinasinc.com\/es\/?post_type=product&#038;p=5322"},"modified":"2022-03-22T00:50:25","modified_gmt":"2022-03-22T00:50:25","slug":"tramadol-100mg","status":"publish","type":"product","link":"https:\/\/medicinasinc.com\/es\/product\/tramadol-100mg\/","title":{"rendered":"Tramadol 100mg"},"content":{"rendered":"<p>Tramadol 100 mg para dolores intensos<\/p>\n<p>Ciertas lesiones requieren a\u00f1os para sanar, tiempo durante el cual la v\u00edctima debe soportar molestias. El dolor asociado con la lesi\u00f3n puede variar de leve a intenso, seg\u00fan la profundidad y el tama\u00f1o de la herida. Sin embargo, el dolor punzante ocasionalmente puede interrumpir la rutina regular del individuo. En tales casos, la gente tendr\u00e1 que idear un medio de supervivencia. Pueden lograr la supervivencia prevista aliviando parte del dolor. Pueden comprar tramadol 100 mg en l\u00ednea de una variedad de fuentes para tener un alivio inmediato del dolor.<\/p>\n<p>Tramadol 100 mg es efectivo<\/p>\n<p>Compre Tramadol 100 mg en l\u00ednea para ayudar a aliviar el dolor y permitirles continuar con su rutina. Sin embargo, el tramadol funciona de manera diferente a los otros medicamentos. La funci\u00f3n principal de la tableta es aliviar el dolor, no curar la lesi\u00f3n. Las tabletas tienen un efecto sobre los nervios del dolor del cerebro. Adormece las venas, evitando que experimenten dolor. Como resultado, el adormecimiento los ayudar\u00e1 a sobrevivir el d\u00eda sin interferir con su rutina normal.<\/p>\n<p>Reacciones adversas graves<\/p>\n<p>El adormecimiento del dolor ocurre en el cerebro y las tabletas modifican la forma el cerebro funciona, lo que resulta en una variedad de dificultades. Los efectos secundarios graves incluyen entumecimiento en el cerebro, p\u00e9rdida transitoria de la memoria y otros trastornos de esta naturaleza. Los mareos y otras dificultades ser\u00e1n una ocurrencia com\u00fan. Como resultado, ser\u00e1 necesario ajustar la dosis individual de las tabletas para evitar efectos adversos graves.<\/p>\n<p>La dosis diaria recomendada de la tableta es entre 50 y 300 mg, y debe usarse solo una vez al d\u00eda. Puede obtener tramadol en l\u00ednea de una variedad de sitios web, pero la ingesti\u00f3n debe basarse en la recomendaci\u00f3n de un m\u00e9dico. El consejo del m\u00e9dico ser\u00e1 fundamental para prevenir consecuencias adversas.<\/p>\n","protected":false},"excerpt":{"rendered":"<div class=\"woocommerce-product-details__short-description\">\n<p>Las pastillas de tramadol SR de 100 mg se pueden comprar en l\u00ednea. Compre Tramadol Online Tramal SR 100 mg sin receta a un precio un 80 % menos de lo que pagar\u00eda en una farmacia de EE. UU.<\/p>\n<\/p><\/div>\n","protected":false},"featured_media":5331,"comment_status":"open","ping_status":"closed","template":"","meta":[],"product_brand":[],"product_cat":[1117],"product_tag":[],"class_list":{"0":"post-5322","1":"product","2":"type-product","3":"status-publish","4":"has-post-thumbnail","6":"product_cat-compre-pastillas-para-el-dolor-el-sueno-y-el-sexo","8":"first","9":"instock","10":"shipping-taxable","11":"purchasable","12":"product-type-variable","13":"has-default-attributes"},"yoast_head":"<!-- This site is optimized with the Yoast SEO plugin v27.2 - https:\/\/yoast.com\/product\/yoast-seo-wordpress\/ -->\n<title>Comprar pastillas Tramal SR 100mg en l\u00ednea - Best Best Global Meds<\/title>\n<meta name=\"description\" content=\"Compre pastillas Tramal SR 100mg en l\u00ednea. Compre Tramadol en l\u00ednea Tramal SR 100 mg sin receta a un precio 80% menor que las farmacias de EE. UU.\" \/>\n<meta name=\"robots\" content=\"index, follow, max-snippet:-1, max-image-preview:large, max-video-preview:-1\" \/>\n<link rel=\"canonical\" href=\"https:\/\/medicinasinc.com\/es\/product\/tramadol-100mg\/\" \/>\n<meta property=\"og:locale\" content=\"es_ES\" \/>\n<meta property=\"og:type\" content=\"article\" \/>\n<meta property=\"og:title\" content=\"Comprar pastillas Tramal SR 100mg en l\u00ednea - Best Best Global Meds\" \/>\n<meta property=\"og:description\" content=\"Compre pastillas Tramal SR 100mg en l\u00ednea. Compre Tramadol en l\u00ednea Tramal SR 100 mg sin receta a un precio 80% menor que las farmacias de EE. UU.\" \/>\n<meta property=\"og:url\" content=\"https:\/\/medicinasinc.com\/es\/product\/tramadol-100mg\/\" \/>\n<meta property=\"og:site_name\" content=\"Medicinas Inc\" \/>\n<meta property=\"article:modified_time\" content=\"2022-03-22T00:50:25+00:00\" \/>\n<meta property=\"og:image\" content=\"https:\/\/medicinasinc.com\/es\/wp-content\/uploads\/sites\/15\/2022\/02\/Tramadol-100mg-1.jpg\" \/>\n\t<meta property=\"og:image:width\" content=\"600\" \/>\n\t<meta property=\"og:image:height\" content=\"358\" \/>\n\t<meta property=\"og:image:type\" content=\"image\/jpeg\" \/>\n<meta name=\"twitter:card\" content=\"summary_large_image\" \/>\n<meta name=\"twitter:label1\" content=\"Tiempo de lectura\" \/>\n\t<meta name=\"twitter:data1\" content=\"2 minutos\" \/>\n<script type=\"application\/ld+json\" class=\"yoast-schema-graph\">{\"@context\":\"https:\/\/schema.org\",\"@graph\":[{\"@type\":\"WebPage\",\"@id\":\"https:\/\/medicinasinc.com\/es\/product\/tramadol-100mg\/\",\"url\":\"https:\/\/medicinasinc.com\/es\/product\/tramadol-100mg\/\",\"name\":\"Comprar pastillas Tramal SR 100mg en l\u00ednea - Best Best Global Meds\",\"isPartOf\":{\"@id\":\"https:\/\/medicinasinc.com\/es\/#website\"},\"primaryImageOfPage\":{\"@id\":\"https:\/\/medicinasinc.com\/es\/product\/tramadol-100mg\/#primaryimage\"},\"image\":{\"@id\":\"https:\/\/medicinasinc.com\/es\/product\/tramadol-100mg\/#primaryimage\"},\"thumbnailUrl\":\"https:\/\/medicinasinc.com\/es\/wp-content\/uploads\/sites\/15\/2022\/02\/Tramadol-100mg-1.jpg\",\"datePublished\":\"2022-02-21T20:57:13+00:00\",\"dateModified\":\"2022-03-22T00:50:25+00:00\",\"description\":\"Compre pastillas Tramal SR 100mg en l\u00ednea. Compre Tramadol en l\u00ednea Tramal SR 100 mg sin receta a un precio 80% menor que las farmacias de EE. UU.\",\"breadcrumb\":{\"@id\":\"https:\/\/medicinasinc.com\/es\/product\/tramadol-100mg\/#breadcrumb\"},\"inLanguage\":\"es\",\"potentialAction\":[{\"@type\":\"ReadAction\",\"target\":[\"https:\/\/medicinasinc.com\/es\/product\/tramadol-100mg\/\"]}]},{\"@type\":\"ImageObject\",\"inLanguage\":\"es\",\"@id\":\"https:\/\/medicinasinc.com\/es\/product\/tramadol-100mg\/#primaryimage\",\"url\":\"https:\/\/medicinasinc.com\/es\/wp-content\/uploads\/sites\/15\/2022\/02\/Tramadol-100mg-1.jpg\",\"contentUrl\":\"https:\/\/medicinasinc.com\/es\/wp-content\/uploads\/sites\/15\/2022\/02\/Tramadol-100mg-1.jpg\",\"width\":600,\"height\":358},{\"@type\":\"BreadcrumbList\",\"@id\":\"https:\/\/medicinasinc.com\/es\/product\/tramadol-100mg\/#breadcrumb\",\"itemListElement\":[{\"@type\":\"ListItem\",\"position\":1,\"name\":\"Tienda\",\"item\":\"https:\/\/medicinasinc.com\/es\/tienda\/\"},{\"@type\":\"ListItem\",\"position\":2,\"name\":\"Tramadol 100mg\"}]},{\"@type\":\"WebSite\",\"@id\":\"https:\/\/medicinasinc.com\/es\/#website\",\"url\":\"https:\/\/medicinasinc.com\/es\/\",\"name\":\"Medicinas Inc\",\"description\":\"Cl\u00ednica M\u00e9dica de Salud\",\"potentialAction\":[{\"@type\":\"SearchAction\",\"target\":{\"@type\":\"EntryPoint\",\"urlTemplate\":\"https:\/\/medicinasinc.com\/es\/?s={search_term_string}\"},\"query-input\":{\"@type\":\"PropertyValueSpecification\",\"valueRequired\":true,\"valueName\":\"search_term_string\"}}],\"inLanguage\":\"es\"}]}<\/script>\n<!-- \/ Yoast SEO plugin. -->","yoast_head_json":{"title":"Comprar pastillas Tramal SR 100mg en l\u00ednea - Best Best Global Meds","description":"Compre pastillas Tramal SR 100mg en l\u00ednea. Compre Tramadol en l\u00ednea Tramal SR 100 mg sin receta a un precio 80% menor que las farmacias de EE. UU.","robots":{"index":"index","follow":"follow","max-snippet":"max-snippet:-1","max-image-preview":"max-image-preview:large","max-video-preview":"max-video-preview:-1"},"canonical":"https:\/\/medicinasinc.com\/es\/product\/tramadol-100mg\/","og_locale":"es_ES","og_type":"article","og_title":"Comprar pastillas Tramal SR 100mg en l\u00ednea - Best Best Global Meds","og_description":"Compre pastillas Tramal SR 100mg en l\u00ednea. Compre Tramadol en l\u00ednea Tramal SR 100 mg sin receta a un precio 80% menor que las farmacias de EE. UU.","og_url":"https:\/\/medicinasinc.com\/es\/product\/tramadol-100mg\/","og_site_name":"Medicinas Inc","article_modified_time":"2022-03-22T00:50:25+00:00","og_image":[{"width":600,"height":358,"url":"https:\/\/medicinasinc.com\/es\/wp-content\/uploads\/sites\/15\/2022\/02\/Tramadol-100mg-1.jpg","type":"image\/jpeg"}],"twitter_card":"summary_large_image","twitter_misc":{"Tiempo de lectura":"2 minutos"},"schema":{"@context":"https:\/\/schema.org","@graph":[{"@type":"WebPage","@id":"https:\/\/medicinasinc.com\/es\/product\/tramadol-100mg\/","url":"https:\/\/medicinasinc.com\/es\/product\/tramadol-100mg\/","name":"Comprar pastillas Tramal SR 100mg en l\u00ednea - Best Best Global Meds","isPartOf":{"@id":"https:\/\/medicinasinc.com\/es\/#website"},"primaryImageOfPage":{"@id":"https:\/\/medicinasinc.com\/es\/product\/tramadol-100mg\/#primaryimage"},"image":{"@id":"https:\/\/medicinasinc.com\/es\/product\/tramadol-100mg\/#primaryimage"},"thumbnailUrl":"https:\/\/medicinasinc.com\/es\/wp-content\/uploads\/sites\/15\/2022\/02\/Tramadol-100mg-1.jpg","datePublished":"2022-02-21T20:57:13+00:00","dateModified":"2022-03-22T00:50:25+00:00","description":"Compre pastillas Tramal SR 100mg en l\u00ednea. Compre Tramadol en l\u00ednea Tramal SR 100 mg sin receta a un precio 80% menor que las farmacias de EE. UU.","breadcrumb":{"@id":"https:\/\/medicinasinc.com\/es\/product\/tramadol-100mg\/#breadcrumb"},"inLanguage":"es","potentialAction":[{"@type":"ReadAction","target":["https:\/\/medicinasinc.com\/es\/product\/tramadol-100mg\/"]}]},{"@type":"ImageObject","inLanguage":"es","@id":"https:\/\/medicinasinc.com\/es\/product\/tramadol-100mg\/#primaryimage","url":"https:\/\/medicinasinc.com\/es\/wp-content\/uploads\/sites\/15\/2022\/02\/Tramadol-100mg-1.jpg","contentUrl":"https:\/\/medicinasinc.com\/es\/wp-content\/uploads\/sites\/15\/2022\/02\/Tramadol-100mg-1.jpg","width":600,"height":358},{"@type":"BreadcrumbList","@id":"https:\/\/medicinasinc.com\/es\/product\/tramadol-100mg\/#breadcrumb","itemListElement":[{"@type":"ListItem","position":1,"name":"Tienda","item":"https:\/\/medicinasinc.com\/es\/tienda\/"},{"@type":"ListItem","position":2,"name":"Tramadol 100mg"}]},{"@type":"WebSite","@id":"https:\/\/medicinasinc.com\/es\/#website","url":"https:\/\/medicinasinc.com\/es\/","name":"Medicinas Inc","description":"Cl\u00ednica M\u00e9dica de Salud","potentialAction":[{"@type":"SearchAction","target":{"@type":"EntryPoint","urlTemplate":"https:\/\/medicinasinc.com\/es\/?s={search_term_string}"},"query-input":{"@type":"PropertyValueSpecification","valueRequired":true,"valueName":"search_term_string"}}],"inLanguage":"es"}]}},"_links":{"self":[{"href":"https:\/\/medicinasinc.com\/es\/wp-json\/wp\/v2\/product\/5322","targetHints":{"allow":["GET"]}}],"collection":[{"href":"https:\/\/medicinasinc.com\/es\/wp-json\/wp\/v2\/product"}],"about":[{"href":"https:\/\/medicinasinc.com\/es\/wp-json\/wp\/v2\/types\/product"}],"replies":[{"embeddable":true,"href":"https:\/\/medicinasinc.com\/es\/wp-json\/wp\/v2\/comments?post=5322"}],"wp:featuredmedia":[{"embeddable":true,"href":"https:\/\/medicinasinc.com\/es\/wp-json\/wp\/v2\/media\/5331"}],"wp:attachment":[{"href":"https:\/\/medicinasinc.com\/es\/wp-json\/wp\/v2\/media?parent=5322"}],"wp:term":[{"taxonomy":"product_brand","embeddable":true,"href":"https:\/\/medicinasinc.com\/es\/wp-json\/wp\/v2\/product_brand?post=5322"},{"taxonomy":"product_cat","embeddable":true,"href":"https:\/\/medicinasinc.com\/es\/wp-json\/wp\/v2\/product_cat?post=5322"},{"taxonomy":"product_tag","embeddable":true,"href":"https:\/\/medicinasinc.com\/es\/wp-json\/wp\/v2\/product_tag?post=5322"}],"curies":[{"name":"wp","href":"https:\/\/api.w.org\/{rel}","templated":true}]}}