{"id":5310,"date":"2022-02-21T18:38:01","date_gmt":"2022-02-21T18:38:01","guid":{"rendered":"https:\/\/medicinasinc.com\/es\/?post_type=product&#038;p=5310"},"modified":"2022-03-22T00:50:38","modified_gmt":"2022-03-22T00:50:38","slug":"comprar-roxicodona-30-mg","status":"publish","type":"product","link":"https:\/\/medicinasinc.com\/es\/product\/comprar-roxicodona-30-mg\/","title":{"rendered":"Comprar Roxicodona 30 mg"},"content":{"rendered":"<p>Compra en l\u00ednea de pastillas de 30 mg de Roxicodona<\/p>\n<p>Las tabletas de ROXICODONA (HCl de oxicodona) est\u00e1n dise\u00f1adas para el tratamiento del dolor moderado a severo que requiere un analg\u00e9sico opioide y para el cual las alternativas no opioides son ineficaces.<\/p>\n<p>Restricciones de uso<\/p>\n<p>Debido a los peligros de la adicci\u00f3n, el abuso y el uso indebido de opioides, incluso en las dosis autorizadas, reserve ROXICODONE para pacientes que no respondan a opciones de tratamiento alternativas (p. ej., analg\u00e9sicos no opioides o productos combinados de opioides):<\/p>\n<p>No se han tolerado y es poco probable que se permitan<br \/> No han podido administrar la analgesia adecuada o es probable que no administren la analgesia adecuada<\/p>\n<p>Este material est\u00e1 destinado \u00fanicamente a profesionales de la salud en los Estados Unidos de Am\u00e9rica.<br \/> Informaci\u00f3n de prescripci\u00f3n completa para los Estados Unidos, incluido un recuadro de advertencia.<\/p>\n<p>Gu\u00eda de medicamentos<\/p>\n<div class=\"product -siguiente-anterior\">\n<div class=\"producto-prev\">\n<div class=\"contraindicaci\u00f3n\">\n<div class=\"contraindica ci\u00f3n\">\n<div class=\"contraindicaci\u00f3n\">\n<div class=\"contraindicaci\u00f3n\">\n<div class=\"contraindicaci\u00f3n\">\n<div class=\"contraindicaci\u00f3n\">\n<div class=\"contraindicaci\u00f3n\">\n<h2><b>IMPORTANTE INFORMACI\u00d3N DE SEGURIDAD<\/b><\/h2>\n<div class=\"scroll-wrapper scrolling-table scrollbar-chrome\">\n<div class=\"scrolling-table scrollbar-chrome scroll-content\">\n<table border=\"1\">\n<tbody>\n<tr>\n<td valign=\"top\" width=\"623\">\n<ul>\n<li>ADVERTENCIA: ADICCI\u00d3N, ABUSO Y MAL USO; ESTRATEGIA DE EVALUACI\u00d3N Y MITIGACI\u00d3N DE RIESGOS (REMS); DEPRESI\u00d3N RESPIRATORIA QUE AMENAZA LA VIDA; INGESTI\u00d3N ACCIDENTAL; S\u00cdNDROME DE ABSTINCI\u00d3N DE OPIOIDES NEONATAL; INTERACCI\u00d3N CON CITOCROMO P450 3A4; y RIESGOS DEL USO CONCOMITANTE CON BENabuso, abuso y uso indebido de sustancias\n<p>ROXICODONE expone a los pacientes y otros usuarios a los peligros de la adicci\u00f3n, el abuso y el uso indebido de opioides, todo lo cual puede provocar la muerte por sobredosis. Antes de administrar ROXICODONE, eval\u00fae el riesgo de cada paciente y controle a todos los pacientes peri\u00f3dicamente para detectar el desarrollo de ciertos comportamientos y condiciones.<\/p>\n<p>Estrategia de evaluaci\u00f3n y mitigaci\u00f3n de riesgos para analg\u00e9sicos opioides (REMS)<\/p>\n<p>El alimento and Drug Administration (FDA) requiere un REMS para los analg\u00e9sicos opioides para verificar que los beneficios superen los peligros de la adicci\u00f3n, el abuso y el uso indebido. Las compa\u00f1\u00edas farmac\u00e9uticas que han aprobado productos analg\u00e9sicos opioides deben poner a disposici\u00f3n de los proveedores de atenci\u00f3n m\u00e9dica programas educativos que cumplan con REMS. Se recomienda encarecidamente a los proveedores de atenci\u00f3n m\u00e9dica que: \u2022 completen un programa educativo que cumpla con REMS; \u2022 aconsejar a los pacientes y\/o cuidadores sobre el uso seguro, los riesgos graves, el almacenamiento y la eliminaci\u00f3n de estos productos con cada receta; \u2022 enfatizar a los pacientes y cuidadores la importancia de leer la Gu\u00eda del Medicamento cada vez que se la proporcione su farmac\u00e9utico; y \u2022 considerar herramientas adicionales para mejorar la seguridad del paciente, el hogar y la comunidad.<\/p>\n<p>Depresi\u00f3n respiratoria potencialmente mortal<\/p>\n<p>ROXICODONE puede causar depresi\u00f3n respiratoria grave, potencialmente mortal o mortal. Est\u00e9 atento a la depresi\u00f3n respiratoria, especialmente al comenzar con ROXICODONE o al aumentar la dosis.<\/p>\n<p>Consumo por accidente<\/p>\n<p>La ingesti\u00f3n accidental de ROXICODONE, particularmente en j\u00f3venes, puede resultar en una sobredosis letal de ROXICODONE. <\/p>\n<p>S\u00edndrome de abstinencia de opioides neonatal<\/p>\n<p>El uso prolongado de ROXICODONE durante el embarazo puede provocar el s\u00edndrome de abstinencia de opioides del reci\u00e9n nacido, que puede ser fatal si no se diagnostica y trata a tiempo, y necesita terapia de acuerdo con neonatolog\u00eda. -procedimientos espec\u00edficos. Si es necesario el uso prolongado de opioides en una mujer embarazada, inf\u00f3rmele sobre el peligro del s\u00edndrome de abstinencia neonatal de opioides y aseg\u00farese de que est\u00e9 disponible la terapia adecuada.<\/p>\n<p>Interacci\u00f3n con el citocromo P450 3A4<\/p>\n<p>Uso concurrente de ROXICODONE y todos los inhibidores del citocromo P450 3A4 puede provocar un aumento de las concentraciones plasm\u00e1ticas de oxicodona, lo que puede exacerbar o prolongar las respuestas desagradables y puede provocar una depresi\u00f3n respiratoria potencialmente mortal. Adem\u00e1s, la suspensi\u00f3n de un inductor del citocromo P450 3A4 utilizado al mismo tiempo puede provocar un aumento de la los niveles plasm\u00e1ticos de oxicodona. Los pacientes que reciben ROXICODONE y cualquier inhibidor o inductor de CYP3A4 deben ser monitoreados de cerca.<\/p>\n<p>Consecuencias del uso concurrente con benzodiazepinas u otros depresores del sistema nervioso central<\/p>\n<p>Uso concurrente de opioides con benzodiazepinas u otros depresores del SNC , como el alcohol, puede provocar somnolencia extrema, depresi\u00f3n respiratoria, coma o la muerte.<\/p>\n<p>La administraci\u00f3n simult\u00e1nea de ROXICODONE con benzodiazepinas u otros depresores del SNC debe reservarse para personas que no responden a alternativas terap\u00e9uticas alternativas. <br \/> Mantenga las dosis y la duraci\u00f3n al m\u00ednimo.<br \/> Est\u00e9 atento a los signos y s\u00edntomas de depresi\u00f3n respiratoria y sedaci\u00f3n en los pacientes.<\/li>\n<\/ul>\n<\/td>\n<\/tr>\n<\/tbody>\n<\/table><\/div><\/div>\n<p>&nbsp;<\/p>\n<h2>CONTRAINDICACIONES<\/h2>\n<p>ROXICODONE est\u00e1 contraindicado en pacientes con:<\/p>\n<ul>\n<li>Depresi\u00f3n respiratoria significativa<\/li>\n<li>Asma bronquial aguda o grave en un entorno no supervisado o en ausencia de medidas de reanimaci\u00f3n. equipo<\/li>\n<li>Obstrucci\u00f3n gastrointestinal conocida o sospechada, incluido \u00edleo paral\u00edtico<\/li>\n<li>Hipersensibilidad conocida a la oxicodona<\/li>\n<\/ul>\n<h2>\u00a0ADVERTENCIAS Y PRECAUCIONES<\/h2>\n<ul>\n<li>ROXICODONE contiene oxicodona, una sustancia controlada de la Lista II. Como opioide, ROXICODONE expone a los usuarios a los riesgos de adicci\u00f3n, abuso y uso indebido.<\/li>\n<li>Evaluar el riesgo de adicci\u00f3n, abuso o uso indebido de opioides de cada paciente antes de recetar ROXICODONE, y monitorear a todos los pacientes que reciben ROXICODONE para desarrollo de estos comportamientos y condiciones.<\/li>\n<li>Para garantizar que los beneficios de los analg\u00e9sicos opioides superen los riesgos de adicci\u00f3n, abuso y uso indebido, la Administraci\u00f3n de Alimentos y Medicamentos (FDA) ha requerido una estrategia de evaluaci\u00f3n y mitigaci\u00f3n de riesgos ( REMS) para estos productos. De acuerdo con los requisitos de REMS, las compa\u00f1\u00edas farmac\u00e9uticas con productos analg\u00e9sicos opioides aprobados deben poner a disposici\u00f3n de los proveedores de atenci\u00f3n m\u00e9dica programas educativos que cumplan con REMS.<\/li>\n<li>Se ha informado depresi\u00f3n respiratoria grave, potencialmente mortal o fatal con el uso de opioides, incluso cuando se usan seg\u00fan las recomendaciones. Los pacientes con enfermedad pulmonar cr\u00f3nica, ancianos, caqu\u00e9cticos o debilitados pueden tener un mayor riesgo. Monitoree de cerca, especialmente durante el inicio y la titulaci\u00f3n.<\/li>\n<li>Los opioides pueden causar trastornos respiratorios relacionados con el sue\u00f1o, incluida la apnea central del sue\u00f1o (CSA) y la hipoxemia relacionada con el sue\u00f1o. El uso de opioides aumenta el riesgo de CSA de manera dependiente de la dosis.<\/li>\n<li>La ingesti\u00f3n accidental de incluso una dosis de ROXICODONE, especialmente en ni\u00f1os, puede provocar depresi\u00f3n respiratoria y muerte debido a una sobredosis de ROXICODONE. Indique a los pacientes que tomen medidas para almacenar ROXICODONE de forma segura. La ROXICODONA caducada, no deseada o no utilizada debe desecharse tirando el medicamento no utilizado por el inodoro si no hay una opci\u00f3n de devoluci\u00f3n del medicamento disponible.<\/li>\n<li>El s\u00edndrome de abstinencia de opioides neonatal (NOWS) puede ocurrir despu\u00e9s del uso prolongado de opioides durante el embarazo. Observe a los reci\u00e9n nacidos en busca de signos de NOWS y maneje en consecuencia; NOWS puede poner en peligro la vida si no se reconoce y se trata en reci\u00e9n nacidos.<\/li>\n<li>Cuando se usan inhibidores de CYP3A4 o se interrumpen los inductores de CYP3A4 en pacientes tratados con ROXICODONE, controle a los pacientes de cerca a intervalos frecuentes y considere reducir la dosis de ROXICODONE hasta que el f\u00e1rmaco se estabilice. se consiguen efectos. Cuando use ROXICODONE con inductores de CYP3A4 o suspenda los inhibidores de CYP3A4, vigile a los pacientes de cerca a intervalos frecuentes y considere aumentar la dosis de opioides si es necesario para mantener una analgesia adecuada o si se presentan s\u00edntomas de abstinencia de opioides.<\/li>\n<li>Sedaci\u00f3n profunda, depresi\u00f3n respiratoria, El uso concomitante de ROXICODONE con benzodiazepinas u otros depresores del SNC (incluidos el alcohol y las drogas il\u00edcitas) puede provocar la muerte y puede provocar la muerte.<\/li>\n<li>Se han notificado casos de insuficiencia suprarrenal con el uso de opioides, m\u00e1s a menudo despu\u00e9s de m\u00e1s de un mes de uso. Si se diagnostica insuficiencia suprarrenal, tratar con reemplazo fisiol\u00f3gico de corticosteroides y desconectar al paciente. del opioide hasta que se recupere la funci\u00f3n suprarrenal.<\/li>\n<li><strong>ROXICODONE<\/strong>\u00a0puede causar hipotensi\u00f3n grave, incluida hipotensi\u00f3n ortost\u00e1tica y s\u00edncope en pacientes ambulatorios. Monitoree durante el inicio y\/o titulaci\u00f3n de ROXICODONE. Evite el uso en pacientes con shock circulatorio.<\/li>\n<li>El uso en pacientes con aumento de la presi\u00f3n intracraneal, tumores cerebrales, lesiones en la cabeza o alteraci\u00f3n de la conciencia puede reducir el impulso respiratorio y la retenci\u00f3n de CO<sub>2<\/sub>\u00a0resultante. puede aumentar a\u00fan m\u00e1s la presi\u00f3n intracraneal. Se debe evitar el uso de\u00a0<strong>ROXICODONE<\/strong>\u00a0en pacientes con alteraci\u00f3n de la conciencia o coma.<\/li>\n<li>ROXICODONE est\u00e1 contraindicado en pacientes con obstrucci\u00f3n gastrointestinal conocida o sospechada, incluido el \u00edleo paral\u00edtico. La oxicodona en ROXICODONE puede causar espasmos del esf\u00ednter de Oddi.<\/li>\n<li>La oxicodona en ROXICODONE puede aumentar la frecuencia de convulsiones en pacientes con trastornos convulsivos y puede aumentar el riesgo de que ocurran convulsiones en otros entornos cl\u00ednicos asociados con convulsiones. . Supervise a los pacientes con antecedentes de trastornos convulsivos para detectar un empeoramiento del control de las convulsiones.<\/li>\n<li>No suspenda bruscamente\u00a0<strong>ROXICODONE<\/strong>\u00a0en un paciente que depende f\u00edsicamente de los opioides. Cuando suspenda ROXICODONE en un paciente f\u00edsicamente dependiente, disminuya gradualmente la dosis. La reducci\u00f3n gradual r\u00e1pida de la oxicodona en un paciente f\u00edsicamente dependiente de los opioides puede provocar un s\u00edndrome de abstinencia y la reaparici\u00f3n del dolor.<\/li>\n<li>Evite el uso de ROXICODONE con agonistas\/antagonistas mixtos o analg\u00e9sicos agonistas parciales debido al riesgo de precipitaci\u00f3n de s\u00edntomas de abstinencia.<\/li>\n<li>Advierta a los pacientes que no conduzcan ni operen maquinaria peligrosa a menos que sean tolerantes a los efectos de ROXICODONE y sepan c\u00f3mo reaccionar\u00e1n al medicamento.<\/li>\n<li>Los opioides pueden causar una rara pero condici\u00f3n potencialmente mortal resultante de la administraci\u00f3n concomitante de f\u00e1rmacos serotonin\u00e9rgicos. Advierta a los pacientes sobre los s\u00edntomas del s\u00edndrome serotonin\u00e9rgico y busque atenci\u00f3n m\u00e9dica de inmediato si se presentan s\u00edntomas.<\/li>\n<li>No se recomienda el uso de ROXICODONE para pacientes que toman IMAO o dentro de los 14 d\u00edas posteriores a la interrupci\u00f3n de dicho tratamiento.<\/li>\n<\/ul>\n<h2>Efectos de Roxicodone<\/h2>\n<p>Las reacciones adversas graves asociadas con el uso de ROXICODONE incluyen depresi\u00f3n respiratoria, paro respiratorio, depresi\u00f3n circulatoria, paro card\u00edaco, hipotensi\u00f3n y\/o shock. Las reacciones adversas m\u00e1s comunes incluyen n\u00e1useas, estre\u00f1imiento, v\u00f3mitos, dolor de cabeza, prurito, insomnio, mareos, astenia y somnolencia.<\/p>\n<p>Esta no es una lista completa de posibles eventos adversos asociados con ROXICODONE. Consulte la informaci\u00f3n de prescripci\u00f3n completa para obtener una lista completa.<\/p>\n<p>&nbsp;<\/p>\n<p>&nbsp;<\/p>\n<\/p><\/div><\/div><\/div><\/div><\/div><\/div><\/div>\n<div class=\"scroll-wrapper scrolling-table scrollbar-chrome\">\n<div class=\"scrolling-table scrollbar-chrome scroll-content\">\n<table>\n<tbody>\n<tr>\n<td><strong>Descripci\u00f3n<\/strong><\/td>\n<td>Comprimidos azules ranurados<\/td>\n<\/tr>\n<tr>\n<td><strong>Nombre gen\u00e9rico<\/strong><\/td>\n<td>Clorhidrato de oxicodona en tabletas USP<\/td>\n<\/tr>\n<tr>\n<td><strong>Dosificaci\u00f3n<\/strong><\/td>\n<td>30 mg<\/td>\n<\/tr>\n<tr>\n<td><strong>C\u00f3digo de identificaci\u00f3n<\/strong><\/td>\n<td>Tableta azul ranurada (identificada 54 199) [Relieve 54 199 en un lado]<\/td>\n<\/tr>\n<\/tbody>\n<\/table>\n<p><strong>pastillas de roxicodona, comprar pastillas de roxicodona, lista de pastillas de roxicodona azules redondas, pastillas que parecen roxicodona, cambio de pastillas de roxicodona, pastillas de roxicodona 30, pastillas de liberaci\u00f3n prolongada de roxicodona, c\u00f3mo ser un traficante de drogas vendiendo pastillas de roxicodona, pastillas que contienen roxicodona, pastillas de jarabe de code\u00edna roxicodona, c\u00f3mo Cu\u00e1nto cuestan las pastillas de roxicodona de 30 mg en M\u00e9xico, \u00bfqu\u00e9 hay en las pastillas falsas de roxicodona k 9?, pastillas de roxicodona azul de 30 mg, roxicodona, oxicodona de 5 mg, pastilla rosa, pastilla m 30, pastilla azul m 30, pastilla k 56, roxicodona, t 194 p\u00edldora, percocet 30 mg, precios de molly, puede tomar, roxy 30, oxicodona, p\u00edldora u17, dosis de oxicodona<\/strong><\/p>\n<\/p><\/div><\/div><\/div><\/div>\n<div class=\"producto-siguiente-anterior\">\n<div class=\"producto-anterior\"><\/div><\/div>\n","protected":false},"excerpt":{"rendered":"<p>\u00a1Compre tabletas de Roxicodona de 30 mg en el Reino Unido y Europa en nuestra farmacia en l\u00ednea bestglobalmeds.com con env\u00edo r\u00e1pido a todo el mundo! \u00a1El mejor lugar para obtener OxyContin es aqu\u00ed mismo!<\/p>\n","protected":false},"featured_media":5321,"comment_status":"open","ping_status":"closed","template":"","meta":[],"product_brand":[],"product_cat":[1117],"product_tag":[1903,1881,1898,1885,1884,1891,1886,1887,1890,1889,1888,1648,1670,1894,1902,1879,1883,1880,1896,1897,1892,1893,1750,1882,1895,1899,1900,1901],"class_list":{"0":"post-5310","1":"product","2":"type-product","3":"status-publish","4":"has-post-thumbnail","6":"product_cat-compre-pastillas-para-el-dolor-el-sueno-y-el-sexo","7":"product_tag-qu-hay-en-las-pastillas-falsas-k-9-roxicodona","8":"product_tag-buy-roxicodone-pills","9":"product_tag-cambio-de-pastillas-de-roxicodona","10":"product_tag-cmo-ser-un-traficante-de-drogas-que-vende-pastillas-de-roxicodona","11":"product_tag-cuanto-salen-roxicodona-30mg-pastillas-en-mexico","12":"product_tag-dosis-de-oxicodona","13":"product_tag-k-56-pastilla","14":"product_tag-lista-de-pastillas-de-roxicodona-azul-redonda","15":"product_tag-precios-de-molly","16":"product_tag-pastilla-m-30","17":"product_tag-m-30-azul-pastilla","18":"product_tag-oxicodona","19":"product_tag-oxicodona-5-mg","20":"product_tag-pastilla-rosa","21":"product_tag-u17-pldora","22":"product_tag-30mg-roxicodona-azul-pastillas","23":"product_tag-codena-jarabe-pastillas-roxicodona","24":"product_tag-romper-tiempo-liberacion-pastillas-roxicodona","25":"product_tag-pastillas-de-roxicodona","26":"product_tag-pastillas-de-roxicodona-30","27":"product_tag-pastillas-que-contienen-roxicodona","28":"product_tag-pastillas-que-parecen-roxicodona","29":"product_tag-percocet-30-mg","30":"product_tag-puede-usted-tomar","31":"product_tag-roxicodona","32":"product_tag-roxy-30","33":"product_tag-roxycodone","34":"product_tag-t-194-pldora","36":"first","37":"instock","38":"shipping-taxable","39":"purchasable","40":"product-type-variable","41":"has-default-attributes"},"yoast_head":"<!-- This site is optimized with the Yoast SEO plugin v27.3 - https:\/\/yoast.com\/product\/yoast-seo-wordpress\/ -->\n<title>Comprar Roxicodona 30 mg - Best Best Global Meds<\/title>\n<meta name=\"description\" content=\"\u00a1Compre Roxicodona 30 mg comprimidos Reino Unido, Europa en nuestra tienda en l\u00ednea bestglobalmeds.com con entrega r\u00e1pida en todo el mundo! \u00a1El mejor OxyContin para ordenar lo encontrar\u00e1s aqu\u00ed!\" \/>\n<meta name=\"robots\" content=\"index, follow, max-snippet:-1, max-image-preview:large, max-video-preview:-1\" \/>\n<link rel=\"canonical\" href=\"https:\/\/medicinasinc.com\/es\/product\/comprar-roxicodona-30-mg\/\" \/>\n<meta property=\"og:locale\" content=\"es_ES\" \/>\n<meta property=\"og:type\" content=\"article\" \/>\n<meta property=\"og:title\" content=\"Comprar Roxicodona 30 mg - Best Best Global Meds\" \/>\n<meta property=\"og:description\" content=\"\u00a1Compre Roxicodona 30 mg comprimidos Reino Unido, Europa en nuestra tienda en l\u00ednea bestglobalmeds.com con entrega r\u00e1pida en todo el mundo! \u00a1El mejor OxyContin para ordenar lo encontrar\u00e1s aqu\u00ed!\" \/>\n<meta property=\"og:url\" content=\"https:\/\/medicinasinc.com\/es\/product\/comprar-roxicodona-30-mg\/\" \/>\n<meta property=\"og:site_name\" content=\"Medicinas Inc\" \/>\n<meta property=\"article:modified_time\" content=\"2022-03-22T00:50:38+00:00\" \/>\n<meta property=\"og:image\" content=\"https:\/\/medicinasinc.com\/es\/wp-content\/uploads\/sites\/15\/2022\/02\/Roxicodone-30-mg.png\" \/>\n\t<meta property=\"og:image:width\" content=\"400\" \/>\n\t<meta property=\"og:image:height\" content=\"300\" \/>\n\t<meta property=\"og:image:type\" content=\"image\/png\" \/>\n<meta name=\"twitter:card\" content=\"summary_large_image\" \/>\n<meta name=\"twitter:label1\" content=\"Tiempo de lectura\" \/>\n\t<meta name=\"twitter:data1\" content=\"7 minutos\" \/>\n<script type=\"application\/ld+json\" class=\"yoast-schema-graph\">{\"@context\":\"https:\\\/\\\/schema.org\",\"@graph\":[{\"@type\":\"WebPage\",\"@id\":\"https:\\\/\\\/medicinasinc.com\\\/es\\\/product\\\/comprar-roxicodona-30-mg\\\/\",\"url\":\"https:\\\/\\\/medicinasinc.com\\\/es\\\/product\\\/comprar-roxicodona-30-mg\\\/\",\"name\":\"Comprar Roxicodona 30 mg - Best Best Global Meds\",\"isPartOf\":{\"@id\":\"https:\\\/\\\/medicinasinc.com\\\/es\\\/#website\"},\"primaryImageOfPage\":{\"@id\":\"https:\\\/\\\/medicinasinc.com\\\/es\\\/product\\\/comprar-roxicodona-30-mg\\\/#primaryimage\"},\"image\":{\"@id\":\"https:\\\/\\\/medicinasinc.com\\\/es\\\/product\\\/comprar-roxicodona-30-mg\\\/#primaryimage\"},\"thumbnailUrl\":\"https:\\\/\\\/medicinasinc.com\\\/es\\\/wp-content\\\/uploads\\\/sites\\\/15\\\/2022\\\/02\\\/Roxicodone-30-mg.png\",\"datePublished\":\"2022-02-21T18:38:01+00:00\",\"dateModified\":\"2022-03-22T00:50:38+00:00\",\"description\":\"\u00a1Compre Roxicodona 30 mg comprimidos Reino Unido, Europa en nuestra tienda en l\u00ednea bestglobalmeds.com con entrega r\u00e1pida en todo el mundo! \u00a1El mejor OxyContin para ordenar lo encontrar\u00e1s aqu\u00ed!\",\"breadcrumb\":{\"@id\":\"https:\\\/\\\/medicinasinc.com\\\/es\\\/product\\\/comprar-roxicodona-30-mg\\\/#breadcrumb\"},\"inLanguage\":\"es\",\"potentialAction\":[{\"@type\":\"ReadAction\",\"target\":[\"https:\\\/\\\/medicinasinc.com\\\/es\\\/product\\\/comprar-roxicodona-30-mg\\\/\"]}]},{\"@type\":\"ImageObject\",\"inLanguage\":\"es\",\"@id\":\"https:\\\/\\\/medicinasinc.com\\\/es\\\/product\\\/comprar-roxicodona-30-mg\\\/#primaryimage\",\"url\":\"https:\\\/\\\/medicinasinc.com\\\/es\\\/wp-content\\\/uploads\\\/sites\\\/15\\\/2022\\\/02\\\/Roxicodone-30-mg.png\",\"contentUrl\":\"https:\\\/\\\/medicinasinc.com\\\/es\\\/wp-content\\\/uploads\\\/sites\\\/15\\\/2022\\\/02\\\/Roxicodone-30-mg.png\",\"width\":400,\"height\":300},{\"@type\":\"BreadcrumbList\",\"@id\":\"https:\\\/\\\/medicinasinc.com\\\/es\\\/product\\\/comprar-roxicodona-30-mg\\\/#breadcrumb\",\"itemListElement\":[{\"@type\":\"ListItem\",\"position\":1,\"name\":\"Tienda\",\"item\":\"https:\\\/\\\/medicinasinc.com\\\/es\\\/tienda\\\/\"},{\"@type\":\"ListItem\",\"position\":2,\"name\":\"Comprar Roxicodona 30 mg\"}]},{\"@type\":\"WebSite\",\"@id\":\"https:\\\/\\\/medicinasinc.com\\\/es\\\/#website\",\"url\":\"https:\\\/\\\/medicinasinc.com\\\/es\\\/\",\"name\":\"Medicinas Inc\",\"description\":\"Cl\u00ednica M\u00e9dica de Salud\",\"potentialAction\":[{\"@type\":\"SearchAction\",\"target\":{\"@type\":\"EntryPoint\",\"urlTemplate\":\"https:\\\/\\\/medicinasinc.com\\\/es\\\/?s={search_term_string}\"},\"query-input\":{\"@type\":\"PropertyValueSpecification\",\"valueRequired\":true,\"valueName\":\"search_term_string\"}}],\"inLanguage\":\"es\"}]}<\/script>\n<!-- \/ Yoast SEO plugin. -->","yoast_head_json":{"title":"Comprar Roxicodona 30 mg - Best Best Global Meds","description":"\u00a1Compre Roxicodona 30 mg comprimidos Reino Unido, Europa en nuestra tienda en l\u00ednea bestglobalmeds.com con entrega r\u00e1pida en todo el mundo! \u00a1El mejor OxyContin para ordenar lo encontrar\u00e1s aqu\u00ed!","robots":{"index":"index","follow":"follow","max-snippet":"max-snippet:-1","max-image-preview":"max-image-preview:large","max-video-preview":"max-video-preview:-1"},"canonical":"https:\/\/medicinasinc.com\/es\/product\/comprar-roxicodona-30-mg\/","og_locale":"es_ES","og_type":"article","og_title":"Comprar Roxicodona 30 mg - Best Best Global Meds","og_description":"\u00a1Compre Roxicodona 30 mg comprimidos Reino Unido, Europa en nuestra tienda en l\u00ednea bestglobalmeds.com con entrega r\u00e1pida en todo el mundo! \u00a1El mejor OxyContin para ordenar lo encontrar\u00e1s aqu\u00ed!","og_url":"https:\/\/medicinasinc.com\/es\/product\/comprar-roxicodona-30-mg\/","og_site_name":"Medicinas Inc","article_modified_time":"2022-03-22T00:50:38+00:00","og_image":[{"width":400,"height":300,"url":"https:\/\/medicinasinc.com\/es\/wp-content\/uploads\/sites\/15\/2022\/02\/Roxicodone-30-mg.png","type":"image\/png"}],"twitter_card":"summary_large_image","twitter_misc":{"Tiempo de lectura":"7 minutos"},"schema":{"@context":"https:\/\/schema.org","@graph":[{"@type":"WebPage","@id":"https:\/\/medicinasinc.com\/es\/product\/comprar-roxicodona-30-mg\/","url":"https:\/\/medicinasinc.com\/es\/product\/comprar-roxicodona-30-mg\/","name":"Comprar Roxicodona 30 mg - Best Best Global Meds","isPartOf":{"@id":"https:\/\/medicinasinc.com\/es\/#website"},"primaryImageOfPage":{"@id":"https:\/\/medicinasinc.com\/es\/product\/comprar-roxicodona-30-mg\/#primaryimage"},"image":{"@id":"https:\/\/medicinasinc.com\/es\/product\/comprar-roxicodona-30-mg\/#primaryimage"},"thumbnailUrl":"https:\/\/medicinasinc.com\/es\/wp-content\/uploads\/sites\/15\/2022\/02\/Roxicodone-30-mg.png","datePublished":"2022-02-21T18:38:01+00:00","dateModified":"2022-03-22T00:50:38+00:00","description":"\u00a1Compre Roxicodona 30 mg comprimidos Reino Unido, Europa en nuestra tienda en l\u00ednea bestglobalmeds.com con entrega r\u00e1pida en todo el mundo! \u00a1El mejor OxyContin para ordenar lo encontrar\u00e1s aqu\u00ed!","breadcrumb":{"@id":"https:\/\/medicinasinc.com\/es\/product\/comprar-roxicodona-30-mg\/#breadcrumb"},"inLanguage":"es","potentialAction":[{"@type":"ReadAction","target":["https:\/\/medicinasinc.com\/es\/product\/comprar-roxicodona-30-mg\/"]}]},{"@type":"ImageObject","inLanguage":"es","@id":"https:\/\/medicinasinc.com\/es\/product\/comprar-roxicodona-30-mg\/#primaryimage","url":"https:\/\/medicinasinc.com\/es\/wp-content\/uploads\/sites\/15\/2022\/02\/Roxicodone-30-mg.png","contentUrl":"https:\/\/medicinasinc.com\/es\/wp-content\/uploads\/sites\/15\/2022\/02\/Roxicodone-30-mg.png","width":400,"height":300},{"@type":"BreadcrumbList","@id":"https:\/\/medicinasinc.com\/es\/product\/comprar-roxicodona-30-mg\/#breadcrumb","itemListElement":[{"@type":"ListItem","position":1,"name":"Tienda","item":"https:\/\/medicinasinc.com\/es\/tienda\/"},{"@type":"ListItem","position":2,"name":"Comprar Roxicodona 30 mg"}]},{"@type":"WebSite","@id":"https:\/\/medicinasinc.com\/es\/#website","url":"https:\/\/medicinasinc.com\/es\/","name":"Medicinas Inc","description":"Cl\u00ednica M\u00e9dica de Salud","potentialAction":[{"@type":"SearchAction","target":{"@type":"EntryPoint","urlTemplate":"https:\/\/medicinasinc.com\/es\/?s={search_term_string}"},"query-input":{"@type":"PropertyValueSpecification","valueRequired":true,"valueName":"search_term_string"}}],"inLanguage":"es"}]}},"_links":{"self":[{"href":"https:\/\/medicinasinc.com\/es\/wp-json\/wp\/v2\/product\/5310","targetHints":{"allow":["GET"]}}],"collection":[{"href":"https:\/\/medicinasinc.com\/es\/wp-json\/wp\/v2\/product"}],"about":[{"href":"https:\/\/medicinasinc.com\/es\/wp-json\/wp\/v2\/types\/product"}],"replies":[{"embeddable":true,"href":"https:\/\/medicinasinc.com\/es\/wp-json\/wp\/v2\/comments?post=5310"}],"wp:featuredmedia":[{"embeddable":true,"href":"https:\/\/medicinasinc.com\/es\/wp-json\/wp\/v2\/media\/5321"}],"wp:attachment":[{"href":"https:\/\/medicinasinc.com\/es\/wp-json\/wp\/v2\/media?parent=5310"}],"wp:term":[{"taxonomy":"product_brand","embeddable":true,"href":"https:\/\/medicinasinc.com\/es\/wp-json\/wp\/v2\/product_brand?post=5310"},{"taxonomy":"product_cat","embeddable":true,"href":"https:\/\/medicinasinc.com\/es\/wp-json\/wp\/v2\/product_cat?post=5310"},{"taxonomy":"product_tag","embeddable":true,"href":"https:\/\/medicinasinc.com\/es\/wp-json\/wp\/v2\/product_tag?post=5310"}],"curies":[{"name":"wp","href":"https:\/\/api.w.org\/{rel}","templated":true}]}}