{"id":5309,"date":"2022-02-21T18:36:34","date_gmt":"2022-02-21T18:36:34","guid":{"rendered":"https:\/\/medicinasinc.com\/es\/?post_type=product&#038;p=5309"},"modified":"2022-03-22T00:50:49","modified_gmt":"2022-03-22T00:50:49","slug":"comprar-restoril-30-mg-temazepam-pastillas","status":"publish","type":"product","link":"https:\/\/medicinasinc.com\/es\/product\/comprar-restoril-30-mg-temazepam-pastillas\/","title":{"rendered":"Comprar pastillas de temazepam Restoril 30 mg"},"content":{"rendered":"<div class=\"product-next-previous\">\n<div>\n<p>Farmacia online para comprar tabletas Restoril Temezepam (30Mg)<br \/> Restoril: \u00bfQu\u00e9 es y c\u00f3mo se usa?<\/p>\n<p> Restoril es un medicamento recetado que se usa para tratar problemas de insomnio. Restoril se puede tomar solo o en combinaci\u00f3n con otros medicamentos.<\/p>\n<p>Restoril es un medicamento sedante\/hipn\u00f3tico.<\/p>\n<p>No se sabe que Restoril sea seguro o efectivo en ni\u00f1os.<\/p>\n<p>\u00bfCu\u00e1les son los riesgos probables asociados con Restoril?<\/p>\n<p>Restoril puede tener efectos adversos importantes, incluidos los siguientes:<\/p>\n<p>Confusi\u00f3n, agitaci\u00f3n, agresividad, alucinaciones, ansiedad, problemas de memoria, y el estado de \u00e1nimo triste son s\u00edntomas de esquizofrenia.<\/p>\n<p>&nbsp;<\/p>\n<p>El temazepam, como muchas otras benzodiazepinas similares y relacionadas, funciona como un modulador de GABA y es capaz de inducir una serie de efectos, incluyendo somnolencia, hipnosis, relajaci\u00f3n musculoesquel\u00e9tica, actividad anticonvulsiva y acci\u00f3n ansiol\u00edtica 6,7,13,14.<\/p>\n<p>Aunque la s\u00edntesis qu\u00edmica del temazepam se descubri\u00f3 en 1965 9, su uso moderno generalizado no comenz\u00f3 hasta El uso genuino del medicamento como tratamiento para el insomnio fue reconocido y autorizado m\u00e1s tarde. Antes de que el temazepam se convirtiera en un medicamento recetado com\u00fanmente para los civiles, el ej\u00e9rcito de los EE. UU. Lo usaba, y contin\u00faa us\u00e1ndolo, como un medicamento hipn\u00f3tico sedante para que lo tomen soldados, pilotos y otros a fin de obtener el descanso necesario para la recuperaci\u00f3n m\u00e9dica o maniobras y operaciones programadas 10. A pesar de todo, el temazepam se ha convertido en uno de los medicamentos recetados con m\u00e1s frecuencia en todo el mundo, con millones de recetas escritas cada a\u00f1o. Desafortunadamente, debido a su uso generalizado y la naturaleza inherente de sus efectos farmacol\u00f3gicos, el temazepam, como muchas otras benzodiazepinas, tiene un potencial significativo para el abuso y es capaz de hacer que los usuarios desarrollen tolerancia a las drogas, dependencia f\u00edsica y adicci\u00f3n.<\/p>\n<p>GroupsApproved, InvestigationalStructureSmall Molecules<\/p>\n<div class=\"structure\"><a class=\"moldbi-vector-thumbnail\" href=\"https:\/\/go.drugbank.com\/structures\/DB00231\/image.svg\"><img decoding=\"async\" src=\"https:\/\/go.drugbank.com\/structures\/DB00231\/thumb.svg\" alt=\"Thumb\" \/><\/a><\/div>\n<dl class=\"right-dl col- xl-6 col-lg-12\"><\/dl>\n<\/p><\/div>\n<div class=\"product-prev\"><strong>temazepam (restoril), temazepam restoril, restoril temazepam, temazepam (restoril) efectos secundarios, temazepam (restoril, compre restoril temazepam en l\u00ednea, compre temazepam (restoril), gen\u00e9rico restoril temazepam, temazepam restoril compre, restoril (temazepam) 30 mg a la venta, temazepam es lo mismo que restoril, temazepam (restoril) davis, temazepam (restoril) pastilla en botella e, donde se puede comprar temazepam (restoril), temazepam (restoril) cvs, temazepam (restoril) comprar, temazepam igual que restoril, temazepam (restoril)\u00a0<img decoding=\"async\" class=\"emoji\" role=\"img\" src=\"https:\/ \/sworg\/images\/core\/emoji\/13.1.0\/svg\/2714.svg\" alt=\"\u2714\" \/>\u00a0<img decoding=\"async\" class=\"emoji\" role=\"img\" src=\"https:\/\/sworg\/images \/core\/emoji\/13.1.0\/svg\/2714.svg\" alt=\"\u2714\" \/>\u00a0<img decoding=\"async\" class=\"emoji\" role=\"img\" src=\"https:\/\/sworg\/images\/core\/emoji\/ 13.1.0\/svg\/2714.svg\" alt=\"\u2714\" \/>, restoril temazepam 30mg, alternativa segura a restoril (temazepam), temazepam (restoril) precio, temazepam (restoril) otc, temazepam restoril efectos secundarios, temazepam (marca nombre restoril), restoril (temazepam)<\/strong><\/div><\/div>\n<div class=\"product-next-previous\">\n<div class=\"product-prev\"><\/div><\/div>\n","protected":false},"excerpt":{"rendered":"<p>Comprar Restoril 30 mg comprimidos de Temezepam se pueden comprar en l\u00ednea.<\/p>\n<p>Nombre de marca:\u00a0<strong>Restoril<\/strong><br \/> Gen\u00e9rico:\u00a0<strong>Temazepam<\/strong><br \/> Fuerza Disponible: 30mg<br \/> Envase: Bl\u00edster<br \/> Fabricado por: Novartis<\/p>\n<p>&nbsp;<\/p>\n","protected":false},"featured_media":5319,"comment_status":"open","ping_status":"closed","template":"","meta":[],"product_brand":[],"product_cat":[1117],"product_tag":[1863,1877,1851,1852,1878,1872,1874,1870,1853,1871,1859,1857,1860,1858,1861,1862,1855,1864,1865,1866,1867,1868,1869,1873,1854,1876,1875,1856],"class_list":{"0":"post-5309","1":"product","2":"type-product","3":"status-publish","4":"has-post-thumbnail","6":"product_cat-compre-pastillas-para-el-dolor-el-sueno-y-el-sexo","7":"product_tag-alternativa-segura-a-restoril-temazepam","8":"product_tag-temazepam-bajar-de-peso","9":"product_tag-buy-restoril-temazepam-online","10":"product_tag-comprar-temazepam-restoril","11":"product_tag-donde-puedes-comprar-temazepam-restoril","12":"product_tag-temazepam-restoril-efectos-secundarios","13":"product_tag-temazepam-30-mg-efectos-secundarios","14":"product_tag-temazepam-restoril-pastilla-botella","15":"product_tag-generic-restoril-temazepam","16":"product_tag-temazepam-restoril-precio","17":"product_tag-restoril-30-mg-precio","18":"product_tag-restoril-15-mg","19":"product_tag-restoril-tablet-online","20":"product_tag-restoril-15-mg-online","21":"product_tag-restoril-temazepam","22":"product_tag-restoril-temazepam-30mg","23":"product_tag-sustituto-del-temazepam-sin-receta","24":"product_tag-temazepam-marca-restoril","25":"product_tag-temazepam-restoril","26":"product_tag-temazepam-restoril---","27":"product_tag-temazepam-restoril-cvs","28":"product_tag-temazepam-restoril-davis","29":"product_tag-temazepam-restoril-otc","30":"product_tag-temazepam-30-mg","31":"product_tag-es-temazepam-igual-que-restoril","32":"product_tag-temazepam-igual-que-restoril","33":"product_tag-temazepam-restoril-comprar","34":"product_tag-restoril-temazepam-30mg-en-venta","36":"first","37":"instock","38":"shipping-taxable","39":"purchasable","40":"product-type-variable","41":"has-default-attributes"},"yoast_head":"<!-- This site is optimized with the Yoast SEO plugin v27.3 - https:\/\/yoast.com\/product\/yoast-seo-wordpress\/ -->\n<title>Compre Restoril 30 mg Pastillas de temazepam - Best Best Global Meds<\/title>\n<meta name=\"description\" content=\"La p\u00edldora con la impresi\u00f3n RESTORIL 30 mg M PARA DORMIR es azul\/granate, en forma de c\u00e1psula y se ha identificado como Restoril 30 mg. Comprar RESTORIL 30 mg M PARA DORMIR.\" \/>\n<meta name=\"robots\" content=\"index, follow, max-snippet:-1, max-image-preview:large, max-video-preview:-1\" \/>\n<link rel=\"canonical\" href=\"https:\/\/medicinasinc.com\/es\/product\/comprar-restoril-30-mg-temazepam-pastillas\/\" \/>\n<meta property=\"og:locale\" content=\"es_ES\" \/>\n<meta property=\"og:type\" content=\"article\" \/>\n<meta property=\"og:title\" content=\"Compre Restoril 30 mg Pastillas de temazepam - Best Best Global Meds\" \/>\n<meta property=\"og:description\" content=\"La p\u00edldora con la impresi\u00f3n RESTORIL 30 mg M PARA DORMIR es azul\/granate, en forma de c\u00e1psula y se ha identificado como Restoril 30 mg. Comprar RESTORIL 30 mg M PARA DORMIR.\" \/>\n<meta property=\"og:url\" content=\"https:\/\/medicinasinc.com\/es\/product\/comprar-restoril-30-mg-temazepam-pastillas\/\" \/>\n<meta property=\"og:site_name\" content=\"Medicinas Inc\" \/>\n<meta property=\"article:modified_time\" content=\"2022-03-22T00:50:49+00:00\" \/>\n<meta property=\"og:image\" content=\"https:\/\/medicinasinc.com\/es\/wp-content\/uploads\/sites\/15\/2022\/02\/Buy-Restoril-30-mg-Temazepam-pills.jpg\" \/>\n\t<meta property=\"og:image:width\" content=\"2064\" \/>\n\t<meta property=\"og:image:height\" content=\"1073\" \/>\n\t<meta property=\"og:image:type\" content=\"image\/jpeg\" \/>\n<meta name=\"twitter:card\" content=\"summary_large_image\" \/>\n<meta name=\"twitter:label1\" content=\"Tiempo de lectura\" \/>\n\t<meta name=\"twitter:data1\" content=\"3 minutos\" \/>\n<script type=\"application\/ld+json\" class=\"yoast-schema-graph\">{\"@context\":\"https:\\\/\\\/schema.org\",\"@graph\":[{\"@type\":\"WebPage\",\"@id\":\"https:\\\/\\\/medicinasinc.com\\\/es\\\/product\\\/comprar-restoril-30-mg-temazepam-pastillas\\\/\",\"url\":\"https:\\\/\\\/medicinasinc.com\\\/es\\\/product\\\/comprar-restoril-30-mg-temazepam-pastillas\\\/\",\"name\":\"Compre Restoril 30 mg Pastillas de temazepam - Best Best Global Meds\",\"isPartOf\":{\"@id\":\"https:\\\/\\\/medicinasinc.com\\\/es\\\/#website\"},\"primaryImageOfPage\":{\"@id\":\"https:\\\/\\\/medicinasinc.com\\\/es\\\/product\\\/comprar-restoril-30-mg-temazepam-pastillas\\\/#primaryimage\"},\"image\":{\"@id\":\"https:\\\/\\\/medicinasinc.com\\\/es\\\/product\\\/comprar-restoril-30-mg-temazepam-pastillas\\\/#primaryimage\"},\"thumbnailUrl\":\"https:\\\/\\\/medicinasinc.com\\\/es\\\/wp-content\\\/uploads\\\/sites\\\/15\\\/2022\\\/02\\\/Buy-Restoril-30-mg-Temazepam-pills.jpg\",\"datePublished\":\"2022-02-21T18:36:34+00:00\",\"dateModified\":\"2022-03-22T00:50:49+00:00\",\"description\":\"La p\u00edldora con la impresi\u00f3n RESTORIL 30 mg M PARA DORMIR es azul\\\/granate, en forma de c\u00e1psula y se ha identificado como Restoril 30 mg. Comprar RESTORIL 30 mg M PARA DORMIR.\",\"breadcrumb\":{\"@id\":\"https:\\\/\\\/medicinasinc.com\\\/es\\\/product\\\/comprar-restoril-30-mg-temazepam-pastillas\\\/#breadcrumb\"},\"inLanguage\":\"es\",\"potentialAction\":[{\"@type\":\"ReadAction\",\"target\":[\"https:\\\/\\\/medicinasinc.com\\\/es\\\/product\\\/comprar-restoril-30-mg-temazepam-pastillas\\\/\"]}]},{\"@type\":\"ImageObject\",\"inLanguage\":\"es\",\"@id\":\"https:\\\/\\\/medicinasinc.com\\\/es\\\/product\\\/comprar-restoril-30-mg-temazepam-pastillas\\\/#primaryimage\",\"url\":\"https:\\\/\\\/medicinasinc.com\\\/es\\\/wp-content\\\/uploads\\\/sites\\\/15\\\/2022\\\/02\\\/Buy-Restoril-30-mg-Temazepam-pills.jpg\",\"contentUrl\":\"https:\\\/\\\/medicinasinc.com\\\/es\\\/wp-content\\\/uploads\\\/sites\\\/15\\\/2022\\\/02\\\/Buy-Restoril-30-mg-Temazepam-pills.jpg\",\"width\":2064,\"height\":1073},{\"@type\":\"BreadcrumbList\",\"@id\":\"https:\\\/\\\/medicinasinc.com\\\/es\\\/product\\\/comprar-restoril-30-mg-temazepam-pastillas\\\/#breadcrumb\",\"itemListElement\":[{\"@type\":\"ListItem\",\"position\":1,\"name\":\"Tienda\",\"item\":\"https:\\\/\\\/medicinasinc.com\\\/es\\\/tienda\\\/\"},{\"@type\":\"ListItem\",\"position\":2,\"name\":\"Comprar pastillas de temazepam Restoril 30 mg\"}]},{\"@type\":\"WebSite\",\"@id\":\"https:\\\/\\\/medicinasinc.com\\\/es\\\/#website\",\"url\":\"https:\\\/\\\/medicinasinc.com\\\/es\\\/\",\"name\":\"Medicinas Inc\",\"description\":\"Cl\u00ednica M\u00e9dica de Salud\",\"potentialAction\":[{\"@type\":\"SearchAction\",\"target\":{\"@type\":\"EntryPoint\",\"urlTemplate\":\"https:\\\/\\\/medicinasinc.com\\\/es\\\/?s={search_term_string}\"},\"query-input\":{\"@type\":\"PropertyValueSpecification\",\"valueRequired\":true,\"valueName\":\"search_term_string\"}}],\"inLanguage\":\"es\"}]}<\/script>\n<!-- \/ Yoast SEO plugin. -->","yoast_head_json":{"title":"Compre Restoril 30 mg Pastillas de temazepam - Best Best Global Meds","description":"La p\u00edldora con la impresi\u00f3n RESTORIL 30 mg M PARA DORMIR es azul\/granate, en forma de c\u00e1psula y se ha identificado como Restoril 30 mg. Comprar RESTORIL 30 mg M PARA DORMIR.","robots":{"index":"index","follow":"follow","max-snippet":"max-snippet:-1","max-image-preview":"max-image-preview:large","max-video-preview":"max-video-preview:-1"},"canonical":"https:\/\/medicinasinc.com\/es\/product\/comprar-restoril-30-mg-temazepam-pastillas\/","og_locale":"es_ES","og_type":"article","og_title":"Compre Restoril 30 mg Pastillas de temazepam - Best Best Global Meds","og_description":"La p\u00edldora con la impresi\u00f3n RESTORIL 30 mg M PARA DORMIR es azul\/granate, en forma de c\u00e1psula y se ha identificado como Restoril 30 mg. Comprar RESTORIL 30 mg M PARA DORMIR.","og_url":"https:\/\/medicinasinc.com\/es\/product\/comprar-restoril-30-mg-temazepam-pastillas\/","og_site_name":"Medicinas Inc","article_modified_time":"2022-03-22T00:50:49+00:00","og_image":[{"width":2064,"height":1073,"url":"https:\/\/medicinasinc.com\/es\/wp-content\/uploads\/sites\/15\/2022\/02\/Buy-Restoril-30-mg-Temazepam-pills.jpg","type":"image\/jpeg"}],"twitter_card":"summary_large_image","twitter_misc":{"Tiempo de lectura":"3 minutos"},"schema":{"@context":"https:\/\/schema.org","@graph":[{"@type":"WebPage","@id":"https:\/\/medicinasinc.com\/es\/product\/comprar-restoril-30-mg-temazepam-pastillas\/","url":"https:\/\/medicinasinc.com\/es\/product\/comprar-restoril-30-mg-temazepam-pastillas\/","name":"Compre Restoril 30 mg Pastillas de temazepam - Best Best Global Meds","isPartOf":{"@id":"https:\/\/medicinasinc.com\/es\/#website"},"primaryImageOfPage":{"@id":"https:\/\/medicinasinc.com\/es\/product\/comprar-restoril-30-mg-temazepam-pastillas\/#primaryimage"},"image":{"@id":"https:\/\/medicinasinc.com\/es\/product\/comprar-restoril-30-mg-temazepam-pastillas\/#primaryimage"},"thumbnailUrl":"https:\/\/medicinasinc.com\/es\/wp-content\/uploads\/sites\/15\/2022\/02\/Buy-Restoril-30-mg-Temazepam-pills.jpg","datePublished":"2022-02-21T18:36:34+00:00","dateModified":"2022-03-22T00:50:49+00:00","description":"La p\u00edldora con la impresi\u00f3n RESTORIL 30 mg M PARA DORMIR es azul\/granate, en forma de c\u00e1psula y se ha identificado como Restoril 30 mg. Comprar RESTORIL 30 mg M PARA DORMIR.","breadcrumb":{"@id":"https:\/\/medicinasinc.com\/es\/product\/comprar-restoril-30-mg-temazepam-pastillas\/#breadcrumb"},"inLanguage":"es","potentialAction":[{"@type":"ReadAction","target":["https:\/\/medicinasinc.com\/es\/product\/comprar-restoril-30-mg-temazepam-pastillas\/"]}]},{"@type":"ImageObject","inLanguage":"es","@id":"https:\/\/medicinasinc.com\/es\/product\/comprar-restoril-30-mg-temazepam-pastillas\/#primaryimage","url":"https:\/\/medicinasinc.com\/es\/wp-content\/uploads\/sites\/15\/2022\/02\/Buy-Restoril-30-mg-Temazepam-pills.jpg","contentUrl":"https:\/\/medicinasinc.com\/es\/wp-content\/uploads\/sites\/15\/2022\/02\/Buy-Restoril-30-mg-Temazepam-pills.jpg","width":2064,"height":1073},{"@type":"BreadcrumbList","@id":"https:\/\/medicinasinc.com\/es\/product\/comprar-restoril-30-mg-temazepam-pastillas\/#breadcrumb","itemListElement":[{"@type":"ListItem","position":1,"name":"Tienda","item":"https:\/\/medicinasinc.com\/es\/tienda\/"},{"@type":"ListItem","position":2,"name":"Comprar pastillas de temazepam Restoril 30 mg"}]},{"@type":"WebSite","@id":"https:\/\/medicinasinc.com\/es\/#website","url":"https:\/\/medicinasinc.com\/es\/","name":"Medicinas Inc","description":"Cl\u00ednica M\u00e9dica de Salud","potentialAction":[{"@type":"SearchAction","target":{"@type":"EntryPoint","urlTemplate":"https:\/\/medicinasinc.com\/es\/?s={search_term_string}"},"query-input":{"@type":"PropertyValueSpecification","valueRequired":true,"valueName":"search_term_string"}}],"inLanguage":"es"}]}},"_links":{"self":[{"href":"https:\/\/medicinasinc.com\/es\/wp-json\/wp\/v2\/product\/5309","targetHints":{"allow":["GET"]}}],"collection":[{"href":"https:\/\/medicinasinc.com\/es\/wp-json\/wp\/v2\/product"}],"about":[{"href":"https:\/\/medicinasinc.com\/es\/wp-json\/wp\/v2\/types\/product"}],"replies":[{"embeddable":true,"href":"https:\/\/medicinasinc.com\/es\/wp-json\/wp\/v2\/comments?post=5309"}],"wp:featuredmedia":[{"embeddable":true,"href":"https:\/\/medicinasinc.com\/es\/wp-json\/wp\/v2\/media\/5319"}],"wp:attachment":[{"href":"https:\/\/medicinasinc.com\/es\/wp-json\/wp\/v2\/media?parent=5309"}],"wp:term":[{"taxonomy":"product_brand","embeddable":true,"href":"https:\/\/medicinasinc.com\/es\/wp-json\/wp\/v2\/product_brand?post=5309"},{"taxonomy":"product_cat","embeddable":true,"href":"https:\/\/medicinasinc.com\/es\/wp-json\/wp\/v2\/product_cat?post=5309"},{"taxonomy":"product_tag","embeddable":true,"href":"https:\/\/medicinasinc.com\/es\/wp-json\/wp\/v2\/product_tag?post=5309"}],"curies":[{"name":"wp","href":"https:\/\/api.w.org\/{rel}","templated":true}]}}