{"id":5296,"date":"2022-02-21T18:20:49","date_gmt":"2022-02-21T18:20:49","guid":{"rendered":"https:\/\/medicinasinc.com\/es\/?post_type=product&#038;p=5296"},"modified":"2022-03-22T00:50:58","modified_gmt":"2022-03-22T00:50:58","slug":"comprar-phenida-10mg-pastillas","status":"publish","type":"product","link":"https:\/\/medicinasinc.com\/es\/product\/comprar-phenida-10mg-pastillas\/","title":{"rendered":"Comprar pastillas Phenida 10mg"},"content":{"rendered":"<p>Phenida (methylphenidate hcl) 10mg Pills se pueden comprar en Internet.<\/p>\n<p>Tenemos la mejor farmacia en l\u00ednea donde puede comprar Phenida, as\u00ed que c\u00f3mprelo ahora.<\/p>\n<p>PHENIDA es un medicamento que ayuda a las personas con ADD\/ADHD. Aqu\u00ed es donde puede encontrar m\u00e1s informaci\u00f3n sobre ADD\/ADHD y otros phenida.<\/p>\n<p>ADD\/ADHD:<\/p>\n<p>Si tiene ADHD, es posible que no pueda mantener su atenci\u00f3n, sea demasiado activo, o no ser capaz de controlar su comportamiento. La edad y el desarrollo de una persona no pueden generar estos problemas de TDAH si est\u00e1n fuera del rango normal para la edad o el desarrollo de esa persona.<\/p>\n<p>\u00bfMedicamentos para ADD y ADHD? Este sitio vende fenida (metilfenidato hcl) 10 mg.<\/p>\n<p>El trastorno por d\u00e9ficit de atenci\u00f3n con hiperactividad (TDAH) es uno de los trastornos infantiles m\u00e1s comunes y puede durar hasta la adolescencia y la edad adulta tambi\u00e9n. Entre los s\u00edntomas se encuentran problemas para concentrarse y prestar atenci\u00f3n, problemas para controlar el comportamiento e hiperactividad (exceso de actividad).<\/p>\n<p>Para comprar tabletas ADD (Trastorno por D\u00e9ficit de Atenci\u00f3n) en l\u00ednea sin receta, puede visitar el sitio web .<\/p>\n<p>Los siguientes son los diferentes tipos de metilfenidato: metilfenidato HCL, metilfenidato HCL, metilfenidato HCL ER, metilfenidato HCL, metilfenidato HCL, metilfenidato HCL, metilfenidato HCL 20 mg, metilfenidato HCL 10 mg y metilfenidato HCL cd. Cuando compra tabletas de metilfenidato hcl, \u00bfqu\u00e9 son? metilfenidato hcl er 20 mg, metilfenidato hcl 18 mg, metilfenidato hcl er cd, metilfenidato hcl er 10 mg, formas de dosificaci\u00f3n de metilfenidato hcl y metilfenidato hcl vs metilfenidato hcl son algunas de las preguntas que la gente me hace.<\/p>\n","protected":false},"excerpt":{"rendered":"<div class=\"woocommerce-product-details__short-description\">\n<p>Las p\u00edldoras de 10 mg de Phenida se pueden comprar en l\u00ednea. pastillas para dormir de venta libre, farmacia en l\u00ednea del Reino Unido, pastillas de esteroides a la venta, pastillas para dormir fuertes, analg\u00e9sicos.<\/p>\n<\/p><\/div>\n","protected":false},"featured_media":5307,"comment_status":"open","ping_status":"closed","template":"","meta":[],"product_brand":[],"product_cat":[1117],"product_tag":[1806,1847,1794,1795,1796,1836,1797,1798,1799,1800,1803,1813,1815,1801,1802,1849,1807,1808,1809,1840,1837,1839,1844,1845,1804,1805,1810,1811,1812,1817,1818,1819,1820,1825,1826,1827,1828,1814,1816,1822,1823,1824,1821,1830,1831,1832,1833,1834,1838,1841,1843,1848,1846,1842,1835,1829,1850],"class_list":{"0":"post-5296","1":"product","2":"type-product","3":"status-publish","4":"has-post-thumbnail","6":"product_cat-compre-pastillas-para-el-dolor-el-sueno-y-el-sexo","7":"product_tag-es-focalina-tambin-llamada-fenida","8":"product_tag-que-es-metilfenidato-hcl","9":"product_tag-acepta-paypal","10":"product_tag-adhd","11":"product_tag-best-phenida-methylphenidate-hcl-10mg-online","12":"product_tag-botella-fenida","13":"product_tag-bulgaria-phenida","14":"product_tag-buy-phenida","15":"product_tag-buy-phenida-methylphenidate-hcl-10mg-online","16":"product_tag-buy-phenida-online","17":"product_tag-buyphenidacredit-card","18":"product_tag-metilfenidato-hcl-20-mg","19":"product_tag-metilfenidato-hcl-5mg","20":"product_tag-comprar-phenidano-receta","21":"product_tag-comprar-phenida-10mg","22":"product_tag-donde-comprar-fenida","23":"product_tag-es-fenida-mismo-adderal","24":"product_tag-es-phenida-igual-que-ritalin","25":"product_tag-es-fenida-el-mismo-asadder","26":"product_tag-phenida-online-confianza-farmacia","27":"product_tag-fenida-bulgeria","28":"product_tag-phenida-online","29":"product_tag-phenida-ritalin-zafa","30":"product_tag-fenida-zafa","31":"product_tag-generic-ritalin-phenida","32":"product_tag-generic-phenida","33":"product_tag-methylphenidate-hcl","34":"product_tag-methylphenidate-hcl-10mg","35":"product_tag-methylphenidate-hcl-18mg","36":"product_tag-methylphenidate-hcl-dosage-forms","37":"product_tag-methylphenidate-hcl-er","38":"product_tag-methylphenidate-hcl-er-10-mg","39":"product_tag-methylphenidate-hcl-er-18-mg","40":"product_tag-methylphenidate-hcl-er-cd","41":"product_tag-methylphenidate-hcl-er-tablets","42":"product_tag-methylphenidate-hcl-side-effects","43":"product_tag-methylphenidate-vs-methylphenidate-hcl","44":"product_tag-metilfenidato-hcl-20mg","45":"product_tag-metilfenidato-hcl-cd","46":"product_tag-metilfenidato-hcl-er-27-mg","47":"product_tag-metilfenidato-hcl-er-36-mg","48":"product_tag-metilfenidato-hcl-er-54-mg","49":"product_tag-metilfenidato-hcl-er-20-mg","50":"product_tag-orderphenida","51":"product_tag-phenida","52":"product_tag-phenida-methylphenidate-hcl-10mg","53":"product_tag-phenida-methylphenidate-hcl-10mg-for-sale-online","54":"product_tag-fenida-metilfenidato-hcl-10mg-precio","55":"product_tag-phenida-no-prescription","56":"product_tag-phenida-online-trusted-pharmacy-bitcoin","57":"product_tag-phenida-ritalin","58":"product_tag-que-es-fenida","59":"product_tag-que-significa-fenida","60":"product_tag-phenida-reseas","61":"product_tag-fenida-metilfenidato-hcl-10mg-revisi-c3-b3n","62":"product_tag-sin-recetas","63":"product_tag-zafa-phenida","65":"first","66":"instock","67":"shipping-taxable","68":"purchasable","69":"product-type-variable","70":"has-default-attributes"},"yoast_head":"<!-- This site is optimized with the Yoast SEO plugin v27.3 - https:\/\/yoast.com\/product\/yoast-seo-wordpress\/ -->\n<title>Compre Phenida 10mg Pills - Best Best Global Meds<\/title>\n<meta name=\"description\" content=\"Compre pastillas de Phenida de 10 mg en l\u00ednea. pastillas para dormir de venta libre, pedir pastillas en l\u00ednea, venta de pastillas de esteroides, pastillas para dormir fuertes, analg\u00e9sicos, farmacia en l\u00ednea del Reino Unido.\" \/>\n<meta name=\"robots\" content=\"index, follow, max-snippet:-1, max-image-preview:large, max-video-preview:-1\" \/>\n<link rel=\"canonical\" href=\"https:\/\/medicinasinc.com\/es\/product\/comprar-phenida-10mg-pastillas\/\" \/>\n<meta property=\"og:locale\" content=\"es_ES\" \/>\n<meta property=\"og:type\" content=\"article\" \/>\n<meta property=\"og:title\" content=\"Compre Phenida 10mg Pills - Best Best Global Meds\" \/>\n<meta property=\"og:description\" content=\"Compre pastillas de Phenida de 10 mg en l\u00ednea. pastillas para dormir de venta libre, pedir pastillas en l\u00ednea, venta de pastillas de esteroides, pastillas para dormir fuertes, analg\u00e9sicos, farmacia en l\u00ednea del Reino Unido.\" \/>\n<meta property=\"og:url\" content=\"https:\/\/medicinasinc.com\/es\/product\/comprar-phenida-10mg-pastillas\/\" \/>\n<meta property=\"og:site_name\" content=\"Medicinas Inc\" \/>\n<meta property=\"article:modified_time\" content=\"2022-03-22T00:50:58+00:00\" \/>\n<meta property=\"og:image\" content=\"https:\/\/medicinasinc.com\/es\/wp-content\/uploads\/sites\/15\/2022\/02\/buy-phenida-10mg-pills-online.jpg\" \/>\n\t<meta property=\"og:image:width\" content=\"600\" \/>\n\t<meta property=\"og:image:height\" content=\"600\" \/>\n\t<meta property=\"og:image:type\" content=\"image\/jpeg\" \/>\n<meta name=\"twitter:card\" content=\"summary_large_image\" \/>\n<meta name=\"twitter:label1\" content=\"Tiempo de lectura\" \/>\n\t<meta name=\"twitter:data1\" content=\"2 minutos\" \/>\n<script type=\"application\/ld+json\" class=\"yoast-schema-graph\">{\"@context\":\"https:\\\/\\\/schema.org\",\"@graph\":[{\"@type\":\"WebPage\",\"@id\":\"https:\\\/\\\/medicinasinc.com\\\/es\\\/product\\\/comprar-phenida-10mg-pastillas\\\/\",\"url\":\"https:\\\/\\\/medicinasinc.com\\\/es\\\/product\\\/comprar-phenida-10mg-pastillas\\\/\",\"name\":\"Compre Phenida 10mg Pills - Best Best Global Meds\",\"isPartOf\":{\"@id\":\"https:\\\/\\\/medicinasinc.com\\\/es\\\/#website\"},\"primaryImageOfPage\":{\"@id\":\"https:\\\/\\\/medicinasinc.com\\\/es\\\/product\\\/comprar-phenida-10mg-pastillas\\\/#primaryimage\"},\"image\":{\"@id\":\"https:\\\/\\\/medicinasinc.com\\\/es\\\/product\\\/comprar-phenida-10mg-pastillas\\\/#primaryimage\"},\"thumbnailUrl\":\"https:\\\/\\\/medicinasinc.com\\\/es\\\/wp-content\\\/uploads\\\/sites\\\/15\\\/2022\\\/02\\\/buy-phenida-10mg-pills-online.jpg\",\"datePublished\":\"2022-02-21T18:20:49+00:00\",\"dateModified\":\"2022-03-22T00:50:58+00:00\",\"description\":\"Compre pastillas de Phenida de 10 mg en l\u00ednea. pastillas para dormir de venta libre, pedir pastillas en l\u00ednea, venta de pastillas de esteroides, pastillas para dormir fuertes, analg\u00e9sicos, farmacia en l\u00ednea del Reino Unido.\",\"breadcrumb\":{\"@id\":\"https:\\\/\\\/medicinasinc.com\\\/es\\\/product\\\/comprar-phenida-10mg-pastillas\\\/#breadcrumb\"},\"inLanguage\":\"es\",\"potentialAction\":[{\"@type\":\"ReadAction\",\"target\":[\"https:\\\/\\\/medicinasinc.com\\\/es\\\/product\\\/comprar-phenida-10mg-pastillas\\\/\"]}]},{\"@type\":\"ImageObject\",\"inLanguage\":\"es\",\"@id\":\"https:\\\/\\\/medicinasinc.com\\\/es\\\/product\\\/comprar-phenida-10mg-pastillas\\\/#primaryimage\",\"url\":\"https:\\\/\\\/medicinasinc.com\\\/es\\\/wp-content\\\/uploads\\\/sites\\\/15\\\/2022\\\/02\\\/buy-phenida-10mg-pills-online.jpg\",\"contentUrl\":\"https:\\\/\\\/medicinasinc.com\\\/es\\\/wp-content\\\/uploads\\\/sites\\\/15\\\/2022\\\/02\\\/buy-phenida-10mg-pills-online.jpg\",\"width\":600,\"height\":600},{\"@type\":\"BreadcrumbList\",\"@id\":\"https:\\\/\\\/medicinasinc.com\\\/es\\\/product\\\/comprar-phenida-10mg-pastillas\\\/#breadcrumb\",\"itemListElement\":[{\"@type\":\"ListItem\",\"position\":1,\"name\":\"Tienda\",\"item\":\"https:\\\/\\\/medicinasinc.com\\\/es\\\/tienda\\\/\"},{\"@type\":\"ListItem\",\"position\":2,\"name\":\"Comprar pastillas Phenida 10mg\"}]},{\"@type\":\"WebSite\",\"@id\":\"https:\\\/\\\/medicinasinc.com\\\/es\\\/#website\",\"url\":\"https:\\\/\\\/medicinasinc.com\\\/es\\\/\",\"name\":\"Medicinas Inc\",\"description\":\"Cl\u00ednica M\u00e9dica de Salud\",\"potentialAction\":[{\"@type\":\"SearchAction\",\"target\":{\"@type\":\"EntryPoint\",\"urlTemplate\":\"https:\\\/\\\/medicinasinc.com\\\/es\\\/?s={search_term_string}\"},\"query-input\":{\"@type\":\"PropertyValueSpecification\",\"valueRequired\":true,\"valueName\":\"search_term_string\"}}],\"inLanguage\":\"es\"}]}<\/script>\n<!-- \/ Yoast SEO plugin. -->","yoast_head_json":{"title":"Compre Phenida 10mg Pills - Best Best Global Meds","description":"Compre pastillas de Phenida de 10 mg en l\u00ednea. pastillas para dormir de venta libre, pedir pastillas en l\u00ednea, venta de pastillas de esteroides, pastillas para dormir fuertes, analg\u00e9sicos, farmacia en l\u00ednea del Reino Unido.","robots":{"index":"index","follow":"follow","max-snippet":"max-snippet:-1","max-image-preview":"max-image-preview:large","max-video-preview":"max-video-preview:-1"},"canonical":"https:\/\/medicinasinc.com\/es\/product\/comprar-phenida-10mg-pastillas\/","og_locale":"es_ES","og_type":"article","og_title":"Compre Phenida 10mg Pills - Best Best Global Meds","og_description":"Compre pastillas de Phenida de 10 mg en l\u00ednea. pastillas para dormir de venta libre, pedir pastillas en l\u00ednea, venta de pastillas de esteroides, pastillas para dormir fuertes, analg\u00e9sicos, farmacia en l\u00ednea del Reino Unido.","og_url":"https:\/\/medicinasinc.com\/es\/product\/comprar-phenida-10mg-pastillas\/","og_site_name":"Medicinas Inc","article_modified_time":"2022-03-22T00:50:58+00:00","og_image":[{"width":600,"height":600,"url":"https:\/\/medicinasinc.com\/es\/wp-content\/uploads\/sites\/15\/2022\/02\/buy-phenida-10mg-pills-online.jpg","type":"image\/jpeg"}],"twitter_card":"summary_large_image","twitter_misc":{"Tiempo de lectura":"2 minutos"},"schema":{"@context":"https:\/\/schema.org","@graph":[{"@type":"WebPage","@id":"https:\/\/medicinasinc.com\/es\/product\/comprar-phenida-10mg-pastillas\/","url":"https:\/\/medicinasinc.com\/es\/product\/comprar-phenida-10mg-pastillas\/","name":"Compre Phenida 10mg Pills - Best Best Global Meds","isPartOf":{"@id":"https:\/\/medicinasinc.com\/es\/#website"},"primaryImageOfPage":{"@id":"https:\/\/medicinasinc.com\/es\/product\/comprar-phenida-10mg-pastillas\/#primaryimage"},"image":{"@id":"https:\/\/medicinasinc.com\/es\/product\/comprar-phenida-10mg-pastillas\/#primaryimage"},"thumbnailUrl":"https:\/\/medicinasinc.com\/es\/wp-content\/uploads\/sites\/15\/2022\/02\/buy-phenida-10mg-pills-online.jpg","datePublished":"2022-02-21T18:20:49+00:00","dateModified":"2022-03-22T00:50:58+00:00","description":"Compre pastillas de Phenida de 10 mg en l\u00ednea. pastillas para dormir de venta libre, pedir pastillas en l\u00ednea, venta de pastillas de esteroides, pastillas para dormir fuertes, analg\u00e9sicos, farmacia en l\u00ednea del Reino Unido.","breadcrumb":{"@id":"https:\/\/medicinasinc.com\/es\/product\/comprar-phenida-10mg-pastillas\/#breadcrumb"},"inLanguage":"es","potentialAction":[{"@type":"ReadAction","target":["https:\/\/medicinasinc.com\/es\/product\/comprar-phenida-10mg-pastillas\/"]}]},{"@type":"ImageObject","inLanguage":"es","@id":"https:\/\/medicinasinc.com\/es\/product\/comprar-phenida-10mg-pastillas\/#primaryimage","url":"https:\/\/medicinasinc.com\/es\/wp-content\/uploads\/sites\/15\/2022\/02\/buy-phenida-10mg-pills-online.jpg","contentUrl":"https:\/\/medicinasinc.com\/es\/wp-content\/uploads\/sites\/15\/2022\/02\/buy-phenida-10mg-pills-online.jpg","width":600,"height":600},{"@type":"BreadcrumbList","@id":"https:\/\/medicinasinc.com\/es\/product\/comprar-phenida-10mg-pastillas\/#breadcrumb","itemListElement":[{"@type":"ListItem","position":1,"name":"Tienda","item":"https:\/\/medicinasinc.com\/es\/tienda\/"},{"@type":"ListItem","position":2,"name":"Comprar pastillas Phenida 10mg"}]},{"@type":"WebSite","@id":"https:\/\/medicinasinc.com\/es\/#website","url":"https:\/\/medicinasinc.com\/es\/","name":"Medicinas Inc","description":"Cl\u00ednica M\u00e9dica de Salud","potentialAction":[{"@type":"SearchAction","target":{"@type":"EntryPoint","urlTemplate":"https:\/\/medicinasinc.com\/es\/?s={search_term_string}"},"query-input":{"@type":"PropertyValueSpecification","valueRequired":true,"valueName":"search_term_string"}}],"inLanguage":"es"}]}},"_links":{"self":[{"href":"https:\/\/medicinasinc.com\/es\/wp-json\/wp\/v2\/product\/5296","targetHints":{"allow":["GET"]}}],"collection":[{"href":"https:\/\/medicinasinc.com\/es\/wp-json\/wp\/v2\/product"}],"about":[{"href":"https:\/\/medicinasinc.com\/es\/wp-json\/wp\/v2\/types\/product"}],"replies":[{"embeddable":true,"href":"https:\/\/medicinasinc.com\/es\/wp-json\/wp\/v2\/comments?post=5296"}],"wp:featuredmedia":[{"embeddable":true,"href":"https:\/\/medicinasinc.com\/es\/wp-json\/wp\/v2\/media\/5307"}],"wp:attachment":[{"href":"https:\/\/medicinasinc.com\/es\/wp-json\/wp\/v2\/media?parent=5296"}],"wp:term":[{"taxonomy":"product_brand","embeddable":true,"href":"https:\/\/medicinasinc.com\/es\/wp-json\/wp\/v2\/product_brand?post=5296"},{"taxonomy":"product_cat","embeddable":true,"href":"https:\/\/medicinasinc.com\/es\/wp-json\/wp\/v2\/product_cat?post=5296"},{"taxonomy":"product_tag","embeddable":true,"href":"https:\/\/medicinasinc.com\/es\/wp-json\/wp\/v2\/product_tag?post=5296"}],"curies":[{"name":"wp","href":"https:\/\/api.w.org\/{rel}","templated":true}]}}