{"id":5295,"date":"2022-02-21T18:18:17","date_gmt":"2022-02-21T18:18:17","guid":{"rendered":"https:\/\/medicinasinc.com\/es\/?post_type=product&#038;p=5295"},"modified":"2022-03-22T00:51:12","modified_gmt":"2022-03-22T00:51:12","slug":"comprar-percocet-10mg-pastillas","status":"publish","type":"product","link":"https:\/\/medicinasinc.com\/es\/product\/comprar-percocet-10mg-pastillas\/","title":{"rendered":"Comprar pastillas de Percocet de 10 mg"},"content":{"rendered":"<h1 style=\"text-align: center\">Compre pastillas de Percocet de 10 mg en l\u00ednea.<\/h1>\n<div class=\"Section\" style=\"text-align: center\">\n<h1>DESCRIPCI\u00d3N<\/h1>\n<p class=\"First\"><span class=\"Bold\">El clorhidrato de oxicodona y el paracetamol est\u00e1n disponibles en tabletas para administraci\u00f3n oral.<\/span><\/p>\n<p>Cada tableta para administraci\u00f3n oral contiene clorhidrato de oxicodona y paracetamol en las siguientes concentraciones :<\/p>\n<p>Clorhidrato de oxicodona, USP\u00a0\u00a0\u00a0\u00a0\u00a0\u00a0\u00a0\u00a0\u00a0\u00a0\u00a0\u00a0 2,5 mg*<br \/> (*2,5 mg de clorhidrato de oxicodona equivalen a 2,2409 mg de oxicodona.)<br \/> Acetaminofeno, USP\u00a0\u00a0\u00a0\u00a0\u00a0\u00a0\u00a0\u00a0\u00a0\u00a0\u00a0\u00a0\u00a0\u00a0\u00a0 \u00a0\u00a0\u00a0\u00a0\u00a0\u00a0\u00a0\u00a0\u00a0\u00a0\u00a0\u00a0 325 mg<\/p>\n<p> Clorhidrato de oxicodona, USP\u00a0\u00a0\u00a0\u00a0\u00a0\u00a0\u00a0\u00a0\u00a0\u00a0\u00a0\u00a0 5 mg*<br \/> (*5 mg de clorhidrato de oxicodona equivalen a 4,4815 mg de oxicodona). br \/&gt; (*7,5 mg de clorhidrato de oxicodona equivalen a 6,7228 mg de oxicodona).<br \/> Acetaminof\u00e9n, USP\u00a0\u00a0\u00a0\u00a0\u00a0\u00a0\u00a0\u00a0\u00a0\u00a0\u00a0\u00a0\u00a0\u00a0\u00a0 \u00a0\u00a0\u00a0\u00a0\u00a0\u00a0\u00a0\u00a0\u00a0\u00a0\u00a0\u00a0 325 mg<\/p>\n<p>Oxicodona H ydrocloruro, USP\u00a0\u00a0\u00a0\u00a0\u00a0\u00a0\u00a0\u00a0\u00a0\u00a0\u00a0\u00a0 10 mg*<br \/> (*10 mg de clorhidrato de oxicodona equivalen a 8,9637 mg de oxicodona).<br \/> Acetaminof\u00e9n, USP\u00a0\u00a0\u00a0\u00a0\u00a0\u00a0\u00a0\u00a0\u00a0\u00a0\u00a0\u00a0\u00a0\u00a0\u00a0 \u00a0\u00a0\u00a0\u00a0\u00a0\u00a0\u00a0\u00a0\u00a0\u00a0\u00a0\u00a0 325 mg<\/p>\n<p>Todas las concentraciones de\u00a0<strong>PERCOCET<\/strong>\u00a0tambi\u00e9n contienen los siguientes ingredientes inactivos: di\u00f3xido de silicio coloidal, croscarmelosa s\u00f3dica, celulosa microcristalina, povidona, almid\u00f3n de ma\u00edz pregelatinizado y \u00e1cido este\u00e1rico. Tambi\u00e9n puede contener crospovidona. Adem\u00e1s, la concentraci\u00f3n de 2,5 mg\/325 mg contiene laca de aluminio FD&amp;C Red No. 40 y la concentraci\u00f3n de 5 mg\/325 mg contiene laca de aluminio FD&amp;C Blue No. 1. La concentraci\u00f3n de 7,5 mg\/325 mg contiene FD&amp;C Yellow No. 6 Aluminium Lake. La concentraci\u00f3n de 10 mg\/325 mg contiene D&amp;C Yellow No. 10 Aluminium Lake. La concentraci\u00f3n de 7,5 mg\/325 mg y la concentraci\u00f3n de 10 mg\/325 mg tambi\u00e9n pueden contener almid\u00f3n de ma\u00edz.<\/p>\n<p>Las tabletas de clorhidrato de oxicodona y acetaminofeno contienen oxicodona, 14-hidroxidihidrocodeinona, un analg\u00e9sico opioide semisint\u00e9tico que se presenta en forma de blanco a polvo cristalino fino blanquecino. La f\u00f3rmula molecular del clorhidrato de oxicodona es C<span class=\"Sub\">18<\/span>H<span class=\"Sub\">21<\/span>NO<span class=\"Sub\">4<\/span>\u00a0\u2219 HCl y el peso molecular es 351,82. Se deriva del alcaloide del opio, la teba\u00edna, y puede representarse mediante la siguiente f\u00f3rmula estructural:<\/p>\n<div class=\"Figura\"><img decoding=\"async\" src=\"https:\/\/www.endo.com\/Image%20Library \/Endo\/EndoPharma\/Products\/Prescribing_Information\/pert-oxy-and-apap-tab-usp-1.jpg\" alt=\"estructura qu\u00edmica del clorhidrato de oxicodona\" \/><\/div>\n<p>Las tabletas de clorhidrato de oxicodona y paracetamol contienen paracetamol, La 4\u2032-hidroxiacetanilida es un analg\u00e9sico y antipir\u00e9tico no opi\u00e1ceo, no salicilato que se presenta como un polvo cristalino blanco e inodoro. La f\u00f3rmula molecular del paracetamol es C<span class=\"Sub\">8<\/span>H<span class=\"Sub\">9<\/span>NO<span class=\"Sub\">2<\/span>\u00a0y la el peso molecular es 151,16. Puede representarse mediante la siguiente f\u00f3rmula estructural:<\/p>\n<div class=\"Figura\"><img decoding=\"async\" src=\"https:\/\/www.endo.com\/Image%20Library\/Endo\/EndoPharma\/Products\/Prescribing_Information\/pert -oxy-and-apap-tab-usp-2.jpg\" alt=\"F\u00f3rmula estructural de acetaminofeno\" \/>&nbsp;<\/p>\n<p class=\"MultiMediaCaption\">F\u00f3rmula estructural de acetaminofeno<\/p>\n<\/p><\/div><\/div>\n<div class=\"Section\" style=\"text-align: center\">\n<p>Cada tableta, para administraci\u00f3n oral, contiene clorhidrato de oxicodona y acetaminofeno en las siguientes concentraciones:<\/p>\n<p>Clorhidrato de oxicodona, USP 2,5 mg*<br \/> Acetaminofeno, USP 325 mg<br \/> *2,5 mg de clorhidrato de oxicodona equivalen a 2,2409 mg de oxicodona.<\/p>\n<p>Clorhidrato de oxicodona, USP 5 mg*<br \/> Acetaminofeno, USP 325 mg<br \/> *5 mg de clorhidrato de oxicodona equivalen a 4,4815 mg de oxicodona.<\/p>\n<p>Clorhidrato de oxicodona, USP\u00a07,5 mg*<br \/> Acetaminof\u00e9n, USP 325 mg<br \/> *7,5 mg el clorhidrato de oxicodona equivale a 6,7228 mg de oxicodona.<\/p>\n<p>Clorhidrato de oxicodona, USP\u00a010 mg*<br \/> Acetami nophen, USP 325 mg<br \/> *10 mg de clorhidrato de oxicodona equivalen a 8,9637 mg de oxicodona.<\/p>\n<p>Todas las concentraciones de PERCOCET tambi\u00e9n contienen los siguientes ingredientes inactivos: Di\u00f3xido de silicio coloidal, croscarmelosa s\u00f3dica, crospovidona, celulosa microcristalina, povidona, almid\u00f3n de ma\u00edz pregelatinizado y \u00e1cido este\u00e1rico. Adem\u00e1s, la concentraci\u00f3n de 2,5 mg\/325 mg contiene laca de aluminio FD&amp;C Red No. 40, y la concentraci\u00f3n de 5 mg\/325 mg contiene laca de aluminio FD&amp;C Blue No. 1. La concentraci\u00f3n de 7,5 mg\/325 mg contiene FD&amp;C Yellow No. 6 Aluminium Lake. La concentraci\u00f3n de 10 mg\/325 mg contiene D&amp;C Yellow No. 10 Aluminium Lake. Las concentraciones de 7.5 mg\/325 mg y 10 mg\/325 mg tambi\u00e9n pueden contener almid\u00f3n de ma\u00edz.<\/p>\n<p>La oxicodona, 14-hidroxidihidrocodeinona, es un analg\u00e9sico opioide semisint\u00e9tico que se presenta como un polvo cristalino blanco e inodoro que tiene una soluci\u00f3n salina. , sabor amargo. La f\u00f3rmula molecular del clorhidrato de oxicodona es C<sub>18<\/sub>H<sub>21<\/sub>NO<sub>4<\/sub>\u2022HCl y el peso molecular es 351,82. Se deriva del alcaloide del opio teba\u00edna y puede representarse mediante la siguiente f\u00f3rmula estructural:<\/p>\n<p>&nbsp;<\/p>\n<table class=\"blackpic\" width=\"256\" cellspacing=\"0\">\n<tbody>\n<tr>\n<td><img loading=\"lazy\" decoding=\"async\" title=\"Oxicodona - ilustraci\u00f3n de f\u00f3rmula estructural\" src=\"https:\/\/images.rxlist.com\/images\/rxlist\/oxyapap1.gif\" alt=\"Oxicodona - ilustraci\u00f3n de f\u00f3rmula estructural\" width=\"256\" height=\"154\" \/><\/td>\n<\/tr>\n<\/tbody>\n<\/table>\n<p>&nbsp;<\/p>\n<p>El acetaminof\u00e9n, 4\u2032-hidroxiacetanilida, es un\u00a0no &#8211; analg\u00e9sico y antipir\u00e9tico opi\u00e1ceo, sin salicilatos, que se presenta como un polvo cristalino, blanco e inodoro, que posee un sabor ligeramente amargo. La f\u00f3rmula molecular del paracetamol es C<sub>8<\/sub>H<sub>9<\/sub>NO<sub>2<\/sub>\u00a0y el peso molecular es 151,17. Puede representarse mediante la siguiente f\u00f3rmula estructural:<\/p>\n<p>&nbsp;<\/p>\n<table class=\"blackpic\" width=\"232\">\n<tbody>\n<tr>\n<td> <img decoding=\"async\" title=\"Paracetamol - ilustraci\u00f3n de f\u00f3rmula estructural\" src=\"https:\/\/images.rxlist.com\/images\/rxlist\/oxyapap2.gif\" alt=\"Paracetamol - ilustraci\u00f3n de f\u00f3rmula estructural\" width=\"232\" height=\"106 \" \/><\/td>\n<\/tr>\n<\/tbody>\n<\/table><\/div>\n<p style=\"text-align: center\">Compre pastillas de Percocet de 10 mg en l\u00ednea. Tambi\u00e9n hay disponibles otras\u00a0p\u00edldoras\u00a0como la oxicodona. Pastillas para dormir de venta libre a la venta a precios muy econ\u00f3micos.<\/p>\n<p style=\"text-align: center\"><strong>cu\u00e1nto tiempo permanece Percocet en su sistema, cu\u00e1nto tiempo permanece Percocet en su sistema , c\u00f3mo se ve un percocet, c\u00f3mo se siente el percocet, cu\u00e1nto tiempo permanece el percocet en la orina, qu\u00e9 es un percocet, c\u00f3mo se ve el percocet, para qu\u00e9 se usa el percocet, c\u00f3mo se receta percocet, cu\u00e1nto dura el percocet permanecer en la orina, qu\u00e9 contiene el percocet, cu\u00e1nto dura el percocet, c\u00f3mo se ve un percocet 10, cu\u00e1nto dura la abstinencia del percocet, de qu\u00e9 color es el percocet, por qu\u00e9 le provoca comez\u00f3n el percocet, qu\u00e9 le hace el percocet, qu\u00e9 c\u00f3mo se siente un subid\u00f3n de percocet, c\u00f3mo son las pastillas de percocet, cu\u00e1nto cuesta percocet, qu\u00e9 aspecto tiene un percocet 30, a cu\u00e1nto puedo vender percocet 5 325, cu\u00e1ntos percocet para una sobredosis, qu\u00e9 es m\u00e1s fuerte norco o percocet, picaz\u00f3n percocet c\u00f3mo parar, cu\u00e1nto cuesta percocet sin seguro, cu\u00e1nto dura percocet alto, cu\u00e1nto tiempo permanece un percocet en su sistema, cu\u00e1l es m\u00e1s fuerte oxicodona o percocet, qu\u00e9 es m\u00e1s fuerte vicodina o percocet, d\u00f3nde conseguir percocet, c\u00f3mo le hace sentir percocet<\/strong><\/p>\n","protected":false},"excerpt":{"rendered":"<div class=\"woocommerce-product-details__short-description\">\n<p>Compre pastillas de Percocet de 10 mg en l\u00ednea. Pastillas fuertes para dormir, analg\u00e9sicos, farmacia en l\u00ednea del Reino Unido, venta de analg\u00e9sicos, analg\u00e9sicos, compra de medicamentos en l\u00ednea, comprar analg\u00e9sicos en l\u00ednea, comprar analg\u00e9sicos en l\u00ednea.<\/p>\n<\/p><\/div>\n","protected":false},"featured_media":5305,"comment_status":"open","ping_status":"closed","template":"","meta":[],"product_brand":[],"product_cat":[1117],"product_tag":[1731,1730,1732,1788,1721,1765,1723,1735,1775,1790,1789,1724,1761,1762,1726,1774,1728,1780,1773,1734,1691,1736,1792,1770,1771,1772,1725,1737,1769,1781,1782,1738,1746,1749,1751,1756,1793,1740,1739,1741,1742,1743,1744,1745,1747,1748,1750,1752,1753,1754,1755,1757,1758,1722,1763,1768,1727,1729,1766,1767,1783,1777,1778,1779,1759,1760,1733,1791,1764,1784,1786,1785,1776,1787],"class_list":{"0":"post-5295","1":"product","2":"type-product","3":"status-publish","4":"has-post-thumbnail","6":"product_cat-compre-pastillas-para-el-dolor-el-sueno-y-el-sexo","7":"product_tag-cunto-tiempo-permanece-percocet-en-la-orina","8":"product_tag-cuanto-tiempo-percocet-permanece-en-su-sistema","9":"product_tag-es-oxicodona-igual-que-percocet","10":"product_tag-como-se-ven-las-pastillas-de-percocet","11":"product_tag-percocet-de-30-mg","12":"product_tag-percocet-alto","13":"product_tag-blue-percocet","14":"product_tag-molly-percocet-cancion","15":"product_tag-cancin-de-percocet","16":"product_tag-como-se-siente-percocet","17":"product_tag-como-se-ve-un-percocet","18":"product_tag-comprar-percocet-online","19":"product_tag-dosis-de-percocet","20":"product_tag-droga-percocet","21":"product_tag-efectos-de-percocet","22":"product_tag-efectos-secundarios-de-percocet","23":"product_tag-fake-percocet-pills","24":"product_tag-fotos-de-percocet-pastillas","25":"product_tag-percocet-pills-images","26":"product_tag-molly-percocet","27":"product_tag-oxicodona-vs-percocet","28":"product_tag-oxycontin-vs-percocet","29":"product_tag-para-que-sirve-el-percocet","30":"product_tag-percocet-pldora","31":"product_tag-percocet-pastillas","32":"product_tag-percocet-pastillas-para-la-venta","33":"product_tag-pastillas-percocet-baratas","34":"product_tag-analgsicos-para-la-venta-percocet","35":"product_tag-pastillas-para-el-dolor-percocet","36":"product_tag-pastillas-que-parecen-percocet","37":"product_tag-pastillas-que-parecen-percocet-5mg","38":"product_tag-percocet-10","39":"product_tag-percocet-15","40":"product_tag-percocet-30","41":"product_tag-percocet-325","42":"product_tag-percocet-512","43":"product_tag-amarillo-percoce","44":"product_tag-percocet-10-amarillo","45":"product_tag-percocet-10-images","46":"product_tag-percocet-10-325","47":"product_tag-percocet-10-325-efectos","48":"product_tag-percocet-10-325-efectos-blanco","49":"product_tag-percocet-10-325-espanol","50":"product_tag-percocet-10mg","51":"product_tag-percocet-15-mg","52":"product_tag-percocet-20-mg","53":"product_tag-percocet-30-mg","54":"product_tag-percocet-5","55":"product_tag-percocet-5-mg","56":"product_tag-percocet-5-325","57":"product_tag-percocet-5-325-precio","58":"product_tag-percocet-7-5","59":"product_tag-percocet-7-5-325-efectos","60":"product_tag-5mg-percocet","61":"product_tag-percocet-effects","62":"product_tag-percocet-online","63":"product_tag-percocet-falso","64":"product_tag-genrico-percocet","65":"product_tag-percocet-in-spanish","66":"product_tag-percocet-molly","67":"product_tag-percocet-rosa","68":"product_tag-percocet-vs-tramadol","69":"product_tag-percocet-vs-vicodina","70":"product_tag-percocet-withdrawal","71":"product_tag-percocet-y-alcohol","72":"product_tag-percocet-y-xanax","73":"product_tag-picazn-percocet","74":"product_tag-que-es-percocet","75":"product_tag-sentimiento-percocet","76":"product_tag-side-effects-of-percocet","77":"product_tag-tramadol-vs-percocet","78":"product_tag-valor-calle-de-percocet","79":"product_tag-percocet-calle-valor","80":"product_tag-vicodin-vs-percocet","82":"first","83":"instock","84":"shipping-taxable","85":"purchasable","86":"product-type-variable","87":"has-default-attributes"},"yoast_head":"<!-- This site is optimized with the Yoast SEO plugin v27.3 - https:\/\/yoast.com\/product\/yoast-seo-wordpress\/ -->\n<title>Compre pastillas de Percocet de 10 mg - Best Best Global Meds<\/title>\n<meta name=\"description\" content=\"Compre pastillas Percocet de 10 mg en l\u00ednea. Pastillas fuertes para dormir, analg\u00e9sicos, farmacia en l\u00ednea del Reino Unido, venta de analg\u00e9sicos, analg\u00e9sicos, compra de medicamentos en l\u00ednea, comprar analg\u00e9sicos en l\u00ednea, comprar analg\u00e9sicos en l\u00ednea.\" \/>\n<meta name=\"robots\" content=\"index, follow, max-snippet:-1, max-image-preview:large, max-video-preview:-1\" \/>\n<link rel=\"canonical\" href=\"https:\/\/medicinasinc.com\/es\/product\/comprar-percocet-10mg-pastillas\/\" \/>\n<meta property=\"og:locale\" content=\"es_ES\" \/>\n<meta property=\"og:type\" content=\"article\" \/>\n<meta property=\"og:title\" content=\"Compre pastillas de Percocet de 10 mg - Best Best Global Meds\" \/>\n<meta property=\"og:description\" content=\"Compre pastillas Percocet de 10 mg en l\u00ednea. Pastillas fuertes para dormir, analg\u00e9sicos, farmacia en l\u00ednea del Reino Unido, venta de analg\u00e9sicos, analg\u00e9sicos, compra de medicamentos en l\u00ednea, comprar analg\u00e9sicos en l\u00ednea, comprar analg\u00e9sicos en l\u00ednea.\" \/>\n<meta property=\"og:url\" content=\"https:\/\/medicinasinc.com\/es\/product\/comprar-percocet-10mg-pastillas\/\" \/>\n<meta property=\"og:site_name\" content=\"Medicinas Inc\" \/>\n<meta property=\"article:modified_time\" content=\"2022-03-22T00:51:12+00:00\" \/>\n<meta property=\"og:image\" content=\"https:\/\/medicinasinc.com\/es\/wp-content\/uploads\/sites\/15\/2022\/02\/Buy-Percocet-10mg-pills.jpg\" \/>\n\t<meta property=\"og:image:width\" content=\"600\" \/>\n\t<meta property=\"og:image:height\" content=\"400\" \/>\n\t<meta property=\"og:image:type\" content=\"image\/jpeg\" \/>\n<meta name=\"twitter:card\" content=\"summary_large_image\" \/>\n<meta name=\"twitter:label1\" content=\"Tiempo de lectura\" \/>\n\t<meta name=\"twitter:data1\" content=\"5 minutos\" \/>\n<script type=\"application\/ld+json\" class=\"yoast-schema-graph\">{\"@context\":\"https:\\\/\\\/schema.org\",\"@graph\":[{\"@type\":\"WebPage\",\"@id\":\"https:\\\/\\\/medicinasinc.com\\\/es\\\/product\\\/comprar-percocet-10mg-pastillas\\\/\",\"url\":\"https:\\\/\\\/medicinasinc.com\\\/es\\\/product\\\/comprar-percocet-10mg-pastillas\\\/\",\"name\":\"Compre pastillas de Percocet de 10 mg - Best Best Global Meds\",\"isPartOf\":{\"@id\":\"https:\\\/\\\/medicinasinc.com\\\/es\\\/#website\"},\"primaryImageOfPage\":{\"@id\":\"https:\\\/\\\/medicinasinc.com\\\/es\\\/product\\\/comprar-percocet-10mg-pastillas\\\/#primaryimage\"},\"image\":{\"@id\":\"https:\\\/\\\/medicinasinc.com\\\/es\\\/product\\\/comprar-percocet-10mg-pastillas\\\/#primaryimage\"},\"thumbnailUrl\":\"https:\\\/\\\/medicinasinc.com\\\/es\\\/wp-content\\\/uploads\\\/sites\\\/15\\\/2022\\\/02\\\/Buy-Percocet-10mg-pills.jpg\",\"datePublished\":\"2022-02-21T18:18:17+00:00\",\"dateModified\":\"2022-03-22T00:51:12+00:00\",\"description\":\"Compre pastillas Percocet de 10 mg en l\u00ednea. Pastillas fuertes para dormir, analg\u00e9sicos, farmacia en l\u00ednea del Reino Unido, venta de analg\u00e9sicos, analg\u00e9sicos, compra de medicamentos en l\u00ednea, comprar analg\u00e9sicos en l\u00ednea, comprar analg\u00e9sicos en l\u00ednea.\",\"breadcrumb\":{\"@id\":\"https:\\\/\\\/medicinasinc.com\\\/es\\\/product\\\/comprar-percocet-10mg-pastillas\\\/#breadcrumb\"},\"inLanguage\":\"es\",\"potentialAction\":[{\"@type\":\"ReadAction\",\"target\":[\"https:\\\/\\\/medicinasinc.com\\\/es\\\/product\\\/comprar-percocet-10mg-pastillas\\\/\"]}]},{\"@type\":\"ImageObject\",\"inLanguage\":\"es\",\"@id\":\"https:\\\/\\\/medicinasinc.com\\\/es\\\/product\\\/comprar-percocet-10mg-pastillas\\\/#primaryimage\",\"url\":\"https:\\\/\\\/medicinasinc.com\\\/es\\\/wp-content\\\/uploads\\\/sites\\\/15\\\/2022\\\/02\\\/Buy-Percocet-10mg-pills.jpg\",\"contentUrl\":\"https:\\\/\\\/medicinasinc.com\\\/es\\\/wp-content\\\/uploads\\\/sites\\\/15\\\/2022\\\/02\\\/Buy-Percocet-10mg-pills.jpg\",\"width\":600,\"height\":400},{\"@type\":\"BreadcrumbList\",\"@id\":\"https:\\\/\\\/medicinasinc.com\\\/es\\\/product\\\/comprar-percocet-10mg-pastillas\\\/#breadcrumb\",\"itemListElement\":[{\"@type\":\"ListItem\",\"position\":1,\"name\":\"Tienda\",\"item\":\"https:\\\/\\\/medicinasinc.com\\\/es\\\/tienda\\\/\"},{\"@type\":\"ListItem\",\"position\":2,\"name\":\"Comprar pastillas de Percocet de 10 mg\"}]},{\"@type\":\"WebSite\",\"@id\":\"https:\\\/\\\/medicinasinc.com\\\/es\\\/#website\",\"url\":\"https:\\\/\\\/medicinasinc.com\\\/es\\\/\",\"name\":\"Medicinas Inc\",\"description\":\"Cl\u00ednica M\u00e9dica de Salud\",\"potentialAction\":[{\"@type\":\"SearchAction\",\"target\":{\"@type\":\"EntryPoint\",\"urlTemplate\":\"https:\\\/\\\/medicinasinc.com\\\/es\\\/?s={search_term_string}\"},\"query-input\":{\"@type\":\"PropertyValueSpecification\",\"valueRequired\":true,\"valueName\":\"search_term_string\"}}],\"inLanguage\":\"es\"}]}<\/script>\n<!-- \/ Yoast SEO plugin. -->","yoast_head_json":{"title":"Compre pastillas de Percocet de 10 mg - Best Best Global Meds","description":"Compre pastillas Percocet de 10 mg en l\u00ednea. Pastillas fuertes para dormir, analg\u00e9sicos, farmacia en l\u00ednea del Reino Unido, venta de analg\u00e9sicos, analg\u00e9sicos, compra de medicamentos en l\u00ednea, comprar analg\u00e9sicos en l\u00ednea, comprar analg\u00e9sicos en l\u00ednea.","robots":{"index":"index","follow":"follow","max-snippet":"max-snippet:-1","max-image-preview":"max-image-preview:large","max-video-preview":"max-video-preview:-1"},"canonical":"https:\/\/medicinasinc.com\/es\/product\/comprar-percocet-10mg-pastillas\/","og_locale":"es_ES","og_type":"article","og_title":"Compre pastillas de Percocet de 10 mg - Best Best Global Meds","og_description":"Compre pastillas Percocet de 10 mg en l\u00ednea. Pastillas fuertes para dormir, analg\u00e9sicos, farmacia en l\u00ednea del Reino Unido, venta de analg\u00e9sicos, analg\u00e9sicos, compra de medicamentos en l\u00ednea, comprar analg\u00e9sicos en l\u00ednea, comprar analg\u00e9sicos en l\u00ednea.","og_url":"https:\/\/medicinasinc.com\/es\/product\/comprar-percocet-10mg-pastillas\/","og_site_name":"Medicinas Inc","article_modified_time":"2022-03-22T00:51:12+00:00","og_image":[{"width":600,"height":400,"url":"https:\/\/medicinasinc.com\/es\/wp-content\/uploads\/sites\/15\/2022\/02\/Buy-Percocet-10mg-pills.jpg","type":"image\/jpeg"}],"twitter_card":"summary_large_image","twitter_misc":{"Tiempo de lectura":"5 minutos"},"schema":{"@context":"https:\/\/schema.org","@graph":[{"@type":"WebPage","@id":"https:\/\/medicinasinc.com\/es\/product\/comprar-percocet-10mg-pastillas\/","url":"https:\/\/medicinasinc.com\/es\/product\/comprar-percocet-10mg-pastillas\/","name":"Compre pastillas de Percocet de 10 mg - Best Best Global Meds","isPartOf":{"@id":"https:\/\/medicinasinc.com\/es\/#website"},"primaryImageOfPage":{"@id":"https:\/\/medicinasinc.com\/es\/product\/comprar-percocet-10mg-pastillas\/#primaryimage"},"image":{"@id":"https:\/\/medicinasinc.com\/es\/product\/comprar-percocet-10mg-pastillas\/#primaryimage"},"thumbnailUrl":"https:\/\/medicinasinc.com\/es\/wp-content\/uploads\/sites\/15\/2022\/02\/Buy-Percocet-10mg-pills.jpg","datePublished":"2022-02-21T18:18:17+00:00","dateModified":"2022-03-22T00:51:12+00:00","description":"Compre pastillas Percocet de 10 mg en l\u00ednea. Pastillas fuertes para dormir, analg\u00e9sicos, farmacia en l\u00ednea del Reino Unido, venta de analg\u00e9sicos, analg\u00e9sicos, compra de medicamentos en l\u00ednea, comprar analg\u00e9sicos en l\u00ednea, comprar analg\u00e9sicos en l\u00ednea.","breadcrumb":{"@id":"https:\/\/medicinasinc.com\/es\/product\/comprar-percocet-10mg-pastillas\/#breadcrumb"},"inLanguage":"es","potentialAction":[{"@type":"ReadAction","target":["https:\/\/medicinasinc.com\/es\/product\/comprar-percocet-10mg-pastillas\/"]}]},{"@type":"ImageObject","inLanguage":"es","@id":"https:\/\/medicinasinc.com\/es\/product\/comprar-percocet-10mg-pastillas\/#primaryimage","url":"https:\/\/medicinasinc.com\/es\/wp-content\/uploads\/sites\/15\/2022\/02\/Buy-Percocet-10mg-pills.jpg","contentUrl":"https:\/\/medicinasinc.com\/es\/wp-content\/uploads\/sites\/15\/2022\/02\/Buy-Percocet-10mg-pills.jpg","width":600,"height":400},{"@type":"BreadcrumbList","@id":"https:\/\/medicinasinc.com\/es\/product\/comprar-percocet-10mg-pastillas\/#breadcrumb","itemListElement":[{"@type":"ListItem","position":1,"name":"Tienda","item":"https:\/\/medicinasinc.com\/es\/tienda\/"},{"@type":"ListItem","position":2,"name":"Comprar pastillas de Percocet de 10 mg"}]},{"@type":"WebSite","@id":"https:\/\/medicinasinc.com\/es\/#website","url":"https:\/\/medicinasinc.com\/es\/","name":"Medicinas Inc","description":"Cl\u00ednica M\u00e9dica de Salud","potentialAction":[{"@type":"SearchAction","target":{"@type":"EntryPoint","urlTemplate":"https:\/\/medicinasinc.com\/es\/?s={search_term_string}"},"query-input":{"@type":"PropertyValueSpecification","valueRequired":true,"valueName":"search_term_string"}}],"inLanguage":"es"}]}},"_links":{"self":[{"href":"https:\/\/medicinasinc.com\/es\/wp-json\/wp\/v2\/product\/5295","targetHints":{"allow":["GET"]}}],"collection":[{"href":"https:\/\/medicinasinc.com\/es\/wp-json\/wp\/v2\/product"}],"about":[{"href":"https:\/\/medicinasinc.com\/es\/wp-json\/wp\/v2\/types\/product"}],"replies":[{"embeddable":true,"href":"https:\/\/medicinasinc.com\/es\/wp-json\/wp\/v2\/comments?post=5295"}],"wp:featuredmedia":[{"embeddable":true,"href":"https:\/\/medicinasinc.com\/es\/wp-json\/wp\/v2\/media\/5305"}],"wp:attachment":[{"href":"https:\/\/medicinasinc.com\/es\/wp-json\/wp\/v2\/media?parent=5295"}],"wp:term":[{"taxonomy":"product_brand","embeddable":true,"href":"https:\/\/medicinasinc.com\/es\/wp-json\/wp\/v2\/product_brand?post=5295"},{"taxonomy":"product_cat","embeddable":true,"href":"https:\/\/medicinasinc.com\/es\/wp-json\/wp\/v2\/product_cat?post=5295"},{"taxonomy":"product_tag","embeddable":true,"href":"https:\/\/medicinasinc.com\/es\/wp-json\/wp\/v2\/product_tag?post=5295"}],"curies":[{"name":"wp","href":"https:\/\/api.w.org\/{rel}","templated":true}]}}