{"id":5294,"date":"2022-02-21T18:18:05","date_gmt":"2022-02-21T18:18:05","guid":{"rendered":"https:\/\/medicinasinc.com\/es\/?post_type=product&#038;p=5294"},"modified":"2022-03-22T00:51:22","modified_gmt":"2022-03-22T00:51:22","slug":"comprar-oxicodona-80-mg","status":"publish","type":"product","link":"https:\/\/medicinasinc.com\/es\/product\/comprar-oxicodona-80-mg\/","title":{"rendered":"Comprar Oxicodona 80 mg"},"content":{"rendered":"<div class=\"woocommerce-tabs wc-tabs-wrapper\">\n<div id=\"tab-description\" class=\"woocommerce-Tabs-panel woocommerce-Tabs-panel--panel de descripci\u00f3n entrada-contenido wc-tab\" style=\"text-align: center\" role=\"tabpanel\" aria-labelledby=\"tab-title-description\">\n<p>Farmacia en l\u00ednea para comprar tabletas de oxycontin de 80 mg.<\/p>\n<p>Compra en l\u00ednea de tabletas de oxicodona de 80 mg. Adem\u00e1s, hay pastillas de oxicodona de 40 mg disponibles. Compre solo los medicamentos de la m\u00e1s alta calidad.<\/p>\n<p>RESUMEN La oxicodona es un analg\u00e9sico opioide que se usa para tratar el dolor de moderado a intenso.<br \/> NOMBRES DE LA MARCA<br \/> Endocet y Endodan son anti- medicamentos para la diarrea. Mayo 2009, reformulado Xolox, Xtampza, Nalocet, Oxaydo, Oxy.IR, Oxycontin, Oxyneo, Percocet, Prolate, Rivacocet, Roxicet, Roxicodone, Targin, Targiniq<br \/> NOMBRE EN GENERAL<br \/> N\u00daMERO DE ACCESO AL MEDICAMENTO DB00497 &#8211; Oxicodona <br \/> ANTECEDENTES<br \/> La oxicodona es un analg\u00e9sico opioide semisint\u00e9tico que se desarroll\u00f3 en 1917 en Alemania a partir de la teba\u00edna.<br \/> 3<br \/> Ahora est\u00e1 aprobado como un producto de liberaci\u00f3n inmediata para el dolor moderado a severo y como un producto de liberaci\u00f3n prolongada para el dolor cr\u00f3nico de moderado a intenso que requiere analg\u00e9sicos opioides continuos durante un per\u00edodo prolongado.<br \/> La FDA aprob\u00f3 el primer medicamento que contiene oxicodona, Percodan, el 12 de abril de 1950.<br \/> TIPOS DE MOL\u00c9CULAS PEQUE\u00d1AS<br \/> GRUPOS<br \/> Aprobados, Ilegales e Investigativos<\/p>\n<\/p><\/div><\/div>\n","protected":false},"excerpt":{"rendered":"<p>Compra online de Oxicodona 80mg comprimidos.<\/p>\n<p>Compra online de Oxicodona 80mg comprimidos. Oxycodone 80mg a la venta en el Reino Unido y Europa. Adem\u00e1s, hay pastillas de oxicodona de 80 mg disponibles. Compre solo los medicamentos de la m\u00e1s alta calidad con nosotros.<\/p>\n<p>Compra en l\u00ednea de tabletas de oxicodona de 80 mg. Adem\u00e1s, hay pastillas de oxicodona de 80 mg disponibles. Compre solo los medicamentos de la m\u00e1s alta calidad con nosotros.<\/p>\n","protected":false},"featured_media":5303,"comment_status":"open","ping_status":"closed","template":"","meta":[],"product_brand":[],"product_cat":[1117],"product_tag":[1644,1638,1639,1640,1671,1647,1682,1678,1680,1683,1643,1698,1653,1713,1654,1676,1699,1688,1685,1684,1709,1650,1651,1652,1705,1657,1660,1661,1662,1663,1664,1665,1666,1667,1668,1669,1670,1681,1673,1645,1691,1672,1674,1692,1693,1694,1649,1696,1701,1704,1706,1658,1659,1675,1679,1689,1690,1697,1056,1700,1646,1703,1708,1686,1656,1687,1707,1655,1719,1720,1718,1717,1710,1711,1712,1714,1702,1716,1715,1677],"class_list":{"0":"post-5294","1":"product","2":"type-product","3":"status-publish","4":"has-post-thumbnail","6":"product_cat-compre-pastillas-para-el-dolor-el-sueno-y-el-sexo","7":"product_tag-es-oxicodona-un-opioide","8":"product_tag-15-mg-de-oxicodona","9":"product_tag-20-mg-de-oxicodona","10":"product_tag-20mg-oxycodone","11":"product_tag-adiccin-a-la-oxicodona","12":"product_tag-analgsicos-opioides","13":"product_tag-clorhidrato-de-oxicodona","14":"product_tag-oxicodona-hcl","15":"product_tag-oxicodona-hcl-5mg","16":"product_tag-oxicodona-clorhidrato-5-mg","17":"product_tag-cuanto-dura-la-oxicodona","18":"product_tag-dosificacin-de-oxycontin","19":"product_tag-oxi-drogas","20":"product_tag-droga-roxy","21":"product_tag-oxidrogas","22":"product_tag-efectos-de-la-oxicodona","23":"product_tag-efectos-oxycontin","24":"product_tag-efectos-secundarios-de-la-oxicodona","25":"product_tag-ingredientes-de-oxicodona","26":"product_tag-oxicodona-liberacin-inmediata","27":"product_tag-medicamentos-recetados-para-el-dolor","28":"product_tag-oxi","29":"product_tag-oxi-10","30":"product_tag-oxi-5-mg","31":"product_tag-oxialgodn","32":"product_tag-oxicodina","33":"product_tag-oxicodona-10","34":"product_tag-oxicodona-10mg","35":"product_tag-oxicodona-10mg-rosa","36":"product_tag-oxicodona-15-mg","37":"product_tag-oxicodona-15mg","38":"product_tag-oxicodona-20-mg","39":"product_tag-oxicodona-20mg","40":"product_tag-oxicodona-30mg","41":"product_tag-oxicodona-5","42":"product_tag-oxicodona-5-325","43":"product_tag-oxicodona-5-mg","44":"product_tag-alto-en-oxicodona","45":"product_tag-oxicodona-e-ibuprofeno","46":"product_tag-oxicodona-lquida","47":"product_tag-oxicodona-vs-percocet","48":"product_tag-oxicodona-y-alcohol","49":"product_tag-oxicodona-y-tylenol","50":"product_tag-oxicodona-acetaminofn","51":"product_tag-oxicodona-acetaminofeno-5-325","52":"product_tag-oxicodona-apap","53":"product_tag-oxicodone","54":"product_tag-oxicontin","55":"product_tag-oxycontin-ir","56":"product_tag-oxicotn","57":"product_tag-oxis","58":"product_tag-oxycodon","59":"product_tag-oxycodone","60":"product_tag-oxycodone-doses","61":"product_tag-oxycodone-hcl-5-mg-tablet","62":"product_tag-oxycodone-uses","63":"product_tag-oxycodone-vs-oxycontin","64":"product_tag-oxycontin-30-mg","65":"product_tag-oxycontin-80-mg","66":"product_tag-oxycontin-genrico","67":"product_tag-lquido-oxycontin","68":"product_tag-oxycontin-vs-oxycodone","69":"product_tag-pastilla-20","70":"product_tag-pldora-de-oxidodona","71":"product_tag-oxi-pastillas","72":"product_tag-pastillas-de-oxicodona","73":"product_tag-pastillas-de-oxitocina","74":"product_tag-oxi-p-c3-adldora","75":"product_tag-que-es-oximorfona","76":"product_tag-que-es-roxicodona","77":"product_tag-que-es-oxi","78":"product_tag-qu-hace-la-oxicodona","79":"product_tag-roxicodona-vs-oxicodona","80":"product_tag-roxy-10","81":"product_tag-roxy-30s","82":"product_tag-side-effects-of-oxycodone","83":"product_tag-sobredosis-de-oxycontin","84":"product_tag-tipos-de-analgsicos","85":"product_tag-types-of-opioids","86":"product_tag-vida-media-de-oxicodona","88":"first","89":"instock","90":"shipping-taxable","91":"purchasable","92":"product-type-variable","93":"has-default-attributes"},"yoast_head":"<!-- This site is optimized with the Yoast SEO plugin v27.3 - https:\/\/yoast.com\/product\/yoast-seo-wordpress\/ -->\n<title>Compre oxicodona 80 mg - Best Best Global Meds<\/title>\n<meta name=\"description\" content=\"Compre pastillas de oxicodona de 80 mg en l\u00ednea. Compre oxicodona 80 mg para la venta Reino Unido, Europa. Pastillas de oxicodona de 80 mg tambi\u00e9n disponibles. Compre pastillas de la mejor calidad con nosotros.\" \/>\n<meta name=\"robots\" content=\"index, follow, max-snippet:-1, max-image-preview:large, max-video-preview:-1\" \/>\n<link rel=\"canonical\" href=\"https:\/\/medicinasinc.com\/es\/product\/comprar-oxicodona-80-mg\/\" \/>\n<meta property=\"og:locale\" content=\"es_ES\" \/>\n<meta property=\"og:type\" content=\"article\" \/>\n<meta property=\"og:title\" content=\"Compre oxicodona 80 mg - Best Best Global Meds\" \/>\n<meta property=\"og:description\" content=\"Compre pastillas de oxicodona de 80 mg en l\u00ednea. Compre oxicodona 80 mg para la venta Reino Unido, Europa. Pastillas de oxicodona de 80 mg tambi\u00e9n disponibles. Compre pastillas de la mejor calidad con nosotros.\" \/>\n<meta property=\"og:url\" content=\"https:\/\/medicinasinc.com\/es\/product\/comprar-oxicodona-80-mg\/\" \/>\n<meta property=\"og:site_name\" content=\"Medicinas Inc\" \/>\n<meta property=\"article:modified_time\" content=\"2022-03-22T00:51:22+00:00\" \/>\n<meta property=\"og:image\" content=\"https:\/\/medicinasinc.com\/es\/wp-content\/uploads\/sites\/15\/2022\/02\/Buy-Oxycodone-80mg.jpg\" \/>\n\t<meta property=\"og:image:width\" content=\"600\" \/>\n\t<meta property=\"og:image:height\" content=\"514\" \/>\n\t<meta property=\"og:image:type\" content=\"image\/jpeg\" \/>\n<meta name=\"twitter:card\" content=\"summary_large_image\" \/>\n<meta name=\"twitter:label1\" content=\"Tiempo de lectura\" \/>\n\t<meta name=\"twitter:data1\" content=\"1 minuto\" \/>\n<script type=\"application\/ld+json\" class=\"yoast-schema-graph\">{\"@context\":\"https:\\\/\\\/schema.org\",\"@graph\":[{\"@type\":\"WebPage\",\"@id\":\"https:\\\/\\\/medicinasinc.com\\\/es\\\/product\\\/comprar-oxicodona-80-mg\\\/\",\"url\":\"https:\\\/\\\/medicinasinc.com\\\/es\\\/product\\\/comprar-oxicodona-80-mg\\\/\",\"name\":\"Compre oxicodona 80 mg - Best Best Global Meds\",\"isPartOf\":{\"@id\":\"https:\\\/\\\/medicinasinc.com\\\/es\\\/#website\"},\"primaryImageOfPage\":{\"@id\":\"https:\\\/\\\/medicinasinc.com\\\/es\\\/product\\\/comprar-oxicodona-80-mg\\\/#primaryimage\"},\"image\":{\"@id\":\"https:\\\/\\\/medicinasinc.com\\\/es\\\/product\\\/comprar-oxicodona-80-mg\\\/#primaryimage\"},\"thumbnailUrl\":\"https:\\\/\\\/medicinasinc.com\\\/es\\\/wp-content\\\/uploads\\\/sites\\\/15\\\/2022\\\/02\\\/Buy-Oxycodone-80mg.jpg\",\"datePublished\":\"2022-02-21T18:18:05+00:00\",\"dateModified\":\"2022-03-22T00:51:22+00:00\",\"description\":\"Compre pastillas de oxicodona de 80 mg en l\u00ednea. Compre oxicodona 80 mg para la venta Reino Unido, Europa. Pastillas de oxicodona de 80 mg tambi\u00e9n disponibles. Compre pastillas de la mejor calidad con nosotros.\",\"breadcrumb\":{\"@id\":\"https:\\\/\\\/medicinasinc.com\\\/es\\\/product\\\/comprar-oxicodona-80-mg\\\/#breadcrumb\"},\"inLanguage\":\"es\",\"potentialAction\":[{\"@type\":\"ReadAction\",\"target\":[\"https:\\\/\\\/medicinasinc.com\\\/es\\\/product\\\/comprar-oxicodona-80-mg\\\/\"]}]},{\"@type\":\"ImageObject\",\"inLanguage\":\"es\",\"@id\":\"https:\\\/\\\/medicinasinc.com\\\/es\\\/product\\\/comprar-oxicodona-80-mg\\\/#primaryimage\",\"url\":\"https:\\\/\\\/medicinasinc.com\\\/es\\\/wp-content\\\/uploads\\\/sites\\\/15\\\/2022\\\/02\\\/Buy-Oxycodone-80mg.jpg\",\"contentUrl\":\"https:\\\/\\\/medicinasinc.com\\\/es\\\/wp-content\\\/uploads\\\/sites\\\/15\\\/2022\\\/02\\\/Buy-Oxycodone-80mg.jpg\",\"width\":600,\"height\":514},{\"@type\":\"BreadcrumbList\",\"@id\":\"https:\\\/\\\/medicinasinc.com\\\/es\\\/product\\\/comprar-oxicodona-80-mg\\\/#breadcrumb\",\"itemListElement\":[{\"@type\":\"ListItem\",\"position\":1,\"name\":\"Tienda\",\"item\":\"https:\\\/\\\/medicinasinc.com\\\/es\\\/tienda\\\/\"},{\"@type\":\"ListItem\",\"position\":2,\"name\":\"Comprar Oxicodona 80 mg\"}]},{\"@type\":\"WebSite\",\"@id\":\"https:\\\/\\\/medicinasinc.com\\\/es\\\/#website\",\"url\":\"https:\\\/\\\/medicinasinc.com\\\/es\\\/\",\"name\":\"Medicinas Inc\",\"description\":\"Cl\u00ednica M\u00e9dica de Salud\",\"potentialAction\":[{\"@type\":\"SearchAction\",\"target\":{\"@type\":\"EntryPoint\",\"urlTemplate\":\"https:\\\/\\\/medicinasinc.com\\\/es\\\/?s={search_term_string}\"},\"query-input\":{\"@type\":\"PropertyValueSpecification\",\"valueRequired\":true,\"valueName\":\"search_term_string\"}}],\"inLanguage\":\"es\"}]}<\/script>\n<!-- \/ Yoast SEO plugin. -->","yoast_head_json":{"title":"Compre oxicodona 80 mg - Best Best Global Meds","description":"Compre pastillas de oxicodona de 80 mg en l\u00ednea. Compre oxicodona 80 mg para la venta Reino Unido, Europa. Pastillas de oxicodona de 80 mg tambi\u00e9n disponibles. Compre pastillas de la mejor calidad con nosotros.","robots":{"index":"index","follow":"follow","max-snippet":"max-snippet:-1","max-image-preview":"max-image-preview:large","max-video-preview":"max-video-preview:-1"},"canonical":"https:\/\/medicinasinc.com\/es\/product\/comprar-oxicodona-80-mg\/","og_locale":"es_ES","og_type":"article","og_title":"Compre oxicodona 80 mg - Best Best Global Meds","og_description":"Compre pastillas de oxicodona de 80 mg en l\u00ednea. Compre oxicodona 80 mg para la venta Reino Unido, Europa. Pastillas de oxicodona de 80 mg tambi\u00e9n disponibles. Compre pastillas de la mejor calidad con nosotros.","og_url":"https:\/\/medicinasinc.com\/es\/product\/comprar-oxicodona-80-mg\/","og_site_name":"Medicinas Inc","article_modified_time":"2022-03-22T00:51:22+00:00","og_image":[{"width":600,"height":514,"url":"https:\/\/medicinasinc.com\/es\/wp-content\/uploads\/sites\/15\/2022\/02\/Buy-Oxycodone-80mg.jpg","type":"image\/jpeg"}],"twitter_card":"summary_large_image","twitter_misc":{"Tiempo de lectura":"1 minuto"},"schema":{"@context":"https:\/\/schema.org","@graph":[{"@type":"WebPage","@id":"https:\/\/medicinasinc.com\/es\/product\/comprar-oxicodona-80-mg\/","url":"https:\/\/medicinasinc.com\/es\/product\/comprar-oxicodona-80-mg\/","name":"Compre oxicodona 80 mg - Best Best Global Meds","isPartOf":{"@id":"https:\/\/medicinasinc.com\/es\/#website"},"primaryImageOfPage":{"@id":"https:\/\/medicinasinc.com\/es\/product\/comprar-oxicodona-80-mg\/#primaryimage"},"image":{"@id":"https:\/\/medicinasinc.com\/es\/product\/comprar-oxicodona-80-mg\/#primaryimage"},"thumbnailUrl":"https:\/\/medicinasinc.com\/es\/wp-content\/uploads\/sites\/15\/2022\/02\/Buy-Oxycodone-80mg.jpg","datePublished":"2022-02-21T18:18:05+00:00","dateModified":"2022-03-22T00:51:22+00:00","description":"Compre pastillas de oxicodona de 80 mg en l\u00ednea. Compre oxicodona 80 mg para la venta Reino Unido, Europa. Pastillas de oxicodona de 80 mg tambi\u00e9n disponibles. Compre pastillas de la mejor calidad con nosotros.","breadcrumb":{"@id":"https:\/\/medicinasinc.com\/es\/product\/comprar-oxicodona-80-mg\/#breadcrumb"},"inLanguage":"es","potentialAction":[{"@type":"ReadAction","target":["https:\/\/medicinasinc.com\/es\/product\/comprar-oxicodona-80-mg\/"]}]},{"@type":"ImageObject","inLanguage":"es","@id":"https:\/\/medicinasinc.com\/es\/product\/comprar-oxicodona-80-mg\/#primaryimage","url":"https:\/\/medicinasinc.com\/es\/wp-content\/uploads\/sites\/15\/2022\/02\/Buy-Oxycodone-80mg.jpg","contentUrl":"https:\/\/medicinasinc.com\/es\/wp-content\/uploads\/sites\/15\/2022\/02\/Buy-Oxycodone-80mg.jpg","width":600,"height":514},{"@type":"BreadcrumbList","@id":"https:\/\/medicinasinc.com\/es\/product\/comprar-oxicodona-80-mg\/#breadcrumb","itemListElement":[{"@type":"ListItem","position":1,"name":"Tienda","item":"https:\/\/medicinasinc.com\/es\/tienda\/"},{"@type":"ListItem","position":2,"name":"Comprar Oxicodona 80 mg"}]},{"@type":"WebSite","@id":"https:\/\/medicinasinc.com\/es\/#website","url":"https:\/\/medicinasinc.com\/es\/","name":"Medicinas Inc","description":"Cl\u00ednica M\u00e9dica de Salud","potentialAction":[{"@type":"SearchAction","target":{"@type":"EntryPoint","urlTemplate":"https:\/\/medicinasinc.com\/es\/?s={search_term_string}"},"query-input":{"@type":"PropertyValueSpecification","valueRequired":true,"valueName":"search_term_string"}}],"inLanguage":"es"}]}},"_links":{"self":[{"href":"https:\/\/medicinasinc.com\/es\/wp-json\/wp\/v2\/product\/5294","targetHints":{"allow":["GET"]}}],"collection":[{"href":"https:\/\/medicinasinc.com\/es\/wp-json\/wp\/v2\/product"}],"about":[{"href":"https:\/\/medicinasinc.com\/es\/wp-json\/wp\/v2\/types\/product"}],"replies":[{"embeddable":true,"href":"https:\/\/medicinasinc.com\/es\/wp-json\/wp\/v2\/comments?post=5294"}],"wp:featuredmedia":[{"embeddable":true,"href":"https:\/\/medicinasinc.com\/es\/wp-json\/wp\/v2\/media\/5303"}],"wp:attachment":[{"href":"https:\/\/medicinasinc.com\/es\/wp-json\/wp\/v2\/media?parent=5294"}],"wp:term":[{"taxonomy":"product_brand","embeddable":true,"href":"https:\/\/medicinasinc.com\/es\/wp-json\/wp\/v2\/product_brand?post=5294"},{"taxonomy":"product_cat","embeddable":true,"href":"https:\/\/medicinasinc.com\/es\/wp-json\/wp\/v2\/product_cat?post=5294"},{"taxonomy":"product_tag","embeddable":true,"href":"https:\/\/medicinasinc.com\/es\/wp-json\/wp\/v2\/product_tag?post=5294"}],"curies":[{"name":"wp","href":"https:\/\/api.w.org\/{rel}","templated":true}]}}