{"id":5293,"date":"2022-02-21T18:15:16","date_gmt":"2022-02-21T18:15:16","guid":{"rendered":"https:\/\/medicinasinc.com\/es\/?post_type=product&#038;p=5293"},"modified":"2022-03-22T00:51:33","modified_gmt":"2022-03-22T00:51:33","slug":"comprar-oxicodona-40mg-pastillas","status":"publish","type":"product","link":"https:\/\/medicinasinc.com\/es\/product\/comprar-oxicodona-40mg-pastillas\/","title":{"rendered":"Comprar OxyCodone 40mg pastillas"},"content":{"rendered":"<p>Compra online de Oxicodona 40mg comprimidos.<\/p>\n<p>Compra online de Oxicodona 40mg comprimidos. Adem\u00e1s, vendemos code\u00edna. En todo el mundo se utilizan analg\u00e9sicos y otros medicamentos.<\/p>\n<p>Farmacia en l\u00ednea para comprar tabletas de OxyCodone de 40 mg.<\/p>\n<p>Comprar Oxycodone en l\u00ednea | Compre oxicodona 40 mg sin receta m\u00e9dica<\/p>\n<p>Puede obtener una entrega urgente con una tarjeta de cr\u00e9dito.<\/p>\n<p>Este medicamento se usa para ayudar a aliviar el dolor intenso y persistente (como el causado por c\u00e1ncer).<\/p>\n<p>La oxicodona es un analg\u00e9sico opioide. Funciona alterando la forma en que su cuerpo percibe y responde al dolor en el cerebro.<\/p>\n<p>Las dosis m\u00e1s altas de este medicamento (m\u00e1s de 40 mg por tableta) deben usarse solo si ha estado tomando dosis moderadas a altas. de analg\u00e9sicos opioides de forma regular. Estas potencias pueden provocar una sobredosis (y tal vez la muerte) si las toma una persona que no ha estado usando opioides de manera constante.<\/p>\n<p>Evite usar oxicodona de liberaci\u00f3n prolongada para tratar el dolor que es m\u00ednimo o que se resolver\u00e1 en un Pocos di\u00e1s. Este medicamento no est\u00e1 dise\u00f1ado para usarse \u00abseg\u00fan sea necesario\u00bb.<\/p>\n","protected":false},"excerpt":{"rendered":"<div class=\"woocommerce-product-details__short-description\">\n<p>Farmacia en l\u00ednea para comprar tabletas de OxyCodone de 40 mg. Compre oxicodona en l\u00ednea | Compre oxicodona de 40 mg sin receta. Puede obtener una entrega urgente mediante transferencia bancaria.<\/p>\n<p>Compre pastillas de oxicodona de 40 mg en l\u00ednea en el Reino Unido y Europa, solicite pastillas de oxicodona baratas en l\u00ednea con&#8230; Puede comprar tabletas de oxicodona en l\u00ednea sin receta m\u00e9dica (sin receta).<\/p>\n<\/p><\/div>\n","protected":false},"featured_media":5301,"comment_status":"open","ping_status":"closed","template":"","meta":[],"product_brand":[],"product_cat":[1117],"product_tag":[1644,1638,1639,1640,1671,1647,1682,1678,1683,1680,1643,1642,1641,1698,1653,1713,1654,1676,1699,1688,1685,1684,1709,1650,1651,1652,1705,1657,1648,1660,1661,1662,1663,1664,1665,1666,1667,1668,1669,1670,1681,1673,1645,1691,1672,1674,1692,1693,1694,1649,1695,1696,1701,1704,1706,1658,1659,1675,1679,1689,1690,1697,1056,1700,1646,1703,1708,1686,1656,1687,1707,1655,1719,1720,1718,1717,1710,1711,1712,1714,1702,1716,1715,1677],"class_list":{"0":"post-5293","1":"product","2":"type-product","3":"status-publish","4":"has-post-thumbnail","6":"product_cat-compre-pastillas-para-el-dolor-el-sueno-y-el-sexo","7":"product_tag-es-oxicodona-un-opioide","8":"product_tag-15-mg-de-oxicodona","9":"product_tag-20-mg-de-oxicodona","10":"product_tag-20mg-oxycodone","11":"product_tag-adiccin-a-la-oxicodona","12":"product_tag-analgsicos-opioides","13":"product_tag-clorhidrato-de-oxicodona","14":"product_tag-oxicodona-hcl","15":"product_tag-oxicodona-clorhidrato-5-mg","16":"product_tag-oxicodona-hcl-5mg","17":"product_tag-cuanto-dura-la-oxicodona","18":"product_tag-dihidroxicodeinona","19":"product_tag-dihydrohydroxycodeinone","20":"product_tag-dosificacin-de-oxycontin","21":"product_tag-oxi-drogas","22":"product_tag-droga-roxy","23":"product_tag-oxidrogas","24":"product_tag-efectos-de-la-oxicodona","25":"product_tag-efectos-oxycontin","26":"product_tag-efectos-secundarios-de-la-oxicodona","27":"product_tag-ingredientes-de-oxicodona","28":"product_tag-oxicodona-liberacin-inmediata","29":"product_tag-medicamentos-recetados-para-el-dolor","30":"product_tag-oxi","31":"product_tag-oxi-10","32":"product_tag-oxi-5-mg","33":"product_tag-oxialgodn","34":"product_tag-oxicodina","35":"product_tag-oxicodona","36":"product_tag-oxicodona-10","37":"product_tag-oxicodona-10mg","38":"product_tag-oxicodona-10mg-rosa","39":"product_tag-oxicodona-15-mg","40":"product_tag-oxicodona-15mg","41":"product_tag-oxicodona-20-mg","42":"product_tag-oxicodona-20mg","43":"product_tag-oxicodona-30mg","44":"product_tag-oxicodona-5","45":"product_tag-oxicodona-5-325","46":"product_tag-oxicodona-5-mg","47":"product_tag-alto-en-oxicodona","48":"product_tag-oxicodona-e-ibuprofeno","49":"product_tag-oxicodona-lquida","50":"product_tag-oxicodona-vs-percocet","51":"product_tag-oxicodona-y-alcohol","52":"product_tag-oxicodona-y-tylenol","53":"product_tag-oxicodona-acetaminofn","54":"product_tag-oxicodona-acetaminofeno-5-325","55":"product_tag-oxicodona-apap","56":"product_tag-oxicodone","57":"product_tag-oxicodono","58":"product_tag-oxicontin","59":"product_tag-oxycontin-ir","60":"product_tag-oxicotn","61":"product_tag-oxis","62":"product_tag-oxycodon","63":"product_tag-oxycodone","64":"product_tag-oxycodone-doses","65":"product_tag-oxycodone-hcl-5-mg-tablet","66":"product_tag-oxycodone-uses","67":"product_tag-oxycodone-vs-oxycontin","68":"product_tag-oxycontin-30-mg","69":"product_tag-oxycontin-80-mg","70":"product_tag-oxycontin-genrico","71":"product_tag-lquido-oxycontin","72":"product_tag-oxycontin-vs-oxycodone","73":"product_tag-pastilla-20","74":"product_tag-pldora-de-oxidodona","75":"product_tag-oxi-pastillas","76":"product_tag-pastillas-de-oxicodona","77":"product_tag-pastillas-de-oxitocina","78":"product_tag-oxi-p-c3-adldora","79":"product_tag-que-es-oximorfona","80":"product_tag-que-es-roxicodona","81":"product_tag-que-es-oxi","82":"product_tag-qu-hace-la-oxicodona","83":"product_tag-roxicodona-vs-oxicodona","84":"product_tag-roxy-10","85":"product_tag-roxy-30s","86":"product_tag-side-effects-of-oxycodone","87":"product_tag-sobredosis-de-oxycontin","88":"product_tag-tipos-de-analgsicos","89":"product_tag-types-of-opioids","90":"product_tag-vida-media-de-oxicodona","92":"first","93":"instock","94":"shipping-taxable","95":"purchasable","96":"product-type-variable","97":"has-default-attributes"},"yoast_head":"<!-- This site is optimized with the Yoast SEO plugin v27.3 - https:\/\/yoast.com\/product\/yoast-seo-wordpress\/ -->\n<title>Comprar pastillas de OxyCodone de 40 mg - Best Best Global Meds<\/title>\n<meta name=\"description\" content=\"Compre pastillas de oxicodona de 40 mg a la venta en el Reino Unido, Europa en l\u00ednea, solicite pastillas de oxicodona de 40 mg baratas en l\u00ednea con... Puede comprar tabletas de oxicodona en l\u00ednea sin receta (sin receta).\" \/>\n<meta name=\"robots\" content=\"index, follow, max-snippet:-1, max-image-preview:large, max-video-preview:-1\" \/>\n<link rel=\"canonical\" href=\"https:\/\/medicinasinc.com\/es\/product\/comprar-oxicodona-40mg-pastillas\/\" \/>\n<meta property=\"og:locale\" content=\"es_ES\" \/>\n<meta property=\"og:type\" content=\"article\" \/>\n<meta property=\"og:title\" content=\"Comprar pastillas de OxyCodone de 40 mg - Best Best Global Meds\" \/>\n<meta property=\"og:description\" content=\"Compre pastillas de oxicodona de 40 mg a la venta en el Reino Unido, Europa en l\u00ednea, solicite pastillas de oxicodona de 40 mg baratas en l\u00ednea con... Puede comprar tabletas de oxicodona en l\u00ednea sin receta (sin receta).\" \/>\n<meta property=\"og:url\" content=\"https:\/\/medicinasinc.com\/es\/product\/comprar-oxicodona-40mg-pastillas\/\" \/>\n<meta property=\"og:site_name\" content=\"Medicinas Inc\" \/>\n<meta property=\"article:modified_time\" content=\"2022-03-22T00:51:33+00:00\" \/>\n<meta property=\"og:image\" content=\"https:\/\/medicinasinc.com\/es\/wp-content\/uploads\/sites\/15\/2022\/02\/Buy-OxyCodone-40mg.jpg\" \/>\n\t<meta property=\"og:image:width\" content=\"600\" \/>\n\t<meta property=\"og:image:height\" content=\"400\" \/>\n\t<meta property=\"og:image:type\" content=\"image\/jpeg\" \/>\n<meta name=\"twitter:card\" content=\"summary_large_image\" \/>\n<meta name=\"twitter:label1\" content=\"Tiempo de lectura\" \/>\n\t<meta name=\"twitter:data1\" content=\"1 minuto\" \/>\n<script type=\"application\/ld+json\" class=\"yoast-schema-graph\">{\"@context\":\"https:\\\/\\\/schema.org\",\"@graph\":[{\"@type\":\"WebPage\",\"@id\":\"https:\\\/\\\/medicinasinc.com\\\/es\\\/product\\\/comprar-oxicodona-40mg-pastillas\\\/\",\"url\":\"https:\\\/\\\/medicinasinc.com\\\/es\\\/product\\\/comprar-oxicodona-40mg-pastillas\\\/\",\"name\":\"Comprar pastillas de OxyCodone de 40 mg - Best Best Global Meds\",\"isPartOf\":{\"@id\":\"https:\\\/\\\/medicinasinc.com\\\/es\\\/#website\"},\"primaryImageOfPage\":{\"@id\":\"https:\\\/\\\/medicinasinc.com\\\/es\\\/product\\\/comprar-oxicodona-40mg-pastillas\\\/#primaryimage\"},\"image\":{\"@id\":\"https:\\\/\\\/medicinasinc.com\\\/es\\\/product\\\/comprar-oxicodona-40mg-pastillas\\\/#primaryimage\"},\"thumbnailUrl\":\"https:\\\/\\\/medicinasinc.com\\\/es\\\/wp-content\\\/uploads\\\/sites\\\/15\\\/2022\\\/02\\\/Buy-OxyCodone-40mg.jpg\",\"datePublished\":\"2022-02-21T18:15:16+00:00\",\"dateModified\":\"2022-03-22T00:51:33+00:00\",\"description\":\"Compre pastillas de oxicodona de 40 mg a la venta en el Reino Unido, Europa en l\u00ednea, solicite pastillas de oxicodona de 40 mg baratas en l\u00ednea con... Puede comprar tabletas de oxicodona en l\u00ednea sin receta (sin receta).\",\"breadcrumb\":{\"@id\":\"https:\\\/\\\/medicinasinc.com\\\/es\\\/product\\\/comprar-oxicodona-40mg-pastillas\\\/#breadcrumb\"},\"inLanguage\":\"es\",\"potentialAction\":[{\"@type\":\"ReadAction\",\"target\":[\"https:\\\/\\\/medicinasinc.com\\\/es\\\/product\\\/comprar-oxicodona-40mg-pastillas\\\/\"]}]},{\"@type\":\"ImageObject\",\"inLanguage\":\"es\",\"@id\":\"https:\\\/\\\/medicinasinc.com\\\/es\\\/product\\\/comprar-oxicodona-40mg-pastillas\\\/#primaryimage\",\"url\":\"https:\\\/\\\/medicinasinc.com\\\/es\\\/wp-content\\\/uploads\\\/sites\\\/15\\\/2022\\\/02\\\/Buy-OxyCodone-40mg.jpg\",\"contentUrl\":\"https:\\\/\\\/medicinasinc.com\\\/es\\\/wp-content\\\/uploads\\\/sites\\\/15\\\/2022\\\/02\\\/Buy-OxyCodone-40mg.jpg\",\"width\":600,\"height\":400},{\"@type\":\"BreadcrumbList\",\"@id\":\"https:\\\/\\\/medicinasinc.com\\\/es\\\/product\\\/comprar-oxicodona-40mg-pastillas\\\/#breadcrumb\",\"itemListElement\":[{\"@type\":\"ListItem\",\"position\":1,\"name\":\"Tienda\",\"item\":\"https:\\\/\\\/medicinasinc.com\\\/es\\\/tienda\\\/\"},{\"@type\":\"ListItem\",\"position\":2,\"name\":\"Comprar OxyCodone 40mg pastillas\"}]},{\"@type\":\"WebSite\",\"@id\":\"https:\\\/\\\/medicinasinc.com\\\/es\\\/#website\",\"url\":\"https:\\\/\\\/medicinasinc.com\\\/es\\\/\",\"name\":\"Medicinas Inc\",\"description\":\"Cl\u00ednica M\u00e9dica de Salud\",\"potentialAction\":[{\"@type\":\"SearchAction\",\"target\":{\"@type\":\"EntryPoint\",\"urlTemplate\":\"https:\\\/\\\/medicinasinc.com\\\/es\\\/?s={search_term_string}\"},\"query-input\":{\"@type\":\"PropertyValueSpecification\",\"valueRequired\":true,\"valueName\":\"search_term_string\"}}],\"inLanguage\":\"es\"}]}<\/script>\n<!-- \/ Yoast SEO plugin. -->","yoast_head_json":{"title":"Comprar pastillas de OxyCodone de 40 mg - Best Best Global Meds","description":"Compre pastillas de oxicodona de 40 mg a la venta en el Reino Unido, Europa en l\u00ednea, solicite pastillas de oxicodona de 40 mg baratas en l\u00ednea con... Puede comprar tabletas de oxicodona en l\u00ednea sin receta (sin receta).","robots":{"index":"index","follow":"follow","max-snippet":"max-snippet:-1","max-image-preview":"max-image-preview:large","max-video-preview":"max-video-preview:-1"},"canonical":"https:\/\/medicinasinc.com\/es\/product\/comprar-oxicodona-40mg-pastillas\/","og_locale":"es_ES","og_type":"article","og_title":"Comprar pastillas de OxyCodone de 40 mg - Best Best Global Meds","og_description":"Compre pastillas de oxicodona de 40 mg a la venta en el Reino Unido, Europa en l\u00ednea, solicite pastillas de oxicodona de 40 mg baratas en l\u00ednea con... Puede comprar tabletas de oxicodona en l\u00ednea sin receta (sin receta).","og_url":"https:\/\/medicinasinc.com\/es\/product\/comprar-oxicodona-40mg-pastillas\/","og_site_name":"Medicinas Inc","article_modified_time":"2022-03-22T00:51:33+00:00","og_image":[{"width":600,"height":400,"url":"https:\/\/medicinasinc.com\/es\/wp-content\/uploads\/sites\/15\/2022\/02\/Buy-OxyCodone-40mg.jpg","type":"image\/jpeg"}],"twitter_card":"summary_large_image","twitter_misc":{"Tiempo de lectura":"1 minuto"},"schema":{"@context":"https:\/\/schema.org","@graph":[{"@type":"WebPage","@id":"https:\/\/medicinasinc.com\/es\/product\/comprar-oxicodona-40mg-pastillas\/","url":"https:\/\/medicinasinc.com\/es\/product\/comprar-oxicodona-40mg-pastillas\/","name":"Comprar pastillas de OxyCodone de 40 mg - Best Best Global Meds","isPartOf":{"@id":"https:\/\/medicinasinc.com\/es\/#website"},"primaryImageOfPage":{"@id":"https:\/\/medicinasinc.com\/es\/product\/comprar-oxicodona-40mg-pastillas\/#primaryimage"},"image":{"@id":"https:\/\/medicinasinc.com\/es\/product\/comprar-oxicodona-40mg-pastillas\/#primaryimage"},"thumbnailUrl":"https:\/\/medicinasinc.com\/es\/wp-content\/uploads\/sites\/15\/2022\/02\/Buy-OxyCodone-40mg.jpg","datePublished":"2022-02-21T18:15:16+00:00","dateModified":"2022-03-22T00:51:33+00:00","description":"Compre pastillas de oxicodona de 40 mg a la venta en el Reino Unido, Europa en l\u00ednea, solicite pastillas de oxicodona de 40 mg baratas en l\u00ednea con... Puede comprar tabletas de oxicodona en l\u00ednea sin receta (sin receta).","breadcrumb":{"@id":"https:\/\/medicinasinc.com\/es\/product\/comprar-oxicodona-40mg-pastillas\/#breadcrumb"},"inLanguage":"es","potentialAction":[{"@type":"ReadAction","target":["https:\/\/medicinasinc.com\/es\/product\/comprar-oxicodona-40mg-pastillas\/"]}]},{"@type":"ImageObject","inLanguage":"es","@id":"https:\/\/medicinasinc.com\/es\/product\/comprar-oxicodona-40mg-pastillas\/#primaryimage","url":"https:\/\/medicinasinc.com\/es\/wp-content\/uploads\/sites\/15\/2022\/02\/Buy-OxyCodone-40mg.jpg","contentUrl":"https:\/\/medicinasinc.com\/es\/wp-content\/uploads\/sites\/15\/2022\/02\/Buy-OxyCodone-40mg.jpg","width":600,"height":400},{"@type":"BreadcrumbList","@id":"https:\/\/medicinasinc.com\/es\/product\/comprar-oxicodona-40mg-pastillas\/#breadcrumb","itemListElement":[{"@type":"ListItem","position":1,"name":"Tienda","item":"https:\/\/medicinasinc.com\/es\/tienda\/"},{"@type":"ListItem","position":2,"name":"Comprar OxyCodone 40mg pastillas"}]},{"@type":"WebSite","@id":"https:\/\/medicinasinc.com\/es\/#website","url":"https:\/\/medicinasinc.com\/es\/","name":"Medicinas Inc","description":"Cl\u00ednica M\u00e9dica de Salud","potentialAction":[{"@type":"SearchAction","target":{"@type":"EntryPoint","urlTemplate":"https:\/\/medicinasinc.com\/es\/?s={search_term_string}"},"query-input":{"@type":"PropertyValueSpecification","valueRequired":true,"valueName":"search_term_string"}}],"inLanguage":"es"}]}},"_links":{"self":[{"href":"https:\/\/medicinasinc.com\/es\/wp-json\/wp\/v2\/product\/5293","targetHints":{"allow":["GET"]}}],"collection":[{"href":"https:\/\/medicinasinc.com\/es\/wp-json\/wp\/v2\/product"}],"about":[{"href":"https:\/\/medicinasinc.com\/es\/wp-json\/wp\/v2\/types\/product"}],"replies":[{"embeddable":true,"href":"https:\/\/medicinasinc.com\/es\/wp-json\/wp\/v2\/comments?post=5293"}],"wp:featuredmedia":[{"embeddable":true,"href":"https:\/\/medicinasinc.com\/es\/wp-json\/wp\/v2\/media\/5301"}],"wp:attachment":[{"href":"https:\/\/medicinasinc.com\/es\/wp-json\/wp\/v2\/media?parent=5293"}],"wp:term":[{"taxonomy":"product_brand","embeddable":true,"href":"https:\/\/medicinasinc.com\/es\/wp-json\/wp\/v2\/product_brand?post=5293"},{"taxonomy":"product_cat","embeddable":true,"href":"https:\/\/medicinasinc.com\/es\/wp-json\/wp\/v2\/product_cat?post=5293"},{"taxonomy":"product_tag","embeddable":true,"href":"https:\/\/medicinasinc.com\/es\/wp-json\/wp\/v2\/product_tag?post=5293"}],"curies":[{"name":"wp","href":"https:\/\/api.w.org\/{rel}","templated":true}]}}