{"id":5265,"date":"2022-02-20T22:55:20","date_gmt":"2022-02-20T22:55:20","guid":{"rendered":"https:\/\/medicinasinc.com\/es\/?post_type=product&#038;p=5265"},"modified":"2022-03-22T00:51:42","modified_gmt":"2022-03-22T00:51:42","slug":"comprar-mogadon-nitrazepam-5mg-pastillas","status":"publish","type":"product","link":"https:\/\/medicinasinc.com\/es\/product\/comprar-mogadon-nitrazepam-5mg-pastillas\/","title":{"rendered":"Comprar pastillas Mogadon Nitrazepam 5mg"},"content":{"rendered":"<p>Compra en l\u00ednea de pastillas de 5 mg de Mogadon Nitrazepam<br \/> Mogadon cuesta $0.31 por pastilla con nosotros en PocketPills. Mogadon puede ser menos costoso si su seguro lo cubre. Para obtener el costo total de Mogadon, debe incluir adicionalmente los gastos de entrega y env\u00edo.<\/p>\n<p>\u00bfCu\u00e1nto cuesta la tarifa de entrega de Mogadon?<\/p>\n<p>El costo de dispensar Mogadon con nosotros es simplemente $7 . Pocketpills se esfuerza por ofrecerle los precios m\u00e1s bajos de Mogadon en Canad\u00e1.<br \/> Tenga en cuenta que ofrecemos ENV\u00cdO GRATUITO en todos los pedidos a nivel mundial.<\/p>\n<div>\n<div>\n<div>\n<div class=\"margin- tl\">\n<div class=\"drugcontent-wrapper\">\n<div class=\"h4\">\n<ul>\n<li>Recuerde, le ofrecemos env\u00edo GRATIS en Canad\u00e1.<\/li>\n<\/ul><\/div><\/div><\/div><\/div><\/div><\/div>\n<div class=\"producto-siguiente-anterior\">\n<div class=\"producto-anterior\"><\/div><\/div>\n","protected":false},"excerpt":{"rendered":"<p>Pastillas de 5 mg de Mogadon Nitrazepam a la venta en el Reino Unido y Europa. dificultad para conciliar el sue\u00f1o, despertares repetidos durante la noche y despertar temprano en la ma\u00f1ana. Adem\u00e1s, se utiliza para controlar las convulsiones miocl\u00f3nicas.<\/p>\n<p>Mogadon Buy Online &#8211; P\u00edldoras de la m\u00e1s alta calidad Compre Nitrazepam en l\u00ednea sin receta, ordene y reciba su Mogadon internacionalmente a trav\u00e9s de entrega r\u00e1pida.<\/p>\n<p>compra de nitrazepam xr 30 mg<\/p>\n<p>compre nitrazepam con entrega al d\u00eda siguiente compre nitrazepam sin receta en l\u00ednea compre nitrazepam en costa rica, europa, dubai, china, la union europea y en todo el mundo. Tabletas de nitrazepam gen\u00e9rico<\/p>\n","protected":false},"featured_media":5995,"comment_status":"open","ping_status":"closed","template":"","meta":[],"product_brand":[],"product_cat":[1117],"product_tag":[1633,1629,1630,1631,1632,1634,1636,1635,1637],"class_list":{"0":"post-5265","1":"product","2":"type-product","3":"status-publish","4":"has-post-thumbnail","6":"product_cat-compre-pastillas-para-el-dolor-el-sueno-y-el-sexo","7":"product_tag-mogadon-nitrazepam-retiro","8":"product_tag-buy-nitrazepam-10mg-buy-mogadon-online-nitrazepam-5mg-for-sale-buy-mogadon-10mg","9":"product_tag-comprar-mogadon-nitrazepam-barato","10":"product_tag-mogadon-nitrazepam","11":"product_tag-mogadon-nitrazepam-como-dejar-de-fumar","12":"product_tag-nitrazepam-mogadon","13":"product_tag-reddit-mogadon-nitrazepam-retiro","14":"product_tag-reddit-mogadon-nitrazepam","15":"product_tag-reddit-nitrazepam-mogadon-withdrawal","17":"first","18":"instock","19":"shipping-taxable","20":"purchasable","21":"product-type-variable","22":"has-default-attributes"},"yoast_head":"<!-- This site is optimized with the Yoast SEO plugin v27.3 - https:\/\/yoast.com\/product\/yoast-seo-wordpress\/ -->\n<title>Comprar Mogadon Nitrazepam 5mg pastillas - Best Global Meds<\/title>\n<meta name=\"description\" content=\"Compre Mogadon Nitrazepam 5mg pastillas para la venta en el Reino Unido, Europa en l\u00ednea. dificultad para quedarse dormido, despertares sucesivos a lo largo de la noche y despertares temprano en la ma\u00f1ana. Tambi\u00e9n se utiliza para controlar las convulsiones miocl\u00f3nicas.\" \/>\n<meta name=\"robots\" content=\"index, follow, max-snippet:-1, max-image-preview:large, max-video-preview:-1\" \/>\n<link rel=\"canonical\" href=\"https:\/\/medicinasinc.com\/es\/product\/comprar-mogadon-nitrazepam-5mg-pastillas\/\" \/>\n<meta property=\"og:locale\" content=\"es_ES\" \/>\n<meta property=\"og:type\" content=\"article\" \/>\n<meta property=\"og:title\" content=\"Comprar Mogadon Nitrazepam 5mg pastillas - Best Global Meds\" \/>\n<meta property=\"og:description\" content=\"Compre Mogadon Nitrazepam 5mg pastillas para la venta en el Reino Unido, Europa en l\u00ednea. dificultad para quedarse dormido, despertares sucesivos a lo largo de la noche y despertares temprano en la ma\u00f1ana. Tambi\u00e9n se utiliza para controlar las convulsiones miocl\u00f3nicas.\" \/>\n<meta property=\"og:url\" content=\"https:\/\/medicinasinc.com\/es\/product\/comprar-mogadon-nitrazepam-5mg-pastillas\/\" \/>\n<meta property=\"og:site_name\" content=\"Medicinas Inc\" \/>\n<meta property=\"article:modified_time\" content=\"2022-03-22T00:51:42+00:00\" \/>\n<meta property=\"og:image\" content=\"https:\/\/medicinasinc.com\/es\/wp-content\/uploads\/sites\/15\/2022\/02\/Buy-Mogadon-Nitrazepam-5mg-pills.jpg\" \/>\n\t<meta property=\"og:image:width\" content=\"640\" \/>\n\t<meta property=\"og:image:height\" content=\"480\" \/>\n\t<meta property=\"og:image:type\" content=\"image\/jpeg\" \/>\n<meta name=\"twitter:card\" content=\"summary_large_image\" \/>\n<meta name=\"twitter:label1\" content=\"Tiempo de lectura\" \/>\n\t<meta name=\"twitter:data1\" content=\"1 minuto\" \/>\n<script type=\"application\/ld+json\" class=\"yoast-schema-graph\">{\"@context\":\"https:\\\/\\\/schema.org\",\"@graph\":[{\"@type\":\"WebPage\",\"@id\":\"https:\\\/\\\/medicinasinc.com\\\/es\\\/product\\\/comprar-mogadon-nitrazepam-5mg-pastillas\\\/\",\"url\":\"https:\\\/\\\/medicinasinc.com\\\/es\\\/product\\\/comprar-mogadon-nitrazepam-5mg-pastillas\\\/\",\"name\":\"Comprar Mogadon Nitrazepam 5mg pastillas - Best Global Meds\",\"isPartOf\":{\"@id\":\"https:\\\/\\\/medicinasinc.com\\\/es\\\/#website\"},\"primaryImageOfPage\":{\"@id\":\"https:\\\/\\\/medicinasinc.com\\\/es\\\/product\\\/comprar-mogadon-nitrazepam-5mg-pastillas\\\/#primaryimage\"},\"image\":{\"@id\":\"https:\\\/\\\/medicinasinc.com\\\/es\\\/product\\\/comprar-mogadon-nitrazepam-5mg-pastillas\\\/#primaryimage\"},\"thumbnailUrl\":\"https:\\\/\\\/medicinasinc.com\\\/es\\\/wp-content\\\/uploads\\\/sites\\\/15\\\/2022\\\/02\\\/Buy-Mogadon-Nitrazepam-5mg-pills.jpg\",\"datePublished\":\"2022-02-20T22:55:20+00:00\",\"dateModified\":\"2022-03-22T00:51:42+00:00\",\"description\":\"Compre Mogadon Nitrazepam 5mg pastillas para la venta en el Reino Unido, Europa en l\u00ednea. dificultad para quedarse dormido, despertares sucesivos a lo largo de la noche y despertares temprano en la ma\u00f1ana. Tambi\u00e9n se utiliza para controlar las convulsiones miocl\u00f3nicas.\",\"breadcrumb\":{\"@id\":\"https:\\\/\\\/medicinasinc.com\\\/es\\\/product\\\/comprar-mogadon-nitrazepam-5mg-pastillas\\\/#breadcrumb\"},\"inLanguage\":\"es\",\"potentialAction\":[{\"@type\":\"ReadAction\",\"target\":[\"https:\\\/\\\/medicinasinc.com\\\/es\\\/product\\\/comprar-mogadon-nitrazepam-5mg-pastillas\\\/\"]}]},{\"@type\":\"ImageObject\",\"inLanguage\":\"es\",\"@id\":\"https:\\\/\\\/medicinasinc.com\\\/es\\\/product\\\/comprar-mogadon-nitrazepam-5mg-pastillas\\\/#primaryimage\",\"url\":\"https:\\\/\\\/medicinasinc.com\\\/es\\\/wp-content\\\/uploads\\\/sites\\\/15\\\/2022\\\/02\\\/Buy-Mogadon-Nitrazepam-5mg-pills.jpg\",\"contentUrl\":\"https:\\\/\\\/medicinasinc.com\\\/es\\\/wp-content\\\/uploads\\\/sites\\\/15\\\/2022\\\/02\\\/Buy-Mogadon-Nitrazepam-5mg-pills.jpg\",\"width\":640,\"height\":480,\"caption\":\"Buy Mogadon Nitrazepam 5mg pills\"},{\"@type\":\"BreadcrumbList\",\"@id\":\"https:\\\/\\\/medicinasinc.com\\\/es\\\/product\\\/comprar-mogadon-nitrazepam-5mg-pastillas\\\/#breadcrumb\",\"itemListElement\":[{\"@type\":\"ListItem\",\"position\":1,\"name\":\"Tienda\",\"item\":\"https:\\\/\\\/medicinasinc.com\\\/es\\\/tienda\\\/\"},{\"@type\":\"ListItem\",\"position\":2,\"name\":\"Comprar pastillas Mogadon Nitrazepam 5mg\"}]},{\"@type\":\"WebSite\",\"@id\":\"https:\\\/\\\/medicinasinc.com\\\/es\\\/#website\",\"url\":\"https:\\\/\\\/medicinasinc.com\\\/es\\\/\",\"name\":\"Medicinas Inc\",\"description\":\"Cl\u00ednica M\u00e9dica de Salud\",\"potentialAction\":[{\"@type\":\"SearchAction\",\"target\":{\"@type\":\"EntryPoint\",\"urlTemplate\":\"https:\\\/\\\/medicinasinc.com\\\/es\\\/?s={search_term_string}\"},\"query-input\":{\"@type\":\"PropertyValueSpecification\",\"valueRequired\":true,\"valueName\":\"search_term_string\"}}],\"inLanguage\":\"es\"}]}<\/script>\n<!-- \/ Yoast SEO plugin. -->","yoast_head_json":{"title":"Comprar Mogadon Nitrazepam 5mg pastillas - Best Global Meds","description":"Compre Mogadon Nitrazepam 5mg pastillas para la venta en el Reino Unido, Europa en l\u00ednea. dificultad para quedarse dormido, despertares sucesivos a lo largo de la noche y despertares temprano en la ma\u00f1ana. Tambi\u00e9n se utiliza para controlar las convulsiones miocl\u00f3nicas.","robots":{"index":"index","follow":"follow","max-snippet":"max-snippet:-1","max-image-preview":"max-image-preview:large","max-video-preview":"max-video-preview:-1"},"canonical":"https:\/\/medicinasinc.com\/es\/product\/comprar-mogadon-nitrazepam-5mg-pastillas\/","og_locale":"es_ES","og_type":"article","og_title":"Comprar Mogadon Nitrazepam 5mg pastillas - Best Global Meds","og_description":"Compre Mogadon Nitrazepam 5mg pastillas para la venta en el Reino Unido, Europa en l\u00ednea. dificultad para quedarse dormido, despertares sucesivos a lo largo de la noche y despertares temprano en la ma\u00f1ana. Tambi\u00e9n se utiliza para controlar las convulsiones miocl\u00f3nicas.","og_url":"https:\/\/medicinasinc.com\/es\/product\/comprar-mogadon-nitrazepam-5mg-pastillas\/","og_site_name":"Medicinas Inc","article_modified_time":"2022-03-22T00:51:42+00:00","og_image":[{"width":640,"height":480,"url":"https:\/\/medicinasinc.com\/es\/wp-content\/uploads\/sites\/15\/2022\/02\/Buy-Mogadon-Nitrazepam-5mg-pills.jpg","type":"image\/jpeg"}],"twitter_card":"summary_large_image","twitter_misc":{"Tiempo de lectura":"1 minuto"},"schema":{"@context":"https:\/\/schema.org","@graph":[{"@type":"WebPage","@id":"https:\/\/medicinasinc.com\/es\/product\/comprar-mogadon-nitrazepam-5mg-pastillas\/","url":"https:\/\/medicinasinc.com\/es\/product\/comprar-mogadon-nitrazepam-5mg-pastillas\/","name":"Comprar Mogadon Nitrazepam 5mg pastillas - Best Global Meds","isPartOf":{"@id":"https:\/\/medicinasinc.com\/es\/#website"},"primaryImageOfPage":{"@id":"https:\/\/medicinasinc.com\/es\/product\/comprar-mogadon-nitrazepam-5mg-pastillas\/#primaryimage"},"image":{"@id":"https:\/\/medicinasinc.com\/es\/product\/comprar-mogadon-nitrazepam-5mg-pastillas\/#primaryimage"},"thumbnailUrl":"https:\/\/medicinasinc.com\/es\/wp-content\/uploads\/sites\/15\/2022\/02\/Buy-Mogadon-Nitrazepam-5mg-pills.jpg","datePublished":"2022-02-20T22:55:20+00:00","dateModified":"2022-03-22T00:51:42+00:00","description":"Compre Mogadon Nitrazepam 5mg pastillas para la venta en el Reino Unido, Europa en l\u00ednea. dificultad para quedarse dormido, despertares sucesivos a lo largo de la noche y despertares temprano en la ma\u00f1ana. Tambi\u00e9n se utiliza para controlar las convulsiones miocl\u00f3nicas.","breadcrumb":{"@id":"https:\/\/medicinasinc.com\/es\/product\/comprar-mogadon-nitrazepam-5mg-pastillas\/#breadcrumb"},"inLanguage":"es","potentialAction":[{"@type":"ReadAction","target":["https:\/\/medicinasinc.com\/es\/product\/comprar-mogadon-nitrazepam-5mg-pastillas\/"]}]},{"@type":"ImageObject","inLanguage":"es","@id":"https:\/\/medicinasinc.com\/es\/product\/comprar-mogadon-nitrazepam-5mg-pastillas\/#primaryimage","url":"https:\/\/medicinasinc.com\/es\/wp-content\/uploads\/sites\/15\/2022\/02\/Buy-Mogadon-Nitrazepam-5mg-pills.jpg","contentUrl":"https:\/\/medicinasinc.com\/es\/wp-content\/uploads\/sites\/15\/2022\/02\/Buy-Mogadon-Nitrazepam-5mg-pills.jpg","width":640,"height":480,"caption":"Buy Mogadon Nitrazepam 5mg pills"},{"@type":"BreadcrumbList","@id":"https:\/\/medicinasinc.com\/es\/product\/comprar-mogadon-nitrazepam-5mg-pastillas\/#breadcrumb","itemListElement":[{"@type":"ListItem","position":1,"name":"Tienda","item":"https:\/\/medicinasinc.com\/es\/tienda\/"},{"@type":"ListItem","position":2,"name":"Comprar pastillas Mogadon Nitrazepam 5mg"}]},{"@type":"WebSite","@id":"https:\/\/medicinasinc.com\/es\/#website","url":"https:\/\/medicinasinc.com\/es\/","name":"Medicinas Inc","description":"Cl\u00ednica M\u00e9dica de Salud","potentialAction":[{"@type":"SearchAction","target":{"@type":"EntryPoint","urlTemplate":"https:\/\/medicinasinc.com\/es\/?s={search_term_string}"},"query-input":{"@type":"PropertyValueSpecification","valueRequired":true,"valueName":"search_term_string"}}],"inLanguage":"es"}]}},"_links":{"self":[{"href":"https:\/\/medicinasinc.com\/es\/wp-json\/wp\/v2\/product\/5265","targetHints":{"allow":["GET"]}}],"collection":[{"href":"https:\/\/medicinasinc.com\/es\/wp-json\/wp\/v2\/product"}],"about":[{"href":"https:\/\/medicinasinc.com\/es\/wp-json\/wp\/v2\/types\/product"}],"replies":[{"embeddable":true,"href":"https:\/\/medicinasinc.com\/es\/wp-json\/wp\/v2\/comments?post=5265"}],"wp:featuredmedia":[{"embeddable":true,"href":"https:\/\/medicinasinc.com\/es\/wp-json\/wp\/v2\/media\/5995"}],"wp:attachment":[{"href":"https:\/\/medicinasinc.com\/es\/wp-json\/wp\/v2\/media?parent=5265"}],"wp:term":[{"taxonomy":"product_brand","embeddable":true,"href":"https:\/\/medicinasinc.com\/es\/wp-json\/wp\/v2\/product_brand?post=5265"},{"taxonomy":"product_cat","embeddable":true,"href":"https:\/\/medicinasinc.com\/es\/wp-json\/wp\/v2\/product_cat?post=5265"},{"taxonomy":"product_tag","embeddable":true,"href":"https:\/\/medicinasinc.com\/es\/wp-json\/wp\/v2\/product_tag?post=5265"}],"curies":[{"name":"wp","href":"https:\/\/api.w.org\/{rel}","templated":true}]}}