{"id":5264,"date":"2022-02-20T22:53:05","date_gmt":"2022-02-20T22:53:05","guid":{"rendered":"https:\/\/medicinasinc.com\/es\/?post_type=product&#038;p=5264"},"modified":"2022-03-22T00:51:56","modified_gmt":"2022-03-22T00:51:56","slug":"comprar-motrin-ibuprofen-600mg-pastillas","status":"publish","type":"product","link":"https:\/\/medicinasinc.com\/es\/product\/comprar-motrin-ibuprofen-600mg-pastillas\/","title":{"rendered":"Comprar Motrin Ibuprofen 600mg pastillas"},"content":{"rendered":"<p>Motrin: las pastillas de ibuprofeno de 600 mg se pueden comprar en l\u00ednea.<br \/> Las pastillas de Motrin Ibuprofen de 600 mg se pueden comprar en l\u00ednea.<\/p>\n<p>El ibuprofeno de 600 mg est\u00e1 disponible en forma de tableta. Es un miembro de la clase de medicamentos conocidos como AINE &#8211; Medicamentos antiinflamatorios no esteroideos. Se usa para tratar la osteoartritis, la artritis reumatoide, la artritis espinal, las articulaciones hinchadas, el hombro congelado, la bursitis, la tendinitis, la tenosinovitis, las molestias en la parte inferior de la espalda y los esguinces y distensiones.<\/p>\n<p>Las tabletas de ibuprofeno de 600 mg deben mantenerse fuera del alcance de los ni\u00f1os. vista y alcance. Debe almacenarse en su embalaje original y mantenerse a una temperatura no superior a 25 grados cent\u00edgrados.<\/p>\n","protected":false},"excerpt":{"rendered":"<div class=\"woocommerce-product-details__short-description\">\n<p>Motrin: las pastillas de 600 mg de ibuprofeno se pueden comprar en l\u00ednea. Compre ibuprofeno en l\u00ednea a costos extremadamente bajos. Los pedidos al por mayor califican para env\u00edo gratis. Si ha estado buscando comprar medicamentos recetados en l\u00ednea sin receta, su b\u00fasqueda est\u00e1 lista.<\/p>\n<p>El ibuprofeno de 600 mg est\u00e1 disponible en forma de tableta. Es miembro de la clase de medicamentos conocidos como NSAID &#8211; Medicamentos antiinflamatorios no esteroideos.<\/p>\n<p>Ibuprofeno 600 mg comprimidos, ibuprofeno 600 mg con receta, ibuprofeno 600 mg sin receta, ibuprofeno 600 mg dosis para adultos, ibuprofeno 600 mg costo por pastilla, ibuprofeno 600 mg botas, motrin 600 mg, ibuprofeno 600 mg de venta libre en el Reino Unido<\/p>\n<\/p><\/div>\n","protected":false},"featured_media":5282,"comment_status":"open","ping_status":"closed","template":"","meta":[],"product_brand":[],"product_cat":[1117],"product_tag":[1571,1572,1574,1576,1627,1628,1582,1577,1578,1585,1621,1592,1601,1603,1610,1608,1607,1605,1606,1587,1588,1589,1594,1595,1596,1584,1586,1590,1602,1597,1593,1598,1591,1599,1573,1600,1604,1609,1611,1612,1613,1616,1617,1579,1581,1614,1615,1622,1618,1619,1620,1623,1580,1624,1625,1626,1575,1583],"class_list":{"0":"post-5264","1":"product","2":"type-product","3":"status-publish","4":"has-post-thumbnail","6":"product_cat-compre-pastillas-para-el-dolor-el-sueno-y-el-sexo","7":"product_tag-600-mg-ibuprofen-over-the-counter-uk","8":"product_tag-advil-motrin-ibuprofen","9":"product_tag-are-ibuprofen-and-motrin-the-same-thing","10":"product_tag-are-motrin-and-ibuprofen-the-same-thing","11":"product_tag-cual-es-la-diferencia-entre-ibuprofeno-y-motrin","12":"product_tag-cual-es-la-diferencia-entre-motrin-e-ibuprofeno","13":"product_tag-cuanto-ibuprofeno-en-motrin","14":"product_tag-diferencia-entre-ibuprofeno-y-motrin","15":"product_tag-diferencia-entre-motrin-e-ibuprofeno","16":"product_tag-ibuprofeno-600-mg-dosis-para-adultos","17":"product_tag-motrin-ibuprofen-dosis","18":"product_tag-ibuprofeno-es-motrin","19":"product_tag-es-ibuprofeno-motrin","20":"product_tag-es-motrin-e-ibuprofeno-lo-mismo","21":"product_tag-es-motrin-lo-mismo-que-ibuprofeno","22":"product_tag-es-motrin-igual-que-ibuprofeno","23":"product_tag-es-motrin-como-ibuprofeno","24":"product_tag-es-motrin-ibuprofeno","25":"product_tag-es-motrin-ibuprofeno-o-acetaminofeno","26":"product_tag-ibuprofen-600-mg-prescription-strength","27":"product_tag-ibuprofen-600-mg-price-per-pill","28":"product_tag-ibuprofen-600mg-tablets","29":"product_tag-ibuprofen-motrin-600-mg","30":"product_tag-ibuprofen-motrin-800-mg","31":"product_tag-ibuprofen-motrin-800mg","32":"product_tag-ibuprofeno-600-mg-botas","33":"product_tag-ibuprofeno-600-mg-over-the-counter","34":"product_tag-ibuprofeno-advil-motrin","35":"product_tag-es-ibuprofeno-igual-que-motrin","36":"product_tag-ibuprofeno-igual-que-motrin","37":"product_tag-ibuprofeno-motrin","38":"product_tag-ibuprofeno-vs-motrin","39":"product_tag-ibuprofeno-y-motrin","40":"product_tag-es-ibuprofeno-y-motrin-lo-mismo","41":"product_tag-son-ibuprofeno-y-motrin-lo-mismo","42":"product_tag-is-ibuprofen-and-motrin-the-same-thing","43":"product_tag-is-motrin-and-ibuprofen-the-same-thing","44":"product_tag-is-motrin-the-same-as-ibuprofen","45":"product_tag-motrin-600-mg","46":"product_tag-motrin-600-mg-vs-ibuprofeno","47":"product_tag-motrin-800-vs-ibuprofeno","48":"product_tag-motrin-and-ibuprofen-the-same-thing","49":"product_tag-motrin-and-ibuprofen-together","50":"product_tag-motrin-contiene-ibuprofeno","51":"product_tag-tiene-motrin-ibuprofen-in-it","52":"product_tag-motrin-e-ibuprofeno","53":"product_tag-motrin-e-ibuprofeno-lo-mismo","54":"product_tag-motrin-es-ibuprofeno","55":"product_tag-motrin-ib","56":"product_tag-motrin-ibuprofeno","57":"product_tag-motrin-ibuprofen-200-mg","58":"product_tag-motrin-igual-que-ibuprofeno","59":"product_tag-tiene-motrin-ibuprofeno","60":"product_tag-motrin-versus-ibuprofeno","61":"product_tag-motrin-vs-advil-vs-ibuprofeno","62":"product_tag-motrin-vs-ibuprofeno","63":"product_tag-son-motrin-e-ibuprofeno-lo-mismo","64":"product_tag-ibuprofeno-200mg-tabletas","66":"first","67":"instock","68":"shipping-taxable","69":"purchasable","70":"product-type-variable","71":"has-default-attributes"},"yoast_head":"<!-- This site is optimized with the Yoast SEO plugin v27.3 - https:\/\/yoast.com\/product\/yoast-seo-wordpress\/ -->\n<title>Compre Motrin Ibuprofen 600 mg en pastillas - Best Best Global Meds<\/title>\n<meta name=\"description\" content=\"Compre Motrin Ibuprofen 600 mg pastillas en l\u00ednea. Comprar Ibuprofeno 600mg Online a precios muy econ\u00f3micos. Env\u00edo gratuito en pedidos al por mayor. Si ha estado buscando comprar medicamentos en l\u00ednea sin receta, entonces su b\u00fasqueda ha terminado.\" \/>\n<meta name=\"robots\" content=\"index, follow, max-snippet:-1, max-image-preview:large, max-video-preview:-1\" \/>\n<link rel=\"canonical\" href=\"https:\/\/medicinasinc.com\/es\/product\/comprar-motrin-ibuprofen-600mg-pastillas\/\" \/>\n<meta property=\"og:locale\" content=\"es_ES\" \/>\n<meta property=\"og:type\" content=\"article\" \/>\n<meta property=\"og:title\" content=\"Compre Motrin Ibuprofen 600 mg en pastillas - Best Best Global Meds\" \/>\n<meta property=\"og:description\" content=\"Compre Motrin Ibuprofen 600 mg pastillas en l\u00ednea. Comprar Ibuprofeno 600mg Online a precios muy econ\u00f3micos. Env\u00edo gratuito en pedidos al por mayor. Si ha estado buscando comprar medicamentos en l\u00ednea sin receta, entonces su b\u00fasqueda ha terminado.\" \/>\n<meta property=\"og:url\" content=\"https:\/\/medicinasinc.com\/es\/product\/comprar-motrin-ibuprofen-600mg-pastillas\/\" \/>\n<meta property=\"og:site_name\" content=\"Medicinas Inc\" \/>\n<meta property=\"article:modified_time\" content=\"2022-03-22T00:51:56+00:00\" \/>\n<meta property=\"og:image\" content=\"https:\/\/medicinasinc.com\/es\/wp-content\/uploads\/sites\/15\/2022\/02\/Buy-Motrin-Ibuprofen-600mg.jpg\" \/>\n\t<meta property=\"og:image:width\" content=\"1200\" \/>\n\t<meta property=\"og:image:height\" content=\"1200\" \/>\n\t<meta property=\"og:image:type\" content=\"image\/jpeg\" \/>\n<meta name=\"twitter:card\" content=\"summary_large_image\" \/>\n<meta name=\"twitter:label1\" content=\"Tiempo de lectura\" \/>\n\t<meta name=\"twitter:data1\" content=\"1 minuto\" \/>\n<script type=\"application\/ld+json\" class=\"yoast-schema-graph\">{\"@context\":\"https:\\\/\\\/schema.org\",\"@graph\":[{\"@type\":\"WebPage\",\"@id\":\"https:\\\/\\\/medicinasinc.com\\\/es\\\/product\\\/comprar-motrin-ibuprofen-600mg-pastillas\\\/\",\"url\":\"https:\\\/\\\/medicinasinc.com\\\/es\\\/product\\\/comprar-motrin-ibuprofen-600mg-pastillas\\\/\",\"name\":\"Compre Motrin Ibuprofen 600 mg en pastillas - Best Best Global Meds\",\"isPartOf\":{\"@id\":\"https:\\\/\\\/medicinasinc.com\\\/es\\\/#website\"},\"primaryImageOfPage\":{\"@id\":\"https:\\\/\\\/medicinasinc.com\\\/es\\\/product\\\/comprar-motrin-ibuprofen-600mg-pastillas\\\/#primaryimage\"},\"image\":{\"@id\":\"https:\\\/\\\/medicinasinc.com\\\/es\\\/product\\\/comprar-motrin-ibuprofen-600mg-pastillas\\\/#primaryimage\"},\"thumbnailUrl\":\"https:\\\/\\\/medicinasinc.com\\\/es\\\/wp-content\\\/uploads\\\/sites\\\/15\\\/2022\\\/02\\\/Buy-Motrin-Ibuprofen-600mg.jpg\",\"datePublished\":\"2022-02-20T22:53:05+00:00\",\"dateModified\":\"2022-03-22T00:51:56+00:00\",\"description\":\"Compre Motrin Ibuprofen 600 mg pastillas en l\u00ednea. Comprar Ibuprofeno 600mg Online a precios muy econ\u00f3micos. Env\u00edo gratuito en pedidos al por mayor. Si ha estado buscando comprar medicamentos en l\u00ednea sin receta, entonces su b\u00fasqueda ha terminado.\",\"breadcrumb\":{\"@id\":\"https:\\\/\\\/medicinasinc.com\\\/es\\\/product\\\/comprar-motrin-ibuprofen-600mg-pastillas\\\/#breadcrumb\"},\"inLanguage\":\"es\",\"potentialAction\":[{\"@type\":\"ReadAction\",\"target\":[\"https:\\\/\\\/medicinasinc.com\\\/es\\\/product\\\/comprar-motrin-ibuprofen-600mg-pastillas\\\/\"]}]},{\"@type\":\"ImageObject\",\"inLanguage\":\"es\",\"@id\":\"https:\\\/\\\/medicinasinc.com\\\/es\\\/product\\\/comprar-motrin-ibuprofen-600mg-pastillas\\\/#primaryimage\",\"url\":\"https:\\\/\\\/medicinasinc.com\\\/es\\\/wp-content\\\/uploads\\\/sites\\\/15\\\/2022\\\/02\\\/Buy-Motrin-Ibuprofen-600mg.jpg\",\"contentUrl\":\"https:\\\/\\\/medicinasinc.com\\\/es\\\/wp-content\\\/uploads\\\/sites\\\/15\\\/2022\\\/02\\\/Buy-Motrin-Ibuprofen-600mg.jpg\",\"width\":1200,\"height\":1200},{\"@type\":\"BreadcrumbList\",\"@id\":\"https:\\\/\\\/medicinasinc.com\\\/es\\\/product\\\/comprar-motrin-ibuprofen-600mg-pastillas\\\/#breadcrumb\",\"itemListElement\":[{\"@type\":\"ListItem\",\"position\":1,\"name\":\"Tienda\",\"item\":\"https:\\\/\\\/medicinasinc.com\\\/es\\\/tienda\\\/\"},{\"@type\":\"ListItem\",\"position\":2,\"name\":\"Comprar Motrin Ibuprofen 600mg pastillas\"}]},{\"@type\":\"WebSite\",\"@id\":\"https:\\\/\\\/medicinasinc.com\\\/es\\\/#website\",\"url\":\"https:\\\/\\\/medicinasinc.com\\\/es\\\/\",\"name\":\"Medicinas Inc\",\"description\":\"Cl\u00ednica M\u00e9dica de Salud\",\"potentialAction\":[{\"@type\":\"SearchAction\",\"target\":{\"@type\":\"EntryPoint\",\"urlTemplate\":\"https:\\\/\\\/medicinasinc.com\\\/es\\\/?s={search_term_string}\"},\"query-input\":{\"@type\":\"PropertyValueSpecification\",\"valueRequired\":true,\"valueName\":\"search_term_string\"}}],\"inLanguage\":\"es\"}]}<\/script>\n<!-- \/ Yoast SEO plugin. -->","yoast_head_json":{"title":"Compre Motrin Ibuprofen 600 mg en pastillas - Best Best Global Meds","description":"Compre Motrin Ibuprofen 600 mg pastillas en l\u00ednea. Comprar Ibuprofeno 600mg Online a precios muy econ\u00f3micos. Env\u00edo gratuito en pedidos al por mayor. Si ha estado buscando comprar medicamentos en l\u00ednea sin receta, entonces su b\u00fasqueda ha terminado.","robots":{"index":"index","follow":"follow","max-snippet":"max-snippet:-1","max-image-preview":"max-image-preview:large","max-video-preview":"max-video-preview:-1"},"canonical":"https:\/\/medicinasinc.com\/es\/product\/comprar-motrin-ibuprofen-600mg-pastillas\/","og_locale":"es_ES","og_type":"article","og_title":"Compre Motrin Ibuprofen 600 mg en pastillas - Best Best Global Meds","og_description":"Compre Motrin Ibuprofen 600 mg pastillas en l\u00ednea. Comprar Ibuprofeno 600mg Online a precios muy econ\u00f3micos. Env\u00edo gratuito en pedidos al por mayor. Si ha estado buscando comprar medicamentos en l\u00ednea sin receta, entonces su b\u00fasqueda ha terminado.","og_url":"https:\/\/medicinasinc.com\/es\/product\/comprar-motrin-ibuprofen-600mg-pastillas\/","og_site_name":"Medicinas Inc","article_modified_time":"2022-03-22T00:51:56+00:00","og_image":[{"width":1200,"height":1200,"url":"https:\/\/medicinasinc.com\/es\/wp-content\/uploads\/sites\/15\/2022\/02\/Buy-Motrin-Ibuprofen-600mg.jpg","type":"image\/jpeg"}],"twitter_card":"summary_large_image","twitter_misc":{"Tiempo de lectura":"1 minuto"},"schema":{"@context":"https:\/\/schema.org","@graph":[{"@type":"WebPage","@id":"https:\/\/medicinasinc.com\/es\/product\/comprar-motrin-ibuprofen-600mg-pastillas\/","url":"https:\/\/medicinasinc.com\/es\/product\/comprar-motrin-ibuprofen-600mg-pastillas\/","name":"Compre Motrin Ibuprofen 600 mg en pastillas - Best Best Global Meds","isPartOf":{"@id":"https:\/\/medicinasinc.com\/es\/#website"},"primaryImageOfPage":{"@id":"https:\/\/medicinasinc.com\/es\/product\/comprar-motrin-ibuprofen-600mg-pastillas\/#primaryimage"},"image":{"@id":"https:\/\/medicinasinc.com\/es\/product\/comprar-motrin-ibuprofen-600mg-pastillas\/#primaryimage"},"thumbnailUrl":"https:\/\/medicinasinc.com\/es\/wp-content\/uploads\/sites\/15\/2022\/02\/Buy-Motrin-Ibuprofen-600mg.jpg","datePublished":"2022-02-20T22:53:05+00:00","dateModified":"2022-03-22T00:51:56+00:00","description":"Compre Motrin Ibuprofen 600 mg pastillas en l\u00ednea. Comprar Ibuprofeno 600mg Online a precios muy econ\u00f3micos. Env\u00edo gratuito en pedidos al por mayor. Si ha estado buscando comprar medicamentos en l\u00ednea sin receta, entonces su b\u00fasqueda ha terminado.","breadcrumb":{"@id":"https:\/\/medicinasinc.com\/es\/product\/comprar-motrin-ibuprofen-600mg-pastillas\/#breadcrumb"},"inLanguage":"es","potentialAction":[{"@type":"ReadAction","target":["https:\/\/medicinasinc.com\/es\/product\/comprar-motrin-ibuprofen-600mg-pastillas\/"]}]},{"@type":"ImageObject","inLanguage":"es","@id":"https:\/\/medicinasinc.com\/es\/product\/comprar-motrin-ibuprofen-600mg-pastillas\/#primaryimage","url":"https:\/\/medicinasinc.com\/es\/wp-content\/uploads\/sites\/15\/2022\/02\/Buy-Motrin-Ibuprofen-600mg.jpg","contentUrl":"https:\/\/medicinasinc.com\/es\/wp-content\/uploads\/sites\/15\/2022\/02\/Buy-Motrin-Ibuprofen-600mg.jpg","width":1200,"height":1200},{"@type":"BreadcrumbList","@id":"https:\/\/medicinasinc.com\/es\/product\/comprar-motrin-ibuprofen-600mg-pastillas\/#breadcrumb","itemListElement":[{"@type":"ListItem","position":1,"name":"Tienda","item":"https:\/\/medicinasinc.com\/es\/tienda\/"},{"@type":"ListItem","position":2,"name":"Comprar Motrin Ibuprofen 600mg pastillas"}]},{"@type":"WebSite","@id":"https:\/\/medicinasinc.com\/es\/#website","url":"https:\/\/medicinasinc.com\/es\/","name":"Medicinas Inc","description":"Cl\u00ednica M\u00e9dica de Salud","potentialAction":[{"@type":"SearchAction","target":{"@type":"EntryPoint","urlTemplate":"https:\/\/medicinasinc.com\/es\/?s={search_term_string}"},"query-input":{"@type":"PropertyValueSpecification","valueRequired":true,"valueName":"search_term_string"}}],"inLanguage":"es"}]}},"_links":{"self":[{"href":"https:\/\/medicinasinc.com\/es\/wp-json\/wp\/v2\/product\/5264","targetHints":{"allow":["GET"]}}],"collection":[{"href":"https:\/\/medicinasinc.com\/es\/wp-json\/wp\/v2\/product"}],"about":[{"href":"https:\/\/medicinasinc.com\/es\/wp-json\/wp\/v2\/types\/product"}],"replies":[{"embeddable":true,"href":"https:\/\/medicinasinc.com\/es\/wp-json\/wp\/v2\/comments?post=5264"}],"wp:featuredmedia":[{"embeddable":true,"href":"https:\/\/medicinasinc.com\/es\/wp-json\/wp\/v2\/media\/5282"}],"wp:attachment":[{"href":"https:\/\/medicinasinc.com\/es\/wp-json\/wp\/v2\/media?parent=5264"}],"wp:term":[{"taxonomy":"product_brand","embeddable":true,"href":"https:\/\/medicinasinc.com\/es\/wp-json\/wp\/v2\/product_brand?post=5264"},{"taxonomy":"product_cat","embeddable":true,"href":"https:\/\/medicinasinc.com\/es\/wp-json\/wp\/v2\/product_cat?post=5264"},{"taxonomy":"product_tag","embeddable":true,"href":"https:\/\/medicinasinc.com\/es\/wp-json\/wp\/v2\/product_tag?post=5264"}],"curies":[{"name":"wp","href":"https:\/\/api.w.org\/{rel}","templated":true}]}}