{"id":5262,"date":"2022-02-20T22:49:49","date_gmt":"2022-02-20T22:49:49","guid":{"rendered":"https:\/\/medicinasinc.com\/es\/?post_type=product&#038;p=5262"},"modified":"2022-03-22T00:52:13","modified_gmt":"2022-03-22T00:52:13","slug":"comprar-onax-2mg-alprazolam","status":"publish","type":"product","link":"https:\/\/medicinasinc.com\/es\/product\/comprar-onax-2mg-alprazolam\/","title":{"rendered":"Comprar Onax 2mg Alprazolam"},"content":{"rendered":"<p>Comprar pastillas Onax 2mg Alprazolam online | Comprar Onax online | Comprar barras Onax<\/p>\n<p>\u00bfQu\u00e9 es Onax? Comprar Onax Online<\/p>\n<p>Las barras de Onax 2mg (Alprazolam) son bien conocidas por su efecto sedante. Se utiliza para tratar la privaci\u00f3n del sue\u00f1o en cualquier momento del d\u00eda o de la noche. Xanax XR es una benzodiazepina que se usa para tratar la ansiedad, el trastorno de p\u00e1nico y la depresi\u00f3n. Si nos compra barras de Onax de 2 mg, aseg\u00farese de que realmente las necesita y de que un m\u00e9dico le sugiera Onax. PandaPharmacy.com no es responsable de ning\u00fan da\u00f1o o efecto adverso causado por Xanax 3mg.<\/p>\n<p>El abuso de la droga puede resultar en un grado limitado de dependencia f\u00edsica o psicol\u00f3gica en comparaci\u00f3n con las drogas del programa 3. Puede obtener barras de Onax de 2 mg en l\u00ednea con nosotros, independientemente del m\u00e9todo de pago. Tambi\u00e9n aceptamos PayPal. Aparte de PayPal, los giros postales se pueden utilizar para comprar barras de 2 mg de Onax. Tenga en cuenta que este medicamento es extremadamente da\u00f1ino y puede provocar adicci\u00f3n. Nuestro Onax ser\u00eda de grado superior. Por favor, lea nuestro \u00ab\u00bb para obtener la mayor\u00eda de las soluciones a las preguntas que han surgido en su cabeza.<\/p>\n<p>\u00bfQu\u00e9 es Onax? Comprar Onax en l\u00ednea<\/p>\n<p>Las barras de 2 mg de Onax (Alprazolam) son bien conocidas por sus propiedades sedantes. Se utiliza para tratar la privaci\u00f3n del sue\u00f1o en cualquier momento del d\u00eda o de la noche. Xanax XR es una benzodiazepina que se usa para tratar la ansiedad, el trastorno de p\u00e1nico y la depresi\u00f3n. Si nos compra barras de Onax de 2 mg, aseg\u00farese de que realmente las necesite y de que su m\u00e9dico apruebe Onax. PandaPharmacy.com no es responsable de ning\u00fan da\u00f1o o efecto adverso causado por Xanax 3mg.<\/p>\n<p>El abuso de la droga puede resultar en un grado limitado de dependencia f\u00edsica o psicol\u00f3gica en comparaci\u00f3n con las drogas del programa 3.<\/p>\n<p>Puede obtener barras de Onax de 2 mg en l\u00ednea con nosotros, independientemente del m\u00e9todo de pago. Tambi\u00e9n aceptamos PayPal. Aparte de PayPal, los giros postales se pueden utilizar para comprar barras de 2 mg de Onax. Tenga en cuenta que este medicamento es extremadamente da\u00f1ino y puede provocar adicci\u00f3n. Nuestro Onax ser\u00eda de grado superior. Lea nuestro \u00bb para obtener respuestas a la mayor\u00eda de las cuestiones que han surgido en sus pensamientos. Orden<\/p>\n","protected":false},"excerpt":{"rendered":"<p>Compra online de Onax Alprazolam 2mg comprimidos. El alprazolam se usa para tratar la ansiedad, el frenes\u00ed y la inquietud asociada con la desdicha. Compra online de Onax 2mg Alprazolam comprimidos&#8221;. Alprazolam 2mg Onax<\/p>\n<p>Onax 2mg barras\/tabletas para comprar<\/p>\n<p>Onax (Alprazolam) se usa para tratar la ansiedad, los ataques de p\u00e1nico, el insomnio (dificultad para dormir) y la ansiedad asociada con la depresi\u00f3n.<\/p>\n<p>Puede comprarnos Onax 2 mg en l\u00ednea; nuestras pastillas Onax 2mg son de la m\u00e1s alta calidad. Onax 2mg es el nombre oficial del medicamento. Estas pastillas se enviar\u00e1n de forma discreta.<\/p>\n<p>Comprar Onax 2mg barritas (Alprazolam), conocido por su efecto sedante. Se utiliza para combatir la privaci\u00f3n del sue\u00f1o en cualquier momento del d\u00eda o de la noche.<\/p>\n","protected":false},"featured_media":5278,"comment_status":"open","ping_status":"closed","template":"","meta":[],"product_brand":[],"product_cat":[1117],"product_tag":[1520,1534,1537,1538,1535,1553,1562,1549,1521,1522,1523,1524,1541,1548,1530,1531,1525,1526,1527,1528,1529,1532,1533,1536,1540,1542,1543,1558,1544,1545,1547,1550,1552,1557,1551,1559,1546,1554,1560,1555,1556,1539,1561],"class_list":{"0":"post-5262","1":"product","2":"type-product","3":"status-publish","4":"has-post-thumbnail","6":"product_cat-compre-pastillas-para-el-dolor-el-sueno-y-el-sexo","7":"product_tag-are-onax-bars-good","8":"product_tag-onax-2mg-barra","9":"product_tag-onax-bars","10":"product_tag-onax-bars-3mg","11":"product_tag-onax-2mg-barras","12":"product_tag-barritas-onax-xanax","13":"product_tag-xanax-bars-onax","14":"product_tag-onax-vlack-kitchenaid-batidora","15":"product_tag-comprar-onax","16":"product_tag-comprar-onax-2mg","17":"product_tag-comprar-onax-online","18":"product_tag-dj-onax","19":"product_tag-onax-dolor-de-cabeza","20":"product_tag-estatuas-onax","21":"product_tag-onax-2-pldora-id","22":"product_tag-onax-2-pldora-identificador","23":"product_tag-pastilla-larga-blanca-onax","24":"product_tag-ocean-farmaceuticos-onax","25":"product_tag-nax","26":"product_tag-onax-2","27":"product_tag-onax-2-barras","28":"product_tag-onax-2-pastilla-blanca","29":"product_tag-onax-2mg","30":"product_tag-onax-ag-it-soluciones","31":"product_tag-onax-dr-germantown","32":"product_tag-onax-llc","33":"product_tag-onax-orv-park-mojave-ca-fotos","34":"product_tag-pastilla-blanca-onax","35":"product_tag-onax-pc-ames","36":"product_tag-onax-pex","37":"product_tag-onax-punta-cana","38":"product_tag-onax-vs-xanax","39":"product_tag-onax-xanax","40":"product_tag-barra-blanca-pastilla-onax","41":"product_tag-onax-blanco-pastilla","42":"product_tag-pastilla-blanca-onax-2","43":"product_tag-onax-pldora","44":"product_tag-pastilla-onax-2","45":"product_tag-pastilla-rectngulo-blanco-onax-2","46":"product_tag-reddit-onax","47":"product_tag-reddit-onax-para-tu-nariz","48":"product_tag-barras-onax-en-venta","49":"product_tag-xanax-2mg-onax","51":"first","52":"instock","53":"shipping-taxable","54":"purchasable","55":"product-type-variable","56":"has-default-attributes"},"yoast_head":"<!-- This site is optimized with the Yoast SEO plugin v27.3 - https:\/\/yoast.com\/product\/yoast-seo-wordpress\/ -->\n<title>Comprar Onax 2mg Alprazolam pastillas - Best Best Global Meds<\/title>\n<meta name=\"description\" content=\"compre barras\/tabletas de 2 mg de onax:\u00a0Onax\u00a0(Alprazolam) trata la ansiedad, el trastorno de p\u00e1nico, el insomnio (problemas para dormir) y la ansiedad causada por la depresi\u00f3n.\" \/>\n<meta name=\"robots\" content=\"index, follow, max-snippet:-1, max-image-preview:large, max-video-preview:-1\" \/>\n<link rel=\"canonical\" href=\"https:\/\/medicinasinc.com\/es\/product\/comprar-onax-2mg-alprazolam\/\" \/>\n<meta property=\"og:locale\" content=\"es_ES\" \/>\n<meta property=\"og:type\" content=\"article\" \/>\n<meta property=\"og:title\" content=\"Comprar Onax 2mg Alprazolam pastillas - Best Best Global Meds\" \/>\n<meta property=\"og:description\" content=\"compre barras\/tabletas de 2 mg de onax:\u00a0Onax\u00a0(Alprazolam) trata la ansiedad, el trastorno de p\u00e1nico, el insomnio (problemas para dormir) y la ansiedad causada por la depresi\u00f3n.\" \/>\n<meta property=\"og:url\" content=\"https:\/\/medicinasinc.com\/es\/product\/comprar-onax-2mg-alprazolam\/\" \/>\n<meta property=\"og:site_name\" content=\"Medicinas Inc\" \/>\n<meta property=\"article:modified_time\" content=\"2022-03-22T00:52:13+00:00\" \/>\n<meta property=\"og:image\" content=\"https:\/\/medicinasinc.com\/es\/wp-content\/uploads\/sites\/15\/2022\/02\/Buy-Onax-2mg.jpg\" \/>\n\t<meta property=\"og:image:width\" content=\"400\" \/>\n\t<meta property=\"og:image:height\" content=\"300\" \/>\n\t<meta property=\"og:image:type\" content=\"image\/jpeg\" \/>\n<meta name=\"twitter:card\" content=\"summary_large_image\" \/>\n<meta name=\"twitter:label1\" content=\"Tiempo de lectura\" \/>\n\t<meta name=\"twitter:data1\" content=\"2 minutos\" \/>\n<script type=\"application\/ld+json\" class=\"yoast-schema-graph\">{\"@context\":\"https:\\\/\\\/schema.org\",\"@graph\":[{\"@type\":\"WebPage\",\"@id\":\"https:\\\/\\\/medicinasinc.com\\\/es\\\/product\\\/comprar-onax-2mg-alprazolam\\\/\",\"url\":\"https:\\\/\\\/medicinasinc.com\\\/es\\\/product\\\/comprar-onax-2mg-alprazolam\\\/\",\"name\":\"Comprar Onax 2mg Alprazolam pastillas - Best Best Global Meds\",\"isPartOf\":{\"@id\":\"https:\\\/\\\/medicinasinc.com\\\/es\\\/#website\"},\"primaryImageOfPage\":{\"@id\":\"https:\\\/\\\/medicinasinc.com\\\/es\\\/product\\\/comprar-onax-2mg-alprazolam\\\/#primaryimage\"},\"image\":{\"@id\":\"https:\\\/\\\/medicinasinc.com\\\/es\\\/product\\\/comprar-onax-2mg-alprazolam\\\/#primaryimage\"},\"thumbnailUrl\":\"https:\\\/\\\/medicinasinc.com\\\/es\\\/wp-content\\\/uploads\\\/sites\\\/15\\\/2022\\\/02\\\/Buy-Onax-2mg.jpg\",\"datePublished\":\"2022-02-20T22:49:49+00:00\",\"dateModified\":\"2022-03-22T00:52:13+00:00\",\"description\":\"compre barras\\\/tabletas de 2 mg de onax:\u00a0Onax\u00a0(Alprazolam) trata la ansiedad, el trastorno de p\u00e1nico, el insomnio (problemas para dormir) y la ansiedad causada por la depresi\u00f3n.\",\"breadcrumb\":{\"@id\":\"https:\\\/\\\/medicinasinc.com\\\/es\\\/product\\\/comprar-onax-2mg-alprazolam\\\/#breadcrumb\"},\"inLanguage\":\"es\",\"potentialAction\":[{\"@type\":\"ReadAction\",\"target\":[\"https:\\\/\\\/medicinasinc.com\\\/es\\\/product\\\/comprar-onax-2mg-alprazolam\\\/\"]}]},{\"@type\":\"ImageObject\",\"inLanguage\":\"es\",\"@id\":\"https:\\\/\\\/medicinasinc.com\\\/es\\\/product\\\/comprar-onax-2mg-alprazolam\\\/#primaryimage\",\"url\":\"https:\\\/\\\/medicinasinc.com\\\/es\\\/wp-content\\\/uploads\\\/sites\\\/15\\\/2022\\\/02\\\/Buy-Onax-2mg.jpg\",\"contentUrl\":\"https:\\\/\\\/medicinasinc.com\\\/es\\\/wp-content\\\/uploads\\\/sites\\\/15\\\/2022\\\/02\\\/Buy-Onax-2mg.jpg\",\"width\":400,\"height\":300},{\"@type\":\"BreadcrumbList\",\"@id\":\"https:\\\/\\\/medicinasinc.com\\\/es\\\/product\\\/comprar-onax-2mg-alprazolam\\\/#breadcrumb\",\"itemListElement\":[{\"@type\":\"ListItem\",\"position\":1,\"name\":\"Tienda\",\"item\":\"https:\\\/\\\/medicinasinc.com\\\/es\\\/tienda\\\/\"},{\"@type\":\"ListItem\",\"position\":2,\"name\":\"Comprar Onax 2mg Alprazolam\"}]},{\"@type\":\"WebSite\",\"@id\":\"https:\\\/\\\/medicinasinc.com\\\/es\\\/#website\",\"url\":\"https:\\\/\\\/medicinasinc.com\\\/es\\\/\",\"name\":\"Medicinas Inc\",\"description\":\"Cl\u00ednica M\u00e9dica de Salud\",\"potentialAction\":[{\"@type\":\"SearchAction\",\"target\":{\"@type\":\"EntryPoint\",\"urlTemplate\":\"https:\\\/\\\/medicinasinc.com\\\/es\\\/?s={search_term_string}\"},\"query-input\":{\"@type\":\"PropertyValueSpecification\",\"valueRequired\":true,\"valueName\":\"search_term_string\"}}],\"inLanguage\":\"es\"}]}<\/script>\n<!-- \/ Yoast SEO plugin. -->","yoast_head_json":{"title":"Comprar Onax 2mg Alprazolam pastillas - Best Best Global Meds","description":"compre barras\/tabletas de 2 mg de onax:\u00a0Onax\u00a0(Alprazolam) trata la ansiedad, el trastorno de p\u00e1nico, el insomnio (problemas para dormir) y la ansiedad causada por la depresi\u00f3n.","robots":{"index":"index","follow":"follow","max-snippet":"max-snippet:-1","max-image-preview":"max-image-preview:large","max-video-preview":"max-video-preview:-1"},"canonical":"https:\/\/medicinasinc.com\/es\/product\/comprar-onax-2mg-alprazolam\/","og_locale":"es_ES","og_type":"article","og_title":"Comprar Onax 2mg Alprazolam pastillas - Best Best Global Meds","og_description":"compre barras\/tabletas de 2 mg de onax:\u00a0Onax\u00a0(Alprazolam) trata la ansiedad, el trastorno de p\u00e1nico, el insomnio (problemas para dormir) y la ansiedad causada por la depresi\u00f3n.","og_url":"https:\/\/medicinasinc.com\/es\/product\/comprar-onax-2mg-alprazolam\/","og_site_name":"Medicinas Inc","article_modified_time":"2022-03-22T00:52:13+00:00","og_image":[{"width":400,"height":300,"url":"https:\/\/medicinasinc.com\/es\/wp-content\/uploads\/sites\/15\/2022\/02\/Buy-Onax-2mg.jpg","type":"image\/jpeg"}],"twitter_card":"summary_large_image","twitter_misc":{"Tiempo de lectura":"2 minutos"},"schema":{"@context":"https:\/\/schema.org","@graph":[{"@type":"WebPage","@id":"https:\/\/medicinasinc.com\/es\/product\/comprar-onax-2mg-alprazolam\/","url":"https:\/\/medicinasinc.com\/es\/product\/comprar-onax-2mg-alprazolam\/","name":"Comprar Onax 2mg Alprazolam pastillas - Best Best Global Meds","isPartOf":{"@id":"https:\/\/medicinasinc.com\/es\/#website"},"primaryImageOfPage":{"@id":"https:\/\/medicinasinc.com\/es\/product\/comprar-onax-2mg-alprazolam\/#primaryimage"},"image":{"@id":"https:\/\/medicinasinc.com\/es\/product\/comprar-onax-2mg-alprazolam\/#primaryimage"},"thumbnailUrl":"https:\/\/medicinasinc.com\/es\/wp-content\/uploads\/sites\/15\/2022\/02\/Buy-Onax-2mg.jpg","datePublished":"2022-02-20T22:49:49+00:00","dateModified":"2022-03-22T00:52:13+00:00","description":"compre barras\/tabletas de 2 mg de onax:\u00a0Onax\u00a0(Alprazolam) trata la ansiedad, el trastorno de p\u00e1nico, el insomnio (problemas para dormir) y la ansiedad causada por la depresi\u00f3n.","breadcrumb":{"@id":"https:\/\/medicinasinc.com\/es\/product\/comprar-onax-2mg-alprazolam\/#breadcrumb"},"inLanguage":"es","potentialAction":[{"@type":"ReadAction","target":["https:\/\/medicinasinc.com\/es\/product\/comprar-onax-2mg-alprazolam\/"]}]},{"@type":"ImageObject","inLanguage":"es","@id":"https:\/\/medicinasinc.com\/es\/product\/comprar-onax-2mg-alprazolam\/#primaryimage","url":"https:\/\/medicinasinc.com\/es\/wp-content\/uploads\/sites\/15\/2022\/02\/Buy-Onax-2mg.jpg","contentUrl":"https:\/\/medicinasinc.com\/es\/wp-content\/uploads\/sites\/15\/2022\/02\/Buy-Onax-2mg.jpg","width":400,"height":300},{"@type":"BreadcrumbList","@id":"https:\/\/medicinasinc.com\/es\/product\/comprar-onax-2mg-alprazolam\/#breadcrumb","itemListElement":[{"@type":"ListItem","position":1,"name":"Tienda","item":"https:\/\/medicinasinc.com\/es\/tienda\/"},{"@type":"ListItem","position":2,"name":"Comprar Onax 2mg Alprazolam"}]},{"@type":"WebSite","@id":"https:\/\/medicinasinc.com\/es\/#website","url":"https:\/\/medicinasinc.com\/es\/","name":"Medicinas Inc","description":"Cl\u00ednica M\u00e9dica de Salud","potentialAction":[{"@type":"SearchAction","target":{"@type":"EntryPoint","urlTemplate":"https:\/\/medicinasinc.com\/es\/?s={search_term_string}"},"query-input":{"@type":"PropertyValueSpecification","valueRequired":true,"valueName":"search_term_string"}}],"inLanguage":"es"}]}},"_links":{"self":[{"href":"https:\/\/medicinasinc.com\/es\/wp-json\/wp\/v2\/product\/5262","targetHints":{"allow":["GET"]}}],"collection":[{"href":"https:\/\/medicinasinc.com\/es\/wp-json\/wp\/v2\/product"}],"about":[{"href":"https:\/\/medicinasinc.com\/es\/wp-json\/wp\/v2\/types\/product"}],"replies":[{"embeddable":true,"href":"https:\/\/medicinasinc.com\/es\/wp-json\/wp\/v2\/comments?post=5262"}],"wp:featuredmedia":[{"embeddable":true,"href":"https:\/\/medicinasinc.com\/es\/wp-json\/wp\/v2\/media\/5278"}],"wp:attachment":[{"href":"https:\/\/medicinasinc.com\/es\/wp-json\/wp\/v2\/media?parent=5262"}],"wp:term":[{"taxonomy":"product_brand","embeddable":true,"href":"https:\/\/medicinasinc.com\/es\/wp-json\/wp\/v2\/product_brand?post=5262"},{"taxonomy":"product_cat","embeddable":true,"href":"https:\/\/medicinasinc.com\/es\/wp-json\/wp\/v2\/product_cat?post=5262"},{"taxonomy":"product_tag","embeddable":true,"href":"https:\/\/medicinasinc.com\/es\/wp-json\/wp\/v2\/product_tag?post=5262"}],"curies":[{"name":"wp","href":"https:\/\/api.w.org\/{rel}","templated":true}]}}