{"id":5239,"date":"2022-02-20T22:28:45","date_gmt":"2022-02-20T22:28:45","guid":{"rendered":"https:\/\/medicinasinc.com\/es\/?post_type=product&#038;p=5239"},"modified":"2022-03-22T00:52:26","modified_gmt":"2022-03-22T00:52:26","slug":"comprar-magnus-mr-morphine-30mg-online","status":"publish","type":"product","link":"https:\/\/medicinasinc.com\/es\/product\/comprar-magnus-mr-morphine-30mg-online\/","title":{"rendered":"Comprar Magnus MR Morfina 30 mg en l\u00ednea"},"content":{"rendered":"<div id=\"productDescription\" class=\"productGenerallargerText\">\n<p>Magnus MR Morphine 30 mg compre en l\u00ednea<br \/> Magnus MR (sulfato de morfina) c\u00e1psula de 30 mg Compre Magnus MR (sulfato de morfina) c\u00e1psula de 30 mg de forma segura en l\u00ednea<\/p>\n<p>Magnus MR (sulfato de morfina) c\u00e1psula de 30 mg &#8211; Pedido sin receta &#8211; Entrega al d\u00eda siguiente<\/p>\n<p>Magnus MR (sulfato de morfina) 30 mg a la venta en los Estados Unidos de Am\u00e9rica &#8211; Farmacia confiable del dolor<\/p>\n<p>Magnus MR a la venta (sulfato de morfina) 30 mg en l\u00ednea a los precios m\u00e1s bajos en EUROPA &amp; AM\u00c9RICA<\/p>\n<p>D\u00f3nde y c\u00f3mo comprar de forma segura Magnus MR (sulfato de morfina) 30 mg en l\u00ednea hoy mismo<\/p>\n<p>1. Rhotard Morphine SR 30mg Comprimidos Morphgesic SR 30mg Comprimidos a la venta<\/p>\n<p>2. Composici\u00f3n en t\u00e9rminos cualitativos y cuantitativos<br \/> Morphgesic SR 30 mg Comprimidos\/Rhotard Morphine SR 30 mg Comprimidos<br \/> Cada comprimido contiene 30 mg de sulfato de morfina.<br \/> Excipientes con un efecto bien definido:<br \/> Glucosa (63.000 mg por comprimido).<\/p>\n<p>3. Formulaci\u00f3n farmacol\u00f3gica<br \/> Comprimidos de liberaci\u00f3n controlada<br \/> Cada comprimido de 30 mg es un comprimido redondo biconvexo recubierto con pel\u00edcula de color violeta.<\/p>\n<p>4. Caracter\u00edsticas cl\u00ednicas<br \/> 4.1 Indicaciones de uso<br \/> Los comprimidos de Rhotard Morphine SR \/ Morphgesic SR est\u00e1n indicados en adultos para el tratamiento del dolor intenso durante un per\u00edodo de tiempo prolongado.<\/p>\n<p>4.2 Posolog\u00eda y t\u00e9cnica de administraci\u00f3n <br \/> Posolog\u00eda Poblaci\u00f3n infantil<br \/> No se recomienda el uso de comprimidos Rhotard Morphine SR \/ Morphgesic SR en ni\u00f1os.<\/p>\n<p>Adultos: la posolog\u00eda est\u00e1 determinada por la intensidad del dolor y la historia previa del paciente del uso de analg\u00e9sicos. Por lo general, las tabletas deben tomarse dos veces al d\u00eda a intervalos de 12 horas. Para pacientes con dolor intenso, est\u00e1 indicada una dosis inicial de uno o dos comprimidos de 10 mg (10 mg) dos veces al d\u00eda. Se recomienda que a medida que aumenta la severidad del dolor, se incremente la dosis de morfina para obtener el alivio deseado. La dosis se puede ajustar combinando tabletas de diferentes concentraciones (10, 30, 60 y 100 mg) o utilizando tabletas de mayor concentraci\u00f3n solas.<br \/> Se sugiere que los pacientes que han cambiado de otra preparaci\u00f3n oral de morfina con una biodisponibilidad comparable a la morfina l\u00edquida oral, obtenga la misma dosis total de morfina en un per\u00edodo de 24 horas. Esta dosis completa debe dividirse por la mitad y administrarse por la ma\u00f1ana y por la noche. Puede ser necesaria la titulaci\u00f3n de la dosis y el examen cl\u00ednico.<br \/> Si un paciente recibi\u00f3 morfina parenteral antes de cambiar a las tabletas Rhotard Morphine SR\/Morphgesic SR, puede ser necesaria una dosis mayor de morfina. Se requerir\u00e1n ajustes de dosis individuales para compensar cualquier p\u00e9rdida de eficacia analg\u00e9sica debido a la administraci\u00f3n oral.<br \/> No se recomienda administrar las p\u00edldoras Rhotard Morphine SR\/Morphgesic SR dentro de las primeras 24 horas posteriores a la cirug\u00eda para aliviar el dolor posoperatorio. Despu\u00e9s de este per\u00edodo inicial, la dosificaci\u00f3n debe ser determinada por el m\u00e9dico.<br \/> En algunos pacientes se puede requerir morfina parenteral suplementaria, lo cual es completamente apropiado. Sin embargo, se debe tener precauci\u00f3n con respecto a la dosis total de morfina, as\u00ed como a los efectos retardados de la morfina en la formulaci\u00f3n de Rhotard Morphine SR\/Morphgesic SR.<br \/> Las tabletas de Rhotard Morphine SR\/Morphgesic SR deben usarse con precauci\u00f3n despu\u00e9s de la operaci\u00f3n (como con todos preparados de morfina), pero especialmente despu\u00e9s de una cirug\u00eda abdominal.<br \/> La motilidad del est\u00f3mago debe haberse reanudado y debe mantenerse.<\/p>\n<p>T\u00e9cnica de administraci\u00f3n<br \/> Los comprimidos orales Rhotard Morphine SR \/ Morphgesic SR no deben masticado.<\/p>\n<p>5.1 Propiedades farmacodin\u00e1micas<br \/> Grupo de agentes farmacoterap\u00e9uticos: Opioides<br \/> N02A es el c\u00f3digo ATC.<\/p>\n<p>Mecanismo de eficacia<br \/> MAGNUS MR SULFATE ER 30 MG funciona como un agonista en los receptores opi\u00e1ceos del sistema nervioso central, principalmente los receptores Mu y, en menor medida, los receptores Kappa. Se supone que la analgesia supraespinal, la depresi\u00f3n respiratoria y la euforia est\u00e1n mediadas por los receptores Mu, mientras que la analgesia espinal, la miosis y la sedaci\u00f3n est\u00e1n mediadas por los receptores Kappa.<\/p>\n<p>Sistema nervioso central: los principales efectos terap\u00e9uticos de la morfina son la analgesia y la somnolencia (es decir, somnolencia y ansiolisis). MAGNUS MR SULFATE ER 30 MG ejerce un efecto sedante sobre los centros respiratorios del tronco encef\u00e1lico. La morfina act\u00faa directamente sobre el centro de la tos en la m\u00e9dula, suprimiendo el reflejo de la tos. Los efectos antitusivos son posibles a dosis m\u00e1s bajas que las requeridas para la analgesia. La morfina induce miosis en completa oscuridad. Si bien las pupilas puntiformes son indicativas de una sobredosis de opioides, no son diagn\u00f3sticas (p. ej., las lesiones pontinas de origen hemorr\u00e1gico o isqu\u00e9mico pueden producir hallazgos similares). La hipoxia puede manifestarse como midriasis marcada en lugar de miosis en el contexto de una sobredosis de morfina.<\/p>\n<p>MAGNUS MR SULFATE ER 30 MG y analg\u00e9sicos similares tienen el potencial de causar dependencia f\u00edsica y psicol\u00f3gica y deben usarse con precauci\u00f3n. Adem\u00e1s, se puede desarrollar tolerancia.<\/p>\n<p>M\u00fasculos lisos del tracto gastrointestinal y otros m\u00fasculos lisos<br \/> MAGNUS MR SULFATE ER 30 MG inhibe la motilidad al aumentar el tono del m\u00fasculo liso en el est\u00f3mago y el antro duodenal. La digesti\u00f3n de los alimentos se ralentiza en el intestino delgado y se reducen las contracciones de propulsi\u00f3n. El estre\u00f1imiento es causado por una disminuci\u00f3n de las ondas perist\u00e1lticas de propulsi\u00f3n en el colon y un aumento del tono hasta el punto de espasmo. La morfina, en general, eleva el tono del m\u00fasculo liso, particularmente en los esf\u00ednteres del sistema gastrointestinal y biliar. La morfina puede causar espasmos en el esf\u00ednter de Oddi, lo que aumenta la presi\u00f3n intrabiliar.<\/p>\n<p>MAGNUS MR SULFATE ER 30 MG puede provocar la liberaci\u00f3n de histamina con o sin vasodilataci\u00f3n perif\u00e9rica acompa\u00f1ante. Prurito, enrojecimiento de los ojos, sudoraci\u00f3n y\/o hipotensi\u00f3n ortost\u00e1tica son signos de liberaci\u00f3n de histamina y\/o vasodilataci\u00f3n perif\u00e9rica.<\/p>\n<p>Endocrinolog\u00eda<br \/> Se ha demostrado que los opioides tienen un efecto sobre el hipot\u00e1lamo- ejes pituitario-adrenal o -gonadal. Se pueden observar varias alteraciones, incluido un aumento de la prolactina s\u00e9rica y una disminuci\u00f3n del cortisol y la testosterona plasm\u00e1ticos en presencia de niveles anormalmente bajos o normales de ACTH, LH o FSH. Ciertas mujeres premenop\u00e1usicas pueden tener niveles insuficientes de estr\u00f3geno. Estas alteraciones hormonales pueden producir signos cl\u00ednicos.<\/p>\n<p>Consecuencias farmacol\u00f3gicas adicionales<br \/> La investigaci\u00f3n in vitro y en animales revela que los opioides naturales, como la morfina, tienen una variedad de efectos sobre los componentes del sistema inmunitario; sin embargo, la relevancia cl\u00ednica de estos hallazgos es incierta.<\/p>\n<p>Est\u00e1n disponibles modos de administraci\u00f3n oral, subcut\u00e1neo, intramuscular, intravenoso, intraespinal y rectal. Las dosis parenterales se pueden administrar como inyecciones intermitentes o como infusiones continuas o intermitentes, seg\u00fan los requisitos analg\u00e9sicos del paciente.<\/p>\n<p>USOS<br \/> Este medicamento se usa para ayudar a aliviar el dolor intenso y persistente (como como debido al c\u00e1ncer). La morfina se clasifica como un analg\u00e9sico opioide (narc\u00f3tico). Funciona alterando la forma en que su cuerpo percibe y responde al dolor en el cerebro.<\/p>\n<p>Las dosis m\u00e1s altas de este medicamento (100 mg o m\u00e1s por tableta) deben usarse solo si ha estado tomando dosis moderadas a altas. de analg\u00e9sicos opi\u00e1ceos de forma regular. Estas potencias pueden provocar una sobredosis (y tal vez la muerte) si las toma una persona que no ha estado usando opioides de manera constante.<\/p>\n<p>Evite usar morfina de liberaci\u00f3n prolongada para tratar el dolor moderado o que se resolver\u00e1 en un Pocos di\u00e1s. Este medicamento no est\u00e1 dise\u00f1ado para usarse \u00abseg\u00fan se requiera\u00bb.<\/p>\n<p>MAGNUS MR SULFATE ER 30 MG TABLET INSTRUCCIONES DE USO<\/p>\n<p>Antes de comenzar a usar morfina y cada vez que reciba una recarga, lea la Gu\u00eda del medicamento emitida por su farmac\u00e9utico. Consulte a su m\u00e9dico o farmac\u00e9utico si tiene alguna duda.<\/p>\n<p>Tome este medicamento regularmente, no cuando sea necesario para el dolor intenso (irruptivo), seg\u00fan lo recomendado por su m\u00e9dico. Tome este medicamento con o sin comidas, generalmente cada 8 a 12 horas, seg\u00fan las indicaciones de su m\u00e9dico. Ciertas marcas deben tomarse solo una vez cada 12 horas. Si experimenta n\u00e1useas, puede ser beneficioso tomar este medicamento con las comidas. Consulte a su m\u00e9dico o farmac\u00e9utico acerca de otras estrategias para aliviar las n\u00e1useas (como acostarse durante 1 a 2 horas con el menor movimiento posible de la cabeza). Consulte a su m\u00e9dico si las n\u00e1useas persisten.<\/p>\n<p>Consumir los comprimidos enteros. La tableta no debe romperse, triturarse, masticarse ni disolverse. Esto puede resultar en la liberaci\u00f3n completa de la droga, aumentando el peligro de sobredosis de morfina.<\/p>\n<p>La dosis est\u00e1 determinada por su historial m\u00e9dico y su reacci\u00f3n al tratamiento. No aumente su dosis ni tome este medicamento con m\u00e1s frecuencia o por un per\u00edodo de tiempo m\u00e1s prolongado de lo sugerido, ya que su riesgo de experimentar efectos secundarios puede aumentar. Cuando se lo indiquen, suspenda el medicamento correctamente.<\/p>\n<p>Si suspende abruptamente el uso de este medicamento, puede experimentar s\u00edntomas de abstinencia (como inquietud, ojos llorosos, secreci\u00f3n nasal, n\u00e1useas, sudoraci\u00f3n, dolores musculares). Para ayudar a evitar la abstinencia, su m\u00e9dico puede disminuir gradualmente su dosis. Es m\u00e1s probable que ocurran s\u00edntomas de abstinencia si ha tomado morfina durante un per\u00edodo prolongado o en dosis altas. Informe a su m\u00e9dico o farmac\u00e9utico inmediatamente si tiene s\u00edntomas de abstinencia.<\/p>\n<p>Cuando este medicamento se usa durante un per\u00edodo prolongado, puede perder su eficacia. Consulte a su m\u00e9dico si este medicamento deja de funcionar correctamente.<\/p>\n<p>Si bien este medicamento beneficia a una gran cantidad de personas, ocasionalmente puede provocar adicci\u00f3n. Este riesgo puede aumentar si tiene un trastorno por uso de sustancias (como el uso excesivo de drogas o alcohol o la adicci\u00f3n). Para minimizar el peligro de adicci\u00f3n, use este medicamento exactamente como se indica. Consulte a su m\u00e9dico o farmac\u00e9utico para obtener informaci\u00f3n adicional.<\/p>\n<\/p><\/div>\n<div class=\"product-next-previous\">\n<div class=\"product-prev\"><\/div><\/div>\n","protected":false},"excerpt":{"rendered":"<div class=\"woocommerce-product-details__short-description\">\n<p>Magnus MR Morphine 30 mg est\u00e1 disponible para comprar en l\u00ednea. La morfina funciona como un analg\u00e9sico opioide al actuar como un agonista en los receptores opioides saturables en el SNC y otros \u00f3rganos.<\/p>\n<p>Las p\u00edldoras Magnus MR (sulfato de morfina) de 30 mg est\u00e1n disponibles sin receta en l\u00ednea (sin receta). Morphine 30mg a la venta en el Reino Unido y Europa<\/p>\n<\/p><\/div>\n","protected":false},"featured_media":5258,"comment_status":"closed","ping_status":"closed","template":"","meta":[],"product_brand":[],"product_cat":[1117],"product_tag":[1514,1516,1517,1515,1518,1519],"class_list":{"0":"post-5239","1":"product","2":"type-product","3":"status-publish","4":"has-post-thumbnail","6":"product_cat-compre-pastillas-para-el-dolor-el-sueno-y-el-sexo","7":"product_tag-comprar-magnus-mr-30mg-morfina-sulfato","8":"product_tag-magnus-mr-morphine-sulphate-street-price","9":"product_tag-magnus-mr-morphine-sulphate-street-price-for-bottle","10":"product_tag-magnus-mr-morfina-sulfato-30mg","11":"product_tag-magnus-mr-30-mg-morphine-sulphate","12":"product_tag-magnus-mr-morfina-30mg","14":"first","15":"instock","16":"shipping-taxable","17":"purchasable","18":"product-type-variable"},"yoast_head":"<!-- This site is optimized with the Yoast SEO plugin v27.3 - https:\/\/yoast.com\/product\/yoast-seo-wordpress\/ -->\n<title>Compre Magnus MR Morphine 30mg - Best Best Global Meds<\/title>\n<meta name=\"description\" content=\"Puede comprar Magnus MR (sulfato de morfina) c\u00e1psulas de 30 mg en l\u00ednea sin receta (sin receta). Morphine 30mg a la venta Reino Unido, Europa\" \/>\n<meta name=\"robots\" content=\"index, follow, max-snippet:-1, max-image-preview:large, max-video-preview:-1\" \/>\n<link rel=\"canonical\" href=\"https:\/\/medicinasinc.com\/es\/product\/comprar-magnus-mr-morphine-30mg-online\/\" \/>\n<meta property=\"og:locale\" content=\"es_ES\" \/>\n<meta property=\"og:type\" content=\"article\" \/>\n<meta property=\"og:title\" content=\"Compre Magnus MR Morphine 30mg - Best Best Global Meds\" \/>\n<meta property=\"og:description\" content=\"Puede comprar Magnus MR (sulfato de morfina) c\u00e1psulas de 30 mg en l\u00ednea sin receta (sin receta). Morphine 30mg a la venta Reino Unido, Europa\" \/>\n<meta property=\"og:url\" content=\"https:\/\/medicinasinc.com\/es\/product\/comprar-magnus-mr-morphine-30mg-online\/\" \/>\n<meta property=\"og:site_name\" content=\"Medicinas Inc\" \/>\n<meta property=\"article:modified_time\" content=\"2022-03-22T00:52:26+00:00\" \/>\n<meta property=\"og:image\" content=\"https:\/\/medicinasinc.com\/es\/wp-content\/uploads\/sites\/15\/2022\/02\/Buy-Magnus-MR-Morphine-30mg.jpg\" \/>\n\t<meta property=\"og:image:width\" content=\"600\" \/>\n\t<meta property=\"og:image:height\" content=\"600\" \/>\n\t<meta property=\"og:image:type\" content=\"image\/jpeg\" \/>\n<meta name=\"twitter:card\" content=\"summary_large_image\" \/>\n<meta name=\"twitter:label1\" content=\"Tiempo de lectura\" \/>\n\t<meta name=\"twitter:data1\" content=\"7 minutos\" \/>\n<script type=\"application\/ld+json\" class=\"yoast-schema-graph\">{\"@context\":\"https:\\\/\\\/schema.org\",\"@graph\":[{\"@type\":\"WebPage\",\"@id\":\"https:\\\/\\\/medicinasinc.com\\\/es\\\/product\\\/comprar-magnus-mr-morphine-30mg-online\\\/\",\"url\":\"https:\\\/\\\/medicinasinc.com\\\/es\\\/product\\\/comprar-magnus-mr-morphine-30mg-online\\\/\",\"name\":\"Compre Magnus MR Morphine 30mg - Best Best Global Meds\",\"isPartOf\":{\"@id\":\"https:\\\/\\\/medicinasinc.com\\\/es\\\/#website\"},\"primaryImageOfPage\":{\"@id\":\"https:\\\/\\\/medicinasinc.com\\\/es\\\/product\\\/comprar-magnus-mr-morphine-30mg-online\\\/#primaryimage\"},\"image\":{\"@id\":\"https:\\\/\\\/medicinasinc.com\\\/es\\\/product\\\/comprar-magnus-mr-morphine-30mg-online\\\/#primaryimage\"},\"thumbnailUrl\":\"https:\\\/\\\/medicinasinc.com\\\/es\\\/wp-content\\\/uploads\\\/sites\\\/15\\\/2022\\\/02\\\/Buy-Magnus-MR-Morphine-30mg.jpg\",\"datePublished\":\"2022-02-20T22:28:45+00:00\",\"dateModified\":\"2022-03-22T00:52:26+00:00\",\"description\":\"Puede comprar Magnus MR (sulfato de morfina) c\u00e1psulas de 30 mg en l\u00ednea sin receta (sin receta). Morphine 30mg a la venta Reino Unido, Europa\",\"breadcrumb\":{\"@id\":\"https:\\\/\\\/medicinasinc.com\\\/es\\\/product\\\/comprar-magnus-mr-morphine-30mg-online\\\/#breadcrumb\"},\"inLanguage\":\"es\",\"potentialAction\":[{\"@type\":\"ReadAction\",\"target\":[\"https:\\\/\\\/medicinasinc.com\\\/es\\\/product\\\/comprar-magnus-mr-morphine-30mg-online\\\/\"]}]},{\"@type\":\"ImageObject\",\"inLanguage\":\"es\",\"@id\":\"https:\\\/\\\/medicinasinc.com\\\/es\\\/product\\\/comprar-magnus-mr-morphine-30mg-online\\\/#primaryimage\",\"url\":\"https:\\\/\\\/medicinasinc.com\\\/es\\\/wp-content\\\/uploads\\\/sites\\\/15\\\/2022\\\/02\\\/Buy-Magnus-MR-Morphine-30mg.jpg\",\"contentUrl\":\"https:\\\/\\\/medicinasinc.com\\\/es\\\/wp-content\\\/uploads\\\/sites\\\/15\\\/2022\\\/02\\\/Buy-Magnus-MR-Morphine-30mg.jpg\",\"width\":600,\"height\":600},{\"@type\":\"BreadcrumbList\",\"@id\":\"https:\\\/\\\/medicinasinc.com\\\/es\\\/product\\\/comprar-magnus-mr-morphine-30mg-online\\\/#breadcrumb\",\"itemListElement\":[{\"@type\":\"ListItem\",\"position\":1,\"name\":\"Tienda\",\"item\":\"https:\\\/\\\/medicinasinc.com\\\/es\\\/tienda\\\/\"},{\"@type\":\"ListItem\",\"position\":2,\"name\":\"Comprar Magnus MR Morfina 30 mg en l\u00ednea\"}]},{\"@type\":\"WebSite\",\"@id\":\"https:\\\/\\\/medicinasinc.com\\\/es\\\/#website\",\"url\":\"https:\\\/\\\/medicinasinc.com\\\/es\\\/\",\"name\":\"Medicinas Inc\",\"description\":\"Cl\u00ednica M\u00e9dica de Salud\",\"potentialAction\":[{\"@type\":\"SearchAction\",\"target\":{\"@type\":\"EntryPoint\",\"urlTemplate\":\"https:\\\/\\\/medicinasinc.com\\\/es\\\/?s={search_term_string}\"},\"query-input\":{\"@type\":\"PropertyValueSpecification\",\"valueRequired\":true,\"valueName\":\"search_term_string\"}}],\"inLanguage\":\"es\"}]}<\/script>\n<!-- \/ Yoast SEO plugin. -->","yoast_head_json":{"title":"Compre Magnus MR Morphine 30mg - Best Best Global Meds","description":"Puede comprar Magnus MR (sulfato de morfina) c\u00e1psulas de 30 mg en l\u00ednea sin receta (sin receta). Morphine 30mg a la venta Reino Unido, Europa","robots":{"index":"index","follow":"follow","max-snippet":"max-snippet:-1","max-image-preview":"max-image-preview:large","max-video-preview":"max-video-preview:-1"},"canonical":"https:\/\/medicinasinc.com\/es\/product\/comprar-magnus-mr-morphine-30mg-online\/","og_locale":"es_ES","og_type":"article","og_title":"Compre Magnus MR Morphine 30mg - Best Best Global Meds","og_description":"Puede comprar Magnus MR (sulfato de morfina) c\u00e1psulas de 30 mg en l\u00ednea sin receta (sin receta). Morphine 30mg a la venta Reino Unido, Europa","og_url":"https:\/\/medicinasinc.com\/es\/product\/comprar-magnus-mr-morphine-30mg-online\/","og_site_name":"Medicinas Inc","article_modified_time":"2022-03-22T00:52:26+00:00","og_image":[{"width":600,"height":600,"url":"https:\/\/medicinasinc.com\/es\/wp-content\/uploads\/sites\/15\/2022\/02\/Buy-Magnus-MR-Morphine-30mg.jpg","type":"image\/jpeg"}],"twitter_card":"summary_large_image","twitter_misc":{"Tiempo de lectura":"7 minutos"},"schema":{"@context":"https:\/\/schema.org","@graph":[{"@type":"WebPage","@id":"https:\/\/medicinasinc.com\/es\/product\/comprar-magnus-mr-morphine-30mg-online\/","url":"https:\/\/medicinasinc.com\/es\/product\/comprar-magnus-mr-morphine-30mg-online\/","name":"Compre Magnus MR Morphine 30mg - Best Best Global Meds","isPartOf":{"@id":"https:\/\/medicinasinc.com\/es\/#website"},"primaryImageOfPage":{"@id":"https:\/\/medicinasinc.com\/es\/product\/comprar-magnus-mr-morphine-30mg-online\/#primaryimage"},"image":{"@id":"https:\/\/medicinasinc.com\/es\/product\/comprar-magnus-mr-morphine-30mg-online\/#primaryimage"},"thumbnailUrl":"https:\/\/medicinasinc.com\/es\/wp-content\/uploads\/sites\/15\/2022\/02\/Buy-Magnus-MR-Morphine-30mg.jpg","datePublished":"2022-02-20T22:28:45+00:00","dateModified":"2022-03-22T00:52:26+00:00","description":"Puede comprar Magnus MR (sulfato de morfina) c\u00e1psulas de 30 mg en l\u00ednea sin receta (sin receta). Morphine 30mg a la venta Reino Unido, Europa","breadcrumb":{"@id":"https:\/\/medicinasinc.com\/es\/product\/comprar-magnus-mr-morphine-30mg-online\/#breadcrumb"},"inLanguage":"es","potentialAction":[{"@type":"ReadAction","target":["https:\/\/medicinasinc.com\/es\/product\/comprar-magnus-mr-morphine-30mg-online\/"]}]},{"@type":"ImageObject","inLanguage":"es","@id":"https:\/\/medicinasinc.com\/es\/product\/comprar-magnus-mr-morphine-30mg-online\/#primaryimage","url":"https:\/\/medicinasinc.com\/es\/wp-content\/uploads\/sites\/15\/2022\/02\/Buy-Magnus-MR-Morphine-30mg.jpg","contentUrl":"https:\/\/medicinasinc.com\/es\/wp-content\/uploads\/sites\/15\/2022\/02\/Buy-Magnus-MR-Morphine-30mg.jpg","width":600,"height":600},{"@type":"BreadcrumbList","@id":"https:\/\/medicinasinc.com\/es\/product\/comprar-magnus-mr-morphine-30mg-online\/#breadcrumb","itemListElement":[{"@type":"ListItem","position":1,"name":"Tienda","item":"https:\/\/medicinasinc.com\/es\/tienda\/"},{"@type":"ListItem","position":2,"name":"Comprar Magnus MR Morfina 30 mg en l\u00ednea"}]},{"@type":"WebSite","@id":"https:\/\/medicinasinc.com\/es\/#website","url":"https:\/\/medicinasinc.com\/es\/","name":"Medicinas Inc","description":"Cl\u00ednica M\u00e9dica de Salud","potentialAction":[{"@type":"SearchAction","target":{"@type":"EntryPoint","urlTemplate":"https:\/\/medicinasinc.com\/es\/?s={search_term_string}"},"query-input":{"@type":"PropertyValueSpecification","valueRequired":true,"valueName":"search_term_string"}}],"inLanguage":"es"}]}},"_links":{"self":[{"href":"https:\/\/medicinasinc.com\/es\/wp-json\/wp\/v2\/product\/5239","targetHints":{"allow":["GET"]}}],"collection":[{"href":"https:\/\/medicinasinc.com\/es\/wp-json\/wp\/v2\/product"}],"about":[{"href":"https:\/\/medicinasinc.com\/es\/wp-json\/wp\/v2\/types\/product"}],"replies":[{"embeddable":true,"href":"https:\/\/medicinasinc.com\/es\/wp-json\/wp\/v2\/comments?post=5239"}],"wp:featuredmedia":[{"embeddable":true,"href":"https:\/\/medicinasinc.com\/es\/wp-json\/wp\/v2\/media\/5258"}],"wp:attachment":[{"href":"https:\/\/medicinasinc.com\/es\/wp-json\/wp\/v2\/media?parent=5239"}],"wp:term":[{"taxonomy":"product_brand","embeddable":true,"href":"https:\/\/medicinasinc.com\/es\/wp-json\/wp\/v2\/product_brand?post=5239"},{"taxonomy":"product_cat","embeddable":true,"href":"https:\/\/medicinasinc.com\/es\/wp-json\/wp\/v2\/product_cat?post=5239"},{"taxonomy":"product_tag","embeddable":true,"href":"https:\/\/medicinasinc.com\/es\/wp-json\/wp\/v2\/product_tag?post=5239"}],"curies":[{"name":"wp","href":"https:\/\/api.w.org\/{rel}","templated":true}]}}